{"id":9441,"date":"2025-11-11T03:05:25","date_gmt":"2025-11-11T03:05:25","guid":{"rendered":""},"modified":"2025-11-12T18:53:46","modified_gmt":"2025-11-12T18:53:46","slug":"%d0%b2%d0%b7%d0%b5%d0%bc%d0%b5%d1%82%d0%b5-%d0%b1%d0%b8%d0%bb%d0%b5%d1%82%d0%b8-%d0%b7%d0%b0-%d0%bb%d0%be%d1%82%d0%b0%d1%80%d0%b8%d1%8f%d1%82%d0%b0-%d0%b5%d0%bb-%d0%b3%d0%be%d1%80%d0%b4%d0%be-%d0%be","status":"publish","type":"page","link":"https:\/\/gambling6.com\/bg\/%d0%bb%d0%be%d1%82%d0%b0%d1%80%d0%b8%d1%8f\/%d0%b2%d0%b7%d0%b5%d0%bc%d0%b5%d1%82%d0%b5-%d0%b1%d0%b8%d0%bb%d0%b5%d1%82%d0%b8-%d0%b7%d0%b0-%d0%bb%d0%be%d1%82%d0%b0%d1%80%d0%b8%d1%8f%d1%82%d0%b0-%d0%b5%d0%bb-%d0%b3%d0%be%d1%80%d0%b4%d0%be-%d0%be\/","title":{"rendered":"\u0412\u0437\u0435\u043c\u0435\u0442\u0435 \u0431\u0438\u043b\u0435\u0442\u0438 \u0437\u0430 \u043b\u043e\u0442\u0430\u0440\u0438\u044f\u0442\u0430 \u0415\u043b \u0413\u043e\u0440\u0434\u043e \u043e\u0442\u0432\u0441\u044f\u043a\u044a\u0434\u0435"},"content":{"rendered":"<h2>Es ist einfach, Online-Tickets f\u00fcr die El Gordo Lotterie zu kaufen.<\/h2>\n<p><img loading=\"lazy\" decoding=\"async\" class=\" wp-image-1569 alignright\" src=\"https:\/\/gambling6.com\/wp-content\/uploads\/2022\/04\/2_ticket_spanish_lottery.jpg\" alt=\"\u0431\u0438\u043b\u0435\u0442 \u0437\u0430 El Gordot\" width=\"200\" height=\"274\" \/><br \/>\nIn Europa ist die El Gordo Lotterie riesig und wird sowohl in Spanien als auch im Ausland gespielt. Sie k\u00f6nnen jede Woche mit einem Mindestjackpot von etwa 6,5 Millionen Euro rechnen. Es gibt nur eine Ziehung pro Woche \u2013 am Sonntag \u2013 und die Menschen stehen jede Woche Schlange, um mitzuspielen. Der Jackpot kann bis zu 26 Millionen Euro erreichen. Wenn es jedoch h\u00e4ufig \u00dcbertragungen von Preisen (nicht vom Jackpot) gibt, kann er manchmal bis zu 35 Millionen Euro steigen, nachdem die Betr\u00e4ge aus den Vorwochen \u00fcbertragen wurden.<\/p>\n<h2>Europ\u00e4er kaufen jede Woche Online-Lotterietickets.<\/h2>\n<p>Europa bleibt eine wachsende Quelle von Lotterieeinnahmen; jede Woche stehen Millionen von Spielern auf dem Kontinent Schlange, um Lotto zu spielen. Um Online-Tickets f\u00fcr die El Gordo Lotterie zu erhalten, m\u00fcssen Sie unseren Partner RedFoxLotto besuchen, sich in Ihr Konto einloggen und dann entscheiden, ob Sie eine Schnellwahl verwenden oder Ihre eigenen Zahlen ausw\u00e4hlen m\u00f6chten. Wenn Sie Ihre eigenen Zahlen w\u00e4hlen, m\u00fcssen Sie f\u00fcnf Hauptzahlen und eine Bonuszahl ausw\u00e4hlen.<\/p>\n<h2>Europ\u00e4er kaufen Online-Tickets f\u00fcr die Sonntagsziehung.<\/h2>\n<p>El Gordo, bekannt als die spanische 6\/49-Lotterie, sollte nicht mit der Weihnachtslotterie El Gordo verwechselt werden. Diese beliebte w\u00f6chentliche Lotterie wird am Sonntag gezogen. Wenn Sie Online-Tickets f\u00fcr die El Gordo Lotterie kaufen, beachten Sie, dass die Gewinnchance 1 zu 10 betr\u00e4gt. Das liegt daran, dass es sieben verschiedene Gewinnstufen zus\u00e4tzlich zum Jackpot gibt.<\/p>\n<h2>Jeden Monat werden Millionen f\u00fcr den Ticketkauf ausgegeben.<\/h2>\n<p>In den letzten Jahren sind die Europ\u00e4er verr\u00fcckt nach Lotterietickets geworden. Nach Nordamerika steht Europa an zweiter Stelle, wobei jedes Jahr Hunderte Millionen Dollar f\u00fcr Tickets ausgegeben werden. Jetzt, da es m\u00f6glich ist, Tickets f\u00fcr internationale Lotterien online zu kaufen, sind die Verkaufszahlen drastisch gestiegen. Wenn Sie Ihre Tickets f\u00fcr die bevorstehende El Gordo Lotterie erhalten m\u00f6chten, besuchen Sie einfach unseren Partner<a href=\"http:\/\/redfoxlotto.com\"> RedFoxLotto<\/a>, registrieren Sie ein Konto, und vielleicht sind Sie auf dem Weg, \u00fcber Nacht Multimillion\u00e4r zu werden.<\/p>\n<table style=\"width: 500px;\" border=\"1\" cellspacing=\"5\" cellpadding=\"5\" align=\"center\">\n<tbody>\n<tr>\n<td colspan=\"3\" align=\"center\">Gr\u00f6\u00dfte Jackpots des Jahres 2013<\/td>\n<\/tr>\n<tr>\n<td>Ziehung<\/td>\n<td align=\"center\">Datum<\/td>\n<td align=\"center\">Jackpot (USD)<\/td>\n<\/tr>\n<tr>\n<td>El Gordo &#8211; Spanien<\/td>\n<td align=\"center\">13. Oktober 2013<\/td>\n<td align=\"right\">$13,327,360<\/td>\n<\/tr>\n<tr>\n<td>El Gordo &#8211; Spanien<\/td>\n<td align=\"center\">4. August 2013<\/td>\n<td align=\"right\">$10,275,000<\/td>\n<\/tr>\n<tr>\n<td>El Gordo &#8211; Spanien<\/td>\n<td align=\"center\">16. Juni 2013<\/td>\n<td align=\"right\">$9,590,000<\/td>\n<\/tr>\n<tr>\n<td>El Gordo &#8211; Spanien<\/td>\n<td align=\"center\">23. Juni 2013<\/td>\n<td align=\"right\">$6,850,000<\/td>\n<\/tr>\n<\/tbody>\n<\/table>\n<table style=\"width: 500px;\" border=\"1\" cellspacing=\"5\" cellpadding=\"5\" align=\"center\">\n<tbody>\n<tr>\n<td colspan=\"3\" align=\"center\">El Gordo Lotto &#8211; Spanische Gewinnstufen 6\/49<\/td>\n<\/tr>\n<tr>\n<td>Preis<\/td>\n<td align=\"center\">Treffer<\/td>\n<td align=\"center\">Quoten<\/td>\n<\/tr>\n<tr>\n<td>1. (Jackpot)<\/td>\n<td align=\"center\">5 + 1<\/td>\n<td align=\"right\">31,625,100 : 1<\/td>\n<\/tr>\n<tr>\n<td>2.<\/td>\n<td align=\"center\">5<\/td>\n<td align=\"right\">3,513,900 : 1<\/td>\n<\/tr>\n<tr>\n<td>3.<\/td>\n<td align=\"center\">4 + 1<\/td>\n<td align=\"right\">129,082 : 1<\/td>\n<\/tr>\n<tr>\n<td>4.<\/td>\n<td align=\"center\">4<\/td>\n<td align=\"right\">14,342 : 1<\/td>\n<\/tr>\n<tr>\n<td>5.<\/td>\n<td align=\"center\">3 + 1<\/td>\n<td align=\"right\">2,689 : 1<\/td>\n<\/tr>\n<tr>\n<td>6.<\/td>\n<td align=\"center\">3<\/td>\n<td align=\"right\">299 : 1<\/td>\n<\/tr>\n<tr>\n<td>7.<\/td>\n<td align=\"center\">2 + 1<\/td>\n<td align=\"right\">172 : 1<\/td>\n<\/tr>\n<tr>\n<td>8.<\/td>\n<td align=\"center\">2<\/td>\n<td align=\"right\">19 : 1<\/td>\n<\/tr>\n<tr>\n<td>9.<\/td>\n<td align=\"center\">0 + 1<\/td>\n<td align=\"right\">10 : 1<\/td>\n<\/tr>\n<\/tbody>\n<\/table>\n","protected":false},"excerpt":{"rendered":"<p>Es ist einfach, Online-Tickets f\u00fcr die El Gordo Lotterie zu kaufen. In Europa ist die El Gordo Lotterie riesig und wird sowohl in Spanien als auch im Ausland gespielt. Sie k\u00f6nnen jede Woche mit einem Mindestjackpot von etwa 6,5 Millionen Euro rechnen. Es gibt nur eine Ziehung pro Woche \u2013 am Sonntag \u2013 und die [&hellip;]<\/p>\n","protected":false},"author":1,"featured_media":0,"parent":9265,"menu_order":3,"comment_status":"closed","ping_status":"closed","template":"","meta":{"footnotes":""},"class_list":["post-9441","page","type-page","status-publish","hentry"],"yoast_head":"<!-- This site is optimized with the Yoast SEO plugin v27.4 - https:\/\/yoast.com\/product\/yoast-seo-wordpress\/ -->\n<title>\u041a\u0443\u043f\u0435\u0442\u0435 \u0431\u0438\u043b\u0435\u0442\u0438 \u0437\u0430 \u043b\u043e\u0442\u0430\u0440\u0438\u044f\u0442\u0430 \u0415\u043b \u0413\u043e\u0440\u0434\u043e \u043e\u043d\u043b\u0430\u0439\u043d<\/title>\n<meta name=\"description\" content=\"\u0421\u0442\u0430\u043d\u0435\u0442\u0435 \u043c\u0438\u043b\u0438\u043e\u043d\u0435\u0440, \u043a\u0430\u0442\u043e \u043f\u043e\u043b\u0443\u0447\u0438\u0442\u0435 \u043e\u043d\u043b\u0430\u0439\u043d \u0431\u0438\u043b\u0435\u0442\u0438 \u0437\u0430 \u043b\u043e\u0442\u0430\u0440\u0438\u044f\u0442\u0430 \u0415\u043b \u0413\u043e\u0440\u0434\u043e.\" \/>\n<meta name=\"robots\" content=\"index, follow, max-snippet:-1, max-image-preview:large, max-video-preview:-1\" \/>\n<link rel=\"canonical\" href=\"https:\/\/gambling6.com\/bg\/%d0%bb%d0%be%d1%82%d0%b0%d1%80%d0%b8%d1%8f\/%d0%b2%d0%b7%d0%b5%d0%bc%d0%b5%d1%82%d0%b5-%d0%b1%d0%b8%d0%bb%d0%b5%d1%82%d0%b8-%d0%b7%d0%b0-%d0%bb%d0%be%d1%82%d0%b0%d1%80%d0%b8%d1%8f%d1%82%d0%b0-%d0%b5%d0%bb-%d0%b3%d0%be%d1%80%d0%b4%d0%be-%d0%be\/\" \/>\n<meta property=\"og:locale\" content=\"bg_BG\" \/>\n<meta property=\"og:type\" content=\"article\" \/>\n<meta property=\"og:title\" content=\"\u041a\u0443\u043f\u0435\u0442\u0435 \u0431\u0438\u043b\u0435\u0442\u0438 \u0437\u0430 \u043b\u043e\u0442\u0430\u0440\u0438\u044f\u0442\u0430 \u0415\u043b \u0413\u043e\u0440\u0434\u043e \u043e\u043d\u043b\u0430\u0439\u043d\" \/>\n<meta property=\"og:description\" content=\"\u0421\u0442\u0430\u043d\u0435\u0442\u0435 \u043c\u0438\u043b\u0438\u043e\u043d\u0435\u0440, \u043a\u0430\u0442\u043e \u043f\u043e\u043b\u0443\u0447\u0438\u0442\u0435 \u043e\u043d\u043b\u0430\u0439\u043d \u0431\u0438\u043b\u0435\u0442\u0438 \u0437\u0430 \u043b\u043e\u0442\u0430\u0440\u0438\u044f\u0442\u0430 \u0415\u043b \u0413\u043e\u0440\u0434\u043e.\" \/>\n<meta property=\"og:url\" content=\"https:\/\/gambling6.com\/bg\/%d0%bb%d0%be%d1%82%d0%b0%d1%80%d0%b8%d1%8f\/%d0%b2%d0%b7%d0%b5%d0%bc%d0%b5%d1%82%d0%b5-%d0%b1%d0%b8%d0%bb%d0%b5%d1%82%d0%b8-%d0%b7%d0%b0-%d0%bb%d0%be%d1%82%d0%b0%d1%80%d0%b8%d1%8f%d1%82%d0%b0-%d0%b5%d0%bb-%d0%b3%d0%be%d1%80%d0%b4%d0%be-%d0%be\/\" \/>\n<meta property=\"og:site_name\" content=\"Gambling6\" \/>\n<meta property=\"article:modified_time\" content=\"2025-11-12T18:53:46+00:00\" \/>\n<meta property=\"og:image\" content=\"https:\/\/gambling6.com\/wp-content\/uploads\/2022\/04\/2_ticket_spanish_lottery.jpg\" \/>\n\t<meta property=\"og:image:width\" content=\"219\" \/>\n\t<meta property=\"og:image:height\" content=\"300\" \/>\n\t<meta property=\"og:image:type\" content=\"image\/jpeg\" \/>\n<meta name=\"twitter:card\" content=\"summary_large_image\" \/>\n<meta name=\"twitter:label1\" content=\"Est. reading time\" \/>\n\t<meta name=\"twitter:data1\" content=\"2 \u043c\u0438\u043d\u0443\u0442\u0438\" \/>\n<script type=\"application\/ld+json\" class=\"yoast-schema-graph\">{\"@context\":\"https:\\\/\\\/schema.org\",\"@graph\":[{\"@type\":\"WebPage\",\"@id\":\"https:\\\/\\\/gambling6.com\\\/bg\\\/%d0%bb%d0%be%d1%82%d0%b0%d1%80%d0%b8%d1%8f\\\/%d0%b2%d0%b7%d0%b5%d0%bc%d0%b5%d1%82%d0%b5-%d0%b1%d0%b8%d0%bb%d0%b5%d1%82%d0%b8-%d0%b7%d0%b0-%d0%bb%d0%be%d1%82%d0%b0%d1%80%d0%b8%d1%8f%d1%82%d0%b0-%d0%b5%d0%bb-%d0%b3%d0%be%d1%80%d0%b4%d0%be-%d0%be\\\/\",\"url\":\"https:\\\/\\\/gambling6.com\\\/bg\\\/%d0%bb%d0%be%d1%82%d0%b0%d1%80%d0%b8%d1%8f\\\/%d0%b2%d0%b7%d0%b5%d0%bc%d0%b5%d1%82%d0%b5-%d0%b1%d0%b8%d0%bb%d0%b5%d1%82%d0%b8-%d0%b7%d0%b0-%d0%bb%d0%be%d1%82%d0%b0%d1%80%d0%b8%d1%8f%d1%82%d0%b0-%d0%b5%d0%bb-%d0%b3%d0%be%d1%80%d0%b4%d0%be-%d0%be\\\/\",\"name\":\"\u041a\u0443\u043f\u0435\u0442\u0435 \u0431\u0438\u043b\u0435\u0442\u0438 \u0437\u0430 \u043b\u043e\u0442\u0430\u0440\u0438\u044f\u0442\u0430 \u0415\u043b \u0413\u043e\u0440\u0434\u043e \u043e\u043d\u043b\u0430\u0439\u043d\",\"isPartOf\":{\"@id\":\"https:\\\/\\\/gambling6.com\\\/bg\\\/#website\"},\"primaryImageOfPage\":{\"@id\":\"https:\\\/\\\/gambling6.com\\\/bg\\\/%d0%bb%d0%be%d1%82%d0%b0%d1%80%d0%b8%d1%8f\\\/%d0%b2%d0%b7%d0%b5%d0%bc%d0%b5%d1%82%d0%b5-%d0%b1%d0%b8%d0%bb%d0%b5%d1%82%d0%b8-%d0%b7%d0%b0-%d0%bb%d0%be%d1%82%d0%b0%d1%80%d0%b8%d1%8f%d1%82%d0%b0-%d0%b5%d0%bb-%d0%b3%d0%be%d1%80%d0%b4%d0%be-%d0%be\\\/#primaryimage\"},\"image\":{\"@id\":\"https:\\\/\\\/gambling6.com\\\/bg\\\/%d0%bb%d0%be%d1%82%d0%b0%d1%80%d0%b8%d1%8f\\\/%d0%b2%d0%b7%d0%b5%d0%bc%d0%b5%d1%82%d0%b5-%d0%b1%d0%b8%d0%bb%d0%b5%d1%82%d0%b8-%d0%b7%d0%b0-%d0%bb%d0%be%d1%82%d0%b0%d1%80%d0%b8%d1%8f%d1%82%d0%b0-%d0%b5%d0%bb-%d0%b3%d0%be%d1%80%d0%b4%d0%be-%d0%be\\\/#primaryimage\"},\"thumbnailUrl\":\"https:\\\/\\\/gambling6.com\\\/wp-content\\\/uploads\\\/2022\\\/04\\\/2_ticket_spanish_lottery.jpg\",\"datePublished\":\"2025-11-11T03:05:25+00:00\",\"dateModified\":\"2025-11-12T18:53:46+00:00\",\"description\":\"\u0421\u0442\u0430\u043d\u0435\u0442\u0435 \u043c\u0438\u043b\u0438\u043e\u043d\u0435\u0440, \u043a\u0430\u0442\u043e \u043f\u043e\u043b\u0443\u0447\u0438\u0442\u0435 \u043e\u043d\u043b\u0430\u0439\u043d \u0431\u0438\u043b\u0435\u0442\u0438 \u0437\u0430 \u043b\u043e\u0442\u0430\u0440\u0438\u044f\u0442\u0430 \u0415\u043b \u0413\u043e\u0440\u0434\u043e.\",\"breadcrumb\":{\"@id\":\"https:\\\/\\\/gambling6.com\\\/bg\\\/%d0%bb%d0%be%d1%82%d0%b0%d1%80%d0%b8%d1%8f\\\/%d0%b2%d0%b7%d0%b5%d0%bc%d0%b5%d1%82%d0%b5-%d0%b1%d0%b8%d0%bb%d0%b5%d1%82%d0%b8-%d0%b7%d0%b0-%d0%bb%d0%be%d1%82%d0%b0%d1%80%d0%b8%d1%8f%d1%82%d0%b0-%d0%b5%d0%bb-%d0%b3%d0%be%d1%80%d0%b4%d0%be-%d0%be\\\/#breadcrumb\"},\"inLanguage\":\"bg-BG\",\"potentialAction\":[{\"@type\":\"ReadAction\",\"target\":[\"https:\\\/\\\/gambling6.com\\\/bg\\\/%d0%bb%d0%be%d1%82%d0%b0%d1%80%d0%b8%d1%8f\\\/%d0%b2%d0%b7%d0%b5%d0%bc%d0%b5%d1%82%d0%b5-%d0%b1%d0%b8%d0%bb%d0%b5%d1%82%d0%b8-%d0%b7%d0%b0-%d0%bb%d0%be%d1%82%d0%b0%d1%80%d0%b8%d1%8f%d1%82%d0%b0-%d0%b5%d0%bb-%d0%b3%d0%be%d1%80%d0%b4%d0%be-%d0%be\\\/\"]}]},{\"@type\":\"ImageObject\",\"inLanguage\":\"bg-BG\",\"@id\":\"https:\\\/\\\/gambling6.com\\\/bg\\\/%d0%bb%d0%be%d1%82%d0%b0%d1%80%d0%b8%d1%8f\\\/%d0%b2%d0%b7%d0%b5%d0%bc%d0%b5%d1%82%d0%b5-%d0%b1%d0%b8%d0%bb%d0%b5%d1%82%d0%b8-%d0%b7%d0%b0-%d0%bb%d0%be%d1%82%d0%b0%d1%80%d0%b8%d1%8f%d1%82%d0%b0-%d0%b5%d0%bb-%d0%b3%d0%be%d1%80%d0%b4%d0%be-%d0%be\\\/#primaryimage\",\"url\":\"https:\\\/\\\/gambling6.com\\\/wp-content\\\/uploads\\\/2022\\\/04\\\/2_ticket_spanish_lottery.jpg\",\"contentUrl\":\"https:\\\/\\\/gambling6.com\\\/wp-content\\\/uploads\\\/2022\\\/04\\\/2_ticket_spanish_lottery.jpg\"},{\"@type\":\"BreadcrumbList\",\"@id\":\"https:\\\/\\\/gambling6.com\\\/bg\\\/%d0%bb%d0%be%d1%82%d0%b0%d1%80%d0%b8%d1%8f\\\/%d0%b2%d0%b7%d0%b5%d0%bc%d0%b5%d1%82%d0%b5-%d0%b1%d0%b8%d0%bb%d0%b5%d1%82%d0%b8-%d0%b7%d0%b0-%d0%bb%d0%be%d1%82%d0%b0%d1%80%d0%b8%d1%8f%d1%82%d0%b0-%d0%b5%d0%bb-%d0%b3%d0%be%d1%80%d0%b4%d0%be-%d0%be\\\/#breadcrumb\",\"itemListElement\":[{\"@type\":\"ListItem\",\"position\":1,\"name\":\"Home\",\"item\":\"https:\\\/\\\/gambling6.com\\\/bg\\\/home\\\/\"},{\"@type\":\"ListItem\",\"position\":2,\"name\":\"\u041b\u043e\u0442\u0430\u0440\u0438\u044f\",\"item\":\"https:\\\/\\\/gambling6.com\\\/bg\\\/buying-international-lotto-tickets-online\\\/\"},{\"@type\":\"ListItem\",\"position\":3,\"name\":\"\u0412\u0437\u0435\u043c\u0435\u0442\u0435 \u0431\u0438\u043b\u0435\u0442\u0438 \u0437\u0430 \u043b\u043e\u0442\u0430\u0440\u0438\u044f\u0442\u0430 \u0415\u043b \u0413\u043e\u0440\u0434\u043e \u043e\u0442\u0432\u0441\u044f\u043a\u044a\u0434\u0435\"}]},{\"@type\":\"WebSite\",\"@id\":\"https:\\\/\\\/gambling6.com\\\/bg\\\/#website\",\"url\":\"https:\\\/\\\/gambling6.com\\\/bg\\\/\",\"name\":\"Gambling6\",\"description\":\"\",\"potentialAction\":[{\"@type\":\"SearchAction\",\"target\":{\"@type\":\"EntryPoint\",\"urlTemplate\":\"https:\\\/\\\/gambling6.com\\\/bg\\\/?s={search_term_string}\"},\"query-input\":{\"@type\":\"PropertyValueSpecification\",\"valueRequired\":true,\"valueName\":\"search_term_string\"}}],\"inLanguage\":\"bg-BG\"}]}<\/script>\n<!-- \/ Yoast SEO plugin. -->","yoast_head_json":{"title":"\u041a\u0443\u043f\u0435\u0442\u0435 \u0431\u0438\u043b\u0435\u0442\u0438 \u0437\u0430 \u043b\u043e\u0442\u0430\u0440\u0438\u044f\u0442\u0430 \u0415\u043b \u0413\u043e\u0440\u0434\u043e \u043e\u043d\u043b\u0430\u0439\u043d","description":"\u0421\u0442\u0430\u043d\u0435\u0442\u0435 \u043c\u0438\u043b\u0438\u043e\u043d\u0435\u0440, \u043a\u0430\u0442\u043e \u043f\u043e\u043b\u0443\u0447\u0438\u0442\u0435 \u043e\u043d\u043b\u0430\u0439\u043d \u0431\u0438\u043b\u0435\u0442\u0438 \u0437\u0430 \u043b\u043e\u0442\u0430\u0440\u0438\u044f\u0442\u0430 \u0415\u043b \u0413\u043e\u0440\u0434\u043e.","robots":{"index":"index","follow":"follow","max-snippet":"max-snippet:-1","max-image-preview":"max-image-preview:large","max-video-preview":"max-video-preview:-1"},"canonical":"https:\/\/gambling6.com\/bg\/%d0%bb%d0%be%d1%82%d0%b0%d1%80%d0%b8%d1%8f\/%d0%b2%d0%b7%d0%b5%d0%bc%d0%b5%d1%82%d0%b5-%d0%b1%d0%b8%d0%bb%d0%b5%d1%82%d0%b8-%d0%b7%d0%b0-%d0%bb%d0%be%d1%82%d0%b0%d1%80%d0%b8%d1%8f%d1%82%d0%b0-%d0%b5%d0%bb-%d0%b3%d0%be%d1%80%d0%b4%d0%be-%d0%be\/","og_locale":"bg_BG","og_type":"article","og_title":"\u041a\u0443\u043f\u0435\u0442\u0435 \u0431\u0438\u043b\u0435\u0442\u0438 \u0437\u0430 \u043b\u043e\u0442\u0430\u0440\u0438\u044f\u0442\u0430 \u0415\u043b \u0413\u043e\u0440\u0434\u043e \u043e\u043d\u043b\u0430\u0439\u043d","og_description":"\u0421\u0442\u0430\u043d\u0435\u0442\u0435 \u043c\u0438\u043b\u0438\u043e\u043d\u0435\u0440, \u043a\u0430\u0442\u043e \u043f\u043e\u043b\u0443\u0447\u0438\u0442\u0435 \u043e\u043d\u043b\u0430\u0439\u043d \u0431\u0438\u043b\u0435\u0442\u0438 \u0437\u0430 \u043b\u043e\u0442\u0430\u0440\u0438\u044f\u0442\u0430 \u0415\u043b \u0413\u043e\u0440\u0434\u043e.","og_url":"https:\/\/gambling6.com\/bg\/%d0%bb%d0%be%d1%82%d0%b0%d1%80%d0%b8%d1%8f\/%d0%b2%d0%b7%d0%b5%d0%bc%d0%b5%d1%82%d0%b5-%d0%b1%d0%b8%d0%bb%d0%b5%d1%82%d0%b8-%d0%b7%d0%b0-%d0%bb%d0%be%d1%82%d0%b0%d1%80%d0%b8%d1%8f%d1%82%d0%b0-%d0%b5%d0%bb-%d0%b3%d0%be%d1%80%d0%b4%d0%be-%d0%be\/","og_site_name":"Gambling6","article_modified_time":"2025-11-12T18:53:46+00:00","og_image":[{"width":219,"height":300,"url":"https:\/\/gambling6.com\/wp-content\/uploads\/2022\/04\/2_ticket_spanish_lottery.jpg","type":"image\/jpeg"}],"twitter_card":"summary_large_image","twitter_misc":{"Est. reading time":"2 \u043c\u0438\u043d\u0443\u0442\u0438"},"schema":{"@context":"https:\/\/schema.org","@graph":[{"@type":"WebPage","@id":"https:\/\/gambling6.com\/bg\/%d0%bb%d0%be%d1%82%d0%b0%d1%80%d0%b8%d1%8f\/%d0%b2%d0%b7%d0%b5%d0%bc%d0%b5%d1%82%d0%b5-%d0%b1%d0%b8%d0%bb%d0%b5%d1%82%d0%b8-%d0%b7%d0%b0-%d0%bb%d0%be%d1%82%d0%b0%d1%80%d0%b8%d1%8f%d1%82%d0%b0-%d0%b5%d0%bb-%d0%b3%d0%be%d1%80%d0%b4%d0%be-%d0%be\/","url":"https:\/\/gambling6.com\/bg\/%d0%bb%d0%be%d1%82%d0%b0%d1%80%d0%b8%d1%8f\/%d0%b2%d0%b7%d0%b5%d0%bc%d0%b5%d1%82%d0%b5-%d0%b1%d0%b8%d0%bb%d0%b5%d1%82%d0%b8-%d0%b7%d0%b0-%d0%bb%d0%be%d1%82%d0%b0%d1%80%d0%b8%d1%8f%d1%82%d0%b0-%d0%b5%d0%bb-%d0%b3%d0%be%d1%80%d0%b4%d0%be-%d0%be\/","name":"\u041a\u0443\u043f\u0435\u0442\u0435 \u0431\u0438\u043b\u0435\u0442\u0438 \u0437\u0430 \u043b\u043e\u0442\u0430\u0440\u0438\u044f\u0442\u0430 \u0415\u043b \u0413\u043e\u0440\u0434\u043e \u043e\u043d\u043b\u0430\u0439\u043d","isPartOf":{"@id":"https:\/\/gambling6.com\/bg\/#website"},"primaryImageOfPage":{"@id":"https:\/\/gambling6.com\/bg\/%d0%bb%d0%be%d1%82%d0%b0%d1%80%d0%b8%d1%8f\/%d0%b2%d0%b7%d0%b5%d0%bc%d0%b5%d1%82%d0%b5-%d0%b1%d0%b8%d0%bb%d0%b5%d1%82%d0%b8-%d0%b7%d0%b0-%d0%bb%d0%be%d1%82%d0%b0%d1%80%d0%b8%d1%8f%d1%82%d0%b0-%d0%b5%d0%bb-%d0%b3%d0%be%d1%80%d0%b4%d0%be-%d0%be\/#primaryimage"},"image":{"@id":"https:\/\/gambling6.com\/bg\/%d0%bb%d0%be%d1%82%d0%b0%d1%80%d0%b8%d1%8f\/%d0%b2%d0%b7%d0%b5%d0%bc%d0%b5%d1%82%d0%b5-%d0%b1%d0%b8%d0%bb%d0%b5%d1%82%d0%b8-%d0%b7%d0%b0-%d0%bb%d0%be%d1%82%d0%b0%d1%80%d0%b8%d1%8f%d1%82%d0%b0-%d0%b5%d0%bb-%d0%b3%d0%be%d1%80%d0%b4%d0%be-%d0%be\/#primaryimage"},"thumbnailUrl":"https:\/\/gambling6.com\/wp-content\/uploads\/2022\/04\/2_ticket_spanish_lottery.jpg","datePublished":"2025-11-11T03:05:25+00:00","dateModified":"2025-11-12T18:53:46+00:00","description":"\u0421\u0442\u0430\u043d\u0435\u0442\u0435 \u043c\u0438\u043b\u0438\u043e\u043d\u0435\u0440, \u043a\u0430\u0442\u043e \u043f\u043e\u043b\u0443\u0447\u0438\u0442\u0435 \u043e\u043d\u043b\u0430\u0439\u043d \u0431\u0438\u043b\u0435\u0442\u0438 \u0437\u0430 \u043b\u043e\u0442\u0430\u0440\u0438\u044f\u0442\u0430 \u0415\u043b \u0413\u043e\u0440\u0434\u043e.","breadcrumb":{"@id":"https:\/\/gambling6.com\/bg\/%d0%bb%d0%be%d1%82%d0%b0%d1%80%d0%b8%d1%8f\/%d0%b2%d0%b7%d0%b5%d0%bc%d0%b5%d1%82%d0%b5-%d0%b1%d0%b8%d0%bb%d0%b5%d1%82%d0%b8-%d0%b7%d0%b0-%d0%bb%d0%be%d1%82%d0%b0%d1%80%d0%b8%d1%8f%d1%82%d0%b0-%d0%b5%d0%bb-%d0%b3%d0%be%d1%80%d0%b4%d0%be-%d0%be\/#breadcrumb"},"inLanguage":"bg-BG","potentialAction":[{"@type":"ReadAction","target":["https:\/\/gambling6.com\/bg\/%d0%bb%d0%be%d1%82%d0%b0%d1%80%d0%b8%d1%8f\/%d0%b2%d0%b7%d0%b5%d0%bc%d0%b5%d1%82%d0%b5-%d0%b1%d0%b8%d0%bb%d0%b5%d1%82%d0%b8-%d0%b7%d0%b0-%d0%bb%d0%be%d1%82%d0%b0%d1%80%d0%b8%d1%8f%d1%82%d0%b0-%d0%b5%d0%bb-%d0%b3%d0%be%d1%80%d0%b4%d0%be-%d0%be\/"]}]},{"@type":"ImageObject","inLanguage":"bg-BG","@id":"https:\/\/gambling6.com\/bg\/%d0%bb%d0%be%d1%82%d0%b0%d1%80%d0%b8%d1%8f\/%d0%b2%d0%b7%d0%b5%d0%bc%d0%b5%d1%82%d0%b5-%d0%b1%d0%b8%d0%bb%d0%b5%d1%82%d0%b8-%d0%b7%d0%b0-%d0%bb%d0%be%d1%82%d0%b0%d1%80%d0%b8%d1%8f%d1%82%d0%b0-%d0%b5%d0%bb-%d0%b3%d0%be%d1%80%d0%b4%d0%be-%d0%be\/#primaryimage","url":"https:\/\/gambling6.com\/wp-content\/uploads\/2022\/04\/2_ticket_spanish_lottery.jpg","contentUrl":"https:\/\/gambling6.com\/wp-content\/uploads\/2022\/04\/2_ticket_spanish_lottery.jpg"},{"@type":"BreadcrumbList","@id":"https:\/\/gambling6.com\/bg\/%d0%bb%d0%be%d1%82%d0%b0%d1%80%d0%b8%d1%8f\/%d0%b2%d0%b7%d0%b5%d0%bc%d0%b5%d1%82%d0%b5-%d0%b1%d0%b8%d0%bb%d0%b5%d1%82%d0%b8-%d0%b7%d0%b0-%d0%bb%d0%be%d1%82%d0%b0%d1%80%d0%b8%d1%8f%d1%82%d0%b0-%d0%b5%d0%bb-%d0%b3%d0%be%d1%80%d0%b4%d0%be-%d0%be\/#breadcrumb","itemListElement":[{"@type":"ListItem","position":1,"name":"Home","item":"https:\/\/gambling6.com\/bg\/home\/"},{"@type":"ListItem","position":2,"name":"\u041b\u043e\u0442\u0430\u0440\u0438\u044f","item":"https:\/\/gambling6.com\/bg\/buying-international-lotto-tickets-online\/"},{"@type":"ListItem","position":3,"name":"\u0412\u0437\u0435\u043c\u0435\u0442\u0435 \u0431\u0438\u043b\u0435\u0442\u0438 \u0437\u0430 \u043b\u043e\u0442\u0430\u0440\u0438\u044f\u0442\u0430 \u0415\u043b \u0413\u043e\u0440\u0434\u043e \u043e\u0442\u0432\u0441\u044f\u043a\u044a\u0434\u0435"}]},{"@type":"WebSite","@id":"https:\/\/gambling6.com\/bg\/#website","url":"https:\/\/gambling6.com\/bg\/","name":"Gambling6","description":"","potentialAction":[{"@type":"SearchAction","target":{"@type":"EntryPoint","urlTemplate":"https:\/\/gambling6.com\/bg\/?s={search_term_string}"},"query-input":{"@type":"PropertyValueSpecification","valueRequired":true,"valueName":"search_term_string"}}],"inLanguage":"bg-BG"}]}},"_links":{"self":[{"href":"https:\/\/gambling6.com\/bg\/wp-json\/wp\/v2\/pages\/9441","targetHints":{"allow":["GET"]}}],"collection":[{"href":"https:\/\/gambling6.com\/bg\/wp-json\/wp\/v2\/pages"}],"about":[{"href":"https:\/\/gambling6.com\/bg\/wp-json\/wp\/v2\/types\/page"}],"author":[{"embeddable":true,"href":"https:\/\/gambling6.com\/bg\/wp-json\/wp\/v2\/users\/1"}],"replies":[{"embeddable":true,"href":"https:\/\/gambling6.com\/bg\/wp-json\/wp\/v2\/comments?post=9441"}],"version-history":[{"count":1,"href":"https:\/\/gambling6.com\/bg\/wp-json\/wp\/v2\/pages\/9441\/revisions"}],"predecessor-version":[{"id":10780,"href":"https:\/\/gambling6.com\/bg\/wp-json\/wp\/v2\/pages\/9441\/revisions\/10780"}],"up":[{"embeddable":true,"href":"https:\/\/gambling6.com\/bg\/wp-json\/wp\/v2\/pages\/9265"}],"wp:attachment":[{"href":"https:\/\/gambling6.com\/bg\/wp-json\/wp\/v2\/media?parent=9441"}],"curies":[{"name":"wp","href":"https:\/\/api.w.org\/{rel}","templated":true}]}}