{"id":11048,"date":"2025-11-17T11:53:01","date_gmt":"2025-11-17T11:53:01","guid":{"rendered":"https:\/\/gambling6.com\/jak-dobry-je-redfoxlotto\/"},"modified":"2025-11-17T11:53:01","modified_gmt":"2025-11-17T11:53:01","slug":"jak-dobry-je-redfoxlotto","status":"publish","type":"page","link":"https:\/\/gambling6.com\/cs\/jak-dobry-je-redfoxlotto\/","title":{"rendered":"Jak dobr\u00fd je RedFoxLotto?"},"content":{"rendered":"<h2>Recenze RedFoxLotto<\/h2>\n<p><strong>RedFoxLotto<\/strong>je vysoce u\u017eivatelsky p\u0159\u00edv\u011btiv\u00e1, bezpe\u010dn\u00e1 a zabezpe\u010den\u00e1 platforma pro n\u00e1kup online tiket\u016f do v\u0161ech hlavn\u00edch loteri\u00ed po cel\u00e9m sv\u011bt\u011b. Na webov\u00fdch str\u00e1nk\u00e1ch RedFoxLotto si m\u016f\u017eete zahr\u00e1t mnoho celosv\u011btov\u00fdch loteri\u00ed a tikety si m\u016f\u017eete objednat 24 hodin denn\u011b, sedm dn\u00ed v t\u00fddnu. Vytvo\u0159en\u00ed \u00fa\u010dtu, vklad pen\u011bz a zah\u00e1jen\u00ed hry s mezin\u00e1rodn\u00edmi loterijn\u00edmi tikety je snadn\u00e9 b\u011bhem n\u011bkolika minut.<\/p>\n<h2>V\u0161echny pen\u00edze, kter\u00e9 na RedFoxLotto vyhrajete, si ponech\u00e1te<\/h2>\n<p>RedFoxLotto zam\u011bstn\u00e1v\u00e1 loterijn\u00ed kur\u00fdry po cel\u00e9m sv\u011bt\u011b, kte\u0159\u00ed za v\u00e1s kupuj\u00ed tikety do loteri\u00ed, kter\u00e9 chcete hr\u00e1t. Jakmile jsou tikety zakoupeny, jsou naskenov\u00e1ny a nahr\u00e1ny na v\u00e1\u0161 \u00fa\u010det p\u0159ed losov\u00e1n\u00edm. Tato metoda zaji\u0161\u0165uje, \u017ee si m\u016f\u017eete prohl\u00e9dnout sv\u00e9 tikety a obdr\u017eet 100 % sv\u00e9 v\u00fdhry. RedFoxLotto si nebere \u017e\u00e1dn\u00e9 procento z va\u0161ich v\u00fdher; v\u0161echny poplatky jsou zahrnuty v cen\u011b va\u0161ich tiket\u016f.<\/p>\n<h2>L\u00edstky dostupn\u00e9 pro v\u0161echny hlavn\u00ed loterie<\/h2>\n<p><strong>Najdete zde l\u00edstky dostupn\u00e9 pro v\u0161echny hlavn\u00ed sv\u011btov\u00e9 loterie, v\u010detn\u011b Mega Millions, Powerball USA, Eurojackpot, Euro Millions a dal\u0161\u00edch.<\/strong> Nez\u00e1le\u017e\u00ed na tom, ve kter\u00e9 zemi \u017eijete; m\u016f\u017eete si zakoupit l\u00edstky pro v\u0161echny hlavn\u00ed loterie po cel\u00e9m sv\u011bt\u011b. Sta\u010d\u00ed se p\u0159ihl\u00e1sit ke sv\u00e9mu \u00fa\u010dtu, vybrat si RedFoxLotto, se kterou chcete hr\u00e1t, vybrat \u010d\u00edsla, se kter\u00fdmi chcete hr\u00e1t, a pohodln\u011b se usadit a \u010dekat na slosov\u00e1n\u00ed. RedFoxLotto v\u00e1m bude zas\u00edlat ozn\u00e1men\u00ed o v\u0161ech v\u00fdhr\u00e1ch.<br \/>\nSnadn\u00e9 vyzvednut\u00ed v\u00fdher na RedFoxLotto<\/p>\n<p>O v\u0161ech v\u00fdhern\u00edch l\u00edstc\u00edch, kter\u00e9 m\u016f\u017eete m\u00edt, v\u00e1m <strong>RedFoxLotto za\u0161le ozn\u00e1men\u00ed e-mailem nebo v\u00e1m zavol\u00e1, pokud je v\u00fdhra vy\u0161\u0161\u00ed, aby v\u00e1s informoval o va\u0161\u00ed v\u00fdh\u0159e.<\/strong> V\u00fdhra jak\u00e9koli \u010d\u00e1stky a\u017e do v\u00fd\u0161e 2000 EUR bude automaticky p\u0159ips\u00e1na na v\u00e1\u0161 \u00fa\u010det. Pokud vyhrajete cenu vy\u0161\u0161\u00ed ne\u017e 2000 EUR, odborn\u00edci na zpracov\u00e1n\u00ed plateb RedFoxLotto v\u00e1s provedou pot\u0159ebn\u00fdmi kroky k z\u00edsk\u00e1n\u00ed va\u0161\u00ed v\u00fdhry. V\u00fdherci hlavn\u00edch cen se mohou rozhodnout, \u017ee RedFoxLotto bude jednat jejich jm\u00e9nem, \u200b\u200bnebo pokud chcete, m\u016f\u017eete si v\u00fdhru vyzvednout osobn\u011b. Jsme si jisti, \u017ee pokud se stanete multimilionov\u00fdm v\u00fdhercem, nebudete m\u00edt probl\u00e9m podniknout ve\u0161ker\u00e9 kroky nezbytn\u00e9 k vyzvednut\u00ed sv\u00e9 v\u00fdhry.<\/p>\n<h2>Platba za online loterijn\u00ed losy<\/h2>\n<p>RedFoxLotto nab\u00edz\u00ed mnoho bezpe\u010dn\u00fdch platebn\u00edch mo\u017enost\u00ed bez ohledu na to, ve kter\u00e9 zemi \u017eijete.<strong> P\u0159ij\u00edmaj\u00ed Visa, MasterCard, American Express, Skrill, Neteller, okam\u017eit\u00fd bankovn\u00ed p\u0159evod, kryptom\u011bny a \u0159adu dal\u0161\u00edch produkt\u016f internetov\u00e9 pen\u011b\u017eenky.<\/strong> M\u016f\u017eete si vybrat, zda si nechat v\u00fdhru ulo\u017eit pomoc\u00ed kter\u00e9koli z t\u011bchto metod, nebo si nechat pen\u00edze poslat p\u0159\u00edmo na v\u00e1\u0161 bankovn\u00ed \u00fa\u010det.<\/p>\n<p>Ka\u017ed\u00fd rok RedFoxLotto zastupuje v\u00fdherce milion\u016f dolar\u016f a m\u00e1 100% z\u00e1ruku platby. Zjist\u00edte, \u017ee pokud m\u00e1te jak\u00e9koli dotazy, je snadn\u00e9 kontaktovat specializovan\u00e9 z\u00e1stupce z\u00e1kaznick\u00e9ho servisu, kte\u0159\u00ed jsou k dispozici 24 hodin denn\u011b na RedFoxLotto.com. Ji\u017e nen\u00ed nutn\u00e9 nav\u0161t\u011bvovat m\u00edstn\u00ed loterijn\u00ed st\u00e1nky, abyste si koupili losy do m\u00edstn\u00ed loterie. L\u00edstky si m\u016f\u017eete zakoupit z pohodl\u00ed domova nebo kancel\u00e1\u0159e v\u010das pro v\u0161echny loterie.<\/p>\n<p><strong>Za\u010dn\u011bte hr\u00e1t mezin\u00e1rodn\u00ed loterie online je\u0161t\u011b dnes \u2013 nav\u0161t\u00edvte na\u0161eho partnera RedFoxLotto a otev\u0159ete si sv\u016fj osobn\u00ed \u00fa\u010det.<\/strong> Jakmile si zalo\u017e\u00edte \u00fa\u010det, najdete mnoho r\u016fzn\u00fdch bonusov\u00fdch nab\u00eddek a speci\u00e1ln\u00edch program\u016f pro n\u00e1kup los\u016f, d\u00edky nim\u017e bude hran\u00ed loterie z\u00e1bavn\u00e9 a ziskov\u00e9.<\/p>\n<p><a class=\"thirstylink\" title=\"Redfoxlotto\" href=\"https:\/\/gambling6.com\/go\/redfoxlotto\/\" target=\"_blank\" rel=\"nofollow noopener\">Klikn\u011bte zde a vytvo\u0159te si sv\u016fj osobn\u00ed online \u00fa\u010det RedFoxLottoa<\/a> m\u016f\u017eete se p\u0159es noc st\u00e1t multimilion\u00e1\u0159em.<\/p>\n","protected":false},"excerpt":{"rendered":"<p>Recenze RedFoxLotto RedFoxLottoje vysoce u\u017eivatelsky p\u0159\u00edv\u011btiv\u00e1, bezpe\u010dn\u00e1 a zabezpe\u010den\u00e1 platforma pro n\u00e1kup online tiket\u016f do v\u0161ech hlavn\u00edch loteri\u00ed po cel\u00e9m sv\u011bt\u011b. Na webov\u00fdch str\u00e1nk\u00e1ch RedFoxLotto si m\u016f\u017eete zahr\u00e1t mnoho celosv\u011btov\u00fdch loteri\u00ed a tikety si m\u016f\u017eete objednat 24 hodin denn\u011b, sedm dn\u00ed v t\u00fddnu. Vytvo\u0159en\u00ed \u00fa\u010dtu, vklad pen\u011bz a zah\u00e1jen\u00ed hry s mezin\u00e1rodn\u00edmi loterijn\u00edmi tikety je [&hellip;]<\/p>\n","protected":false},"author":1,"featured_media":0,"parent":0,"menu_order":1,"comment_status":"closed","ping_status":"closed","template":"","meta":{"footnotes":""},"class_list":["post-11048","page","type-page","status-publish","hentry"],"yoast_head":"<!-- This site is optimized with the Yoast SEO plugin v27.3 - https:\/\/yoast.com\/product\/yoast-seo-wordpress\/ -->\n<title>Recenze RedFoxLotto<\/title>\n<meta name=\"description\" content=\"Na RedFoxLotto.com si m\u016f\u017eete online zakoupit losy do mezin\u00e1rodn\u00edch loteri\u00ed, v\u010detn\u011b Powerball a Mega Millions. P\u0159e\u010dt\u011bte si na\u0161i recenzi RedFoxlotto.\" \/>\n<meta name=\"robots\" content=\"index, follow, max-snippet:-1, max-image-preview:large, max-video-preview:-1\" \/>\n<link rel=\"canonical\" href=\"https:\/\/gambling6.com\/cs\/jak-dobry-je-redfoxlotto\/\" \/>\n<meta property=\"og:locale\" content=\"cs_CZ\" \/>\n<meta property=\"og:type\" content=\"article\" \/>\n<meta property=\"og:title\" content=\"Recenze RedFoxLotto\" \/>\n<meta property=\"og:description\" content=\"Na RedFoxLotto.com si m\u016f\u017eete online zakoupit losy do mezin\u00e1rodn\u00edch loteri\u00ed, v\u010detn\u011b Powerball a Mega Millions. P\u0159e\u010dt\u011bte si na\u0161i recenzi RedFoxlotto.\" \/>\n<meta property=\"og:url\" content=\"https:\/\/gambling6.com\/cs\/jak-dobry-je-redfoxlotto\/\" \/>\n<meta property=\"og:site_name\" content=\"Gambling6\" \/>\n<meta property=\"article:published_time\" content=\"2025-11-17T11:53:01+00:00\" \/>\n<meta name=\"author\" content=\"Catfish\" \/>\n<meta name=\"twitter:card\" content=\"summary_large_image\" \/>\n<meta name=\"twitter:label1\" content=\"Napsal(a)\" \/>\n\t<meta name=\"twitter:data1\" content=\"Catfish\" \/>\n\t<meta name=\"twitter:label2\" content=\"Odhadovan\u00e1 doba \u010dten\u00ed\" \/>\n\t<meta name=\"twitter:data2\" content=\"3 minuty\" \/>\n<script type=\"application\/ld+json\" class=\"yoast-schema-graph\">{\"@context\":\"https:\\\/\\\/schema.org\",\"@graph\":[{\"@type\":\"Article\",\"@id\":\"https:\\\/\\\/gambling6.com\\\/cs\\\/jak-dobry-je-redfoxlotto\\\/#article\",\"isPartOf\":{\"@id\":\"https:\\\/\\\/gambling6.com\\\/cs\\\/jak-dobry-je-redfoxlotto\\\/\"},\"author\":{\"name\":\"Catfish\",\"@id\":\"https:\\\/\\\/gambling6.com\\\/cs\\\/#\\\/schema\\\/person\\\/d093de87a44a018ef67117d02d86ddaf\"},\"headline\":\"Jak dobr\u00fd je RedFoxLotto?\",\"datePublished\":\"2025-11-17T11:53:01+00:00\",\"mainEntityOfPage\":{\"@id\":\"https:\\\/\\\/gambling6.com\\\/cs\\\/jak-dobry-je-redfoxlotto\\\/\"},\"wordCount\":666,\"articleSection\":[\"Hrajte mezin\u00e1rodn\u00ed loterie online\",\"Novinky z loterie\",\"Recenze hazardn\u00edch str\u00e1nek\",\"Strategie loterie\"],\"inLanguage\":\"cs\"},{\"@type\":\"WebPage\",\"@id\":\"https:\\\/\\\/gambling6.com\\\/cs\\\/jak-dobry-je-redfoxlotto\\\/\",\"url\":\"https:\\\/\\\/gambling6.com\\\/cs\\\/jak-dobry-je-redfoxlotto\\\/\",\"name\":\"Recenze RedFoxLotto\",\"isPartOf\":{\"@id\":\"https:\\\/\\\/gambling6.com\\\/cs\\\/#website\"},\"datePublished\":\"2025-11-17T11:53:01+00:00\",\"author\":{\"@id\":\"https:\\\/\\\/gambling6.com\\\/cs\\\/#\\\/schema\\\/person\\\/d093de87a44a018ef67117d02d86ddaf\"},\"description\":\"Na RedFoxLotto.com si m\u016f\u017eete online zakoupit losy do mezin\u00e1rodn\u00edch loteri\u00ed, v\u010detn\u011b Powerball a Mega Millions. P\u0159e\u010dt\u011bte si na\u0161i recenzi RedFoxlotto.\",\"breadcrumb\":{\"@id\":\"https:\\\/\\\/gambling6.com\\\/cs\\\/jak-dobry-je-redfoxlotto\\\/#breadcrumb\"},\"inLanguage\":\"cs\",\"potentialAction\":[{\"@type\":\"ReadAction\",\"target\":[\"https:\\\/\\\/gambling6.com\\\/cs\\\/jak-dobry-je-redfoxlotto\\\/\"]}]},{\"@type\":\"BreadcrumbList\",\"@id\":\"https:\\\/\\\/gambling6.com\\\/cs\\\/jak-dobry-je-redfoxlotto\\\/#breadcrumb\",\"itemListElement\":[{\"@type\":\"ListItem\",\"position\":1,\"name\":\"Home\",\"item\":\"https:\\\/\\\/gambling6.com\\\/cs\\\/home\\\/\"},{\"@type\":\"ListItem\",\"position\":2,\"name\":\"Jak dobr\u00fd je RedFoxLotto?\"}]},{\"@type\":\"WebSite\",\"@id\":\"https:\\\/\\\/gambling6.com\\\/cs\\\/#website\",\"url\":\"https:\\\/\\\/gambling6.com\\\/cs\\\/\",\"name\":\"Gambling6\",\"description\":\"\",\"potentialAction\":[{\"@type\":\"SearchAction\",\"target\":{\"@type\":\"EntryPoint\",\"urlTemplate\":\"https:\\\/\\\/gambling6.com\\\/cs\\\/?s={search_term_string}\"},\"query-input\":{\"@type\":\"PropertyValueSpecification\",\"valueRequired\":true,\"valueName\":\"search_term_string\"}}],\"inLanguage\":\"cs\"},{\"@type\":\"Person\",\"@id\":\"https:\\\/\\\/gambling6.com\\\/cs\\\/#\\\/schema\\\/person\\\/d093de87a44a018ef67117d02d86ddaf\",\"name\":\"Catfish\",\"image\":{\"@type\":\"ImageObject\",\"inLanguage\":\"cs\",\"@id\":\"https:\\\/\\\/secure.gravatar.com\\\/avatar\\\/32edfa28ccbf005c231538b245a2670a36c7f33f2d3a9ab09e50843b363f2821?s=96&d=mm&r=g\",\"url\":\"https:\\\/\\\/secure.gravatar.com\\\/avatar\\\/32edfa28ccbf005c231538b245a2670a36c7f33f2d3a9ab09e50843b363f2821?s=96&d=mm&r=g\",\"contentUrl\":\"https:\\\/\\\/secure.gravatar.com\\\/avatar\\\/32edfa28ccbf005c231538b245a2670a36c7f33f2d3a9ab09e50843b363f2821?s=96&d=mm&r=g\",\"caption\":\"Catfish\"},\"sameAs\":[\"http:\\\/\\\/gambling6.com\"],\"url\":\"https:\\\/\\\/gambling6.com\\\/cs\\\/author\\\/catfish\\\/\"}]}<\/script>\n<!-- \/ Yoast SEO plugin. -->","yoast_head_json":{"title":"Recenze RedFoxLotto","description":"Na RedFoxLotto.com si m\u016f\u017eete online zakoupit losy do mezin\u00e1rodn\u00edch loteri\u00ed, v\u010detn\u011b Powerball a Mega Millions. P\u0159e\u010dt\u011bte si na\u0161i recenzi RedFoxlotto.","robots":{"index":"index","follow":"follow","max-snippet":"max-snippet:-1","max-image-preview":"max-image-preview:large","max-video-preview":"max-video-preview:-1"},"canonical":"https:\/\/gambling6.com\/cs\/jak-dobry-je-redfoxlotto\/","og_locale":"cs_CZ","og_type":"article","og_title":"Recenze RedFoxLotto","og_description":"Na RedFoxLotto.com si m\u016f\u017eete online zakoupit losy do mezin\u00e1rodn\u00edch loteri\u00ed, v\u010detn\u011b Powerball a Mega Millions. P\u0159e\u010dt\u011bte si na\u0161i recenzi RedFoxlotto.","og_url":"https:\/\/gambling6.com\/cs\/jak-dobry-je-redfoxlotto\/","og_site_name":"Gambling6","article_published_time":"2025-11-17T11:53:01+00:00","author":"Catfish","twitter_card":"summary_large_image","twitter_misc":{"Napsal(a)":"Catfish","Odhadovan\u00e1 doba \u010dten\u00ed":"3 minuty"},"schema":{"@context":"https:\/\/schema.org","@graph":[{"@type":"Article","@id":"https:\/\/gambling6.com\/cs\/jak-dobry-je-redfoxlotto\/#article","isPartOf":{"@id":"https:\/\/gambling6.com\/cs\/jak-dobry-je-redfoxlotto\/"},"author":{"name":"Catfish","@id":"https:\/\/gambling6.com\/cs\/#\/schema\/person\/d093de87a44a018ef67117d02d86ddaf"},"headline":"Jak dobr\u00fd je RedFoxLotto?","datePublished":"2025-11-17T11:53:01+00:00","mainEntityOfPage":{"@id":"https:\/\/gambling6.com\/cs\/jak-dobry-je-redfoxlotto\/"},"wordCount":666,"articleSection":["Hrajte mezin\u00e1rodn\u00ed loterie online","Novinky z loterie","Recenze hazardn\u00edch str\u00e1nek","Strategie loterie"],"inLanguage":"cs"},{"@type":"WebPage","@id":"https:\/\/gambling6.com\/cs\/jak-dobry-je-redfoxlotto\/","url":"https:\/\/gambling6.com\/cs\/jak-dobry-je-redfoxlotto\/","name":"Recenze RedFoxLotto","isPartOf":{"@id":"https:\/\/gambling6.com\/cs\/#website"},"datePublished":"2025-11-17T11:53:01+00:00","author":{"@id":"https:\/\/gambling6.com\/cs\/#\/schema\/person\/d093de87a44a018ef67117d02d86ddaf"},"description":"Na RedFoxLotto.com si m\u016f\u017eete online zakoupit losy do mezin\u00e1rodn\u00edch loteri\u00ed, v\u010detn\u011b Powerball a Mega Millions. P\u0159e\u010dt\u011bte si na\u0161i recenzi RedFoxlotto.","breadcrumb":{"@id":"https:\/\/gambling6.com\/cs\/jak-dobry-je-redfoxlotto\/#breadcrumb"},"inLanguage":"cs","potentialAction":[{"@type":"ReadAction","target":["https:\/\/gambling6.com\/cs\/jak-dobry-je-redfoxlotto\/"]}]},{"@type":"BreadcrumbList","@id":"https:\/\/gambling6.com\/cs\/jak-dobry-je-redfoxlotto\/#breadcrumb","itemListElement":[{"@type":"ListItem","position":1,"name":"Home","item":"https:\/\/gambling6.com\/cs\/home\/"},{"@type":"ListItem","position":2,"name":"Jak dobr\u00fd je RedFoxLotto?"}]},{"@type":"WebSite","@id":"https:\/\/gambling6.com\/cs\/#website","url":"https:\/\/gambling6.com\/cs\/","name":"Gambling6","description":"","potentialAction":[{"@type":"SearchAction","target":{"@type":"EntryPoint","urlTemplate":"https:\/\/gambling6.com\/cs\/?s={search_term_string}"},"query-input":{"@type":"PropertyValueSpecification","valueRequired":true,"valueName":"search_term_string"}}],"inLanguage":"cs"},{"@type":"Person","@id":"https:\/\/gambling6.com\/cs\/#\/schema\/person\/d093de87a44a018ef67117d02d86ddaf","name":"Catfish","image":{"@type":"ImageObject","inLanguage":"cs","@id":"https:\/\/secure.gravatar.com\/avatar\/32edfa28ccbf005c231538b245a2670a36c7f33f2d3a9ab09e50843b363f2821?s=96&d=mm&r=g","url":"https:\/\/secure.gravatar.com\/avatar\/32edfa28ccbf005c231538b245a2670a36c7f33f2d3a9ab09e50843b363f2821?s=96&d=mm&r=g","contentUrl":"https:\/\/secure.gravatar.com\/avatar\/32edfa28ccbf005c231538b245a2670a36c7f33f2d3a9ab09e50843b363f2821?s=96&d=mm&r=g","caption":"Catfish"},"sameAs":["http:\/\/gambling6.com"],"url":"https:\/\/gambling6.com\/cs\/author\/catfish\/"}]}},"_links":{"self":[{"href":"https:\/\/gambling6.com\/cs\/wp-json\/wp\/v2\/pages\/11048","targetHints":{"allow":["GET"]}}],"collection":[{"href":"https:\/\/gambling6.com\/cs\/wp-json\/wp\/v2\/pages"}],"about":[{"href":"https:\/\/gambling6.com\/cs\/wp-json\/wp\/v2\/types\/page"}],"author":[{"embeddable":true,"href":"https:\/\/gambling6.com\/cs\/wp-json\/wp\/v2\/users\/1"}],"replies":[{"embeddable":true,"href":"https:\/\/gambling6.com\/cs\/wp-json\/wp\/v2\/comments?post=11048"}],"version-history":[{"count":0,"href":"https:\/\/gambling6.com\/cs\/wp-json\/wp\/v2\/pages\/11048\/revisions"}],"wp:attachment":[{"href":"https:\/\/gambling6.com\/cs\/wp-json\/wp\/v2\/media?parent=11048"}],"curies":[{"name":"wp","href":"https:\/\/api.w.org\/{rel}","templated":true}]}}