{"id":11082,"date":"2025-11-17T14:48:52","date_gmt":"2025-11-17T14:48:52","guid":{"rendered":"https:\/\/gambling6.com\/uspech-v-online-bingu\/"},"modified":"2025-11-17T16:21:39","modified_gmt":"2025-11-17T16:21:39","slug":"uspech-v-online-bingu","status":"publish","type":"page","link":"https:\/\/gambling6.com\/cs\/bingo\/uspech-v-online-bingu\/","title":{"rendered":"\u00dasp\u011bch v online bingu"},"content":{"rendered":"<h2>Hrajte online bingo se spr\u00e1vnou strategi\u00ed<\/h2>\n<p>D\u00edky rozvoji internetu si dnes m\u016f\u017eete u\u017e\u00edt z\u00e1bavnou hru bingo p\u0159\u00edmo z pohodl\u00ed domova. Nejlep\u0161\u00ed na tom je, \u017ee si hru m\u016f\u017eete zahr\u00e1t kdykoli chcete. To je d\u016fvod, pro\u010d se online bingo stalo tak popul\u00e1rn\u00edm mezi lidmi, zejm\u00e9na mezi \u017eenami. Pokud jste nov\u00e1\u010dek, nebojte se, hru se m\u016f\u017eete nau\u010dit t\u00edm, \u017ee si ji nejprve vyzkou\u0161\u00edte na bezplatn\u00e9 bingo str\u00e1nce. <a class=\"thirstylink\" title=\"Redfoxlotto\" href=\"https:\/\/gambling6.com\/go\/redfoxlotto\/\" target=\"_blank\" rel=\"nofollow noopener\">Dobr\u00fdm m\u00edstem, kde za\u010d\u00edt, by bylo Bingo Billy &#8211; klikn\u011bte sem pro n\u00e1v\u0161t\u011bvu.<\/a><\/p>\n<p>Pokud ale hrajete online, zde je n\u011bkolik tip\u016f, kter\u00e9 v\u00e1m mohou pomoci zv\u00fd\u0161it va\u0161e \u0161ance na v\u00fdhru. \u010ct\u011bte d\u00e1le a dozv\u00edte se v\u00edce. Prove\u010fte rychl\u00fd pr\u016fzkum a najd\u011bte bingo str\u00e1nky, kter\u00e9 nab\u00edzej\u00ed nejlep\u0161\u00ed bonusy za vklad. Mnoho webov\u00fdch str\u00e1nek tak\u00e9 nab\u00edz\u00ed lukrativn\u00ed bonusy za vstup. V\u017edy je vhodn\u00e9 hr\u00e1t bingo na d\u016fv\u011bryhodn\u00fdch kasinov\u00fdch str\u00e1nk\u00e1ch. P\u0159ed registrac\u00ed si nezapome\u0148te p\u0159e\u010d\u00edst recenze od skute\u010dn\u00fdch u\u017eivatel\u016f t\u011bchto kasinov\u00fdch str\u00e1nek.<br \/>\n<a href=\"https:\/\/record.revenueplanet.com\/_BoBybWC_aAPUOsjNOfgKefwM06wa-Rwt\/1\/\" target=\"_new\" rel=\"noopener\"><img loading=\"lazy\" decoding=\"async\" class=\"aligncenter\" style=\"border: none;\" src=\"https:\/\/media.revenueplanet.com\/uploads\/nbb-468x60-nov-generic.gif\" alt=\"BingoBilly Bingo zdarma\" width=\"468\" height=\"60\" \/><\/a><br \/>\nPouze renomovan\u00e1 a d\u016fv\u011bryhodn\u00e1 kasina vypl\u00e1cej\u00ed plnou \u010d\u00e1stku, kterou jste ve h\u0159e vyhr\u00e1li. Internet je zaplaven bingo str\u00e1nkami a bohu\u017eel mnoho podvodn\u00fdch str\u00e1nek v\u00e1m pen\u00edze ukradne a nevyplat\u00ed v\u00e1m, kdy\u017e vyhrajete hru. Proto byste m\u011bli b\u00fdt p\u0159i v\u00fdb\u011bru online kasina obzvl\u00e1\u0161t\u011b opatrn\u00ed. Bingo hry se hraj\u00ed pouze pro z\u00e1bavu.<\/p>\n<p>Pravidla a p\u0159edpisy hry jsou snadno dodr\u017eovateln\u00e9. Hra bingo je zcela ot\u00e1zkou \u0161t\u011bst\u00ed. \u017d\u00e1dn\u00fd prvek nem\u016f\u017ee p\u0159edpov\u011bd\u011bt v\u00fdsledek ani ovlivnit hru. M\u016f\u017eete se uvolnit a u\u017e\u00edt si hru, proto\u017ee nen\u00ed t\u0159eba d\u011blat \u017e\u00e1dn\u00e1 rozhodnut\u00ed. Online bingo hru u\u010dinilo dostupn\u011bj\u0161\u00ed, proto\u017ee si ji m\u016f\u017eete zahr\u00e1t kdykoli v\u00e1m to vyhovuje a z jak\u00e9hokoli m\u00edsta, kde je p\u0159ipojen\u00ed k internetu a po\u010d\u00edta\u010d.<\/p>\n<p>V\u017edy se sna\u017ete hr\u00e1t na m\u00e9n\u011b p\u0159epln\u011bn\u00e9m webu. T\u00edm zv\u00fd\u0161\u00edte sv\u00e9 \u0161ance na v\u00fdhru ve h\u0159e, proto\u017ee budete sout\u011b\u017eit proti men\u0161\u00edmu po\u010dtu hr\u00e1\u010d\u016f. Web s vyv\u00e1\u017een\u00fdm po\u010dtem hr\u00e1\u010d\u016f v\u00e1m d\u00e1v\u00e1 v\u011bt\u0161\u00ed \u0161anci na v\u00fdhru. Vyberte si weby, kter\u00e9 poskytuj\u00ed chatovac\u00ed m\u00edstnosti pro snadnou komunikaci mezi hr\u00e1\u010di. M\u016f\u017eete si tak\u00e9 pov\u00eddat s ostatn\u00edmi hr\u00e1\u010di o kart\u00e1ch, kter\u00e9 hraj\u00ed. M\u016f\u017eete tak\u00e9 zv\u00fd\u0161it \u010d\u00edslo karty, abyste obr\u00e1tili v\u00edt\u011bzstv\u00ed na svou stranu.<\/p>\n<p>Hodn\u011b tak\u00e9 z\u00e1le\u017e\u00ed na \u010dase, kdy se rozhodnete hr\u00e1t. Bylo pozorov\u00e1no, \u017ee pokud hrajete v nepravideln\u00fdch hodin\u00e1ch, m\u00e1te \u0161anci vyhr\u00e1t, proto\u017ee v t\u011bchto \u010dasech nen\u00ed online mnoho hr\u00e1\u010d\u016f. V bingo hr\u00e1ch s velk\u00fdm jackpotem se v\u017edy vyhn\u011bte p\u0159\u00edli\u0161 velk\u00e9mu po\u010dtu karet. V\u017edy si vyb\u00edrejte kasinov\u00e9 weby, kter\u00e9 nab\u00edzej\u00ed 100% bonusy za vklad. V dne\u0161n\u00ed dob\u011b se m\u016f\u017eete setkat i s doporu\u010dovac\u00edmi programy na str\u00e1nk\u00e1ch kasin. V r\u00e1mci programu obdr\u017e\u00edte pen\u00edze zdarma, pokud se v\u00e1\u0161 doporu\u010duj\u00edc\u00ed u\u017eivatel zaregistruje v kasinu. Online kasino nav\u00edc \u010das od \u010dasu nab\u00edz\u00ed mnoho propaga\u010dn\u00edch bonus\u016f.<\/p>\n<p>&nbsp;<\/p>\n","protected":false},"excerpt":{"rendered":"<p>Hrajte online bingo se spr\u00e1vnou strategi\u00ed D\u00edky rozvoji internetu si dnes m\u016f\u017eete u\u017e\u00edt z\u00e1bavnou hru bingo p\u0159\u00edmo z pohodl\u00ed domova. Nejlep\u0161\u00ed na tom je, \u017ee si hru m\u016f\u017eete zahr\u00e1t kdykoli chcete. To je d\u016fvod, pro\u010d se online bingo stalo tak popul\u00e1rn\u00edm mezi lidmi, zejm\u00e9na mezi \u017eenami. Pokud jste nov\u00e1\u010dek, nebojte se, hru se m\u016f\u017eete nau\u010dit [&hellip;]<\/p>\n","protected":false},"author":1,"featured_media":0,"parent":8486,"menu_order":3,"comment_status":"closed","ping_status":"closed","template":"","meta":{"footnotes":""},"class_list":["post-11082","page","type-page","status-publish","hentry"],"yoast_head":"<!-- This site is optimized with the Yoast SEO plugin v27.4 - https:\/\/yoast.com\/product\/yoast-seo-wordpress\/ -->\n<title>Hern\u00ed strategie pro online bingo<\/title>\n<meta name=\"description\" content=\"Zvy\u0161te sv\u00e9 \u0161ance na v\u00fdhru v online bingu dodr\u017eov\u00e1n\u00edm spr\u00e1vn\u00e9 hern\u00ed strategie.\" \/>\n<meta name=\"robots\" content=\"index, follow, max-snippet:-1, max-image-preview:large, max-video-preview:-1\" \/>\n<link rel=\"canonical\" href=\"https:\/\/gambling6.com\/cs\/bingo\/uspech-v-online-bingu\/\" \/>\n<meta property=\"og:locale\" content=\"cs_CZ\" \/>\n<meta property=\"og:type\" content=\"article\" \/>\n<meta property=\"og:title\" content=\"Hern\u00ed strategie pro online bingo\" \/>\n<meta property=\"og:description\" content=\"Zvy\u0161te sv\u00e9 \u0161ance na v\u00fdhru v online bingu dodr\u017eov\u00e1n\u00edm spr\u00e1vn\u00e9 hern\u00ed strategie.\" \/>\n<meta property=\"og:url\" content=\"https:\/\/gambling6.com\/cs\/bingo\/uspech-v-online-bingu\/\" \/>\n<meta property=\"og:site_name\" content=\"Gambling6\" \/>\n<meta property=\"article:published_time\" content=\"2025-11-17T14:48:52+00:00\" \/>\n<meta property=\"article:modified_time\" content=\"2025-11-17T16:21:39+00:00\" \/>\n<meta property=\"og:image\" content=\"https:\/\/media.revenueplanet.com\/uploads\/nbb-468x60-nov-generic.gif\" \/>\n<meta name=\"author\" content=\"Catfish\" \/>\n<meta name=\"twitter:card\" content=\"summary_large_image\" \/>\n<meta name=\"twitter:label1\" content=\"Napsal(a)\" \/>\n\t<meta name=\"twitter:data1\" content=\"Catfish\" \/>\n\t<meta name=\"twitter:label2\" content=\"Odhadovan\u00e1 doba \u010dten\u00ed\" \/>\n\t<meta name=\"twitter:data2\" content=\"3 minuty\" \/>\n<script type=\"application\/ld+json\" class=\"yoast-schema-graph\">{\"@context\":\"https:\\\/\\\/schema.org\",\"@graph\":[{\"@type\":\"Article\",\"@id\":\"https:\\\/\\\/gambling6.com\\\/cs\\\/bingo\\\/uspech-v-online-bingu\\\/#article\",\"isPartOf\":{\"@id\":\"https:\\\/\\\/gambling6.com\\\/cs\\\/bingo\\\/uspech-v-online-bingu\\\/\"},\"author\":{\"name\":\"Catfish\",\"@id\":\"https:\\\/\\\/gambling6.com\\\/cs\\\/#\\\/schema\\\/person\\\/d093de87a44a018ef67117d02d86ddaf\"},\"headline\":\"\u00dasp\u011bch v online bingu\",\"datePublished\":\"2025-11-17T14:48:52+00:00\",\"dateModified\":\"2025-11-17T16:21:39+00:00\",\"mainEntityOfPage\":{\"@id\":\"https:\\\/\\\/gambling6.com\\\/cs\\\/bingo\\\/uspech-v-online-bingu\\\/\"},\"wordCount\":586,\"image\":{\"@id\":\"https:\\\/\\\/gambling6.com\\\/cs\\\/bingo\\\/uspech-v-online-bingu\\\/#primaryimage\"},\"thumbnailUrl\":\"https:\\\/\\\/media.revenueplanet.com\\\/uploads\\\/nbb-468x60-nov-generic.gif\",\"articleSection\":[\"Novinky o bingu\",\"Strategie pro bingo\"],\"inLanguage\":\"cs\"},{\"@type\":\"WebPage\",\"@id\":\"https:\\\/\\\/gambling6.com\\\/cs\\\/bingo\\\/uspech-v-online-bingu\\\/\",\"url\":\"https:\\\/\\\/gambling6.com\\\/cs\\\/bingo\\\/uspech-v-online-bingu\\\/\",\"name\":\"Hern\u00ed strategie pro online bingo\",\"isPartOf\":{\"@id\":\"https:\\\/\\\/gambling6.com\\\/cs\\\/#website\"},\"primaryImageOfPage\":{\"@id\":\"https:\\\/\\\/gambling6.com\\\/cs\\\/bingo\\\/uspech-v-online-bingu\\\/#primaryimage\"},\"image\":{\"@id\":\"https:\\\/\\\/gambling6.com\\\/cs\\\/bingo\\\/uspech-v-online-bingu\\\/#primaryimage\"},\"thumbnailUrl\":\"https:\\\/\\\/media.revenueplanet.com\\\/uploads\\\/nbb-468x60-nov-generic.gif\",\"datePublished\":\"2025-11-17T14:48:52+00:00\",\"dateModified\":\"2025-11-17T16:21:39+00:00\",\"author\":{\"@id\":\"https:\\\/\\\/gambling6.com\\\/cs\\\/#\\\/schema\\\/person\\\/d093de87a44a018ef67117d02d86ddaf\"},\"description\":\"Zvy\u0161te sv\u00e9 \u0161ance na v\u00fdhru v online bingu dodr\u017eov\u00e1n\u00edm spr\u00e1vn\u00e9 hern\u00ed strategie.\",\"breadcrumb\":{\"@id\":\"https:\\\/\\\/gambling6.com\\\/cs\\\/bingo\\\/uspech-v-online-bingu\\\/#breadcrumb\"},\"inLanguage\":\"cs\",\"potentialAction\":[{\"@type\":\"ReadAction\",\"target\":[\"https:\\\/\\\/gambling6.com\\\/cs\\\/bingo\\\/uspech-v-online-bingu\\\/\"]}]},{\"@type\":\"ImageObject\",\"inLanguage\":\"cs\",\"@id\":\"https:\\\/\\\/gambling6.com\\\/cs\\\/bingo\\\/uspech-v-online-bingu\\\/#primaryimage\",\"url\":\"https:\\\/\\\/media.revenueplanet.com\\\/uploads\\\/nbb-468x60-nov-generic.gif\",\"contentUrl\":\"https:\\\/\\\/media.revenueplanet.com\\\/uploads\\\/nbb-468x60-nov-generic.gif\"},{\"@type\":\"BreadcrumbList\",\"@id\":\"https:\\\/\\\/gambling6.com\\\/cs\\\/bingo\\\/uspech-v-online-bingu\\\/#breadcrumb\",\"itemListElement\":[{\"@type\":\"ListItem\",\"position\":1,\"name\":\"Home\",\"item\":\"https:\\\/\\\/gambling6.com\\\/cs\\\/home\\\/\"},{\"@type\":\"ListItem\",\"position\":2,\"name\":\"\u00dasp\u011bch v online bingu\"}]},{\"@type\":\"WebSite\",\"@id\":\"https:\\\/\\\/gambling6.com\\\/cs\\\/#website\",\"url\":\"https:\\\/\\\/gambling6.com\\\/cs\\\/\",\"name\":\"Gambling6\",\"description\":\"\",\"potentialAction\":[{\"@type\":\"SearchAction\",\"target\":{\"@type\":\"EntryPoint\",\"urlTemplate\":\"https:\\\/\\\/gambling6.com\\\/cs\\\/?s={search_term_string}\"},\"query-input\":{\"@type\":\"PropertyValueSpecification\",\"valueRequired\":true,\"valueName\":\"search_term_string\"}}],\"inLanguage\":\"cs\"},{\"@type\":\"Person\",\"@id\":\"https:\\\/\\\/gambling6.com\\\/cs\\\/#\\\/schema\\\/person\\\/d093de87a44a018ef67117d02d86ddaf\",\"name\":\"Catfish\",\"image\":{\"@type\":\"ImageObject\",\"inLanguage\":\"cs\",\"@id\":\"https:\\\/\\\/secure.gravatar.com\\\/avatar\\\/32edfa28ccbf005c231538b245a2670a36c7f33f2d3a9ab09e50843b363f2821?s=96&d=mm&r=g\",\"url\":\"https:\\\/\\\/secure.gravatar.com\\\/avatar\\\/32edfa28ccbf005c231538b245a2670a36c7f33f2d3a9ab09e50843b363f2821?s=96&d=mm&r=g\",\"contentUrl\":\"https:\\\/\\\/secure.gravatar.com\\\/avatar\\\/32edfa28ccbf005c231538b245a2670a36c7f33f2d3a9ab09e50843b363f2821?s=96&d=mm&r=g\",\"caption\":\"Catfish\"},\"sameAs\":[\"http:\\\/\\\/gambling6.com\"],\"url\":\"https:\\\/\\\/gambling6.com\\\/cs\\\/author\\\/catfish\\\/\"}]}<\/script>\n<!-- \/ Yoast SEO plugin. -->","yoast_head_json":{"title":"Hern\u00ed strategie pro online bingo","description":"Zvy\u0161te sv\u00e9 \u0161ance na v\u00fdhru v online bingu dodr\u017eov\u00e1n\u00edm spr\u00e1vn\u00e9 hern\u00ed strategie.","robots":{"index":"index","follow":"follow","max-snippet":"max-snippet:-1","max-image-preview":"max-image-preview:large","max-video-preview":"max-video-preview:-1"},"canonical":"https:\/\/gambling6.com\/cs\/bingo\/uspech-v-online-bingu\/","og_locale":"cs_CZ","og_type":"article","og_title":"Hern\u00ed strategie pro online bingo","og_description":"Zvy\u0161te sv\u00e9 \u0161ance na v\u00fdhru v online bingu dodr\u017eov\u00e1n\u00edm spr\u00e1vn\u00e9 hern\u00ed strategie.","og_url":"https:\/\/gambling6.com\/cs\/bingo\/uspech-v-online-bingu\/","og_site_name":"Gambling6","article_published_time":"2025-11-17T14:48:52+00:00","article_modified_time":"2025-11-17T16:21:39+00:00","og_image":[{"url":"https:\/\/media.revenueplanet.com\/uploads\/nbb-468x60-nov-generic.gif","type":"","width":"","height":""}],"author":"Catfish","twitter_card":"summary_large_image","twitter_misc":{"Napsal(a)":"Catfish","Odhadovan\u00e1 doba \u010dten\u00ed":"3 minuty"},"schema":{"@context":"https:\/\/schema.org","@graph":[{"@type":"Article","@id":"https:\/\/gambling6.com\/cs\/bingo\/uspech-v-online-bingu\/#article","isPartOf":{"@id":"https:\/\/gambling6.com\/cs\/bingo\/uspech-v-online-bingu\/"},"author":{"name":"Catfish","@id":"https:\/\/gambling6.com\/cs\/#\/schema\/person\/d093de87a44a018ef67117d02d86ddaf"},"headline":"\u00dasp\u011bch v online bingu","datePublished":"2025-11-17T14:48:52+00:00","dateModified":"2025-11-17T16:21:39+00:00","mainEntityOfPage":{"@id":"https:\/\/gambling6.com\/cs\/bingo\/uspech-v-online-bingu\/"},"wordCount":586,"image":{"@id":"https:\/\/gambling6.com\/cs\/bingo\/uspech-v-online-bingu\/#primaryimage"},"thumbnailUrl":"https:\/\/media.revenueplanet.com\/uploads\/nbb-468x60-nov-generic.gif","articleSection":["Novinky o bingu","Strategie pro bingo"],"inLanguage":"cs"},{"@type":"WebPage","@id":"https:\/\/gambling6.com\/cs\/bingo\/uspech-v-online-bingu\/","url":"https:\/\/gambling6.com\/cs\/bingo\/uspech-v-online-bingu\/","name":"Hern\u00ed strategie pro online bingo","isPartOf":{"@id":"https:\/\/gambling6.com\/cs\/#website"},"primaryImageOfPage":{"@id":"https:\/\/gambling6.com\/cs\/bingo\/uspech-v-online-bingu\/#primaryimage"},"image":{"@id":"https:\/\/gambling6.com\/cs\/bingo\/uspech-v-online-bingu\/#primaryimage"},"thumbnailUrl":"https:\/\/media.revenueplanet.com\/uploads\/nbb-468x60-nov-generic.gif","datePublished":"2025-11-17T14:48:52+00:00","dateModified":"2025-11-17T16:21:39+00:00","author":{"@id":"https:\/\/gambling6.com\/cs\/#\/schema\/person\/d093de87a44a018ef67117d02d86ddaf"},"description":"Zvy\u0161te sv\u00e9 \u0161ance na v\u00fdhru v online bingu dodr\u017eov\u00e1n\u00edm spr\u00e1vn\u00e9 hern\u00ed strategie.","breadcrumb":{"@id":"https:\/\/gambling6.com\/cs\/bingo\/uspech-v-online-bingu\/#breadcrumb"},"inLanguage":"cs","potentialAction":[{"@type":"ReadAction","target":["https:\/\/gambling6.com\/cs\/bingo\/uspech-v-online-bingu\/"]}]},{"@type":"ImageObject","inLanguage":"cs","@id":"https:\/\/gambling6.com\/cs\/bingo\/uspech-v-online-bingu\/#primaryimage","url":"https:\/\/media.revenueplanet.com\/uploads\/nbb-468x60-nov-generic.gif","contentUrl":"https:\/\/media.revenueplanet.com\/uploads\/nbb-468x60-nov-generic.gif"},{"@type":"BreadcrumbList","@id":"https:\/\/gambling6.com\/cs\/bingo\/uspech-v-online-bingu\/#breadcrumb","itemListElement":[{"@type":"ListItem","position":1,"name":"Home","item":"https:\/\/gambling6.com\/cs\/home\/"},{"@type":"ListItem","position":2,"name":"\u00dasp\u011bch v online bingu"}]},{"@type":"WebSite","@id":"https:\/\/gambling6.com\/cs\/#website","url":"https:\/\/gambling6.com\/cs\/","name":"Gambling6","description":"","potentialAction":[{"@type":"SearchAction","target":{"@type":"EntryPoint","urlTemplate":"https:\/\/gambling6.com\/cs\/?s={search_term_string}"},"query-input":{"@type":"PropertyValueSpecification","valueRequired":true,"valueName":"search_term_string"}}],"inLanguage":"cs"},{"@type":"Person","@id":"https:\/\/gambling6.com\/cs\/#\/schema\/person\/d093de87a44a018ef67117d02d86ddaf","name":"Catfish","image":{"@type":"ImageObject","inLanguage":"cs","@id":"https:\/\/secure.gravatar.com\/avatar\/32edfa28ccbf005c231538b245a2670a36c7f33f2d3a9ab09e50843b363f2821?s=96&d=mm&r=g","url":"https:\/\/secure.gravatar.com\/avatar\/32edfa28ccbf005c231538b245a2670a36c7f33f2d3a9ab09e50843b363f2821?s=96&d=mm&r=g","contentUrl":"https:\/\/secure.gravatar.com\/avatar\/32edfa28ccbf005c231538b245a2670a36c7f33f2d3a9ab09e50843b363f2821?s=96&d=mm&r=g","caption":"Catfish"},"sameAs":["http:\/\/gambling6.com"],"url":"https:\/\/gambling6.com\/cs\/author\/catfish\/"}]}},"_links":{"self":[{"href":"https:\/\/gambling6.com\/cs\/wp-json\/wp\/v2\/pages\/11082","targetHints":{"allow":["GET"]}}],"collection":[{"href":"https:\/\/gambling6.com\/cs\/wp-json\/wp\/v2\/pages"}],"about":[{"href":"https:\/\/gambling6.com\/cs\/wp-json\/wp\/v2\/types\/page"}],"author":[{"embeddable":true,"href":"https:\/\/gambling6.com\/cs\/wp-json\/wp\/v2\/users\/1"}],"replies":[{"embeddable":true,"href":"https:\/\/gambling6.com\/cs\/wp-json\/wp\/v2\/comments?post=11082"}],"version-history":[{"count":1,"href":"https:\/\/gambling6.com\/cs\/wp-json\/wp\/v2\/pages\/11082\/revisions"}],"predecessor-version":[{"id":11103,"href":"https:\/\/gambling6.com\/cs\/wp-json\/wp\/v2\/pages\/11082\/revisions\/11103"}],"up":[{"embeddable":true,"href":"https:\/\/gambling6.com\/cs\/wp-json\/wp\/v2\/pages\/8486"}],"wp:attachment":[{"href":"https:\/\/gambling6.com\/cs\/wp-json\/wp\/v2\/media?parent=11082"}],"curies":[{"name":"wp","href":"https:\/\/api.w.org\/{rel}","templated":true}]}}