{"id":8046,"date":"2025-10-29T07:04:35","date_gmt":"2025-10-29T07:04:35","guid":{"rendered":"https:\/\/gambling6.com\/?page_id=8046"},"modified":"2025-10-29T11:28:51","modified_gmt":"2025-10-29T11:28:51","slug":"home","status":"publish","type":"page","link":"https:\/\/gambling6.com\/cs\/","title":{"rendered":"Home"},"content":{"rendered":"<h1>V\u00edtejte na Gambling6 \u2013 informace o v\u0161em, co pot\u0159ebujete v\u011bd\u011bt o hazardu o pen\u00edze<\/h1>\n<p><img loading=\"lazy\" decoding=\"async\" class=\" wp-image-2679 alignright\" src=\"https:\/\/gambling6.com\/wp-content\/uploads\/2022\/04\/1_win_lottery_online1.jpg\" alt=\"online hazardn\u00ed hry o pen\u00edze\" width=\"253\" height=\"168\" \/><br \/>\nPro mnoho lid\u00ed m\u016f\u017ee b\u00fdt sv\u011bt online hazardu o skute\u010dn\u00e9 pen\u00edze d\u011bsiv\u00fd a n\u011bco, co se boj\u00ed vyzkou\u0161et. Mo\u017en\u00e1 maj\u00ed r\u00e1di hazard obecn\u011b, ale p\u0159em\u00fd\u0161lej\u00ed, zda lze online hazardn\u00edm web\u016fm d\u016fv\u011b\u0159ovat. Dnes je to v\u0161ak jeden z nejjednodu\u0161\u0161\u00edch zp\u016fsob\u016f, jak si u\u017e\u00edt v\u0161echny sv\u00e9 obl\u00edben\u00e9 kasinov\u00e9 hry, i kdy\u017e ne\u017eijete v bl\u00edzkosti kasina.<\/p>\n<p>Online hazardn\u00ed weby vytvo\u0159ily zp\u016fsob, jak mohou lid\u00e9 hr\u00e1t poker, blackjack, ruletu, video poker, automaty, bingo, st\u00edrac\u00ed losy, s\u00e1zet na sportovn\u00ed ud\u00e1losti a nyn\u00ed se dokonce m\u016f\u017eete \u00fa\u010dastnit jak\u00e9hokoli z velk\u00fdch sv\u011btov\u00fdch loterijn\u00edch jackpot\u016f online \u2013 ani\u017e byste museli opustit pohodl\u00ed sv\u00e9ho domova.<\/p>\n<p>Ka\u017ed\u00fd m\u00e1 r\u00e1d kasinov\u00e9 str\u00e1nky s rychl\u00fdmi v\u00fdplatami, a pokud m\u00e1te r\u00e1di hazardn\u00ed hry, m\u011bli byste se pod\u00edvat, o co jde, a zjistit, jak m\u016f\u017eete za\u010d\u00edt s mnoha online hern\u00edmi str\u00e1nkami, kter\u00e9 jsou k dispozici. Poslechn\u011bte si rady online hazardn\u00edho webu, jako je ten n\u00e1\u0161, kter\u00e9 v\u00e1m pomohou vybrat dobr\u00e9ho poskytovatele a zajist\u00ed v\u00e1m skv\u011bl\u00fd z\u00e1\u017eitek. Pokud chcete za\u010d\u00edt hned, tady jsou moje osobn\u00ed doporu\u010den\u00ed:<\/p>\n<h2>Nejlep\u0161\u00ed v\u0161estrann\u00e1 hazardn\u00ed str\u00e1nka<\/h2>\n<p>Osobn\u011b r\u00e1d prov\u00e1d\u00edm v\u0161echny sv\u00e9 online hazardn\u00ed hry pod jednou st\u0159echou, ani\u017e bych musel vkl\u00e1dat pen\u00edze na r\u016fzn\u00e9 str\u00e1nky. Proto je mou obl\u00edbenou v\u0161estrannou str\u00e1nkou 888 \u2013 skv\u011bl\u00e9 online kasino s nej\u00fa\u017easn\u011bj\u0161\u00edmi hrac\u00edmi automaty, jak\u00e9 jsem kdy vid\u011bl, a vynikaj\u00edc\u00ed online pokerovou hernou. V\u00fdb\u011br kasinov\u00fdch her, v\u010detn\u011b blackjacku, rulety a dal\u0161\u00edch, spln\u00ed v\u0161echna va\u0161e p\u0159\u00e1n\u00ed. Pokud hled\u00e1te z\u00e1\u017eitek z binga nebo st\u00edrac\u00edch los\u016f jako v re\u00e1ln\u00e9m \u017eivot\u011b, nenajdete nic lep\u0161\u00edho ne\u017e 888.<\/p>\n<p>A pak je tu sekce sportovn\u00edch s\u00e1zek, kter\u00e1 nab\u00edz\u00ed \u0161irok\u00fd v\u00fdb\u011br ud\u00e1lost\u00ed, na kter\u00e9 m\u016f\u017eete s\u00e1zet, a nejlep\u0161\u00ed kurzy, jak\u00e9 na webu najdete. M\u016f\u017eete dokonce s\u00e1zet na finan\u010dn\u00ed trhy, jako jsou hlavn\u00ed akciov\u00e9 indexy a sm\u011bnn\u00e9 kurzy m\u011bn! Pou\u017eijte tento odkaz a p\u0159ejd\u011bte je\u0161t\u011b dnes <a class=\"thirstylink\" title=\"888 casino en\" href=\"https:\/\/gambling6.com\/go\/888-casino-en\/\" target=\"_blank\" rel=\"nofollow noopener\">na 888, kde z\u00edsk\u00e1te bonus a\u017e 1500 \u20ac k va\u0161emu prvn\u00edmu vkladu.<\/a><\/p>\n<h2>Nejlep\u0161\u00ed v\u0161estrann\u00fd hazardn\u00ed web pro obyvatele USA<\/h2>\n<p>Pokud jste obyvatelem USA, va\u0161e mo\u017enosti jsou omezen\u00e9 a n\u011bkte\u0159\u00ed provozovatel\u00e9, kte\u0159\u00ed p\u0159ij\u00edmaj\u00ed klienty z USA, jsou pon\u011bkud pochybn\u00ed, tak\u017ee si mus\u00edte d\u00e1vat pozor, koho si vyberete.<\/p>\n<p>Jedna str\u00e1nka v\u0161ak vy\u010dn\u00edv\u00e1 z davu, a to <a class=\"thirstylink\" title=\"Betonline casino en\" href=\"https:\/\/gambling6.com\/go\/betonline-casino-en\/\" target=\"_blank\" rel=\"nofollow noopener\">Betonline \u2013 zde m\u016f\u017eete hr\u00e1t online poker, kasinov\u00e9 hry, automaty, ruletu, blackjack a s\u00e1zet na sport.<\/a> P\u0159ij\u00edmaj\u00ed hr\u00e1\u010de z USA a existuje n\u011bkolik zp\u016fsob\u016f, jak m\u016f\u017eete vlo\u017eit prost\u0159edky na sv\u016fj \u00fa\u010det a tak\u00e9 vybrat sv\u00e9 v\u00fdhry.<\/p>\n<h2>Gambling6 \u2013 \u0161est nejobl\u00edben\u011bj\u0161\u00edch forem online hazardn\u00edch her<\/h2>\n<p>Na Gambling6.com najdete informace o n\u00e1sleduj\u00edc\u00edch t\u00e9matech:<\/p>\n<ul>\n<li>Kasino hry, v\u010detn\u011b blackjacku, rulety, craps, video pokeru, automat\u016f atd.<\/li>\n<li>Poker ve v\u0161ech variant\u00e1ch<\/li>\n<li>Online bingo<\/li>\n<li>Online st\u00edrac\u00ed losy<\/li>\n<li>Sportovn\u00ed s\u00e1zen\u00ed a s\u00e1zen\u00ed na jin\u00e9 ud\u00e1losti<\/li>\n<li>Jak z\u00edskat online tiket na jakoukoli loterii mimo zemi va\u0161eho bydli\u0161t\u011b<\/li>\n<\/ul>\n<h2>Co takhle trochu loterijn\u00ed z\u00e1bavy a jackpoty sv\u011btov\u00e9 t\u0159\u00eddy?<\/h2>\n<p>P\u0159edpokl\u00e1dejme, \u017ee jste fanou\u0161kem loterie a nechcete se omezovat na m\u00edstn\u00ed loterii. V tom p\u0159\u00edpad\u011b pro v\u00e1s m\u00e1me dobrou zpr\u00e1vu: Nyn\u00ed m\u016f\u017eete zkusit \u0161t\u011bst\u00ed v jak\u00e9mkoli loterijn\u00edm jackpotu po cel\u00e9m sv\u011bt\u011b \u2013 RedFoxLotto v\u00e1m umo\u017e\u0148uje zakoupit online loterijn\u00ed tikety do nejv\u011bt\u0161\u00edch loterijn\u00edch jackpot\u016f na sv\u011bt\u011b, jako jsou Mega Millions, Powerball, El Gordo, EuroMillions a mnoho dal\u0161\u00edch. <a href=\"http:\/\/https;\/\/redfoxlotto.com\/cs\">Klikn\u011bte zde, abyste zjistili, kter\u00e1 loterie m\u00e1 nejvy\u0161\u0161\u00ed jackpot, a z\u00edskejte tiket b\u011bhem n\u011bkolika sekund!<\/a><\/p>\n<h2>\u010casto kladen\u00e9 ot\u00e1zky o online kasinech<\/h2>\n<p>Pokud jste ve sv\u011bt\u011b online kasin nov\u00e1\u010dkem, pravd\u011bpodobn\u011b m\u00e1te ot\u00e1zky ohledn\u011b hran\u00ed online her a toho, jak to cel\u00e9 funguje. N\u011bkter\u00e9 z va\u0161ich ot\u00e1zek jsou stejn\u00e9 jako ot\u00e1zky mnoha dal\u0161\u00edch nov\u00fdch hr\u00e1\u010d\u016f online kasin. Odpov\u011bdi na tyto ot\u00e1zky najdete v t\u00e9to sekci \u010dasto kladen\u00fdch ot\u00e1zek, kter\u00e9 v\u00e1m pomohou za\u010d\u00edt.<\/p>\n<p><strong>Mus\u00edm m\u00edt ur\u010dit\u00fd v\u011bk, abych mohl hr\u00e1t v online kasinu?<\/strong><\/p>\n<p>Ka\u017ed\u00e9 online kasino si stanovuje vlastn\u00ed pravidla a pokyny. V\u011bt\u0161ina z nich v\u0161ak vy\u017eaduje, aby hr\u00e1\u010di m\u011bli 18 nebo 21 let, aby se mohli \u00fa\u010dastnit kasinov\u00fdch her o skute\u010dn\u00e9 pen\u00edze.<\/p>\n<p><strong>Mus\u00edm si do po\u010d\u00edta\u010de stahovat n\u011bco, abych mohl hr\u00e1t online kasinov\u00e9 hry?<\/strong><\/p>\n<p>Mnoho online kasin v\u00e1m umo\u017en\u00ed hr\u00e1t v re\u017eimu okam\u017eit\u00e9 hry. Pokud se rozhodnete vyu\u017e\u00edt re\u017eim okam\u017eit\u00e9 hry, nebudete si muset do po\u010d\u00edta\u010de stahovat \u017e\u00e1dn\u00fd software.<\/p>\n<p><strong>Jak obt\u00ed\u017en\u00e1 je registrace v online kasinu?<\/strong><\/p>\n<p>Proces registrace je ve skute\u010dnosti velmi snadn\u00fd. Budete muset zadat z\u00e1kladn\u00ed informace o sob\u011b a st\u00e1hnout a nainstalovat software, pokud pl\u00e1nujete hr\u00e1t hry, kter\u00e9 vy\u017eaduj\u00ed sta\u017een\u00ed. Cel\u00fd proces trv\u00e1 jen n\u011bkolik minut.<\/p>\n<p><strong>Mus\u00edm hned vlo\u017eit pen\u00edze?<\/strong><\/p>\n<p>V\u011bt\u0161ina kasin v\u00e1m umo\u017en\u00ed vyzkou\u0161et si jejich hry bez vkladu. N\u011bkter\u00e1 v\u00e1m poskytnou bezplatn\u00e1 oto\u010den\u00ed nebo v\u00e1m umo\u017en\u00ed hr\u00e1t zdarma po ur\u010ditou dobu. \u010casto si b\u011bhem t\u00e9to doby m\u016f\u017eete dokonce ponechat sv\u00e9 v\u00fdhry, pokud pozd\u011bji provedete vklad skute\u010dn\u00fdch pen\u011bz!<\/p>\n<p><strong>O \u010dem jsou bonusy?<\/strong><\/p>\n<p>V\u011bt\u0161ina online kasin pou\u017e\u00edv\u00e1 bonusy, aby p\u0159il\u00e1kala hr\u00e1\u010de k hran\u00ed a k n\u00e1vratu. N\u011bkter\u00e9 bonusy maj\u00ed hodnotu stovek nebo dokonce tis\u00edc\u016f dolar\u016f. V\u011bt\u0161inou budete muset bonusy nejprve splnit, ne\u017e k nim z\u00edsk\u00e1te p\u0159\u00edstup. Pokyny k vy\u010derp\u00e1n\u00ed bonusu najdete v online kasinu, kter\u00e9 bonus nab\u00edz\u00ed.<\/p>\n<p><strong>Jak\u00e9 hry mohu hr\u00e1t v online kasinu?<\/strong><\/p>\n<p>Ka\u017ed\u00e9 online kasino nab\u00edz\u00ed vlastn\u00ed v\u00fdb\u011br her. Mezi nej\u010dast\u011bji se vyskytuj\u00edc\u00ed hry v\u0161ak pat\u0159\u00ed video automaty, v\u00fdhern\u00ed automaty, ruleta, kostky, blackjack, poker a dokonce i loterie z cel\u00e9ho sv\u011bta.<\/p>\n<p><strong>Kolik pen\u011bz mohu ve skute\u010dnosti vyhr\u00e1t hran\u00edm v online kasinu?<\/strong><\/p>\n<p>Za prv\u00e9, nem\u00e1te \u017e\u00e1dnou z\u00e1ruku, \u017ee v\u016fbec n\u011bco vyhrajete. Nicm\u00e9n\u011b, je mo\u017en\u00e9 vyhr\u00e1t spoustu pen\u011bz. Najdete zde jackpoty na hrac\u00edch automatech v hodnot\u011b milion\u016f dolar\u016f, pokerov\u00e9 turnaje s garantovanou v\u00fdhrou 1 milion dolar\u016f nebo v\u00edce atd. Ve skute\u010dnosti m\u00e1 v\u011bt\u0161ina online kasin lep\u0161\u00ed v\u00fdplatn\u00ed procenta ne\u017e kamenn\u00e1 kasina. Je to proto, \u017ee maj\u00ed ni\u017e\u0161\u00ed re\u017eijn\u00ed n\u00e1klady a mohou si dovolit vypl\u00e1cet vy\u0161\u0161\u00ed s\u00e1zky.<\/p>\n","protected":false},"excerpt":{"rendered":"<p>V\u00edtejte na Gambling6 \u2013 informace o v\u0161em, co pot\u0159ebujete v\u011bd\u011bt o hazardu o pen\u00edze Pro mnoho lid\u00ed m\u016f\u017ee b\u00fdt sv\u011bt online hazardu o skute\u010dn\u00e9 pen\u00edze d\u011bsiv\u00fd a n\u011bco, co se boj\u00ed vyzkou\u0161et. Mo\u017en\u00e1 maj\u00ed r\u00e1di hazard obecn\u011b, ale p\u0159em\u00fd\u0161lej\u00ed, zda lze online hazardn\u00edm web\u016fm d\u016fv\u011b\u0159ovat. Dnes je to v\u0161ak jeden z nejjednodu\u0161\u0161\u00edch zp\u016fsob\u016f, jak si [&hellip;]<\/p>\n","protected":false},"author":1,"featured_media":0,"parent":0,"menu_order":1,"comment_status":"closed","ping_status":"closed","template":"","meta":{"footnotes":""},"class_list":["post-8046","page","type-page","status-publish","hentry"],"yoast_head":"<!-- This site is optimized with the Yoast SEO plugin v27.4 - https:\/\/yoast.com\/product\/yoast-seo-wordpress\/ -->\n<title>Nejlep\u0161\u00ed online hazardn\u00ed hry o pen\u00edze | V\u00edtejte na Gambling6<\/title>\n<meta name=\"description\" content=\"Pokud m\u00e1te r\u00e1di hazardn\u00ed hry o pen\u00edze, n\u00e1\u0161 web o hazardn\u00edch hr\u00e1ch obsahuje v\u0161echny informace, kter\u00e9 pot\u0159ebujete o 6 nejobl\u00edben\u011bj\u0161\u00edch online hr\u00e1ch.\" \/>\n<meta name=\"robots\" content=\"index, follow, max-snippet:-1, max-image-preview:large, max-video-preview:-1\" \/>\n<link rel=\"canonical\" href=\"https:\/\/gambling6.com\/cs\/\" \/>\n<meta property=\"og:locale\" content=\"cs_CZ\" \/>\n<meta property=\"og:type\" content=\"article\" \/>\n<meta property=\"og:title\" content=\"Nejlep\u0161\u00ed online hazardn\u00ed hry o pen\u00edze | V\u00edtejte na Gambling6\" \/>\n<meta property=\"og:description\" content=\"Pokud m\u00e1te r\u00e1di hazardn\u00ed hry o pen\u00edze, n\u00e1\u0161 web o hazardn\u00edch hr\u00e1ch obsahuje v\u0161echny informace, kter\u00e9 pot\u0159ebujete o 6 nejobl\u00edben\u011bj\u0161\u00edch online hr\u00e1ch.\" \/>\n<meta property=\"og:url\" content=\"https:\/\/gambling6.com\/cs\/\" \/>\n<meta property=\"og:site_name\" content=\"Gambling6\" \/>\n<meta property=\"article:modified_time\" content=\"2025-10-29T11:28:51+00:00\" \/>\n<meta property=\"og:image\" content=\"https:\/\/gambling6.com\/wp-content\/uploads\/2022\/04\/1_win_lottery_online1.jpg\" \/>\n\t<meta property=\"og:image:width\" content=\"300\" \/>\n\t<meta property=\"og:image:height\" content=\"199\" \/>\n\t<meta property=\"og:image:type\" content=\"image\/jpeg\" \/>\n<meta name=\"twitter:card\" content=\"summary_large_image\" \/>\n<meta name=\"twitter:label1\" content=\"Odhadovan\u00e1 doba \u010dten\u00ed\" \/>\n\t<meta name=\"twitter:data1\" content=\"6 minut\" \/>\n<script type=\"application\/ld+json\" class=\"yoast-schema-graph\">{\"@context\":\"https:\\\/\\\/schema.org\",\"@graph\":[{\"@type\":\"WebPage\",\"@id\":\"https:\\\/\\\/gambling6.com\\\/cs\\\/\",\"url\":\"https:\\\/\\\/gambling6.com\\\/cs\\\/\",\"name\":\"Nejlep\u0161\u00ed online hazardn\u00ed hry o pen\u00edze | V\u00edtejte na Gambling6\",\"isPartOf\":{\"@id\":\"https:\\\/\\\/gambling6.com\\\/cs\\\/#website\"},\"primaryImageOfPage\":{\"@id\":\"https:\\\/\\\/gambling6.com\\\/cs\\\/#primaryimage\"},\"image\":{\"@id\":\"https:\\\/\\\/gambling6.com\\\/cs\\\/#primaryimage\"},\"thumbnailUrl\":\"https:\\\/\\\/gambling6.com\\\/wp-content\\\/uploads\\\/2022\\\/04\\\/1_win_lottery_online1.jpg\",\"datePublished\":\"2025-10-29T07:04:35+00:00\",\"dateModified\":\"2025-10-29T11:28:51+00:00\",\"description\":\"Pokud m\u00e1te r\u00e1di hazardn\u00ed hry o pen\u00edze, n\u00e1\u0161 web o hazardn\u00edch hr\u00e1ch obsahuje v\u0161echny informace, kter\u00e9 pot\u0159ebujete o 6 nejobl\u00edben\u011bj\u0161\u00edch online hr\u00e1ch.\",\"breadcrumb\":{\"@id\":\"https:\\\/\\\/gambling6.com\\\/cs\\\/#breadcrumb\"},\"inLanguage\":\"cs\",\"potentialAction\":[{\"@type\":\"ReadAction\",\"target\":[\"https:\\\/\\\/gambling6.com\\\/cs\\\/\"]}]},{\"@type\":\"ImageObject\",\"inLanguage\":\"cs\",\"@id\":\"https:\\\/\\\/gambling6.com\\\/cs\\\/#primaryimage\",\"url\":\"https:\\\/\\\/gambling6.com\\\/wp-content\\\/uploads\\\/2022\\\/04\\\/1_win_lottery_online1.jpg\",\"contentUrl\":\"https:\\\/\\\/gambling6.com\\\/wp-content\\\/uploads\\\/2022\\\/04\\\/1_win_lottery_online1.jpg\"},{\"@type\":\"BreadcrumbList\",\"@id\":\"https:\\\/\\\/gambling6.com\\\/cs\\\/#breadcrumb\",\"itemListElement\":[{\"@type\":\"ListItem\",\"position\":1,\"name\":\"Home\",\"item\":\"https:\\\/\\\/gambling6.com\\\/cs\\\/home\\\/\"},{\"@type\":\"ListItem\",\"position\":2,\"name\":\"Home\"}]},{\"@type\":\"WebSite\",\"@id\":\"https:\\\/\\\/gambling6.com\\\/cs\\\/#website\",\"url\":\"https:\\\/\\\/gambling6.com\\\/cs\\\/\",\"name\":\"Gambling6\",\"description\":\"\",\"potentialAction\":[{\"@type\":\"SearchAction\",\"target\":{\"@type\":\"EntryPoint\",\"urlTemplate\":\"https:\\\/\\\/gambling6.com\\\/cs\\\/?s={search_term_string}\"},\"query-input\":{\"@type\":\"PropertyValueSpecification\",\"valueRequired\":true,\"valueName\":\"search_term_string\"}}],\"inLanguage\":\"cs\"}]}<\/script>\n<!-- \/ Yoast SEO plugin. -->","yoast_head_json":{"title":"Nejlep\u0161\u00ed online hazardn\u00ed hry o pen\u00edze | V\u00edtejte na Gambling6","description":"Pokud m\u00e1te r\u00e1di hazardn\u00ed hry o pen\u00edze, n\u00e1\u0161 web o hazardn\u00edch hr\u00e1ch obsahuje v\u0161echny informace, kter\u00e9 pot\u0159ebujete o 6 nejobl\u00edben\u011bj\u0161\u00edch online hr\u00e1ch.","robots":{"index":"index","follow":"follow","max-snippet":"max-snippet:-1","max-image-preview":"max-image-preview:large","max-video-preview":"max-video-preview:-1"},"canonical":"https:\/\/gambling6.com\/cs\/","og_locale":"cs_CZ","og_type":"article","og_title":"Nejlep\u0161\u00ed online hazardn\u00ed hry o pen\u00edze | V\u00edtejte na Gambling6","og_description":"Pokud m\u00e1te r\u00e1di hazardn\u00ed hry o pen\u00edze, n\u00e1\u0161 web o hazardn\u00edch hr\u00e1ch obsahuje v\u0161echny informace, kter\u00e9 pot\u0159ebujete o 6 nejobl\u00edben\u011bj\u0161\u00edch online hr\u00e1ch.","og_url":"https:\/\/gambling6.com\/cs\/","og_site_name":"Gambling6","article_modified_time":"2025-10-29T11:28:51+00:00","og_image":[{"width":300,"height":199,"url":"https:\/\/gambling6.com\/wp-content\/uploads\/2022\/04\/1_win_lottery_online1.jpg","type":"image\/jpeg"}],"twitter_card":"summary_large_image","twitter_misc":{"Odhadovan\u00e1 doba \u010dten\u00ed":"6 minut"},"schema":{"@context":"https:\/\/schema.org","@graph":[{"@type":"WebPage","@id":"https:\/\/gambling6.com\/cs\/","url":"https:\/\/gambling6.com\/cs\/","name":"Nejlep\u0161\u00ed online hazardn\u00ed hry o pen\u00edze | V\u00edtejte na Gambling6","isPartOf":{"@id":"https:\/\/gambling6.com\/cs\/#website"},"primaryImageOfPage":{"@id":"https:\/\/gambling6.com\/cs\/#primaryimage"},"image":{"@id":"https:\/\/gambling6.com\/cs\/#primaryimage"},"thumbnailUrl":"https:\/\/gambling6.com\/wp-content\/uploads\/2022\/04\/1_win_lottery_online1.jpg","datePublished":"2025-10-29T07:04:35+00:00","dateModified":"2025-10-29T11:28:51+00:00","description":"Pokud m\u00e1te r\u00e1di hazardn\u00ed hry o pen\u00edze, n\u00e1\u0161 web o hazardn\u00edch hr\u00e1ch obsahuje v\u0161echny informace, kter\u00e9 pot\u0159ebujete o 6 nejobl\u00edben\u011bj\u0161\u00edch online hr\u00e1ch.","breadcrumb":{"@id":"https:\/\/gambling6.com\/cs\/#breadcrumb"},"inLanguage":"cs","potentialAction":[{"@type":"ReadAction","target":["https:\/\/gambling6.com\/cs\/"]}]},{"@type":"ImageObject","inLanguage":"cs","@id":"https:\/\/gambling6.com\/cs\/#primaryimage","url":"https:\/\/gambling6.com\/wp-content\/uploads\/2022\/04\/1_win_lottery_online1.jpg","contentUrl":"https:\/\/gambling6.com\/wp-content\/uploads\/2022\/04\/1_win_lottery_online1.jpg"},{"@type":"BreadcrumbList","@id":"https:\/\/gambling6.com\/cs\/#breadcrumb","itemListElement":[{"@type":"ListItem","position":1,"name":"Home","item":"https:\/\/gambling6.com\/cs\/home\/"},{"@type":"ListItem","position":2,"name":"Home"}]},{"@type":"WebSite","@id":"https:\/\/gambling6.com\/cs\/#website","url":"https:\/\/gambling6.com\/cs\/","name":"Gambling6","description":"","potentialAction":[{"@type":"SearchAction","target":{"@type":"EntryPoint","urlTemplate":"https:\/\/gambling6.com\/cs\/?s={search_term_string}"},"query-input":{"@type":"PropertyValueSpecification","valueRequired":true,"valueName":"search_term_string"}}],"inLanguage":"cs"}]}},"_links":{"self":[{"href":"https:\/\/gambling6.com\/cs\/wp-json\/wp\/v2\/pages\/8046","targetHints":{"allow":["GET"]}}],"collection":[{"href":"https:\/\/gambling6.com\/cs\/wp-json\/wp\/v2\/pages"}],"about":[{"href":"https:\/\/gambling6.com\/cs\/wp-json\/wp\/v2\/types\/page"}],"author":[{"embeddable":true,"href":"https:\/\/gambling6.com\/cs\/wp-json\/wp\/v2\/users\/1"}],"replies":[{"embeddable":true,"href":"https:\/\/gambling6.com\/cs\/wp-json\/wp\/v2\/comments?post=8046"}],"version-history":[{"count":4,"href":"https:\/\/gambling6.com\/cs\/wp-json\/wp\/v2\/pages\/8046\/revisions"}],"predecessor-version":[{"id":8113,"href":"https:\/\/gambling6.com\/cs\/wp-json\/wp\/v2\/pages\/8046\/revisions\/8113"}],"wp:attachment":[{"href":"https:\/\/gambling6.com\/cs\/wp-json\/wp\/v2\/media?parent=8046"}],"curies":[{"name":"wp","href":"https:\/\/api.w.org\/{rel}","templated":true}]}}