{"id":8273,"date":"2025-11-07T08:44:43","date_gmt":"2025-11-07T08:44:43","guid":{"rendered":"https:\/\/gambling6.com\/kasino\/"},"modified":"2025-11-12T15:05:51","modified_gmt":"2025-11-12T15:05:51","slug":"kasino","status":"publish","type":"page","link":"https:\/\/gambling6.com\/cs\/kasino\/","title":{"rendered":"Kasino"},"content":{"rendered":"<h2>Pr\u016fvodce online kasinem pro za\u010d\u00e1te\u010dn\u00edky<\/h2>\n<p>Bu\u010fme up\u0159\u00edmn\u00ed \u2013 online kasino tu z\u016fstane. Vzhledem k jeho rostouc\u00ed popularit\u011b se potvrzuje, \u017ee ho hr\u00e1\u010di miluj\u00ed. Online hazardn\u00ed hry o skute\u010dn\u00e9 pen\u00edze ud\u011blaly radost ka\u017ed\u00e9mu, kdo s nimi za\u010dne, a \u017e\u00e1daj\u00ed o dal\u0161\u00ed. T\u00e9m\u011b\u0159 ka\u017ed\u00fd den se v t\u011bchto kasinech o skute\u010dn\u00e9 pen\u00edze obrac\u00ed velk\u00e9 mno\u017estv\u00ed pen\u011bz. A\u0165 u\u017e se jedn\u00e1 o vklady nebo v\u00fdb\u011bry, v\u0161e se d\u011bje superrychlou rychlost\u00ed p\u0159es internet.<\/p>\n<p>Pr\u00e1v\u011b zde v\u0161ak mnoho lid\u00ed za\u010d\u00edn\u00e1 b\u00fdt trochu nerv\u00f3zn\u00edch. Sp\u00ed\u0161e ne\u017e kombinace karet nebo automat\u016f jsou to platebn\u00ed mo\u017enosti a jejich zabezpe\u010den\u00ed, co hr\u00e1\u010de tr\u00e1p\u00ed. Ani je nelze vinit. Internetov\u00e9 transakce mohou zp\u016fsobit spoustu bolest\u00ed hlavy, pokud \u010dlov\u011bk nen\u00ed dostate\u010dn\u011b opatrn\u00fd.<\/p>\n<p>Proto se mnoho online kasin sna\u017e\u00ed p\u0159esv\u011bd\u010dit z\u00e1kazn\u00edky, \u017ee <strong>platebn\u00ed mo\u017enosti poskytovan\u00e9 na jejich str\u00e1nk\u00e1ch jsou bezpe\u010dn\u00e9.<\/strong> Je skute\u010dn\u011b dobr\u00e9 b\u00fdt opatrn\u00fd, pokud jde o online transakce. Posledn\u00ed v\u011bc, kterou chcete, je, aby se \u00fadaje o va\u0161\u00ed kreditn\u00ed kart\u011b dostaly do nespr\u00e1vn\u00fdch rukou. Na internetu je spousta hacker\u016f a podvodn\u00edk\u016f a to posledn\u00ed, co chcete, je st\u00e1t se jejich dal\u0161\u00ed ob\u011bt\u00ed. Nejlep\u0161\u00ed, co m\u016f\u017eete ud\u011blat, je roz\u0161\u00ed\u0159it si znalosti o online platebn\u00edch re\u017eimech a jejich rozmanitosti.<\/p>\n<p>Online kasina poskytuj\u00ed pom\u011brn\u011b dost platebn\u00edch kan\u00e1l\u016f, kter\u00e9 lze bezpe\u010dn\u011b pou\u017e\u00edvat p\u0159i hran\u00ed online hazardn\u00edch her. Platba kreditn\u00edmi nebo debetn\u00edmi kartami je v online kasinech pom\u011brn\u011b b\u011b\u017en\u00e1. T\u00e9m\u011b\u0159 v\u0161echna kasina p\u0159ij\u00edmaj\u00ed karty Visa, MasterCard a American Express. Kteroukoli z t\u011bchto karet m\u016f\u017eete pou\u017e\u00edt k prov\u00e1d\u011bn\u00ed transakc\u00ed.<\/p>\n<h2>Online kasina, kter\u00e1 p\u0159ij\u00edmaj\u00ed klienty z USA<\/h2>\n<p><img loading=\"lazy\" decoding=\"async\" class=\" wp-image-2901 alignright\" src=\"https:\/\/gambling6.com\/wp-content\/uploads\/2022\/04\/download-image2-300x190.jpg\" alt=\"sta\u017een\u00ed online kasina\" width=\"249\" height=\"158\" srcset=\"https:\/\/gambling6.com\/wp-content\/uploads\/2022\/04\/download-image2-300x190.jpg 300w, https:\/\/gambling6.com\/wp-content\/uploads\/2022\/04\/download-image2.jpg 435w\" sizes=\"auto, (max-width: 249px) 100vw, 249px\" \/>Pokud jste rezidentem Spojen\u00fdch st\u00e1t\u016f, va\u0161e mo\u017enosti, pokud jde o online kasina, jsou pon\u011bkud omezen\u00e9 kv\u016fli legislativ\u011b USA. Tot\u00e9\u017e plat\u00ed pro platebn\u00ed mo\u017enosti, kter\u00e9 m\u00e1te k dispozici. Proto byste jako rezident USA m\u011bli hledat kasino s pohodln\u00fdmi metodami pro vklady a v\u00fdb\u011bry, abyste mohli za\u010d\u00edt s online hazardn\u00edmi hrami.<\/p>\n<p>Zejm\u00e9na pokud jde o snadnost zpracov\u00e1n\u00ed plateb, kasino BetOnline vynik\u00e1 z davu, a proto ho v\u0159ele doporu\u010dujeme n\u00e1v\u0161t\u011bvn\u00edk\u016fm z USA. <a class=\"thirstylink\" title=\"Betonline casino en\" href=\"https:\/\/gambling6.com\/go\/betonline-casino-en\/\" target=\"_blank\" rel=\"nofollow noopener\"><strong>Klikn\u011bte <\/strong><strong>sem a nav\u0161tivte je hned te\u010f.<\/strong><\/a><\/p>\n<p>I kdy\u017e se to m\u016f\u017ee zd\u00e1t jako samoz\u0159ejmost, p\u0159ed zad\u00e1n\u00edm \u00fadaj\u016f o va\u0161\u00ed kreditn\u00ed kart\u011b se ujist\u011bte, \u017ee m\u00e1te jasno v \u00fa\u010delu transakce a \u017ee webu d\u016fv\u011b\u0159ujete. M\u016f\u017eete tak\u00e9 j\u00edt nad r\u00e1mec zad\u00e1v\u00e1n\u00ed \u00fadaj\u016f o kreditn\u00ed kart\u011b a zvolit online platebn\u00ed metody. Existuje pom\u011brn\u011b dost online port\u00e1l\u016f, kter\u00e9 jsou tomuto \u00fa\u010delu v\u011bnov\u00e1ny. Je pravda, \u017ee kasina mohou m\u00edt sv\u00e9 obl\u00edben\u00e9 online transak\u010dn\u00ed str\u00e1nky, ale n\u011bkter\u00e9 jsou popul\u00e1rn\u011bj\u0161\u00ed ne\u017e ostatn\u00ed.<\/p>\n<p>Mezi tyto online transak\u010dn\u00ed str\u00e1nky pat\u0159\u00ed Neteller, Money Transfer, eWalletXpress, PayPal, Instadebit a Moneybookers. Moneybookers je metoda, kter\u00e1 je v evropsk\u00fdch zem\u00edch v\u010detn\u011b Velk\u00e9 Brit\u00e1nie pom\u011brn\u011b popul\u00e1rn\u00ed. Tato funkce ud\u011blala z evropsk\u00fdch ob\u010dan\u016f velk\u00e9 fanou\u0161ky online kasin.<\/p>\n<h2>Kasina, kter\u00e1 zpracov\u00e1vaj\u00ed platby p\u0159es PayPal<\/h2>\n<p>Pokud zn\u00e1te PayPal, nebudete m\u00edt probl\u00e9m s jeho pou\u017e\u00edv\u00e1n\u00edm pro online hran\u00ed. V\u0161e, co mus\u00edte ud\u011blat, je zaregistrovat se a sp\u00e1rovat svou kreditn\u00ed kartu s \u00fa\u010dtem. Tento zp\u016fsob platby je akceptov\u00e1n v\u011bt\u0161inou kasin a online hazardn\u00edch str\u00e1nek. Pokud chcete z\u016fstat anonymn\u00ed p\u0159i online hazardn\u00edch hr\u00e1ch, pak je pro v\u00e1s eWalletXpress nejvhodn\u011bj\u0161\u00ed. Krom\u011b bezpe\u010dnosti a ochrany tato str\u00e1nka pom\u00e1h\u00e1 vkladatel\u016fm z\u016fstat za z\u00e1vojem. Je to rychl\u00e1 transak\u010dn\u00ed metoda akceptovan\u00e1 v\u011bt\u0161inou online kasin.<\/p>\n<p>D\u00edky popularit\u011b online transakc\u00ed, v\u010detn\u011b online hazardn\u00edch her, si PayPal z\u00edskal velkou pozornost. Zd\u00e1 se, \u017ee existuje mal\u00fd po\u010det kasin, kter\u00e1 d\u016fv\u011b\u0159uj\u00ed tomuto webu kv\u016fli jeho bezpe\u010dn\u00e9mu platebn\u00edmu re\u017eimu.<\/p>\n<p>888 Casino nab\u00edz\u00ed mo\u017enost platby p\u0159es PayPal v\u0161em sv\u00fdm hr\u00e1\u010d\u016fm s bydli\u0161t\u011bm ve Spojen\u00e9m kr\u00e1lovstv\u00ed a Irsku. Pokud v\u0161ak m\u00e1te bydli\u0161t\u011b v Austr\u00e1lii a chcete hr\u00e1t na tomto webu, m\u016f\u017eete sv\u00e9 transakce prov\u00e1d\u011bt prost\u0159ednictv\u00edm MasterCard. Krom\u011b dvou v\u00fd\u0161e zm\u00edn\u011bn\u00fdch zem\u00ed jsou dal\u0161\u00edmi evropsk\u00fdmi zem\u011bmi, kter\u00e9 tento online transak\u010dn\u00ed syst\u00e9m zahrnuje, \u0160pan\u011blsko, Portugalsko, It\u00e1lie, Rakousko, Finsko, \u0160v\u00e9dsko a D\u00e1nsko.<\/p>\n<p>Pr\u00e1v\u011b te\u010f m\u00e1 888 Casino skv\u011blou nab\u00eddku pro nov\u00e9 hr\u00e1\u010de: <strong>100% bonus a\u017e do v\u00fd\u0161e 1 500,00 \u20ac na v\u00e1\u0161 prvn\u00ed vklad pro nov\u00e9 hr\u00e1\u010de!<\/strong> Tato promo nab\u00eddka je ur\u010dena pouze pro obyvatele ur\u010dit\u00fdch zem\u00ed. <a class=\"thirstylink\" title=\"888 casino en\" href=\"https:\/\/gambling6.com\/go\/888-casino-en\/\" target=\"_blank\" rel=\"nofollow noopener\">pro v\u00edce informac\u00ed se pod\u00edvejte na webov\u00e9 str\u00e1nky 888.<\/a><\/p>\n<p>Stru\u010dn\u011b \u0159e\u010deno, v\u011bt\u0161ina z nich nab\u00edz\u00ed platebn\u00ed mo\u017enosti pro v\u0161echny hr\u00e1\u010de bez ohledu na to, kde \u017eij\u00ed. Zat\u00edmcoOb\u010dan\u00e9 USA a Austr\u00e1lie mohou pou\u017e\u00edvat karty Visa, MasterCard, Neteller a Moneybookers, ob\u010dan\u00e9 \u017eij\u00edc\u00ed v Evrop\u011b syst\u00e9m PayPal.<\/p>\n<p>888 Casino nab\u00edz\u00ed \u0159adu her, v\u010detn\u011b 3D her. S\u00e1zky m\u016f\u017eete vkl\u00e1dat pomoc\u00ed PayPal, MasterCard nebo jak\u00e9hokoli jin\u00e9ho akceptovan\u00e9ho zp\u016fsobu platby. V\u0161echny tyto platebn\u00ed metody jsou pom\u011brn\u011b bezpe\u010dn\u00e9. Stejn\u011b jako mnoho jin\u00fdch online kasin m\u00e1 v\u0161ak i 888casinos.com minim\u00e1ln\u00ed v\u00fd\u0161i vkladu, kterou mus\u00edte dodr\u017eovat. V\u00fd\u0161e \u200b\u200bvkladu v\u0161ak \u010dasto z\u00e1vis\u00ed na zvolen\u00e9m zp\u016fsobu platby. Pokud pou\u017e\u00edv\u00e1te karty MasterCard nebo Visa, budete muset zaplatit 20 dolar\u016f, 20 eur nebo 20 liber v z\u00e1vislosti na regionu, ve kter\u00e9m se nach\u00e1z\u00edte. Hr\u00e1\u010di pou\u017e\u00edvaj\u00edc\u00ed debetn\u00ed karty Maestro v\u0161ak mus\u00ed vlo\u017eit alespo\u0148 10 dolar\u016f nebo 10 eur. Pokud pou\u017e\u00edv\u00e1te online str\u00e1nky jako PayPal, MoneyBookers nebo Neteller, minim\u00e1ln\u00ed \u010d\u00e1stka bude 20 dolar\u016f.<\/p>\n<p>V\u011bt\u0161inou se \u010d\u00e1stka m\u016f\u017ee li\u0161it v z\u00e1vislosti na sm\u011bnn\u00e9m kurzu a dal\u0161\u00edch p\u0159\u00edslu\u0161n\u00fdch poplatc\u00edch. Proto jeden hr\u00e1\u010d m\u016f\u017ee vlo\u017eit 10 liber p\u0159es Neteller, zat\u00edmco jin\u00fd m\u016f\u017ee nakonec zaplatit 20 dolar\u016f, co\u017e je dvojn\u00e1sobek p\u0159edchoz\u00ed \u010d\u00e1stky. P\u0159i prov\u00e1d\u011bn\u00ed transakc\u00ed je tedy lep\u0161\u00ed zn\u00e1t m\u011bnu, kterou m\u00e1te v dan\u00e9m kasinu pou\u017e\u00edt.<\/p>\n<p>Jde o to, \u017ee p\u0159i hran\u00ed online hazardn\u00edch her s va\u0161imi pen\u011bzi v online kasinu je lep\u0161\u00ed zvolit d\u016fv\u011bryhodn\u00fd platebn\u00ed re\u017eim. Takto toho pozd\u011bji nebudete muset litovat. Koneckonc\u016f, jste tam proto, abyste se bavili a nestali se ob\u011bt\u00ed podvodu. Hrajte tedy na jistotu a nechte kolo to\u010dit!<\/p>\n","protected":false},"excerpt":{"rendered":"<p>Pr\u016fvodce online kasinem pro za\u010d\u00e1te\u010dn\u00edky Bu\u010fme up\u0159\u00edmn\u00ed \u2013 online kasino tu z\u016fstane. Vzhledem k jeho rostouc\u00ed popularit\u011b se potvrzuje, \u017ee ho hr\u00e1\u010di miluj\u00ed. Online hazardn\u00ed hry o skute\u010dn\u00e9 pen\u00edze ud\u011blaly radost ka\u017ed\u00e9mu, kdo s nimi za\u010dne, a \u017e\u00e1daj\u00ed o dal\u0161\u00ed. T\u00e9m\u011b\u0159 ka\u017ed\u00fd den se v t\u011bchto kasinech o skute\u010dn\u00e9 pen\u00edze obrac\u00ed velk\u00e9 mno\u017estv\u00ed pen\u011bz. A\u0165 [&hellip;]<\/p>\n","protected":false},"author":1,"featured_media":0,"parent":0,"menu_order":2,"comment_status":"closed","ping_status":"closed","template":"","meta":{"footnotes":""},"class_list":["post-8273","page","type-page","status-publish","hentry"],"yoast_head":"<!-- This site is optimized with the Yoast SEO plugin v27.4 - https:\/\/yoast.com\/product\/yoast-seo-wordpress\/ -->\n<title>Za\u010dn\u011bte s online hazardn\u00edmi hrami | Pr\u016fvodce online kasinem<\/title>\n<meta name=\"description\" content=\"Bu\u010fme up\u0159\u00edmn\u00ed \u2013 online kasino tu z\u016fstane. Za\u010dn\u011bte hned te\u010f \u2013 n\u00e1\u0161 pr\u016fvodce online kasiny v\u00e1m pom\u016f\u017ee vybrat ty nejlep\u0161\u00ed str\u00e1nky pro v\u00e1s.\" \/>\n<meta name=\"robots\" content=\"index, follow, max-snippet:-1, max-image-preview:large, max-video-preview:-1\" \/>\n<link rel=\"canonical\" href=\"https:\/\/gambling6.com\/cs\/kasino\/\" \/>\n<meta property=\"og:locale\" content=\"cs_CZ\" \/>\n<meta property=\"og:type\" content=\"article\" \/>\n<meta property=\"og:title\" content=\"Za\u010dn\u011bte s online hazardn\u00edmi hrami | Pr\u016fvodce online kasinem\" \/>\n<meta property=\"og:description\" content=\"Bu\u010fme up\u0159\u00edmn\u00ed \u2013 online kasino tu z\u016fstane. Za\u010dn\u011bte hned te\u010f \u2013 n\u00e1\u0161 pr\u016fvodce online kasiny v\u00e1m pom\u016f\u017ee vybrat ty nejlep\u0161\u00ed str\u00e1nky pro v\u00e1s.\" \/>\n<meta property=\"og:url\" content=\"https:\/\/gambling6.com\/cs\/kasino\/\" \/>\n<meta property=\"og:site_name\" content=\"Gambling6\" \/>\n<meta property=\"article:modified_time\" content=\"2025-11-12T15:05:51+00:00\" \/>\n<meta property=\"og:image\" content=\"https:\/\/gambling6.com\/wp-content\/uploads\/2022\/04\/download-image2.jpg\" \/>\n\t<meta property=\"og:image:width\" content=\"435\" \/>\n\t<meta property=\"og:image:height\" content=\"276\" \/>\n\t<meta property=\"og:image:type\" content=\"image\/jpeg\" \/>\n<meta name=\"twitter:card\" content=\"summary_large_image\" \/>\n<meta name=\"twitter:label1\" content=\"Odhadovan\u00e1 doba \u010dten\u00ed\" \/>\n\t<meta name=\"twitter:data1\" content=\"6 minut\" \/>\n<script type=\"application\/ld+json\" class=\"yoast-schema-graph\">{\"@context\":\"https:\\\/\\\/schema.org\",\"@graph\":[{\"@type\":\"WebPage\",\"@id\":\"https:\\\/\\\/gambling6.com\\\/cs\\\/kasino\\\/\",\"url\":\"https:\\\/\\\/gambling6.com\\\/cs\\\/kasino\\\/\",\"name\":\"Za\u010dn\u011bte s online hazardn\u00edmi hrami | Pr\u016fvodce online kasinem\",\"isPartOf\":{\"@id\":\"https:\\\/\\\/gambling6.com\\\/cs\\\/#website\"},\"primaryImageOfPage\":{\"@id\":\"https:\\\/\\\/gambling6.com\\\/cs\\\/kasino\\\/#primaryimage\"},\"image\":{\"@id\":\"https:\\\/\\\/gambling6.com\\\/cs\\\/kasino\\\/#primaryimage\"},\"thumbnailUrl\":\"https:\\\/\\\/gambling6.com\\\/wp-content\\\/uploads\\\/2022\\\/04\\\/download-image2-300x190.jpg\",\"datePublished\":\"2025-11-07T08:44:43+00:00\",\"dateModified\":\"2025-11-12T15:05:51+00:00\",\"description\":\"Bu\u010fme up\u0159\u00edmn\u00ed \u2013 online kasino tu z\u016fstane. Za\u010dn\u011bte hned te\u010f \u2013 n\u00e1\u0161 pr\u016fvodce online kasiny v\u00e1m pom\u016f\u017ee vybrat ty nejlep\u0161\u00ed str\u00e1nky pro v\u00e1s.\",\"breadcrumb\":{\"@id\":\"https:\\\/\\\/gambling6.com\\\/cs\\\/kasino\\\/#breadcrumb\"},\"inLanguage\":\"cs\",\"potentialAction\":[{\"@type\":\"ReadAction\",\"target\":[\"https:\\\/\\\/gambling6.com\\\/cs\\\/kasino\\\/\"]}]},{\"@type\":\"ImageObject\",\"inLanguage\":\"cs\",\"@id\":\"https:\\\/\\\/gambling6.com\\\/cs\\\/kasino\\\/#primaryimage\",\"url\":\"https:\\\/\\\/gambling6.com\\\/wp-content\\\/uploads\\\/2022\\\/04\\\/download-image2-300x190.jpg\",\"contentUrl\":\"https:\\\/\\\/gambling6.com\\\/wp-content\\\/uploads\\\/2022\\\/04\\\/download-image2-300x190.jpg\"},{\"@type\":\"BreadcrumbList\",\"@id\":\"https:\\\/\\\/gambling6.com\\\/cs\\\/kasino\\\/#breadcrumb\",\"itemListElement\":[{\"@type\":\"ListItem\",\"position\":1,\"name\":\"Home\",\"item\":\"https:\\\/\\\/gambling6.com\\\/cs\\\/home\\\/\"},{\"@type\":\"ListItem\",\"position\":2,\"name\":\"Kasino\"}]},{\"@type\":\"WebSite\",\"@id\":\"https:\\\/\\\/gambling6.com\\\/cs\\\/#website\",\"url\":\"https:\\\/\\\/gambling6.com\\\/cs\\\/\",\"name\":\"Gambling6\",\"description\":\"\",\"potentialAction\":[{\"@type\":\"SearchAction\",\"target\":{\"@type\":\"EntryPoint\",\"urlTemplate\":\"https:\\\/\\\/gambling6.com\\\/cs\\\/?s={search_term_string}\"},\"query-input\":{\"@type\":\"PropertyValueSpecification\",\"valueRequired\":true,\"valueName\":\"search_term_string\"}}],\"inLanguage\":\"cs\"}]}<\/script>\n<!-- \/ Yoast SEO plugin. -->","yoast_head_json":{"title":"Za\u010dn\u011bte s online hazardn\u00edmi hrami | Pr\u016fvodce online kasinem","description":"Bu\u010fme up\u0159\u00edmn\u00ed \u2013 online kasino tu z\u016fstane. Za\u010dn\u011bte hned te\u010f \u2013 n\u00e1\u0161 pr\u016fvodce online kasiny v\u00e1m pom\u016f\u017ee vybrat ty nejlep\u0161\u00ed str\u00e1nky pro v\u00e1s.","robots":{"index":"index","follow":"follow","max-snippet":"max-snippet:-1","max-image-preview":"max-image-preview:large","max-video-preview":"max-video-preview:-1"},"canonical":"https:\/\/gambling6.com\/cs\/kasino\/","og_locale":"cs_CZ","og_type":"article","og_title":"Za\u010dn\u011bte s online hazardn\u00edmi hrami | Pr\u016fvodce online kasinem","og_description":"Bu\u010fme up\u0159\u00edmn\u00ed \u2013 online kasino tu z\u016fstane. Za\u010dn\u011bte hned te\u010f \u2013 n\u00e1\u0161 pr\u016fvodce online kasiny v\u00e1m pom\u016f\u017ee vybrat ty nejlep\u0161\u00ed str\u00e1nky pro v\u00e1s.","og_url":"https:\/\/gambling6.com\/cs\/kasino\/","og_site_name":"Gambling6","article_modified_time":"2025-11-12T15:05:51+00:00","og_image":[{"width":435,"height":276,"url":"https:\/\/gambling6.com\/wp-content\/uploads\/2022\/04\/download-image2.jpg","type":"image\/jpeg"}],"twitter_card":"summary_large_image","twitter_misc":{"Odhadovan\u00e1 doba \u010dten\u00ed":"6 minut"},"schema":{"@context":"https:\/\/schema.org","@graph":[{"@type":"WebPage","@id":"https:\/\/gambling6.com\/cs\/kasino\/","url":"https:\/\/gambling6.com\/cs\/kasino\/","name":"Za\u010dn\u011bte s online hazardn\u00edmi hrami | Pr\u016fvodce online kasinem","isPartOf":{"@id":"https:\/\/gambling6.com\/cs\/#website"},"primaryImageOfPage":{"@id":"https:\/\/gambling6.com\/cs\/kasino\/#primaryimage"},"image":{"@id":"https:\/\/gambling6.com\/cs\/kasino\/#primaryimage"},"thumbnailUrl":"https:\/\/gambling6.com\/wp-content\/uploads\/2022\/04\/download-image2-300x190.jpg","datePublished":"2025-11-07T08:44:43+00:00","dateModified":"2025-11-12T15:05:51+00:00","description":"Bu\u010fme up\u0159\u00edmn\u00ed \u2013 online kasino tu z\u016fstane. Za\u010dn\u011bte hned te\u010f \u2013 n\u00e1\u0161 pr\u016fvodce online kasiny v\u00e1m pom\u016f\u017ee vybrat ty nejlep\u0161\u00ed str\u00e1nky pro v\u00e1s.","breadcrumb":{"@id":"https:\/\/gambling6.com\/cs\/kasino\/#breadcrumb"},"inLanguage":"cs","potentialAction":[{"@type":"ReadAction","target":["https:\/\/gambling6.com\/cs\/kasino\/"]}]},{"@type":"ImageObject","inLanguage":"cs","@id":"https:\/\/gambling6.com\/cs\/kasino\/#primaryimage","url":"https:\/\/gambling6.com\/wp-content\/uploads\/2022\/04\/download-image2-300x190.jpg","contentUrl":"https:\/\/gambling6.com\/wp-content\/uploads\/2022\/04\/download-image2-300x190.jpg"},{"@type":"BreadcrumbList","@id":"https:\/\/gambling6.com\/cs\/kasino\/#breadcrumb","itemListElement":[{"@type":"ListItem","position":1,"name":"Home","item":"https:\/\/gambling6.com\/cs\/home\/"},{"@type":"ListItem","position":2,"name":"Kasino"}]},{"@type":"WebSite","@id":"https:\/\/gambling6.com\/cs\/#website","url":"https:\/\/gambling6.com\/cs\/","name":"Gambling6","description":"","potentialAction":[{"@type":"SearchAction","target":{"@type":"EntryPoint","urlTemplate":"https:\/\/gambling6.com\/cs\/?s={search_term_string}"},"query-input":{"@type":"PropertyValueSpecification","valueRequired":true,"valueName":"search_term_string"}}],"inLanguage":"cs"}]}},"_links":{"self":[{"href":"https:\/\/gambling6.com\/cs\/wp-json\/wp\/v2\/pages\/8273","targetHints":{"allow":["GET"]}}],"collection":[{"href":"https:\/\/gambling6.com\/cs\/wp-json\/wp\/v2\/pages"}],"about":[{"href":"https:\/\/gambling6.com\/cs\/wp-json\/wp\/v2\/types\/page"}],"author":[{"embeddable":true,"href":"https:\/\/gambling6.com\/cs\/wp-json\/wp\/v2\/users\/1"}],"replies":[{"embeddable":true,"href":"https:\/\/gambling6.com\/cs\/wp-json\/wp\/v2\/comments?post=8273"}],"version-history":[{"count":1,"href":"https:\/\/gambling6.com\/cs\/wp-json\/wp\/v2\/pages\/8273\/revisions"}],"predecessor-version":[{"id":10656,"href":"https:\/\/gambling6.com\/cs\/wp-json\/wp\/v2\/pages\/8273\/revisions\/10656"}],"wp:attachment":[{"href":"https:\/\/gambling6.com\/cs\/wp-json\/wp\/v2\/media?parent=8273"}],"curies":[{"name":"wp","href":"https:\/\/api.w.org\/{rel}","templated":true}]}}