{"id":8344,"date":"2025-11-07T11:36:29","date_gmt":"2025-11-07T11:36:29","guid":{"rendered":"https:\/\/gambling6.com\/kasino\/recenze-kasin\/"},"modified":"2025-11-12T06:36:02","modified_gmt":"2025-11-12T06:36:02","slug":"recenze-kasin","status":"publish","type":"page","link":"https:\/\/gambling6.com\/cs\/kasino\/recenze-kasin\/","title":{"rendered":"Recenze kasin"},"content":{"rendered":"<h2>Pom\u00e1h\u00e1me v\u00e1m vybrat nejlep\u0161\u00ed hazardn\u00ed web prost\u0159ednictv\u00edm na\u0161ich recenz\u00ed<\/h2>\n<p>Kasinov\u00e9 weby jsou m\u00edsta, kter\u00e1 v\u00e1m nab\u00edzej\u00ed mo\u017enost s\u00e1zet na kasinov\u00e9 hry nebo sporty, nebo s\u00e1zet v online pokerov\u00e9 hern\u011b. Online hazardn\u00ed hry v\u00e1m poskytuj\u00ed pohodl\u00ed hran\u00ed z domova. M\u016f\u017eete si u\u017e\u00edt vzru\u0161en\u00ed ze s\u00e1zen\u00ed na sv\u00e9 obl\u00edben\u00e9 sporty, ani\u017e byste opustili pohodl\u00ed domova. Popularita online hazardn\u00edch her dala vzniknout mnoha online s\u00e1zkov\u00fdm web\u016fm a kasin\u016fm. Stejn\u011b jako v jak\u00e9mkoli jin\u00e9m odv\u011btv\u00ed m\u00e1 i online hazardn\u00ed hry bezskrupul\u00f3zn\u00ed provozovatele. Proto je v\u00fdb\u011br nejlep\u0161\u00edho kasinov\u00e9ho webu z\u00e1sadn\u00ed. <strong>Recenze na\u0161ich kasinov\u00fdch web\u016f v\u00e1m mohou pomoci ur\u010dit, zda se jedn\u00e1 o spolehliv\u00e9 kasino.<\/strong><\/p>\n<p><a href=\"https:\/\/ic.aff-handler.com\/C\/47965?sr=1064399&amp;anid=\" rel=\"nofollow\"><img loading=\"lazy\" decoding=\"async\" class=\"alignright\" src=\"https:\/\/ic.aff-handler.com\/I\/47965?sr=1064399&amp;anid=\" width=\"420\" height=\"84\" \/><\/a><\/p>\n<ul>\n<li><strong>Pov\u011bst<\/strong><\/li>\n<\/ul>\n<p>Pov\u011bst kasinov\u00fdch web\u016f je prvn\u00ed a nejd\u016fle\u017eit\u011bj\u0161\u00ed v\u011bc, na kterou se zam\u011b\u0159it p\u0159ed rozhodnut\u00edm. Proto\u017ee si kasino nem\u016f\u017eete fyzicky prohl\u00e9dnout, mus\u00edte se p\u0159i rozhodov\u00e1n\u00ed, zda tam hr\u00e1t, spolehnout na jeho pov\u011bst. Nejlep\u0161\u00ed kasinov\u00e9 weby jsou ty, kter\u00e9 maj\u00ed v oboru dlouholet\u00e9 zku\u0161enosti a vybudovaly si dobrou pov\u011bst v poskytov\u00e1n\u00ed vynikaj\u00edc\u00edch slu\u017eeb z\u00e1kazn\u00edk\u016fm.<\/p>\n<ul>\n<li><strong>Licence<\/strong><\/li>\n<\/ul>\n<p>Spolehliv\u00e9 kasinov\u00e9 weby z\u00edsk\u00e1vaj\u00ed pro provozov\u00e1n\u00ed sv\u00e9 \u010dinnosti p\u0159\u00edslu\u0161n\u00e9 licence. Renomovan\u00e9 hern\u00ed komise nebo registrovan\u00e9 hern\u00ed \u00fa\u0159ady v konkr\u00e9tn\u00edch jurisdikc\u00edch ud\u011bluj\u00ed hazardn\u00edm web\u016fm licence pot\u00e9, co se ujist\u00ed, \u017ee web kasina spl\u0148uje ur\u010dit\u00e9 standardy, pokud jde o bezpe\u010dnost, f\u00e9rov\u00e9 \u200b\u200bhern\u00ed z\u00e1sady, v\u00fdplaty a z\u00e1kaznick\u00fd servis. Spolehliv\u00e9 hazardn\u00ed weby tuto licenci viditeln\u011b zobrazuj\u00ed, ale <strong>dobr\u00e1 recenze kasina by v\u00e1m m\u011bla tak\u00e9 sd\u011blit, kde je kasino licencov\u00e1no<\/strong>. Jeho syst\u00e9my a procesy jsou tak\u00e9 auditov\u00e1ny p\u0159\u00edslu\u0161n\u00fdmi org\u00e1ny a kasino z\u00edsk\u00e1v\u00e1 certifikace. Tyto certifikace si m\u016f\u017eete prohl\u00e9dnout na jejich webov\u00fdch str\u00e1nk\u00e1ch. V\u00fdb\u011br hazardn\u00ed str\u00e1nky s licenc\u00ed v\u00e1m pom\u016f\u017ee u\u017e\u00edt si bezpe\u010dn\u00fd hern\u00ed z\u00e1\u017eitek.<\/p>\n<ul>\n<li><strong>Mo\u017enosti her<\/strong><\/li>\n<\/ul>\n<p>Kasino, kter\u00e9 si chcete vybrat, by m\u011blo nab\u00edzet \u0159adu her, v\u010detn\u011b craps, rulety, blackjacku, automat\u016f, video pokeru a stoln\u00edch her. Hazardn\u00ed software pou\u017e\u00edvan\u00fd kasinov\u00fdm webem v\u00e1m pom\u016f\u017ee posoudit kvalitu hern\u00edho z\u00e1\u017eitku. Pokud si vyberete kasino, kter\u00e9 nab\u00edz\u00ed \u0161irokou \u0161k\u00e1lu her, bude v\u00e1\u0161 online hazardn\u00ed z\u00e1\u017eitek p\u0159\u00edjemn\u011bj\u0161\u00ed.<\/p>\n<ul>\n<li><strong>Hazardn\u00ed software<\/strong><\/li>\n<\/ul>\n<p>Nejlep\u0161\u00ed online hazardn\u00ed str\u00e1nky pou\u017e\u00edvaj\u00ed nejrobustn\u011bj\u0161\u00ed hern\u00ed software, kter\u00fd v\u00e1m nab\u00edz\u00ed prost\u0159ed\u00ed, ve kter\u00e9m se budete c\u00edtit jako ve skute\u010dn\u00e9m kasinu. Nab\u00edz\u00ed grafiku a zvuk nejvy\u0161\u0161\u00ed kvality. Je u\u017eivatelsky p\u0159\u00edv\u011btiv\u00fd, tak\u017ee si jej m\u016f\u017eete snadno st\u00e1hnout, nainstalovat a pou\u017e\u00edvat.<\/p>\n<ul>\n<li><strong>Mo\u017enosti vkladu a v\u00fdb\u011bru<\/strong><\/li>\n<\/ul>\n<p>Je d\u016fle\u017eit\u00e9 si p\u0159e\u010d\u00edst recenze mo\u017enost\u00ed vkladu a v\u00fdb\u011bru, kter\u00e9 online kasino nab\u00edz\u00ed. Mo\u017enosti by m\u011bly b\u00fdt vhodn\u00e9 pro va\u0161e pot\u0159eby. V dne\u0161n\u00ed dob\u011b mnoho hr\u00e1\u010d\u016f chce p\u0159i hran\u00ed v online kasinech v\u011bt\u0161\u00ed bezpe\u010dnost, tak\u017ee cht\u011bj\u00ed v\u00edce ne\u017e jednu mo\u017enost vkladu. Nejlep\u0161\u00ed hazardn\u00ed str\u00e1nky nab\u00edzej\u00ed r\u016fzn\u00e9 mo\u017enosti, jako jsou kreditn\u00ed karty, bankovn\u00ed p\u0159evody, elektronick\u00e9 pen\u011b\u017eenky jako Neteller a PayPal, karty jako Ukash a Paysafecard a dokonce i platby kryptom\u011bnami. Na\u0161e str\u00e1nky s recenzemi kasin poskytuj\u00ed informace o tom, zda m\u016f\u017eete o\u010dek\u00e1vat rychl\u00e9 a bezprobl\u00e9mov\u00e9 vklady a v\u00fdb\u011bry. Kasino by se m\u011blo sna\u017eit chr\u00e1nit va\u0161e finan\u010dn\u00ed a osobn\u00ed \u00fadaje prov\u00e1d\u011bn\u00edm transakc\u00ed prost\u0159ednictv\u00edm zabezpe\u010den\u00fdch server\u016f.<\/p>\n<ul>\n<li><strong>Z\u00e1kaznick\u00e1 podpora<\/strong><\/li>\n<\/ul>\n<p><span style=\"background-color: transparent;\">Z\u00e1kaznick\u00e1 podpora je jednou z nejd\u016fle\u017eit\u011bj\u0161\u00edch v\u011bc\u00ed, kter\u00e9 je t\u0159eba zv\u00e1\u017eit p\u0159ed v\u00fdb\u011brem <\/span><strong style=\"background-color: transparent;\">webov\u00fdch str\u00e1nek kasina.<\/strong><span style=\"background-color: transparent;\"> Nejlep\u0161\u00ed str\u00e1nky nab\u00edzej\u00ed p\u0159\u00e1telskou z\u00e1kaznickou podporu prost\u0159ednictv\u00edm telefonu, e-mailu a \u017eiv\u00e9ho chatu 24 hodin denn\u011b, 7 dn\u00ed v t\u00fddnu.<\/span><\/p>\n<p>V p\u0159\u00edpad\u011b pochybnost\u00ed zvolte p\u0159edn\u00ed kasino, jako je 888 Casino \u2013 postaraj\u00ed se o ve\u0161ker\u00e9 va\u0161e hazardn\u00ed hry. Klikn\u011bte zde a nav\u0161tivte 888 je\u0161t\u011b dnes.<a class=\"thirstylink\" title=\"888 casino en\" href=\"https:\/\/gambling6.com\/go\/888-casino-en\/\" target=\"_blank\" rel=\"nofollow noopener\">888 casino en<\/a><\/p>\n","protected":false},"excerpt":{"rendered":"<p>Pom\u00e1h\u00e1me v\u00e1m vybrat nejlep\u0161\u00ed hazardn\u00ed web prost\u0159ednictv\u00edm na\u0161ich recenz\u00ed Kasinov\u00e9 weby jsou m\u00edsta, kter\u00e1 v\u00e1m nab\u00edzej\u00ed mo\u017enost s\u00e1zet na kasinov\u00e9 hry nebo sporty, nebo s\u00e1zet v online pokerov\u00e9 hern\u011b. Online hazardn\u00ed hry v\u00e1m poskytuj\u00ed pohodl\u00ed hran\u00ed z domova. M\u016f\u017eete si u\u017e\u00edt vzru\u0161en\u00ed ze s\u00e1zen\u00ed na sv\u00e9 obl\u00edben\u00e9 sporty, ani\u017e byste opustili pohodl\u00ed domova. Popularita online [&hellip;]<\/p>\n","protected":false},"author":1,"featured_media":0,"parent":8273,"menu_order":0,"comment_status":"closed","ping_status":"closed","template":"","meta":{"footnotes":""},"class_list":["post-8344","page","type-page","status-publish","hentry"],"yoast_head":"<!-- This site is optimized with the Yoast SEO plugin v27.4 - https:\/\/yoast.com\/product\/yoast-seo-wordpress\/ -->\n<title>Recenze a testy doporu\u010den\u00fdch webov\u00fdch str\u00e1nek online kasin<\/title>\n<meta name=\"description\" content=\"Na\u0161e recenze webov\u00fdch str\u00e1nek kasin v\u00e1m daj\u00ed p\u0159edstavu o tom, na co se zam\u011b\u0159it p\u0159i hled\u00e1n\u00ed nejlep\u0161\u00edch online kasinov\u00fdch str\u00e1nek.\" \/>\n<meta name=\"robots\" content=\"index, follow, max-snippet:-1, max-image-preview:large, max-video-preview:-1\" \/>\n<link rel=\"canonical\" href=\"https:\/\/gambling6.com\/cs\/kasino\/recenze-kasin\/\" \/>\n<meta property=\"og:locale\" content=\"cs_CZ\" \/>\n<meta property=\"og:type\" content=\"article\" \/>\n<meta property=\"og:title\" content=\"Recenze a testy doporu\u010den\u00fdch webov\u00fdch str\u00e1nek online kasin\" \/>\n<meta property=\"og:description\" content=\"Na\u0161e recenze webov\u00fdch str\u00e1nek kasin v\u00e1m daj\u00ed p\u0159edstavu o tom, na co se zam\u011b\u0159it p\u0159i hled\u00e1n\u00ed nejlep\u0161\u00edch online kasinov\u00fdch str\u00e1nek.\" \/>\n<meta property=\"og:url\" content=\"https:\/\/gambling6.com\/cs\/kasino\/recenze-kasin\/\" \/>\n<meta property=\"og:site_name\" content=\"Gambling6\" \/>\n<meta property=\"article:modified_time\" content=\"2025-11-12T06:36:02+00:00\" \/>\n<meta property=\"og:image\" content=\"https:\/\/ic.aff-handler.com\/I\/47965?sr=1064399&amp;anid=\" \/>\n<meta name=\"twitter:card\" content=\"summary_large_image\" \/>\n<meta name=\"twitter:label1\" content=\"Odhadovan\u00e1 doba \u010dten\u00ed\" \/>\n\t<meta name=\"twitter:data1\" content=\"4 minuty\" \/>\n<script type=\"application\/ld+json\" class=\"yoast-schema-graph\">{\"@context\":\"https:\\\/\\\/schema.org\",\"@graph\":[{\"@type\":\"WebPage\",\"@id\":\"https:\\\/\\\/gambling6.com\\\/cs\\\/kasino\\\/recenze-kasin\\\/\",\"url\":\"https:\\\/\\\/gambling6.com\\\/cs\\\/kasino\\\/recenze-kasin\\\/\",\"name\":\"Recenze a testy doporu\u010den\u00fdch webov\u00fdch str\u00e1nek online kasin\",\"isPartOf\":{\"@id\":\"https:\\\/\\\/gambling6.com\\\/cs\\\/#website\"},\"primaryImageOfPage\":{\"@id\":\"https:\\\/\\\/gambling6.com\\\/cs\\\/kasino\\\/recenze-kasin\\\/#primaryimage\"},\"image\":{\"@id\":\"https:\\\/\\\/gambling6.com\\\/cs\\\/kasino\\\/recenze-kasin\\\/#primaryimage\"},\"thumbnailUrl\":\"https:\\\/\\\/ic.aff-handler.com\\\/I\\\/47965?sr=1064399&amp;anid=\",\"datePublished\":\"2025-11-07T11:36:29+00:00\",\"dateModified\":\"2025-11-12T06:36:02+00:00\",\"description\":\"Na\u0161e recenze webov\u00fdch str\u00e1nek kasin v\u00e1m daj\u00ed p\u0159edstavu o tom, na co se zam\u011b\u0159it p\u0159i hled\u00e1n\u00ed nejlep\u0161\u00edch online kasinov\u00fdch str\u00e1nek.\",\"breadcrumb\":{\"@id\":\"https:\\\/\\\/gambling6.com\\\/cs\\\/kasino\\\/recenze-kasin\\\/#breadcrumb\"},\"inLanguage\":\"cs\",\"potentialAction\":[{\"@type\":\"ReadAction\",\"target\":[\"https:\\\/\\\/gambling6.com\\\/cs\\\/kasino\\\/recenze-kasin\\\/\"]}]},{\"@type\":\"ImageObject\",\"inLanguage\":\"cs\",\"@id\":\"https:\\\/\\\/gambling6.com\\\/cs\\\/kasino\\\/recenze-kasin\\\/#primaryimage\",\"url\":\"https:\\\/\\\/ic.aff-handler.com\\\/I\\\/47965?sr=1064399&amp;anid=\",\"contentUrl\":\"https:\\\/\\\/ic.aff-handler.com\\\/I\\\/47965?sr=1064399&amp;anid=\"},{\"@type\":\"BreadcrumbList\",\"@id\":\"https:\\\/\\\/gambling6.com\\\/cs\\\/kasino\\\/recenze-kasin\\\/#breadcrumb\",\"itemListElement\":[{\"@type\":\"ListItem\",\"position\":1,\"name\":\"Home\",\"item\":\"https:\\\/\\\/gambling6.com\\\/cs\\\/home\\\/\"},{\"@type\":\"ListItem\",\"position\":2,\"name\":\"Kasino\",\"item\":\"https:\\\/\\\/gambling6.com\\\/cs\\\/get-started-with-online-gambling\\\/\"},{\"@type\":\"ListItem\",\"position\":3,\"name\":\"Recenze kasin\"}]},{\"@type\":\"WebSite\",\"@id\":\"https:\\\/\\\/gambling6.com\\\/cs\\\/#website\",\"url\":\"https:\\\/\\\/gambling6.com\\\/cs\\\/\",\"name\":\"Gambling6\",\"description\":\"\",\"potentialAction\":[{\"@type\":\"SearchAction\",\"target\":{\"@type\":\"EntryPoint\",\"urlTemplate\":\"https:\\\/\\\/gambling6.com\\\/cs\\\/?s={search_term_string}\"},\"query-input\":{\"@type\":\"PropertyValueSpecification\",\"valueRequired\":true,\"valueName\":\"search_term_string\"}}],\"inLanguage\":\"cs\"}]}<\/script>\n<!-- \/ Yoast SEO plugin. -->","yoast_head_json":{"title":"Recenze a testy doporu\u010den\u00fdch webov\u00fdch str\u00e1nek online kasin","description":"Na\u0161e recenze webov\u00fdch str\u00e1nek kasin v\u00e1m daj\u00ed p\u0159edstavu o tom, na co se zam\u011b\u0159it p\u0159i hled\u00e1n\u00ed nejlep\u0161\u00edch online kasinov\u00fdch str\u00e1nek.","robots":{"index":"index","follow":"follow","max-snippet":"max-snippet:-1","max-image-preview":"max-image-preview:large","max-video-preview":"max-video-preview:-1"},"canonical":"https:\/\/gambling6.com\/cs\/kasino\/recenze-kasin\/","og_locale":"cs_CZ","og_type":"article","og_title":"Recenze a testy doporu\u010den\u00fdch webov\u00fdch str\u00e1nek online kasin","og_description":"Na\u0161e recenze webov\u00fdch str\u00e1nek kasin v\u00e1m daj\u00ed p\u0159edstavu o tom, na co se zam\u011b\u0159it p\u0159i hled\u00e1n\u00ed nejlep\u0161\u00edch online kasinov\u00fdch str\u00e1nek.","og_url":"https:\/\/gambling6.com\/cs\/kasino\/recenze-kasin\/","og_site_name":"Gambling6","article_modified_time":"2025-11-12T06:36:02+00:00","og_image":[{"url":"https:\/\/ic.aff-handler.com\/I\/47965?sr=1064399&amp;anid=","type":"","width":"","height":""}],"twitter_card":"summary_large_image","twitter_misc":{"Odhadovan\u00e1 doba \u010dten\u00ed":"4 minuty"},"schema":{"@context":"https:\/\/schema.org","@graph":[{"@type":"WebPage","@id":"https:\/\/gambling6.com\/cs\/kasino\/recenze-kasin\/","url":"https:\/\/gambling6.com\/cs\/kasino\/recenze-kasin\/","name":"Recenze a testy doporu\u010den\u00fdch webov\u00fdch str\u00e1nek online kasin","isPartOf":{"@id":"https:\/\/gambling6.com\/cs\/#website"},"primaryImageOfPage":{"@id":"https:\/\/gambling6.com\/cs\/kasino\/recenze-kasin\/#primaryimage"},"image":{"@id":"https:\/\/gambling6.com\/cs\/kasino\/recenze-kasin\/#primaryimage"},"thumbnailUrl":"https:\/\/ic.aff-handler.com\/I\/47965?sr=1064399&amp;anid=","datePublished":"2025-11-07T11:36:29+00:00","dateModified":"2025-11-12T06:36:02+00:00","description":"Na\u0161e recenze webov\u00fdch str\u00e1nek kasin v\u00e1m daj\u00ed p\u0159edstavu o tom, na co se zam\u011b\u0159it p\u0159i hled\u00e1n\u00ed nejlep\u0161\u00edch online kasinov\u00fdch str\u00e1nek.","breadcrumb":{"@id":"https:\/\/gambling6.com\/cs\/kasino\/recenze-kasin\/#breadcrumb"},"inLanguage":"cs","potentialAction":[{"@type":"ReadAction","target":["https:\/\/gambling6.com\/cs\/kasino\/recenze-kasin\/"]}]},{"@type":"ImageObject","inLanguage":"cs","@id":"https:\/\/gambling6.com\/cs\/kasino\/recenze-kasin\/#primaryimage","url":"https:\/\/ic.aff-handler.com\/I\/47965?sr=1064399&amp;anid=","contentUrl":"https:\/\/ic.aff-handler.com\/I\/47965?sr=1064399&amp;anid="},{"@type":"BreadcrumbList","@id":"https:\/\/gambling6.com\/cs\/kasino\/recenze-kasin\/#breadcrumb","itemListElement":[{"@type":"ListItem","position":1,"name":"Home","item":"https:\/\/gambling6.com\/cs\/home\/"},{"@type":"ListItem","position":2,"name":"Kasino","item":"https:\/\/gambling6.com\/cs\/get-started-with-online-gambling\/"},{"@type":"ListItem","position":3,"name":"Recenze kasin"}]},{"@type":"WebSite","@id":"https:\/\/gambling6.com\/cs\/#website","url":"https:\/\/gambling6.com\/cs\/","name":"Gambling6","description":"","potentialAction":[{"@type":"SearchAction","target":{"@type":"EntryPoint","urlTemplate":"https:\/\/gambling6.com\/cs\/?s={search_term_string}"},"query-input":{"@type":"PropertyValueSpecification","valueRequired":true,"valueName":"search_term_string"}}],"inLanguage":"cs"}]}},"_links":{"self":[{"href":"https:\/\/gambling6.com\/cs\/wp-json\/wp\/v2\/pages\/8344","targetHints":{"allow":["GET"]}}],"collection":[{"href":"https:\/\/gambling6.com\/cs\/wp-json\/wp\/v2\/pages"}],"about":[{"href":"https:\/\/gambling6.com\/cs\/wp-json\/wp\/v2\/types\/page"}],"author":[{"embeddable":true,"href":"https:\/\/gambling6.com\/cs\/wp-json\/wp\/v2\/users\/1"}],"replies":[{"embeddable":true,"href":"https:\/\/gambling6.com\/cs\/wp-json\/wp\/v2\/comments?post=8344"}],"version-history":[{"count":1,"href":"https:\/\/gambling6.com\/cs\/wp-json\/wp\/v2\/pages\/8344\/revisions"}],"predecessor-version":[{"id":10364,"href":"https:\/\/gambling6.com\/cs\/wp-json\/wp\/v2\/pages\/8344\/revisions\/10364"}],"up":[{"embeddable":true,"href":"https:\/\/gambling6.com\/cs\/wp-json\/wp\/v2\/pages\/8273"}],"wp:attachment":[{"href":"https:\/\/gambling6.com\/cs\/wp-json\/wp\/v2\/media?parent=8344"}],"curies":[{"name":"wp","href":"https:\/\/api.w.org\/{rel}","templated":true}]}}