{"id":8368,"date":"2025-11-07T13:05:48","date_gmt":"2025-11-07T13:05:48","guid":{"rendered":"https:\/\/gambling6.com\/kasino\/online-kasina-vs-kamenna-kasina\/"},"modified":"2025-11-07T13:05:48","modified_gmt":"2025-11-07T13:05:48","slug":"online-kasina-vs-kamenna-kasina","status":"publish","type":"page","link":"https:\/\/gambling6.com\/cs\/kasino\/online-kasina-vs-kamenna-kasina\/","title":{"rendered":"Online kasina vs. kamenn\u00e1 kasina"},"content":{"rendered":"<h2>\u017div\u00e1 nebo online kasina<\/h2>\n<h3>Ka\u017ed\u00fd typ m\u00e1 n\u011bco, co se hr\u00e1\u010d\u016fm l\u00edb\u00ed<\/h3>\n<p><img loading=\"lazy\" decoding=\"async\" class=\" wp-image-332 alignright\" src=\"https:\/\/gambling6.com\/wp-content\/uploads\/2013\/12\/phil_ivey-247x300.jpg\" alt=\"\u017eiv\u00e9 kasino\" width=\"175\" height=\"213\" srcset=\"https:\/\/gambling6.com\/wp-content\/uploads\/2013\/12\/phil_ivey-247x300.jpg 247w, https:\/\/gambling6.com\/wp-content\/uploads\/2013\/12\/phil_ivey.jpg 250w\" sizes=\"auto, (max-width: 175px) 100vw, 175px\" \/>Hr\u00e1\u010di v kasinu by m\u011bli hr\u00e1t sv\u00e9 obl\u00edben\u00e9 hry zp\u016fsobem, kter\u00fd jim vyhovuje a odpov\u00edd\u00e1 jejich osobnosti. N\u011bkte\u0159\u00ed hr\u00e1\u010di v\u017edy preferuj\u00ed hran\u00ed v kamenn\u00fdch kasinech, proto\u017ee se jim l\u00edb\u00ed atmosf\u00e9ra. R\u00e1di si hraj\u00ed s ostatn\u00edmi hr\u00e1\u010di, v davech a v hluku.<\/p>\n<p>Jin\u00fdm hr\u00e1\u010d\u016fm v kasinu se v\u0161ak l\u00edb\u00ed p\u0159edstava hran\u00ed v klidn\u00e9m a relaxa\u010dn\u00edm prost\u0159ed\u00ed, kde maj\u00ed plnou kontrolu. Tito hr\u00e1\u010di maj\u00ed tendenci t\u00edhnout k online kasin\u016fm. Bez ohledu na to, jak si hr\u00e1\u010d chce u\u017e\u00edt sv\u00e9 hry, existuje n\u011bco, co existuje, a\u0165 u\u017e jde o kamenn\u00e1 nebo online kasina.<\/p>\n<h3>Zde jsou v\u00fdznamn\u00e9 rozd\u00edly mezi online kasiny a kamenn\u00fdmi kasiny:<\/h3>\n<ul>\n<li>Online a kamenn\u00e1 kasina se samoz\u0159ejm\u011b nach\u00e1zej\u00ed ve zcela odli\u0161n\u00e9m prost\u0159ed\u00ed. Kamenn\u00e9 kasino je takov\u00e9, kde se hr\u00e1\u010di mohou c\u00edtit a b\u00fdt fyzicky jeho sou\u010d\u00e1st\u00ed. Online kasina se hraj\u00ed na internetu, co\u017e znamen\u00e1, \u017ee hr\u00e1\u010di si mohou zahr\u00e1t hry, kter\u00e9 cht\u011bj\u00ed, odkudkoli si vyberou. Toto m\u00edsto m\u016f\u017ee b\u00fdt jejich domov, kancel\u00e1\u0159 nebo kdekoli jinde, pokud se mohou p\u0159ipojit k internetu.<\/li>\n<li>Kamenn\u00e1 kasina maj\u00ed hr\u00e1\u010dsk\u00e9 kluby, kter\u00e9 hr\u00e1\u010d\u016fm umo\u017e\u0148uj\u00ed z\u00edsk\u00e1vat odm\u011bny. Odm\u011bny se li\u0161\u00ed v z\u00e1vislosti na kasinu. Online hazardn\u00ed str\u00e1nky maj\u00ed tak\u00e9 sv\u00e9 verze t\u011bchto klub\u016f, kter\u00e9 se ozna\u010duj\u00ed jako VIP programy. Mnoho hr\u00e1\u010d\u016f v kasinu v\u0161ak zji\u0161\u0165uje, \u017ee online kasina b\u00fdvaj\u00ed \u0161t\u011bd\u0159ej\u0161\u00ed, proto\u017ee ne\u010del\u00ed stejn\u00fdm n\u00e1klad\u016fm jako kamenn\u00e1 kasina.<\/li>\n<li>Zat\u00edmco kamenn\u00e1 kasina nab\u00edzej\u00ed hr\u00e1\u010d\u016fm mo\u017enost hr\u00e1t prakticky jakoukoli kasinovou hru, kterou cht\u011bj\u00ed, hr\u00e1\u010di se st\u00e1le ocitnou v situaci, kdy nebudou cht\u00edt proch\u00e1zet cel\u00e9 kasino, aby se dostali od hry ke h\u0159e. Tak\u00e9 se objev\u00ed situace, kdy si budou cht\u00edt zahr\u00e1t konkr\u00e9tn\u00ed hru, ale nebude k dispozici voln\u00e9 m\u00edsto. Online kasina v\u0161ak hr\u00e1\u010d\u016fm umo\u017e\u0148uj\u00ed hr\u00e1t hry, kter\u00e9 cht\u011bj\u00ed, kdykoli, ani\u017e by museli chodit nebo \u010dekat na m\u00edsto.<\/li>\n<li>Kamenn\u00e1 kasina mohou b\u00fdt pro nov\u00e9 hr\u00e1\u010de zastra\u0161uj\u00edc\u00ed a \u010dasto jim chyb\u00ed bezplatn\u00e9 zdroje, kter\u00e9 by jim mohly pomoci nau\u010dit se hry a r\u016fzn\u00e9 strategie. Online kasina umo\u017e\u0148uj\u00ed hr\u00e1\u010d\u016fm hr\u00e1t v prost\u0159ed\u00ed, kter\u00e9ho se nemus\u00ed c\u00edtit tak zastra\u0161eni, a nab\u00edzej\u00ed mno\u017estv\u00ed bezplatn\u00e9ho obsahu, kter\u00fd je provede r\u016fzn\u00fdmi aspekty hran\u00ed kasinov\u00fdch her online.<\/li>\n<\/ul>\n<p>Ka\u017ed\u00fd, kdo si mysl\u00ed, \u017ee online kasina by mohla b\u00fdt pro n\u011bj to prav\u00e9, by m\u011bl za\u010d\u00edt t\u00edm, \u017ee se dozv\u00ed v\u0161e, co m\u016f\u017ee o kasinech provozovan\u00fdch spole\u010dnost\u00ed Microgaming. Nejlep\u0161\u00edm z nich je bezpochyby 888 Casino, kter\u00e9 m\u016f\u017eete nav\u0161t\u00edvit kliknut\u00edm na banner n\u00ed\u017ee.<br \/>\n<a href=\"https:\/\/ic.aff-handler.com\/C\/45871?sr=1064399&amp;anid=\" rel=\"nofollow\"><img loading=\"lazy\" decoding=\"async\" class=\"aligncenter\" src=\"https:\/\/ic.aff-handler.com\/I\/45871?sr=1064399&amp;anid=\" width=\"725\" height=\"93\" \/><\/a><br \/>\nPokud jste rezidentem USA, va\u0161\u00ed nejlep\u0161\u00ed volbou by byl BetOnline pro b\u011b\u017en\u00e9 kasinov\u00e9 hry nebo pro online poker.<br \/>\n<img loading=\"lazy\" decoding=\"async\" class=\"wp-image-7875 aligncenter\" src=\"https:\/\/gambling6.com\/wp-content\/uploads\/2025\/10\/BOL_AQC_banner_468x60_FS1_casino-300x38.gif\" alt=\"Kasino BetOnline\" width=\"694\" height=\"88\" \/><\/p>\n","protected":false},"excerpt":{"rendered":"<p>\u017div\u00e1 nebo online kasina Ka\u017ed\u00fd typ m\u00e1 n\u011bco, co se hr\u00e1\u010d\u016fm l\u00edb\u00ed Hr\u00e1\u010di v kasinu by m\u011bli hr\u00e1t sv\u00e9 obl\u00edben\u00e9 hry zp\u016fsobem, kter\u00fd jim vyhovuje a odpov\u00edd\u00e1 jejich osobnosti. N\u011bkte\u0159\u00ed hr\u00e1\u010di v\u017edy preferuj\u00ed hran\u00ed v kamenn\u00fdch kasinech, proto\u017ee se jim l\u00edb\u00ed atmosf\u00e9ra. R\u00e1di si hraj\u00ed s ostatn\u00edmi hr\u00e1\u010di, v davech a v hluku. Jin\u00fdm hr\u00e1\u010d\u016fm [&hellip;]<\/p>\n","protected":false},"author":1,"featured_media":0,"parent":8273,"menu_order":28,"comment_status":"closed","ping_status":"closed","template":"","meta":{"footnotes":""},"class_list":["post-8368","page","type-page","status-publish","hentry"],"yoast_head":"<!-- This site is optimized with the Yoast SEO plugin v27.4 - https:\/\/yoast.com\/product\/yoast-seo-wordpress\/ -->\n<title>Porovn\u00e1n\u00ed kamenn\u00fdch a online kasin<\/title>\n<meta name=\"description\" content=\"Online kasina i kamenn\u00e1 kasina poskytuj\u00ed hr\u00e1\u010d\u016fm skv\u011bl\u00fd \u010das a mnoho p\u0159\u00edle\u017eitost\u00ed.\" \/>\n<meta name=\"robots\" content=\"index, follow, max-snippet:-1, max-image-preview:large, max-video-preview:-1\" \/>\n<link rel=\"canonical\" href=\"https:\/\/gambling6.com\/cs\/kasino\/online-kasina-vs-kamenna-kasina\/\" \/>\n<meta property=\"og:locale\" content=\"cs_CZ\" \/>\n<meta property=\"og:type\" content=\"article\" \/>\n<meta property=\"og:title\" content=\"Porovn\u00e1n\u00ed kamenn\u00fdch a online kasin\" \/>\n<meta property=\"og:description\" content=\"Online kasina i kamenn\u00e1 kasina poskytuj\u00ed hr\u00e1\u010d\u016fm skv\u011bl\u00fd \u010das a mnoho p\u0159\u00edle\u017eitost\u00ed.\" \/>\n<meta property=\"og:url\" content=\"https:\/\/gambling6.com\/cs\/kasino\/online-kasina-vs-kamenna-kasina\/\" \/>\n<meta property=\"og:site_name\" content=\"Gambling6\" \/>\n<meta property=\"og:image\" content=\"https:\/\/gambling6.com\/wp-content\/uploads\/2013\/12\/phil_ivey.jpg\" \/>\n\t<meta property=\"og:image:width\" content=\"250\" \/>\n\t<meta property=\"og:image:height\" content=\"304\" \/>\n\t<meta property=\"og:image:type\" content=\"image\/jpeg\" \/>\n<meta name=\"twitter:card\" content=\"summary_large_image\" \/>\n<meta name=\"twitter:label1\" content=\"Odhadovan\u00e1 doba \u010dten\u00ed\" \/>\n\t<meta name=\"twitter:data1\" content=\"3 minuty\" \/>\n<script type=\"application\/ld+json\" class=\"yoast-schema-graph\">{\"@context\":\"https:\\\/\\\/schema.org\",\"@graph\":[{\"@type\":\"WebPage\",\"@id\":\"https:\\\/\\\/gambling6.com\\\/cs\\\/kasino\\\/online-kasina-vs-kamenna-kasina\\\/\",\"url\":\"https:\\\/\\\/gambling6.com\\\/cs\\\/kasino\\\/online-kasina-vs-kamenna-kasina\\\/\",\"name\":\"Porovn\u00e1n\u00ed kamenn\u00fdch a online kasin\",\"isPartOf\":{\"@id\":\"https:\\\/\\\/gambling6.com\\\/cs\\\/#website\"},\"primaryImageOfPage\":{\"@id\":\"https:\\\/\\\/gambling6.com\\\/cs\\\/kasino\\\/online-kasina-vs-kamenna-kasina\\\/#primaryimage\"},\"image\":{\"@id\":\"https:\\\/\\\/gambling6.com\\\/cs\\\/kasino\\\/online-kasina-vs-kamenna-kasina\\\/#primaryimage\"},\"thumbnailUrl\":\"https:\\\/\\\/gambling6.com\\\/wp-content\\\/uploads\\\/2013\\\/12\\\/phil_ivey-247x300.jpg\",\"datePublished\":\"2025-11-07T13:05:48+00:00\",\"description\":\"Online kasina i kamenn\u00e1 kasina poskytuj\u00ed hr\u00e1\u010d\u016fm skv\u011bl\u00fd \u010das a mnoho p\u0159\u00edle\u017eitost\u00ed.\",\"breadcrumb\":{\"@id\":\"https:\\\/\\\/gambling6.com\\\/cs\\\/kasino\\\/online-kasina-vs-kamenna-kasina\\\/#breadcrumb\"},\"inLanguage\":\"cs\",\"potentialAction\":[{\"@type\":\"ReadAction\",\"target\":[\"https:\\\/\\\/gambling6.com\\\/cs\\\/kasino\\\/online-kasina-vs-kamenna-kasina\\\/\"]}]},{\"@type\":\"ImageObject\",\"inLanguage\":\"cs\",\"@id\":\"https:\\\/\\\/gambling6.com\\\/cs\\\/kasino\\\/online-kasina-vs-kamenna-kasina\\\/#primaryimage\",\"url\":\"https:\\\/\\\/gambling6.com\\\/wp-content\\\/uploads\\\/2013\\\/12\\\/phil_ivey-247x300.jpg\",\"contentUrl\":\"https:\\\/\\\/gambling6.com\\\/wp-content\\\/uploads\\\/2013\\\/12\\\/phil_ivey-247x300.jpg\"},{\"@type\":\"BreadcrumbList\",\"@id\":\"https:\\\/\\\/gambling6.com\\\/cs\\\/kasino\\\/online-kasina-vs-kamenna-kasina\\\/#breadcrumb\",\"itemListElement\":[{\"@type\":\"ListItem\",\"position\":1,\"name\":\"Home\",\"item\":\"https:\\\/\\\/gambling6.com\\\/cs\\\/home\\\/\"},{\"@type\":\"ListItem\",\"position\":2,\"name\":\"Kasino\",\"item\":\"https:\\\/\\\/gambling6.com\\\/cs\\\/get-started-with-online-gambling\\\/\"},{\"@type\":\"ListItem\",\"position\":3,\"name\":\"Online kasina vs. kamenn\u00e1 kasina\"}]},{\"@type\":\"WebSite\",\"@id\":\"https:\\\/\\\/gambling6.com\\\/cs\\\/#website\",\"url\":\"https:\\\/\\\/gambling6.com\\\/cs\\\/\",\"name\":\"Gambling6\",\"description\":\"\",\"potentialAction\":[{\"@type\":\"SearchAction\",\"target\":{\"@type\":\"EntryPoint\",\"urlTemplate\":\"https:\\\/\\\/gambling6.com\\\/cs\\\/?s={search_term_string}\"},\"query-input\":{\"@type\":\"PropertyValueSpecification\",\"valueRequired\":true,\"valueName\":\"search_term_string\"}}],\"inLanguage\":\"cs\"}]}<\/script>\n<!-- \/ Yoast SEO plugin. -->","yoast_head_json":{"title":"Porovn\u00e1n\u00ed kamenn\u00fdch a online kasin","description":"Online kasina i kamenn\u00e1 kasina poskytuj\u00ed hr\u00e1\u010d\u016fm skv\u011bl\u00fd \u010das a mnoho p\u0159\u00edle\u017eitost\u00ed.","robots":{"index":"index","follow":"follow","max-snippet":"max-snippet:-1","max-image-preview":"max-image-preview:large","max-video-preview":"max-video-preview:-1"},"canonical":"https:\/\/gambling6.com\/cs\/kasino\/online-kasina-vs-kamenna-kasina\/","og_locale":"cs_CZ","og_type":"article","og_title":"Porovn\u00e1n\u00ed kamenn\u00fdch a online kasin","og_description":"Online kasina i kamenn\u00e1 kasina poskytuj\u00ed hr\u00e1\u010d\u016fm skv\u011bl\u00fd \u010das a mnoho p\u0159\u00edle\u017eitost\u00ed.","og_url":"https:\/\/gambling6.com\/cs\/kasino\/online-kasina-vs-kamenna-kasina\/","og_site_name":"Gambling6","og_image":[{"width":250,"height":304,"url":"https:\/\/gambling6.com\/wp-content\/uploads\/2013\/12\/phil_ivey.jpg","type":"image\/jpeg"}],"twitter_card":"summary_large_image","twitter_misc":{"Odhadovan\u00e1 doba \u010dten\u00ed":"3 minuty"},"schema":{"@context":"https:\/\/schema.org","@graph":[{"@type":"WebPage","@id":"https:\/\/gambling6.com\/cs\/kasino\/online-kasina-vs-kamenna-kasina\/","url":"https:\/\/gambling6.com\/cs\/kasino\/online-kasina-vs-kamenna-kasina\/","name":"Porovn\u00e1n\u00ed kamenn\u00fdch a online kasin","isPartOf":{"@id":"https:\/\/gambling6.com\/cs\/#website"},"primaryImageOfPage":{"@id":"https:\/\/gambling6.com\/cs\/kasino\/online-kasina-vs-kamenna-kasina\/#primaryimage"},"image":{"@id":"https:\/\/gambling6.com\/cs\/kasino\/online-kasina-vs-kamenna-kasina\/#primaryimage"},"thumbnailUrl":"https:\/\/gambling6.com\/wp-content\/uploads\/2013\/12\/phil_ivey-247x300.jpg","datePublished":"2025-11-07T13:05:48+00:00","description":"Online kasina i kamenn\u00e1 kasina poskytuj\u00ed hr\u00e1\u010d\u016fm skv\u011bl\u00fd \u010das a mnoho p\u0159\u00edle\u017eitost\u00ed.","breadcrumb":{"@id":"https:\/\/gambling6.com\/cs\/kasino\/online-kasina-vs-kamenna-kasina\/#breadcrumb"},"inLanguage":"cs","potentialAction":[{"@type":"ReadAction","target":["https:\/\/gambling6.com\/cs\/kasino\/online-kasina-vs-kamenna-kasina\/"]}]},{"@type":"ImageObject","inLanguage":"cs","@id":"https:\/\/gambling6.com\/cs\/kasino\/online-kasina-vs-kamenna-kasina\/#primaryimage","url":"https:\/\/gambling6.com\/wp-content\/uploads\/2013\/12\/phil_ivey-247x300.jpg","contentUrl":"https:\/\/gambling6.com\/wp-content\/uploads\/2013\/12\/phil_ivey-247x300.jpg"},{"@type":"BreadcrumbList","@id":"https:\/\/gambling6.com\/cs\/kasino\/online-kasina-vs-kamenna-kasina\/#breadcrumb","itemListElement":[{"@type":"ListItem","position":1,"name":"Home","item":"https:\/\/gambling6.com\/cs\/home\/"},{"@type":"ListItem","position":2,"name":"Kasino","item":"https:\/\/gambling6.com\/cs\/get-started-with-online-gambling\/"},{"@type":"ListItem","position":3,"name":"Online kasina vs. kamenn\u00e1 kasina"}]},{"@type":"WebSite","@id":"https:\/\/gambling6.com\/cs\/#website","url":"https:\/\/gambling6.com\/cs\/","name":"Gambling6","description":"","potentialAction":[{"@type":"SearchAction","target":{"@type":"EntryPoint","urlTemplate":"https:\/\/gambling6.com\/cs\/?s={search_term_string}"},"query-input":{"@type":"PropertyValueSpecification","valueRequired":true,"valueName":"search_term_string"}}],"inLanguage":"cs"}]}},"_links":{"self":[{"href":"https:\/\/gambling6.com\/cs\/wp-json\/wp\/v2\/pages\/8368","targetHints":{"allow":["GET"]}}],"collection":[{"href":"https:\/\/gambling6.com\/cs\/wp-json\/wp\/v2\/pages"}],"about":[{"href":"https:\/\/gambling6.com\/cs\/wp-json\/wp\/v2\/types\/page"}],"author":[{"embeddable":true,"href":"https:\/\/gambling6.com\/cs\/wp-json\/wp\/v2\/users\/1"}],"replies":[{"embeddable":true,"href":"https:\/\/gambling6.com\/cs\/wp-json\/wp\/v2\/comments?post=8368"}],"version-history":[{"count":0,"href":"https:\/\/gambling6.com\/cs\/wp-json\/wp\/v2\/pages\/8368\/revisions"}],"up":[{"embeddable":true,"href":"https:\/\/gambling6.com\/cs\/wp-json\/wp\/v2\/pages\/8273"}],"wp:attachment":[{"href":"https:\/\/gambling6.com\/cs\/wp-json\/wp\/v2\/media?parent=8368"}],"curies":[{"name":"wp","href":"https:\/\/api.w.org\/{rel}","templated":true}]}}