{"id":8392,"date":"2025-11-07T14:45:22","date_gmt":"2025-11-07T14:45:22","guid":{"rendered":"https:\/\/gambling6.com\/kasino\/pet-hlavnich-duvodu-pro-vstup-do-online-kasina\/"},"modified":"2025-11-12T16:23:56","modified_gmt":"2025-11-12T16:23:56","slug":"pet-hlavnich-duvodu-pro-vstup-do-online-kasina","status":"publish","type":"page","link":"https:\/\/gambling6.com\/cs\/kasino\/pet-hlavnich-duvodu-pro-vstup-do-online-kasina\/","title":{"rendered":"P\u011bt hlavn\u00edch d\u016fvod\u016f pro vstup do online kasina"},"content":{"rendered":"<h2>Pro\u010d byste se m\u011bli p\u0159ipojit k online kasinu<\/h2>\n<h2>Online kasina jsou skv\u011bl\u00e1 d\u00edky mnoha v\u011bcem<\/h2>\n<p><img loading=\"lazy\" decoding=\"async\" class=\"size-medium wp-image-318 alignright\" src=\"https:\/\/gambling6.com\/wp-content\/uploads\/2013\/12\/classic-casino-games-300x179.jpg\" alt=\"online kasino\" width=\"300\" height=\"179\" srcset=\"https:\/\/gambling6.com\/wp-content\/uploads\/2013\/12\/classic-casino-games-300x179.jpg 300w, https:\/\/gambling6.com\/wp-content\/uploads\/2013\/12\/classic-casino-games.jpg 612w\" sizes=\"auto, (max-width: 300px) 100vw, 300px\" \/>Ka\u017ed\u00fd hr\u00e1\u010d online kasina m\u00e1 sv\u00e9 vlastn\u00ed osobn\u00ed d\u016fvody pro hran\u00ed kasinov\u00fdch her na internetu. N\u011bkter\u00e9 d\u016fvody jsou v\u0161ak popul\u00e1rn\u011bj\u0161\u00ed. Kdy\u017e se hr\u00e1\u010di rozhodnou hr\u00e1t online, uvid\u00ed, \u017ee se jim p\u0159ed o\u010dima otev\u0159e zcela nov\u00fd sv\u011bt. Online kasina se dod\u00e1vaj\u00ed v mnoha r\u016fzn\u00fdch stylech, tak\u017ee hr\u00e1\u010di mohou hledat, dokud nenajdou to, kter\u00e9 jim vyhovuje.<\/p>\n<p>S na\u0161\u00edm obl\u00edben\u00fdm online kasinem 888 se nem\u016f\u017eete spl\u00e9st. <a class=\"thirstylink\" title=\"888 casino en\" href=\"https:\/\/gambling6.com\/go\/888-casino-en\/\" target=\"_blank\" rel=\"nofollow noopener\">Tento odkaz v\u00e1s p\u0159esm\u011bruje na jejich webov\u00e9 str\u00e1nky a zaru\u010d\u00ed v\u00e1m p\u011bkn\u00fd bonus a\u017e do v\u00fd\u0161e 1500 \u20ac.<\/a><\/p>\n<h2>Zde je p\u011bt hlavn\u00edch d\u016fvod\u016f, pro\u010d se v\u011bt\u0161ina hr\u00e1\u010d\u016f p\u0159ipojuje k online kasinu:<\/h2>\n<ol>\n<li>Jedn\u00edm z hlavn\u00edch d\u016fvod\u016f pro vstup do online kasina jsou bonusy. Existuje mnoho typ\u016f online kasinov\u00fdch bonus\u016f a ka\u017ed\u00e9 kasino umo\u017e\u0148uje sv\u00fdm hr\u00e1\u010d\u016fm vyu\u017e\u00edt ty, kter\u00e9 pova\u017euje za vhodn\u00e9. N\u011bkter\u00e9 bonusy v\u0161ak mohou m\u00edt velkou hodnotu a dokonce hr\u00e1\u010d\u016fm nab\u00edzej\u00ed \u0161anci z\u00edskat stovky nebo dokonce tis\u00edce dolar\u016f zdarma. Mezi bonusy, kter\u00e9 se v online kasinech \u010dasto nach\u00e1zej\u00ed, pat\u0159\u00ed uv\u00edtac\u00ed bonusy, bonusy za op\u011btovn\u00e9 na\u010dten\u00ed, hern\u00ed bonusy a doporu\u010dovac\u00ed bonusy. Hr\u00e1\u010di si cht\u011bj\u00ed p\u0159e\u010d\u00edst po\u017eadavky na bonus, aby v\u011bd\u011bli, jak na n\u011bj z\u016fstat zp\u016fsobil\u00ed a co p\u0159esn\u011b mus\u00ed ud\u011blat, aby ho z\u00edskali.<\/li>\n<li>Dal\u0161\u00edm hlavn\u00edm d\u016fvodem, pro\u010d se mnoho hr\u00e1\u010d\u016f p\u0159ipojuje k online kasin\u016fm, je po\u010det her, kter\u00e9 mohou hr\u00e1t na jednom m\u00edst\u011b. Kdy\u017e hr\u00e1\u010di nav\u0161t\u00edv\u00ed jedno z popul\u00e1rn\u00edch online kasin, mohou p\u0159ech\u00e1zet od hry ke h\u0159e, ani\u017e by museli opustit sv\u00e1 m\u00edsta. Nebudou se muset starat o \u010dek\u00e1n\u00ed na uvoln\u011bn\u00ed m\u00edsta ani o dal\u0161\u00ed pot\u00ed\u017ee, kter\u00e9 s sebou hran\u00ed v kamenn\u00fdch kasinech p\u0159in\u00e1\u0161\u00ed. Hry jsou snadno dostupn\u00e9 a neust\u00e1le se konaj\u00ed, pokud si hr\u00e1\u010d vybere jedno z popul\u00e1rn\u011bj\u0161\u00edch kasin.<\/li>\n<li>Dal\u0161\u00edm d\u016fvodem, pro\u010d se mnoho hr\u00e1\u010d\u016f obrac\u00ed k online kasin\u016fm, jsou finance. Hr\u00e1\u010di, kte\u0159\u00ed tr\u00e1v\u00ed \u010das v online kasinech, nemus\u00ed platit za v\u011bci, jako je benz\u00edn, l\u00edstky, ubytov\u00e1n\u00ed v hotelu, stravov\u00e1n\u00ed v restaurac\u00edch ani za \u017e\u00e1dn\u00e9 dal\u0161\u00ed v\u00fddaje, kter\u00fdm \u010del\u00ed p\u0159i pl\u00e1nov\u00e1n\u00ed cesty do kamenn\u00fdch kasin. To znamen\u00e1, \u017ee hr\u00e1\u010di budou m\u00edt v\u00edce pen\u011bz na hry, co\u017e je v\u017edycky dobr\u00e1 v\u011bc.<\/li>\n<li>N\u011bkte\u0159\u00ed hr\u00e1\u010di vedou hektick\u00fd a zanepr\u00e1zdn\u011bn\u00fd \u017eivot. To znamen\u00e1, \u017ee pro n\u011b m\u016f\u017ee b\u00fdt velmi obt\u00ed\u017en\u00e9 dostat se i do kamenn\u00fdch kasin. Online kasina jsou jim v\u0161ak v\u017edy k dispozici. I kdy\u017e se mohou b\u011bhem dne p\u0159ihl\u00e1sit jen na p\u00e1r minut, alespo\u0148 si budou moci trochu zahr\u00e1t, kdy\u017e se p\u0159ipoj\u00ed k online kasinu.<\/li>\n<li>Dal\u0161\u00ed nepochybnou v\u00fdhodou hran\u00ed v online kasinech je, \u017ee hr\u00e1\u010di maj\u00ed \u00faplnou kontrolu nad sv\u00fdm hern\u00edm z\u00e1\u017eitkem. Vyb\u00edraj\u00ed si kasino, bonusy, propaga\u010dn\u00ed akce a hry a mohou si p\u0159izp\u016fsobit mnoho aspekt\u016f r\u016fzn\u00fdch online kasinov\u00fdch her.<\/li>\n<\/ol>\n<p>Ka\u017ed\u00fd, kdo hled\u00e1 dobr\u00e9 online kasino, kter\u00e9 v\u0161e zajist\u00ed bezpe\u010dn\u00fdm a jednoduch\u00fdm zp\u016fsobem, si bude cht\u00edt p\u0159e\u010d\u00edst recenze a naj\u00edt takov\u00e9, kter\u00e9 b\u011b\u017e\u00ed na spolehliv\u00e9m softwaru, nab\u00edz\u00ed vynikaj\u00edc\u00ed podporu a nab\u00edz\u00ed mnoho her.<\/p>\n","protected":false},"excerpt":{"rendered":"<p>Pro\u010d byste se m\u011bli p\u0159ipojit k online kasinu Online kasina jsou skv\u011bl\u00e1 d\u00edky mnoha v\u011bcem Ka\u017ed\u00fd hr\u00e1\u010d online kasina m\u00e1 sv\u00e9 vlastn\u00ed osobn\u00ed d\u016fvody pro hran\u00ed kasinov\u00fdch her na internetu. N\u011bkter\u00e9 d\u016fvody jsou v\u0161ak popul\u00e1rn\u011bj\u0161\u00ed. Kdy\u017e se hr\u00e1\u010di rozhodnou hr\u00e1t online, uvid\u00ed, \u017ee se jim p\u0159ed o\u010dima otev\u0159e zcela nov\u00fd sv\u011bt. Online kasina se dod\u00e1vaj\u00ed [&hellip;]<\/p>\n","protected":false},"author":1,"featured_media":0,"parent":8273,"menu_order":30,"comment_status":"closed","ping_status":"closed","template":"","meta":{"footnotes":""},"class_list":["post-8392","page","type-page","status-publish","hentry"],"yoast_head":"<!-- This site is optimized with the Yoast SEO plugin v27.5 - https:\/\/yoast.com\/product\/yoast-seo-wordpress\/ -->\n<title>D\u016fvody pro vstup do online kasina<\/title>\n<meta name=\"description\" content=\"Online kasina maj\u00ed tolik co nab\u00eddnout hr\u00e1\u010d\u016fm, kte\u0159\u00ed hledaj\u00ed skv\u011blou z\u00e1bavu a mnoho \u0161anc\u00ed na v\u00fdhru.\" \/>\n<meta name=\"robots\" content=\"index, follow, max-snippet:-1, max-image-preview:large, max-video-preview:-1\" \/>\n<link rel=\"canonical\" href=\"https:\/\/gambling6.com\/cs\/kasino\/pet-hlavnich-duvodu-pro-vstup-do-online-kasina\/\" \/>\n<meta property=\"og:locale\" content=\"cs_CZ\" \/>\n<meta property=\"og:type\" content=\"article\" \/>\n<meta property=\"og:title\" content=\"D\u016fvody pro vstup do online kasina\" \/>\n<meta property=\"og:description\" content=\"Online kasina maj\u00ed tolik co nab\u00eddnout hr\u00e1\u010d\u016fm, kte\u0159\u00ed hledaj\u00ed skv\u011blou z\u00e1bavu a mnoho \u0161anc\u00ed na v\u00fdhru.\" \/>\n<meta property=\"og:url\" content=\"https:\/\/gambling6.com\/cs\/kasino\/pet-hlavnich-duvodu-pro-vstup-do-online-kasina\/\" \/>\n<meta property=\"og:site_name\" content=\"Gambling6\" \/>\n<meta property=\"article:modified_time\" content=\"2025-11-12T16:23:56+00:00\" \/>\n<meta property=\"og:image\" content=\"https:\/\/gambling6.com\/wp-content\/uploads\/2013\/12\/classic-casino-games.jpg\" \/>\n\t<meta property=\"og:image:width\" content=\"612\" \/>\n\t<meta property=\"og:image:height\" content=\"366\" \/>\n\t<meta property=\"og:image:type\" content=\"image\/jpeg\" \/>\n<meta name=\"twitter:card\" content=\"summary_large_image\" \/>\n<meta name=\"twitter:label1\" content=\"Odhadovan\u00e1 doba \u010dten\u00ed\" \/>\n\t<meta name=\"twitter:data1\" content=\"3 minuty\" \/>\n<script type=\"application\/ld+json\" class=\"yoast-schema-graph\">{\"@context\":\"https:\\\/\\\/schema.org\",\"@graph\":[{\"@type\":\"WebPage\",\"@id\":\"https:\\\/\\\/gambling6.com\\\/cs\\\/kasino\\\/pet-hlavnich-duvodu-pro-vstup-do-online-kasina\\\/\",\"url\":\"https:\\\/\\\/gambling6.com\\\/cs\\\/kasino\\\/pet-hlavnich-duvodu-pro-vstup-do-online-kasina\\\/\",\"name\":\"D\u016fvody pro vstup do online kasina\",\"isPartOf\":{\"@id\":\"https:\\\/\\\/gambling6.com\\\/cs\\\/#website\"},\"primaryImageOfPage\":{\"@id\":\"https:\\\/\\\/gambling6.com\\\/cs\\\/kasino\\\/pet-hlavnich-duvodu-pro-vstup-do-online-kasina\\\/#primaryimage\"},\"image\":{\"@id\":\"https:\\\/\\\/gambling6.com\\\/cs\\\/kasino\\\/pet-hlavnich-duvodu-pro-vstup-do-online-kasina\\\/#primaryimage\"},\"thumbnailUrl\":\"https:\\\/\\\/gambling6.com\\\/wp-content\\\/uploads\\\/2013\\\/12\\\/classic-casino-games-300x179.jpg\",\"datePublished\":\"2025-11-07T14:45:22+00:00\",\"dateModified\":\"2025-11-12T16:23:56+00:00\",\"description\":\"Online kasina maj\u00ed tolik co nab\u00eddnout hr\u00e1\u010d\u016fm, kte\u0159\u00ed hledaj\u00ed skv\u011blou z\u00e1bavu a mnoho \u0161anc\u00ed na v\u00fdhru.\",\"breadcrumb\":{\"@id\":\"https:\\\/\\\/gambling6.com\\\/cs\\\/kasino\\\/pet-hlavnich-duvodu-pro-vstup-do-online-kasina\\\/#breadcrumb\"},\"inLanguage\":\"cs\",\"potentialAction\":[{\"@type\":\"ReadAction\",\"target\":[\"https:\\\/\\\/gambling6.com\\\/cs\\\/kasino\\\/pet-hlavnich-duvodu-pro-vstup-do-online-kasina\\\/\"]}]},{\"@type\":\"ImageObject\",\"inLanguage\":\"cs\",\"@id\":\"https:\\\/\\\/gambling6.com\\\/cs\\\/kasino\\\/pet-hlavnich-duvodu-pro-vstup-do-online-kasina\\\/#primaryimage\",\"url\":\"https:\\\/\\\/gambling6.com\\\/wp-content\\\/uploads\\\/2013\\\/12\\\/classic-casino-games-300x179.jpg\",\"contentUrl\":\"https:\\\/\\\/gambling6.com\\\/wp-content\\\/uploads\\\/2013\\\/12\\\/classic-casino-games-300x179.jpg\"},{\"@type\":\"BreadcrumbList\",\"@id\":\"https:\\\/\\\/gambling6.com\\\/cs\\\/kasino\\\/pet-hlavnich-duvodu-pro-vstup-do-online-kasina\\\/#breadcrumb\",\"itemListElement\":[{\"@type\":\"ListItem\",\"position\":1,\"name\":\"Home\",\"item\":\"https:\\\/\\\/gambling6.com\\\/cs\\\/home\\\/\"},{\"@type\":\"ListItem\",\"position\":2,\"name\":\"Kasino\",\"item\":\"https:\\\/\\\/gambling6.com\\\/cs\\\/get-started-with-online-gambling\\\/\"},{\"@type\":\"ListItem\",\"position\":3,\"name\":\"P\u011bt hlavn\u00edch d\u016fvod\u016f pro vstup do online kasina\"}]},{\"@type\":\"WebSite\",\"@id\":\"https:\\\/\\\/gambling6.com\\\/cs\\\/#website\",\"url\":\"https:\\\/\\\/gambling6.com\\\/cs\\\/\",\"name\":\"Gambling6\",\"description\":\"\",\"potentialAction\":[{\"@type\":\"SearchAction\",\"target\":{\"@type\":\"EntryPoint\",\"urlTemplate\":\"https:\\\/\\\/gambling6.com\\\/cs\\\/?s={search_term_string}\"},\"query-input\":{\"@type\":\"PropertyValueSpecification\",\"valueRequired\":true,\"valueName\":\"search_term_string\"}}],\"inLanguage\":\"cs\"}]}<\/script>\n<!-- \/ Yoast SEO plugin. -->","yoast_head_json":{"title":"D\u016fvody pro vstup do online kasina","description":"Online kasina maj\u00ed tolik co nab\u00eddnout hr\u00e1\u010d\u016fm, kte\u0159\u00ed hledaj\u00ed skv\u011blou z\u00e1bavu a mnoho \u0161anc\u00ed na v\u00fdhru.","robots":{"index":"index","follow":"follow","max-snippet":"max-snippet:-1","max-image-preview":"max-image-preview:large","max-video-preview":"max-video-preview:-1"},"canonical":"https:\/\/gambling6.com\/cs\/kasino\/pet-hlavnich-duvodu-pro-vstup-do-online-kasina\/","og_locale":"cs_CZ","og_type":"article","og_title":"D\u016fvody pro vstup do online kasina","og_description":"Online kasina maj\u00ed tolik co nab\u00eddnout hr\u00e1\u010d\u016fm, kte\u0159\u00ed hledaj\u00ed skv\u011blou z\u00e1bavu a mnoho \u0161anc\u00ed na v\u00fdhru.","og_url":"https:\/\/gambling6.com\/cs\/kasino\/pet-hlavnich-duvodu-pro-vstup-do-online-kasina\/","og_site_name":"Gambling6","article_modified_time":"2025-11-12T16:23:56+00:00","og_image":[{"width":612,"height":366,"url":"https:\/\/gambling6.com\/wp-content\/uploads\/2013\/12\/classic-casino-games.jpg","type":"image\/jpeg"}],"twitter_card":"summary_large_image","twitter_misc":{"Odhadovan\u00e1 doba \u010dten\u00ed":"3 minuty"},"schema":{"@context":"https:\/\/schema.org","@graph":[{"@type":"WebPage","@id":"https:\/\/gambling6.com\/cs\/kasino\/pet-hlavnich-duvodu-pro-vstup-do-online-kasina\/","url":"https:\/\/gambling6.com\/cs\/kasino\/pet-hlavnich-duvodu-pro-vstup-do-online-kasina\/","name":"D\u016fvody pro vstup do online kasina","isPartOf":{"@id":"https:\/\/gambling6.com\/cs\/#website"},"primaryImageOfPage":{"@id":"https:\/\/gambling6.com\/cs\/kasino\/pet-hlavnich-duvodu-pro-vstup-do-online-kasina\/#primaryimage"},"image":{"@id":"https:\/\/gambling6.com\/cs\/kasino\/pet-hlavnich-duvodu-pro-vstup-do-online-kasina\/#primaryimage"},"thumbnailUrl":"https:\/\/gambling6.com\/wp-content\/uploads\/2013\/12\/classic-casino-games-300x179.jpg","datePublished":"2025-11-07T14:45:22+00:00","dateModified":"2025-11-12T16:23:56+00:00","description":"Online kasina maj\u00ed tolik co nab\u00eddnout hr\u00e1\u010d\u016fm, kte\u0159\u00ed hledaj\u00ed skv\u011blou z\u00e1bavu a mnoho \u0161anc\u00ed na v\u00fdhru.","breadcrumb":{"@id":"https:\/\/gambling6.com\/cs\/kasino\/pet-hlavnich-duvodu-pro-vstup-do-online-kasina\/#breadcrumb"},"inLanguage":"cs","potentialAction":[{"@type":"ReadAction","target":["https:\/\/gambling6.com\/cs\/kasino\/pet-hlavnich-duvodu-pro-vstup-do-online-kasina\/"]}]},{"@type":"ImageObject","inLanguage":"cs","@id":"https:\/\/gambling6.com\/cs\/kasino\/pet-hlavnich-duvodu-pro-vstup-do-online-kasina\/#primaryimage","url":"https:\/\/gambling6.com\/wp-content\/uploads\/2013\/12\/classic-casino-games-300x179.jpg","contentUrl":"https:\/\/gambling6.com\/wp-content\/uploads\/2013\/12\/classic-casino-games-300x179.jpg"},{"@type":"BreadcrumbList","@id":"https:\/\/gambling6.com\/cs\/kasino\/pet-hlavnich-duvodu-pro-vstup-do-online-kasina\/#breadcrumb","itemListElement":[{"@type":"ListItem","position":1,"name":"Home","item":"https:\/\/gambling6.com\/cs\/home\/"},{"@type":"ListItem","position":2,"name":"Kasino","item":"https:\/\/gambling6.com\/cs\/get-started-with-online-gambling\/"},{"@type":"ListItem","position":3,"name":"P\u011bt hlavn\u00edch d\u016fvod\u016f pro vstup do online kasina"}]},{"@type":"WebSite","@id":"https:\/\/gambling6.com\/cs\/#website","url":"https:\/\/gambling6.com\/cs\/","name":"Gambling6","description":"","potentialAction":[{"@type":"SearchAction","target":{"@type":"EntryPoint","urlTemplate":"https:\/\/gambling6.com\/cs\/?s={search_term_string}"},"query-input":{"@type":"PropertyValueSpecification","valueRequired":true,"valueName":"search_term_string"}}],"inLanguage":"cs"}]}},"_links":{"self":[{"href":"https:\/\/gambling6.com\/cs\/wp-json\/wp\/v2\/pages\/8392","targetHints":{"allow":["GET"]}}],"collection":[{"href":"https:\/\/gambling6.com\/cs\/wp-json\/wp\/v2\/pages"}],"about":[{"href":"https:\/\/gambling6.com\/cs\/wp-json\/wp\/v2\/types\/page"}],"author":[{"embeddable":true,"href":"https:\/\/gambling6.com\/cs\/wp-json\/wp\/v2\/users\/1"}],"replies":[{"embeddable":true,"href":"https:\/\/gambling6.com\/cs\/wp-json\/wp\/v2\/comments?post=8392"}],"version-history":[{"count":2,"href":"https:\/\/gambling6.com\/cs\/wp-json\/wp\/v2\/pages\/8392\/revisions"}],"predecessor-version":[{"id":10673,"href":"https:\/\/gambling6.com\/cs\/wp-json\/wp\/v2\/pages\/8392\/revisions\/10673"}],"up":[{"embeddable":true,"href":"https:\/\/gambling6.com\/cs\/wp-json\/wp\/v2\/pages\/8273"}],"wp:attachment":[{"href":"https:\/\/gambling6.com\/cs\/wp-json\/wp\/v2\/media?parent=8392"}],"curies":[{"name":"wp","href":"https:\/\/api.w.org\/{rel}","templated":true}]}}