{"id":8420,"date":"2025-11-07T17:11:08","date_gmt":"2025-11-07T17:11:08","guid":{"rendered":"https:\/\/gambling6.com\/tipy-na-nejlepsi-webove-stranky-pro-bingo\/"},"modified":"2025-11-12T12:02:45","modified_gmt":"2025-11-12T12:02:45","slug":"tipy-na-nejlepsi-webove-stranky-pro-bingo","status":"publish","type":"page","link":"https:\/\/gambling6.com\/cs\/bingo\/tipy-na-nejlepsi-webove-stranky-pro-bingo\/","title":{"rendered":"Tipy na nejlep\u0161\u00ed webov\u00e9 str\u00e1nky pro bingo"},"content":{"rendered":"<h2>V\u00fdb\u011br webov\u00fdch str\u00e1nek pro bingo<\/h2>\n<p>Bingo je vzru\u0161uj\u00edc\u00ed hra, kter\u00e1 vy\u017eaduje mnohem m\u00e9n\u011b dovednost\u00ed ne\u017e hry jako blackjack nebo poker. Hra p\u0159itahuje mnoho lid\u00ed svou jednoduchost\u00ed. Nevy\u017eaduje, abyste se u\u010dili \u017e\u00e1dn\u00e1 slo\u017eit\u00e1 pravidla ani strategie. Nav\u00edc je levn\u011bj\u0161\u00ed hr\u00e1t bingo karetn\u00ed hry. Mnoho str\u00e1nek nab\u00edz\u00ed tuto hru online. M\u016f\u017eete se k jedn\u00e9 z nich p\u0159ipojit a hr\u00e1t hru i za minim\u00e1ln\u00ed \u010d\u00e1stku pen\u011bz.<img loading=\"lazy\" decoding=\"async\" class=\" alignright size-full wp-image-213\" style=\"margin: 5px; float: right;\" src=\"http:\/\/gambling6.com\/wp-content\/uploads\/2013\/12\/img_110.png\" alt=\"vyberte si nejlep\u0161\u00ed webov\u00e9 str\u00e1nky pro bingo\" width=\"288\" height=\"175\" \/><\/p>\n<p>S tolika bingo str\u00e1nkami na trhu m\u016f\u017ee b\u00fdt<strong>zji\u0161t\u011bn\u00ed, kter\u00e1 z nich je nejlep\u0161\u00ed online bingo webov\u00e1 str\u00e1nka, docela n\u00e1ro\u010dn\u00e9<\/strong>. Proto je vhodn\u00e9 zv\u00e1\u017eit z\u00e1kladn\u00ed faktory a rozhodnout se, zda je str\u00e1nka pro v\u00e1s ide\u00e1ln\u00ed.<\/p>\n<ul>\n<li><strong>Pov\u011bst a zku\u0161enosti<\/strong><\/li>\n<\/ul>\n<p>Ujist\u011bte se, \u017ee si vyberete bingo webovou str\u00e1nku, kter\u00e1 v oboru p\u016fsob\u00ed ji\u017e dlouhou dobu a m\u00e1 silnou pov\u011bst v poskytov\u00e1n\u00ed dobr\u00e9ho hern\u00edho z\u00e1\u017eitku. To si m\u016f\u017eete ov\u011b\u0159it p\u0159e\u010dten\u00edm recenz\u00ed profesion\u00e1l\u016f a skute\u010dn\u00fdch hr\u00e1\u010d\u016f. Bingo webov\u00e1 str\u00e1nka s mnoha hr\u00e1\u010di m\u016f\u017ee b\u00fdt spolehliv\u00e1, proto\u017ee hr\u00e1\u010di necht\u011bj\u00ed z\u016fstat na webu, kter\u00fd nenab\u00edz\u00ed p\u0159\u00edjemn\u00fd hern\u00ed z\u00e1\u017eitek.<\/p>\n<p><a href=\"https:\/\/record.revenueplanet.com\/_BoBybWC_aAPUOsjNOfgKefwM06wa-Rwt\/1\/\" target=\"_new\"><img loading=\"lazy\" decoding=\"async\" class=\"aligncenter\" style=\"border: none;\" src=\"https:\/\/media.revenueplanet.com\/uploads\/nbb-468x60-nov-generic.gif\" alt=\"BingoBilly Zdarma Bingo\" width=\"686\" height=\"88\" \/><\/a><\/p>\n<ul>\n<li><strong>Nab\u00edzen\u00e9 hry<\/strong><\/li>\n<\/ul>\n<p>Str\u00e1nka, kterou si chcete vybrat, by m\u011bla nab\u00edzet \u0161irokou \u0161k\u00e1lu her. <strong>Bingo<\/strong> se dod\u00e1v\u00e1 v r\u016fzn\u00fdch form\u00e1ch. Mezi obl\u00edben\u00e9 varianty hry pat\u0159\u00ed 90 m\u00ed\u010dk\u016f, 80 m\u00ed\u010dk\u016f, 75 m\u00ed\u010dk\u016f, mini, quickie, coverall, bonanza a pattern. V\u00fdb\u011br str\u00e1nky, kter\u00e1 nab\u00edz\u00ed v\u0161echny tyto varianty, v\u00e1m pom\u016f\u017ee u\u017e\u00edt si hran\u00ed her bez nudy.<\/p>\n<ul>\n<li><strong>Bonus<\/strong><\/li>\n<\/ul>\n<p>A\u010dkoli se nedoporu\u010duje rozhodovat na z\u00e1klad\u011b bonusu, kter\u00fd hern\u00ed web nab\u00edz\u00ed, str\u00e1nka s nejvy\u0161\u0161\u00edm bonusem nemus\u00ed b\u00fdt nutn\u011b tou nejlep\u0161\u00ed bingo str\u00e1nkou pro v\u00e1s. U\u017eite\u010dn\u00e9 funkce a \u0161irok\u00e1 \u0161k\u00e1la her jsou rozhodn\u011b d\u016fle\u017eit\u011bj\u0161\u00edmi aspekty. V\u011bt\u0161ina bingo str\u00e1nek nab\u00edz\u00ed uv\u00edtac\u00ed bonus. Jakmile provedete sv\u016fj prvn\u00ed vklad, \u010d\u00e1stka uv\u00edtac\u00edho bonusu bude automaticky p\u0159ips\u00e1na na v\u00e1\u0161 \u00fa\u010det. Tento bonus m\u016f\u017eete vyu\u017e\u00edt k hran\u00ed v\u00edce. Nezapome\u0148te si p\u0159e\u010d\u00edst podm\u00ednky spojen\u00e9 s bonusem. Bonus by m\u011bl b\u00fdt obvykle vyu\u017eit do jednoho m\u011bs\u00edce.<\/p>\n<ul>\n<li><strong>Metody vkladu a v\u00fdb\u011bru<\/strong><\/li>\n<\/ul>\n<p>Nejlep\u0161\u00ed bingo str\u00e1nka nab\u00edz\u00ed r\u016fzn\u00e9 metody vkladu, abyste si mohli vybrat tu, kter\u00e1 v\u00e1m nejv\u00edce vyhovuje. Nab\u00edz\u00ed tak\u00e9 \u0159adu mo\u017enost\u00ed pro v\u00fdb\u011br v\u00fdher. Usnad\u0148uj\u00ed zalo\u017een\u00ed \u00fa\u010dtu. Snadno m\u016f\u017eete dokon\u010dit jejich online registraci a bankovn\u00ed \u00fadaje.<\/p>\n<ul>\n<li><strong>Z\u00e1kaznick\u00fd servis<\/strong><\/li>\n<\/ul>\n<p>M\u016f\u017eete si ov\u011b\u0159it, zda hern\u00ed str\u00e1nka nab\u00edz\u00ed nejlep\u0161\u00ed z\u00e1kaznick\u00fd servis. Nejlep\u0161\u00ed str\u00e1nka m\u00e1 dob\u0159e vy\u0161kolen\u00fd z\u00e1kaznick\u00fd t\u00fdm, kter\u00fd reaguje na va\u0161e dotazy a rychle \u0159e\u0161\u00ed va\u0161e probl\u00e9my. A\u0165 u\u017e se dostanete do pot\u00ed\u017e\u00ed s otev\u0159en\u00edm \u00fa\u010dtu nebo m\u00e1te probl\u00e9my s v\u00fdb\u011brem v\u00fdher, m\u016f\u017eete kdykoli z\u00edskat jejich pomoc. Nab\u00edzej\u00ed podporu prost\u0159ednictv\u00edm \u017eiv\u00e9ho chatu, telefonu a e-mailu, aby se s va\u0161imi obavami profesion\u00e1ln\u011b vypo\u0159\u00e1dali.<\/p>\n<p>Vzhledem k t\u011bmto v\u0161em faktor\u016fm si m\u016f\u017eete vybrat fantastickou online bingo str\u00e1nku. Osobn\u011b se n\u00e1m l\u00edb\u00ed Bingo Billy. I kdy\u017e \u017eijete v USA, m\u016f\u017eete si st\u00e1le zahr\u00e1t na <a class=\"thirstylink\" title=\"Bingo Billy en\" href=\"https:\/\/gambling6.com\/go\/bingobilly-en\/\" target=\"_blank\" rel=\"nofollow noopener\">Bingo Billy\u2014na jejich webov\u00e9 str\u00e1nky.<\/a><\/p>\n","protected":false},"excerpt":{"rendered":"<p>V\u00fdb\u011br webov\u00fdch str\u00e1nek pro bingo Bingo je vzru\u0161uj\u00edc\u00ed hra, kter\u00e1 vy\u017eaduje mnohem m\u00e9n\u011b dovednost\u00ed ne\u017e hry jako blackjack nebo poker. Hra p\u0159itahuje mnoho lid\u00ed svou jednoduchost\u00ed. Nevy\u017eaduje, abyste se u\u010dili \u017e\u00e1dn\u00e1 slo\u017eit\u00e1 pravidla ani strategie. Nav\u00edc je levn\u011bj\u0161\u00ed hr\u00e1t bingo karetn\u00ed hry. Mnoho str\u00e1nek nab\u00edz\u00ed tuto hru online. M\u016f\u017eete se k jedn\u00e9 z nich p\u0159ipojit [&hellip;]<\/p>\n","protected":false},"author":1,"featured_media":8422,"parent":8486,"menu_order":5,"comment_status":"closed","ping_status":"closed","template":"","meta":{"footnotes":""},"class_list":["post-8420","page","type-page","status-publish","has-post-thumbnail","hentry"],"yoast_head":"<!-- This site is optimized with the Yoast SEO plugin v27.5 - https:\/\/yoast.com\/product\/yoast-seo-wordpress\/ -->\n<title>Tipy pro bingo - Kter\u00e9 jsou nejlep\u0161\u00ed webov\u00e9 str\u00e1nky pro bingo?<\/title>\n<meta name=\"description\" content=\"V\u00fdb\u011br nejlep\u0161\u00ed webov\u00e9 str\u00e1nky pro bingo je d\u016fle\u017eit\u00fd \u2013 ale kterou str\u00e1nku byste si m\u011bli vybrat? Odpov\u011bdi najdete zde.\" \/>\n<meta name=\"robots\" content=\"index, follow, max-snippet:-1, max-image-preview:large, max-video-preview:-1\" \/>\n<link rel=\"canonical\" href=\"https:\/\/gambling6.com\/cs\/bingo\/tipy-na-nejlepsi-webove-stranky-pro-bingo\/\" \/>\n<meta property=\"og:locale\" content=\"cs_CZ\" \/>\n<meta property=\"og:type\" content=\"article\" \/>\n<meta property=\"og:title\" content=\"Tipy pro bingo - Kter\u00e9 jsou nejlep\u0161\u00ed webov\u00e9 str\u00e1nky pro bingo?\" \/>\n<meta property=\"og:description\" content=\"V\u00fdb\u011br nejlep\u0161\u00ed webov\u00e9 str\u00e1nky pro bingo je d\u016fle\u017eit\u00fd \u2013 ale kterou str\u00e1nku byste si m\u011bli vybrat? Odpov\u011bdi najdete zde.\" \/>\n<meta property=\"og:url\" content=\"https:\/\/gambling6.com\/cs\/bingo\/tipy-na-nejlepsi-webove-stranky-pro-bingo\/\" \/>\n<meta property=\"og:site_name\" content=\"Gambling6\" \/>\n<meta property=\"article:modified_time\" content=\"2025-11-12T12:02:45+00:00\" \/>\n<meta property=\"og:image\" content=\"https:\/\/gambling6.com\/wp-content\/uploads\/2013\/12\/img_110.png\" \/>\n\t<meta property=\"og:image:width\" content=\"288\" \/>\n\t<meta property=\"og:image:height\" content=\"175\" \/>\n\t<meta property=\"og:image:type\" content=\"image\/png\" \/>\n<meta name=\"twitter:card\" content=\"summary_large_image\" \/>\n<meta name=\"twitter:label1\" content=\"Odhadovan\u00e1 doba \u010dten\u00ed\" \/>\n\t<meta name=\"twitter:data1\" content=\"3 minuty\" \/>\n<script type=\"application\/ld+json\" class=\"yoast-schema-graph\">{\"@context\":\"https:\\\/\\\/schema.org\",\"@graph\":[{\"@type\":\"WebPage\",\"@id\":\"https:\\\/\\\/gambling6.com\\\/cs\\\/bingo\\\/tipy-na-nejlepsi-webove-stranky-pro-bingo\\\/\",\"url\":\"https:\\\/\\\/gambling6.com\\\/cs\\\/bingo\\\/tipy-na-nejlepsi-webove-stranky-pro-bingo\\\/\",\"name\":\"Tipy pro bingo - Kter\u00e9 jsou nejlep\u0161\u00ed webov\u00e9 str\u00e1nky pro bingo?\",\"isPartOf\":{\"@id\":\"https:\\\/\\\/gambling6.com\\\/cs\\\/#website\"},\"primaryImageOfPage\":{\"@id\":\"https:\\\/\\\/gambling6.com\\\/cs\\\/bingo\\\/tipy-na-nejlepsi-webove-stranky-pro-bingo\\\/#primaryimage\"},\"image\":{\"@id\":\"https:\\\/\\\/gambling6.com\\\/cs\\\/bingo\\\/tipy-na-nejlepsi-webove-stranky-pro-bingo\\\/#primaryimage\"},\"thumbnailUrl\":\"https:\\\/\\\/gambling6.com\\\/wp-content\\\/uploads\\\/2013\\\/12\\\/img_110.png\",\"datePublished\":\"2025-11-07T17:11:08+00:00\",\"dateModified\":\"2025-11-12T12:02:45+00:00\",\"description\":\"V\u00fdb\u011br nejlep\u0161\u00ed webov\u00e9 str\u00e1nky pro bingo je d\u016fle\u017eit\u00fd \u2013 ale kterou str\u00e1nku byste si m\u011bli vybrat? Odpov\u011bdi najdete zde.\",\"breadcrumb\":{\"@id\":\"https:\\\/\\\/gambling6.com\\\/cs\\\/bingo\\\/tipy-na-nejlepsi-webove-stranky-pro-bingo\\\/#breadcrumb\"},\"inLanguage\":\"cs\",\"potentialAction\":[{\"@type\":\"ReadAction\",\"target\":[\"https:\\\/\\\/gambling6.com\\\/cs\\\/bingo\\\/tipy-na-nejlepsi-webove-stranky-pro-bingo\\\/\"]}]},{\"@type\":\"ImageObject\",\"inLanguage\":\"cs\",\"@id\":\"https:\\\/\\\/gambling6.com\\\/cs\\\/bingo\\\/tipy-na-nejlepsi-webove-stranky-pro-bingo\\\/#primaryimage\",\"url\":\"https:\\\/\\\/gambling6.com\\\/wp-content\\\/uploads\\\/2013\\\/12\\\/img_110.png\",\"contentUrl\":\"https:\\\/\\\/gambling6.com\\\/wp-content\\\/uploads\\\/2013\\\/12\\\/img_110.png\",\"width\":288,\"height\":175,\"caption\":\"choose best bingo website\"},{\"@type\":\"BreadcrumbList\",\"@id\":\"https:\\\/\\\/gambling6.com\\\/cs\\\/bingo\\\/tipy-na-nejlepsi-webove-stranky-pro-bingo\\\/#breadcrumb\",\"itemListElement\":[{\"@type\":\"ListItem\",\"position\":1,\"name\":\"Home\",\"item\":\"https:\\\/\\\/gambling6.com\\\/cs\\\/home\\\/\"},{\"@type\":\"ListItem\",\"position\":2,\"name\":\"Bingo\",\"item\":\"https:\\\/\\\/gambling6.com\\\/cs\\\/bingo\\\/\"},{\"@type\":\"ListItem\",\"position\":3,\"name\":\"Tipy na nejlep\u0161\u00ed webov\u00e9 str\u00e1nky pro bingo\"}]},{\"@type\":\"WebSite\",\"@id\":\"https:\\\/\\\/gambling6.com\\\/cs\\\/#website\",\"url\":\"https:\\\/\\\/gambling6.com\\\/cs\\\/\",\"name\":\"Gambling6\",\"description\":\"\",\"potentialAction\":[{\"@type\":\"SearchAction\",\"target\":{\"@type\":\"EntryPoint\",\"urlTemplate\":\"https:\\\/\\\/gambling6.com\\\/cs\\\/?s={search_term_string}\"},\"query-input\":{\"@type\":\"PropertyValueSpecification\",\"valueRequired\":true,\"valueName\":\"search_term_string\"}}],\"inLanguage\":\"cs\"}]}<\/script>\n<!-- \/ Yoast SEO plugin. -->","yoast_head_json":{"title":"Tipy pro bingo - Kter\u00e9 jsou nejlep\u0161\u00ed webov\u00e9 str\u00e1nky pro bingo?","description":"V\u00fdb\u011br nejlep\u0161\u00ed webov\u00e9 str\u00e1nky pro bingo je d\u016fle\u017eit\u00fd \u2013 ale kterou str\u00e1nku byste si m\u011bli vybrat? Odpov\u011bdi najdete zde.","robots":{"index":"index","follow":"follow","max-snippet":"max-snippet:-1","max-image-preview":"max-image-preview:large","max-video-preview":"max-video-preview:-1"},"canonical":"https:\/\/gambling6.com\/cs\/bingo\/tipy-na-nejlepsi-webove-stranky-pro-bingo\/","og_locale":"cs_CZ","og_type":"article","og_title":"Tipy pro bingo - Kter\u00e9 jsou nejlep\u0161\u00ed webov\u00e9 str\u00e1nky pro bingo?","og_description":"V\u00fdb\u011br nejlep\u0161\u00ed webov\u00e9 str\u00e1nky pro bingo je d\u016fle\u017eit\u00fd \u2013 ale kterou str\u00e1nku byste si m\u011bli vybrat? Odpov\u011bdi najdete zde.","og_url":"https:\/\/gambling6.com\/cs\/bingo\/tipy-na-nejlepsi-webove-stranky-pro-bingo\/","og_site_name":"Gambling6","article_modified_time":"2025-11-12T12:02:45+00:00","og_image":[{"width":288,"height":175,"url":"https:\/\/gambling6.com\/wp-content\/uploads\/2013\/12\/img_110.png","type":"image\/png"}],"twitter_card":"summary_large_image","twitter_misc":{"Odhadovan\u00e1 doba \u010dten\u00ed":"3 minuty"},"schema":{"@context":"https:\/\/schema.org","@graph":[{"@type":"WebPage","@id":"https:\/\/gambling6.com\/cs\/bingo\/tipy-na-nejlepsi-webove-stranky-pro-bingo\/","url":"https:\/\/gambling6.com\/cs\/bingo\/tipy-na-nejlepsi-webove-stranky-pro-bingo\/","name":"Tipy pro bingo - Kter\u00e9 jsou nejlep\u0161\u00ed webov\u00e9 str\u00e1nky pro bingo?","isPartOf":{"@id":"https:\/\/gambling6.com\/cs\/#website"},"primaryImageOfPage":{"@id":"https:\/\/gambling6.com\/cs\/bingo\/tipy-na-nejlepsi-webove-stranky-pro-bingo\/#primaryimage"},"image":{"@id":"https:\/\/gambling6.com\/cs\/bingo\/tipy-na-nejlepsi-webove-stranky-pro-bingo\/#primaryimage"},"thumbnailUrl":"https:\/\/gambling6.com\/wp-content\/uploads\/2013\/12\/img_110.png","datePublished":"2025-11-07T17:11:08+00:00","dateModified":"2025-11-12T12:02:45+00:00","description":"V\u00fdb\u011br nejlep\u0161\u00ed webov\u00e9 str\u00e1nky pro bingo je d\u016fle\u017eit\u00fd \u2013 ale kterou str\u00e1nku byste si m\u011bli vybrat? Odpov\u011bdi najdete zde.","breadcrumb":{"@id":"https:\/\/gambling6.com\/cs\/bingo\/tipy-na-nejlepsi-webove-stranky-pro-bingo\/#breadcrumb"},"inLanguage":"cs","potentialAction":[{"@type":"ReadAction","target":["https:\/\/gambling6.com\/cs\/bingo\/tipy-na-nejlepsi-webove-stranky-pro-bingo\/"]}]},{"@type":"ImageObject","inLanguage":"cs","@id":"https:\/\/gambling6.com\/cs\/bingo\/tipy-na-nejlepsi-webove-stranky-pro-bingo\/#primaryimage","url":"https:\/\/gambling6.com\/wp-content\/uploads\/2013\/12\/img_110.png","contentUrl":"https:\/\/gambling6.com\/wp-content\/uploads\/2013\/12\/img_110.png","width":288,"height":175,"caption":"choose best bingo website"},{"@type":"BreadcrumbList","@id":"https:\/\/gambling6.com\/cs\/bingo\/tipy-na-nejlepsi-webove-stranky-pro-bingo\/#breadcrumb","itemListElement":[{"@type":"ListItem","position":1,"name":"Home","item":"https:\/\/gambling6.com\/cs\/home\/"},{"@type":"ListItem","position":2,"name":"Bingo","item":"https:\/\/gambling6.com\/cs\/bingo\/"},{"@type":"ListItem","position":3,"name":"Tipy na nejlep\u0161\u00ed webov\u00e9 str\u00e1nky pro bingo"}]},{"@type":"WebSite","@id":"https:\/\/gambling6.com\/cs\/#website","url":"https:\/\/gambling6.com\/cs\/","name":"Gambling6","description":"","potentialAction":[{"@type":"SearchAction","target":{"@type":"EntryPoint","urlTemplate":"https:\/\/gambling6.com\/cs\/?s={search_term_string}"},"query-input":{"@type":"PropertyValueSpecification","valueRequired":true,"valueName":"search_term_string"}}],"inLanguage":"cs"}]}},"_links":{"self":[{"href":"https:\/\/gambling6.com\/cs\/wp-json\/wp\/v2\/pages\/8420","targetHints":{"allow":["GET"]}}],"collection":[{"href":"https:\/\/gambling6.com\/cs\/wp-json\/wp\/v2\/pages"}],"about":[{"href":"https:\/\/gambling6.com\/cs\/wp-json\/wp\/v2\/types\/page"}],"author":[{"embeddable":true,"href":"https:\/\/gambling6.com\/cs\/wp-json\/wp\/v2\/users\/1"}],"replies":[{"embeddable":true,"href":"https:\/\/gambling6.com\/cs\/wp-json\/wp\/v2\/comments?post=8420"}],"version-history":[{"count":2,"href":"https:\/\/gambling6.com\/cs\/wp-json\/wp\/v2\/pages\/8420\/revisions"}],"predecessor-version":[{"id":10614,"href":"https:\/\/gambling6.com\/cs\/wp-json\/wp\/v2\/pages\/8420\/revisions\/10614"}],"up":[{"embeddable":true,"href":"https:\/\/gambling6.com\/cs\/wp-json\/wp\/v2\/pages\/8486"}],"wp:featuredmedia":[{"embeddable":true,"href":"https:\/\/gambling6.com\/cs\/wp-json\/wp\/v2\/media\/8422"}],"wp:attachment":[{"href":"https:\/\/gambling6.com\/cs\/wp-json\/wp\/v2\/media?parent=8420"}],"curies":[{"name":"wp","href":"https:\/\/api.w.org\/{rel}","templated":true}]}}