{"id":8486,"date":"2025-11-07T18:35:02","date_gmt":"2025-11-07T18:35:02","guid":{"rendered":"https:\/\/gambling6.com\/bingo\/"},"modified":"2025-11-15T07:51:29","modified_gmt":"2025-11-15T07:51:29","slug":"bingo","status":"publish","type":"page","link":"https:\/\/gambling6.com\/cs\/bingo\/","title":{"rendered":"Bingo"},"content":{"rendered":"<h2>Z\u00e1kladn\u00ed informace o bingu<\/h2>\n<p><a href=\"https:\/\/record.revenueplanet.com\/_BoBybWC_aAMWqcfzuvZcQMni_MQzyHn0\/1\/\" target=\"_new\"><img loading=\"lazy\" decoding=\"async\" class=\"alignright\" style=\"border: none;\" src=\"https:\/\/media.revenueplanet.com\/uploads\/nbb-120x600-oct-free.gif\" alt=\"BingoBilly Bingo zdarma\" width=\"120\" height=\"600\" \/><\/a>Hra bingo je ur\u010dena mlad\u00fdm i star\u0161\u00edm lidem. P\u016fvod t\u00e9to hry sah\u00e1 do It\u00e1lie 16. stolet\u00ed, kde se hr\u00e1la pod n\u00e1zvem \u201eIl Giuoco del Lotto d&#8217;Italia\u201c a pot\u00e9 se roz\u0161\u00ed\u0159ila po cel\u00e9 Evrop\u011b. Bingo je spole\u010densk\u00e1 hra, ve kter\u00e9 z\u00e1le\u017e\u00ed na: \u010dasov\u00e9 reakci, vn\u00edm\u00e1n\u00ed hry a v neposledn\u00ed \u0159ad\u011b na \u0161t\u011bst\u00ed.<\/p>\n<p>V pr\u016fb\u011bhu \u010dasu se lid\u00e9 sna\u017eili naj\u00edt r\u016fzn\u00e9 strategie, jak p\u0159esn\u011bji vypo\u010d\u00edtat, jak zv\u00fd\u0161it sv\u00e9 \u0161ance na v\u00fdhru. N\u011bkter\u00e9 z nich selhaly a n\u011bkter\u00e9 usp\u011bly. Online bingo se objevilo v polovin\u011b 90. let a od t\u00e9 doby se neust\u00e1le vyv\u00edj\u00ed. V\u00fdhody online binga, na rozd\u00edl od offline binga, jsou:<\/p>\n<ul>\n<li>M\u016f\u017eete hr\u00e1t p\u0159\u00edmo z domova<\/li>\n<li>V\u0161echno je jednoduch\u00e9<\/li>\n<li>Nab\u00edzej\u00ed bonusy a odm\u011bny<\/li>\n<li>M\u016f\u017eete hr\u00e1t zdarma<\/li>\n<li>M\u016f\u017eete hr\u00e1t kdykoli b\u011bhem dne i noci<\/li>\n<li>M\u00e1te online podporu v re\u00e1ln\u00e9m \u010dase<\/li>\n<\/ul>\n<p>Za\u010d\u00e1te\u010dn\u00edk\u016fm se doporu\u010duje hr\u00e1t demo hry, kter\u00e9 jim nab\u00edzej\u00ed mo\u017enost p\u0159izp\u016fsobit se pravidl\u016fm a rychlosti hry. Strategie hry nezaru\u010duj\u00ed v\u00fdplatu, ale zvy\u0161uj\u00ed \u0161ance na v\u00fdhru. Doporu\u010duje se tak\u00e9 hr\u00e1t v m\u00edstnosti s mal\u00fdm po\u010dtem hr\u00e1\u010d\u016f. Pro zku\u0161en\u011bj\u0161\u00ed hr\u00e1\u010de je dobr\u00e9 hr\u00e1t s co nejv\u011bt\u0161\u00edm po\u010dtem karet; To zvy\u0161uje jejich \u0161ance na v\u00fdhru. Bingo se hraje s 30, 75, 80 a 90 m\u00ed\u010dky.<\/p>\n<p>Nejlep\u0161\u00ed volbou by bylo <a class=\"thirstylink\" title=\"Bingo Billy en\" href=\"https:\/\/gambling6.com\/go\/bingobilly-en\/\" target=\"_blank\" rel=\"nofollow noopener\">Bingo Billy &#8211; klikn\u011bte sem pro hran\u00ed<\/a> a hned na za\u010d\u00e1tku z\u00edsk\u00e1te bingo l\u00edstky v hodnot\u011b 30 dolar\u016f zdarma! Bingo Billy p\u0159ij\u00edm\u00e1 hr\u00e1\u010de z cel\u00e9ho sv\u011bta, v\u010detn\u011b USA.<\/p>\n<h2>Hra bingo s 30 m\u00ed\u010dky<\/h2>\n<p>Hr\u00e1\u010d si vybere celkem 30 m\u00ed\u010dk\u016f a pou\u017eije stupnici od 1 do 75. Bingo oblasti se skl\u00e1daj\u00ed z p\u011bti nebo p\u011bti \u010dtverc\u016f. Po zakoupen\u00ed tiketu se hr\u00e1\u010d mus\u00ed rozhodnout pro celkem 30 \u010d\u00edsel. \u010c\u00edsla jsou vylosov\u00e1na a automaticky ozna\u010dena na tiketu. Bingo je dokon\u010deno, kdy\u017e m\u00e1 hr\u00e1\u010d vylosov\u00e1no p\u011bt nebo \u0161est \u010d\u00edsel, kter\u00e1 mu umo\u017e\u0148uj\u00ed vytvo\u0159it svislou, vodorovnou nebo diagon\u00e1ln\u00ed \u010d\u00e1ru. Hra kon\u010d\u00ed, kdy\u017e je vylosov\u00e1no 30 m\u00ed\u010dk\u016f. Hr\u00e1\u010d, kter\u00fd z\u00edsk\u00e1 nejv\u00edce bingo lini\u00ed, je prohl\u00e1\u0161en za v\u00edt\u011bze.<\/p>\n<h2>Hra bingo s 90 m\u00ed\u010dky<\/h2>\n<p>Karta se skl\u00e1d\u00e1 ze skupin po 9 a\u017e 3, kter\u00e9 obsahuj\u00ed celkem 27 \u010dtverc\u016f. Ka\u017ed\u00e1 \u0159ada m\u00e1 5 \u010d\u00edsel a 4 pr\u00e1zdn\u00e1 \u010dtverce. Celkov\u00fd po\u010det \u010d\u00edsel na kart\u011b je 15<\/p>\n<h2>Hra bingo s 80 m\u00ed\u010dky<\/h2>\n<p>Zde je na ka\u017ed\u00e9 kart\u011b 16 \u010d\u00edsel, 4 \u0159\u00e1dky a 4 sloupce<\/p>\n<h2>Online strategie bingo<\/h2>\n<p>Joseph E. Granville \u0159ekl, \u017ee m\u016f\u017ee \u201ezv\u00fd\u0161it \u0161anci ve prosp\u011bch a\u017e o 50 %\u201c. Tak\u00e9 \u0159ekl, \u017ee \u010d\u00edsla, kter\u00e1 jsou skute\u010dn\u011b n\u00e1hodn\u011b ta\u017eena, maj\u00ed n\u00e1sleduj\u00edc\u00ed vzorec: stejn\u00fd po\u010det \u010d\u00edsel, kter\u00e1 kon\u010d\u00ed na 1, 2, 3, 4, 5, 6, 7, 8, 9, velk\u00e1 a mal\u00e1 \u010d\u00edsla jsou v rovnov\u00e1ze spolu s obnovou hry, vyta\u017een\u00e1 \u010d\u00edsla bl\u00ed\u017e\u00edc\u00ed se \u010d\u00edslu 38, p\u0159esn\u011bji ke st\u0159edu<\/p>\n<p><strong>P\u0159\u00edklad n\u00e1hodn\u00e9ho tiketu podle vzoru Josepha E. Granvilla je<\/strong> 6, 11, 24, 32, 43, 57, 38, 69. Britsk\u00fd statistik L.C.H. Tippet p\u0159edstavil teorii, podle kter\u00e9 jsou \u010d\u00edsla losov\u00e1na s pravd\u011bpodobnost\u00ed bl\u00edzkou 38. Nicm\u00e9n\u011b m\u00e1te k dispozici \u0161irokou \u0161k\u00e1lu str\u00e1nek a mal\u00fd \u00favod do sv\u011bta bingo her. Podle va\u0161ich preferenc\u00ed se m\u016f\u017eete rozhodnout, kter\u00e1 verze je pro v\u00e1s lep\u0161\u00ed. Hodn\u011b \u0161t\u011bst\u00ed!<\/p>\n","protected":false},"excerpt":{"rendered":"<p>Z\u00e1kladn\u00ed informace o bingu Hra bingo je ur\u010dena mlad\u00fdm i star\u0161\u00edm lidem. P\u016fvod t\u00e9to hry sah\u00e1 do It\u00e1lie 16. stolet\u00ed, kde se hr\u00e1la pod n\u00e1zvem \u201eIl Giuoco del Lotto d&#8217;Italia\u201c a pot\u00e9 se roz\u0161\u00ed\u0159ila po cel\u00e9 Evrop\u011b. Bingo je spole\u010densk\u00e1 hra, ve kter\u00e9 z\u00e1le\u017e\u00ed na: \u010dasov\u00e9 reakci, vn\u00edm\u00e1n\u00ed hry a v neposledn\u00ed \u0159ad\u011b na \u0161t\u011bst\u00ed. [&hellip;]<\/p>\n","protected":false},"author":1,"featured_media":0,"parent":0,"menu_order":6,"comment_status":"closed","ping_status":"closed","template":"","meta":{"footnotes":""},"class_list":["post-8486","page","type-page","status-publish","hentry"],"yoast_head":"<!-- This site is optimized with the Yoast SEO plugin v27.4 - https:\/\/yoast.com\/product\/yoast-seo-wordpress\/ -->\n<title>Z\u00e1kladn\u00ed informace o bingu<\/title>\n<meta name=\"description\" content=\"V\u0161e o online bingu a nejlep\u0161\u00edch str\u00e1nk\u00e1ch pro hran\u00ed online binga\" \/>\n<meta name=\"robots\" content=\"index, follow, max-snippet:-1, max-image-preview:large, max-video-preview:-1\" \/>\n<link rel=\"canonical\" href=\"https:\/\/gambling6.com\/cs\/bingo\/\" \/>\n<meta property=\"og:locale\" content=\"cs_CZ\" \/>\n<meta property=\"og:type\" content=\"article\" \/>\n<meta property=\"og:title\" content=\"Z\u00e1kladn\u00ed informace o bingu\" \/>\n<meta property=\"og:description\" content=\"V\u0161e o online bingu a nejlep\u0161\u00edch str\u00e1nk\u00e1ch pro hran\u00ed online binga\" \/>\n<meta property=\"og:url\" content=\"https:\/\/gambling6.com\/cs\/bingo\/\" \/>\n<meta property=\"og:site_name\" content=\"Gambling6\" \/>\n<meta property=\"article:modified_time\" content=\"2025-11-15T07:51:29+00:00\" \/>\n<meta property=\"og:image\" content=\"https:\/\/media.revenueplanet.com\/uploads\/nbb-120x600-oct-free.gif\" \/>\n<meta name=\"twitter:card\" content=\"summary_large_image\" \/>\n<meta name=\"twitter:label1\" content=\"Odhadovan\u00e1 doba \u010dten\u00ed\" \/>\n\t<meta name=\"twitter:data1\" content=\"3 minuty\" \/>\n<script type=\"application\/ld+json\" class=\"yoast-schema-graph\">{\"@context\":\"https:\\\/\\\/schema.org\",\"@graph\":[{\"@type\":\"WebPage\",\"@id\":\"https:\\\/\\\/gambling6.com\\\/cs\\\/bingo\\\/\",\"url\":\"https:\\\/\\\/gambling6.com\\\/cs\\\/bingo\\\/\",\"name\":\"Z\u00e1kladn\u00ed informace o bingu\",\"isPartOf\":{\"@id\":\"https:\\\/\\\/gambling6.com\\\/cs\\\/#website\"},\"primaryImageOfPage\":{\"@id\":\"https:\\\/\\\/gambling6.com\\\/cs\\\/bingo\\\/#primaryimage\"},\"image\":{\"@id\":\"https:\\\/\\\/gambling6.com\\\/cs\\\/bingo\\\/#primaryimage\"},\"thumbnailUrl\":\"https:\\\/\\\/media.revenueplanet.com\\\/uploads\\\/nbb-120x600-oct-free.gif\",\"datePublished\":\"2025-11-07T18:35:02+00:00\",\"dateModified\":\"2025-11-15T07:51:29+00:00\",\"description\":\"V\u0161e o online bingu a nejlep\u0161\u00edch str\u00e1nk\u00e1ch pro hran\u00ed online binga\",\"breadcrumb\":{\"@id\":\"https:\\\/\\\/gambling6.com\\\/cs\\\/bingo\\\/#breadcrumb\"},\"inLanguage\":\"cs\",\"potentialAction\":[{\"@type\":\"ReadAction\",\"target\":[\"https:\\\/\\\/gambling6.com\\\/cs\\\/bingo\\\/\"]}]},{\"@type\":\"ImageObject\",\"inLanguage\":\"cs\",\"@id\":\"https:\\\/\\\/gambling6.com\\\/cs\\\/bingo\\\/#primaryimage\",\"url\":\"https:\\\/\\\/media.revenueplanet.com\\\/uploads\\\/nbb-120x600-oct-free.gif\",\"contentUrl\":\"https:\\\/\\\/media.revenueplanet.com\\\/uploads\\\/nbb-120x600-oct-free.gif\"},{\"@type\":\"BreadcrumbList\",\"@id\":\"https:\\\/\\\/gambling6.com\\\/cs\\\/bingo\\\/#breadcrumb\",\"itemListElement\":[{\"@type\":\"ListItem\",\"position\":1,\"name\":\"Home\",\"item\":\"https:\\\/\\\/gambling6.com\\\/cs\\\/home\\\/\"},{\"@type\":\"ListItem\",\"position\":2,\"name\":\"Bingo\"}]},{\"@type\":\"WebSite\",\"@id\":\"https:\\\/\\\/gambling6.com\\\/cs\\\/#website\",\"url\":\"https:\\\/\\\/gambling6.com\\\/cs\\\/\",\"name\":\"Gambling6\",\"description\":\"\",\"potentialAction\":[{\"@type\":\"SearchAction\",\"target\":{\"@type\":\"EntryPoint\",\"urlTemplate\":\"https:\\\/\\\/gambling6.com\\\/cs\\\/?s={search_term_string}\"},\"query-input\":{\"@type\":\"PropertyValueSpecification\",\"valueRequired\":true,\"valueName\":\"search_term_string\"}}],\"inLanguage\":\"cs\"}]}<\/script>\n<!-- \/ Yoast SEO plugin. -->","yoast_head_json":{"title":"Z\u00e1kladn\u00ed informace o bingu","description":"V\u0161e o online bingu a nejlep\u0161\u00edch str\u00e1nk\u00e1ch pro hran\u00ed online binga","robots":{"index":"index","follow":"follow","max-snippet":"max-snippet:-1","max-image-preview":"max-image-preview:large","max-video-preview":"max-video-preview:-1"},"canonical":"https:\/\/gambling6.com\/cs\/bingo\/","og_locale":"cs_CZ","og_type":"article","og_title":"Z\u00e1kladn\u00ed informace o bingu","og_description":"V\u0161e o online bingu a nejlep\u0161\u00edch str\u00e1nk\u00e1ch pro hran\u00ed online binga","og_url":"https:\/\/gambling6.com\/cs\/bingo\/","og_site_name":"Gambling6","article_modified_time":"2025-11-15T07:51:29+00:00","og_image":[{"url":"https:\/\/media.revenueplanet.com\/uploads\/nbb-120x600-oct-free.gif","type":"","width":"","height":""}],"twitter_card":"summary_large_image","twitter_misc":{"Odhadovan\u00e1 doba \u010dten\u00ed":"3 minuty"},"schema":{"@context":"https:\/\/schema.org","@graph":[{"@type":"WebPage","@id":"https:\/\/gambling6.com\/cs\/bingo\/","url":"https:\/\/gambling6.com\/cs\/bingo\/","name":"Z\u00e1kladn\u00ed informace o bingu","isPartOf":{"@id":"https:\/\/gambling6.com\/cs\/#website"},"primaryImageOfPage":{"@id":"https:\/\/gambling6.com\/cs\/bingo\/#primaryimage"},"image":{"@id":"https:\/\/gambling6.com\/cs\/bingo\/#primaryimage"},"thumbnailUrl":"https:\/\/media.revenueplanet.com\/uploads\/nbb-120x600-oct-free.gif","datePublished":"2025-11-07T18:35:02+00:00","dateModified":"2025-11-15T07:51:29+00:00","description":"V\u0161e o online bingu a nejlep\u0161\u00edch str\u00e1nk\u00e1ch pro hran\u00ed online binga","breadcrumb":{"@id":"https:\/\/gambling6.com\/cs\/bingo\/#breadcrumb"},"inLanguage":"cs","potentialAction":[{"@type":"ReadAction","target":["https:\/\/gambling6.com\/cs\/bingo\/"]}]},{"@type":"ImageObject","inLanguage":"cs","@id":"https:\/\/gambling6.com\/cs\/bingo\/#primaryimage","url":"https:\/\/media.revenueplanet.com\/uploads\/nbb-120x600-oct-free.gif","contentUrl":"https:\/\/media.revenueplanet.com\/uploads\/nbb-120x600-oct-free.gif"},{"@type":"BreadcrumbList","@id":"https:\/\/gambling6.com\/cs\/bingo\/#breadcrumb","itemListElement":[{"@type":"ListItem","position":1,"name":"Home","item":"https:\/\/gambling6.com\/cs\/home\/"},{"@type":"ListItem","position":2,"name":"Bingo"}]},{"@type":"WebSite","@id":"https:\/\/gambling6.com\/cs\/#website","url":"https:\/\/gambling6.com\/cs\/","name":"Gambling6","description":"","potentialAction":[{"@type":"SearchAction","target":{"@type":"EntryPoint","urlTemplate":"https:\/\/gambling6.com\/cs\/?s={search_term_string}"},"query-input":{"@type":"PropertyValueSpecification","valueRequired":true,"valueName":"search_term_string"}}],"inLanguage":"cs"}]}},"_links":{"self":[{"href":"https:\/\/gambling6.com\/cs\/wp-json\/wp\/v2\/pages\/8486","targetHints":{"allow":["GET"]}}],"collection":[{"href":"https:\/\/gambling6.com\/cs\/wp-json\/wp\/v2\/pages"}],"about":[{"href":"https:\/\/gambling6.com\/cs\/wp-json\/wp\/v2\/types\/page"}],"author":[{"embeddable":true,"href":"https:\/\/gambling6.com\/cs\/wp-json\/wp\/v2\/users\/1"}],"replies":[{"embeddable":true,"href":"https:\/\/gambling6.com\/cs\/wp-json\/wp\/v2\/comments?post=8486"}],"version-history":[{"count":2,"href":"https:\/\/gambling6.com\/cs\/wp-json\/wp\/v2\/pages\/8486\/revisions"}],"predecessor-version":[{"id":10820,"href":"https:\/\/gambling6.com\/cs\/wp-json\/wp\/v2\/pages\/8486\/revisions\/10820"}],"wp:attachment":[{"href":"https:\/\/gambling6.com\/cs\/wp-json\/wp\/v2\/media?parent=8486"}],"curies":[{"name":"wp","href":"https:\/\/api.w.org\/{rel}","templated":true}]}}