{"id":8555,"date":"2025-11-07T20:16:20","date_gmt":"2025-11-07T20:16:20","guid":{"rendered":"https:\/\/gambling6.com\/kasino\/mobilni-hrani-hazardni-hry-na-cestach\/"},"modified":"2025-11-12T08:53:32","modified_gmt":"2025-11-12T08:53:32","slug":"mobilni-hrani-hazardni-hry-na-cestach","status":"publish","type":"page","link":"https:\/\/gambling6.com\/cs\/kasino\/mobilni-hrani-hazardni-hry-na-cestach\/","title":{"rendered":"Mobiln\u00ed hran\u00ed \u2013 hazardn\u00ed hry na cest\u00e1ch"},"content":{"rendered":"<h2>Online hazardn\u00ed hry na mobiln\u00edch za\u0159\u00edzen\u00edch<\/h2>\n<h3>HTML5 vs. nativn\u00ed aplikace \u2013 volba je na v\u00e1s!<\/h3>\n<p>P\u0159i pohledu na dobr\u00fd adres\u00e1\u0159 hazardn\u00edch her je snadn\u00e9 vid\u011bt, \u017ee existuje mnoho skv\u011bl\u00fdch mo\u017enost\u00ed pro hr\u00e1\u010de, kte\u0159\u00ed si cht\u011bj\u00ed u\u017e\u00edt sv\u00e9 obl\u00edben\u00e9 hry na internetu. R\u016fzn\u00e9 str\u00e1nky nab\u00edzej\u00ed bezpe\u010dn\u00e9 online hazardn\u00ed hry t\u00e9m\u011b\u0159 ve v\u0161ech kategori\u00edch, p\u0159i\u010dem\u017e poker, kasino a sportovn\u00ed s\u00e1zen\u00ed jsou obvykle na vrcholu seznamu. Je d\u016fle\u017eit\u00e9 poznamenat, \u017ee existuj\u00ed i \u200b\u200bmo\u017enosti pro hr\u00e1\u010de z USA, a to navzdory regulaci na tomto trhu, tak\u017ee Ameri\u010dan\u00e9 by nem\u011bli m\u00edt probl\u00e9m naj\u00edt spolehlivou str\u00e1nku prost\u0159ednictv\u00edm port\u00e1lu iGambling.<\/p>\n<p><img loading=\"lazy\" decoding=\"async\" class=\" alignright size-full wp-image-400\" style=\"margin: 5px; float: right;\" src=\"http:\/\/gambling6.com\/wp-content\/uploads\/2013\/12\/mobile-gambling-150x150.jpg\" alt=\"mobiln\u00ed hazardn\u00ed aplikace\" width=\"150\" height=\"150\" \/>Zat\u00edmco nab\u00eddka online hazardn\u00edch her st\u00e1le roste, zd\u00e1 se, \u017ee trend sm\u011b\u0159uje k mobiln\u00edm hr\u00e1m. Prakticky v\u0161ichni p\u0159edn\u00ed provozovatel\u00e9 v oboru maj\u00ed nebo nyn\u00ed pracuj\u00ed na mobiln\u00ed aplikaci, kter\u00e1 umo\u017en\u00ed jejich u\u017eivatel\u016fm p\u0159\u00edstup ke stejn\u00fdm slu\u017eb\u00e1m, kter\u00e9 vyu\u017e\u00edvaj\u00ed doma, prost\u0159ednictv\u00edm chytr\u00e9ho telefonu. V ned\u00e1vn\u00e9m rozhovoru vedouc\u00ed informa\u010dn\u00edch technologi\u00ed spole\u010dnosti Intralot, Dr. Christos Dimitriadis, uvedl, \u017ee mobiln\u00ed hazardn\u00ed hry se stanou leg\u00e1ln\u00edmi ve v\u0161ech zem\u00edch Evropsk\u00e9 unie.<\/p>\n<p>A\u010dkoli neup\u0159esnil, kdy se tak pravd\u011bpodobn\u011b stane, skute\u010dnost, \u017ee si st\u00e1ty mus\u00ed udr\u017eet kontrolu nad hazardn\u00edmi hrami, \u010din\u00ed mobiln\u00ed hazardn\u00ed hry leg\u00e1ln\u00edmi a pe\u010dliv\u011b regulovan\u00fdmi povinn\u00fdmi. Vzhledem k tomu, \u017ee st\u00e1le v\u00edce hr\u00e1\u010d\u016f hraje na mobiln\u00edch za\u0159\u00edzen\u00edch, mus\u00ed jak provozovatel\u00e9, tak regula\u010dn\u00ed org\u00e1ny na konkr\u00e9tn\u00edch trz\u00edch spolupracovat, aby dos\u00e1hly ide\u00e1ln\u00edho \u0159e\u0161en\u00ed.<\/p>\n<h2>HTML5<\/h2>\n<p>N\u011bkte\u0159\u00ed z hlavn\u00edch provozovatel\u016f na trhu online hazardn\u00edch her ji\u017e podnikli v\u00fdznamn\u00e9 kroky ke zlep\u0161en\u00ed sv\u00e9 mobiln\u00ed nab\u00eddky. 888 je zn\u00e1m\u00e1 po cel\u00e9m sv\u011bt\u011b, p\u0159edev\u0161\u00edm sv\u00fdmi online sportovn\u00edmi s\u00e1zkami, kter\u00e9 pokr\u00fdv\u00e1 prakticky cel\u00fd sv\u011bt a nab\u00edz\u00ed s\u00e1zen\u00ed na v\u0161echny hlavn\u00ed sporty a r\u016fzn\u00e9 ligy. Str\u00e1nka nab\u00edz\u00ed tak\u00e9 kasinov\u00e9 hry, poker, bingo a dal\u0161\u00ed kategorie online her, co\u017e z n\u00ed d\u011bl\u00e1 jedno z nejv\u011bt\u0161\u00edch jmen v tomto odv\u011btv\u00ed.<\/p>\n<p><a class=\"thirstylink\" title=\"888 casino en\" href=\"https:\/\/gambling6.com\/go\/888-casino-en\/\" target=\"_blank\" rel=\"nofollow noopener\"><strong>Klikn\u011bte zde pro n\u00e1v\u0161t\u011bvu 888 Casino<\/strong><\/a> &#8211; vytvo\u0159te si hr\u00e1\u010dsk\u00fd \u00fa\u010det zdarma a pot\u00e9 si st\u00e1hn\u011bte mobiln\u00ed aplikaci.<\/p>\n<p>Ned\u00e1vno 888 zm\u011bnila svou mobiln\u00ed platformu na verzi HTML5, aby byla pro hr\u00e1\u010de mnohem pohodln\u011bj\u0161\u00ed. V podstat\u011b bude streamov\u00e1n\u00ed zvuku a videa oper\u00e1tora nyn\u00ed poh\u00e1n\u011bno HTML5, co\u017e u\u017eivatel\u016fm umo\u017en\u00ed sledovat akci na jejich zvolen\u00e9m za\u0159\u00edzen\u00ed bez nutnosti pluginu Flash. To tak\u00e9 otev\u00edr\u00e1 dve\u0159e nov\u00fdm mo\u017enostem, proto\u017ee u\u017eivatel\u00e9 nyn\u00ed mohou s\u00e1zet a z\u00e1rove\u0148 p\u0159ij\u00edmat data v re\u00e1ln\u00e9m \u010dase. Verze HTML5 tak\u00e9 poskytuje lep\u0161\u00ed u\u017eivatelsk\u00fd z\u00e1\u017eitek. Dok\u00e1\u017ee detekovat velikost obrazovky za\u0159\u00edzen\u00ed, syst\u00e9mov\u00e9 mo\u017enosti a dostupn\u00e1 p\u0159ipojen\u00ed.<\/p>\n<p>To znamen\u00e1 p\u0159ijmout nezbytn\u00e1 opat\u0159en\u00ed k zaji\u0161t\u011bn\u00ed hladk\u00e9ho chodu v\u0161eho, jako je sn\u00ed\u017een\u00ed kvality nebo vy\u010dk\u00e1n\u00ed p\u0159ed spu\u0161t\u011bn\u00edm videa, aby se \u0161et\u0159ila \u0161\u00ed\u0159ka p\u00e1sma. Webov\u00e9 str\u00e1nky s recenzemi hazardn\u00edch her v\u00fdrazn\u011b usnad\u0148uj\u00ed nalezen\u00ed spolehliv\u00e9ho online kasina t\u00edm, \u017ee seskupuj\u00ed weby do r\u016fzn\u00fdch kategori\u00ed na z\u00e1klad\u011b jejich siln\u00fdch str\u00e1nek. N\u011bkter\u00e9 weby se obvykle zam\u011b\u0159uj\u00ed na sv\u00e9 mobiln\u00ed nab\u00eddky a online kasina v USA jsou v\u017edy skv\u011bl\u00fdm t\u00e9matem k diskusi.<\/p>\n<h2>Nativn\u00ed aplikace<\/h2>\n<p>Nativn\u00ed aplikace vy\u017eaduj\u00ed sta\u017een\u00ed a instalaci, co\u017e znamen\u00e1, \u017ee mus\u00ed existovat r\u016fzn\u00e9 verze, kter\u00e9 podporuj\u00ed r\u016fzn\u00e9 mobiln\u00ed opera\u010dn\u00ed syst\u00e9my, kter\u00e9 jsou nyn\u00ed k dispozici. I kdy\u017e jsou tyto aplikace mezi online kasiny velmi b\u011b\u017en\u00e9, ve skute\u010dnosti ztr\u00e1cej\u00ed p\u016fdu pod nohama ve prosp\u011bch HTML5. Existuje pro to mnoho d\u016fvod\u016f, p\u0159i\u010dem\u017e hlavn\u00edm je to, \u017ee jedna verze HTML5 se p\u0159izp\u016fsob\u00ed v\u0161em mobiln\u00edm za\u0159\u00edzen\u00edm a sama provede pot\u0159ebn\u00e9 zm\u011bny. Je d\u016fle\u017eit\u00e9 poznamenat, \u017ee jak ji\u017e bylo zm\u00edn\u011bno v\u00fd\u0161e, 888 se sv\u00fdch nativn\u00edch aplikac\u00ed neopust\u00ed ani nep\u0159estane pou\u017e\u00edvat technologii HTML4.<\/p>\n<p>Toto je vynikaj\u00edc\u00ed p\u0159\u00edklad i pro ostatn\u00ed oper\u00e1tory, proto\u017ee p\u0159echod na HTML5 p\u0159es noc a opu\u0161t\u011bn\u00ed p\u0159edchoz\u00edch mo\u017enost\u00ed by znamenalo, \u017ee n\u011bkte\u0159\u00ed u\u017eivatel\u00e9 by ji\u017e nem\u011bli p\u0159\u00edstup k nab\u00eddk\u00e1m. Ne v\u0161ichni hr\u00e1\u010di maj\u00ed technologii pot\u0159ebnou k dokonal\u00e9mu spu\u0161t\u011bn\u00ed nov\u00e9 generace softwaru, tak\u017ee i kdy\u017e je to dobr\u00fd krok na cest\u011b k lep\u0161\u00edmu mobiln\u00edmu hazardu, nem\u011blo by to negativn\u011b ovlivnit st\u00e1vaj\u00edc\u00ed z\u00e1kazn\u00edky. Nativn\u00ed aplikace z\u016fst\u00e1vaj\u00ed skv\u011bl\u00fdm zp\u016fsobem, jak si u\u017e\u00edt online kasinov\u00e9 hry na r\u016fzn\u00fdch mobiln\u00edch za\u0159\u00edzen\u00edch. Cel\u00fd proces zah\u00e1jen\u00ed obvykle netrv\u00e1 dlouho, tak\u017ee i kdy\u017e HTML5 bude dal\u0161\u00edm velk\u00fdm krokem pro v\u0161echny oper\u00e1tory, nab\u00eddky, kter\u00e9 jsou nyn\u00ed k dispozici, jsou tak\u00e9 docela \u00fa\u017easn\u00e9.<\/p>\n","protected":false},"excerpt":{"rendered":"<p>Online hazardn\u00ed hry na mobiln\u00edch za\u0159\u00edzen\u00edch HTML5 vs. nativn\u00ed aplikace \u2013 volba je na v\u00e1s! P\u0159i pohledu na dobr\u00fd adres\u00e1\u0159 hazardn\u00edch her je snadn\u00e9 vid\u011bt, \u017ee existuje mnoho skv\u011bl\u00fdch mo\u017enost\u00ed pro hr\u00e1\u010de, kte\u0159\u00ed si cht\u011bj\u00ed u\u017e\u00edt sv\u00e9 obl\u00edben\u00e9 hry na internetu. R\u016fzn\u00e9 str\u00e1nky nab\u00edzej\u00ed bezpe\u010dn\u00e9 online hazardn\u00ed hry t\u00e9m\u011b\u0159 ve v\u0161ech kategori\u00edch, p\u0159i\u010dem\u017e poker, kasino [&hellip;]<\/p>\n","protected":false},"author":1,"featured_media":8556,"parent":8273,"menu_order":40,"comment_status":"closed","ping_status":"closed","template":"","meta":{"footnotes":""},"class_list":["post-8555","page","type-page","status-publish","has-post-thumbnail","hentry"],"yoast_head":"<!-- This site is optimized with the Yoast SEO plugin v27.4 - https:\/\/yoast.com\/product\/yoast-seo-wordpress\/ -->\n<title>Online hazardn\u00ed hry na mobiln\u00edch za\u0159\u00edzen\u00edch<\/title>\n<meta name=\"description\" content=\"Mobiln\u00ed hazardn\u00ed hry se st\u00e1vaj\u00ed st\u00e1le popul\u00e1rn\u011bj\u0161\u00edmi a aplikace z\u00edsk\u00e1vaj\u00ed lep\u0161\u00ed grafiku a v\u00edce funkc\u00ed.\" \/>\n<meta name=\"robots\" content=\"index, follow, max-snippet:-1, max-image-preview:large, max-video-preview:-1\" \/>\n<link rel=\"canonical\" href=\"https:\/\/gambling6.com\/cs\/kasino\/mobilni-hrani-hazardni-hry-na-cestach\/\" \/>\n<meta property=\"og:locale\" content=\"cs_CZ\" \/>\n<meta property=\"og:type\" content=\"article\" \/>\n<meta property=\"og:title\" content=\"Online hazardn\u00ed hry na mobiln\u00edch za\u0159\u00edzen\u00edch\" \/>\n<meta property=\"og:description\" content=\"Mobiln\u00ed hazardn\u00ed hry se st\u00e1vaj\u00ed st\u00e1le popul\u00e1rn\u011bj\u0161\u00edmi a aplikace z\u00edsk\u00e1vaj\u00ed lep\u0161\u00ed grafiku a v\u00edce funkc\u00ed.\" \/>\n<meta property=\"og:url\" content=\"https:\/\/gambling6.com\/cs\/kasino\/mobilni-hrani-hazardni-hry-na-cestach\/\" \/>\n<meta property=\"og:site_name\" content=\"Gambling6\" \/>\n<meta property=\"article:modified_time\" content=\"2025-11-12T08:53:32+00:00\" \/>\n<meta property=\"og:image\" content=\"https:\/\/gambling6.com\/wp-content\/uploads\/2013\/12\/mobile-gambling-150x150.jpg\" \/>\n\t<meta property=\"og:image:width\" content=\"150\" \/>\n\t<meta property=\"og:image:height\" content=\"150\" \/>\n\t<meta property=\"og:image:type\" content=\"image\/jpeg\" \/>\n<meta name=\"twitter:card\" content=\"summary_large_image\" \/>\n<meta name=\"twitter:label1\" content=\"Odhadovan\u00e1 doba \u010dten\u00ed\" \/>\n\t<meta name=\"twitter:data1\" content=\"4 minuty\" \/>\n<script type=\"application\/ld+json\" class=\"yoast-schema-graph\">{\"@context\":\"https:\\\/\\\/schema.org\",\"@graph\":[{\"@type\":\"WebPage\",\"@id\":\"https:\\\/\\\/gambling6.com\\\/cs\\\/kasino\\\/mobilni-hrani-hazardni-hry-na-cestach\\\/\",\"url\":\"https:\\\/\\\/gambling6.com\\\/cs\\\/kasino\\\/mobilni-hrani-hazardni-hry-na-cestach\\\/\",\"name\":\"Online hazardn\u00ed hry na mobiln\u00edch za\u0159\u00edzen\u00edch\",\"isPartOf\":{\"@id\":\"https:\\\/\\\/gambling6.com\\\/cs\\\/#website\"},\"primaryImageOfPage\":{\"@id\":\"https:\\\/\\\/gambling6.com\\\/cs\\\/kasino\\\/mobilni-hrani-hazardni-hry-na-cestach\\\/#primaryimage\"},\"image\":{\"@id\":\"https:\\\/\\\/gambling6.com\\\/cs\\\/kasino\\\/mobilni-hrani-hazardni-hry-na-cestach\\\/#primaryimage\"},\"thumbnailUrl\":\"https:\\\/\\\/gambling6.com\\\/wp-content\\\/uploads\\\/2013\\\/12\\\/mobile-gambling-150x150.jpg\",\"datePublished\":\"2025-11-07T20:16:20+00:00\",\"dateModified\":\"2025-11-12T08:53:32+00:00\",\"description\":\"Mobiln\u00ed hazardn\u00ed hry se st\u00e1vaj\u00ed st\u00e1le popul\u00e1rn\u011bj\u0161\u00edmi a aplikace z\u00edsk\u00e1vaj\u00ed lep\u0161\u00ed grafiku a v\u00edce funkc\u00ed.\",\"breadcrumb\":{\"@id\":\"https:\\\/\\\/gambling6.com\\\/cs\\\/kasino\\\/mobilni-hrani-hazardni-hry-na-cestach\\\/#breadcrumb\"},\"inLanguage\":\"cs\",\"potentialAction\":[{\"@type\":\"ReadAction\",\"target\":[\"https:\\\/\\\/gambling6.com\\\/cs\\\/kasino\\\/mobilni-hrani-hazardni-hry-na-cestach\\\/\"]}]},{\"@type\":\"ImageObject\",\"inLanguage\":\"cs\",\"@id\":\"https:\\\/\\\/gambling6.com\\\/cs\\\/kasino\\\/mobilni-hrani-hazardni-hry-na-cestach\\\/#primaryimage\",\"url\":\"https:\\\/\\\/gambling6.com\\\/wp-content\\\/uploads\\\/2013\\\/12\\\/mobile-gambling-150x150.jpg\",\"contentUrl\":\"https:\\\/\\\/gambling6.com\\\/wp-content\\\/uploads\\\/2013\\\/12\\\/mobile-gambling-150x150.jpg\",\"width\":150,\"height\":150,\"caption\":\"online slotmachine\"},{\"@type\":\"BreadcrumbList\",\"@id\":\"https:\\\/\\\/gambling6.com\\\/cs\\\/kasino\\\/mobilni-hrani-hazardni-hry-na-cestach\\\/#breadcrumb\",\"itemListElement\":[{\"@type\":\"ListItem\",\"position\":1,\"name\":\"Home\",\"item\":\"https:\\\/\\\/gambling6.com\\\/cs\\\/home\\\/\"},{\"@type\":\"ListItem\",\"position\":2,\"name\":\"Kasino\",\"item\":\"https:\\\/\\\/gambling6.com\\\/cs\\\/get-started-with-online-gambling\\\/\"},{\"@type\":\"ListItem\",\"position\":3,\"name\":\"Mobiln\u00ed hran\u00ed \u2013 hazardn\u00ed hry na cest\u00e1ch\"}]},{\"@type\":\"WebSite\",\"@id\":\"https:\\\/\\\/gambling6.com\\\/cs\\\/#website\",\"url\":\"https:\\\/\\\/gambling6.com\\\/cs\\\/\",\"name\":\"Gambling6\",\"description\":\"\",\"potentialAction\":[{\"@type\":\"SearchAction\",\"target\":{\"@type\":\"EntryPoint\",\"urlTemplate\":\"https:\\\/\\\/gambling6.com\\\/cs\\\/?s={search_term_string}\"},\"query-input\":{\"@type\":\"PropertyValueSpecification\",\"valueRequired\":true,\"valueName\":\"search_term_string\"}}],\"inLanguage\":\"cs\"}]}<\/script>\n<!-- \/ Yoast SEO plugin. -->","yoast_head_json":{"title":"Online hazardn\u00ed hry na mobiln\u00edch za\u0159\u00edzen\u00edch","description":"Mobiln\u00ed hazardn\u00ed hry se st\u00e1vaj\u00ed st\u00e1le popul\u00e1rn\u011bj\u0161\u00edmi a aplikace z\u00edsk\u00e1vaj\u00ed lep\u0161\u00ed grafiku a v\u00edce funkc\u00ed.","robots":{"index":"index","follow":"follow","max-snippet":"max-snippet:-1","max-image-preview":"max-image-preview:large","max-video-preview":"max-video-preview:-1"},"canonical":"https:\/\/gambling6.com\/cs\/kasino\/mobilni-hrani-hazardni-hry-na-cestach\/","og_locale":"cs_CZ","og_type":"article","og_title":"Online hazardn\u00ed hry na mobiln\u00edch za\u0159\u00edzen\u00edch","og_description":"Mobiln\u00ed hazardn\u00ed hry se st\u00e1vaj\u00ed st\u00e1le popul\u00e1rn\u011bj\u0161\u00edmi a aplikace z\u00edsk\u00e1vaj\u00ed lep\u0161\u00ed grafiku a v\u00edce funkc\u00ed.","og_url":"https:\/\/gambling6.com\/cs\/kasino\/mobilni-hrani-hazardni-hry-na-cestach\/","og_site_name":"Gambling6","article_modified_time":"2025-11-12T08:53:32+00:00","og_image":[{"width":150,"height":150,"url":"https:\/\/gambling6.com\/wp-content\/uploads\/2013\/12\/mobile-gambling-150x150.jpg","type":"image\/jpeg"}],"twitter_card":"summary_large_image","twitter_misc":{"Odhadovan\u00e1 doba \u010dten\u00ed":"4 minuty"},"schema":{"@context":"https:\/\/schema.org","@graph":[{"@type":"WebPage","@id":"https:\/\/gambling6.com\/cs\/kasino\/mobilni-hrani-hazardni-hry-na-cestach\/","url":"https:\/\/gambling6.com\/cs\/kasino\/mobilni-hrani-hazardni-hry-na-cestach\/","name":"Online hazardn\u00ed hry na mobiln\u00edch za\u0159\u00edzen\u00edch","isPartOf":{"@id":"https:\/\/gambling6.com\/cs\/#website"},"primaryImageOfPage":{"@id":"https:\/\/gambling6.com\/cs\/kasino\/mobilni-hrani-hazardni-hry-na-cestach\/#primaryimage"},"image":{"@id":"https:\/\/gambling6.com\/cs\/kasino\/mobilni-hrani-hazardni-hry-na-cestach\/#primaryimage"},"thumbnailUrl":"https:\/\/gambling6.com\/wp-content\/uploads\/2013\/12\/mobile-gambling-150x150.jpg","datePublished":"2025-11-07T20:16:20+00:00","dateModified":"2025-11-12T08:53:32+00:00","description":"Mobiln\u00ed hazardn\u00ed hry se st\u00e1vaj\u00ed st\u00e1le popul\u00e1rn\u011bj\u0161\u00edmi a aplikace z\u00edsk\u00e1vaj\u00ed lep\u0161\u00ed grafiku a v\u00edce funkc\u00ed.","breadcrumb":{"@id":"https:\/\/gambling6.com\/cs\/kasino\/mobilni-hrani-hazardni-hry-na-cestach\/#breadcrumb"},"inLanguage":"cs","potentialAction":[{"@type":"ReadAction","target":["https:\/\/gambling6.com\/cs\/kasino\/mobilni-hrani-hazardni-hry-na-cestach\/"]}]},{"@type":"ImageObject","inLanguage":"cs","@id":"https:\/\/gambling6.com\/cs\/kasino\/mobilni-hrani-hazardni-hry-na-cestach\/#primaryimage","url":"https:\/\/gambling6.com\/wp-content\/uploads\/2013\/12\/mobile-gambling-150x150.jpg","contentUrl":"https:\/\/gambling6.com\/wp-content\/uploads\/2013\/12\/mobile-gambling-150x150.jpg","width":150,"height":150,"caption":"online slotmachine"},{"@type":"BreadcrumbList","@id":"https:\/\/gambling6.com\/cs\/kasino\/mobilni-hrani-hazardni-hry-na-cestach\/#breadcrumb","itemListElement":[{"@type":"ListItem","position":1,"name":"Home","item":"https:\/\/gambling6.com\/cs\/home\/"},{"@type":"ListItem","position":2,"name":"Kasino","item":"https:\/\/gambling6.com\/cs\/get-started-with-online-gambling\/"},{"@type":"ListItem","position":3,"name":"Mobiln\u00ed hran\u00ed \u2013 hazardn\u00ed hry na cest\u00e1ch"}]},{"@type":"WebSite","@id":"https:\/\/gambling6.com\/cs\/#website","url":"https:\/\/gambling6.com\/cs\/","name":"Gambling6","description":"","potentialAction":[{"@type":"SearchAction","target":{"@type":"EntryPoint","urlTemplate":"https:\/\/gambling6.com\/cs\/?s={search_term_string}"},"query-input":{"@type":"PropertyValueSpecification","valueRequired":true,"valueName":"search_term_string"}}],"inLanguage":"cs"}]}},"_links":{"self":[{"href":"https:\/\/gambling6.com\/cs\/wp-json\/wp\/v2\/pages\/8555","targetHints":{"allow":["GET"]}}],"collection":[{"href":"https:\/\/gambling6.com\/cs\/wp-json\/wp\/v2\/pages"}],"about":[{"href":"https:\/\/gambling6.com\/cs\/wp-json\/wp\/v2\/types\/page"}],"author":[{"embeddable":true,"href":"https:\/\/gambling6.com\/cs\/wp-json\/wp\/v2\/users\/1"}],"replies":[{"embeddable":true,"href":"https:\/\/gambling6.com\/cs\/wp-json\/wp\/v2\/comments?post=8555"}],"version-history":[{"count":1,"href":"https:\/\/gambling6.com\/cs\/wp-json\/wp\/v2\/pages\/8555\/revisions"}],"predecessor-version":[{"id":10431,"href":"https:\/\/gambling6.com\/cs\/wp-json\/wp\/v2\/pages\/8555\/revisions\/10431"}],"up":[{"embeddable":true,"href":"https:\/\/gambling6.com\/cs\/wp-json\/wp\/v2\/pages\/8273"}],"wp:featuredmedia":[{"embeddable":true,"href":"https:\/\/gambling6.com\/cs\/wp-json\/wp\/v2\/media\/8556"}],"wp:attachment":[{"href":"https:\/\/gambling6.com\/cs\/wp-json\/wp\/v2\/media?parent=8555"}],"curies":[{"name":"wp","href":"https:\/\/api.w.org\/{rel}","templated":true}]}}