{"id":8601,"date":"2025-11-07T21:21:35","date_gmt":"2025-11-07T21:21:35","guid":{"rendered":"https:\/\/gambling6.com\/hrani-na-evropskych-pokerovych-strankach\/"},"modified":"2025-11-12T11:29:35","modified_gmt":"2025-11-12T11:29:35","slug":"hrani-na-evropskych-pokerovych-strankach","status":"publish","type":"page","link":"https:\/\/gambling6.com\/cs\/poker\/hrani-na-evropskych-pokerovych-strankach\/","title":{"rendered":"Hran\u00ed na evropsk\u00fdch pokerov\u00fdch str\u00e1nk\u00e1ch"},"content":{"rendered":"<h2>I evropsk\u00e9 str\u00e1nky maj\u00ed poker.<\/h2>\n<p>V posledn\u00edch n\u011bkolika letech dos\u00e1hla popularita pokeru nov\u00fdch v\u00fd\u0161in. Evropsk\u00e9 zem\u011b p\u0159edstavuj\u00ed v\u00fdznamn\u00fd trh pro online pokerov\u00e9 str\u00e1nky a omezen\u00ed online hazardn\u00edch her ze strany americk\u00e9 vl\u00e1dy donutila provozovatele, aby se ve velk\u00e9 m\u00ed\u0159e zam\u011b\u0159ili na evropsk\u00fd trh. A\u010dkoli je \u017eiv\u00fd poker v\u00e1\u0161n\u00ed mezi Evropany, online poker rychle doh\u00e1n\u00ed hr\u00e1\u010de, kte\u0159\u00ed se vyznaj\u00ed v pou\u017e\u00edv\u00e1n\u00ed internetu. Zem\u011b jako Velk\u00e1 Brit\u00e1nie, Rakousko a N\u011bmecko dokonce po\u0159\u00e1daj\u00ed mezin\u00e1rodn\u00ed pokerov\u00e9 turn\u00e9 a turnaje.<\/p>\n<p><img loading=\"lazy\" decoding=\"async\" class=\"size-full wp-image-3075 alignright\" src=\"https:\/\/gambling6.com\/wp-content\/uploads\/2022\/04\/poker_bonusode_test_bericht.png\" alt=\"evropsk\u00e9 pokerov\u00e9 str\u00e1nky\" width=\"246\" height=\"200\" \/>Evropsk\u00fd kontinent zahrnuje n\u011bkolik zem\u00ed, kter\u00e9 jsou \u010dleny Evropsk\u00e9 unie (EU). Online poker je v cel\u00e9 Evropsk\u00e9 unii vn\u00edm\u00e1n p\u0159\u00edzniv\u011b \u2013 online pokerov\u00e9 str\u00e1nky ve skute\u010dnosti nebyly na evropsk\u00fdch trz\u00edch zak\u00e1z\u00e1ny. Ka\u017ed\u00e1 \u010dlensk\u00e1 zem\u011b v\u0161ak vynucuje sv\u00e9 vlastn\u00ed z\u00e1kony t\u00fdkaj\u00edc\u00ed se online hazardn\u00edch her. Vysv\u011btlen\u00ed legality online pokeru v Evrop\u011b je proto pom\u011brn\u011b slo\u017eit\u00e9. V\u0161echny \u010dlensk\u00e9 st\u00e1ty Evropsk\u00e9 unie mus\u00ed p\u0159ij\u00edmat slu\u017eby od jin\u00fdch \u010dlensk\u00fdch zem\u00ed, ale ka\u017ed\u00e1 zem\u011b m\u00e1 svobodu rozhodovat o legalit\u011b online hazardn\u00edch her.<\/p>\n<p>V d\u016fsledku toho n\u011bkter\u00e9 \u010dlensk\u00e9 st\u00e1ty EU online hazardn\u00ed hry zak\u00e1zaly, n\u011bkter\u00e9 je legalizovaly, zat\u00edmco jin\u00e9 zaujaly nejednozna\u010dn\u00fd p\u0159\u00edstup. A\u010dkoli je hazardn\u00ed hry online v po\u0159\u00e1dku, evrop\u0161t\u00ed hr\u00e1\u010di online pokeru mus\u00ed postupovat opatrn\u011b \u2013 doporu\u010duje se, aby si p\u0159ed rozhodnut\u00edm hr\u00e1t ov\u011b\u0159ili m\u00edstn\u00ed pravidla t\u00fdkaj\u00edc\u00ed se online hazardn\u00edch her. P\u0159esto\u017ee jsou online pokerov\u00e9 str\u00e1nky zdan\u011bny a regulov\u00e1ny Evropskou uni\u00ed, existuj\u00ed rozd\u00edly v z\u00e1konech jednotliv\u00fdch \u010dlensk\u00fdch st\u00e1t\u016f t\u00fdkaj\u00edc\u00edch se online hazardn\u00edch her.<\/p>\n<h2>Nejlep\u0161\u00ed online pokerov\u00e1 str\u00e1nka pro evropsk\u00e9 hr\u00e1\u010de<\/h2>\n<p>Evrop\u0161t\u00ed hr\u00e1\u010di online pokeru maj\u00ed mnohem \u0161ir\u0161\u00ed v\u00fdb\u011br pokerov\u00fdch str\u00e1nek ne\u017e hr\u00e1\u010di z USA. Str\u00e1nka, kter\u00e1 vy\u010dn\u00edv\u00e1 z davu, je 888 Poker.<\/p>\n<p><span style=\"background-color: transparent;\"><strong>888 Poker<\/strong> je mezi evropsk\u00fdmi pokerov\u00fdmi str\u00e1nkami zn\u00e1m\u00e9 jm\u00e9no. A dokonce nov\u00fdm hr\u00e1\u010d\u016fm d\u00e1vaj\u00ed <span style=\"font-size: medium;\"><strong>bezplatn\u00fd bankroll ve v\u00fd\u0161i 20 \u20ac \u2013 zcela bezrizikov\u00fd za\u010d\u00e1tek hry o skute\u010dn\u00e9 pen\u00edze<\/strong><\/span>! Nav\u00edc m\u00e1te n\u00e1rok na dal\u0161\u00ed bonus 300 \u20ac p\u0159i dal\u0161\u00edm vkladu. <\/span><a class=\"thirstylink\" title=\"888 poker en\" href=\"https:\/\/gambling6.com\/go\/888-poker-en\/\" target=\"_blank\" rel=\"nofollow noopener\"><strong>Klikn\u011bte zde a zaregistrujte se u 888 a za\u010dn\u011bte hr\u00e1t s 20 \u20ac ve skute\u010dn\u00fdch pen\u011bz\u00edch zdarma.<\/strong><\/a><br \/>\n<a href=\"https:\/\/ic.aff-handler.com\/C\/46138?sr=1073333&amp;anid=\" rel=\"nofollow\"><img loading=\"lazy\" decoding=\"async\" class=\"aligncenter\" src=\"https:\/\/ic.aff-handler.com\/I\/46138?sr=1073333&amp;anid=\" width=\"530\" height=\"68\" \/><\/a><\/p>\n<p>Nap\u0159\u00edklad Spojen\u00e9 kr\u00e1lovstv\u00ed umo\u017e\u0148uje sv\u00fdm ob\u010dan\u016fm hr\u00e1t hazardn\u00ed hry online a tak\u00e9 povoluje provozov\u00e1n\u00ed zahrani\u010dn\u00edch hazardn\u00edch str\u00e1nek v zemi. Nizozemsko povoluje hr\u00e1t pouze na online pokerov\u00fdch str\u00e1nk\u00e1ch, kter\u00e9 maj\u00ed nizozemskou licenci. V\u00fdchodoevropsk\u00e9 zem\u011b se naopak v online hazardn\u00edch hr\u00e1ch p\u0159\u00edli\u0161 nezapojily, ale v posledn\u00ed dob\u011b se d\u00edky snadn\u00e9mu p\u0159\u00edstupu k internetu do tohoto boje zapojily i ony. Ned\u00e1vno byl EU p\u0159edlo\u017een n\u00e1vrh po\u017eaduj\u00edc\u00ed jednotn\u00fd regula\u010dn\u00ed syst\u00e9m pro online hazardn\u00ed hry ve v\u0161ech \u010dlensk\u00fdch st\u00e1tech. To by pomohlo standardizovat proces ud\u011blov\u00e1n\u00ed licenc\u00ed v cel\u00e9 Evrop\u011b a zjednodu\u0161it ho.<\/p>\n<p>Pokud jde o hr\u00e1\u010de na evropsk\u00fdch pokerov\u00fdch str\u00e1nk\u00e1ch, vztahuj\u00ed se na n\u011b pouze da\u0148ov\u00e9 z\u00e1kony. Hr\u00e1\u010di jsou zdan\u011bni sv\u00fdmi p\u0159\u00edslu\u0161n\u00fdmi zem\u011bmi a EU, kdy\u017e vkl\u00e1daj\u00ed pen\u00edze na online pokerovou str\u00e1nku se s\u00eddlem v zahrani\u010d\u00ed. R\u016fzn\u00e9 zem\u011b v Evrop\u011b mluv\u00ed jin\u00fdmi jazyky. Evropsk\u00e9 pokerov\u00e9 str\u00e1nky se obvykle staraj\u00ed o svou klientelu v m\u00edstn\u00edm jazyce. N\u011bkter\u00e9 z hlavn\u00edch pokerov\u00fdch str\u00e1nek v\u0161ak dnes nab\u00edzej\u00ed sv\u00e9 webov\u00e9 str\u00e1nky v r\u016fzn\u00fdch jazyc\u00edch, proto\u017ee jejich pokerov\u00fd software podporuje v\u00edce jazyk\u016f.<\/p>\n<p>Z\u00e1kaznick\u00e1 podpora je tak\u00e9 poskytov\u00e1na v r\u016fzn\u00fdch jazyc\u00edch. Krom\u011b angli\u010dtiny m\u016f\u017ee pokerov\u00e1 str\u00e1nka nab\u00edzet francouz\u0161tinu, \u0161pan\u011bl\u0161tinu, n\u011bm\u010dinu, holand\u0161tinu, d\u00e1n\u0161tinu, ital\u0161tinu, nor\u0161tinu, portugal\u0161tinu atd. Stejn\u011b jako u jazyk\u016f, evropsk\u00e9 pokerov\u00e9 str\u00e1nky p\u0159ij\u00edmaj\u00ed r\u016fzn\u00e9 m\u011bny. A\u010dkoli prim\u00e1rn\u00edmi m\u011bnami jsou americk\u00e9 dolary nebo britsk\u00e9 libry, euro je spole\u010dnou m\u011bnou v EU. Hr\u00e1\u010di pokeru z Evropy preferuj\u00ed p\u0159i vkladech na online pokerov\u00fdch str\u00e1nk\u00e1ch euro nebo britskou libru.<\/p>\n<p>Evropsk\u00e9 pokerov\u00e9 str\u00e1nky obecn\u011b nab\u00edzej\u00ed n\u011bkolik mo\u017enost\u00ed vkladu a v\u00fdb\u011bru, aby vyhovovaly z\u00e1kazn\u00edk\u016fm z r\u016fzn\u00fdch zem\u00ed Evropsk\u00e9 unie. Mezi standardn\u00ed platebn\u00ed metody na online pokerov\u00fdch str\u00e1nk\u00e1ch pat\u0159\u00ed debetn\u00ed karty, kreditn\u00ed karty, elektronick\u00e9 pen\u011b\u017eenky, bankovn\u00ed p\u0159evody, bankovn\u00ed p\u0159evody a elektronick\u00e9 \u0161eky. Nejjednodu\u0161\u0161\u00ed a nejobl\u00edben\u011bj\u0161\u00ed metodou pro vlo\u017een\u00ed finan\u010dn\u00edch prost\u0159edk\u016f na online pokerov\u00fd \u00fa\u010det je kreditn\u00ed karta. N\u011bkte\u0159\u00ed vydavatel\u00e9 kreditn\u00edch karet v\u0161ak nemus\u00ed schvalovat transakce pro online hazardn\u00ed hry, proto je nejlep\u0161\u00ed si to p\u0159ed v\u00fdb\u011brem t\u00e9to metody ov\u011b\u0159it.<\/p>\n<p>Mnoho hr\u00e1\u010d\u016f pokeru pova\u017euje za pohodln\u00e9 vkl\u00e1dat finan\u010dn\u00ed prost\u0159edky na sv\u00e9 online pokerov\u00e9 \u00fa\u010dty pomoc\u00ed elektronick\u00fdch pen\u011b\u017eenek. Hr\u00e1\u010di si mohou otev\u0159\u00edt \u00fa\u010det u kter\u00e9koli ze slu\u017eeb elektronick\u00fdch pen\u011b\u017eenek a vkl\u00e1dat finan\u010dn\u00ed prost\u0159edky na \u00fa\u010det prost\u0159ednictv\u00edm sv\u00e9 banky. Elektronick\u00e1 ze\u010f\u00da\u010det e-pen\u011b\u017eenky lze n\u00e1sledn\u011b pou\u017e\u00edt k vklad\u016fm na pokerov\u00fd \u00fa\u010det. Mezi obl\u00edben\u00e9 elektronick\u00e9 pen\u011b\u017eenky nab\u00edzen\u00e9 evropsk\u00fdmi spole\u010dnostmi pat\u0159\u00ed mimo jin\u00e9 Neteller, Moneybookers a e-WalletXpress. Hr\u00e1\u010d si m\u016f\u017ee vybrat z mnoha dal\u0161\u00edch elektronick\u00fdch pen\u011b\u017eenek v z\u00e1vislosti na jejich vhodnosti.<\/p>\n","protected":false},"excerpt":{"rendered":"<p>I evropsk\u00e9 str\u00e1nky maj\u00ed poker. V posledn\u00edch n\u011bkolika letech dos\u00e1hla popularita pokeru nov\u00fdch v\u00fd\u0161in. Evropsk\u00e9 zem\u011b p\u0159edstavuj\u00ed v\u00fdznamn\u00fd trh pro online pokerov\u00e9 str\u00e1nky a omezen\u00ed online hazardn\u00edch her ze strany americk\u00e9 vl\u00e1dy donutila provozovatele, aby se ve velk\u00e9 m\u00ed\u0159e zam\u011b\u0159ili na evropsk\u00fd trh. A\u010dkoli je \u017eiv\u00fd poker v\u00e1\u0161n\u00ed mezi Evropany, online poker rychle doh\u00e1n\u00ed hr\u00e1\u010de, [&hellip;]<\/p>\n","protected":false},"author":1,"featured_media":0,"parent":8737,"menu_order":22,"comment_status":"closed","ping_status":"closed","template":"","meta":{"footnotes":""},"class_list":["post-8601","page","type-page","status-publish","hentry"],"yoast_head":"<!-- This site is optimized with the Yoast SEO plugin v27.4 - https:\/\/yoast.com\/product\/yoast-seo-wordpress\/ -->\n<title>Nejlep\u0161\u00ed evropsk\u00e9 pokerov\u00e9 str\u00e1nky<\/title>\n<meta name=\"description\" content=\"Evrop\u0161t\u00ed pokerov\u00ed hr\u00e1\u010di maj\u00ed na v\u00fdb\u011br z mnoha str\u00e1nek \u2013 zde jsou na\u0161e obl\u00edben\u00e9 pokerov\u00e9 herny z EU\" \/>\n<meta name=\"robots\" content=\"index, follow, max-snippet:-1, max-image-preview:large, max-video-preview:-1\" \/>\n<link rel=\"canonical\" href=\"https:\/\/gambling6.com\/cs\/poker\/hrani-na-evropskych-pokerovych-strankach\/\" \/>\n<meta property=\"og:locale\" content=\"cs_CZ\" \/>\n<meta property=\"og:type\" content=\"article\" \/>\n<meta property=\"og:title\" content=\"Nejlep\u0161\u00ed evropsk\u00e9 pokerov\u00e9 str\u00e1nky\" \/>\n<meta property=\"og:description\" content=\"Evrop\u0161t\u00ed pokerov\u00ed hr\u00e1\u010di maj\u00ed na v\u00fdb\u011br z mnoha str\u00e1nek \u2013 zde jsou na\u0161e obl\u00edben\u00e9 pokerov\u00e9 herny z EU\" \/>\n<meta property=\"og:url\" content=\"https:\/\/gambling6.com\/cs\/poker\/hrani-na-evropskych-pokerovych-strankach\/\" \/>\n<meta property=\"og:site_name\" content=\"Gambling6\" \/>\n<meta property=\"article:modified_time\" content=\"2025-11-12T11:29:35+00:00\" \/>\n<meta property=\"og:image\" content=\"https:\/\/gambling6.com\/wp-content\/uploads\/2022\/04\/poker_bonusode_test_bericht.png\" \/>\n\t<meta property=\"og:image:width\" content=\"246\" \/>\n\t<meta property=\"og:image:height\" content=\"200\" \/>\n\t<meta property=\"og:image:type\" content=\"image\/png\" \/>\n<meta name=\"twitter:card\" content=\"summary_large_image\" \/>\n<meta name=\"twitter:label1\" content=\"Odhadovan\u00e1 doba \u010dten\u00ed\" \/>\n\t<meta name=\"twitter:data1\" content=\"5 minut\" \/>\n<script type=\"application\/ld+json\" class=\"yoast-schema-graph\">{\"@context\":\"https:\\\/\\\/schema.org\",\"@graph\":[{\"@type\":\"WebPage\",\"@id\":\"https:\\\/\\\/gambling6.com\\\/cs\\\/poker\\\/hrani-na-evropskych-pokerovych-strankach\\\/\",\"url\":\"https:\\\/\\\/gambling6.com\\\/cs\\\/poker\\\/hrani-na-evropskych-pokerovych-strankach\\\/\",\"name\":\"Nejlep\u0161\u00ed evropsk\u00e9 pokerov\u00e9 str\u00e1nky\",\"isPartOf\":{\"@id\":\"https:\\\/\\\/gambling6.com\\\/cs\\\/#website\"},\"primaryImageOfPage\":{\"@id\":\"https:\\\/\\\/gambling6.com\\\/cs\\\/poker\\\/hrani-na-evropskych-pokerovych-strankach\\\/#primaryimage\"},\"image\":{\"@id\":\"https:\\\/\\\/gambling6.com\\\/cs\\\/poker\\\/hrani-na-evropskych-pokerovych-strankach\\\/#primaryimage\"},\"thumbnailUrl\":\"https:\\\/\\\/gambling6.com\\\/wp-content\\\/uploads\\\/2022\\\/04\\\/poker_bonusode_test_bericht.png\",\"datePublished\":\"2025-11-07T21:21:35+00:00\",\"dateModified\":\"2025-11-12T11:29:35+00:00\",\"description\":\"Evrop\u0161t\u00ed pokerov\u00ed hr\u00e1\u010di maj\u00ed na v\u00fdb\u011br z mnoha str\u00e1nek \u2013 zde jsou na\u0161e obl\u00edben\u00e9 pokerov\u00e9 herny z EU\",\"breadcrumb\":{\"@id\":\"https:\\\/\\\/gambling6.com\\\/cs\\\/poker\\\/hrani-na-evropskych-pokerovych-strankach\\\/#breadcrumb\"},\"inLanguage\":\"cs\",\"potentialAction\":[{\"@type\":\"ReadAction\",\"target\":[\"https:\\\/\\\/gambling6.com\\\/cs\\\/poker\\\/hrani-na-evropskych-pokerovych-strankach\\\/\"]}]},{\"@type\":\"ImageObject\",\"inLanguage\":\"cs\",\"@id\":\"https:\\\/\\\/gambling6.com\\\/cs\\\/poker\\\/hrani-na-evropskych-pokerovych-strankach\\\/#primaryimage\",\"url\":\"https:\\\/\\\/gambling6.com\\\/wp-content\\\/uploads\\\/2022\\\/04\\\/poker_bonusode_test_bericht.png\",\"contentUrl\":\"https:\\\/\\\/gambling6.com\\\/wp-content\\\/uploads\\\/2022\\\/04\\\/poker_bonusode_test_bericht.png\"},{\"@type\":\"BreadcrumbList\",\"@id\":\"https:\\\/\\\/gambling6.com\\\/cs\\\/poker\\\/hrani-na-evropskych-pokerovych-strankach\\\/#breadcrumb\",\"itemListElement\":[{\"@type\":\"ListItem\",\"position\":1,\"name\":\"Home\",\"item\":\"https:\\\/\\\/gambling6.com\\\/cs\\\/home\\\/\"},{\"@type\":\"ListItem\",\"position\":2,\"name\":\"Poker\",\"item\":\"https:\\\/\\\/gambling6.com\\\/cs\\\/poker\\\/\"},{\"@type\":\"ListItem\",\"position\":3,\"name\":\"Hran\u00ed na evropsk\u00fdch pokerov\u00fdch str\u00e1nk\u00e1ch\"}]},{\"@type\":\"WebSite\",\"@id\":\"https:\\\/\\\/gambling6.com\\\/cs\\\/#website\",\"url\":\"https:\\\/\\\/gambling6.com\\\/cs\\\/\",\"name\":\"Gambling6\",\"description\":\"\",\"potentialAction\":[{\"@type\":\"SearchAction\",\"target\":{\"@type\":\"EntryPoint\",\"urlTemplate\":\"https:\\\/\\\/gambling6.com\\\/cs\\\/?s={search_term_string}\"},\"query-input\":{\"@type\":\"PropertyValueSpecification\",\"valueRequired\":true,\"valueName\":\"search_term_string\"}}],\"inLanguage\":\"cs\"}]}<\/script>\n<!-- \/ Yoast SEO plugin. -->","yoast_head_json":{"title":"Nejlep\u0161\u00ed evropsk\u00e9 pokerov\u00e9 str\u00e1nky","description":"Evrop\u0161t\u00ed pokerov\u00ed hr\u00e1\u010di maj\u00ed na v\u00fdb\u011br z mnoha str\u00e1nek \u2013 zde jsou na\u0161e obl\u00edben\u00e9 pokerov\u00e9 herny z EU","robots":{"index":"index","follow":"follow","max-snippet":"max-snippet:-1","max-image-preview":"max-image-preview:large","max-video-preview":"max-video-preview:-1"},"canonical":"https:\/\/gambling6.com\/cs\/poker\/hrani-na-evropskych-pokerovych-strankach\/","og_locale":"cs_CZ","og_type":"article","og_title":"Nejlep\u0161\u00ed evropsk\u00e9 pokerov\u00e9 str\u00e1nky","og_description":"Evrop\u0161t\u00ed pokerov\u00ed hr\u00e1\u010di maj\u00ed na v\u00fdb\u011br z mnoha str\u00e1nek \u2013 zde jsou na\u0161e obl\u00edben\u00e9 pokerov\u00e9 herny z EU","og_url":"https:\/\/gambling6.com\/cs\/poker\/hrani-na-evropskych-pokerovych-strankach\/","og_site_name":"Gambling6","article_modified_time":"2025-11-12T11:29:35+00:00","og_image":[{"width":246,"height":200,"url":"https:\/\/gambling6.com\/wp-content\/uploads\/2022\/04\/poker_bonusode_test_bericht.png","type":"image\/png"}],"twitter_card":"summary_large_image","twitter_misc":{"Odhadovan\u00e1 doba \u010dten\u00ed":"5 minut"},"schema":{"@context":"https:\/\/schema.org","@graph":[{"@type":"WebPage","@id":"https:\/\/gambling6.com\/cs\/poker\/hrani-na-evropskych-pokerovych-strankach\/","url":"https:\/\/gambling6.com\/cs\/poker\/hrani-na-evropskych-pokerovych-strankach\/","name":"Nejlep\u0161\u00ed evropsk\u00e9 pokerov\u00e9 str\u00e1nky","isPartOf":{"@id":"https:\/\/gambling6.com\/cs\/#website"},"primaryImageOfPage":{"@id":"https:\/\/gambling6.com\/cs\/poker\/hrani-na-evropskych-pokerovych-strankach\/#primaryimage"},"image":{"@id":"https:\/\/gambling6.com\/cs\/poker\/hrani-na-evropskych-pokerovych-strankach\/#primaryimage"},"thumbnailUrl":"https:\/\/gambling6.com\/wp-content\/uploads\/2022\/04\/poker_bonusode_test_bericht.png","datePublished":"2025-11-07T21:21:35+00:00","dateModified":"2025-11-12T11:29:35+00:00","description":"Evrop\u0161t\u00ed pokerov\u00ed hr\u00e1\u010di maj\u00ed na v\u00fdb\u011br z mnoha str\u00e1nek \u2013 zde jsou na\u0161e obl\u00edben\u00e9 pokerov\u00e9 herny z EU","breadcrumb":{"@id":"https:\/\/gambling6.com\/cs\/poker\/hrani-na-evropskych-pokerovych-strankach\/#breadcrumb"},"inLanguage":"cs","potentialAction":[{"@type":"ReadAction","target":["https:\/\/gambling6.com\/cs\/poker\/hrani-na-evropskych-pokerovych-strankach\/"]}]},{"@type":"ImageObject","inLanguage":"cs","@id":"https:\/\/gambling6.com\/cs\/poker\/hrani-na-evropskych-pokerovych-strankach\/#primaryimage","url":"https:\/\/gambling6.com\/wp-content\/uploads\/2022\/04\/poker_bonusode_test_bericht.png","contentUrl":"https:\/\/gambling6.com\/wp-content\/uploads\/2022\/04\/poker_bonusode_test_bericht.png"},{"@type":"BreadcrumbList","@id":"https:\/\/gambling6.com\/cs\/poker\/hrani-na-evropskych-pokerovych-strankach\/#breadcrumb","itemListElement":[{"@type":"ListItem","position":1,"name":"Home","item":"https:\/\/gambling6.com\/cs\/home\/"},{"@type":"ListItem","position":2,"name":"Poker","item":"https:\/\/gambling6.com\/cs\/poker\/"},{"@type":"ListItem","position":3,"name":"Hran\u00ed na evropsk\u00fdch pokerov\u00fdch str\u00e1nk\u00e1ch"}]},{"@type":"WebSite","@id":"https:\/\/gambling6.com\/cs\/#website","url":"https:\/\/gambling6.com\/cs\/","name":"Gambling6","description":"","potentialAction":[{"@type":"SearchAction","target":{"@type":"EntryPoint","urlTemplate":"https:\/\/gambling6.com\/cs\/?s={search_term_string}"},"query-input":{"@type":"PropertyValueSpecification","valueRequired":true,"valueName":"search_term_string"}}],"inLanguage":"cs"}]}},"_links":{"self":[{"href":"https:\/\/gambling6.com\/cs\/wp-json\/wp\/v2\/pages\/8601","targetHints":{"allow":["GET"]}}],"collection":[{"href":"https:\/\/gambling6.com\/cs\/wp-json\/wp\/v2\/pages"}],"about":[{"href":"https:\/\/gambling6.com\/cs\/wp-json\/wp\/v2\/types\/page"}],"author":[{"embeddable":true,"href":"https:\/\/gambling6.com\/cs\/wp-json\/wp\/v2\/users\/1"}],"replies":[{"embeddable":true,"href":"https:\/\/gambling6.com\/cs\/wp-json\/wp\/v2\/comments?post=8601"}],"version-history":[{"count":1,"href":"https:\/\/gambling6.com\/cs\/wp-json\/wp\/v2\/pages\/8601\/revisions"}],"predecessor-version":[{"id":8739,"href":"https:\/\/gambling6.com\/cs\/wp-json\/wp\/v2\/pages\/8601\/revisions\/8739"}],"up":[{"embeddable":true,"href":"https:\/\/gambling6.com\/cs\/wp-json\/wp\/v2\/pages\/8737"}],"wp:attachment":[{"href":"https:\/\/gambling6.com\/cs\/wp-json\/wp\/v2\/media?parent=8601"}],"curies":[{"name":"wp","href":"https:\/\/api.w.org\/{rel}","templated":true}]}}