{"id":8671,"date":"2025-11-07T22:40:00","date_gmt":"2025-11-07T22:40:00","guid":{"rendered":"https:\/\/gambling6.com\/stiraci-losy\/"},"modified":"2025-11-07T22:40:00","modified_gmt":"2025-11-07T22:40:00","slug":"stiraci-losy","status":"publish","type":"page","link":"https:\/\/gambling6.com\/cs\/stiraci-losy\/","title":{"rendered":"St\u00edrac\u00ed losy"},"content":{"rendered":"<p>Pokud m\u00e1te r\u00e1di vzru\u0161en\u00ed z hran\u00ed st\u00edrac\u00edch los\u016f nebo jin\u00fdch her s okam\u017eitou v\u00fdhrou, <strong>zamilujete si na\u0161e doporu\u010den\u00ed webov\u00fdch str\u00e1nek pro hran\u00ed st\u00edrac\u00edch los\u016f online.<\/strong> Na internetu existuje mnoho mo\u017enost\u00ed, jak hr\u00e1t st\u00edrac\u00ed losy. V\u0161echny tyto str\u00e1nky nab\u00edzej\u00ed registra\u010dn\u00ed bonusy a dobr\u00fd v\u00fdb\u011br produkt\u016f. M\u016f\u017eete se zaregistrovat, vybrat si zp\u016fsob platby, dob\u00edt si \u00fa\u010det a b\u011bhem n\u011bkolika minut za\u010d\u00edt hr\u00e1t.<img loading=\"lazy\" decoding=\"async\" class=\" alignright wp-image-511\" style=\"margin: 10px; border: 5px solid #ffffff; float: right;\" src=\"http:\/\/gambling6.com\/wp-content\/uploads\/2013\/12\/best_online_scratchcards.jpg\" alt=\"best online st\u00edrac\u00ed losy\" width=\"299\" height=\"163\" srcset=\"https:\/\/gambling6.com\/wp-content\/uploads\/2013\/12\/best_online_scratchcards.jpg 446w, https:\/\/gambling6.com\/wp-content\/uploads\/2013\/12\/best_online_scratchcards-300x163.jpg 300w\" sizes=\"auto, (max-width: 299px) 100vw, 299px\" \/><\/p>\n<h2>Online str\u00e1nky se st\u00edrac\u00edmi losy nab\u00edzej\u00ed skv\u011blou animaci<\/h2>\n<p>Na rozd\u00edl od her, kter\u00e9 hrajete na kart\u00e1ch od sv\u00e9ho obl\u00edben\u00e9ho prodejce loteri\u00ed, online verze st\u00edrac\u00edch los\u016f nab\u00edzej\u00ed vzru\u0161uj\u00edc\u00ed animaci, kter\u00e1 vytv\u00e1\u0159\u00ed z\u00e1bavn\u00e9 prost\u0159ed\u00ed. Vzru\u0161en\u00ed z v\u00fdhry a adrenalinov\u00fd n\u00e1val, kter\u00fd hr\u00e1\u010di za\u017e\u00edvaj\u00ed p\u0159i pohledu na v\u00fdhern\u00ed polo\u017eky na obrazovce, jsou t\u00edm, co je nut\u00ed vracet se na webov\u00e9 str\u00e1nky se st\u00edrac\u00edmi losy online. Tyto str\u00e1nky p\u0159idaly vizu\u00e1ln\u00ed pom\u016fcky pro zv\u00fd\u0161en\u00ed nap\u011bt\u00ed a vzru\u0161en\u00ed.<\/p>\n<h2>St\u00edrac\u00ed losy 888 Casino Instant Win jsou ur\u010deny pro evropsk\u00e9 a britsk\u00e9 hr\u00e1\u010de<\/h2>\n<p>888 Casino je mezin\u00e1rodn\u011b zn\u00e1m\u00e9 jako kasino sv\u011btov\u00e9 \u00farovn\u011b, ale je tak\u00e9 silou, se kterou je t\u0159eba po\u010d\u00edtat v online st\u00edrac\u00edch losech. <a class=\"thirstylink\" title=\"888 casino en\" href=\"https:\/\/gambling6.com\/go\/888-casino-en\/\" target=\"_blank\" rel=\"nofollow noopener\">Sekci st\u00edrac\u00edch los\u016f m\u016f\u017eete nav\u0161t\u00edvit kliknut\u00edm sem.<\/a><\/p>\n<p>Co p\u0159esn\u011b uvid\u00edte v online st\u00edrac\u00edch losech 888 Casino? A co je nejd\u016fle\u017eit\u011bj\u0161\u00ed, hr\u00e1\u010di si zamiluj\u00ed po\u010det nab\u00edzen\u00fdch karet. M\u016f\u017eete si zahr\u00e1t p\u0159es 40 r\u016fzn\u00fdch her a pokud v\u00e1s hran\u00ed st\u00edrac\u00edch los\u016f omrz\u00ed, m\u016f\u017eete rychle p\u0159ej\u00edt na stovky online v\u00fdhern\u00edch automat\u016f s progresivn\u00edmi jackpoty a hern\u00ed \u0161k\u00e1lou pro v\u0161echny hr\u00e1\u010de. Mnoho z t\u011bchto automat\u016f za\u010d\u00edn\u00e1 jako penny sloty s fantastick\u00fdmi v\u00fdplatami.<\/p>\n<p>Tato str\u00e1nka nab\u00edz\u00ed \u0161irokou \u0161k\u00e1lu kasinov\u00fdch her, ale tak\u00e9 poker a sportovn\u00ed s\u00e1zen\u00ed.<\/p>\n<p>Vzru\u0161en\u00ed z 888 Casino je poh\u00e1n\u011bno t\u00fdmem podpory, kter\u00fd je zodpov\u011bdn\u00fd za vytv\u00e1\u0159en\u00ed prost\u0159ed\u00ed, kter\u00e9 v\u00e1s nut\u00ed vracet. Neust\u00e1le vym\u00fd\u0161lej\u00ed nov\u00e9 zp\u016fsoby, jak v\u00e1m poskytnout nov\u00e9 hry a nov\u00e9 zp\u016fsoby, jak vyhr\u00e1t, a udr\u017euj\u00ed v\u00e1s v obraze v ka\u017ed\u00e9m kroku.<\/p>\n<p>Zkombinujte obrovsk\u00e9 jackpoty s mnoha hern\u00edmi tituly a p\u0159idejte k tomu t\u00fdm sv\u011btov\u00e9 \u00farovn\u011b, kter\u00fd pracuje dnem i noc\u00ed, aby v\u00e1m poskytl nov\u00e9 programy, kter\u00e9 v\u00e1s zabav\u00ed, a m\u00e1te lahodnou sm\u011bs st\u00edrac\u00edch los\u016f. Nezapome\u0148te se zapojit do akce se st\u00edrac\u00edmi losy v 888 Casino.<\/p>\n","protected":false},"excerpt":{"rendered":"<p>Pokud m\u00e1te r\u00e1di vzru\u0161en\u00ed z hran\u00ed st\u00edrac\u00edch los\u016f nebo jin\u00fdch her s okam\u017eitou v\u00fdhrou, zamilujete si na\u0161e doporu\u010den\u00ed webov\u00fdch str\u00e1nek pro hran\u00ed st\u00edrac\u00edch los\u016f online. Na internetu existuje mnoho mo\u017enost\u00ed, jak hr\u00e1t st\u00edrac\u00ed losy. V\u0161echny tyto str\u00e1nky nab\u00edzej\u00ed registra\u010dn\u00ed bonusy a dobr\u00fd v\u00fdb\u011br produkt\u016f. M\u016f\u017eete se zaregistrovat, vybrat si zp\u016fsob platby, dob\u00edt si \u00fa\u010det a [&hellip;]<\/p>\n","protected":false},"author":1,"featured_media":8673,"parent":0,"menu_order":7,"comment_status":"closed","ping_status":"closed","template":"","meta":{"footnotes":""},"class_list":["post-8671","page","type-page","status-publish","has-post-thumbnail","hentry"],"yoast_head":"<!-- This site is optimized with the Yoast SEO plugin v27.5 - https:\/\/yoast.com\/product\/yoast-seo-wordpress\/ -->\n<title>Kter\u00e9 jsou nejlep\u0161\u00ed webov\u00e9 str\u00e1nky se st\u00edrac\u00edmi losy online?<\/title>\n<meta name=\"description\" content=\"Za\u010dn\u011bte hr\u00e1t na nejlep\u0161\u00ed webov\u00e9 str\u00e1nce pro online st\u00edrac\u00ed losy. K dispozici jsou des\u00edtky st\u00edrac\u00edch los\u016f v \u0161irok\u00e9 \u0161k\u00e1le v\u00fdher.\" \/>\n<meta name=\"robots\" content=\"index, follow, max-snippet:-1, max-image-preview:large, max-video-preview:-1\" \/>\n<link rel=\"canonical\" href=\"https:\/\/gambling6.com\/cs\/stiraci-losy\/\" \/>\n<meta property=\"og:locale\" content=\"cs_CZ\" \/>\n<meta property=\"og:type\" content=\"article\" \/>\n<meta property=\"og:title\" content=\"Kter\u00e9 jsou nejlep\u0161\u00ed webov\u00e9 str\u00e1nky se st\u00edrac\u00edmi losy online?\" \/>\n<meta property=\"og:description\" content=\"Za\u010dn\u011bte hr\u00e1t na nejlep\u0161\u00ed webov\u00e9 str\u00e1nce pro online st\u00edrac\u00ed losy. K dispozici jsou des\u00edtky st\u00edrac\u00edch los\u016f v \u0161irok\u00e9 \u0161k\u00e1le v\u00fdher.\" \/>\n<meta property=\"og:url\" content=\"https:\/\/gambling6.com\/cs\/stiraci-losy\/\" \/>\n<meta property=\"og:site_name\" content=\"Gambling6\" \/>\n<meta property=\"og:image\" content=\"https:\/\/gambling6.com\/wp-content\/uploads\/2013\/12\/best_online_scratchcards.jpg\" \/>\n\t<meta property=\"og:image:width\" content=\"446\" \/>\n\t<meta property=\"og:image:height\" content=\"243\" \/>\n\t<meta property=\"og:image:type\" content=\"image\/jpeg\" \/>\n<meta name=\"twitter:card\" content=\"summary_large_image\" \/>\n<meta name=\"twitter:label1\" content=\"Odhadovan\u00e1 doba \u010dten\u00ed\" \/>\n\t<meta name=\"twitter:data1\" content=\"2 minuty\" \/>\n<script type=\"application\/ld+json\" class=\"yoast-schema-graph\">{\"@context\":\"https:\\\/\\\/schema.org\",\"@graph\":[{\"@type\":\"WebPage\",\"@id\":\"https:\\\/\\\/gambling6.com\\\/cs\\\/stiraci-losy\\\/\",\"url\":\"https:\\\/\\\/gambling6.com\\\/cs\\\/stiraci-losy\\\/\",\"name\":\"Kter\u00e9 jsou nejlep\u0161\u00ed webov\u00e9 str\u00e1nky se st\u00edrac\u00edmi losy online?\",\"isPartOf\":{\"@id\":\"https:\\\/\\\/gambling6.com\\\/cs\\\/#website\"},\"primaryImageOfPage\":{\"@id\":\"https:\\\/\\\/gambling6.com\\\/cs\\\/stiraci-losy\\\/#primaryimage\"},\"image\":{\"@id\":\"https:\\\/\\\/gambling6.com\\\/cs\\\/stiraci-losy\\\/#primaryimage\"},\"thumbnailUrl\":\"https:\\\/\\\/gambling6.com\\\/wp-content\\\/uploads\\\/2013\\\/12\\\/best_online_scratchcards.jpg\",\"datePublished\":\"2025-11-07T22:40:00+00:00\",\"description\":\"Za\u010dn\u011bte hr\u00e1t na nejlep\u0161\u00ed webov\u00e9 str\u00e1nce pro online st\u00edrac\u00ed losy. K dispozici jsou des\u00edtky st\u00edrac\u00edch los\u016f v \u0161irok\u00e9 \u0161k\u00e1le v\u00fdher.\",\"breadcrumb\":{\"@id\":\"https:\\\/\\\/gambling6.com\\\/cs\\\/stiraci-losy\\\/#breadcrumb\"},\"inLanguage\":\"cs\",\"potentialAction\":[{\"@type\":\"ReadAction\",\"target\":[\"https:\\\/\\\/gambling6.com\\\/cs\\\/stiraci-losy\\\/\"]}]},{\"@type\":\"ImageObject\",\"inLanguage\":\"cs\",\"@id\":\"https:\\\/\\\/gambling6.com\\\/cs\\\/stiraci-losy\\\/#primaryimage\",\"url\":\"https:\\\/\\\/gambling6.com\\\/wp-content\\\/uploads\\\/2013\\\/12\\\/best_online_scratchcards.jpg\",\"contentUrl\":\"https:\\\/\\\/gambling6.com\\\/wp-content\\\/uploads\\\/2013\\\/12\\\/best_online_scratchcards.jpg\",\"width\":446,\"height\":243,\"caption\":\"best online scratchcards\"},{\"@type\":\"BreadcrumbList\",\"@id\":\"https:\\\/\\\/gambling6.com\\\/cs\\\/stiraci-losy\\\/#breadcrumb\",\"itemListElement\":[{\"@type\":\"ListItem\",\"position\":1,\"name\":\"Home\",\"item\":\"https:\\\/\\\/gambling6.com\\\/cs\\\/home\\\/\"},{\"@type\":\"ListItem\",\"position\":2,\"name\":\"St\u00edrac\u00ed losy\"}]},{\"@type\":\"WebSite\",\"@id\":\"https:\\\/\\\/gambling6.com\\\/cs\\\/#website\",\"url\":\"https:\\\/\\\/gambling6.com\\\/cs\\\/\",\"name\":\"Gambling6\",\"description\":\"\",\"potentialAction\":[{\"@type\":\"SearchAction\",\"target\":{\"@type\":\"EntryPoint\",\"urlTemplate\":\"https:\\\/\\\/gambling6.com\\\/cs\\\/?s={search_term_string}\"},\"query-input\":{\"@type\":\"PropertyValueSpecification\",\"valueRequired\":true,\"valueName\":\"search_term_string\"}}],\"inLanguage\":\"cs\"}]}<\/script>\n<!-- \/ Yoast SEO plugin. -->","yoast_head_json":{"title":"Kter\u00e9 jsou nejlep\u0161\u00ed webov\u00e9 str\u00e1nky se st\u00edrac\u00edmi losy online?","description":"Za\u010dn\u011bte hr\u00e1t na nejlep\u0161\u00ed webov\u00e9 str\u00e1nce pro online st\u00edrac\u00ed losy. K dispozici jsou des\u00edtky st\u00edrac\u00edch los\u016f v \u0161irok\u00e9 \u0161k\u00e1le v\u00fdher.","robots":{"index":"index","follow":"follow","max-snippet":"max-snippet:-1","max-image-preview":"max-image-preview:large","max-video-preview":"max-video-preview:-1"},"canonical":"https:\/\/gambling6.com\/cs\/stiraci-losy\/","og_locale":"cs_CZ","og_type":"article","og_title":"Kter\u00e9 jsou nejlep\u0161\u00ed webov\u00e9 str\u00e1nky se st\u00edrac\u00edmi losy online?","og_description":"Za\u010dn\u011bte hr\u00e1t na nejlep\u0161\u00ed webov\u00e9 str\u00e1nce pro online st\u00edrac\u00ed losy. K dispozici jsou des\u00edtky st\u00edrac\u00edch los\u016f v \u0161irok\u00e9 \u0161k\u00e1le v\u00fdher.","og_url":"https:\/\/gambling6.com\/cs\/stiraci-losy\/","og_site_name":"Gambling6","og_image":[{"width":446,"height":243,"url":"https:\/\/gambling6.com\/wp-content\/uploads\/2013\/12\/best_online_scratchcards.jpg","type":"image\/jpeg"}],"twitter_card":"summary_large_image","twitter_misc":{"Odhadovan\u00e1 doba \u010dten\u00ed":"2 minuty"},"schema":{"@context":"https:\/\/schema.org","@graph":[{"@type":"WebPage","@id":"https:\/\/gambling6.com\/cs\/stiraci-losy\/","url":"https:\/\/gambling6.com\/cs\/stiraci-losy\/","name":"Kter\u00e9 jsou nejlep\u0161\u00ed webov\u00e9 str\u00e1nky se st\u00edrac\u00edmi losy online?","isPartOf":{"@id":"https:\/\/gambling6.com\/cs\/#website"},"primaryImageOfPage":{"@id":"https:\/\/gambling6.com\/cs\/stiraci-losy\/#primaryimage"},"image":{"@id":"https:\/\/gambling6.com\/cs\/stiraci-losy\/#primaryimage"},"thumbnailUrl":"https:\/\/gambling6.com\/wp-content\/uploads\/2013\/12\/best_online_scratchcards.jpg","datePublished":"2025-11-07T22:40:00+00:00","description":"Za\u010dn\u011bte hr\u00e1t na nejlep\u0161\u00ed webov\u00e9 str\u00e1nce pro online st\u00edrac\u00ed losy. K dispozici jsou des\u00edtky st\u00edrac\u00edch los\u016f v \u0161irok\u00e9 \u0161k\u00e1le v\u00fdher.","breadcrumb":{"@id":"https:\/\/gambling6.com\/cs\/stiraci-losy\/#breadcrumb"},"inLanguage":"cs","potentialAction":[{"@type":"ReadAction","target":["https:\/\/gambling6.com\/cs\/stiraci-losy\/"]}]},{"@type":"ImageObject","inLanguage":"cs","@id":"https:\/\/gambling6.com\/cs\/stiraci-losy\/#primaryimage","url":"https:\/\/gambling6.com\/wp-content\/uploads\/2013\/12\/best_online_scratchcards.jpg","contentUrl":"https:\/\/gambling6.com\/wp-content\/uploads\/2013\/12\/best_online_scratchcards.jpg","width":446,"height":243,"caption":"best online scratchcards"},{"@type":"BreadcrumbList","@id":"https:\/\/gambling6.com\/cs\/stiraci-losy\/#breadcrumb","itemListElement":[{"@type":"ListItem","position":1,"name":"Home","item":"https:\/\/gambling6.com\/cs\/home\/"},{"@type":"ListItem","position":2,"name":"St\u00edrac\u00ed losy"}]},{"@type":"WebSite","@id":"https:\/\/gambling6.com\/cs\/#website","url":"https:\/\/gambling6.com\/cs\/","name":"Gambling6","description":"","potentialAction":[{"@type":"SearchAction","target":{"@type":"EntryPoint","urlTemplate":"https:\/\/gambling6.com\/cs\/?s={search_term_string}"},"query-input":{"@type":"PropertyValueSpecification","valueRequired":true,"valueName":"search_term_string"}}],"inLanguage":"cs"}]}},"_links":{"self":[{"href":"https:\/\/gambling6.com\/cs\/wp-json\/wp\/v2\/pages\/8671","targetHints":{"allow":["GET"]}}],"collection":[{"href":"https:\/\/gambling6.com\/cs\/wp-json\/wp\/v2\/pages"}],"about":[{"href":"https:\/\/gambling6.com\/cs\/wp-json\/wp\/v2\/types\/page"}],"author":[{"embeddable":true,"href":"https:\/\/gambling6.com\/cs\/wp-json\/wp\/v2\/users\/1"}],"replies":[{"embeddable":true,"href":"https:\/\/gambling6.com\/cs\/wp-json\/wp\/v2\/comments?post=8671"}],"version-history":[{"count":0,"href":"https:\/\/gambling6.com\/cs\/wp-json\/wp\/v2\/pages\/8671\/revisions"}],"wp:featuredmedia":[{"embeddable":true,"href":"https:\/\/gambling6.com\/cs\/wp-json\/wp\/v2\/media\/8673"}],"wp:attachment":[{"href":"https:\/\/gambling6.com\/cs\/wp-json\/wp\/v2\/media?parent=8671"}],"curies":[{"name":"wp","href":"https:\/\/api.w.org\/{rel}","templated":true}]}}