{"id":8737,"date":"2025-11-07T23:30:31","date_gmt":"2025-11-07T23:30:31","guid":{"rendered":"https:\/\/gambling6.com\/poker\/"},"modified":"2025-11-12T17:48:31","modified_gmt":"2025-11-12T17:48:31","slug":"poker","status":"publish","type":"page","link":"https:\/\/gambling6.com\/cs\/poker\/","title":{"rendered":"Poker"},"content":{"rendered":"<h2 style=\"text-align: left;\"><img loading=\"lazy\" decoding=\"async\" class=\" wp-image-3009 alignright\" src=\"https:\/\/gambling6.com\/wp-content\/uploads\/2022\/04\/pokertournament-300x209.jpg\" alt=\"za\u010dn\u011bte s online pokerem\" width=\"266\" height=\"185\" srcset=\"https:\/\/gambling6.com\/wp-content\/uploads\/2022\/04\/pokertournament-300x209.jpg 300w, https:\/\/gambling6.com\/wp-content\/uploads\/2022\/04\/pokertournament.jpg 415w\" sizes=\"auto, (max-width: 266px) 100vw, 266px\" \/>Za\u010d\u00edn\u00e1me s online pokerem<\/h2>\n<p>Pokud chcete za\u010d\u00edt hr\u00e1t online poker, je n\u011bkolik v\u011bc\u00ed, kter\u00e9 pot\u0159ebujete v\u011bd\u011bt. Poker je hra dovednost\u00ed. Ne\u0159\u00edk\u00e1me, \u017ee v tom nen\u00ed \u0161t\u011bst\u00ed \u2013 ve skute\u010dnosti ano \u2013 ale pravdou je, \u017ee pokud chcete vyd\u011bl\u00e1vat pen\u00edze, je rozhodn\u011b pot\u0159eba se u\u010dit.<\/p>\n<h2>5 zlat\u00fdch pravidel pro za\u010d\u00e1te\u010dn\u00edky s online pokerem<\/h2>\n<ol>\n<li>Vyberte si pokerovou hernu moud\u0159e \u2013 p\u0159ed v\u00fdb\u011brem str\u00e1nky, na kter\u00e9 budete hr\u00e1t, si p\u0159e\u010dt\u011bte na\u0161e recenze<\/li>\n<li>Za\u010dn\u011bte s hrac\u00edmi pen\u011bzi, abyste se sezn\u00e1mili s pravidly a samotnou hrou, a pot\u00e9 za\u010dn\u011bte s nejni\u017e\u0161\u00ed \u00farovn\u00ed o skute\u010dn\u00e9 pen\u00edze<\/li>\n<li>V\u011bnujte hodn\u011b \u010dasu \u010dten\u00ed o pokerov\u00e9 strategii. Zjist\u011bte, kter\u00e9 po\u010d\u00e1te\u010dn\u00ed kombinace jsou v kter\u00e9 situaci dobr\u00e9, a v\u011bzte, jak je hr\u00e1t na kter\u00e9 pozici u stolu. \u201eTight je spr\u00e1vn\u00e1 kombinace\u201c je nejlep\u0161\u00ed rada pro za\u010d\u00e1te\u010dn\u00edky a va\u0161e relativn\u00ed pozice je pro va\u0161e rozhodov\u00e1n\u00ed velmi d\u016fle\u017eit\u00e1.<\/li>\n<li>Vyu\u017eijte dobrou bonusovou nab\u00eddku pro sv\u016fj prvn\u00ed vklad nebo dokonce nab\u00eddku bezplatn\u00e9ho bankrollu, jako je ta od 888 Poker. Za registraci v\u00e1m daj\u00ed 20,00 \u20ac (nebo GBP, v z\u00e1vislosti na tom, kde \u017eijete) zdarma! A st\u00e1le z\u00edsk\u00e1te vkladov\u00fd bonus ve v\u00fd\u0161i 100 % a a\u017e 300,00 \u20ac nebo GBP p\u0159i vkladu pen\u011bz. <a class=\"thirstylink\" title=\"888 poker en\" href=\"https:\/\/gambling6.com\/go\/888-poker-en\/\" target=\"_blank\" rel=\"nofollow noopener\"><span style=\"text-decoration: underline;\"><strong>Klikn\u011bte sem <\/strong><\/span><span style=\"text-decoration: underline;\"><strong>o<\/strong><\/span><span style=\"text-decoration: underline;\"><strong>p\u0159ej\u00edt <\/strong><\/span><span style=\"text-decoration: underline;\"><strong>na <\/strong><\/span><span style=\"text-decoration: underline;\"><strong>8<\/strong><\/span><strong>88 Poker te\u010f.<\/strong><\/a><\/li>\n<li>Spravujte sv\u016fj bankroll pe\u010dliv\u011b. M\u011bjte alespo\u0148 100n\u00e1sobek, l\u00e9pe 200n\u00e1sobek minim\u00e1ln\u00ed s\u00e1zkov\u00e9 \u010d\u00e1stky pro \u00farove\u0148, na kter\u00e9 hrajete.<\/li>\n<\/ol>\n<p><a href=\"https:\/\/ic.aff-handler.com\/C\/46138?sr=1073333&amp;anid=\" rel=\"nofollow\"><img loading=\"lazy\" decoding=\"async\" class=\"aligncenter\" src=\"https:\/\/ic.aff-handler.com\/I\/46138?sr=1073333&amp;anid=\" width=\"563\" height=\"72\" \/><\/a><\/p>\n<h2>Nejlep\u0161\u00ed webov\u00e9 str\u00e1nky pro hran\u00ed online pokeru pro za\u010d\u00e1te\u010dn\u00edky<\/h2>\n<p>Jeden web, kter\u00fd jsme ji\u017e zm\u00ednili. Je to 888 Poker, kde v\u00e1m propaga\u010dn\u00ed akce s 20\u20ac bankrollem zdarma umo\u017e\u0148uje hr\u00e1t okam\u017eit\u011b se skute\u010dn\u00fdmi pen\u011bzi, ani\u017e byste museli vkl\u00e1dat. A pozd\u011bji z\u00edsk\u00e1te dal\u0161\u00ed bonus, kdy\u017e vlo\u017e\u00edte sv\u00e9 vlastn\u00ed pen\u00edze, kter\u00fd va\u0161e pen\u00edze zdvojn\u00e1sob\u00ed. Tento poskytovatel v\u0161ak nep\u0159ij\u00edm\u00e1 hr\u00e1\u010de z USA.<\/p>\n<h2>Nejlep\u0161\u00ed webov\u00e9 str\u00e1nky pro hr\u00e1\u010de pokeru z USA<\/h2>\n<p>Vzhledem k pr\u00e1vn\u00edm omezen\u00edm v USA nem\u00e1te tolik mo\u017enost\u00ed. V\u011bt\u0161ina provozovatel\u016f se z americk\u00e9ho trhu st\u00e1hla a regulovan\u00fd trh s online hazardn\u00edmi hrami v USA je st\u00e1le v\u011bc\u00ed budoucnosti \u2013 alespo\u0148 pro v\u011bt\u0161inu st\u00e1t\u016f.<\/p>\n<p>Nicm\u00e9n\u011b v sou\u010dasn\u00e9 dob\u011b by pro v\u00e1s nejlep\u0161\u00ed volbou byl BetOnline Poker. <a class=\"thirstylink\" title=\"Betonline poker en\" href=\"https:\/\/gambling6.com\/go\/betonline-poker-en\/\" target=\"_blank\" rel=\"nofollow noopener\">Klikn\u011bte na tento odkaz a nav\u0161tivte jejich str\u00e1nky<\/a>, kde si m\u016f\u017eete zahr\u00e1t poker a tak\u00e9 v\u0161echny druhy kasinov\u00fdch her.<\/p>\n","protected":false},"excerpt":{"rendered":"<p>Za\u010d\u00edn\u00e1me s online pokerem Pokud chcete za\u010d\u00edt hr\u00e1t online poker, je n\u011bkolik v\u011bc\u00ed, kter\u00e9 pot\u0159ebujete v\u011bd\u011bt. Poker je hra dovednost\u00ed. Ne\u0159\u00edk\u00e1me, \u017ee v tom nen\u00ed \u0161t\u011bst\u00ed \u2013 ve skute\u010dnosti ano \u2013 ale pravdou je, \u017ee pokud chcete vyd\u011bl\u00e1vat pen\u00edze, je rozhodn\u011b pot\u0159eba se u\u010dit. 5 zlat\u00fdch pravidel pro za\u010d\u00e1te\u010dn\u00edky s online pokerem Vyberte si pokerovou [&hellip;]<\/p>\n","protected":false},"author":1,"featured_media":0,"parent":0,"menu_order":5,"comment_status":"closed","ping_status":"closed","template":"","meta":{"footnotes":""},"class_list":["post-8737","page","type-page","status-publish","hentry"],"yoast_head":"<!-- This site is optimized with the Yoast SEO plugin v27.3 - https:\/\/yoast.com\/product\/yoast-seo-wordpress\/ -->\n<title>Nejlep\u0161\u00ed m\u00edsta, kde za\u010d\u00edt hr\u00e1t online poker?<\/title>\n<meta name=\"description\" content=\"Nejlep\u0161\u00ed m\u00edsta pro online poker, 5 zlat\u00fdch pravidel pro za\u010d\u00e1tek\" \/>\n<meta name=\"robots\" content=\"index, follow, max-snippet:-1, max-image-preview:large, max-video-preview:-1\" \/>\n<link rel=\"canonical\" href=\"https:\/\/gambling6.com\/cs\/poker\/\" \/>\n<meta property=\"og:locale\" content=\"cs_CZ\" \/>\n<meta property=\"og:type\" content=\"article\" \/>\n<meta property=\"og:title\" content=\"Nejlep\u0161\u00ed m\u00edsta, kde za\u010d\u00edt hr\u00e1t online poker?\" \/>\n<meta property=\"og:description\" content=\"Nejlep\u0161\u00ed m\u00edsta pro online poker, 5 zlat\u00fdch pravidel pro za\u010d\u00e1tek\" \/>\n<meta property=\"og:url\" content=\"https:\/\/gambling6.com\/cs\/poker\/\" \/>\n<meta property=\"og:site_name\" content=\"Gambling6\" \/>\n<meta property=\"article:modified_time\" content=\"2025-11-12T17:48:31+00:00\" \/>\n<meta property=\"og:image\" content=\"https:\/\/gambling6.com\/wp-content\/uploads\/2022\/04\/pokertournament.jpg\" \/>\n\t<meta property=\"og:image:width\" content=\"415\" \/>\n\t<meta property=\"og:image:height\" content=\"289\" \/>\n\t<meta property=\"og:image:type\" content=\"image\/jpeg\" \/>\n<meta name=\"twitter:card\" content=\"summary_large_image\" \/>\n<meta name=\"twitter:label1\" content=\"Odhadovan\u00e1 doba \u010dten\u00ed\" \/>\n\t<meta name=\"twitter:data1\" content=\"2 minuty\" \/>\n<script type=\"application\/ld+json\" class=\"yoast-schema-graph\">{\"@context\":\"https:\\\/\\\/schema.org\",\"@graph\":[{\"@type\":\"WebPage\",\"@id\":\"https:\\\/\\\/gambling6.com\\\/cs\\\/poker\\\/\",\"url\":\"https:\\\/\\\/gambling6.com\\\/cs\\\/poker\\\/\",\"name\":\"Nejlep\u0161\u00ed m\u00edsta, kde za\u010d\u00edt hr\u00e1t online poker?\",\"isPartOf\":{\"@id\":\"https:\\\/\\\/gambling6.com\\\/cs\\\/#website\"},\"primaryImageOfPage\":{\"@id\":\"https:\\\/\\\/gambling6.com\\\/cs\\\/poker\\\/#primaryimage\"},\"image\":{\"@id\":\"https:\\\/\\\/gambling6.com\\\/cs\\\/poker\\\/#primaryimage\"},\"thumbnailUrl\":\"https:\\\/\\\/gambling6.com\\\/wp-content\\\/uploads\\\/2022\\\/04\\\/pokertournament-300x209.jpg\",\"datePublished\":\"2025-11-07T23:30:31+00:00\",\"dateModified\":\"2025-11-12T17:48:31+00:00\",\"description\":\"Nejlep\u0161\u00ed m\u00edsta pro online poker, 5 zlat\u00fdch pravidel pro za\u010d\u00e1tek\",\"breadcrumb\":{\"@id\":\"https:\\\/\\\/gambling6.com\\\/cs\\\/poker\\\/#breadcrumb\"},\"inLanguage\":\"cs\",\"potentialAction\":[{\"@type\":\"ReadAction\",\"target\":[\"https:\\\/\\\/gambling6.com\\\/cs\\\/poker\\\/\"]}]},{\"@type\":\"ImageObject\",\"inLanguage\":\"cs\",\"@id\":\"https:\\\/\\\/gambling6.com\\\/cs\\\/poker\\\/#primaryimage\",\"url\":\"https:\\\/\\\/gambling6.com\\\/wp-content\\\/uploads\\\/2022\\\/04\\\/pokertournament-300x209.jpg\",\"contentUrl\":\"https:\\\/\\\/gambling6.com\\\/wp-content\\\/uploads\\\/2022\\\/04\\\/pokertournament-300x209.jpg\"},{\"@type\":\"BreadcrumbList\",\"@id\":\"https:\\\/\\\/gambling6.com\\\/cs\\\/poker\\\/#breadcrumb\",\"itemListElement\":[{\"@type\":\"ListItem\",\"position\":1,\"name\":\"Home\",\"item\":\"https:\\\/\\\/gambling6.com\\\/cs\\\/home\\\/\"},{\"@type\":\"ListItem\",\"position\":2,\"name\":\"Poker\"}]},{\"@type\":\"WebSite\",\"@id\":\"https:\\\/\\\/gambling6.com\\\/cs\\\/#website\",\"url\":\"https:\\\/\\\/gambling6.com\\\/cs\\\/\",\"name\":\"Gambling6\",\"description\":\"\",\"potentialAction\":[{\"@type\":\"SearchAction\",\"target\":{\"@type\":\"EntryPoint\",\"urlTemplate\":\"https:\\\/\\\/gambling6.com\\\/cs\\\/?s={search_term_string}\"},\"query-input\":{\"@type\":\"PropertyValueSpecification\",\"valueRequired\":true,\"valueName\":\"search_term_string\"}}],\"inLanguage\":\"cs\"}]}<\/script>\n<!-- \/ Yoast SEO plugin. -->","yoast_head_json":{"title":"Nejlep\u0161\u00ed m\u00edsta, kde za\u010d\u00edt hr\u00e1t online poker?","description":"Nejlep\u0161\u00ed m\u00edsta pro online poker, 5 zlat\u00fdch pravidel pro za\u010d\u00e1tek","robots":{"index":"index","follow":"follow","max-snippet":"max-snippet:-1","max-image-preview":"max-image-preview:large","max-video-preview":"max-video-preview:-1"},"canonical":"https:\/\/gambling6.com\/cs\/poker\/","og_locale":"cs_CZ","og_type":"article","og_title":"Nejlep\u0161\u00ed m\u00edsta, kde za\u010d\u00edt hr\u00e1t online poker?","og_description":"Nejlep\u0161\u00ed m\u00edsta pro online poker, 5 zlat\u00fdch pravidel pro za\u010d\u00e1tek","og_url":"https:\/\/gambling6.com\/cs\/poker\/","og_site_name":"Gambling6","article_modified_time":"2025-11-12T17:48:31+00:00","og_image":[{"width":415,"height":289,"url":"https:\/\/gambling6.com\/wp-content\/uploads\/2022\/04\/pokertournament.jpg","type":"image\/jpeg"}],"twitter_card":"summary_large_image","twitter_misc":{"Odhadovan\u00e1 doba \u010dten\u00ed":"2 minuty"},"schema":{"@context":"https:\/\/schema.org","@graph":[{"@type":"WebPage","@id":"https:\/\/gambling6.com\/cs\/poker\/","url":"https:\/\/gambling6.com\/cs\/poker\/","name":"Nejlep\u0161\u00ed m\u00edsta, kde za\u010d\u00edt hr\u00e1t online poker?","isPartOf":{"@id":"https:\/\/gambling6.com\/cs\/#website"},"primaryImageOfPage":{"@id":"https:\/\/gambling6.com\/cs\/poker\/#primaryimage"},"image":{"@id":"https:\/\/gambling6.com\/cs\/poker\/#primaryimage"},"thumbnailUrl":"https:\/\/gambling6.com\/wp-content\/uploads\/2022\/04\/pokertournament-300x209.jpg","datePublished":"2025-11-07T23:30:31+00:00","dateModified":"2025-11-12T17:48:31+00:00","description":"Nejlep\u0161\u00ed m\u00edsta pro online poker, 5 zlat\u00fdch pravidel pro za\u010d\u00e1tek","breadcrumb":{"@id":"https:\/\/gambling6.com\/cs\/poker\/#breadcrumb"},"inLanguage":"cs","potentialAction":[{"@type":"ReadAction","target":["https:\/\/gambling6.com\/cs\/poker\/"]}]},{"@type":"ImageObject","inLanguage":"cs","@id":"https:\/\/gambling6.com\/cs\/poker\/#primaryimage","url":"https:\/\/gambling6.com\/wp-content\/uploads\/2022\/04\/pokertournament-300x209.jpg","contentUrl":"https:\/\/gambling6.com\/wp-content\/uploads\/2022\/04\/pokertournament-300x209.jpg"},{"@type":"BreadcrumbList","@id":"https:\/\/gambling6.com\/cs\/poker\/#breadcrumb","itemListElement":[{"@type":"ListItem","position":1,"name":"Home","item":"https:\/\/gambling6.com\/cs\/home\/"},{"@type":"ListItem","position":2,"name":"Poker"}]},{"@type":"WebSite","@id":"https:\/\/gambling6.com\/cs\/#website","url":"https:\/\/gambling6.com\/cs\/","name":"Gambling6","description":"","potentialAction":[{"@type":"SearchAction","target":{"@type":"EntryPoint","urlTemplate":"https:\/\/gambling6.com\/cs\/?s={search_term_string}"},"query-input":{"@type":"PropertyValueSpecification","valueRequired":true,"valueName":"search_term_string"}}],"inLanguage":"cs"}]}},"_links":{"self":[{"href":"https:\/\/gambling6.com\/cs\/wp-json\/wp\/v2\/pages\/8737","targetHints":{"allow":["GET"]}}],"collection":[{"href":"https:\/\/gambling6.com\/cs\/wp-json\/wp\/v2\/pages"}],"about":[{"href":"https:\/\/gambling6.com\/cs\/wp-json\/wp\/v2\/types\/page"}],"author":[{"embeddable":true,"href":"https:\/\/gambling6.com\/cs\/wp-json\/wp\/v2\/users\/1"}],"replies":[{"embeddable":true,"href":"https:\/\/gambling6.com\/cs\/wp-json\/wp\/v2\/comments?post=8737"}],"version-history":[{"count":2,"href":"https:\/\/gambling6.com\/cs\/wp-json\/wp\/v2\/pages\/8737\/revisions"}],"predecessor-version":[{"id":10718,"href":"https:\/\/gambling6.com\/cs\/wp-json\/wp\/v2\/pages\/8737\/revisions\/10718"}],"wp:attachment":[{"href":"https:\/\/gambling6.com\/cs\/wp-json\/wp\/v2\/media?parent=8737"}],"curies":[{"name":"wp","href":"https:\/\/api.w.org\/{rel}","templated":true}]}}