{"id":8824,"date":"2025-11-08T07:47:34","date_gmt":"2025-11-08T07:47:34","guid":{"rendered":"https:\/\/gambling6.com\/kasino\/bezpeci-vaseho-online-hazardniho-uctu\/"},"modified":"2025-11-12T08:59:41","modified_gmt":"2025-11-12T08:59:41","slug":"bezpeci-vaseho-online-hazardniho-uctu","status":"publish","type":"page","link":"https:\/\/gambling6.com\/cs\/kasino\/bezpeci-vaseho-online-hazardniho-uctu\/","title":{"rendered":"Bezpe\u010d\u00ed va\u0161eho online hazardn\u00edho \u00fa\u010dtu"},"content":{"rendered":"<h2>Vyh\u00fdbejte se \u0161patn\u00fdm str\u00e1nk\u00e1m a p\u0159ijm\u011bte ur\u010dit\u00e1 bezpe\u010dnostn\u00ed opat\u0159en\u00ed.<\/h2>\n<p>Sv\u011bt online her se v\u00fdrazn\u011b rozrostl a a\u010dkoli je to pro hr\u00e1\u010de obecn\u011b dobr\u00e1 v\u011bc, s sebou nese i n\u011bkolik nev\u00fdhod. Online zabezpe\u010den\u00ed, kter\u00e9 kasina nab\u00edzej\u00ed, je pravd\u011bpodobn\u011b nejd\u016fle\u017eit\u011bj\u0161\u00edm prvkem p\u0159i hran\u00ed o skute\u010dn\u00e9 pen\u00edze a u\u017eivatel\u016fm mus\u00ed b\u00fdt zaru\u010deny bezchybn\u00e9 finan\u010dn\u00ed transakce.<\/p>\n<p>V dne\u0161n\u00edm technologicky vysp\u011bl\u00e9m sv\u011bt\u011b jsou podvody a online podvody bohu\u017eel p\u0159\u00edli\u0161 b\u011b\u017en\u00e9 na to, abychom p\u0159edpokl\u00e1dali, \u017ee se v\u00e1m nestanou, a proto nepodnikli \u017e\u00e1dn\u00e1 opat\u0159en\u00ed k jejich prevenci. Nov\u00e1 online kasina se objevuj\u00ed t\u00e9m\u011b\u0159 p\u0159es noc a slibuj\u00ed obrovsk\u00e9 bonusy, kter\u00e9 rozjedou hru a p\u0159il\u00e1kaj\u00ed velk\u00fd po\u010det z\u00e1kazn\u00edk\u016f.<\/p>\n<p>Je velmi d\u016fle\u017eit\u00e9 v\u011bd\u011bt, zda se jim d\u00e1 d\u016fv\u011b\u0159ovat, a d\u016frazn\u011b se doporu\u010duje nejprve z\u00edskat v\u00edce informac\u00ed z jin\u00fdch str\u00e1nek. Recenze od u\u017eivatel\u016f nebo zku\u0161en\u00fdch hr\u00e1\u010d\u016f se na internetu st\u00e1vaj\u00ed velmi popul\u00e1rn\u00edmi, proto\u017ee st\u00e1le v\u00edce hr\u00e1\u010d\u016f vid\u00ed riziko slep\u00e9ho vstupu a nejprve hled\u00e1 uji\u0161t\u011bn\u00ed.<\/p>\n<h2>Online hazardn\u00ed hry v USA<\/h2>\n<p><img loading=\"lazy\" decoding=\"async\" class=\" wp-image-2415 alignright\" src=\"https:\/\/gambling6.com\/wp-content\/uploads\/2022\/04\/1_play_euromillions_online3-300x200.jpg\" alt=\"zabezpe\u010den\u00ed kasina\" width=\"263\" height=\"175\" srcset=\"https:\/\/gambling6.com\/wp-content\/uploads\/2022\/04\/1_play_euromillions_online3-300x200.jpg 300w, https:\/\/gambling6.com\/wp-content\/uploads\/2022\/04\/1_play_euromillions_online3.jpg 320w\" sizes=\"auto, (max-width: 263px) 100vw, 263px\" \/>USA p\u0159edstavuj\u00ed vzru\u0161uj\u00edc\u00ed trh s online hazardn\u00edmi hrami. Zat\u00edmco online kasina jsou zak\u00e1z\u00e1na ve v\u0161ech st\u00e1tech krom\u011b dvou, \u0161ed\u00fd online hern\u00ed pr\u016fmysl je obrovsk\u00fd, hlavn\u011b proto, \u017ee ameri\u010dt\u00ed hr\u00e1\u010di cht\u011bj\u00ed hr\u00e1t kasinov\u00e9 hry online. V\u00fdznamn\u00fd po\u010det potenci\u00e1ln\u00edch z\u00e1kazn\u00edk\u016f tak\u00e9 znamen\u00e1, \u017ee v USA existuje v\u00edce ne\u017e hrstka online kasin, co\u017e americk\u00fdm hr\u00e1\u010d\u016fm velmi usnad\u0148uje za\u010d\u00e1tek.<\/p>\n<p>Ve skute\u010dnosti p\u0159edn\u00ed weby dokonce p\u0159ij\u00edmaj\u00ed americk\u00e9 kreditn\u00ed karty jako platebn\u00ed metodu a v\u0161e je navr\u017eeno tak, aby bylo pro hr\u00e1\u010de co nejpohodln\u011bj\u0161\u00ed. A\u010dkoli tato online kasina nejsou regulov\u00e1na USA, maj\u00ed licence od zahrani\u010dn\u00edch jurisdikc\u00ed, kter\u00e9 zaji\u0161\u0165uj\u00ed, \u017ee poskytuj\u00ed bezpe\u010dn\u00e9 prost\u0159ed\u00ed. Probl\u00e9m je v tom, \u017ee krom\u011b skv\u011bl\u00fdch kasin, kter\u00e1 se zam\u011b\u0159uj\u00ed na americk\u00fd trh, existuje tak\u00e9 spousta podez\u0159el\u00fdch str\u00e1nek, kter\u00e9 maj\u00ed probl\u00e9my s v\u00fdb\u011bry nebo jednodu\u0161e nenab\u00edzej\u00ed spravedliv\u00e9 procento v\u00fdplaty u sv\u00fdch her.<\/p>\n<p>Proto je nezbytn\u00e9 si nejprve p\u0159e\u010d\u00edst n\u011bjak\u00e9 recenze na web, ke kter\u00e9mu se chcete p\u0159ipojit, a zjistit, zda je tak dobr\u00fd, jak se zd\u00e1. To nezabere d\u00e9le ne\u017e n\u011bkolik minut a zajist\u00ed, \u017ee v\u00e1\u0161 online hern\u00ed z\u00e1\u017eitek bude co nejlep\u0161\u00ed. Pokud jde o f\u00e9rov\u00e9 \u200b\u200bhran\u00ed, d\u016fv\u011bryhodn\u00e1 online kasina pou\u017e\u00edvaj\u00ed gener\u00e1tory n\u00e1hodn\u00fdch \u010d\u00edsel, aby se ujistila, \u017ee ka\u017ed\u00e1 hra je zalo\u017eena \u010dist\u011b na n\u00e1hod\u011b. Online kasino m\u016f\u017ee kombinovat tradi\u010dn\u00ed kasinov\u00e9 stoly s v\u00fdhodami online hry prost\u0159ednictv\u00edm \u017eiv\u00e9ho video streamu krupi\u00e9ra.<\/p>\n<p>Jako hr\u00e1\u010d se s\u00eddlem v USA nem\u016f\u017eete ud\u011blat chybu, kdy\u017e se budete dr\u017eet p\u0159edn\u00edho poskytovatele online kasinov\u00fdch akc\u00ed na trhu, konkr\u00e9tn\u011b BetOnline. <a class=\"thirstylink\" title=\"Betonline casino en\" href=\"https:\/\/gambling6.com\/go\/betonline-casino-en\/\" target=\"_blank\" rel=\"nofollow noopener\">Klikn\u011bte zde pro n\u00e1v\u0161t\u011bvu jejich webov\u00fdch str\u00e1nek.<\/a> Va\u0161e bezpe\u010dnost je tam v dobr\u00fdch rukou, na rozd\u00edl od v\u011bt\u0161iny ostatn\u00edch provozovatel\u016f offshore kasin, kte\u0159\u00ed p\u0159ij\u00edmaj\u00ed rezidenty USA.<\/p>\n<h2>Bezpe\u010dnostn\u00ed opat\u0159en\u00ed, kter\u00e1 je t\u0159eba zv\u00e1\u017eit<\/h2>\n<p>M\u011bli bychom tak\u00e9 zm\u00ednit, \u017ee v\u00fdznamn\u00e1 \u010d\u00e1st odpov\u011bdnosti le\u017e\u00ed na hr\u00e1\u010di a existuj\u00ed specifick\u00e1 opat\u0159en\u00ed, kter\u00e1 m\u016f\u017ee podniknout, aby zabr\u00e1nil podvod\u016fm a udr\u017eel sv\u00e9 finan\u010dn\u00ed prost\u0159edky v bezpe\u010d\u00ed.<\/p>\n<p><strong>1. M\u011bjte bezpe\u010dn\u00e9 heslo<\/strong><\/p>\n<p>St\u00e1le v\u00edce web\u016f povzbuzuje u\u017eivatele k pou\u017e\u00edv\u00e1n\u00ed bezpe\u010dn\u00fdch, t\u011b\u017eko uhodnuteln\u00fdch hesel. Pou\u017eit\u00ed \u010d\u00edsel a p\u00edsmen velk\u00fdmi i mal\u00fdmi p\u00edsmeny \u010din\u00ed heslo mnohem bezpe\u010dn\u011bj\u0161\u00edm a tak\u00e9 se doporu\u010duje nepou\u017e\u00edvat stejn\u00e9 heslo pro v\u00edce \u00fa\u010dt\u016f.<\/p>\n<p><strong>2. Ujist\u011bte se, \u017ee m\u00e1te dobr\u00fd antivirov\u00fd program<\/strong><\/p>\n<p>V\u011bt\u0161ina hr\u00e1\u010d\u016f m\u00e1 tendenci zapom\u00ednat na d\u016fle\u017eitost dobr\u00e9ho antivirov\u00e9ho programu. Ten dok\u00e1\u017ee okam\u017eit\u011b odhalit jak\u00e9koli probl\u00e9my p\u0159i surfov\u00e1n\u00ed po internetu nebo stahov\u00e1n\u00ed n\u011b\u010deho, nap\u0159\u00edklad aplikace pro nov\u00e9 online kasino.<\/p>\n<p><strong>3. V\u017edy se ujist\u011bte, \u017ee je str\u00e1nka zabezpe\u010den\u00e1<\/strong><\/p>\n<p>P\u0159i zad\u00e1v\u00e1n\u00ed osobn\u00edch \u00fadaj\u016f, jako jsou informace o \u00fa\u010dtu, se ujist\u011bte, \u017ee je str\u00e1nka zabezpe\u010den\u00e1. To se provede kontrolou adresn\u00edho \u0159\u00e1dku v prohl\u00ed\u017ee\u010di, zda se v n\u011bm nenach\u00e1z\u00ed HTTPS, a hled\u00e1n\u00edm zav\u0159en\u00e9ho z\u00e1mku.<\/p>\n","protected":false},"excerpt":{"rendered":"<p>Vyh\u00fdbejte se \u0161patn\u00fdm str\u00e1nk\u00e1m a p\u0159ijm\u011bte ur\u010dit\u00e1 bezpe\u010dnostn\u00ed opat\u0159en\u00ed. Sv\u011bt online her se v\u00fdrazn\u011b rozrostl a a\u010dkoli je to pro hr\u00e1\u010de obecn\u011b dobr\u00e1 v\u011bc, s sebou nese i n\u011bkolik nev\u00fdhod. Online zabezpe\u010den\u00ed, kter\u00e9 kasina nab\u00edzej\u00ed, je pravd\u011bpodobn\u011b nejd\u016fle\u017eit\u011bj\u0161\u00edm prvkem p\u0159i hran\u00ed o skute\u010dn\u00e9 pen\u00edze a u\u017eivatel\u016fm mus\u00ed b\u00fdt zaru\u010deny bezchybn\u00e9 finan\u010dn\u00ed transakce. V dne\u0161n\u00edm technologicky [&hellip;]<\/p>\n","protected":false},"author":1,"featured_media":0,"parent":8273,"menu_order":36,"comment_status":"closed","ping_status":"closed","template":"","meta":{"footnotes":""},"class_list":["post-8824","page","type-page","status-publish","hentry"],"yoast_head":"<!-- This site is optimized with the Yoast SEO plugin v27.4 - https:\/\/yoast.com\/product\/yoast-seo-wordpress\/ -->\n<title>Jak mohu chr\u00e1nit sv\u016fj \u00fa\u010det v online kasinu<\/title>\n<meta name=\"description\" content=\"U\u017eite\u010dn\u00e9 tipy pro bezpe\u010dnost online hazardn\u00edch her a ujist\u011bte se, \u017ee je v\u00e1\u0161 kasinov\u00fd \u00fa\u010det v bezpe\u010d\u00ed\" \/>\n<meta name=\"robots\" content=\"index, follow, max-snippet:-1, max-image-preview:large, max-video-preview:-1\" \/>\n<link rel=\"canonical\" href=\"https:\/\/gambling6.com\/cs\/kasino\/bezpeci-vaseho-online-hazardniho-uctu\/\" \/>\n<meta property=\"og:locale\" content=\"cs_CZ\" \/>\n<meta property=\"og:type\" content=\"article\" \/>\n<meta property=\"og:title\" content=\"Jak mohu chr\u00e1nit sv\u016fj \u00fa\u010det v online kasinu\" \/>\n<meta property=\"og:description\" content=\"U\u017eite\u010dn\u00e9 tipy pro bezpe\u010dnost online hazardn\u00edch her a ujist\u011bte se, \u017ee je v\u00e1\u0161 kasinov\u00fd \u00fa\u010det v bezpe\u010d\u00ed\" \/>\n<meta property=\"og:url\" content=\"https:\/\/gambling6.com\/cs\/kasino\/bezpeci-vaseho-online-hazardniho-uctu\/\" \/>\n<meta property=\"og:site_name\" content=\"Gambling6\" \/>\n<meta property=\"article:modified_time\" content=\"2025-11-12T08:59:41+00:00\" \/>\n<meta property=\"og:image\" content=\"https:\/\/gambling6.com\/wp-content\/uploads\/2022\/04\/1_play_euromillions_online3.jpg\" \/>\n\t<meta property=\"og:image:width\" content=\"320\" \/>\n\t<meta property=\"og:image:height\" content=\"213\" \/>\n\t<meta property=\"og:image:type\" content=\"image\/jpeg\" \/>\n<meta name=\"twitter:card\" content=\"summary_large_image\" \/>\n<meta name=\"twitter:label1\" content=\"Odhadovan\u00e1 doba \u010dten\u00ed\" \/>\n\t<meta name=\"twitter:data1\" content=\"4 minuty\" \/>\n<script type=\"application\/ld+json\" class=\"yoast-schema-graph\">{\"@context\":\"https:\\\/\\\/schema.org\",\"@graph\":[{\"@type\":\"WebPage\",\"@id\":\"https:\\\/\\\/gambling6.com\\\/cs\\\/kasino\\\/bezpeci-vaseho-online-hazardniho-uctu\\\/\",\"url\":\"https:\\\/\\\/gambling6.com\\\/cs\\\/kasino\\\/bezpeci-vaseho-online-hazardniho-uctu\\\/\",\"name\":\"Jak mohu chr\u00e1nit sv\u016fj \u00fa\u010det v online kasinu\",\"isPartOf\":{\"@id\":\"https:\\\/\\\/gambling6.com\\\/cs\\\/#website\"},\"primaryImageOfPage\":{\"@id\":\"https:\\\/\\\/gambling6.com\\\/cs\\\/kasino\\\/bezpeci-vaseho-online-hazardniho-uctu\\\/#primaryimage\"},\"image\":{\"@id\":\"https:\\\/\\\/gambling6.com\\\/cs\\\/kasino\\\/bezpeci-vaseho-online-hazardniho-uctu\\\/#primaryimage\"},\"thumbnailUrl\":\"https:\\\/\\\/gambling6.com\\\/wp-content\\\/uploads\\\/2022\\\/04\\\/1_play_euromillions_online3-300x200.jpg\",\"datePublished\":\"2025-11-08T07:47:34+00:00\",\"dateModified\":\"2025-11-12T08:59:41+00:00\",\"description\":\"U\u017eite\u010dn\u00e9 tipy pro bezpe\u010dnost online hazardn\u00edch her a ujist\u011bte se, \u017ee je v\u00e1\u0161 kasinov\u00fd \u00fa\u010det v bezpe\u010d\u00ed\",\"breadcrumb\":{\"@id\":\"https:\\\/\\\/gambling6.com\\\/cs\\\/kasino\\\/bezpeci-vaseho-online-hazardniho-uctu\\\/#breadcrumb\"},\"inLanguage\":\"cs\",\"potentialAction\":[{\"@type\":\"ReadAction\",\"target\":[\"https:\\\/\\\/gambling6.com\\\/cs\\\/kasino\\\/bezpeci-vaseho-online-hazardniho-uctu\\\/\"]}]},{\"@type\":\"ImageObject\",\"inLanguage\":\"cs\",\"@id\":\"https:\\\/\\\/gambling6.com\\\/cs\\\/kasino\\\/bezpeci-vaseho-online-hazardniho-uctu\\\/#primaryimage\",\"url\":\"https:\\\/\\\/gambling6.com\\\/wp-content\\\/uploads\\\/2022\\\/04\\\/1_play_euromillions_online3-300x200.jpg\",\"contentUrl\":\"https:\\\/\\\/gambling6.com\\\/wp-content\\\/uploads\\\/2022\\\/04\\\/1_play_euromillions_online3-300x200.jpg\"},{\"@type\":\"BreadcrumbList\",\"@id\":\"https:\\\/\\\/gambling6.com\\\/cs\\\/kasino\\\/bezpeci-vaseho-online-hazardniho-uctu\\\/#breadcrumb\",\"itemListElement\":[{\"@type\":\"ListItem\",\"position\":1,\"name\":\"Home\",\"item\":\"https:\\\/\\\/gambling6.com\\\/cs\\\/home\\\/\"},{\"@type\":\"ListItem\",\"position\":2,\"name\":\"Kasino\",\"item\":\"https:\\\/\\\/gambling6.com\\\/cs\\\/get-started-with-online-gambling\\\/\"},{\"@type\":\"ListItem\",\"position\":3,\"name\":\"Bezpe\u010d\u00ed va\u0161eho online hazardn\u00edho \u00fa\u010dtu\"}]},{\"@type\":\"WebSite\",\"@id\":\"https:\\\/\\\/gambling6.com\\\/cs\\\/#website\",\"url\":\"https:\\\/\\\/gambling6.com\\\/cs\\\/\",\"name\":\"Gambling6\",\"description\":\"\",\"potentialAction\":[{\"@type\":\"SearchAction\",\"target\":{\"@type\":\"EntryPoint\",\"urlTemplate\":\"https:\\\/\\\/gambling6.com\\\/cs\\\/?s={search_term_string}\"},\"query-input\":{\"@type\":\"PropertyValueSpecification\",\"valueRequired\":true,\"valueName\":\"search_term_string\"}}],\"inLanguage\":\"cs\"}]}<\/script>\n<!-- \/ Yoast SEO plugin. -->","yoast_head_json":{"title":"Jak mohu chr\u00e1nit sv\u016fj \u00fa\u010det v online kasinu","description":"U\u017eite\u010dn\u00e9 tipy pro bezpe\u010dnost online hazardn\u00edch her a ujist\u011bte se, \u017ee je v\u00e1\u0161 kasinov\u00fd \u00fa\u010det v bezpe\u010d\u00ed","robots":{"index":"index","follow":"follow","max-snippet":"max-snippet:-1","max-image-preview":"max-image-preview:large","max-video-preview":"max-video-preview:-1"},"canonical":"https:\/\/gambling6.com\/cs\/kasino\/bezpeci-vaseho-online-hazardniho-uctu\/","og_locale":"cs_CZ","og_type":"article","og_title":"Jak mohu chr\u00e1nit sv\u016fj \u00fa\u010det v online kasinu","og_description":"U\u017eite\u010dn\u00e9 tipy pro bezpe\u010dnost online hazardn\u00edch her a ujist\u011bte se, \u017ee je v\u00e1\u0161 kasinov\u00fd \u00fa\u010det v bezpe\u010d\u00ed","og_url":"https:\/\/gambling6.com\/cs\/kasino\/bezpeci-vaseho-online-hazardniho-uctu\/","og_site_name":"Gambling6","article_modified_time":"2025-11-12T08:59:41+00:00","og_image":[{"width":320,"height":213,"url":"https:\/\/gambling6.com\/wp-content\/uploads\/2022\/04\/1_play_euromillions_online3.jpg","type":"image\/jpeg"}],"twitter_card":"summary_large_image","twitter_misc":{"Odhadovan\u00e1 doba \u010dten\u00ed":"4 minuty"},"schema":{"@context":"https:\/\/schema.org","@graph":[{"@type":"WebPage","@id":"https:\/\/gambling6.com\/cs\/kasino\/bezpeci-vaseho-online-hazardniho-uctu\/","url":"https:\/\/gambling6.com\/cs\/kasino\/bezpeci-vaseho-online-hazardniho-uctu\/","name":"Jak mohu chr\u00e1nit sv\u016fj \u00fa\u010det v online kasinu","isPartOf":{"@id":"https:\/\/gambling6.com\/cs\/#website"},"primaryImageOfPage":{"@id":"https:\/\/gambling6.com\/cs\/kasino\/bezpeci-vaseho-online-hazardniho-uctu\/#primaryimage"},"image":{"@id":"https:\/\/gambling6.com\/cs\/kasino\/bezpeci-vaseho-online-hazardniho-uctu\/#primaryimage"},"thumbnailUrl":"https:\/\/gambling6.com\/wp-content\/uploads\/2022\/04\/1_play_euromillions_online3-300x200.jpg","datePublished":"2025-11-08T07:47:34+00:00","dateModified":"2025-11-12T08:59:41+00:00","description":"U\u017eite\u010dn\u00e9 tipy pro bezpe\u010dnost online hazardn\u00edch her a ujist\u011bte se, \u017ee je v\u00e1\u0161 kasinov\u00fd \u00fa\u010det v bezpe\u010d\u00ed","breadcrumb":{"@id":"https:\/\/gambling6.com\/cs\/kasino\/bezpeci-vaseho-online-hazardniho-uctu\/#breadcrumb"},"inLanguage":"cs","potentialAction":[{"@type":"ReadAction","target":["https:\/\/gambling6.com\/cs\/kasino\/bezpeci-vaseho-online-hazardniho-uctu\/"]}]},{"@type":"ImageObject","inLanguage":"cs","@id":"https:\/\/gambling6.com\/cs\/kasino\/bezpeci-vaseho-online-hazardniho-uctu\/#primaryimage","url":"https:\/\/gambling6.com\/wp-content\/uploads\/2022\/04\/1_play_euromillions_online3-300x200.jpg","contentUrl":"https:\/\/gambling6.com\/wp-content\/uploads\/2022\/04\/1_play_euromillions_online3-300x200.jpg"},{"@type":"BreadcrumbList","@id":"https:\/\/gambling6.com\/cs\/kasino\/bezpeci-vaseho-online-hazardniho-uctu\/#breadcrumb","itemListElement":[{"@type":"ListItem","position":1,"name":"Home","item":"https:\/\/gambling6.com\/cs\/home\/"},{"@type":"ListItem","position":2,"name":"Kasino","item":"https:\/\/gambling6.com\/cs\/get-started-with-online-gambling\/"},{"@type":"ListItem","position":3,"name":"Bezpe\u010d\u00ed va\u0161eho online hazardn\u00edho \u00fa\u010dtu"}]},{"@type":"WebSite","@id":"https:\/\/gambling6.com\/cs\/#website","url":"https:\/\/gambling6.com\/cs\/","name":"Gambling6","description":"","potentialAction":[{"@type":"SearchAction","target":{"@type":"EntryPoint","urlTemplate":"https:\/\/gambling6.com\/cs\/?s={search_term_string}"},"query-input":{"@type":"PropertyValueSpecification","valueRequired":true,"valueName":"search_term_string"}}],"inLanguage":"cs"}]}},"_links":{"self":[{"href":"https:\/\/gambling6.com\/cs\/wp-json\/wp\/v2\/pages\/8824","targetHints":{"allow":["GET"]}}],"collection":[{"href":"https:\/\/gambling6.com\/cs\/wp-json\/wp\/v2\/pages"}],"about":[{"href":"https:\/\/gambling6.com\/cs\/wp-json\/wp\/v2\/types\/page"}],"author":[{"embeddable":true,"href":"https:\/\/gambling6.com\/cs\/wp-json\/wp\/v2\/users\/1"}],"replies":[{"embeddable":true,"href":"https:\/\/gambling6.com\/cs\/wp-json\/wp\/v2\/comments?post=8824"}],"version-history":[{"count":1,"href":"https:\/\/gambling6.com\/cs\/wp-json\/wp\/v2\/pages\/8824\/revisions"}],"predecessor-version":[{"id":10435,"href":"https:\/\/gambling6.com\/cs\/wp-json\/wp\/v2\/pages\/8824\/revisions\/10435"}],"up":[{"embeddable":true,"href":"https:\/\/gambling6.com\/cs\/wp-json\/wp\/v2\/pages\/8273"}],"wp:attachment":[{"href":"https:\/\/gambling6.com\/cs\/wp-json\/wp\/v2\/media?parent=8824"}],"curies":[{"name":"wp","href":"https:\/\/api.w.org\/{rel}","templated":true}]}}