{"id":8869,"date":"2025-11-08T09:09:56","date_gmt":"2025-11-08T09:09:56","guid":{"rendered":"https:\/\/gambling6.com\/kasino\/puvod-blackjacku\/"},"modified":"2025-11-08T09:09:56","modified_gmt":"2025-11-08T09:09:56","slug":"puvod-blackjacku","status":"publish","type":"page","link":"https:\/\/gambling6.com\/cs\/kasino\/puvod-blackjacku\/","title":{"rendered":"P\u016fvod Blackjacku"},"content":{"rendered":"<h2>Kdy se Blackjack poprv\u00e9 hr\u00e1l<\/h2>\n<p><a href=\"http:\/\/gambling6.com\/wp-content\/uploads\/2013\/12\/history-of-balck-jack.jpg\"><img loading=\"lazy\" decoding=\"async\" class=\"aligncenter size-full wp-image-547 alignright size-full wp-image-183\" style=\"margin: 5px; float: right;\" src=\"http:\/\/gambling6.com\/wp-content\/uploads\/2013\/12\/history-of-balck-jack.jpg\" alt=\"history blackjacku\" width=\"243\" height=\"207\" \/><\/a>Historici hazardn\u00edch her si nejsou jisti histori\u00ed a p\u016fvodem hry, kterou zn\u00e1me jako Black Jack. I dnes je jej\u00ed historie \u017ehav\u00fdm t\u00e9matem debat mnoha badatel\u016f. Z historie karetn\u00edch her lze zjistit, \u017ee hrac\u00ed karty se p\u016fvodn\u011b pou\u017e\u00edvaly v \u010c\u00edn\u011b, Indii a Egypt\u011b ji\u017e v roce 900 n. l. \u0158\u00edk\u00e1 se, \u017ee prvn\u00ed karetn\u00ed hry vznikly v \u010c\u00edn\u011b.<\/p>\n<p>St\u00e1le se v\u0161ak \u0159\u00edk\u00e1, \u017ee to byli Francouzi, kdo skute\u010dn\u011b vynalezl hru Blackjack. Francouzi m\u011bli karetn\u00ed hry zn\u00e1m\u00e9 jako \u201echemin de fer\u201c a \u201eFrench Ferme\u201c. P\u0159edpokl\u00e1d\u00e1 se, \u017ee Blackjack je ve skute\u010dnosti odno\u017e\u00ed t\u011bchto dvou francouzsk\u00fdch her.<\/p>\n<p>N\u011bkdy v roce 1700 n. l. byla ve francouzsk\u00fdch kasinech t\u00e9 doby zavedena hra zn\u00e1m\u00e1 jako \u201evingt-et-un\u201c, co\u017e znamen\u00e1 dvacet jedna. V 19. stolet\u00ed se stejn\u00e1 hra p\u0159enesla do Spojen\u00fdch st\u00e1t\u016f.<\/p>\n<p>A\u010dkoli se \u201evingt-et-un\u201c zd\u00e1 b\u00fdt docela podobn\u00fd Blackjacku, v n\u011bkter\u00fdch aspektech se p\u0159esto li\u0161\u00ed. V t\u00e9to h\u0159e je c\u00edlem dos\u00e1hnout \u201enaturalu\u201c s kartami, jejich\u017e sou\u010det je dvacet jedna. Karty se nav\u00edc rozd\u00e1valy v kolech a s\u00e1zky se pod\u00e1valy pro ka\u017ed\u00e9 kolo. Pouze krupi\u00e9r m\u011bl tak\u00e9 pr\u00e1vo \u201ezdvojn\u00e1sobit\u201c a v p\u0159\u00edpad\u011b, \u017ee by dostal natural, byli by v\u0161ichni ostatn\u00ed hr\u00e1\u010di povinni mu zaplatit trojn\u00e1sobek.<\/p>\n<p>Dal\u0161\u00edm argumentem p\u0159\u00edslu\u0161n\u00fdch badatel\u016f je, \u017ee italsk\u00e1 hra zn\u00e1m\u00e1 jako \u201eSedm a p\u016fl\u201c mohla tak\u00e9 p\u0159isp\u011bt k sou\u010dasn\u00e9mu Blackjacku. Hra se hr\u00e1la s kartami s \u010d\u00edsly 8, 9 a 10, spolu s kartami s \u010d\u00edsly. Karty s \u010d\u00edsly se po\u010d\u00edtaly jako \u201epolovina\u201c. Krom\u011b toho byl Kr\u00e1l k\u00e1rov\u00fd pova\u017eov\u00e1n za divokou kartu. P\u0159edpokl\u00e1d\u00e1 se, \u017ee to byla prvn\u00ed hra, ve kter\u00e9 byl zaveden koncept \u201ekrachu\u201c. To znamen\u00e1, \u017ee pokud byl sou\u010det karet hr\u00e1\u010de v\u011bt\u0161\u00ed ne\u017e sedm a p\u016fl, propadl nebo vypadl ze hry.<\/p>\n<p>I slavn\u00e1 \u0161pan\u011blsk\u00e1 hra \u201eJedna a t\u0159icet\u201c byla podobn\u00e1 Black Jacku. Ale v tomto p\u0159\u00edpad\u011b byl sou\u010det t\u0159icet jedna m\u00edsto dvaceti jedna a tak\u00e9 se hr\u00e1lo se t\u0159emi kartami m\u00edsto dvou jako v Black Jacku.<\/p>\n<p>Zpo\u010d\u00e1tku, kdy\u017e Blackjack vstoupil do americk\u00fdch kasin n\u011bkdy v roce 1910, nebyl p\u0159\u00edli\u0161 popul\u00e1rn\u00ed. Herny zav\u00e1d\u011bly r\u016fzn\u00e9 pob\u00eddky a bonusy, aby nal\u00e1kaly lidi ke h\u0159e. Bonusov\u00e1 v\u00fdplata, kterou kasino zpo\u010d\u00e1tku nab\u00edzelo, byla 10:1. N\u011bkter\u00e9 kasina p\u0159idaly l\u00e1kadlo nov\u00e9 hry a rozpoznaly jak kluka k\u0159\u00ed\u017eov\u00e9ho, tak i pikov\u00e9ho, co\u017e p\u0159edstavuje v\u00fdplatu deset ku jedn\u00e9.<\/p>\n<p>Dal\u0161\u00ed zvl\u00e1\u0161tnost\u00ed je, jak se v t\u00e9to h\u0159e pou\u017e\u00edv\u00e1 n\u00e1zev \u201eBlackjack\u201c. \u0158\u00edk\u00e1 se, \u017ee hra se jmenovala Blackjack, proto\u017ee pro z\u00edsk\u00e1n\u00ed bonusov\u00e9 v\u00fdplaty musel hr\u00e1\u010d m\u00edt jako prvn\u00ed dv\u011b karty bu\u010f kluka pikov\u00e9ho, nebo pikov\u00e9 eso.<\/p>\n<p>A\u010dkoli nyn\u00ed ji\u017e k v\u00fdhern\u00ed kombinaci nen\u00ed vy\u017eadov\u00e1n kluk a jak\u00e1koli karta s hodnotou deset a esem se kvalifikuje jako v\u00fdhern\u00ed kombinace, n\u00e1zev Black Jack jej nese.<\/p>\n","protected":false},"excerpt":{"rendered":"<p>Kdy se Blackjack poprv\u00e9 hr\u00e1l Historici hazardn\u00edch her si nejsou jisti histori\u00ed a p\u016fvodem hry, kterou zn\u00e1me jako Black Jack. I dnes je jej\u00ed historie \u017ehav\u00fdm t\u00e9matem debat mnoha badatel\u016f. Z historie karetn\u00edch her lze zjistit, \u017ee hrac\u00ed karty se p\u016fvodn\u011b pou\u017e\u00edvaly v \u010c\u00edn\u011b, Indii a Egypt\u011b ji\u017e v roce 900 n. l. \u0158\u00edk\u00e1 se, [&hellip;]<\/p>\n","protected":false},"author":1,"featured_media":8870,"parent":8273,"menu_order":56,"comment_status":"closed","ping_status":"closed","template":"","meta":{"footnotes":""},"class_list":["post-8869","page","type-page","status-publish","has-post-thumbnail","hentry"],"yoast_head":"<!-- This site is optimized with the Yoast SEO plugin v27.4 - https:\/\/yoast.com\/product\/yoast-seo-wordpress\/ -->\n<title>P\u016fvod karetn\u00ed hry Blackjack<\/title>\n<meta name=\"description\" content=\"P\u0159e\u010dt\u011bte si o historii Black Jacku, od popul\u00e1rn\u00ed streetov\u00e9 hry p\u0159es kasinovou z\u00e1bavu a\u017e po online kasina.\" \/>\n<meta name=\"robots\" content=\"index, follow, max-snippet:-1, max-image-preview:large, max-video-preview:-1\" \/>\n<link rel=\"canonical\" href=\"https:\/\/gambling6.com\/cs\/kasino\/puvod-blackjacku\/\" \/>\n<meta property=\"og:locale\" content=\"cs_CZ\" \/>\n<meta property=\"og:type\" content=\"article\" \/>\n<meta property=\"og:title\" content=\"P\u016fvod karetn\u00ed hry Blackjack\" \/>\n<meta property=\"og:description\" content=\"P\u0159e\u010dt\u011bte si o historii Black Jacku, od popul\u00e1rn\u00ed streetov\u00e9 hry p\u0159es kasinovou z\u00e1bavu a\u017e po online kasina.\" \/>\n<meta property=\"og:url\" content=\"https:\/\/gambling6.com\/cs\/kasino\/puvod-blackjacku\/\" \/>\n<meta property=\"og:site_name\" content=\"Gambling6\" \/>\n<meta property=\"og:image\" content=\"https:\/\/gambling6.com\/wp-content\/uploads\/2013\/12\/history-of-balck-jack.jpg\" \/>\n\t<meta property=\"og:image:width\" content=\"243\" \/>\n\t<meta property=\"og:image:height\" content=\"207\" \/>\n\t<meta property=\"og:image:type\" content=\"image\/jpeg\" \/>\n<meta name=\"twitter:card\" content=\"summary_large_image\" \/>\n<meta name=\"twitter:label1\" content=\"Odhadovan\u00e1 doba \u010dten\u00ed\" \/>\n\t<meta name=\"twitter:data1\" content=\"3 minuty\" \/>\n<script type=\"application\/ld+json\" class=\"yoast-schema-graph\">{\"@context\":\"https:\\\/\\\/schema.org\",\"@graph\":[{\"@type\":\"WebPage\",\"@id\":\"https:\\\/\\\/gambling6.com\\\/cs\\\/kasino\\\/puvod-blackjacku\\\/\",\"url\":\"https:\\\/\\\/gambling6.com\\\/cs\\\/kasino\\\/puvod-blackjacku\\\/\",\"name\":\"P\u016fvod karetn\u00ed hry Blackjack\",\"isPartOf\":{\"@id\":\"https:\\\/\\\/gambling6.com\\\/cs\\\/#website\"},\"primaryImageOfPage\":{\"@id\":\"https:\\\/\\\/gambling6.com\\\/cs\\\/kasino\\\/puvod-blackjacku\\\/#primaryimage\"},\"image\":{\"@id\":\"https:\\\/\\\/gambling6.com\\\/cs\\\/kasino\\\/puvod-blackjacku\\\/#primaryimage\"},\"thumbnailUrl\":\"https:\\\/\\\/gambling6.com\\\/wp-content\\\/uploads\\\/2013\\\/12\\\/history-of-balck-jack.jpg\",\"datePublished\":\"2025-11-08T09:09:56+00:00\",\"description\":\"P\u0159e\u010dt\u011bte si o historii Black Jacku, od popul\u00e1rn\u00ed streetov\u00e9 hry p\u0159es kasinovou z\u00e1bavu a\u017e po online kasina.\",\"breadcrumb\":{\"@id\":\"https:\\\/\\\/gambling6.com\\\/cs\\\/kasino\\\/puvod-blackjacku\\\/#breadcrumb\"},\"inLanguage\":\"cs\",\"potentialAction\":[{\"@type\":\"ReadAction\",\"target\":[\"https:\\\/\\\/gambling6.com\\\/cs\\\/kasino\\\/puvod-blackjacku\\\/\"]}]},{\"@type\":\"ImageObject\",\"inLanguage\":\"cs\",\"@id\":\"https:\\\/\\\/gambling6.com\\\/cs\\\/kasino\\\/puvod-blackjacku\\\/#primaryimage\",\"url\":\"https:\\\/\\\/gambling6.com\\\/wp-content\\\/uploads\\\/2013\\\/12\\\/history-of-balck-jack.jpg\",\"contentUrl\":\"https:\\\/\\\/gambling6.com\\\/wp-content\\\/uploads\\\/2013\\\/12\\\/history-of-balck-jack.jpg\",\"width\":243,\"height\":207,\"caption\":\"best casino blackjack\"},{\"@type\":\"BreadcrumbList\",\"@id\":\"https:\\\/\\\/gambling6.com\\\/cs\\\/kasino\\\/puvod-blackjacku\\\/#breadcrumb\",\"itemListElement\":[{\"@type\":\"ListItem\",\"position\":1,\"name\":\"Home\",\"item\":\"https:\\\/\\\/gambling6.com\\\/cs\\\/home\\\/\"},{\"@type\":\"ListItem\",\"position\":2,\"name\":\"Kasino\",\"item\":\"https:\\\/\\\/gambling6.com\\\/cs\\\/get-started-with-online-gambling\\\/\"},{\"@type\":\"ListItem\",\"position\":3,\"name\":\"P\u016fvod Blackjacku\"}]},{\"@type\":\"WebSite\",\"@id\":\"https:\\\/\\\/gambling6.com\\\/cs\\\/#website\",\"url\":\"https:\\\/\\\/gambling6.com\\\/cs\\\/\",\"name\":\"Gambling6\",\"description\":\"\",\"potentialAction\":[{\"@type\":\"SearchAction\",\"target\":{\"@type\":\"EntryPoint\",\"urlTemplate\":\"https:\\\/\\\/gambling6.com\\\/cs\\\/?s={search_term_string}\"},\"query-input\":{\"@type\":\"PropertyValueSpecification\",\"valueRequired\":true,\"valueName\":\"search_term_string\"}}],\"inLanguage\":\"cs\"}]}<\/script>\n<!-- \/ Yoast SEO plugin. -->","yoast_head_json":{"title":"P\u016fvod karetn\u00ed hry Blackjack","description":"P\u0159e\u010dt\u011bte si o historii Black Jacku, od popul\u00e1rn\u00ed streetov\u00e9 hry p\u0159es kasinovou z\u00e1bavu a\u017e po online kasina.","robots":{"index":"index","follow":"follow","max-snippet":"max-snippet:-1","max-image-preview":"max-image-preview:large","max-video-preview":"max-video-preview:-1"},"canonical":"https:\/\/gambling6.com\/cs\/kasino\/puvod-blackjacku\/","og_locale":"cs_CZ","og_type":"article","og_title":"P\u016fvod karetn\u00ed hry Blackjack","og_description":"P\u0159e\u010dt\u011bte si o historii Black Jacku, od popul\u00e1rn\u00ed streetov\u00e9 hry p\u0159es kasinovou z\u00e1bavu a\u017e po online kasina.","og_url":"https:\/\/gambling6.com\/cs\/kasino\/puvod-blackjacku\/","og_site_name":"Gambling6","og_image":[{"width":243,"height":207,"url":"https:\/\/gambling6.com\/wp-content\/uploads\/2013\/12\/history-of-balck-jack.jpg","type":"image\/jpeg"}],"twitter_card":"summary_large_image","twitter_misc":{"Odhadovan\u00e1 doba \u010dten\u00ed":"3 minuty"},"schema":{"@context":"https:\/\/schema.org","@graph":[{"@type":"WebPage","@id":"https:\/\/gambling6.com\/cs\/kasino\/puvod-blackjacku\/","url":"https:\/\/gambling6.com\/cs\/kasino\/puvod-blackjacku\/","name":"P\u016fvod karetn\u00ed hry Blackjack","isPartOf":{"@id":"https:\/\/gambling6.com\/cs\/#website"},"primaryImageOfPage":{"@id":"https:\/\/gambling6.com\/cs\/kasino\/puvod-blackjacku\/#primaryimage"},"image":{"@id":"https:\/\/gambling6.com\/cs\/kasino\/puvod-blackjacku\/#primaryimage"},"thumbnailUrl":"https:\/\/gambling6.com\/wp-content\/uploads\/2013\/12\/history-of-balck-jack.jpg","datePublished":"2025-11-08T09:09:56+00:00","description":"P\u0159e\u010dt\u011bte si o historii Black Jacku, od popul\u00e1rn\u00ed streetov\u00e9 hry p\u0159es kasinovou z\u00e1bavu a\u017e po online kasina.","breadcrumb":{"@id":"https:\/\/gambling6.com\/cs\/kasino\/puvod-blackjacku\/#breadcrumb"},"inLanguage":"cs","potentialAction":[{"@type":"ReadAction","target":["https:\/\/gambling6.com\/cs\/kasino\/puvod-blackjacku\/"]}]},{"@type":"ImageObject","inLanguage":"cs","@id":"https:\/\/gambling6.com\/cs\/kasino\/puvod-blackjacku\/#primaryimage","url":"https:\/\/gambling6.com\/wp-content\/uploads\/2013\/12\/history-of-balck-jack.jpg","contentUrl":"https:\/\/gambling6.com\/wp-content\/uploads\/2013\/12\/history-of-balck-jack.jpg","width":243,"height":207,"caption":"best casino blackjack"},{"@type":"BreadcrumbList","@id":"https:\/\/gambling6.com\/cs\/kasino\/puvod-blackjacku\/#breadcrumb","itemListElement":[{"@type":"ListItem","position":1,"name":"Home","item":"https:\/\/gambling6.com\/cs\/home\/"},{"@type":"ListItem","position":2,"name":"Kasino","item":"https:\/\/gambling6.com\/cs\/get-started-with-online-gambling\/"},{"@type":"ListItem","position":3,"name":"P\u016fvod Blackjacku"}]},{"@type":"WebSite","@id":"https:\/\/gambling6.com\/cs\/#website","url":"https:\/\/gambling6.com\/cs\/","name":"Gambling6","description":"","potentialAction":[{"@type":"SearchAction","target":{"@type":"EntryPoint","urlTemplate":"https:\/\/gambling6.com\/cs\/?s={search_term_string}"},"query-input":{"@type":"PropertyValueSpecification","valueRequired":true,"valueName":"search_term_string"}}],"inLanguage":"cs"}]}},"_links":{"self":[{"href":"https:\/\/gambling6.com\/cs\/wp-json\/wp\/v2\/pages\/8869","targetHints":{"allow":["GET"]}}],"collection":[{"href":"https:\/\/gambling6.com\/cs\/wp-json\/wp\/v2\/pages"}],"about":[{"href":"https:\/\/gambling6.com\/cs\/wp-json\/wp\/v2\/types\/page"}],"author":[{"embeddable":true,"href":"https:\/\/gambling6.com\/cs\/wp-json\/wp\/v2\/users\/1"}],"replies":[{"embeddable":true,"href":"https:\/\/gambling6.com\/cs\/wp-json\/wp\/v2\/comments?post=8869"}],"version-history":[{"count":0,"href":"https:\/\/gambling6.com\/cs\/wp-json\/wp\/v2\/pages\/8869\/revisions"}],"up":[{"embeddable":true,"href":"https:\/\/gambling6.com\/cs\/wp-json\/wp\/v2\/pages\/8273"}],"wp:featuredmedia":[{"embeddable":true,"href":"https:\/\/gambling6.com\/cs\/wp-json\/wp\/v2\/media\/8870"}],"wp:attachment":[{"href":"https:\/\/gambling6.com\/cs\/wp-json\/wp\/v2\/media?parent=8869"}],"curies":[{"name":"wp","href":"https:\/\/api.w.org\/{rel}","templated":true}]}}