{"id":8912,"date":"2025-11-08T09:59:10","date_gmt":"2025-11-08T09:59:10","guid":{"rendered":"https:\/\/gambling6.com\/kasino\/vse-co-potrebujete-vedet-o-online-automatech\/"},"modified":"2025-11-12T16:57:51","modified_gmt":"2025-11-12T16:57:51","slug":"vse-co-potrebujete-vedet-o-online-automatech","status":"publish","type":"page","link":"https:\/\/gambling6.com\/cs\/kasino\/vse-co-potrebujete-vedet-o-online-automatech\/","title":{"rendered":"V\u0161e, co pot\u0159ebujete v\u011bd\u011bt o online automatech"},"content":{"rendered":"<h2>Hran\u00ed automat\u016f \u2013 nejobl\u00edben\u011bj\u0161\u00ed online kasinov\u00e1 hra<\/h2>\n<p>Online automaty jsou nejobl\u00edben\u011bj\u0161\u00ed volbou mezi hr\u00e1\u010di kasin a existuje pro to mnoho d\u016fvod\u016f. I kdy\u017e hry na prvn\u00ed pohled vypadaj\u00ed jednodu\u0161e, ve skute\u010dnosti existuje n\u011bkolik v\u011bc\u00ed, kter\u00e9 byste o nich m\u011bli v\u011bd\u011bt, a kter\u00e9 v\u00e1m mohou pomoci zlep\u0161it va\u0161e v\u00fdsledky a vytvo\u0159it lep\u0161\u00ed online hern\u00ed z\u00e1\u017eitek. Informace o r\u016fzn\u00fdch prvc\u00edch t\u00fdkaj\u00edc\u00edch se automat\u016f o skute\u010dn\u00e9 pen\u00edze naleznete na na\u0161ich webov\u00fdch str\u00e1nk\u00e1ch v\u011bnovan\u00fdch v\u00fduce hr\u00e1\u010d\u016f, jak hra funguje a jak\u00e9 strategie mohou pou\u017e\u00edvat.<\/p>\n<h2>P\u0159edstavujeme online automaty<\/h2>\n<p><img loading=\"lazy\" decoding=\"async\" class=\" alignright size-full wp-image-370\" style=\"margin: 5px; float: right;\" src=\"http:\/\/gambling6.com\/wp-content\/uploads\/2013\/12\/Slots-150x150.jpg\" alt=\"v\u00fdhern\u00ed-150x150\" width=\"150\" height=\"150\" \/>V\u00fdhern\u00ed automaty jsou v kamenn\u00fdch kasinech velmi obl\u00edben\u00e9 a obvykle zapl\u0148uj\u00ed velk\u00e9 m\u00edstnosti, aby uspokojily vysokou popt\u00e1vku. Ve skute\u010dnosti je velmi pravd\u011bpodobn\u00e9, \u017ee b\u011bhem dopravn\u00ed \u0161pi\u010dky v popul\u00e1rn\u00edch kasinech nenajdete v\u00fdhern\u00ed automat. Koncept hry je p\u0159\u00edmo\u010dar\u00fd: na 3 nebo 5 ot\u00e1\u010dej\u00edc\u00edch se v\u00e1lc\u00edch je n\u011bkolik symbol\u016f. Hr\u00e1\u010d mus\u00ed vsadit a vybrat si po\u010det lini\u00ed, kter\u00e9 chce hr\u00e1t.<\/p>\n<p>Pot\u00e9 m\u016f\u017ee rozto\u010dit v\u00e1lce a pokud se symboly na ka\u017ed\u00e9 vybran\u00e9 linii zastav\u00ed v ur\u010dit\u00e9 kombinaci, hra ud\u011bl\u00ed cenu na z\u00e1klad\u011b kurzu a v\u00fd\u0161e s\u00e1zky. Pr\u00e1v\u011b tato jednoduchost hry ji v kombinaci s potenci\u00e1lem vyhr\u00e1t obrovsk\u00e9 ceny u\u010dinila tak popul\u00e1rn\u00ed. Vzhledem k tomu, \u017ee online kasina v pr\u016fb\u011bhu let z\u00edsk\u00e1vaj\u00ed na popularit\u011b, si hrac\u00ed automaty udr\u017euj\u00ed svou popularitu, proto\u017ee hr\u00e1\u010di se p\u0159esunuli na internet, aby si sn\u00e1ze usnadnili p\u0159\u00edstup ke sv\u00fdm obl\u00edben\u00fdm hr\u00e1m.<\/p>\n<p>Plat\u00ed stejn\u00e1 pravidla, ale online automaty nyn\u00ed pou\u017e\u00edvaj\u00ed gener\u00e1tory n\u00e1hodn\u00fdch \u010d\u00edsel k ur\u010den\u00ed, kter\u00e9 symboly se zobraz\u00ed po zastaven\u00ed ot\u00e1\u010den\u00ed v\u00e1lc\u016f. Kurzy na v\u00fdhru na automatech z\u016fst\u00e1vaj\u00ed teoreticky stejn\u00e9, ale v\u011bt\u0161ina hr\u00e1\u010d\u016f tvrd\u00ed, \u017ee online automaty jsou mnohem ziskov\u011bj\u0161\u00ed, proto\u017ee nejsou nijak upravov\u00e1ny v z\u00e1vislosti na jejich um\u00edst\u011bn\u00ed v kasinu.<\/p>\n<h2>Nov\u00e9 online mo\u017enosti<\/h2>\n<p>Online automaty se v posledn\u00edch n\u011bkolika letech skute\u010dn\u011b rozjely a internet dal v\u00fdvoj\u00e1\u0159\u016fm softwaru \u0161anci posunout hru na dal\u0161\u00ed \u00farove\u0148. Hr\u00e1\u010di si nyn\u00ed mohou vybrat z velk\u00e9ho po\u010dtu v\u00fdhern\u00edch lini\u00ed. Ka\u017ed\u00e1 dal\u0161\u00ed linie m\u00e1 stejnou \u0161anci na v\u00fdhern\u00ed kombinaci, tak\u017ee hr\u00e1\u010d m\u00e1 mo\u017enost zaplatit v\u00edce a hr\u00e1t v\u00edce lini\u00ed v jednom kole. Internet tak\u00e9 poskytl nejlep\u0161\u00ed zp\u016fsob, jak roz\u0161\u00ed\u0159it online automaty na z\u00e1klad\u011b jejich t\u00e9matu a stylu. Nov\u00e9 tituly jsou vyd\u00e1v\u00e1ny pom\u011brn\u011b \u010dasto a mohou pokr\u00fdvat r\u016fzn\u00e1 t\u00e9mata, p\u0159i\u010dem\u017e mo\u017enosti jsou skute\u010dn\u011b omezeny pouze fantazi\u00ed. Online automaty inspiruj\u00ed popul\u00e1rn\u00ed filmy, jako je Temn\u00fd ryt\u00ed\u0159 a Gladi\u00e1tor.<\/p>\n<p>Mezi nejlep\u0161\u00ed kasina s kasinov\u00fdmi hrami s atraktivn\u00edmi t\u00e9maty a poutav\u00fdm designem pat\u0159\u00ed bezpochyby 888 Casino. <a class=\"thirstylink\" title=\"888 casino en\" href=\"https:\/\/gambling6.com\/go\/888-casino-en\/\" target=\"_blank\" rel=\"nofollow noopener\">Pokud si je chcete vyzkou\u0161et, klikn\u011bte na tento odkaz \u2013 nebudete zklam\u00e1ni.<\/a><\/p>\n<h2>Progresivn\u00ed automaty<\/h2>\n<p>Progresivn\u00ed automaty lze nal\u00e9zt i v kamenn\u00fdch kasinech, ale online jsou velmi popul\u00e1rn\u00ed. My\u0161lenka spo\u010d\u00edv\u00e1 v tom, \u017ee kasino propojuje n\u011bkolik v\u00fdhern\u00edch automat\u016f, tak\u017ee ka\u017ed\u00e1 s\u00e1zka z nich m\u016f\u017ee p\u0159isp\u011bt k jednomu standardn\u00edmu jackpotu, kter\u00fd lze kdykoli vyhr\u00e1t. Pokud jde o online kasina, propojen\u00ed t\u011bchto her je mnohem jednodu\u0161\u0161\u00ed a umo\u017e\u0148uje v\u00edce u\u017eivatel\u016fm hr\u00e1t stejnou hru. V\u00fdsledkem jsou velmi popul\u00e1rn\u00ed progresivn\u00ed automaty, kter\u00e9 mohou ka\u017ed\u00e9 dva m\u011bs\u00edce vypl\u00e1cet miliony dolar\u016f.<\/p>\n<p>Jackpot roste s ka\u017edou dal\u0161\u00ed s\u00e1zkou hr\u00e1\u010d\u016f, dokud n\u011bkdo netref\u00ed v\u00fdhern\u00ed kombinaci a nevezme si celou \u010d\u00e1stku. Nap\u0159\u00edklad v online automatech s pokerovou tematikou se jackpot vyhraje trefen\u00edm Royal Flush. Samoz\u0159ejm\u011b se ud\u011bluj\u00ed i \u200b\u200bmen\u0161\u00ed ceny za jin\u00e9 kombinace, kter\u00e9 se objevuj\u00ed \u010dast\u011bji, tak\u017ee hr\u00e1\u010di nes\u00e1zej\u00ed jen o jackpot. Obl\u00edben\u00e9 progresivn\u00ed automaty lze nal\u00e9zt v n\u011bkolika online kasinech sou\u010dasn\u011b, pokud pou\u017e\u00edvaj\u00ed stejn\u00e9ho poskytovatele softwaru.<\/p>\n<h2>Strategie pro online automaty<\/h2>\n<p>I kdy\u017e jsou automaty \u010dist\u011b hrou o \u0161t\u011bst\u00ed, n\u011bkolik u\u017eite\u010dn\u00fdch tip\u016f v\u00e1m m\u016f\u017ee pomoci zv\u00fd\u0161it va\u0161e zisky. Nejd\u016fle\u017eit\u011bj\u0161\u00ed je v\u011bd\u011bt, \u017ee jedno zato\u010den\u00ed nez\u00e1vis\u00ed na p\u0159edchoz\u00edm; ka\u017ed\u00e9 zato\u010den\u00ed m\u00e1 stejnou \u0161anci. Mnoho hr\u00e1\u010d\u016f v\u011b\u0159\u00ed, \u017ee pokud hraj\u00ed dostate\u010dn\u011b dlouho, nakonec vyhraj\u00ed velkou cenu. Nejlep\u0161\u00ed zp\u016fsob, jak vyhr\u00e1t v online automatech, je spr\u00e1vn\u011b spravovat sv\u016fj bankroll a vyh\u00fdbat se zbyte\u010dn\u00fdm rizik\u016fm hned na za\u010d\u00e1tku. To znamen\u00e1, \u017ee byste m\u011bli hr\u00e1t m\u00e9n\u011b lini\u00ed a vyh\u00fdbat se hr\u00e1m, kter\u00e9 nab\u00edzej\u00ed funkci \u201edvojn\u00e1sobek nebo nic\u201c. Abyste se l\u00e9pe nau\u010dili, jak hra funguje, m\u016f\u017eete si nejprve zahr\u00e1t o virtu\u00e1ln\u00ed pen\u00edze.<\/p>\n","protected":false},"excerpt":{"rendered":"<p>Hran\u00ed automat\u016f \u2013 nejobl\u00edben\u011bj\u0161\u00ed online kasinov\u00e1 hra Online automaty jsou nejobl\u00edben\u011bj\u0161\u00ed volbou mezi hr\u00e1\u010di kasin a existuje pro to mnoho d\u016fvod\u016f. I kdy\u017e hry na prvn\u00ed pohled vypadaj\u00ed jednodu\u0161e, ve skute\u010dnosti existuje n\u011bkolik v\u011bc\u00ed, kter\u00e9 byste o nich m\u011bli v\u011bd\u011bt, a kter\u00e9 v\u00e1m mohou pomoci zlep\u0161it va\u0161e v\u00fdsledky a vytvo\u0159it lep\u0161\u00ed online hern\u00ed z\u00e1\u017eitek. Informace [&hellip;]<\/p>\n","protected":false},"author":1,"featured_media":8913,"parent":8273,"menu_order":42,"comment_status":"closed","ping_status":"closed","template":"","meta":{"footnotes":""},"class_list":["post-8912","page","type-page","status-publish","has-post-thumbnail","hentry"],"yoast_head":"<!-- This site is optimized with the Yoast SEO plugin v27.4 - https:\/\/yoast.com\/product\/yoast-seo-wordpress\/ -->\n<title>Informace o tom, jak hr\u00e1t online v\u00fdhern\u00ed automaty<\/title>\n<meta name=\"description\" content=\"Nau\u010dte se hr\u00e1t online automaty a z\u00edskejte miliony dolar\u016f v progresivn\u00edch jackpotech jedin\u00fdm kliknut\u00edm my\u0161i.\" \/>\n<meta name=\"robots\" content=\"index, follow, max-snippet:-1, max-image-preview:large, max-video-preview:-1\" \/>\n<link rel=\"canonical\" href=\"https:\/\/gambling6.com\/cs\/kasino\/vse-co-potrebujete-vedet-o-online-automatech\/\" \/>\n<meta property=\"og:locale\" content=\"cs_CZ\" \/>\n<meta property=\"og:type\" content=\"article\" \/>\n<meta property=\"og:title\" content=\"Informace o tom, jak hr\u00e1t online v\u00fdhern\u00ed automaty\" \/>\n<meta property=\"og:description\" content=\"Nau\u010dte se hr\u00e1t online automaty a z\u00edskejte miliony dolar\u016f v progresivn\u00edch jackpotech jedin\u00fdm kliknut\u00edm my\u0161i.\" \/>\n<meta property=\"og:url\" content=\"https:\/\/gambling6.com\/cs\/kasino\/vse-co-potrebujete-vedet-o-online-automatech\/\" \/>\n<meta property=\"og:site_name\" content=\"Gambling6\" \/>\n<meta property=\"article:modified_time\" content=\"2025-11-12T16:57:51+00:00\" \/>\n<meta property=\"og:image\" content=\"https:\/\/gambling6.com\/wp-content\/uploads\/2013\/12\/Slots-150x150.jpg\" \/>\n\t<meta property=\"og:image:width\" content=\"150\" \/>\n\t<meta property=\"og:image:height\" content=\"150\" \/>\n\t<meta property=\"og:image:type\" content=\"image\/jpeg\" \/>\n<meta name=\"twitter:card\" content=\"summary_large_image\" \/>\n<meta name=\"twitter:label1\" content=\"Odhadovan\u00e1 doba \u010dten\u00ed\" \/>\n\t<meta name=\"twitter:data1\" content=\"4 minuty\" \/>\n<script type=\"application\/ld+json\" class=\"yoast-schema-graph\">{\"@context\":\"https:\\\/\\\/schema.org\",\"@graph\":[{\"@type\":\"WebPage\",\"@id\":\"https:\\\/\\\/gambling6.com\\\/cs\\\/kasino\\\/vse-co-potrebujete-vedet-o-online-automatech\\\/\",\"url\":\"https:\\\/\\\/gambling6.com\\\/cs\\\/kasino\\\/vse-co-potrebujete-vedet-o-online-automatech\\\/\",\"name\":\"Informace o tom, jak hr\u00e1t online v\u00fdhern\u00ed automaty\",\"isPartOf\":{\"@id\":\"https:\\\/\\\/gambling6.com\\\/cs\\\/#website\"},\"primaryImageOfPage\":{\"@id\":\"https:\\\/\\\/gambling6.com\\\/cs\\\/kasino\\\/vse-co-potrebujete-vedet-o-online-automatech\\\/#primaryimage\"},\"image\":{\"@id\":\"https:\\\/\\\/gambling6.com\\\/cs\\\/kasino\\\/vse-co-potrebujete-vedet-o-online-automatech\\\/#primaryimage\"},\"thumbnailUrl\":\"https:\\\/\\\/gambling6.com\\\/wp-content\\\/uploads\\\/2013\\\/12\\\/Slots-150x150.jpg\",\"datePublished\":\"2025-11-08T09:59:10+00:00\",\"dateModified\":\"2025-11-12T16:57:51+00:00\",\"description\":\"Nau\u010dte se hr\u00e1t online automaty a z\u00edskejte miliony dolar\u016f v progresivn\u00edch jackpotech jedin\u00fdm kliknut\u00edm my\u0161i.\",\"breadcrumb\":{\"@id\":\"https:\\\/\\\/gambling6.com\\\/cs\\\/kasino\\\/vse-co-potrebujete-vedet-o-online-automatech\\\/#breadcrumb\"},\"inLanguage\":\"cs\",\"potentialAction\":[{\"@type\":\"ReadAction\",\"target\":[\"https:\\\/\\\/gambling6.com\\\/cs\\\/kasino\\\/vse-co-potrebujete-vedet-o-online-automatech\\\/\"]}]},{\"@type\":\"ImageObject\",\"inLanguage\":\"cs\",\"@id\":\"https:\\\/\\\/gambling6.com\\\/cs\\\/kasino\\\/vse-co-potrebujete-vedet-o-online-automatech\\\/#primaryimage\",\"url\":\"https:\\\/\\\/gambling6.com\\\/wp-content\\\/uploads\\\/2013\\\/12\\\/Slots-150x150.jpg\",\"contentUrl\":\"https:\\\/\\\/gambling6.com\\\/wp-content\\\/uploads\\\/2013\\\/12\\\/Slots-150x150.jpg\",\"width\":150,\"height\":150,\"caption\":\"Slots-150x150\"},{\"@type\":\"BreadcrumbList\",\"@id\":\"https:\\\/\\\/gambling6.com\\\/cs\\\/kasino\\\/vse-co-potrebujete-vedet-o-online-automatech\\\/#breadcrumb\",\"itemListElement\":[{\"@type\":\"ListItem\",\"position\":1,\"name\":\"Home\",\"item\":\"https:\\\/\\\/gambling6.com\\\/cs\\\/home\\\/\"},{\"@type\":\"ListItem\",\"position\":2,\"name\":\"Kasino\",\"item\":\"https:\\\/\\\/gambling6.com\\\/cs\\\/get-started-with-online-gambling\\\/\"},{\"@type\":\"ListItem\",\"position\":3,\"name\":\"V\u0161e, co pot\u0159ebujete v\u011bd\u011bt o online automatech\"}]},{\"@type\":\"WebSite\",\"@id\":\"https:\\\/\\\/gambling6.com\\\/cs\\\/#website\",\"url\":\"https:\\\/\\\/gambling6.com\\\/cs\\\/\",\"name\":\"Gambling6\",\"description\":\"\",\"potentialAction\":[{\"@type\":\"SearchAction\",\"target\":{\"@type\":\"EntryPoint\",\"urlTemplate\":\"https:\\\/\\\/gambling6.com\\\/cs\\\/?s={search_term_string}\"},\"query-input\":{\"@type\":\"PropertyValueSpecification\",\"valueRequired\":true,\"valueName\":\"search_term_string\"}}],\"inLanguage\":\"cs\"}]}<\/script>\n<!-- \/ Yoast SEO plugin. -->","yoast_head_json":{"title":"Informace o tom, jak hr\u00e1t online v\u00fdhern\u00ed automaty","description":"Nau\u010dte se hr\u00e1t online automaty a z\u00edskejte miliony dolar\u016f v progresivn\u00edch jackpotech jedin\u00fdm kliknut\u00edm my\u0161i.","robots":{"index":"index","follow":"follow","max-snippet":"max-snippet:-1","max-image-preview":"max-image-preview:large","max-video-preview":"max-video-preview:-1"},"canonical":"https:\/\/gambling6.com\/cs\/kasino\/vse-co-potrebujete-vedet-o-online-automatech\/","og_locale":"cs_CZ","og_type":"article","og_title":"Informace o tom, jak hr\u00e1t online v\u00fdhern\u00ed automaty","og_description":"Nau\u010dte se hr\u00e1t online automaty a z\u00edskejte miliony dolar\u016f v progresivn\u00edch jackpotech jedin\u00fdm kliknut\u00edm my\u0161i.","og_url":"https:\/\/gambling6.com\/cs\/kasino\/vse-co-potrebujete-vedet-o-online-automatech\/","og_site_name":"Gambling6","article_modified_time":"2025-11-12T16:57:51+00:00","og_image":[{"width":150,"height":150,"url":"https:\/\/gambling6.com\/wp-content\/uploads\/2013\/12\/Slots-150x150.jpg","type":"image\/jpeg"}],"twitter_card":"summary_large_image","twitter_misc":{"Odhadovan\u00e1 doba \u010dten\u00ed":"4 minuty"},"schema":{"@context":"https:\/\/schema.org","@graph":[{"@type":"WebPage","@id":"https:\/\/gambling6.com\/cs\/kasino\/vse-co-potrebujete-vedet-o-online-automatech\/","url":"https:\/\/gambling6.com\/cs\/kasino\/vse-co-potrebujete-vedet-o-online-automatech\/","name":"Informace o tom, jak hr\u00e1t online v\u00fdhern\u00ed automaty","isPartOf":{"@id":"https:\/\/gambling6.com\/cs\/#website"},"primaryImageOfPage":{"@id":"https:\/\/gambling6.com\/cs\/kasino\/vse-co-potrebujete-vedet-o-online-automatech\/#primaryimage"},"image":{"@id":"https:\/\/gambling6.com\/cs\/kasino\/vse-co-potrebujete-vedet-o-online-automatech\/#primaryimage"},"thumbnailUrl":"https:\/\/gambling6.com\/wp-content\/uploads\/2013\/12\/Slots-150x150.jpg","datePublished":"2025-11-08T09:59:10+00:00","dateModified":"2025-11-12T16:57:51+00:00","description":"Nau\u010dte se hr\u00e1t online automaty a z\u00edskejte miliony dolar\u016f v progresivn\u00edch jackpotech jedin\u00fdm kliknut\u00edm my\u0161i.","breadcrumb":{"@id":"https:\/\/gambling6.com\/cs\/kasino\/vse-co-potrebujete-vedet-o-online-automatech\/#breadcrumb"},"inLanguage":"cs","potentialAction":[{"@type":"ReadAction","target":["https:\/\/gambling6.com\/cs\/kasino\/vse-co-potrebujete-vedet-o-online-automatech\/"]}]},{"@type":"ImageObject","inLanguage":"cs","@id":"https:\/\/gambling6.com\/cs\/kasino\/vse-co-potrebujete-vedet-o-online-automatech\/#primaryimage","url":"https:\/\/gambling6.com\/wp-content\/uploads\/2013\/12\/Slots-150x150.jpg","contentUrl":"https:\/\/gambling6.com\/wp-content\/uploads\/2013\/12\/Slots-150x150.jpg","width":150,"height":150,"caption":"Slots-150x150"},{"@type":"BreadcrumbList","@id":"https:\/\/gambling6.com\/cs\/kasino\/vse-co-potrebujete-vedet-o-online-automatech\/#breadcrumb","itemListElement":[{"@type":"ListItem","position":1,"name":"Home","item":"https:\/\/gambling6.com\/cs\/home\/"},{"@type":"ListItem","position":2,"name":"Kasino","item":"https:\/\/gambling6.com\/cs\/get-started-with-online-gambling\/"},{"@type":"ListItem","position":3,"name":"V\u0161e, co pot\u0159ebujete v\u011bd\u011bt o online automatech"}]},{"@type":"WebSite","@id":"https:\/\/gambling6.com\/cs\/#website","url":"https:\/\/gambling6.com\/cs\/","name":"Gambling6","description":"","potentialAction":[{"@type":"SearchAction","target":{"@type":"EntryPoint","urlTemplate":"https:\/\/gambling6.com\/cs\/?s={search_term_string}"},"query-input":{"@type":"PropertyValueSpecification","valueRequired":true,"valueName":"search_term_string"}}],"inLanguage":"cs"}]}},"_links":{"self":[{"href":"https:\/\/gambling6.com\/cs\/wp-json\/wp\/v2\/pages\/8912","targetHints":{"allow":["GET"]}}],"collection":[{"href":"https:\/\/gambling6.com\/cs\/wp-json\/wp\/v2\/pages"}],"about":[{"href":"https:\/\/gambling6.com\/cs\/wp-json\/wp\/v2\/types\/page"}],"author":[{"embeddable":true,"href":"https:\/\/gambling6.com\/cs\/wp-json\/wp\/v2\/users\/1"}],"replies":[{"embeddable":true,"href":"https:\/\/gambling6.com\/cs\/wp-json\/wp\/v2\/comments?post=8912"}],"version-history":[{"count":2,"href":"https:\/\/gambling6.com\/cs\/wp-json\/wp\/v2\/pages\/8912\/revisions"}],"predecessor-version":[{"id":10690,"href":"https:\/\/gambling6.com\/cs\/wp-json\/wp\/v2\/pages\/8912\/revisions\/10690"}],"up":[{"embeddable":true,"href":"https:\/\/gambling6.com\/cs\/wp-json\/wp\/v2\/pages\/8273"}],"wp:featuredmedia":[{"embeddable":true,"href":"https:\/\/gambling6.com\/cs\/wp-json\/wp\/v2\/media\/8913"}],"wp:attachment":[{"href":"https:\/\/gambling6.com\/cs\/wp-json\/wp\/v2\/media?parent=8912"}],"curies":[{"name":"wp","href":"https:\/\/api.w.org\/{rel}","templated":true}]}}