{"id":8955,"date":"2025-11-08T11:48:44","date_gmt":"2025-11-08T11:48:44","guid":{"rendered":"https:\/\/gambling6.com\/kasino\/kde-najit-online-sloty-nejvyssi-kvality\/"},"modified":"2025-11-08T11:48:44","modified_gmt":"2025-11-08T11:48:44","slug":"kde-najit-online-sloty-nejvyssi-kvality","status":"publish","type":"page","link":"https:\/\/gambling6.com\/cs\/kasino\/kde-najit-online-sloty-nejvyssi-kvality\/","title":{"rendered":"Kde naj\u00edt online sloty nejvy\u0161\u0161\u00ed kvality"},"content":{"rendered":"<h2>Kvalitn\u00ed online kasina s automaty<\/h2>\n<p>Pokud jde o online kasina, automaty obvykle dr\u017e\u00ed prvn\u00ed m\u00edsto, pokud jde o rozmanitost, po\u010det hr\u00e1\u010d\u016f a jackpoty. Samoz\u0159ejm\u011b je velmi snadn\u00e9 pochopit, pro\u010d jsou online automaty tak popul\u00e1rn\u00ed, a pouh\u00fdm jedn\u00edm rozto\u010den\u00edm symbol\u016f m\u00e1 ka\u017ed\u00fd hr\u00e1\u010d potenci\u00e1l vyhr\u00e1t velk\u00e9 ceny, dokonce i miliony dolar\u016f. Ve skute\u010dnosti jsou automaty online tak popul\u00e1rn\u00ed, \u017ee n\u011bkter\u00e1 online kasina nab\u00edzej\u00ed speci\u00e1ln\u00ed bonusy pr\u00e1v\u011b pro tyto hry, proto\u017ee hr\u00e1\u010di se registruj\u00ed pouze proto, aby si zahr\u00e1li r\u016fzn\u00e9 automaty, a o nic jin\u00e9ho se nezaj\u00edmaj\u00ed. Proto\u017ee nejlep\u0161\u00ed strategi\u00ed v online automatech je hr\u00e1t v\u00edce, tyto bonusy se rychle hod\u00ed.<\/p>\n<h2>Poskytovatel\u00e9 softwaru pro kasinov\u00e9 hry<\/h2>\n<p><img loading=\"lazy\" decoding=\"async\" class=\"size-full wp-image-400 alignright\" src=\"https:\/\/gambling6.com\/wp-content\/uploads\/2013\/12\/mobile-gambling-150x150.jpg\" alt=\"online slotmachine\" width=\"150\" height=\"150\" \/>Ka\u017ed\u00e9 online kasino je poh\u00e1n\u011bno v\u00fdvoj\u00e1\u0159em softwaru a existuje pom\u011brn\u011b dost spole\u010dnost\u00ed, kter\u00e9 si ud\u011blaly jm\u00e9no t\u00edm, \u017ee poskytuj\u00ed n\u011bkter\u00e9 z nejl\u00e9pe vypadaj\u00edc\u00edch kasinov\u00fdch her na internetu. Pokud nev\u00edte, jak\u00fd software pro v\u00fdhern\u00ed automaty byste si m\u011bli vybrat, klikn\u011bte na odkaz a dostanete se ke dv\u011bma nejobl\u00edben\u011bj\u0161\u00edm jm\u00e9n\u016fm v oboru.<\/p>\n<h2>Hran\u00ed nejlep\u0161\u00edch v\u00fdhern\u00edch automat\u016f na internetu<\/h2>\n<p>Grafika a funkce se mohou v z\u00e1vislosti na softwaru zna\u010dn\u011b li\u0161it, proto je v\u017edy dobr\u00e9 vyzkou\u0161et si n\u011bkolik mo\u017enost\u00ed a zjistit, kter\u00e1 v\u00e1s nejv\u00edce zaujme. Pokud budete v\u011bd\u011bt, jak n\u011bkter\u00e9 hry od konkr\u00e9tn\u00edho v\u00fdvoj\u00e1\u0159e softwaru vypadaj\u00ed, m\u016f\u017eete m\u00edt mnohem snaz\u0161\u00ed \u010das p\u0159i hled\u00e1n\u00ed nov\u00e9ho online kasina. A\u010dkoli n\u011bkter\u00e9 str\u00e1nky nab\u00edzej\u00ed n\u011bkolik unik\u00e1tn\u00edch her, speci\u00e1ln\u011b navr\u017een\u00fdch pro dan\u00e9 online kasino, v\u0161echny str\u00e1nky poh\u00e1n\u011bn\u00e9 stejn\u00fdm poskytovatelem softwaru maj\u00ed t\u00e9m\u011b\u0159 stejn\u00e9 hry. Aby byla zaji\u0161t\u011bna spokojenost jejich z\u00e1kazn\u00edk\u016f, n\u011bkter\u00e1 online kasina nab\u00edzej\u00ed hry od n\u011bkolika poskytovatel\u016f softwaru, a to je v\u017edy p\u0159\u00edjemn\u00e9 vid\u011bt.<\/p>\n<h3>Online v\u00fdhern\u00ed automaty<\/h3>\n<p>Vzhledem k tomu, \u017ee online kasina nab\u00edzej\u00ed v\u00fdhern\u00ed automaty od r\u016fzn\u00fdch poskytovatel\u016f, m\u016f\u017ee b\u00fdt velmi obt\u00ed\u017en\u00e9 zjistit, kter\u00e1 z nich jsou skute\u010dn\u011b nejlep\u0161\u00ed. To v\u00e1m zaru\u010d\u00ed skv\u011bl\u00fd hern\u00ed z\u00e1\u017eitek poka\u017ed\u00e9. Pod\u00edvejte se na tuto mo\u017enost, kter\u00e1 je nyn\u00ed pova\u017eov\u00e1na za kasino s nejlep\u0161\u00edmi automaty na internetu, proto\u017ee nab\u00edz\u00ed prakticky v\u0161e. Str\u00e1nka uveden\u00e1 zde se m\u016f\u017ee zm\u011bnit, pokud se objev\u00ed lep\u0161\u00ed mo\u017enost, ale prozat\u00edm je nejlep\u0161\u00ed str\u00e1nkou pro hran\u00ed v\u00fdhern\u00edch automat\u016f 888 Casino. 888 je jedn\u00edm z l\u00eddr\u016f v online hazardn\u00edch hr\u00e1ch s velkou s\u00e1zkovou kancel\u00e1\u0159\u00ed, realistickou pokerovou hernou a velk\u00fdm kasinem.<\/p>\n<p>Co d\u011bl\u00e1 z 888 Casino tak skv\u011bl\u00e9 m\u00edsto pro hran\u00ed v\u00fdhern\u00edch automat\u016f, je to, \u017ee maj\u00ed dlouh\u00fd seznam mo\u017enost\u00ed s tituly od Playtech, IGT, Microgaming a n\u011bkter\u00fdch jejich vlastn\u00edch. Nov\u00e9mu hr\u00e1\u010di bude trvat n\u011bkolik dn\u00ed, ne\u017e si projde v\u0161echny dostupn\u00e9 hry, a r\u016fzn\u00e9 styly zaru\u010duj\u00ed, \u017ee se nikdy nebude nudit.<br \/>\n<a href=\"https:\/\/ic.aff-handler.com\/C\/45871?sr=1064399&amp;anid=\" rel=\"nofollow\"><img loading=\"lazy\" decoding=\"async\" class=\"aligncenter\" src=\"https:\/\/ic.aff-handler.com\/I\/45871?sr=1064399&amp;anid=\" width=\"725\" height=\"93\" \/><\/a><\/p>\n<p>Samoz\u0159ejm\u011b, skv\u011bl\u00e9 online kasino nen\u00ed jen o hr\u00e1ch, kter\u00e9 nab\u00edz\u00ed; aby byl cel\u00fd web pova\u017eov\u00e1n za v\u00fdznamn\u00fd, mus\u00ed b\u00fdt siln\u011b ovlivn\u011bn r\u016fzn\u00fdmi faktory. Mo\u017en\u00e1 nejd\u016fle\u017eit\u011bj\u0161\u00ed je bezpe\u010dnost, proto\u017ee finan\u010dn\u00ed transakce jsou velkou sou\u010d\u00e1st\u00ed online hazardn\u00edch her a online kasino by m\u011blo zaru\u010dit, \u017ee v\u0161e je v\u017edy bezpe\u010dn\u00e9 a zabezpe\u010den\u00e9.<\/p>\n<p>A pokud jste rezidentem USA, legislativa USA v\u00e1m br\u00e1n\u00ed v registraci do 888 Casino. Dobr\u00fdch alternativ pro americk\u00e9 hr\u00e1\u010de je m\u00e1lo, ale pro ve\u0161ker\u00e9 va\u0161e online hazardn\u00ed hry m\u016f\u017eeme doporu\u010dit BetOnline Casino. Klikn\u011bte na banner n\u00ed\u017ee a nav\u0161tivte BetOnlineCasino \u2013 nebudete zklam\u00e1ni!<\/p>\n<p><a class=\"thirstylink\" title=\"Betonline casino en\" href=\"https:\/\/gambling6.com\/go\/betonline-casino-en\/\" target=\"_blank\" rel=\"nofollow noopener\"><img loading=\"lazy\" decoding=\"async\" class=\" wp-image-7875 aligncenter\" src=\"https:\/\/gambling6.com\/wp-content\/uploads\/2025\/10\/BOL_AQC_banner_468x60_FS1_casino-300x38.gif\" alt=\"BetOnline casino\" width=\"553\" height=\"70\" \/><\/a><\/p>\n<p>Proto je v\u017edy dobr\u00e9 si prohl\u00e9dnout recenze a zjistit, kter\u00e1 online kasina jsou d\u016fv\u011bryhodn\u00e1 a kter\u00e1 jsou zn\u00e1m\u00e1 probl\u00e9my s v\u00fdplatami. Kdy\u017e u\u017e mluv\u00edme o pen\u011bz\u00edch, bonusy a propaga\u010dn\u00ed akce se v posledn\u00edch letech staly velmi d\u016fle\u017eit\u00fdmi a obvykle jsou to prvn\u00ed v\u011bc, kterou si nov\u00fd hr\u00e1\u010d v\u0161imne. Je velmi b\u011b\u017en\u00e9, \u017ee \u0161pi\u010dkov\u00e1 online kasina nab\u00edzej\u00ed uv\u00edtac\u00ed bonusy na z\u00e1klad\u011b v\u00fd\u0161e vkladu a bonusy u automat\u016f jsou nejb\u011b\u017en\u011bj\u0161\u00ed kv\u016fli popularit\u011b hry.<\/p>\n","protected":false},"excerpt":{"rendered":"<p>Kvalitn\u00ed online kasina s automaty Pokud jde o online kasina, automaty obvykle dr\u017e\u00ed prvn\u00ed m\u00edsto, pokud jde o rozmanitost, po\u010det hr\u00e1\u010d\u016f a jackpoty. Samoz\u0159ejm\u011b je velmi snadn\u00e9 pochopit, pro\u010d jsou online automaty tak popul\u00e1rn\u00ed, a pouh\u00fdm jedn\u00edm rozto\u010den\u00edm symbol\u016f m\u00e1 ka\u017ed\u00fd hr\u00e1\u010d potenci\u00e1l vyhr\u00e1t velk\u00e9 ceny, dokonce i miliony dolar\u016f. Ve skute\u010dnosti jsou automaty online [&hellip;]<\/p>\n","protected":false},"author":1,"featured_media":0,"parent":8273,"menu_order":47,"comment_status":"closed","ping_status":"closed","template":"","meta":{"footnotes":""},"class_list":["post-8955","page","type-page","status-publish","hentry"],"yoast_head":"<!-- This site is optimized with the Yoast SEO plugin v27.4 - https:\/\/yoast.com\/product\/yoast-seo-wordpress\/ -->\n<title>\u0160pi\u010dkov\u00e9 online v\u00fdhern\u00ed automaty<\/title>\n<meta name=\"description\" content=\"Hrajte nejlep\u0161\u00ed sloty a hry na automatech na internetu. Najd\u011bte zde online v\u00fdhern\u00ed automaty nejvy\u0161\u0161\u00ed kvality!\" \/>\n<meta name=\"robots\" content=\"index, follow, max-snippet:-1, max-image-preview:large, max-video-preview:-1\" \/>\n<link rel=\"canonical\" href=\"https:\/\/gambling6.com\/cs\/kasino\/kde-najit-online-sloty-nejvyssi-kvality\/\" \/>\n<meta property=\"og:locale\" content=\"cs_CZ\" \/>\n<meta property=\"og:type\" content=\"article\" \/>\n<meta property=\"og:title\" content=\"\u0160pi\u010dkov\u00e9 online v\u00fdhern\u00ed automaty\" \/>\n<meta property=\"og:description\" content=\"Hrajte nejlep\u0161\u00ed sloty a hry na automatech na internetu. Najd\u011bte zde online v\u00fdhern\u00ed automaty nejvy\u0161\u0161\u00ed kvality!\" \/>\n<meta property=\"og:url\" content=\"https:\/\/gambling6.com\/cs\/kasino\/kde-najit-online-sloty-nejvyssi-kvality\/\" \/>\n<meta property=\"og:site_name\" content=\"Gambling6\" \/>\n<meta property=\"og:image\" content=\"https:\/\/gambling6.com\/wp-content\/uploads\/2013\/12\/mobile-gambling-150x150.jpg\" \/>\n\t<meta property=\"og:image:width\" content=\"150\" \/>\n\t<meta property=\"og:image:height\" content=\"150\" \/>\n\t<meta property=\"og:image:type\" content=\"image\/jpeg\" \/>\n<meta name=\"twitter:card\" content=\"summary_large_image\" \/>\n<meta name=\"twitter:label1\" content=\"Odhadovan\u00e1 doba \u010dten\u00ed\" \/>\n\t<meta name=\"twitter:data1\" content=\"4 minuty\" \/>\n<script type=\"application\/ld+json\" class=\"yoast-schema-graph\">{\"@context\":\"https:\\\/\\\/schema.org\",\"@graph\":[{\"@type\":\"WebPage\",\"@id\":\"https:\\\/\\\/gambling6.com\\\/cs\\\/kasino\\\/kde-najit-online-sloty-nejvyssi-kvality\\\/\",\"url\":\"https:\\\/\\\/gambling6.com\\\/cs\\\/kasino\\\/kde-najit-online-sloty-nejvyssi-kvality\\\/\",\"name\":\"\u0160pi\u010dkov\u00e9 online v\u00fdhern\u00ed automaty\",\"isPartOf\":{\"@id\":\"https:\\\/\\\/gambling6.com\\\/cs\\\/#website\"},\"primaryImageOfPage\":{\"@id\":\"https:\\\/\\\/gambling6.com\\\/cs\\\/kasino\\\/kde-najit-online-sloty-nejvyssi-kvality\\\/#primaryimage\"},\"image\":{\"@id\":\"https:\\\/\\\/gambling6.com\\\/cs\\\/kasino\\\/kde-najit-online-sloty-nejvyssi-kvality\\\/#primaryimage\"},\"thumbnailUrl\":\"https:\\\/\\\/gambling6.com\\\/wp-content\\\/uploads\\\/2013\\\/12\\\/mobile-gambling-150x150.jpg\",\"datePublished\":\"2025-11-08T11:48:44+00:00\",\"description\":\"Hrajte nejlep\u0161\u00ed sloty a hry na automatech na internetu. Najd\u011bte zde online v\u00fdhern\u00ed automaty nejvy\u0161\u0161\u00ed kvality!\",\"breadcrumb\":{\"@id\":\"https:\\\/\\\/gambling6.com\\\/cs\\\/kasino\\\/kde-najit-online-sloty-nejvyssi-kvality\\\/#breadcrumb\"},\"inLanguage\":\"cs\",\"potentialAction\":[{\"@type\":\"ReadAction\",\"target\":[\"https:\\\/\\\/gambling6.com\\\/cs\\\/kasino\\\/kde-najit-online-sloty-nejvyssi-kvality\\\/\"]}]},{\"@type\":\"ImageObject\",\"inLanguage\":\"cs\",\"@id\":\"https:\\\/\\\/gambling6.com\\\/cs\\\/kasino\\\/kde-najit-online-sloty-nejvyssi-kvality\\\/#primaryimage\",\"url\":\"https:\\\/\\\/gambling6.com\\\/wp-content\\\/uploads\\\/2013\\\/12\\\/mobile-gambling-150x150.jpg\",\"contentUrl\":\"https:\\\/\\\/gambling6.com\\\/wp-content\\\/uploads\\\/2013\\\/12\\\/mobile-gambling-150x150.jpg\"},{\"@type\":\"BreadcrumbList\",\"@id\":\"https:\\\/\\\/gambling6.com\\\/cs\\\/kasino\\\/kde-najit-online-sloty-nejvyssi-kvality\\\/#breadcrumb\",\"itemListElement\":[{\"@type\":\"ListItem\",\"position\":1,\"name\":\"Home\",\"item\":\"https:\\\/\\\/gambling6.com\\\/cs\\\/home\\\/\"},{\"@type\":\"ListItem\",\"position\":2,\"name\":\"Kasino\",\"item\":\"https:\\\/\\\/gambling6.com\\\/cs\\\/get-started-with-online-gambling\\\/\"},{\"@type\":\"ListItem\",\"position\":3,\"name\":\"Kde naj\u00edt online sloty nejvy\u0161\u0161\u00ed kvality\"}]},{\"@type\":\"WebSite\",\"@id\":\"https:\\\/\\\/gambling6.com\\\/cs\\\/#website\",\"url\":\"https:\\\/\\\/gambling6.com\\\/cs\\\/\",\"name\":\"Gambling6\",\"description\":\"\",\"potentialAction\":[{\"@type\":\"SearchAction\",\"target\":{\"@type\":\"EntryPoint\",\"urlTemplate\":\"https:\\\/\\\/gambling6.com\\\/cs\\\/?s={search_term_string}\"},\"query-input\":{\"@type\":\"PropertyValueSpecification\",\"valueRequired\":true,\"valueName\":\"search_term_string\"}}],\"inLanguage\":\"cs\"}]}<\/script>\n<!-- \/ Yoast SEO plugin. -->","yoast_head_json":{"title":"\u0160pi\u010dkov\u00e9 online v\u00fdhern\u00ed automaty","description":"Hrajte nejlep\u0161\u00ed sloty a hry na automatech na internetu. Najd\u011bte zde online v\u00fdhern\u00ed automaty nejvy\u0161\u0161\u00ed kvality!","robots":{"index":"index","follow":"follow","max-snippet":"max-snippet:-1","max-image-preview":"max-image-preview:large","max-video-preview":"max-video-preview:-1"},"canonical":"https:\/\/gambling6.com\/cs\/kasino\/kde-najit-online-sloty-nejvyssi-kvality\/","og_locale":"cs_CZ","og_type":"article","og_title":"\u0160pi\u010dkov\u00e9 online v\u00fdhern\u00ed automaty","og_description":"Hrajte nejlep\u0161\u00ed sloty a hry na automatech na internetu. Najd\u011bte zde online v\u00fdhern\u00ed automaty nejvy\u0161\u0161\u00ed kvality!","og_url":"https:\/\/gambling6.com\/cs\/kasino\/kde-najit-online-sloty-nejvyssi-kvality\/","og_site_name":"Gambling6","og_image":[{"width":150,"height":150,"url":"https:\/\/gambling6.com\/wp-content\/uploads\/2013\/12\/mobile-gambling-150x150.jpg","type":"image\/jpeg"}],"twitter_card":"summary_large_image","twitter_misc":{"Odhadovan\u00e1 doba \u010dten\u00ed":"4 minuty"},"schema":{"@context":"https:\/\/schema.org","@graph":[{"@type":"WebPage","@id":"https:\/\/gambling6.com\/cs\/kasino\/kde-najit-online-sloty-nejvyssi-kvality\/","url":"https:\/\/gambling6.com\/cs\/kasino\/kde-najit-online-sloty-nejvyssi-kvality\/","name":"\u0160pi\u010dkov\u00e9 online v\u00fdhern\u00ed automaty","isPartOf":{"@id":"https:\/\/gambling6.com\/cs\/#website"},"primaryImageOfPage":{"@id":"https:\/\/gambling6.com\/cs\/kasino\/kde-najit-online-sloty-nejvyssi-kvality\/#primaryimage"},"image":{"@id":"https:\/\/gambling6.com\/cs\/kasino\/kde-najit-online-sloty-nejvyssi-kvality\/#primaryimage"},"thumbnailUrl":"https:\/\/gambling6.com\/wp-content\/uploads\/2013\/12\/mobile-gambling-150x150.jpg","datePublished":"2025-11-08T11:48:44+00:00","description":"Hrajte nejlep\u0161\u00ed sloty a hry na automatech na internetu. Najd\u011bte zde online v\u00fdhern\u00ed automaty nejvy\u0161\u0161\u00ed kvality!","breadcrumb":{"@id":"https:\/\/gambling6.com\/cs\/kasino\/kde-najit-online-sloty-nejvyssi-kvality\/#breadcrumb"},"inLanguage":"cs","potentialAction":[{"@type":"ReadAction","target":["https:\/\/gambling6.com\/cs\/kasino\/kde-najit-online-sloty-nejvyssi-kvality\/"]}]},{"@type":"ImageObject","inLanguage":"cs","@id":"https:\/\/gambling6.com\/cs\/kasino\/kde-najit-online-sloty-nejvyssi-kvality\/#primaryimage","url":"https:\/\/gambling6.com\/wp-content\/uploads\/2013\/12\/mobile-gambling-150x150.jpg","contentUrl":"https:\/\/gambling6.com\/wp-content\/uploads\/2013\/12\/mobile-gambling-150x150.jpg"},{"@type":"BreadcrumbList","@id":"https:\/\/gambling6.com\/cs\/kasino\/kde-najit-online-sloty-nejvyssi-kvality\/#breadcrumb","itemListElement":[{"@type":"ListItem","position":1,"name":"Home","item":"https:\/\/gambling6.com\/cs\/home\/"},{"@type":"ListItem","position":2,"name":"Kasino","item":"https:\/\/gambling6.com\/cs\/get-started-with-online-gambling\/"},{"@type":"ListItem","position":3,"name":"Kde naj\u00edt online sloty nejvy\u0161\u0161\u00ed kvality"}]},{"@type":"WebSite","@id":"https:\/\/gambling6.com\/cs\/#website","url":"https:\/\/gambling6.com\/cs\/","name":"Gambling6","description":"","potentialAction":[{"@type":"SearchAction","target":{"@type":"EntryPoint","urlTemplate":"https:\/\/gambling6.com\/cs\/?s={search_term_string}"},"query-input":{"@type":"PropertyValueSpecification","valueRequired":true,"valueName":"search_term_string"}}],"inLanguage":"cs"}]}},"_links":{"self":[{"href":"https:\/\/gambling6.com\/cs\/wp-json\/wp\/v2\/pages\/8955","targetHints":{"allow":["GET"]}}],"collection":[{"href":"https:\/\/gambling6.com\/cs\/wp-json\/wp\/v2\/pages"}],"about":[{"href":"https:\/\/gambling6.com\/cs\/wp-json\/wp\/v2\/types\/page"}],"author":[{"embeddable":true,"href":"https:\/\/gambling6.com\/cs\/wp-json\/wp\/v2\/users\/1"}],"replies":[{"embeddable":true,"href":"https:\/\/gambling6.com\/cs\/wp-json\/wp\/v2\/comments?post=8955"}],"version-history":[{"count":0,"href":"https:\/\/gambling6.com\/cs\/wp-json\/wp\/v2\/pages\/8955\/revisions"}],"up":[{"embeddable":true,"href":"https:\/\/gambling6.com\/cs\/wp-json\/wp\/v2\/pages\/8273"}],"wp:attachment":[{"href":"https:\/\/gambling6.com\/cs\/wp-json\/wp\/v2\/media?parent=8955"}],"curies":[{"name":"wp","href":"https:\/\/api.w.org\/{rel}","templated":true}]}}