{"id":8981,"date":"2025-11-08T12:37:05","date_gmt":"2025-11-08T12:37:05","guid":{"rendered":"https:\/\/gambling6.com\/kasino\/nektere-kasinove-hry-jsou-skutecne-zdarma\/"},"modified":"2025-11-08T12:37:05","modified_gmt":"2025-11-08T12:37:05","slug":"nektere-kasinove-hry-jsou-skutecne-zdarma","status":"publish","type":"page","link":"https:\/\/gambling6.com\/cs\/kasino\/nektere-kasinove-hry-jsou-skutecne-zdarma\/","title":{"rendered":"N\u011bkter\u00e9 kasinov\u00e9 hry jsou skute\u010dn\u011b zdarma!"},"content":{"rendered":"<h2>Pro\u010d kasina nab\u00edzej\u00ed hry zdarma<\/h2>\n<p>S \u00fasvitem internetov\u00fdch technologi\u00ed za\u010dala v\u011bt\u0161ina fanou\u0161k\u016f kasin hr\u00e1t kasinov\u00e9 hry z pohodl\u00ed domova. Online kasina nab\u00edzej\u00ed v\u00edce v\u00fdhod ne\u017e kamenn\u00e1 kasina. Hran\u00ed her online nejen poskytuje pohodl\u00ed, ale tak\u00e9 v\u00e1m umo\u017e\u0148uje hr\u00e1t va\u0161e obl\u00edben\u00e9 hry, ani\u017e byste riskovali sv\u00e9 pen\u00edze. Online kasina \u010del\u00ed tvrd\u00e9 konkurenci, a proto nab\u00edzej\u00ed hry zdarma, aby povzbudila nov\u00e9 hr\u00e1\u010de k \u010dlenstv\u00ed. Tyto hry zdarma m\u016f\u017eete hr\u00e1t, dokud si nezdokonal\u00edte sv\u00e9 dovednosti a nestanete se expertem.<\/p>\n<h2>Co o\u010dek\u00e1vat p\u0159i v\u00fdb\u011bru kasin nab\u00edzej\u00edc\u00edch hry zdarma<\/h2>\n<p>Nejd\u016fle\u017eit\u011bj\u0161\u00ed v\u011bc\u00ed, kterou mus\u00edte ud\u011blat, abyste si mohli zahr\u00e1t kasinov\u00e9 hry zdarma, je vyhledat dobrou webovou str\u00e1nku nab\u00edzej\u00edc\u00ed \u0161irokou \u0161k\u00e1lu her zdarma. Ujist\u011bte se, \u017ee webov\u00e1 str\u00e1nka je spolehliv\u00e1 a renomovan\u00e1. Va\u0161e online hern\u00ed dobrodru\u017estv\u00ed za\u010d\u00edn\u00e1 otev\u0159en\u00edm \u00fa\u010dtu. Online kasina vy\u017eaduj\u00ed, abyste poskytli osobn\u00ed \u00fadaje, jako je va\u0161e jm\u00e9no, v\u011bk, adresa a e-mailov\u00e1 adresa. Nejlep\u0161\u00ed kasina se sna\u017e\u00ed nab\u00eddnout bezpe\u010dn\u00e9 a pohodln\u00e9 prost\u0159ed\u00ed, kde si m\u016f\u017eete hodiny u\u017e\u00edvat hran\u00ed sv\u00fdch obl\u00edben\u00fdch her. Jakmile si na webov\u00fdch str\u00e1nk\u00e1ch zaregistrujete \u00fa\u010det, m\u016f\u017eete si vybrat mezi z\u00e1bavn\u00fdm re\u017eimem a re\u017eimem o skute\u010dn\u00e9 pen\u00edze. M\u016f\u017eete si vybrat z\u00e1bavn\u00fd re\u017eim nebo re\u017eim o pen\u00edze zdarma a vyzkou\u0161et si r\u016fzn\u00e9 hry, ani\u017e byste museli utratit pen\u00edze z pen\u011b\u017eenky.<\/p>\n<h2>Existuje n\u011bjak\u00e9 riziko p\u0159i hran\u00ed her zdarma?<\/h2>\n<p>P\u0159i hran\u00ed kasinov\u00fdch her zdarma nehroz\u00ed \u017e\u00e1dn\u00e9 riziko, pokud si pe\u010dliv\u011b vyberete d\u016fv\u011bryhodnou webovou str\u00e1nku. Kasina podnikaj\u00ed v\u0161echny nezbytn\u00e9 kroky, aby v\u00e1m nab\u00eddla p\u0159\u00edjemn\u00fd hern\u00ed z\u00e1\u017eitek, abyste se mohli st\u00e1t skute\u010dn\u00fdm hr\u00e1\u010dem.<\/p>\n<p>Pokud si chcete vyzkou\u0161et kasinov\u00e9 hry zdarma a z\u00e1rove\u0148 hr\u00e1t o skute\u010dn\u00e9 pen\u00edze, m\u00e1me pro v\u00e1s vynikaj\u00edc\u00ed doporu\u010den\u00ed. 888 Casino v\u00e1m d\u00e1v\u00e1 20 \u20ac ke hran\u00ed, ani\u017e byste museli vkl\u00e1dat vlastn\u00ed prost\u0159edky. A pokud se pozd\u011bji rozhodnete vlo\u017eit dal\u0161\u00ed prost\u0159edky, st\u00e1le z\u00edsk\u00e1te dal\u0161\u00ed bonus a\u017e do v\u00fd\u0161e 1500 \u20ac k va\u0161emu prvn\u00edmu vkladu.<br \/>\n<a href=\"https:\/\/ic.aff-handler.com\/C\/45871?sr=1064399&amp;anid=\" rel=\"nofollow\"><img loading=\"lazy\" decoding=\"async\" class=\"aligncenter\" src=\"https:\/\/ic.aff-handler.com\/I\/45871?sr=1064399&amp;anid=\" width=\"594\" height=\"77\" \/><\/a><br \/>\n<strong>Existuj\u00ed n\u011bjak\u00e1 omezen\u00ed?<\/strong><\/p>\n<p>Online kasina obvykle umo\u017e\u0148uj\u00ed hr\u00e1t hry ur\u010dit\u00fd po\u010detkr\u00e1t a po ur\u010ditou dobu. Hran\u00ed bezplatn\u00fdch her m\u016f\u017ee m\u00edt ur\u010dit\u00e1 omezen\u00ed. Kasina v\u00e1m nemus\u00ed umo\u017enit hr\u00e1t v\u0161echny hry na sv\u00fdch webov\u00fdch str\u00e1nk\u00e1ch zdarma. V\u011bt\u0161ina kasin vy\u017eaduje, abyste vsadili ur\u010dit\u00fd po\u010detkr\u00e1t, ne\u017e si budete moci vybrat vyhran\u00e9 prost\u0159edky.<\/p>\n<h2>Kde naj\u00edt bezplatn\u00e9 kasinov\u00e9 hry<\/h2>\n<p>Mnoho webov\u00fdch str\u00e1nek umo\u017e\u0148uje hr\u00e1t bezplatn\u00e9 <strong>kasinov\u00e9<\/strong> hry. Nejlep\u0161\u00ed m\u00edsto pro hran\u00ed bezplatn\u00fdch her je web, kter\u00fd nevy\u017eaduje stahov\u00e1n\u00ed \u017e\u00e1dn\u00e9ho softwaru. Umo\u017e\u0148uje v\u00e1m hr\u00e1t hry okam\u017eit\u011b kliknut\u00edm na va\u0161i obl\u00edbenou hru. M\u016f\u017eete si ov\u011b\u0159it, zda web nab\u00edz\u00ed \u0161irokou \u0161k\u00e1lu bezplatn\u00fdch her, jako jsou bezplatn\u00e9 stoln\u00ed hry, automaty, bingo, video poker a dal\u0161\u00ed hry, abyste se brzy nenudili.<\/p>\n<p>Bezplatn\u00e9 kasinov\u00e9 hry v\u00e1m nab\u00edzej\u00ed mo\u017enost vyzkou\u0161et si jak\u00fdkoli nov\u00fd program, techniku \u200b\u200bnebo strategii a ov\u011b\u0159it si, zda pro v\u00e1s bude fungovat v re\u00e1ln\u00e9m online hern\u00edm prost\u0159ed\u00ed. Proto\u017ee neprohrajete \u017e\u00e1dn\u00e9 pen\u00edze, nebudete p\u0159i hran\u00ed c\u00edtit \u017e\u00e1dn\u00fd tlak.<\/p>\n","protected":false},"excerpt":{"rendered":"<p>Pro\u010d kasina nab\u00edzej\u00ed hry zdarma S \u00fasvitem internetov\u00fdch technologi\u00ed za\u010dala v\u011bt\u0161ina fanou\u0161k\u016f kasin hr\u00e1t kasinov\u00e9 hry z pohodl\u00ed domova. Online kasina nab\u00edzej\u00ed v\u00edce v\u00fdhod ne\u017e kamenn\u00e1 kasina. Hran\u00ed her online nejen poskytuje pohodl\u00ed, ale tak\u00e9 v\u00e1m umo\u017e\u0148uje hr\u00e1t va\u0161e obl\u00edben\u00e9 hry, ani\u017e byste riskovali sv\u00e9 pen\u00edze. Online kasina \u010del\u00ed tvrd\u00e9 konkurenci, a proto nab\u00edzej\u00ed hry [&hellip;]<\/p>\n","protected":false},"author":1,"featured_media":8982,"parent":8273,"menu_order":53,"comment_status":"closed","ping_status":"closed","template":"","meta":{"footnotes":""},"class_list":["post-8981","page","type-page","status-publish","has-post-thumbnail","hentry"],"yoast_head":"<!-- This site is optimized with the Yoast SEO plugin v27.4 - https:\/\/yoast.com\/product\/yoast-seo-wordpress\/ -->\n<title>Hrajte online kasinov\u00e9 hry zdarma<\/title>\n<meta name=\"description\" content=\"Hran\u00ed kasinov\u00fdch her zdarma je spousta z\u00e1bavy. Znalost n\u011bkolika d\u016fle\u017eit\u00fdch v\u011bc\u00ed o kasinov\u00fdch hr\u00e1ch zdarma v\u00e1m pom\u016f\u017ee.\" \/>\n<meta name=\"robots\" content=\"index, follow, max-snippet:-1, max-image-preview:large, max-video-preview:-1\" \/>\n<link rel=\"canonical\" href=\"https:\/\/gambling6.com\/cs\/kasino\/nektere-kasinove-hry-jsou-skutecne-zdarma\/\" \/>\n<meta property=\"og:locale\" content=\"cs_CZ\" \/>\n<meta property=\"og:type\" content=\"article\" \/>\n<meta property=\"og:title\" content=\"Hrajte online kasinov\u00e9 hry zdarma\" \/>\n<meta property=\"og:description\" content=\"Hran\u00ed kasinov\u00fdch her zdarma je spousta z\u00e1bavy. Znalost n\u011bkolika d\u016fle\u017eit\u00fdch v\u011bc\u00ed o kasinov\u00fdch hr\u00e1ch zdarma v\u00e1m pom\u016f\u017ee.\" \/>\n<meta property=\"og:url\" content=\"https:\/\/gambling6.com\/cs\/kasino\/nektere-kasinove-hry-jsou-skutecne-zdarma\/\" \/>\n<meta property=\"og:site_name\" content=\"Gambling6\" \/>\n<meta property=\"og:image\" content=\"https:\/\/gambling6.com\/wp-content\/uploads\/2013\/12\/img_116.png\" \/>\n\t<meta property=\"og:image:width\" content=\"270\" \/>\n\t<meta property=\"og:image:height\" content=\"186\" \/>\n\t<meta property=\"og:image:type\" content=\"image\/png\" \/>\n<meta name=\"twitter:card\" content=\"summary_large_image\" \/>\n<meta name=\"twitter:label1\" content=\"Odhadovan\u00e1 doba \u010dten\u00ed\" \/>\n\t<meta name=\"twitter:data1\" content=\"3 minuty\" \/>\n<script type=\"application\/ld+json\" class=\"yoast-schema-graph\">{\"@context\":\"https:\\\/\\\/schema.org\",\"@graph\":[{\"@type\":\"WebPage\",\"@id\":\"https:\\\/\\\/gambling6.com\\\/cs\\\/kasino\\\/nektere-kasinove-hry-jsou-skutecne-zdarma\\\/\",\"url\":\"https:\\\/\\\/gambling6.com\\\/cs\\\/kasino\\\/nektere-kasinove-hry-jsou-skutecne-zdarma\\\/\",\"name\":\"Hrajte online kasinov\u00e9 hry zdarma\",\"isPartOf\":{\"@id\":\"https:\\\/\\\/gambling6.com\\\/cs\\\/#website\"},\"primaryImageOfPage\":{\"@id\":\"https:\\\/\\\/gambling6.com\\\/cs\\\/kasino\\\/nektere-kasinove-hry-jsou-skutecne-zdarma\\\/#primaryimage\"},\"image\":{\"@id\":\"https:\\\/\\\/gambling6.com\\\/cs\\\/kasino\\\/nektere-kasinove-hry-jsou-skutecne-zdarma\\\/#primaryimage\"},\"thumbnailUrl\":\"https:\\\/\\\/gambling6.com\\\/wp-content\\\/uploads\\\/2013\\\/12\\\/img_116.png\",\"datePublished\":\"2025-11-08T12:37:05+00:00\",\"description\":\"Hran\u00ed kasinov\u00fdch her zdarma je spousta z\u00e1bavy. Znalost n\u011bkolika d\u016fle\u017eit\u00fdch v\u011bc\u00ed o kasinov\u00fdch hr\u00e1ch zdarma v\u00e1m pom\u016f\u017ee.\",\"breadcrumb\":{\"@id\":\"https:\\\/\\\/gambling6.com\\\/cs\\\/kasino\\\/nektere-kasinove-hry-jsou-skutecne-zdarma\\\/#breadcrumb\"},\"inLanguage\":\"cs\",\"potentialAction\":[{\"@type\":\"ReadAction\",\"target\":[\"https:\\\/\\\/gambling6.com\\\/cs\\\/kasino\\\/nektere-kasinove-hry-jsou-skutecne-zdarma\\\/\"]}]},{\"@type\":\"ImageObject\",\"inLanguage\":\"cs\",\"@id\":\"https:\\\/\\\/gambling6.com\\\/cs\\\/kasino\\\/nektere-kasinove-hry-jsou-skutecne-zdarma\\\/#primaryimage\",\"url\":\"https:\\\/\\\/gambling6.com\\\/wp-content\\\/uploads\\\/2013\\\/12\\\/img_116.png\",\"contentUrl\":\"https:\\\/\\\/gambling6.com\\\/wp-content\\\/uploads\\\/2013\\\/12\\\/img_116.png\",\"width\":270,\"height\":186,\"caption\":\"fre2 casino games\"},{\"@type\":\"BreadcrumbList\",\"@id\":\"https:\\\/\\\/gambling6.com\\\/cs\\\/kasino\\\/nektere-kasinove-hry-jsou-skutecne-zdarma\\\/#breadcrumb\",\"itemListElement\":[{\"@type\":\"ListItem\",\"position\":1,\"name\":\"Home\",\"item\":\"https:\\\/\\\/gambling6.com\\\/cs\\\/home\\\/\"},{\"@type\":\"ListItem\",\"position\":2,\"name\":\"Kasino\",\"item\":\"https:\\\/\\\/gambling6.com\\\/cs\\\/get-started-with-online-gambling\\\/\"},{\"@type\":\"ListItem\",\"position\":3,\"name\":\"N\u011bkter\u00e9 kasinov\u00e9 hry jsou skute\u010dn\u011b zdarma!\"}]},{\"@type\":\"WebSite\",\"@id\":\"https:\\\/\\\/gambling6.com\\\/cs\\\/#website\",\"url\":\"https:\\\/\\\/gambling6.com\\\/cs\\\/\",\"name\":\"Gambling6\",\"description\":\"\",\"potentialAction\":[{\"@type\":\"SearchAction\",\"target\":{\"@type\":\"EntryPoint\",\"urlTemplate\":\"https:\\\/\\\/gambling6.com\\\/cs\\\/?s={search_term_string}\"},\"query-input\":{\"@type\":\"PropertyValueSpecification\",\"valueRequired\":true,\"valueName\":\"search_term_string\"}}],\"inLanguage\":\"cs\"}]}<\/script>\n<!-- \/ Yoast SEO plugin. -->","yoast_head_json":{"title":"Hrajte online kasinov\u00e9 hry zdarma","description":"Hran\u00ed kasinov\u00fdch her zdarma je spousta z\u00e1bavy. Znalost n\u011bkolika d\u016fle\u017eit\u00fdch v\u011bc\u00ed o kasinov\u00fdch hr\u00e1ch zdarma v\u00e1m pom\u016f\u017ee.","robots":{"index":"index","follow":"follow","max-snippet":"max-snippet:-1","max-image-preview":"max-image-preview:large","max-video-preview":"max-video-preview:-1"},"canonical":"https:\/\/gambling6.com\/cs\/kasino\/nektere-kasinove-hry-jsou-skutecne-zdarma\/","og_locale":"cs_CZ","og_type":"article","og_title":"Hrajte online kasinov\u00e9 hry zdarma","og_description":"Hran\u00ed kasinov\u00fdch her zdarma je spousta z\u00e1bavy. Znalost n\u011bkolika d\u016fle\u017eit\u00fdch v\u011bc\u00ed o kasinov\u00fdch hr\u00e1ch zdarma v\u00e1m pom\u016f\u017ee.","og_url":"https:\/\/gambling6.com\/cs\/kasino\/nektere-kasinove-hry-jsou-skutecne-zdarma\/","og_site_name":"Gambling6","og_image":[{"width":270,"height":186,"url":"https:\/\/gambling6.com\/wp-content\/uploads\/2013\/12\/img_116.png","type":"image\/png"}],"twitter_card":"summary_large_image","twitter_misc":{"Odhadovan\u00e1 doba \u010dten\u00ed":"3 minuty"},"schema":{"@context":"https:\/\/schema.org","@graph":[{"@type":"WebPage","@id":"https:\/\/gambling6.com\/cs\/kasino\/nektere-kasinove-hry-jsou-skutecne-zdarma\/","url":"https:\/\/gambling6.com\/cs\/kasino\/nektere-kasinove-hry-jsou-skutecne-zdarma\/","name":"Hrajte online kasinov\u00e9 hry zdarma","isPartOf":{"@id":"https:\/\/gambling6.com\/cs\/#website"},"primaryImageOfPage":{"@id":"https:\/\/gambling6.com\/cs\/kasino\/nektere-kasinove-hry-jsou-skutecne-zdarma\/#primaryimage"},"image":{"@id":"https:\/\/gambling6.com\/cs\/kasino\/nektere-kasinove-hry-jsou-skutecne-zdarma\/#primaryimage"},"thumbnailUrl":"https:\/\/gambling6.com\/wp-content\/uploads\/2013\/12\/img_116.png","datePublished":"2025-11-08T12:37:05+00:00","description":"Hran\u00ed kasinov\u00fdch her zdarma je spousta z\u00e1bavy. Znalost n\u011bkolika d\u016fle\u017eit\u00fdch v\u011bc\u00ed o kasinov\u00fdch hr\u00e1ch zdarma v\u00e1m pom\u016f\u017ee.","breadcrumb":{"@id":"https:\/\/gambling6.com\/cs\/kasino\/nektere-kasinove-hry-jsou-skutecne-zdarma\/#breadcrumb"},"inLanguage":"cs","potentialAction":[{"@type":"ReadAction","target":["https:\/\/gambling6.com\/cs\/kasino\/nektere-kasinove-hry-jsou-skutecne-zdarma\/"]}]},{"@type":"ImageObject","inLanguage":"cs","@id":"https:\/\/gambling6.com\/cs\/kasino\/nektere-kasinove-hry-jsou-skutecne-zdarma\/#primaryimage","url":"https:\/\/gambling6.com\/wp-content\/uploads\/2013\/12\/img_116.png","contentUrl":"https:\/\/gambling6.com\/wp-content\/uploads\/2013\/12\/img_116.png","width":270,"height":186,"caption":"fre2 casino games"},{"@type":"BreadcrumbList","@id":"https:\/\/gambling6.com\/cs\/kasino\/nektere-kasinove-hry-jsou-skutecne-zdarma\/#breadcrumb","itemListElement":[{"@type":"ListItem","position":1,"name":"Home","item":"https:\/\/gambling6.com\/cs\/home\/"},{"@type":"ListItem","position":2,"name":"Kasino","item":"https:\/\/gambling6.com\/cs\/get-started-with-online-gambling\/"},{"@type":"ListItem","position":3,"name":"N\u011bkter\u00e9 kasinov\u00e9 hry jsou skute\u010dn\u011b zdarma!"}]},{"@type":"WebSite","@id":"https:\/\/gambling6.com\/cs\/#website","url":"https:\/\/gambling6.com\/cs\/","name":"Gambling6","description":"","potentialAction":[{"@type":"SearchAction","target":{"@type":"EntryPoint","urlTemplate":"https:\/\/gambling6.com\/cs\/?s={search_term_string}"},"query-input":{"@type":"PropertyValueSpecification","valueRequired":true,"valueName":"search_term_string"}}],"inLanguage":"cs"}]}},"_links":{"self":[{"href":"https:\/\/gambling6.com\/cs\/wp-json\/wp\/v2\/pages\/8981","targetHints":{"allow":["GET"]}}],"collection":[{"href":"https:\/\/gambling6.com\/cs\/wp-json\/wp\/v2\/pages"}],"about":[{"href":"https:\/\/gambling6.com\/cs\/wp-json\/wp\/v2\/types\/page"}],"author":[{"embeddable":true,"href":"https:\/\/gambling6.com\/cs\/wp-json\/wp\/v2\/users\/1"}],"replies":[{"embeddable":true,"href":"https:\/\/gambling6.com\/cs\/wp-json\/wp\/v2\/comments?post=8981"}],"version-history":[{"count":0,"href":"https:\/\/gambling6.com\/cs\/wp-json\/wp\/v2\/pages\/8981\/revisions"}],"up":[{"embeddable":true,"href":"https:\/\/gambling6.com\/cs\/wp-json\/wp\/v2\/pages\/8273"}],"wp:featuredmedia":[{"embeddable":true,"href":"https:\/\/gambling6.com\/cs\/wp-json\/wp\/v2\/media\/8982"}],"wp:attachment":[{"href":"https:\/\/gambling6.com\/cs\/wp-json\/wp\/v2\/media?parent=8981"}],"curies":[{"name":"wp","href":"https:\/\/api.w.org\/{rel}","templated":true}]}}