{"id":9024,"date":"2025-11-08T13:26:05","date_gmt":"2025-11-08T13:26:05","guid":{"rendered":"https:\/\/gambling6.com\/kasino\/online-kasina-s-hotovosti-pochopeni-textu-v-podrobnych-informacich\/"},"modified":"2025-11-08T13:26:05","modified_gmt":"2025-11-08T13:26:05","slug":"online-kasina-s-hotovosti-pochopeni-textu-v-podrobnych-informacich","status":"publish","type":"page","link":"https:\/\/gambling6.com\/cs\/kasino\/online-kasina-s-hotovosti-pochopeni-textu-v-podrobnych-informacich\/","title":{"rendered":"Online kasina s hotovost\u00ed: Pochopen\u00ed textu v podrobn\u00fdch informac\u00edch"},"content":{"rendered":"<h2>Kontrola obchodn\u00edch podm\u00ednek online kasin<\/h2>\n<p><img loading=\"lazy\" decoding=\"async\" class=\"alignright size-full wp-image-62 alignleft size-full wp-image-64\" style=\"margin: 5px; float: left;\" title=\"casino fine print\" src=\"http:\/\/gambling6.com\/wp-content\/uploads\/2013\/12\/casino-fine-print.jpg\" alt=\"casino fine print terms conditions\" width=\"168\" height=\"147\" \/><span style=\"box-sizing: border-box; margin: 0px; padding: 0px;\">Kdy\u017e se zaregistrujete v <strong>online cash cash casinu<\/strong>, mus\u00edte p\u0159ijmout u\u017eivatelskou smlouvu, kter\u00e1 obsahuje obchodn\u00ed podm\u00ednky online kasina, kter\u00e9 mus\u00edte dodr\u017eovat.<\/span> N\u011bkter\u00e9 z t\u011bchto podm\u00ednek se t\u00fdkaj\u00ed bankovn\u00edch proces\u016f kasina, zat\u00edmco jin\u00e9 se mohou t\u00fdkat s\u00e1zen\u00ed, her a bonus\u016f.<\/p>\n<p>Je nezbytn\u00e9 d\u016fkladn\u011b porozum\u011bt a uv\u011bdomit si dopad t\u011bchto podm\u00ednek, ne\u017e je p\u0159ijmete. P\u0159evod finan\u010dn\u00edch prost\u0159edk\u016f do a z kasina je pravd\u011bpodobn\u011b nejd\u016fle\u017eit\u011bj\u0161\u00ed funkc\u00ed, kter\u00e1 ovliv\u0148uje hr\u00e1\u010de. Proto je nezbytn\u00e9 si b\u00fdt v\u011bdomi toho, do \u010deho p\u0159esn\u011b se pou\u0161t\u00edte, kdy\u017e p\u0159ij\u00edm\u00e1te podm\u00ednky kasina. V tomto \u010dl\u00e1nku se sna\u017e\u00edme zjednodu\u0161it pr\u00e1vn\u00ed jazyk a vysv\u011btlit, co tyto podm\u00ednky obn\u00e1\u0161ej\u00ed. Hr\u00e1\u010d mus\u00ed p\u0159i p\u0159ijet\u00ed u\u017eivatelsk\u00e9 smlouvy p\u0159ijmout ur\u010dit\u00e9 z\u00e1vazky. Mus\u00ed tak\u00e9 poskytnout ur\u010dit\u00e9 z\u00e1ruky.<\/p>\n<p>Obecn\u011b lze \u0159\u00edci, \u017ee n\u011bkter\u00e1 online kasina obsahuj\u00ed odstavce drobn\u00fdm p\u00edsmem, kter\u00e9 mohou m\u00edt pro hr\u00e1\u010de velmi negativn\u00ed d\u016fsledky. Spol\u00e9haj\u00ed na to, \u017ee nikdo si nep\u0159e\u010dte v\u0161echna pravidla. V d\u016fsledku toho doporu\u010dujeme, abyste se dr\u017eeli kasin, kter\u00e1 jsou regulovan\u00e1, maj\u00ed dobrou pov\u011bst a tedy f\u00e9rov\u00e9 \u200b\u200bpodm\u00ednky.<\/p>\n<p>BetOnline Casino je jedn\u00edm z t\u011bchto kasin. Jejich podm\u00ednky drobn\u00fdm p\u00edsmem neobsahuj\u00ed \u017e\u00e1dn\u00e1 p\u0159ekvapen\u00ed. Odr\u00e1\u017eej\u00ed to, \u017ee kv\u016fli ned\u00e1vn\u00fdm americk\u00fdm regulac\u00edm ji\u017e proces vkladu a v\u00fdb\u011bru nen\u00ed tak p\u0159\u00edmo\u010dar\u00fd jako d\u0159\u00edve. Za dan\u00fdch okolnost\u00ed jsou v\u0161ak jejich podm\u00ednky st\u00e1le f\u00e9rov\u00e9.<\/p>\n<p><a class=\"thirstylink\" title=\"Betonline casino en\" href=\"https:\/\/gambling6.com\/go\/betonline-casino-en\/\" target=\"_blank\" rel=\"nofollow noopener\"><img loading=\"lazy\" decoding=\"async\" class=\" wp-image-7875 aligncenter\" src=\"https:\/\/gambling6.com\/wp-content\/uploads\/2025\/10\/BOL_AQC_banner_468x60_FS1_casino-300x38.gif\" alt=\"BetOnline casino\" width=\"498\" height=\"63\" \/><\/a><\/p>\n<h2>Co hr\u00e1\u010d obvykle mus\u00ed ud\u011blat podle podm\u00ednek kasina<\/h2>\n<p>Kasino tak\u00e9 od hr\u00e1\u010de o\u010dek\u00e1v\u00e1 potvrzen\u00ed, \u017ee je pr\u00e1voplatn\u00fdm vlastn\u00edkem finan\u010dn\u00edch prost\u0159edk\u016f pou\u017eit\u00fdch k s\u00e1zen\u00ed. Jin\u00fdmi slovy, nem\u016f\u017ee k vlo\u017een\u00ed finan\u010dn\u00edch prost\u0159edk\u016f na sv\u016fj \u00fa\u010det pou\u017e\u00edt kreditn\u00ed kartu, kter\u00e1 mu nepat\u0159\u00ed. Jeho kreditn\u00ed karta bude tak\u00e9 ov\u011b\u0159ena p\u0159ed proveden\u00edm jak\u00fdchkoli v\u00fdb\u011br\u016f. Stejn\u011b tak nem\u016f\u017ee pou\u017e\u00edvat \u017e\u00e1dn\u00e9 jin\u00e9 platebn\u00ed mo\u017enosti, kter\u00e9 nejsou na jeho jm\u00e9no.<\/p>\n<p>Poru\u0161en\u00ed dohody, a\u0165 u\u017e se t\u00fdk\u00e1 bankovn\u00edch proces\u016f nebo s\u00e1zen\u00ed, se nejprve dotkne hr\u00e1\u010dova \u00fa\u010dtu. Pokud je \u00fa\u010det pozastaven, m\u016f\u017ee kasino zadr\u017eet sporn\u00e9 finan\u010dn\u00ed prost\u0159edky; ve v\u011bt\u0161in\u011b p\u0159\u00edpad\u016f zadr\u017e\u00ed v\u0161echny finan\u010dn\u00ed prost\u0159edky, v\u010detn\u011b bonus\u016f, vklad\u016f a vr\u00e1cen\u00fdch pen\u011bz, bez jak\u00e9hokoli rozd\u00edlu. To je v souladu s podm\u00ednkami, na kter\u00fdch jste se dohodli.<\/p>\n<p>Pokud hr\u00e1\u010d dlu\u017e\u00ed kasinu pen\u00edze, kasino m\u016f\u017ee vynalo\u017eit ve\u0161ker\u00e9 \u00fasil\u00ed k vym\u00e1h\u00e1n\u00ed \u010d\u00e1stky, v\u010detn\u011b zapojen\u00ed inkasn\u00edch agentur. N\u011bkter\u00e1 online kasina maj\u00ed p\u0159\u00edsn\u00e1 pravidla t\u00fdkaj\u00edc\u00ed se ne\u010dinn\u00fdch \u00fa\u010dt\u016f. Jeden z m\u00fdch p\u0159\u00e1tel se to nau\u010dil tvrd\u011b. Zaregistroval se v jednom online kasinu a n\u011bjakou dobu tam hr\u00e1l, kde vyhr\u00e1l slu\u0161nou sumu. P\u0159e\u0161el do jin\u00e9ho kasina a pl\u00e1noval se po kr\u00e1tk\u00e9 dob\u011b vr\u00e1tit do prvn\u00edho. Kdy\u017e si p\u0159\u00ed\u0161t\u011b zkontroloval \u00fa\u010det, nena\u0161el \u017e\u00e1dn\u00fd z\u016fstatek. Po kontaktov\u00e1n\u00ed z\u00e1kaznick\u00e9ho servisu mu bylo \u0159e\u010deno, \u017ee jeho pen\u00edze propadly, proto\u017ee v kasinu nehr\u00e1l d\u00e9le ne\u017e 6 m\u011bs\u00edc\u016f. To je samoz\u0159ejm\u011b pon\u011bkud neobvykl\u00e9 a i kdyby se v\u00e1m to stalo, mohli byste probl\u00e9m vy\u0159e\u0161it kr\u00e1tk\u00fdm e-mailem z\u00e1kaznick\u00e9mu servisu.<\/p>\n<h2>Na co si d\u00e1t pozor<\/h2>\n<p>P\u0159esto, pokud se rozhodnete p\u0159estat hr\u00e1t ve sv\u00e9m online kasinu, ujist\u011bte se, \u017ee jste si vybrali v\u0161echny prost\u0159edky na sv\u00e9m kasinov\u00e9m \u00fa\u010dtu, bez ohledu na to, jak kr\u00e1tk\u00e1 bude p\u0159est\u00e1vka. Zkontrolujte, zda budou za v\u00fdb\u011bry strh\u00e1v\u00e1ny n\u011bjak\u00e9 poplatky. Pokud se za v\u00fdb\u011bry \u00fa\u010dtuje pau\u0161\u00e1ln\u00ed poplatek, mo\u017en\u00e1 budete cht\u00edt vybrat v\u0161echny sv\u00e9 prost\u0159edky najednou, ne\u017e prov\u00e1d\u011bt v\u00edce v\u00fdb\u011br\u016f. Nevyb\u00edrejte pen\u00edze, pokud pl\u00e1nujete kr\u00e1tce pot\u00e9 znovu vlo\u017eit pen\u00edze \u2013 pokud tak u\u010din\u00edte, p\u0159ijdete o pen\u00edze. <strong>Porovnejte r\u016fzn\u00e9 mo\u017enosti zpracov\u00e1n\u00ed pen\u011bz, kter\u00e9 m\u00e1te k dispozici \u2013 n\u011bkter\u00e9 maj\u00ed ni\u017e\u0161\u00ed poplatky, jin\u00e9 vy\u0161\u0161\u00ed!<\/strong><\/p>\n<p>Existuj\u00ed i \u200b\u200bdal\u0161\u00ed podm\u00ednky t\u00fdkaj\u00edc\u00ed se bonus\u016f a propaga\u010dn\u00edch nab\u00eddek kasina. Obecn\u011b se jedn\u00e1 o podm\u00ednky zp\u016fsobilosti a po\u017eadavky na s\u00e1zen\u00ed pot\u0159ebn\u00e9 k uvoln\u011bn\u00ed kasinov\u00e9ho bonusu. Je dobr\u00e9 si tyto po\u017eadavky p\u0159e\u010d\u00edst a porozum\u011bt jim p\u0159ed p\u0159ijet\u00edm kasinov\u00fdch bonusov\u00fdch nab\u00eddek. Stejn\u011b tak si hr\u00e1\u010di mus\u00ed p\u0159ed registrac\u00ed v jak\u00e9mkoli online kasinu p\u0159e\u010d\u00edst obchodn\u00ed podm\u00ednky a porozum\u011bt textu drobn\u00fdm p\u00edsmem a \u010dast\u00fdm dotaz\u016fm v kasinu o skute\u010dn\u00e9 pen\u00edze, aby se pozd\u011bji vyhnuli zbyte\u010dn\u00fdm pot\u00ed\u017e\u00edm. Online kasina obvykle maj\u00ed celou str\u00e1nku v\u011bnovanou smlouv\u00e1m s koncov\u00fdm u\u017eivatelem a vyPrvn\u00edm \u00fakolem by m\u011blo b\u00fdt pe\u010dliv\u011b si je p\u0159e\u010d\u00edst, ne\u017e se rozhodnete vstoupit do kasina.<\/p>\n","protected":false},"excerpt":{"rendered":"<p>Kontrola obchodn\u00edch podm\u00ednek online kasin Kdy\u017e se zaregistrujete v online cash cash casinu, mus\u00edte p\u0159ijmout u\u017eivatelskou smlouvu, kter\u00e1 obsahuje obchodn\u00ed podm\u00ednky online kasina, kter\u00e9 mus\u00edte dodr\u017eovat. N\u011bkter\u00e9 z t\u011bchto podm\u00ednek se t\u00fdkaj\u00ed bankovn\u00edch proces\u016f kasina, zat\u00edmco jin\u00e9 se mohou t\u00fdkat s\u00e1zen\u00ed, her a bonus\u016f. Je nezbytn\u00e9 d\u016fkladn\u011b porozum\u011bt a uv\u011bdomit si dopad t\u011bchto podm\u00ednek, ne\u017e [&hellip;]<\/p>\n","protected":false},"author":1,"featured_media":9025,"parent":8273,"menu_order":68,"comment_status":"closed","ping_status":"closed","template":"","meta":{"footnotes":""},"class_list":["post-9024","page","type-page","status-publish","has-post-thumbnail","hentry"],"yoast_head":"<!-- This site is optimized with the Yoast SEO plugin v27.3 - https:\/\/yoast.com\/product\/yoast-seo-wordpress\/ -->\n<title>Na co si d\u00e1t pozor v podm\u00ednk\u00e1ch kasina<\/title>\n<meta name=\"description\" content=\"Smluvn\u00ed podm\u00ednky online kasin drobn\u00fdm p\u00edsmem \u2013 co o\u010dek\u00e1vat a co ne\" \/>\n<meta name=\"robots\" content=\"index, follow, max-snippet:-1, max-image-preview:large, max-video-preview:-1\" \/>\n<link rel=\"canonical\" href=\"https:\/\/gambling6.com\/cs\/kasino\/online-kasina-s-hotovosti-pochopeni-textu-v-podrobnych-informacich\/\" \/>\n<meta property=\"og:locale\" content=\"cs_CZ\" \/>\n<meta property=\"og:type\" content=\"article\" \/>\n<meta property=\"og:title\" content=\"Na co si d\u00e1t pozor v podm\u00ednk\u00e1ch kasina\" \/>\n<meta property=\"og:description\" content=\"Smluvn\u00ed podm\u00ednky online kasin drobn\u00fdm p\u00edsmem \u2013 co o\u010dek\u00e1vat a co ne\" \/>\n<meta property=\"og:url\" content=\"https:\/\/gambling6.com\/cs\/kasino\/online-kasina-s-hotovosti-pochopeni-textu-v-podrobnych-informacich\/\" \/>\n<meta property=\"og:site_name\" content=\"Gambling6\" \/>\n<meta property=\"og:image\" content=\"https:\/\/gambling6.com\/wp-content\/uploads\/2013\/12\/casino-fine-print.jpg\" \/>\n\t<meta property=\"og:image:width\" content=\"200\" \/>\n\t<meta property=\"og:image:height\" content=\"175\" \/>\n\t<meta property=\"og:image:type\" content=\"image\/jpeg\" \/>\n<meta name=\"twitter:card\" content=\"summary_large_image\" \/>\n<meta name=\"twitter:label1\" content=\"Odhadovan\u00e1 doba \u010dten\u00ed\" \/>\n\t<meta name=\"twitter:data1\" content=\"5 minut\" \/>\n<script type=\"application\/ld+json\" class=\"yoast-schema-graph\">{\"@context\":\"https:\\\/\\\/schema.org\",\"@graph\":[{\"@type\":\"WebPage\",\"@id\":\"https:\\\/\\\/gambling6.com\\\/cs\\\/kasino\\\/online-kasina-s-hotovosti-pochopeni-textu-v-podrobnych-informacich\\\/\",\"url\":\"https:\\\/\\\/gambling6.com\\\/cs\\\/kasino\\\/online-kasina-s-hotovosti-pochopeni-textu-v-podrobnych-informacich\\\/\",\"name\":\"Na co si d\u00e1t pozor v podm\u00ednk\u00e1ch kasina\",\"isPartOf\":{\"@id\":\"https:\\\/\\\/gambling6.com\\\/cs\\\/#website\"},\"primaryImageOfPage\":{\"@id\":\"https:\\\/\\\/gambling6.com\\\/cs\\\/kasino\\\/online-kasina-s-hotovosti-pochopeni-textu-v-podrobnych-informacich\\\/#primaryimage\"},\"image\":{\"@id\":\"https:\\\/\\\/gambling6.com\\\/cs\\\/kasino\\\/online-kasina-s-hotovosti-pochopeni-textu-v-podrobnych-informacich\\\/#primaryimage\"},\"thumbnailUrl\":\"https:\\\/\\\/gambling6.com\\\/wp-content\\\/uploads\\\/2013\\\/12\\\/casino-fine-print.jpg\",\"datePublished\":\"2025-11-08T13:26:05+00:00\",\"description\":\"Smluvn\u00ed podm\u00ednky online kasin drobn\u00fdm p\u00edsmem \u2013 co o\u010dek\u00e1vat a co ne\",\"breadcrumb\":{\"@id\":\"https:\\\/\\\/gambling6.com\\\/cs\\\/kasino\\\/online-kasina-s-hotovosti-pochopeni-textu-v-podrobnych-informacich\\\/#breadcrumb\"},\"inLanguage\":\"cs\",\"potentialAction\":[{\"@type\":\"ReadAction\",\"target\":[\"https:\\\/\\\/gambling6.com\\\/cs\\\/kasino\\\/online-kasina-s-hotovosti-pochopeni-textu-v-podrobnych-informacich\\\/\"]}]},{\"@type\":\"ImageObject\",\"inLanguage\":\"cs\",\"@id\":\"https:\\\/\\\/gambling6.com\\\/cs\\\/kasino\\\/online-kasina-s-hotovosti-pochopeni-textu-v-podrobnych-informacich\\\/#primaryimage\",\"url\":\"https:\\\/\\\/gambling6.com\\\/wp-content\\\/uploads\\\/2013\\\/12\\\/casino-fine-print.jpg\",\"contentUrl\":\"https:\\\/\\\/gambling6.com\\\/wp-content\\\/uploads\\\/2013\\\/12\\\/casino-fine-print.jpg\",\"width\":200,\"height\":175,\"caption\":\"casino fine print\"},{\"@type\":\"BreadcrumbList\",\"@id\":\"https:\\\/\\\/gambling6.com\\\/cs\\\/kasino\\\/online-kasina-s-hotovosti-pochopeni-textu-v-podrobnych-informacich\\\/#breadcrumb\",\"itemListElement\":[{\"@type\":\"ListItem\",\"position\":1,\"name\":\"Home\",\"item\":\"https:\\\/\\\/gambling6.com\\\/cs\\\/home\\\/\"},{\"@type\":\"ListItem\",\"position\":2,\"name\":\"Kasino\",\"item\":\"https:\\\/\\\/gambling6.com\\\/cs\\\/get-started-with-online-gambling\\\/\"},{\"@type\":\"ListItem\",\"position\":3,\"name\":\"Online kasina s hotovost\u00ed: Pochopen\u00ed textu v podrobn\u00fdch informac\u00edch\"}]},{\"@type\":\"WebSite\",\"@id\":\"https:\\\/\\\/gambling6.com\\\/cs\\\/#website\",\"url\":\"https:\\\/\\\/gambling6.com\\\/cs\\\/\",\"name\":\"Gambling6\",\"description\":\"\",\"potentialAction\":[{\"@type\":\"SearchAction\",\"target\":{\"@type\":\"EntryPoint\",\"urlTemplate\":\"https:\\\/\\\/gambling6.com\\\/cs\\\/?s={search_term_string}\"},\"query-input\":{\"@type\":\"PropertyValueSpecification\",\"valueRequired\":true,\"valueName\":\"search_term_string\"}}],\"inLanguage\":\"cs\"}]}<\/script>\n<!-- \/ Yoast SEO plugin. -->","yoast_head_json":{"title":"Na co si d\u00e1t pozor v podm\u00ednk\u00e1ch kasina","description":"Smluvn\u00ed podm\u00ednky online kasin drobn\u00fdm p\u00edsmem \u2013 co o\u010dek\u00e1vat a co ne","robots":{"index":"index","follow":"follow","max-snippet":"max-snippet:-1","max-image-preview":"max-image-preview:large","max-video-preview":"max-video-preview:-1"},"canonical":"https:\/\/gambling6.com\/cs\/kasino\/online-kasina-s-hotovosti-pochopeni-textu-v-podrobnych-informacich\/","og_locale":"cs_CZ","og_type":"article","og_title":"Na co si d\u00e1t pozor v podm\u00ednk\u00e1ch kasina","og_description":"Smluvn\u00ed podm\u00ednky online kasin drobn\u00fdm p\u00edsmem \u2013 co o\u010dek\u00e1vat a co ne","og_url":"https:\/\/gambling6.com\/cs\/kasino\/online-kasina-s-hotovosti-pochopeni-textu-v-podrobnych-informacich\/","og_site_name":"Gambling6","og_image":[{"width":200,"height":175,"url":"https:\/\/gambling6.com\/wp-content\/uploads\/2013\/12\/casino-fine-print.jpg","type":"image\/jpeg"}],"twitter_card":"summary_large_image","twitter_misc":{"Odhadovan\u00e1 doba \u010dten\u00ed":"5 minut"},"schema":{"@context":"https:\/\/schema.org","@graph":[{"@type":"WebPage","@id":"https:\/\/gambling6.com\/cs\/kasino\/online-kasina-s-hotovosti-pochopeni-textu-v-podrobnych-informacich\/","url":"https:\/\/gambling6.com\/cs\/kasino\/online-kasina-s-hotovosti-pochopeni-textu-v-podrobnych-informacich\/","name":"Na co si d\u00e1t pozor v podm\u00ednk\u00e1ch kasina","isPartOf":{"@id":"https:\/\/gambling6.com\/cs\/#website"},"primaryImageOfPage":{"@id":"https:\/\/gambling6.com\/cs\/kasino\/online-kasina-s-hotovosti-pochopeni-textu-v-podrobnych-informacich\/#primaryimage"},"image":{"@id":"https:\/\/gambling6.com\/cs\/kasino\/online-kasina-s-hotovosti-pochopeni-textu-v-podrobnych-informacich\/#primaryimage"},"thumbnailUrl":"https:\/\/gambling6.com\/wp-content\/uploads\/2013\/12\/casino-fine-print.jpg","datePublished":"2025-11-08T13:26:05+00:00","description":"Smluvn\u00ed podm\u00ednky online kasin drobn\u00fdm p\u00edsmem \u2013 co o\u010dek\u00e1vat a co ne","breadcrumb":{"@id":"https:\/\/gambling6.com\/cs\/kasino\/online-kasina-s-hotovosti-pochopeni-textu-v-podrobnych-informacich\/#breadcrumb"},"inLanguage":"cs","potentialAction":[{"@type":"ReadAction","target":["https:\/\/gambling6.com\/cs\/kasino\/online-kasina-s-hotovosti-pochopeni-textu-v-podrobnych-informacich\/"]}]},{"@type":"ImageObject","inLanguage":"cs","@id":"https:\/\/gambling6.com\/cs\/kasino\/online-kasina-s-hotovosti-pochopeni-textu-v-podrobnych-informacich\/#primaryimage","url":"https:\/\/gambling6.com\/wp-content\/uploads\/2013\/12\/casino-fine-print.jpg","contentUrl":"https:\/\/gambling6.com\/wp-content\/uploads\/2013\/12\/casino-fine-print.jpg","width":200,"height":175,"caption":"casino fine print"},{"@type":"BreadcrumbList","@id":"https:\/\/gambling6.com\/cs\/kasino\/online-kasina-s-hotovosti-pochopeni-textu-v-podrobnych-informacich\/#breadcrumb","itemListElement":[{"@type":"ListItem","position":1,"name":"Home","item":"https:\/\/gambling6.com\/cs\/home\/"},{"@type":"ListItem","position":2,"name":"Kasino","item":"https:\/\/gambling6.com\/cs\/get-started-with-online-gambling\/"},{"@type":"ListItem","position":3,"name":"Online kasina s hotovost\u00ed: Pochopen\u00ed textu v podrobn\u00fdch informac\u00edch"}]},{"@type":"WebSite","@id":"https:\/\/gambling6.com\/cs\/#website","url":"https:\/\/gambling6.com\/cs\/","name":"Gambling6","description":"","potentialAction":[{"@type":"SearchAction","target":{"@type":"EntryPoint","urlTemplate":"https:\/\/gambling6.com\/cs\/?s={search_term_string}"},"query-input":{"@type":"PropertyValueSpecification","valueRequired":true,"valueName":"search_term_string"}}],"inLanguage":"cs"}]}},"_links":{"self":[{"href":"https:\/\/gambling6.com\/cs\/wp-json\/wp\/v2\/pages\/9024","targetHints":{"allow":["GET"]}}],"collection":[{"href":"https:\/\/gambling6.com\/cs\/wp-json\/wp\/v2\/pages"}],"about":[{"href":"https:\/\/gambling6.com\/cs\/wp-json\/wp\/v2\/types\/page"}],"author":[{"embeddable":true,"href":"https:\/\/gambling6.com\/cs\/wp-json\/wp\/v2\/users\/1"}],"replies":[{"embeddable":true,"href":"https:\/\/gambling6.com\/cs\/wp-json\/wp\/v2\/comments?post=9024"}],"version-history":[{"count":0,"href":"https:\/\/gambling6.com\/cs\/wp-json\/wp\/v2\/pages\/9024\/revisions"}],"up":[{"embeddable":true,"href":"https:\/\/gambling6.com\/cs\/wp-json\/wp\/v2\/pages\/8273"}],"wp:featuredmedia":[{"embeddable":true,"href":"https:\/\/gambling6.com\/cs\/wp-json\/wp\/v2\/media\/9025"}],"wp:attachment":[{"href":"https:\/\/gambling6.com\/cs\/wp-json\/wp\/v2\/media?parent=9024"}],"curies":[{"name":"wp","href":"https:\/\/api.w.org\/{rel}","templated":true}]}}