{"id":9067,"date":"2025-11-08T14:18:32","date_gmt":"2025-11-08T14:18:32","guid":{"rendered":"https:\/\/gambling6.com\/tipy-pro-sportovni-sazeni-vas-pruvodce-online-sazenim\/"},"modified":"2025-11-12T19:14:22","modified_gmt":"2025-11-12T19:14:22","slug":"tipy-pro-sportovni-sazeni-vas-pruvodce-online-sazenim","status":"publish","type":"page","link":"https:\/\/gambling6.com\/cs\/sportovni-sazeni\/tipy-pro-sportovni-sazeni-vas-pruvodce-online-sazenim\/","title":{"rendered":"Tipy pro sportovn\u00ed s\u00e1zen\u00ed &#8211; V\u00e1\u0161 pr\u016fvodce online s\u00e1zen\u00edm"},"content":{"rendered":"<h2>Kompletn\u00ed pr\u016fvodce sv\u011btem online s\u00e1zen\u00ed!<\/h2>\n<p>Hazardn\u00ed hry jsou sou\u010d\u00e1st\u00ed na\u0161\u00ed p\u0159irozenosti u\u017e od \u00fasvitu lidstva. Jakmile se objevil internet, bylo p\u0159irozen\u00e9, \u017ee se objevily hazardn\u00ed str\u00e1nky. Jakmile se tak stalo, t\u011b\u0161ily se obrovsk\u00e9mu \u00fasp\u011bchu a online hazardn\u00ed hry jsou nyn\u00ed jednou z nejobl\u00edben\u011bj\u0161\u00edch aktivit na sv\u011bt\u011b.<\/p>\n<p>P\u0159edpokl\u00e1dejme, \u017ee chcete za\u010d\u00edt hr\u00e1t online hazardn\u00ed hru. V tom p\u0159\u00edpad\u011b byste m\u011bli v\u011bd\u011bt, \u017ee registrace \u00fa\u010dtu na kter\u00e9koli z hlavn\u00edch online hazardn\u00edch webov\u00fdch str\u00e1nek v\u00e1m zabere jen p\u00e1r minut, po kter\u00fdch si m\u016f\u017eete zahr\u00e1t cokoli chcete, od online kasinov\u00fdch her a\u017e po online poker, nebo dokonce s\u00e1zet na sportovn\u00ed \u010di finan\u010dn\u00ed str\u00e1nky.<\/p>\n<p><img loading=\"lazy\" decoding=\"async\" class=\"size-medium wp-image-3057 alignright\" src=\"https:\/\/gambling6.com\/wp-content\/uploads\/2022\/04\/soccermoney-300x200.jpg\" alt=\"pr\u016fvodce online s\u00e1zkami\" width=\"300\" height=\"200\" srcset=\"https:\/\/gambling6.com\/wp-content\/uploads\/2022\/04\/soccermoney-300x200.jpg 300w, https:\/\/gambling6.com\/wp-content\/uploads\/2022\/04\/soccermoney.jpg 424w\" sizes=\"auto, (max-width: 300px) 100vw, 300px\" \/>Kdy\u017e u\u017e mluv\u00edme o online s\u00e1zen\u00ed, m\u011bli byste v\u011bd\u011bt, \u017ee pokud se chcete p\u0159ipojit k online hazardn\u00edm web\u016fm, kter\u00e9 nevy\u017eaduj\u00ed, abyste se u\u010dili hr\u00e1t novou hru (co\u017e by platilo pro cokoli od online pokeru a\u017e po online kasinov\u00e9 hry), online s\u00e1zen\u00ed je perfektn\u00edm \u0159e\u0161en\u00edm. Pravidla u\u017e zn\u00e1te \u2013 sta\u010d\u00ed spr\u00e1vn\u011b uhodnout v\u00fdsledek hry z profesion\u00e1ln\u00edho sportu a to je v\u0161e. Pokud m\u00e1te pravdu, dostanete zaplaceno. Pokud se m\u00fdl\u00edte, m\u016f\u017eete to zkusit znovu.<\/p>\n<p>\u0158ekn\u011bme, \u017ee jste online s\u00e1zen\u00ed doposud neobjevili. Bylo by hloup\u00e9, kdybyste za\u010dali hr\u00e1t, ani\u017e byste v\u011bd\u011bli cokoli o odv\u011btv\u00ed, sportu nebo dokonce o online hazardn\u00edch str\u00e1nk\u00e1ch, ke kter\u00fdm se chcete p\u0159ipojit. Proto existuj\u00ed str\u00e1nky, jejich\u017e jedin\u00fdm \u00fa\u010delem je p\u0159ibl\u00ed\u017eit v\u00e1m va\u0161e obl\u00edben\u00e9 online hazardn\u00ed hry t\u00edm, \u017ee v\u00e1m nab\u00eddnou co nejv\u00edce znalost\u00ed.<\/p>\n<p><strong>BetOnline<\/strong> je jednou z nejlep\u0161\u00edch online s\u00e1zkov\u00fdch str\u00e1nek na sv\u011bt\u011b. Od s\u00e1zen\u00ed na dostihy p\u0159es sportovn\u00ed s\u00e1zen\u00ed a\u017e po finan\u010dn\u00ed s\u00e1zen\u00ed, v\u0161echny jsou zde podrobn\u011b prezentov\u00e1ny a v\u0161e, co za\u010d\u00e1te\u010dn\u00edk pot\u0159ebuje v\u011bd\u011bt, se dozv\u00edte pouh\u00fdmi n\u011bkolika minutami v sekci, kter\u00e1 v\u00e1s zaj\u00edm\u00e1.<\/p>\n<p><a class=\"thirstylink\" title=\"Betonline sports en\" href=\"https:\/\/gambling6.com\/go\/betonline-sports-en\/\" target=\"_blank\" rel=\"nofollow noopener\">P\u0159idejte se k milion\u016fm fanou\u0161k\u016f sportovn\u00edho s\u00e1zen\u00ed z cel\u00e9ho sv\u011bta u Betonline, na\u0161\u00ed obl\u00edben\u00e9 s\u00e1zkov\u00e9 kancel\u00e1\u0159e, kliknut\u00edm na tento odkaz.<\/a><\/p>\n<p>Nap\u0159\u00edklad, pokud chcete za\u010d\u00edt s\u00e1zet na dostihy, m\u011bli byste se pod\u00edvat do sekce S\u00e1zen\u00ed na dostihy, kter\u00e1 v\u00e1m nab\u00edz\u00ed v\u0161e o online dostiz\u00edch &#8211; od ps\u00edch dostih\u016f a\u017e po starod\u00e1vn\u00e9 ko\u0148sk\u00e9 dostihy, nebo dokonce i nov\u011bj\u0161\u00ed sporty jako NASCAR nebo Formule 1. BetOnline v\u00e1m nab\u00edz\u00ed v\u0161e, co byste cht\u011bli v\u011bd\u011bt o ka\u017ed\u00e9m z t\u011bchto typ\u016f sport\u016f.<\/p>\n<p>Celkov\u011b vzato, pokud chcete za\u010d\u00edt s\u00e1zet na sporty, m\u011bli byste vyzkou\u0161et BetOnline, jednu z nejlep\u0161\u00edch online hazardn\u00edch str\u00e1nek. Dovedou v\u00e1s od absolutn\u011b ni\u010deho, co o tomto odv\u011btv\u00ed v\u00edte, k tomu, abyste na n\u011bm vyd\u011blali spoustu pen\u011bz!<\/p>\n","protected":false},"excerpt":{"rendered":"<p>Kompletn\u00ed pr\u016fvodce sv\u011btem online s\u00e1zen\u00ed! Hazardn\u00ed hry jsou sou\u010d\u00e1st\u00ed na\u0161\u00ed p\u0159irozenosti u\u017e od \u00fasvitu lidstva. Jakmile se objevil internet, bylo p\u0159irozen\u00e9, \u017ee se objevily hazardn\u00ed str\u00e1nky. Jakmile se tak stalo, t\u011b\u0161ily se obrovsk\u00e9mu \u00fasp\u011bchu a online hazardn\u00ed hry jsou nyn\u00ed jednou z nejobl\u00edben\u011bj\u0161\u00edch aktivit na sv\u011bt\u011b. P\u0159edpokl\u00e1dejme, \u017ee chcete za\u010d\u00edt hr\u00e1t online hazardn\u00ed hru. V [&hellip;]<\/p>\n","protected":false},"author":1,"featured_media":0,"parent":9201,"menu_order":14,"comment_status":"closed","ping_status":"closed","template":"","meta":{"footnotes":""},"class_list":["post-9067","page","type-page","status-publish","hentry"],"yoast_head":"<!-- This site is optimized with the Yoast SEO plugin v27.3 - https:\/\/yoast.com\/product\/yoast-seo-wordpress\/ -->\n<title>Pr\u016fvodce a tipy pro online sportovn\u00ed s\u00e1zen\u00ed<\/title>\n<meta name=\"description\" content=\"Za\u010dn\u011bte s\u00e1zet online je\u0161t\u011b dnes. Nav\u0161tivte BetOnline a prohl\u00e9dn\u011bte si kompletn\u00ed v\u00fdb\u011br s\u00e1zkov\u00fdch mo\u017enost\u00ed, online poker a kasino, v\u0161e na jednom webu.\" \/>\n<meta name=\"robots\" content=\"index, follow, max-snippet:-1, max-image-preview:large, max-video-preview:-1\" \/>\n<link rel=\"canonical\" href=\"https:\/\/gambling6.com\/cs\/sportovni-sazeni\/tipy-pro-sportovni-sazeni-vas-pruvodce-online-sazenim\/\" \/>\n<meta property=\"og:locale\" content=\"cs_CZ\" \/>\n<meta property=\"og:type\" content=\"article\" \/>\n<meta property=\"og:title\" content=\"Pr\u016fvodce a tipy pro online sportovn\u00ed s\u00e1zen\u00ed\" \/>\n<meta property=\"og:description\" content=\"Za\u010dn\u011bte s\u00e1zet online je\u0161t\u011b dnes. Nav\u0161tivte BetOnline a prohl\u00e9dn\u011bte si kompletn\u00ed v\u00fdb\u011br s\u00e1zkov\u00fdch mo\u017enost\u00ed, online poker a kasino, v\u0161e na jednom webu.\" \/>\n<meta property=\"og:url\" content=\"https:\/\/gambling6.com\/cs\/sportovni-sazeni\/tipy-pro-sportovni-sazeni-vas-pruvodce-online-sazenim\/\" \/>\n<meta property=\"og:site_name\" content=\"Gambling6\" \/>\n<meta property=\"article:modified_time\" content=\"2025-11-12T19:14:22+00:00\" \/>\n<meta property=\"og:image\" content=\"https:\/\/gambling6.com\/wp-content\/uploads\/2022\/04\/soccermoney.jpg\" \/>\n\t<meta property=\"og:image:width\" content=\"424\" \/>\n\t<meta property=\"og:image:height\" content=\"283\" \/>\n\t<meta property=\"og:image:type\" content=\"image\/jpeg\" \/>\n<meta name=\"twitter:card\" content=\"summary_large_image\" \/>\n<meta name=\"twitter:label1\" content=\"Odhadovan\u00e1 doba \u010dten\u00ed\" \/>\n\t<meta name=\"twitter:data1\" content=\"3 minuty\" \/>\n<script type=\"application\/ld+json\" class=\"yoast-schema-graph\">{\"@context\":\"https:\\\/\\\/schema.org\",\"@graph\":[{\"@type\":\"WebPage\",\"@id\":\"https:\\\/\\\/gambling6.com\\\/cs\\\/sportovni-sazeni\\\/tipy-pro-sportovni-sazeni-vas-pruvodce-online-sazenim\\\/\",\"url\":\"https:\\\/\\\/gambling6.com\\\/cs\\\/sportovni-sazeni\\\/tipy-pro-sportovni-sazeni-vas-pruvodce-online-sazenim\\\/\",\"name\":\"Pr\u016fvodce a tipy pro online sportovn\u00ed s\u00e1zen\u00ed\",\"isPartOf\":{\"@id\":\"https:\\\/\\\/gambling6.com\\\/cs\\\/#website\"},\"primaryImageOfPage\":{\"@id\":\"https:\\\/\\\/gambling6.com\\\/cs\\\/sportovni-sazeni\\\/tipy-pro-sportovni-sazeni-vas-pruvodce-online-sazenim\\\/#primaryimage\"},\"image\":{\"@id\":\"https:\\\/\\\/gambling6.com\\\/cs\\\/sportovni-sazeni\\\/tipy-pro-sportovni-sazeni-vas-pruvodce-online-sazenim\\\/#primaryimage\"},\"thumbnailUrl\":\"https:\\\/\\\/gambling6.com\\\/wp-content\\\/uploads\\\/2022\\\/04\\\/soccermoney-300x200.jpg\",\"datePublished\":\"2025-11-08T14:18:32+00:00\",\"dateModified\":\"2025-11-12T19:14:22+00:00\",\"description\":\"Za\u010dn\u011bte s\u00e1zet online je\u0161t\u011b dnes. Nav\u0161tivte BetOnline a prohl\u00e9dn\u011bte si kompletn\u00ed v\u00fdb\u011br s\u00e1zkov\u00fdch mo\u017enost\u00ed, online poker a kasino, v\u0161e na jednom webu.\",\"breadcrumb\":{\"@id\":\"https:\\\/\\\/gambling6.com\\\/cs\\\/sportovni-sazeni\\\/tipy-pro-sportovni-sazeni-vas-pruvodce-online-sazenim\\\/#breadcrumb\"},\"inLanguage\":\"cs\",\"potentialAction\":[{\"@type\":\"ReadAction\",\"target\":[\"https:\\\/\\\/gambling6.com\\\/cs\\\/sportovni-sazeni\\\/tipy-pro-sportovni-sazeni-vas-pruvodce-online-sazenim\\\/\"]}]},{\"@type\":\"ImageObject\",\"inLanguage\":\"cs\",\"@id\":\"https:\\\/\\\/gambling6.com\\\/cs\\\/sportovni-sazeni\\\/tipy-pro-sportovni-sazeni-vas-pruvodce-online-sazenim\\\/#primaryimage\",\"url\":\"https:\\\/\\\/gambling6.com\\\/wp-content\\\/uploads\\\/2022\\\/04\\\/soccermoney-300x200.jpg\",\"contentUrl\":\"https:\\\/\\\/gambling6.com\\\/wp-content\\\/uploads\\\/2022\\\/04\\\/soccermoney-300x200.jpg\"},{\"@type\":\"BreadcrumbList\",\"@id\":\"https:\\\/\\\/gambling6.com\\\/cs\\\/sportovni-sazeni\\\/tipy-pro-sportovni-sazeni-vas-pruvodce-online-sazenim\\\/#breadcrumb\",\"itemListElement\":[{\"@type\":\"ListItem\",\"position\":1,\"name\":\"Home\",\"item\":\"https:\\\/\\\/gambling6.com\\\/cs\\\/home\\\/\"},{\"@type\":\"ListItem\",\"position\":2,\"name\":\"Sportovn\u00ed s\u00e1zen\u00ed\",\"item\":\"https:\\\/\\\/gambling6.com\\\/cs\\\/introduction-to-online-sportsbetting\\\/\"},{\"@type\":\"ListItem\",\"position\":3,\"name\":\"Tipy pro sportovn\u00ed s\u00e1zen\u00ed &#8211; V\u00e1\u0161 pr\u016fvodce online s\u00e1zen\u00edm\"}]},{\"@type\":\"WebSite\",\"@id\":\"https:\\\/\\\/gambling6.com\\\/cs\\\/#website\",\"url\":\"https:\\\/\\\/gambling6.com\\\/cs\\\/\",\"name\":\"Gambling6\",\"description\":\"\",\"potentialAction\":[{\"@type\":\"SearchAction\",\"target\":{\"@type\":\"EntryPoint\",\"urlTemplate\":\"https:\\\/\\\/gambling6.com\\\/cs\\\/?s={search_term_string}\"},\"query-input\":{\"@type\":\"PropertyValueSpecification\",\"valueRequired\":true,\"valueName\":\"search_term_string\"}}],\"inLanguage\":\"cs\"}]}<\/script>\n<!-- \/ Yoast SEO plugin. -->","yoast_head_json":{"title":"Pr\u016fvodce a tipy pro online sportovn\u00ed s\u00e1zen\u00ed","description":"Za\u010dn\u011bte s\u00e1zet online je\u0161t\u011b dnes. Nav\u0161tivte BetOnline a prohl\u00e9dn\u011bte si kompletn\u00ed v\u00fdb\u011br s\u00e1zkov\u00fdch mo\u017enost\u00ed, online poker a kasino, v\u0161e na jednom webu.","robots":{"index":"index","follow":"follow","max-snippet":"max-snippet:-1","max-image-preview":"max-image-preview:large","max-video-preview":"max-video-preview:-1"},"canonical":"https:\/\/gambling6.com\/cs\/sportovni-sazeni\/tipy-pro-sportovni-sazeni-vas-pruvodce-online-sazenim\/","og_locale":"cs_CZ","og_type":"article","og_title":"Pr\u016fvodce a tipy pro online sportovn\u00ed s\u00e1zen\u00ed","og_description":"Za\u010dn\u011bte s\u00e1zet online je\u0161t\u011b dnes. Nav\u0161tivte BetOnline a prohl\u00e9dn\u011bte si kompletn\u00ed v\u00fdb\u011br s\u00e1zkov\u00fdch mo\u017enost\u00ed, online poker a kasino, v\u0161e na jednom webu.","og_url":"https:\/\/gambling6.com\/cs\/sportovni-sazeni\/tipy-pro-sportovni-sazeni-vas-pruvodce-online-sazenim\/","og_site_name":"Gambling6","article_modified_time":"2025-11-12T19:14:22+00:00","og_image":[{"width":424,"height":283,"url":"https:\/\/gambling6.com\/wp-content\/uploads\/2022\/04\/soccermoney.jpg","type":"image\/jpeg"}],"twitter_card":"summary_large_image","twitter_misc":{"Odhadovan\u00e1 doba \u010dten\u00ed":"3 minuty"},"schema":{"@context":"https:\/\/schema.org","@graph":[{"@type":"WebPage","@id":"https:\/\/gambling6.com\/cs\/sportovni-sazeni\/tipy-pro-sportovni-sazeni-vas-pruvodce-online-sazenim\/","url":"https:\/\/gambling6.com\/cs\/sportovni-sazeni\/tipy-pro-sportovni-sazeni-vas-pruvodce-online-sazenim\/","name":"Pr\u016fvodce a tipy pro online sportovn\u00ed s\u00e1zen\u00ed","isPartOf":{"@id":"https:\/\/gambling6.com\/cs\/#website"},"primaryImageOfPage":{"@id":"https:\/\/gambling6.com\/cs\/sportovni-sazeni\/tipy-pro-sportovni-sazeni-vas-pruvodce-online-sazenim\/#primaryimage"},"image":{"@id":"https:\/\/gambling6.com\/cs\/sportovni-sazeni\/tipy-pro-sportovni-sazeni-vas-pruvodce-online-sazenim\/#primaryimage"},"thumbnailUrl":"https:\/\/gambling6.com\/wp-content\/uploads\/2022\/04\/soccermoney-300x200.jpg","datePublished":"2025-11-08T14:18:32+00:00","dateModified":"2025-11-12T19:14:22+00:00","description":"Za\u010dn\u011bte s\u00e1zet online je\u0161t\u011b dnes. Nav\u0161tivte BetOnline a prohl\u00e9dn\u011bte si kompletn\u00ed v\u00fdb\u011br s\u00e1zkov\u00fdch mo\u017enost\u00ed, online poker a kasino, v\u0161e na jednom webu.","breadcrumb":{"@id":"https:\/\/gambling6.com\/cs\/sportovni-sazeni\/tipy-pro-sportovni-sazeni-vas-pruvodce-online-sazenim\/#breadcrumb"},"inLanguage":"cs","potentialAction":[{"@type":"ReadAction","target":["https:\/\/gambling6.com\/cs\/sportovni-sazeni\/tipy-pro-sportovni-sazeni-vas-pruvodce-online-sazenim\/"]}]},{"@type":"ImageObject","inLanguage":"cs","@id":"https:\/\/gambling6.com\/cs\/sportovni-sazeni\/tipy-pro-sportovni-sazeni-vas-pruvodce-online-sazenim\/#primaryimage","url":"https:\/\/gambling6.com\/wp-content\/uploads\/2022\/04\/soccermoney-300x200.jpg","contentUrl":"https:\/\/gambling6.com\/wp-content\/uploads\/2022\/04\/soccermoney-300x200.jpg"},{"@type":"BreadcrumbList","@id":"https:\/\/gambling6.com\/cs\/sportovni-sazeni\/tipy-pro-sportovni-sazeni-vas-pruvodce-online-sazenim\/#breadcrumb","itemListElement":[{"@type":"ListItem","position":1,"name":"Home","item":"https:\/\/gambling6.com\/cs\/home\/"},{"@type":"ListItem","position":2,"name":"Sportovn\u00ed s\u00e1zen\u00ed","item":"https:\/\/gambling6.com\/cs\/introduction-to-online-sportsbetting\/"},{"@type":"ListItem","position":3,"name":"Tipy pro sportovn\u00ed s\u00e1zen\u00ed &#8211; V\u00e1\u0161 pr\u016fvodce online s\u00e1zen\u00edm"}]},{"@type":"WebSite","@id":"https:\/\/gambling6.com\/cs\/#website","url":"https:\/\/gambling6.com\/cs\/","name":"Gambling6","description":"","potentialAction":[{"@type":"SearchAction","target":{"@type":"EntryPoint","urlTemplate":"https:\/\/gambling6.com\/cs\/?s={search_term_string}"},"query-input":{"@type":"PropertyValueSpecification","valueRequired":true,"valueName":"search_term_string"}}],"inLanguage":"cs"}]}},"_links":{"self":[{"href":"https:\/\/gambling6.com\/cs\/wp-json\/wp\/v2\/pages\/9067","targetHints":{"allow":["GET"]}}],"collection":[{"href":"https:\/\/gambling6.com\/cs\/wp-json\/wp\/v2\/pages"}],"about":[{"href":"https:\/\/gambling6.com\/cs\/wp-json\/wp\/v2\/types\/page"}],"author":[{"embeddable":true,"href":"https:\/\/gambling6.com\/cs\/wp-json\/wp\/v2\/users\/1"}],"replies":[{"embeddable":true,"href":"https:\/\/gambling6.com\/cs\/wp-json\/wp\/v2\/comments?post=9067"}],"version-history":[{"count":1,"href":"https:\/\/gambling6.com\/cs\/wp-json\/wp\/v2\/pages\/9067\/revisions"}],"predecessor-version":[{"id":9203,"href":"https:\/\/gambling6.com\/cs\/wp-json\/wp\/v2\/pages\/9067\/revisions\/9203"}],"up":[{"embeddable":true,"href":"https:\/\/gambling6.com\/cs\/wp-json\/wp\/v2\/pages\/9201"}],"wp:attachment":[{"href":"https:\/\/gambling6.com\/cs\/wp-json\/wp\/v2\/media?parent=9067"}],"curies":[{"name":"wp","href":"https:\/\/api.w.org\/{rel}","templated":true}]}}