{"id":9135,"date":"2025-11-10T10:17:49","date_gmt":"2025-11-10T10:17:49","guid":{"rendered":"https:\/\/gambling6.com\/ziskejte-online-tikety-do-loterie-powerball\/"},"modified":"2025-11-15T08:43:11","modified_gmt":"2025-11-15T08:43:11","slug":"ziskejte-online-tikety-do-loterie-powerball","status":"publish","type":"page","link":"https:\/\/gambling6.com\/cs\/ziskejte-online-tikety-do-loterie-powerball\/","title":{"rendered":"Z\u00edskejte online tikety do loterie Powerball"},"content":{"rendered":"<h2>Hrajte loterii Powerball online.<\/h2>\n<p>Loterie Powerball je po cel\u00e9m sv\u011bt\u011b zn\u00e1m\u00e1 sv\u00fdmi neuv\u011b\u0159iteln\u00fdmi jackpoty. Pravideln\u011b zde najdete jackpoty p\u0159esahuj\u00edc\u00ed 100 milion\u016f dolar\u016f. <strong>N\u00e1r\u016fst jackpotu je exponenci\u00e1ln\u00ed, proto\u017ee si m\u016f\u017eete online po\u0159\u00eddit tikety pro loterii Powerball.<\/strong> Hran\u00ed Powerballu online je jednoduch\u00e9 z pohodl\u00ed domova, sta\u010d\u00ed v\u00e1m po\u010d\u00edta\u010d a p\u0159ipojen\u00ed k internetu.<\/p>\n<h2>Online tikety Powerball, snadn\u00e9 jako 1-2-3<\/h2>\n<p>Chcete-li hr\u00e1t loterii Powerball online, mus\u00edte nav\u0161t\u00edvit str\u00e1nky na\u0161eho partnera <a class=\"thirstylink\" title=\"Redfoxlotto\" href=\"https:\/\/gambling6.com\/go\/redfoxlotto\/\" target=\"_blank\" rel=\"nofollow noopener\">RedFoxLotto (klikn\u011bte zde pro n\u00e1v\u0161t\u011bvu) <\/a>a vytvo\u0159it si \u00fa\u010det. Otev\u0159en\u00ed \u00fa\u010dtu je snadn\u00e9 a loterii Powerball m\u016f\u017eete za\u010d\u00edt hr\u00e1t b\u011bhem n\u011bkolika minut. Dal\u0161\u00edm krokem by bylo p\u0159ej\u00edt do sekce s tikety, kde byste pomoc\u00ed formul\u00e1\u0159e vybrali p\u011bt hlavn\u00edch \u010d\u00edsel.<\/p>\n<p>Po dokon\u010den\u00ed si nyn\u00ed vyberte jedno bonusov\u00e9 \u010d\u00edslo Powerballu. <strong>Chcete-li vyhr\u00e1t jackpot, mus\u00edte uhodnout sv\u00fdch p\u011bt hlavn\u00edch \u010d\u00edsel a Powerball s vylosovan\u00fdmi kuli\u010dkami.<\/strong> Nebojte se, pokud se v\u00e1m tyto \u010d\u00edsla neuhodnou, m\u016f\u017eete se z\u00fa\u010dastnit sout\u011b\u017ee o jednu z dal\u0161\u00edch sedmi v\u00fdhern\u00edch \u00farovn\u00ed.<\/p>\n<h2>Prodej tiket\u016f Powerball online prudce roste<\/h2>\n<p><img loading=\"lazy\" decoding=\"async\" class=\"size-medium wp-image-1533 alignright\" src=\"https:\/\/gambling6.com\/wp-content\/uploads\/2022\/04\/2_ticket_powerball_au2-1-163x300.jpg\" alt=\"l\u00edstek Powerball\" width=\"163\" height=\"300\" srcset=\"https:\/\/gambling6.com\/wp-content\/uploads\/2022\/04\/2_ticket_powerball_au2-1-163x300.jpg 163w, https:\/\/gambling6.com\/wp-content\/uploads\/2022\/04\/2_ticket_powerball_au2-1.jpg 250w\" sizes=\"auto, (max-width: 163px) 100vw, 163px\" \/>Za posledn\u00ed dva roky prodej tiket\u016f Powerball USA rostl velmi rychl\u00fdm tempem a za toto obdob\u00ed se meziro\u010dn\u011b zdvojn\u00e1sobil. <strong>Velikost jackpot\u016f spolu s\u00a0snahou, s\u00a0jakou si lze losy koupit online, byly hnac\u00ed silou tak v\u00fdrazn\u00e9ho r\u016fstu.<\/strong> Pokud je minulost n\u011bjak\u00fdm ukazatelem budouc\u00edch prodej\u016f, m\u016f\u017eeme v\u00a0nadch\u00e1zej\u00edc\u00edch letech o\u010dek\u00e1vat zv\u00fd\u0161en\u00fd r\u016fst velikost\u00ed jackpot\u016f.<\/p>\n<h2>Celosv\u011btov\u00e9 hran\u00ed loteri\u00ed roste.<\/h2>\n<p>S\u00a0v\u00fdjimkou Mega Millions, kter\u00e1 dr\u017e\u00ed rekord ve velikosti jackpot\u016f v\u00a0loterii, jsme v\u00a0lo\u0148sk\u00e9m roce zaznamenali rekordn\u00ed jackpoty ve v\u011bt\u0161in\u011b loteri\u00ed hran\u00fdch online. Nic nenasv\u011bd\u010duje tomu, \u017ee by tyto rekordn\u00ed jackpoty v\u00a0bl\u00edzk\u00e9 dob\u011b poklesly. Ve skute\u010dnosti m\u016f\u017eeme o\u010dek\u00e1vat, \u017ee rekordy budou opakovan\u011b p\u0159ekon\u00e1v\u00e1ny, proto\u017ee lid\u00e9 zaplavuj\u00ed sv\u00e9 po\u010d\u00edta\u010de, kdy\u017e zpr\u00e1vy o\u00a0jackpotech dos\u00e1hnou vysok\u00e9 \u00farovn\u011b.<\/p>\n<h2>Zkontrolujte v\u00fdhern\u00ed \u010d\u00edsla Powerballu online.<\/h2>\n<p>Pokud kupujete losy, ujist\u011bte se, \u017ee si ud\u011bl\u00e1te \u010das na kontrolu v\u00fdsledk\u016f pomoc\u00ed online datab\u00e1zov\u00e9ho n\u00e1stroje. Mnoho v\u00fdher se ka\u017edoro\u010dn\u011b nevyzvedne, proto\u017ee kdy\u017e se lid\u00e9 dozv\u00ed, \u017ee jackpoty byly vyhr\u00e1ny v oblasti, kde ne\u017eij\u00ed, nebo v podniku, kde si tiket nekoupili, tiket zahod\u00ed a nekontroluj\u00ed v\u00fdhru na jin\u00fdch \u00farovn\u00edch v\u00fdher.<\/p>\n<p>Pros\u00edm, ned\u011blejte chybu a nevyhazujte pen\u00edze do ko\u0161e nebo je nenech\u00e1vejte neviditeln\u011b le\u017eet v pen\u011b\u017eence. Zaslou\u017e\u00edte si v\u0161echny pen\u00edze, kter\u00e9 jste vyhr\u00e1li. Zahrajte si loterii Powerball online je\u0161t\u011b dnes a m\u016f\u017eete se st\u00e1t dal\u0161\u00edm multimilion\u00e1\u0159em sv\u011bta.<\/p>\n<table style=\"width: 500px;\" border=\"1\" cellspacing=\"5\" cellpadding=\"5\" align=\"center\">\n<tbody>\n<tr>\n<td colspan=\"3\" align=\"center\">Deset nejlep\u0161\u00edch jackpot\u016f roku 2013<\/td>\n<\/tr>\n<tr>\n<td>Losov\u00e1n\u00ed<\/td>\n<td align=\"center\">Datum<\/td>\n<td align=\"center\">Jackpot (USD)<\/td>\n<\/tr>\n<tr>\n<td>Powerball &#8211; USA<\/td>\n<td align=\"center\">18. kv\u011btna 2013<\/td>\n<td align=\"right\">590 500 000 USD<\/td>\n<\/tr>\n<tr>\n<td>Powerball &#8211; USA<\/td>\n<td align=\"center\">7. srpna 2013<\/td>\n<td align=\"right\">448 400 000 $<\/td>\n<\/tr>\n<tr>\n<td>Powerball &#8211; USA<\/td>\n<td align=\"center\">18. z\u00e1\u0159\u00ed 2013<\/td>\n<td align=\"right\">399 400 000 $<\/td>\n<\/tr>\n<tr>\n<td>Powerball &#8211; USA<\/td>\n<td align=\"center\">23. b\u0159ezna 2013<\/td>\n<td align=\"right\">338 300 000 $<\/td>\n<\/tr>\n<tr>\n<td>Powerball &#8211; USA<\/td>\n<td align=\"center\">6. \u00fanora 2013<\/td>\n<td align=\"right\">217 000 000 $<\/td>\n<\/tr>\n<tr>\n<td>Powerball &#8211; USA<\/td>\n<td align=\"center\">23. \u0159\u00edjna 2013<\/td>\n<td align=\"right\">213 400 000 USD<\/td>\n<\/tr>\n<tr>\n<td>Powerball &#8211; USA<\/td>\n<td align=\"center\">22. \u010dervna 2013<\/td>\n<td align=\"right\">131 500 000 USD<\/td>\n<\/tr>\n<tr>\n<td>Powerball &#8211; USA<\/td>\n<td align=\"center\">16. listopadu 2013<\/td>\n<td align=\"right\">130 300 000 USD<\/td>\n<\/tr>\n<tr>\n<td>Powerball &#8211; USA<\/td>\n<td align=\"center\">11. prosince 2013<\/td>\n<td align=\"right\">122 900 000 USD<\/td>\n<\/tr>\n<tr>\n<td>Powerball &#8211; USA<\/td>\n<td align=\"center\">25. prosince 2013<\/td>\n<td align=\"right\">74 000 000 USD<\/td>\n<\/tr>\n<\/tbody>\n<\/table>\n<p>&nbsp;<\/p>\n<table style=\"width: 500px;\" border=\"1\" cellspacing=\"5\" cellpadding=\"5\" align=\"center\">\n<tbody>\n<tr>\n<td colspan=\"3\" align=\"center\">Powerball Lotto &#8211; V\u00fdhern\u00ed \u00farovn\u011b USA<\/td>\n<\/tr>\n<tr>\n<td>Cena<\/td>\n<td align=\"center\">Z\u00e1pasy<\/td>\n<td align=\"center\">Kurzy<\/td>\n<\/tr>\n<tr>\n<td>1. m\u00edsto (Jackpot)<\/td>\n<td align=\"center\">5 + 1<\/td>\n<td align=\"right\">175 223 510 : 1<\/td>\n<\/tr>\n<tr>\n<td>2. m\u00edsto<\/td>\n<td align=\"center\">5<\/td>\n<td align=\"right\">5 153 633 : 1<\/td>\n<\/tr>\n<tr>\n<td>3.<\/td>\n<td align=\"center\">4 + 1<\/td>\n<td align=\"right\">648 976 : 1<\/td>\n<\/tr>\n<tr>\n<td>4.<\/td>\n<td align=\"center\">4<\/td>\n<td align=\"right\">19 087 : 1<\/td>\n<\/tr>\n<tr>\n<td>5.<\/td>\n<td align=\"cente\">3 + 1<\/td>\n<td align=\"right\">12 245 : 1<\/td>\n<\/tr>\n<tr>\n<td>6.<\/td>\n<td align=\"center\">3<\/td>\n<td align=\"right\">360 : 1<\/td>\n<\/tr>\n<tr>\n<td>7.<\/td>\n<td align=\"center\">2 + 1<\/td>\n<td align=\"right\">706 : 1<\/td>\n<\/tr>\n<tr>\n<td>8.<\/td>\n<td align=\"center\">1 + 1<\/td>\n<td align=\"right\">111 : 1<\/td>\n<\/tr>\n<tr>\n<td>9.<\/td>\n<td align=\"center\">0 + 1<\/td>\n<td align=\"right\">55 : 1<\/td>\n<\/tr>\n<\/tbody>\n<\/table>\n","protected":false},"excerpt":{"rendered":"<p>Hrajte loterii Powerball online. Loterie Powerball je po cel\u00e9m sv\u011bt\u011b zn\u00e1m\u00e1 sv\u00fdmi neuv\u011b\u0159iteln\u00fdmi jackpoty. Pravideln\u011b zde najdete jackpoty p\u0159esahuj\u00edc\u00ed 100 milion\u016f dolar\u016f. N\u00e1r\u016fst jackpotu je exponenci\u00e1ln\u00ed, proto\u017ee si m\u016f\u017eete online po\u0159\u00eddit tikety pro loterii Powerball. Hran\u00ed Powerballu online je jednoduch\u00e9 z pohodl\u00ed domova, sta\u010d\u00ed v\u00e1m po\u010d\u00edta\u010d a p\u0159ipojen\u00ed k internetu. Online tikety Powerball, snadn\u00e9 jako [&hellip;]<\/p>\n","protected":false},"author":1,"featured_media":0,"parent":0,"menu_order":4,"comment_status":"closed","ping_status":"closed","template":"","meta":{"footnotes":""},"class_list":["post-9135","page","type-page","status-publish","hentry"],"yoast_head":"<!-- This site is optimized with the Yoast SEO plugin v27.5 - https:\/\/yoast.com\/product\/yoast-seo-wordpress\/ -->\n<title>Kupte si losy do loterie Powerball online<\/title>\n<meta name=\"description\" content=\"koupit, z\u00edskat, va\u0161e, tikety, online, Powerball, loterie, USA\" \/>\n<meta name=\"robots\" content=\"index, follow, max-snippet:-1, max-image-preview:large, max-video-preview:-1\" \/>\n<link rel=\"canonical\" href=\"https:\/\/gambling6.com\/cs\/ziskejte-online-tikety-do-loterie-powerball\/\" \/>\n<meta property=\"og:locale\" content=\"cs_CZ\" \/>\n<meta property=\"og:type\" content=\"article\" \/>\n<meta property=\"og:title\" content=\"Kupte si losy do loterie Powerball online\" \/>\n<meta property=\"og:description\" content=\"koupit, z\u00edskat, va\u0161e, tikety, online, Powerball, loterie, USA\" \/>\n<meta property=\"og:url\" content=\"https:\/\/gambling6.com\/cs\/ziskejte-online-tikety-do-loterie-powerball\/\" \/>\n<meta property=\"og:site_name\" content=\"Gambling6\" \/>\n<meta property=\"article:modified_time\" content=\"2025-11-15T08:43:11+00:00\" \/>\n<meta property=\"og:image\" content=\"https:\/\/gambling6.com\/wp-content\/uploads\/2022\/04\/2_ticket_powerball_au2-1.jpg\" \/>\n\t<meta property=\"og:image:width\" content=\"250\" \/>\n\t<meta property=\"og:image:height\" content=\"460\" \/>\n\t<meta property=\"og:image:type\" content=\"image\/jpeg\" \/>\n<meta name=\"twitter:card\" content=\"summary_large_image\" \/>\n<meta name=\"twitter:label1\" content=\"Odhadovan\u00e1 doba \u010dten\u00ed\" \/>\n\t<meta name=\"twitter:data1\" content=\"3 minuty\" \/>\n<script type=\"application\/ld+json\" class=\"yoast-schema-graph\">{\"@context\":\"https:\\\/\\\/schema.org\",\"@graph\":[{\"@type\":\"WebPage\",\"@id\":\"https:\\\/\\\/gambling6.com\\\/cs\\\/ziskejte-online-tikety-do-loterie-powerball\\\/\",\"url\":\"https:\\\/\\\/gambling6.com\\\/cs\\\/ziskejte-online-tikety-do-loterie-powerball\\\/\",\"name\":\"Kupte si losy do loterie Powerball online\",\"isPartOf\":{\"@id\":\"https:\\\/\\\/gambling6.com\\\/cs\\\/#website\"},\"primaryImageOfPage\":{\"@id\":\"https:\\\/\\\/gambling6.com\\\/cs\\\/ziskejte-online-tikety-do-loterie-powerball\\\/#primaryimage\"},\"image\":{\"@id\":\"https:\\\/\\\/gambling6.com\\\/cs\\\/ziskejte-online-tikety-do-loterie-powerball\\\/#primaryimage\"},\"thumbnailUrl\":\"https:\\\/\\\/gambling6.com\\\/wp-content\\\/uploads\\\/2022\\\/04\\\/2_ticket_powerball_au2-1-163x300.jpg\",\"datePublished\":\"2025-11-10T10:17:49+00:00\",\"dateModified\":\"2025-11-15T08:43:11+00:00\",\"description\":\"koupit, z\u00edskat, va\u0161e, tikety, online, Powerball, loterie, USA\",\"breadcrumb\":{\"@id\":\"https:\\\/\\\/gambling6.com\\\/cs\\\/ziskejte-online-tikety-do-loterie-powerball\\\/#breadcrumb\"},\"inLanguage\":\"cs\",\"potentialAction\":[{\"@type\":\"ReadAction\",\"target\":[\"https:\\\/\\\/gambling6.com\\\/cs\\\/ziskejte-online-tikety-do-loterie-powerball\\\/\"]}]},{\"@type\":\"ImageObject\",\"inLanguage\":\"cs\",\"@id\":\"https:\\\/\\\/gambling6.com\\\/cs\\\/ziskejte-online-tikety-do-loterie-powerball\\\/#primaryimage\",\"url\":\"https:\\\/\\\/gambling6.com\\\/wp-content\\\/uploads\\\/2022\\\/04\\\/2_ticket_powerball_au2-1-163x300.jpg\",\"contentUrl\":\"https:\\\/\\\/gambling6.com\\\/wp-content\\\/uploads\\\/2022\\\/04\\\/2_ticket_powerball_au2-1-163x300.jpg\"},{\"@type\":\"BreadcrumbList\",\"@id\":\"https:\\\/\\\/gambling6.com\\\/cs\\\/ziskejte-online-tikety-do-loterie-powerball\\\/#breadcrumb\",\"itemListElement\":[{\"@type\":\"ListItem\",\"position\":1,\"name\":\"Home\",\"item\":\"https:\\\/\\\/gambling6.com\\\/cs\\\/home\\\/\"},{\"@type\":\"ListItem\",\"position\":2,\"name\":\"Z\u00edskejte online tikety do loterie Powerball\"}]},{\"@type\":\"WebSite\",\"@id\":\"https:\\\/\\\/gambling6.com\\\/cs\\\/#website\",\"url\":\"https:\\\/\\\/gambling6.com\\\/cs\\\/\",\"name\":\"Gambling6\",\"description\":\"\",\"potentialAction\":[{\"@type\":\"SearchAction\",\"target\":{\"@type\":\"EntryPoint\",\"urlTemplate\":\"https:\\\/\\\/gambling6.com\\\/cs\\\/?s={search_term_string}\"},\"query-input\":{\"@type\":\"PropertyValueSpecification\",\"valueRequired\":true,\"valueName\":\"search_term_string\"}}],\"inLanguage\":\"cs\"}]}<\/script>\n<!-- \/ Yoast SEO plugin. -->","yoast_head_json":{"title":"Kupte si losy do loterie Powerball online","description":"koupit, z\u00edskat, va\u0161e, tikety, online, Powerball, loterie, USA","robots":{"index":"index","follow":"follow","max-snippet":"max-snippet:-1","max-image-preview":"max-image-preview:large","max-video-preview":"max-video-preview:-1"},"canonical":"https:\/\/gambling6.com\/cs\/ziskejte-online-tikety-do-loterie-powerball\/","og_locale":"cs_CZ","og_type":"article","og_title":"Kupte si losy do loterie Powerball online","og_description":"koupit, z\u00edskat, va\u0161e, tikety, online, Powerball, loterie, USA","og_url":"https:\/\/gambling6.com\/cs\/ziskejte-online-tikety-do-loterie-powerball\/","og_site_name":"Gambling6","article_modified_time":"2025-11-15T08:43:11+00:00","og_image":[{"width":250,"height":460,"url":"https:\/\/gambling6.com\/wp-content\/uploads\/2022\/04\/2_ticket_powerball_au2-1.jpg","type":"image\/jpeg"}],"twitter_card":"summary_large_image","twitter_misc":{"Odhadovan\u00e1 doba \u010dten\u00ed":"3 minuty"},"schema":{"@context":"https:\/\/schema.org","@graph":[{"@type":"WebPage","@id":"https:\/\/gambling6.com\/cs\/ziskejte-online-tikety-do-loterie-powerball\/","url":"https:\/\/gambling6.com\/cs\/ziskejte-online-tikety-do-loterie-powerball\/","name":"Kupte si losy do loterie Powerball online","isPartOf":{"@id":"https:\/\/gambling6.com\/cs\/#website"},"primaryImageOfPage":{"@id":"https:\/\/gambling6.com\/cs\/ziskejte-online-tikety-do-loterie-powerball\/#primaryimage"},"image":{"@id":"https:\/\/gambling6.com\/cs\/ziskejte-online-tikety-do-loterie-powerball\/#primaryimage"},"thumbnailUrl":"https:\/\/gambling6.com\/wp-content\/uploads\/2022\/04\/2_ticket_powerball_au2-1-163x300.jpg","datePublished":"2025-11-10T10:17:49+00:00","dateModified":"2025-11-15T08:43:11+00:00","description":"koupit, z\u00edskat, va\u0161e, tikety, online, Powerball, loterie, USA","breadcrumb":{"@id":"https:\/\/gambling6.com\/cs\/ziskejte-online-tikety-do-loterie-powerball\/#breadcrumb"},"inLanguage":"cs","potentialAction":[{"@type":"ReadAction","target":["https:\/\/gambling6.com\/cs\/ziskejte-online-tikety-do-loterie-powerball\/"]}]},{"@type":"ImageObject","inLanguage":"cs","@id":"https:\/\/gambling6.com\/cs\/ziskejte-online-tikety-do-loterie-powerball\/#primaryimage","url":"https:\/\/gambling6.com\/wp-content\/uploads\/2022\/04\/2_ticket_powerball_au2-1-163x300.jpg","contentUrl":"https:\/\/gambling6.com\/wp-content\/uploads\/2022\/04\/2_ticket_powerball_au2-1-163x300.jpg"},{"@type":"BreadcrumbList","@id":"https:\/\/gambling6.com\/cs\/ziskejte-online-tikety-do-loterie-powerball\/#breadcrumb","itemListElement":[{"@type":"ListItem","position":1,"name":"Home","item":"https:\/\/gambling6.com\/cs\/home\/"},{"@type":"ListItem","position":2,"name":"Z\u00edskejte online tikety do loterie Powerball"}]},{"@type":"WebSite","@id":"https:\/\/gambling6.com\/cs\/#website","url":"https:\/\/gambling6.com\/cs\/","name":"Gambling6","description":"","potentialAction":[{"@type":"SearchAction","target":{"@type":"EntryPoint","urlTemplate":"https:\/\/gambling6.com\/cs\/?s={search_term_string}"},"query-input":{"@type":"PropertyValueSpecification","valueRequired":true,"valueName":"search_term_string"}}],"inLanguage":"cs"}]}},"_links":{"self":[{"href":"https:\/\/gambling6.com\/cs\/wp-json\/wp\/v2\/pages\/9135","targetHints":{"allow":["GET"]}}],"collection":[{"href":"https:\/\/gambling6.com\/cs\/wp-json\/wp\/v2\/pages"}],"about":[{"href":"https:\/\/gambling6.com\/cs\/wp-json\/wp\/v2\/types\/page"}],"author":[{"embeddable":true,"href":"https:\/\/gambling6.com\/cs\/wp-json\/wp\/v2\/users\/1"}],"replies":[{"embeddable":true,"href":"https:\/\/gambling6.com\/cs\/wp-json\/wp\/v2\/comments?post=9135"}],"version-history":[{"count":2,"href":"https:\/\/gambling6.com\/cs\/wp-json\/wp\/v2\/pages\/9135\/revisions"}],"predecessor-version":[{"id":10845,"href":"https:\/\/gambling6.com\/cs\/wp-json\/wp\/v2\/pages\/9135\/revisions\/10845"}],"wp:attachment":[{"href":"https:\/\/gambling6.com\/cs\/wp-json\/wp\/v2\/media?parent=9135"}],"curies":[{"name":"wp","href":"https:\/\/api.w.org\/{rel}","templated":true}]}}