{"id":9201,"date":"2025-11-10T11:24:07","date_gmt":"2025-11-10T11:24:07","guid":{"rendered":"https:\/\/gambling6.com\/sportovni-sazeni\/"},"modified":"2025-11-12T10:14:08","modified_gmt":"2025-11-12T10:14:08","slug":"sportovni-sazeni","status":"publish","type":"page","link":"https:\/\/gambling6.com\/cs\/sportovni-sazeni\/","title":{"rendered":"Sportovn\u00ed s\u00e1zen\u00ed"},"content":{"rendered":"<h2>Z\u00e1klady sportovn\u00edho s\u00e1zen\u00ed<\/h2>\n<p>Sportovn\u00ed s\u00e1zen\u00ed, term\u00edn vznikl\u00fd jednodu\u0161e spojen\u00edm popisn\u00fdch slov, je cvi\u010den\u00ed p\u0159edpov\u00edd\u00e1n\u00ed v\u00fdsledk\u016f profesion\u00e1ln\u00edch a amat\u00e9rsk\u00fdch sport\u016f a vsazen\u00ed na v\u00fdsledek. <strong>Sportsbet je term\u00edn pou\u017e\u00edvan\u00fd k popisu m\u00edsta, kde se sportovn\u011b s\u00e1z\u00ed.<\/strong> Celkov\u011b v USA nen\u00ed toto cvi\u010den\u00ed leg\u00e1ln\u00ed. V podstat\u011b existuj\u00ed pouze \u010dty\u0159i z pades\u00e1ti st\u00e1t\u016f Ameriky, kde jsou sportovn\u00ed s\u00e1zen\u00ed a sportovn\u00ed s\u00e1zky pova\u017eov\u00e1ny za 100% leg\u00e1ln\u00ed. Pak p\u0159i\u0161el internet.<\/p>\n<h2>Miliony lid\u00ed se denn\u011b \u00fa\u010dastn\u00ed sportovn\u00edho s\u00e1zen\u00ed<\/h2>\n<p>Denn\u011b miliony lid\u00ed nav\u0161t\u011bvuj\u00ed tis\u00edce webov\u00fdch str\u00e1nek, aby vsadily na jak\u00fdkoli sport, kter\u00fd najdete. <strong>Tento \u00favod do online sportovn\u00edho s\u00e1zen\u00ed v\u00e1m v\u0161ak uk\u00e1\u017ee, \u017ee je to v\u00edc ne\u017e jen zn\u00e1t spread a vsadit na t\u00fdm<\/strong>, kter\u00fd chcete vyhr\u00e1t. S\u00e1zka na z\u00e1pas v\u00e1m nejen zp\u0159\u00edjemn\u00ed sledov\u00e1n\u00ed, ale um\u011bn\u00ed sportovn\u00edho s\u00e1zen\u00ed v\u00e1m p\u0159i spr\u00e1vn\u00e9m proveden\u00ed m\u016f\u017ee vyd\u011blat spoustu pen\u011bz. Pokud je to pro n\u011bkoho, kdo nem\u00e1 zku\u0161enosti se sportovn\u00edm s\u00e1zen\u00edm, nov\u00fd podnik, budete pot\u0159ebovat zn\u00e1t z\u00e1klady a principy sportovn\u00edho s\u00e1zen\u00ed, pokud chcete, aby v\u00e1s po zah\u00e1jen\u00ed akce neznepokojovala.<\/p>\n<h2>Terminologie online sportovn\u00edho s\u00e1zen\u00ed<\/h2>\n<p>Nejprve se<strong>budete muset sezn\u00e1mit s n\u011bkterou terminologi\u00ed pou\u017e\u00edvanou ve sportovn\u00edm s\u00e1zen\u00ed<\/strong>. \u201e<a href=\"http:\/\/en.wikipedia.org\/wiki\/Handicapping\" target=\"_blank\" rel=\"noopener\">Handicap<\/a>\u201c je prvn\u00ed term\u00edn, kter\u00fd p\u0159edstav\u00edm; znamen\u00e1 d\u00e1t jednomu t\u00fdmu nebo osob\u011b v\u00fdhodu nad druh\u00fdm prodlou\u017een\u00edm jednoho z \u00fader\u016f, g\u00f3l\u016f, touchdown\u016f nebo jednodu\u0161e bod\u016f druh\u00e9ho t\u00fdmu, aby se soupe\u0159i zv\u00fd\u0161ila \u0161ance vyrovnat se jeho \u00farovni hry. \u0158ekn\u011bme nap\u0159\u00edklad, \u017ee bych m\u011bl hr\u00e1t basketbalov\u00fd z\u00e1pas jeden na jednoho s Michaelem Jordanem a ten, kdo jako prvn\u00ed z\u00edsk\u00e1 21 bod\u016f, by byl v\u00edt\u011bzem. Mohl bych z\u00edskat 18bodovou v\u00fdhodu, co\u017e by znamenalo, \u017ee on m\u00e1 18bodov\u00fd handicap. Aby vyhr\u00e1l, bude muset z\u00edskat 21 bod\u016f, ne\u017e j\u00e1 z\u00edsk\u00e1m 3 body. Existuje mnoho p\u0159\u00edklad\u016f handicapov\u00e1n\u00ed neboli \u201ebodov\u00fdch spread\u016f\u201c, jak se jim tak\u00e9 \u0159\u00edk\u00e1. Pochopen\u00ed tohoto principu je jedn\u00edm z kl\u00ed\u010d\u016f k pochopen\u00ed dobr\u00fdch s\u00e1zek v online sportovn\u00edm s\u00e1zen\u00ed.<\/p>\n<h2>Znejte svou online s\u00e1zkovou kancel\u00e1\u0159<\/h2>\n<p><strong>Sportovn\u00ed s\u00e1zen\u00ed, a\u0165 u\u017e online nebo \u017eiv\u00e9, se obvykle prov\u00e1d\u00ed v takzvan\u00e9 \u201es\u00e1zkov\u00e9 kancel\u00e1\u0159i\u201c.<\/strong> \u201eS\u00e1zkov\u00e1 kancel\u00e1\u0159\u201c je za\u0159\u00edzen\u00ed, kter\u00e9 p\u0159ij\u00edm\u00e1 s\u00e1zky, a bookmaker je osoba, kter\u00e1 obvykle stanovuje spread pro konkr\u00e9tn\u00ed za\u0159\u00edzen\u00ed. Proces stanoven\u00ed \u201espreadu\u201c na rozd\u00edl od \u201eeven money\u201c (s\u00e1zka s kurzem 1:1) m\u016f\u017ee b\u00fdt velmi slo\u017eit\u00fd a m\u016f\u017ee se li\u0161it od jedn\u00e9 s\u00e1zkov\u00e9 kancel\u00e1\u0159e k druh\u00e9.<\/p>\n<h2>S\u00e1zkov\u00e1 kancel\u00e1\u0159 Betonline \u2013 p\u0159ij\u00edm\u00e1 sportovn\u00ed fanou\u0161ky z USA<\/h2>\n<p>Kdy\u017e jste p\u0159ipraveni s\u00e1zet na sporty, mus\u00edte si naj\u00edt renomovan\u00e9 online kasino nebo s\u00e1zkovou kancel\u00e1\u0159, abyste mohli s\u00e1zet. <a class=\"thirstylink\" title=\"Betonline casino en\" href=\"https:\/\/gambling6.com\/go\/betonline-casino-en\/\" target=\"_blank\" rel=\"nofollow noopener\">M\u016f\u017eete se pod\u00edvat na s\u00e1zkovou kancel\u00e1\u0159 Betonline<\/a>, je to zn\u00e1m\u00e9 online kasino s pov\u011bst\u00ed neuv\u011b\u0159iteln\u00e9 bezpe\u010dnosti. Nab\u00edzej\u00ed mnoho r\u016fzn\u00fdch metod vkladu a v\u00fdb\u011bru a m\u011bli byste b\u00fdt schopni naj\u00edt zp\u016fsob, jak s nimi nakl\u00e1dat, aby vyhovovaly va\u0161im osobn\u00edm pot\u0159eb\u00e1m.<\/p>\n<p>Dal\u0161\u00ed skv\u011blou alternativou je 888 Casino \u2013 jejich sekce sportovn\u00edch s\u00e1zek je jedna z nejlep\u0161\u00edch. Krom\u011b toho maj\u00ed tak\u00e9 skv\u011blou pokerovou hernu, absolutn\u011b nejlep\u0161\u00ed kasinov\u00e9 hry a dokonce i v\u011bci jako bingo a st\u00edrac\u00ed losy.<\/p>\n<p>Jedinou nev\u00fdhodou 888 je, \u017ee nep\u0159ij\u00edmaj\u00ed z\u00e1kazn\u00edky ze Spojen\u00fdch st\u00e1t\u016f. Pokud ale \u017eijete v jin\u00e9 zemi, ur\u010dit\u011b byste m\u011bli <a class=\"thirstylink\" title=\"888 casino en\" href=\"https:\/\/gambling6.com\/go\/888-casino-en\/\" target=\"_blank\" rel=\"nofollow noopener\">nav\u0161t\u00edvit webov\u00e9 str\u00e1nky 888 Casino &#8211; sta\u010d\u00ed kliknout na tento odkaz.<\/a><\/p>\n<p>Zkuste to, ale o online sportovn\u00edm s\u00e1zen\u00ed se toho m\u00e1te hodn\u011b co dozv\u011bd\u011bt. Budeme tyto str\u00e1nky i nad\u00e1le aktualizovat, abyste se mohli dozv\u011bd\u011bt o kurzech a faktorech p\u0159isp\u00edvaj\u00edc\u00edch k v\u00fdsledk\u016fm ur\u010dit\u00fdch ud\u00e1lost\u00ed.<strong>Pokud se chcete st\u00e1t odborn\u00edkem na t\u00e9ma sportovn\u00edho s\u00e1zen\u00ed<\/strong>, jste na spr\u00e1vn\u00e9m m\u00edst\u011b. Pohodln\u011b se usa\u010fte a t\u011b\u0161te se na z\u00e1bavu s online sportovn\u00edm s\u00e1zen\u00edm.<\/p>\n","protected":false},"excerpt":{"rendered":"<p>Z\u00e1klady sportovn\u00edho s\u00e1zen\u00ed Sportovn\u00ed s\u00e1zen\u00ed, term\u00edn vznikl\u00fd jednodu\u0161e spojen\u00edm popisn\u00fdch slov, je cvi\u010den\u00ed p\u0159edpov\u00edd\u00e1n\u00ed v\u00fdsledk\u016f profesion\u00e1ln\u00edch a amat\u00e9rsk\u00fdch sport\u016f a vsazen\u00ed na v\u00fdsledek. Sportsbet je term\u00edn pou\u017e\u00edvan\u00fd k popisu m\u00edsta, kde se sportovn\u011b s\u00e1z\u00ed. Celkov\u011b v USA nen\u00ed toto cvi\u010den\u00ed leg\u00e1ln\u00ed. V podstat\u011b existuj\u00ed pouze \u010dty\u0159i z pades\u00e1ti st\u00e1t\u016f Ameriky, kde jsou sportovn\u00ed s\u00e1zen\u00ed a [&hellip;]<\/p>\n","protected":false},"author":1,"featured_media":0,"parent":0,"menu_order":4,"comment_status":"closed","ping_status":"closed","template":"","meta":{"footnotes":""},"class_list":["post-9201","page","type-page","status-publish","hentry"],"yoast_head":"<!-- This site is optimized with the Yoast SEO plugin v27.4 - https:\/\/yoast.com\/product\/yoast-seo-wordpress\/ -->\n<title>\u00davod do online sportovn\u00edho s\u00e1zen\u00ed<\/title>\n<meta name=\"description\" content=\"Sezn\u00e1mit se s terminologi\u00ed pou\u017e\u00edvanou v online sportovn\u00edm s\u00e1zen\u00ed.\" \/>\n<meta name=\"robots\" content=\"index, follow, max-snippet:-1, max-image-preview:large, max-video-preview:-1\" \/>\n<link rel=\"canonical\" href=\"https:\/\/gambling6.com\/cs\/sportovni-sazeni\/\" \/>\n<meta property=\"og:locale\" content=\"cs_CZ\" \/>\n<meta property=\"og:type\" content=\"article\" \/>\n<meta property=\"og:title\" content=\"\u00davod do online sportovn\u00edho s\u00e1zen\u00ed\" \/>\n<meta property=\"og:description\" content=\"Sezn\u00e1mit se s terminologi\u00ed pou\u017e\u00edvanou v online sportovn\u00edm s\u00e1zen\u00ed.\" \/>\n<meta property=\"og:url\" content=\"https:\/\/gambling6.com\/cs\/sportovni-sazeni\/\" \/>\n<meta property=\"og:site_name\" content=\"Gambling6\" \/>\n<meta property=\"article:modified_time\" content=\"2025-11-12T10:14:08+00:00\" \/>\n<meta name=\"twitter:card\" content=\"summary_large_image\" \/>\n<meta name=\"twitter:label1\" content=\"Odhadovan\u00e1 doba \u010dten\u00ed\" \/>\n\t<meta name=\"twitter:data1\" content=\"4 minuty\" \/>\n<script type=\"application\/ld+json\" class=\"yoast-schema-graph\">{\"@context\":\"https:\\\/\\\/schema.org\",\"@graph\":[{\"@type\":\"WebPage\",\"@id\":\"https:\\\/\\\/gambling6.com\\\/cs\\\/sportovni-sazeni\\\/\",\"url\":\"https:\\\/\\\/gambling6.com\\\/cs\\\/sportovni-sazeni\\\/\",\"name\":\"\u00davod do online sportovn\u00edho s\u00e1zen\u00ed\",\"isPartOf\":{\"@id\":\"https:\\\/\\\/gambling6.com\\\/cs\\\/#website\"},\"datePublished\":\"2025-11-10T11:24:07+00:00\",\"dateModified\":\"2025-11-12T10:14:08+00:00\",\"description\":\"Sezn\u00e1mit se s terminologi\u00ed pou\u017e\u00edvanou v online sportovn\u00edm s\u00e1zen\u00ed.\",\"breadcrumb\":{\"@id\":\"https:\\\/\\\/gambling6.com\\\/cs\\\/sportovni-sazeni\\\/#breadcrumb\"},\"inLanguage\":\"cs\",\"potentialAction\":[{\"@type\":\"ReadAction\",\"target\":[\"https:\\\/\\\/gambling6.com\\\/cs\\\/sportovni-sazeni\\\/\"]}]},{\"@type\":\"BreadcrumbList\",\"@id\":\"https:\\\/\\\/gambling6.com\\\/cs\\\/sportovni-sazeni\\\/#breadcrumb\",\"itemListElement\":[{\"@type\":\"ListItem\",\"position\":1,\"name\":\"Home\",\"item\":\"https:\\\/\\\/gambling6.com\\\/cs\\\/home\\\/\"},{\"@type\":\"ListItem\",\"position\":2,\"name\":\"Sportovn\u00ed s\u00e1zen\u00ed\"}]},{\"@type\":\"WebSite\",\"@id\":\"https:\\\/\\\/gambling6.com\\\/cs\\\/#website\",\"url\":\"https:\\\/\\\/gambling6.com\\\/cs\\\/\",\"name\":\"Gambling6\",\"description\":\"\",\"potentialAction\":[{\"@type\":\"SearchAction\",\"target\":{\"@type\":\"EntryPoint\",\"urlTemplate\":\"https:\\\/\\\/gambling6.com\\\/cs\\\/?s={search_term_string}\"},\"query-input\":{\"@type\":\"PropertyValueSpecification\",\"valueRequired\":true,\"valueName\":\"search_term_string\"}}],\"inLanguage\":\"cs\"}]}<\/script>\n<!-- \/ Yoast SEO plugin. -->","yoast_head_json":{"title":"\u00davod do online sportovn\u00edho s\u00e1zen\u00ed","description":"Sezn\u00e1mit se s terminologi\u00ed pou\u017e\u00edvanou v online sportovn\u00edm s\u00e1zen\u00ed.","robots":{"index":"index","follow":"follow","max-snippet":"max-snippet:-1","max-image-preview":"max-image-preview:large","max-video-preview":"max-video-preview:-1"},"canonical":"https:\/\/gambling6.com\/cs\/sportovni-sazeni\/","og_locale":"cs_CZ","og_type":"article","og_title":"\u00davod do online sportovn\u00edho s\u00e1zen\u00ed","og_description":"Sezn\u00e1mit se s terminologi\u00ed pou\u017e\u00edvanou v online sportovn\u00edm s\u00e1zen\u00ed.","og_url":"https:\/\/gambling6.com\/cs\/sportovni-sazeni\/","og_site_name":"Gambling6","article_modified_time":"2025-11-12T10:14:08+00:00","twitter_card":"summary_large_image","twitter_misc":{"Odhadovan\u00e1 doba \u010dten\u00ed":"4 minuty"},"schema":{"@context":"https:\/\/schema.org","@graph":[{"@type":"WebPage","@id":"https:\/\/gambling6.com\/cs\/sportovni-sazeni\/","url":"https:\/\/gambling6.com\/cs\/sportovni-sazeni\/","name":"\u00davod do online sportovn\u00edho s\u00e1zen\u00ed","isPartOf":{"@id":"https:\/\/gambling6.com\/cs\/#website"},"datePublished":"2025-11-10T11:24:07+00:00","dateModified":"2025-11-12T10:14:08+00:00","description":"Sezn\u00e1mit se s terminologi\u00ed pou\u017e\u00edvanou v online sportovn\u00edm s\u00e1zen\u00ed.","breadcrumb":{"@id":"https:\/\/gambling6.com\/cs\/sportovni-sazeni\/#breadcrumb"},"inLanguage":"cs","potentialAction":[{"@type":"ReadAction","target":["https:\/\/gambling6.com\/cs\/sportovni-sazeni\/"]}]},{"@type":"BreadcrumbList","@id":"https:\/\/gambling6.com\/cs\/sportovni-sazeni\/#breadcrumb","itemListElement":[{"@type":"ListItem","position":1,"name":"Home","item":"https:\/\/gambling6.com\/cs\/home\/"},{"@type":"ListItem","position":2,"name":"Sportovn\u00ed s\u00e1zen\u00ed"}]},{"@type":"WebSite","@id":"https:\/\/gambling6.com\/cs\/#website","url":"https:\/\/gambling6.com\/cs\/","name":"Gambling6","description":"","potentialAction":[{"@type":"SearchAction","target":{"@type":"EntryPoint","urlTemplate":"https:\/\/gambling6.com\/cs\/?s={search_term_string}"},"query-input":{"@type":"PropertyValueSpecification","valueRequired":true,"valueName":"search_term_string"}}],"inLanguage":"cs"}]}},"_links":{"self":[{"href":"https:\/\/gambling6.com\/cs\/wp-json\/wp\/v2\/pages\/9201","targetHints":{"allow":["GET"]}}],"collection":[{"href":"https:\/\/gambling6.com\/cs\/wp-json\/wp\/v2\/pages"}],"about":[{"href":"https:\/\/gambling6.com\/cs\/wp-json\/wp\/v2\/types\/page"}],"author":[{"embeddable":true,"href":"https:\/\/gambling6.com\/cs\/wp-json\/wp\/v2\/users\/1"}],"replies":[{"embeddable":true,"href":"https:\/\/gambling6.com\/cs\/wp-json\/wp\/v2\/comments?post=9201"}],"version-history":[{"count":1,"href":"https:\/\/gambling6.com\/cs\/wp-json\/wp\/v2\/pages\/9201\/revisions"}],"predecessor-version":[{"id":10523,"href":"https:\/\/gambling6.com\/cs\/wp-json\/wp\/v2\/pages\/9201\/revisions\/10523"}],"wp:attachment":[{"href":"https:\/\/gambling6.com\/cs\/wp-json\/wp\/v2\/media?parent=9201"}],"curies":[{"name":"wp","href":"https:\/\/api.w.org\/{rel}","templated":true}]}}