{"id":9271,"date":"2025-11-10T12:54:48","date_gmt":"2025-11-10T12:54:48","guid":{"rendered":"https:\/\/gambling6.com\/loterie\/"},"modified":"2025-11-12T18:25:45","modified_gmt":"2025-11-12T18:25:45","slug":"loterie","status":"publish","type":"page","link":"https:\/\/gambling6.com\/cs\/loterie\/","title":{"rendered":"Loterie"},"content":{"rendered":"<h2>Lotto se st\u00e1v\u00e1 mezin\u00e1rodn\u00edm a online.<\/h2>\n<p>A\u010dkoli je poker pova\u017eov\u00e1n za skv\u011blou formu z\u00e1bavy, stal se tak\u00e9 velk\u00fdm byznysem. Hazardn\u00ed hry obecn\u011b explodovaly \u010d\u00e1ste\u010dn\u011b d\u00edky vynikaj\u00edc\u00ed publicit\u011b, kter\u00e9 se pokeru dostalo v m\u00e9di\u00edch, a dal\u0161\u00ed \u00fasp\u011bch se p\u0159ipisuje internetu. <strong>Hran\u00ed mezin\u00e1rodn\u00edch loteri\u00ed a n\u00e1kup tiket\u016f online urychlily r\u016fst jackpot\u016f<\/strong> a mnoho lid\u00ed nyn\u00ed zahrnuje hran\u00ed RedFoxLotto do sv\u00e9ho p\u0159\u00edjmov\u00e9ho pl\u00e1nu.<\/p>\n<h2>Internet usnad\u0148uje n\u00e1kup loterijn\u00edch tiket\u016f.<\/h2>\n<p>Internet n\u00e1m v mnoha ohledech zm\u011bnil \u017eivoty; rozhodn\u011b zmen\u0161il sv\u011bt. Denn\u011b se v mnoha zem\u00edch sv\u011bta hraj\u00ed stovky loteri\u00ed. V\u011bt\u0161ina n\u00e1rodn\u00edch losov\u00e1n\u00ed, v\u010detn\u011b t\u011bch s v\u011bt\u0161\u00edmi jackpoty, je zp\u0159\u00edstupn\u011bna lidem, kte\u0159\u00ed si loterijn\u00ed tikety kupuj\u00ed mezin\u00e1rodn\u011b. <strong>Velk\u00e9 sv\u011btov\u00e9 loterie, jako nap\u0159\u00edklad Mega Millions ve Spojen\u00fdch st\u00e1tech a Powerball z USA i Austr\u00e1lie, umo\u017e\u0148uj\u00ed n\u00e1kup los\u016f online prost\u0159ednictv\u00edm na\u0161eho partnera RedFoxLotto.<\/strong><img loading=\"lazy\" decoding=\"async\" class=\" alignright size-full wp-image-437\" style=\"margin: 10px; border: 5px none #ffffff; float: right;\" src=\"http:\/\/gambling6.com\/wp-content\/uploads\/2013\/12\/International-Community-150x150.jpg\" alt=\"Mezin\u00e1rodn\u00ed loterie online\" width=\"150\" height=\"150\" \/><\/p>\n<h2>Koupit losy 24\/7<\/h2>\n<p>V dne\u0161n\u00edm technologick\u00e9m sv\u011bt\u011b si m\u016f\u017eeme koupit losy mnoha mezin\u00e1rodn\u00edch loteri\u00ed 24 hodin denn\u011b, 365 dn\u00ed v t\u00fddnu. D\u00edky internetu si m\u016f\u017eeme tyto losy zakoupit, ani\u017e bychom museli b\u011bhat k prodejc\u016fm loteri\u00ed nebo st\u00e1t ve front\u011b. M\u016f\u017eeme si ud\u011blat \u010das na v\u00fdb\u011br va\u0161ich \u010d\u00edsel a pou\u017e\u00edt k tomu r\u016fzn\u00e9 n\u00e1stroje, kter\u00e9 m\u00e1te k dispozici. Snadnost hran\u00ed mezin\u00e1rodn\u00edch loteri\u00ed zv\u00fd\u0161ila jackpoty a v\u00edce\u00farov\u0148ov\u00e9 v\u00fdhry na rekordn\u00ed \u00farove\u0148. \u00darovn\u011b v\u00fdher vedly mnoho lid\u00ed k vybudov\u00e1n\u00ed podnik\u00e1n\u00ed hran\u00edm RedFoxLotto online.<\/p>\n<h2>N\u00e1kup loterijn\u00edch tiket\u016f online je bezpe\u010dn\u00fd.<\/h2>\n<p>S na\u0161\u00edm partnerem RedFoxLotto je n\u00e1kup tiket\u016f do mezin\u00e1rodn\u00edch loteri\u00ed bezpe\u010dn\u00fd a jednoduch\u00fd. Nejprve si budete muset otev\u0159\u00edt \u00fa\u010det. P\u0159i otev\u00edr\u00e1n\u00ed \u00fa\u010dtu budete po\u017e\u00e1d\u00e1ni o poskytnut\u00ed osobn\u00edch \u00fadaj\u016f. Ujist\u011bte se, \u017ee zad\u00e1v\u00e1te aktu\u00e1ln\u00ed a spr\u00e1vn\u00e9 informace pro sv\u016fj \u00fa\u010det, aby bylo mo\u017en\u00e9 ov\u011b\u0159it va\u0161i toto\u017enost, kdy\u017e vyhrajete velk\u00fd jackpot. Informace, kter\u00e9 zad\u00e1te a ode\u0161lete, jsou chr\u00e1n\u011bny 256bitov\u00fdm \u0161ifrov\u00e1n\u00edm a bezpe\u010dn\u00fd hosting zaji\u0161\u0165uje, \u017ee z\u016fstanou soukrom\u00e9 a budou pou\u017eity pouze pro \u00fa\u010dely uveden\u00e9 na webov\u00fdch str\u00e1nk\u00e1ch.<\/p>\n<h2>Metody online bankovnictv\u00ed pro v\u00fdhru v RedFoxLotto<\/h2>\n<p>K n\u00e1kupu tiket\u016f m\u016f\u017eete pou\u017e\u00edt karty jako Visa, MasterCard a Visa debet. K dispozici je n\u011bkolik dal\u0161\u00edch platebn\u00edch metod, jako jsou bankovn\u00ed p\u0159evody a krypto platby. Pokud ale dos\u00e1hnete v\u00fdznamn\u00e9 v\u00fdhry, budete si muset z\u0159\u00eddit bankovn\u00ed \u00fa\u010det, aby v\u00e1m mohly b\u00fdt v\u00fdhry p\u0159evedeny. Bezpe\u010dn\u00e9 prost\u0159ed\u00ed z n\u011bj \u010din\u00ed ide\u00e1ln\u00ed volbu pro hran\u00ed mezin\u00e1rodn\u00edch loteri\u00ed a jejich vypl\u00e1cen\u00ed.<\/p>\n<h2>N\u00e1kup loterijn\u00edch tiket\u016f online m\u00e1 sv\u00e9 v\u00fdhody.<\/h2>\n<p>Dal\u0161\u00ed v\u00fdhodou n\u00e1kupu loterijn\u00edch tiket\u016f online je, \u017ee je k dispozici mnoho n\u00e1stroj\u016f, kter\u00e9 v\u00e1m pomohou analyzovat \u010d\u00edsla pro v\u011bt\u0161inu velk\u00fdch mezin\u00e1rodn\u00edch losov\u00e1n\u00ed. Online loterijn\u00ed n\u00e1stroje v\u00e1m umo\u017e\u0148uj\u00ed zobrazit nej\u010dast\u011bj\u0161\u00ed \u010d\u00edsla, nejm\u00e9n\u011b \u010dast\u00e1 \u010d\u00edsla a historii losov\u00e1n\u00ed loteri\u00ed po cel\u00e9m sv\u011bt\u011b. Tyto informace v\u00e1m d\u00e1vaj\u00ed v\u00fdhodu p\u0159i n\u00e1kupu tiket\u016f a mohou pos\u00edlit v\u00e1\u0161 bankovn\u00ed \u00fa\u010det v\u00edce\u00farov\u0148ov\u00fdmi v\u00fdhrami.<\/p>\n<p>Hran\u00ed RedFoxLotto m\u016f\u017ee b\u00fdt z\u00e1bavn\u00e9 a ziskov\u00e9. Za\u010dn\u011bte hr\u00e1t mezin\u00e1rodn\u00ed loterie je\u0161t\u011b dnes. <a class=\"thirstylink\" title=\"Redfoxlotto\" href=\"https:\/\/gambling6.com\/go\/redfoxlotto\/\" target=\"_blank\" rel=\"nofollow noopener\">Chcete-li si koupit mezin\u00e1rodn\u00ed loterijn\u00ed tikety online, nav\u0161tivte na\u0161eho partnera RedFoxLotto.<\/a><\/p>\n<h2>Mus\u00edte b\u00fdt rezidentem, abyste si mohli zahr\u00e1t mezin\u00e1rodn\u00ed loterii?<\/h2>\n<p>Jednoduch\u00e1 odpov\u011b\u010f zn\u00ed: ne, nemus\u00edte! Pokud jste \u010detli \u010dl\u00e1nky na internetu nebo v novin\u00e1ch o lidech, kte\u0159\u00ed vyhr\u00e1li multimilionov\u00e9 jackpoty, mo\u017en\u00e1 jste si pomysleli: \u201ePro\u010d si nem\u016f\u017eu vyzkou\u0161et jednu z t\u011bchto loteri\u00ed?\u201c Nyn\u00ed u\u017e nen\u00ed probl\u00e9m, \u017ee nejste rezidentem zem\u011b, kde se jackpotov\u00e1 loterie losuje.<\/p>\n<p>M\u016f\u017eete si po\u0159\u00eddit tiket na jak\u00fdkoli loterijn\u00ed jackpot, kter\u00fd chcete vyhr\u00e1t, proto\u017ee jsou k dispozici online komukoli na sv\u011bt\u011b. Tato webov\u00e1 str\u00e1nka v\u00e1m pom\u016f\u017ee zakoupit si online loterijn\u00ed tiket na nejv\u00fdznamn\u011bj\u0161\u00ed mezin\u00e1rodn\u00ed jackpoty. A postup nem\u016f\u017ee b\u00fdt jednodu\u0161\u0161\u00ed. Klikn\u011bte na odkaz v\u00fd\u0161e a vyberte si loterii. Budete p\u0159esm\u011brov\u00e1ni na str\u00e1nku, kde si m\u016f\u017eete sami vybrat sv\u00e1 obl\u00edben\u00e1 \u010d\u00edsla pro danou loterii nebo nechat po\u010d\u00edta\u010d, aby \u010d\u00edsla vybral n\u00e1hodn\u011b za v\u00e1s.<\/p>\n<p>Pot\u00e9 zaplat\u00edte online, a to prost\u0159ednictv\u00edm platebn\u00ed metody, kter\u00e1 v\u00e1m nejv\u00edce vyhovuje. Mezi tyto platebn\u00ed metody pat\u0159\u00ed obl\u00edben\u00e9 a bezpe\u010dn\u00e9 elektronick\u00e9 pen\u011b\u017eenky, jako je Skrill, a dokonce i kryptom\u011bny. Samoz\u0159ejm\u011b si m\u016f\u017eete tak\u00e9 vybrat nejobl\u00edben\u011bj\u0161\u00ed mo\u017enost: platbu kreditn\u00ed kartou.<\/p>\n<p><strong>Co se stane d\u00e1l \u2013 jak z\u00edsk\u00e1m sv\u016fj online loterijn\u00ed tiket?<\/strong> Funguje to jako kur\u00fdrn\u00ed slu\u017eba \u2013 v\u00e1\u0161 online loterijn\u00ed tiket budebudou zakoupeny na va\u0161e jm\u00e9no, pot\u00e9 naskenov\u00e1ny a nahr\u00e1ny na v\u00e1\u0161 \u00fa\u010det.<\/p>\n<p>Vy se jen mus\u00edte pohodln\u011b usadit a po\u010dkat na losov\u00e1n\u00ed, zkontrolovat sv\u00e1 \u010d\u00edsla a zjistit, kolik jste vyhr\u00e1li. Pokud vyhrajete \u010d\u00e1stku ni\u017e\u0161\u00ed ne\u017e 2 000 EUR, pen\u00edze budou p\u0159ips\u00e1ny na v\u00e1\u0161 z\u00e1kaznick\u00fd \u00fa\u010det. U \u010d\u00e1stek vy\u0161\u0161\u00edch ne\u017e tato \u010d\u00e1stka vy\u017eaduj\u00ed pravidla RedFoxLotto vypln\u011bn\u00ed formul\u00e1\u0159e \u017e\u00e1dosti, kter\u00fd poskytuje webov\u00e1 str\u00e1nka. Ti jej za v\u00e1s p\u0159epo\u0161lou p\u0159\u00edslu\u0161n\u00e9 loterijn\u00ed komisi a ne\u017e se nad\u011bjete, po\u0161tou v\u00e1m bude doru\u010den \u0161ek! <a class=\"thirstylink\" title=\"Redfoxlotto\" href=\"https:\/\/gambling6.com\/go\/redfoxlotto\/\" target=\"_blank\" rel=\"nofollow noopener\">Kupte si losy je\u0161t\u011b dnes na RedFoxLotto!<\/a><\/p>\n<p>&nbsp;<\/p>\n","protected":false},"excerpt":{"rendered":"<p>Lotto se st\u00e1v\u00e1 mezin\u00e1rodn\u00edm a online. A\u010dkoli je poker pova\u017eov\u00e1n za skv\u011blou formu z\u00e1bavy, stal se tak\u00e9 velk\u00fdm byznysem. Hazardn\u00ed hry obecn\u011b explodovaly \u010d\u00e1ste\u010dn\u011b d\u00edky vynikaj\u00edc\u00ed publicit\u011b, kter\u00e9 se pokeru dostalo v m\u00e9di\u00edch, a dal\u0161\u00ed \u00fasp\u011bch se p\u0159ipisuje internetu. Hran\u00ed mezin\u00e1rodn\u00edch loteri\u00ed a n\u00e1kup tiket\u016f online urychlily r\u016fst jackpot\u016f a mnoho lid\u00ed nyn\u00ed zahrnuje hran\u00ed [&hellip;]<\/p>\n","protected":false},"author":1,"featured_media":9273,"parent":0,"menu_order":8,"comment_status":"closed","ping_status":"closed","template":"","meta":{"footnotes":""},"class_list":["post-9271","page","type-page","status-publish","has-post-thumbnail","hentry"],"yoast_head":"<!-- This site is optimized with the Yoast SEO plugin v27.4 - https:\/\/yoast.com\/product\/yoast-seo-wordpress\/ -->\n<title>N\u00e1kup mezin\u00e1rodn\u00edch loterijn\u00edch tiket\u016f online<\/title>\n<meta name=\"description\" content=\"N\u00e1kup tiket\u016f do mezin\u00e1rodn\u00edch loteri\u00ed online je snadn\u00fd. A\u0165 u\u017e \u017eijete kdekoli, z\u00fa\u010dastn\u011bte se kter\u00e9koli z nejlep\u0161\u00edch loteri\u00ed na sv\u011bt\u011b.\" \/>\n<meta name=\"robots\" content=\"index, follow, max-snippet:-1, max-image-preview:large, max-video-preview:-1\" \/>\n<link rel=\"canonical\" href=\"https:\/\/gambling6.com\/cs\/loterie\/\" \/>\n<meta property=\"og:locale\" content=\"cs_CZ\" \/>\n<meta property=\"og:type\" content=\"article\" \/>\n<meta property=\"og:title\" content=\"N\u00e1kup mezin\u00e1rodn\u00edch loterijn\u00edch tiket\u016f online\" \/>\n<meta property=\"og:description\" content=\"N\u00e1kup tiket\u016f do mezin\u00e1rodn\u00edch loteri\u00ed online je snadn\u00fd. A\u0165 u\u017e \u017eijete kdekoli, z\u00fa\u010dastn\u011bte se kter\u00e9koli z nejlep\u0161\u00edch loteri\u00ed na sv\u011bt\u011b.\" \/>\n<meta property=\"og:url\" content=\"https:\/\/gambling6.com\/cs\/loterie\/\" \/>\n<meta property=\"og:site_name\" content=\"Gambling6\" \/>\n<meta property=\"article:modified_time\" content=\"2025-11-12T18:25:45+00:00\" \/>\n<meta property=\"og:image\" content=\"https:\/\/gambling6.com\/wp-content\/uploads\/2013\/12\/International-Community-150x150.jpg\" \/>\n\t<meta property=\"og:image:width\" content=\"150\" \/>\n\t<meta property=\"og:image:height\" content=\"150\" \/>\n\t<meta property=\"og:image:type\" content=\"image\/jpeg\" \/>\n<meta name=\"twitter:card\" content=\"summary_large_image\" \/>\n<meta name=\"twitter:label1\" content=\"Odhadovan\u00e1 doba \u010dten\u00ed\" \/>\n\t<meta name=\"twitter:data1\" content=\"5 minut\" \/>\n<script type=\"application\/ld+json\" class=\"yoast-schema-graph\">{\"@context\":\"https:\\\/\\\/schema.org\",\"@graph\":[{\"@type\":\"WebPage\",\"@id\":\"https:\\\/\\\/gambling6.com\\\/cs\\\/loterie\\\/\",\"url\":\"https:\\\/\\\/gambling6.com\\\/cs\\\/loterie\\\/\",\"name\":\"N\u00e1kup mezin\u00e1rodn\u00edch loterijn\u00edch tiket\u016f online\",\"isPartOf\":{\"@id\":\"https:\\\/\\\/gambling6.com\\\/cs\\\/#website\"},\"primaryImageOfPage\":{\"@id\":\"https:\\\/\\\/gambling6.com\\\/cs\\\/loterie\\\/#primaryimage\"},\"image\":{\"@id\":\"https:\\\/\\\/gambling6.com\\\/cs\\\/loterie\\\/#primaryimage\"},\"thumbnailUrl\":\"https:\\\/\\\/gambling6.com\\\/wp-content\\\/uploads\\\/2013\\\/12\\\/International-Community-150x150.jpg\",\"datePublished\":\"2025-11-10T12:54:48+00:00\",\"dateModified\":\"2025-11-12T18:25:45+00:00\",\"description\":\"N\u00e1kup tiket\u016f do mezin\u00e1rodn\u00edch loteri\u00ed online je snadn\u00fd. A\u0165 u\u017e \u017eijete kdekoli, z\u00fa\u010dastn\u011bte se kter\u00e9koli z nejlep\u0161\u00edch loteri\u00ed na sv\u011bt\u011b.\",\"breadcrumb\":{\"@id\":\"https:\\\/\\\/gambling6.com\\\/cs\\\/loterie\\\/#breadcrumb\"},\"inLanguage\":\"cs\",\"potentialAction\":[{\"@type\":\"ReadAction\",\"target\":[\"https:\\\/\\\/gambling6.com\\\/cs\\\/loterie\\\/\"]}]},{\"@type\":\"ImageObject\",\"inLanguage\":\"cs\",\"@id\":\"https:\\\/\\\/gambling6.com\\\/cs\\\/loterie\\\/#primaryimage\",\"url\":\"https:\\\/\\\/gambling6.com\\\/wp-content\\\/uploads\\\/2013\\\/12\\\/International-Community-150x150.jpg\",\"contentUrl\":\"https:\\\/\\\/gambling6.com\\\/wp-content\\\/uploads\\\/2013\\\/12\\\/International-Community-150x150.jpg\",\"width\":150,\"height\":150,\"caption\":\"International Lotteries Online\"},{\"@type\":\"BreadcrumbList\",\"@id\":\"https:\\\/\\\/gambling6.com\\\/cs\\\/loterie\\\/#breadcrumb\",\"itemListElement\":[{\"@type\":\"ListItem\",\"position\":1,\"name\":\"Home\",\"item\":\"https:\\\/\\\/gambling6.com\\\/cs\\\/home\\\/\"},{\"@type\":\"ListItem\",\"position\":2,\"name\":\"Loterie\"}]},{\"@type\":\"WebSite\",\"@id\":\"https:\\\/\\\/gambling6.com\\\/cs\\\/#website\",\"url\":\"https:\\\/\\\/gambling6.com\\\/cs\\\/\",\"name\":\"Gambling6\",\"description\":\"\",\"potentialAction\":[{\"@type\":\"SearchAction\",\"target\":{\"@type\":\"EntryPoint\",\"urlTemplate\":\"https:\\\/\\\/gambling6.com\\\/cs\\\/?s={search_term_string}\"},\"query-input\":{\"@type\":\"PropertyValueSpecification\",\"valueRequired\":true,\"valueName\":\"search_term_string\"}}],\"inLanguage\":\"cs\"}]}<\/script>\n<!-- \/ Yoast SEO plugin. -->","yoast_head_json":{"title":"N\u00e1kup mezin\u00e1rodn\u00edch loterijn\u00edch tiket\u016f online","description":"N\u00e1kup tiket\u016f do mezin\u00e1rodn\u00edch loteri\u00ed online je snadn\u00fd. A\u0165 u\u017e \u017eijete kdekoli, z\u00fa\u010dastn\u011bte se kter\u00e9koli z nejlep\u0161\u00edch loteri\u00ed na sv\u011bt\u011b.","robots":{"index":"index","follow":"follow","max-snippet":"max-snippet:-1","max-image-preview":"max-image-preview:large","max-video-preview":"max-video-preview:-1"},"canonical":"https:\/\/gambling6.com\/cs\/loterie\/","og_locale":"cs_CZ","og_type":"article","og_title":"N\u00e1kup mezin\u00e1rodn\u00edch loterijn\u00edch tiket\u016f online","og_description":"N\u00e1kup tiket\u016f do mezin\u00e1rodn\u00edch loteri\u00ed online je snadn\u00fd. A\u0165 u\u017e \u017eijete kdekoli, z\u00fa\u010dastn\u011bte se kter\u00e9koli z nejlep\u0161\u00edch loteri\u00ed na sv\u011bt\u011b.","og_url":"https:\/\/gambling6.com\/cs\/loterie\/","og_site_name":"Gambling6","article_modified_time":"2025-11-12T18:25:45+00:00","og_image":[{"width":150,"height":150,"url":"https:\/\/gambling6.com\/wp-content\/uploads\/2013\/12\/International-Community-150x150.jpg","type":"image\/jpeg"}],"twitter_card":"summary_large_image","twitter_misc":{"Odhadovan\u00e1 doba \u010dten\u00ed":"5 minut"},"schema":{"@context":"https:\/\/schema.org","@graph":[{"@type":"WebPage","@id":"https:\/\/gambling6.com\/cs\/loterie\/","url":"https:\/\/gambling6.com\/cs\/loterie\/","name":"N\u00e1kup mezin\u00e1rodn\u00edch loterijn\u00edch tiket\u016f online","isPartOf":{"@id":"https:\/\/gambling6.com\/cs\/#website"},"primaryImageOfPage":{"@id":"https:\/\/gambling6.com\/cs\/loterie\/#primaryimage"},"image":{"@id":"https:\/\/gambling6.com\/cs\/loterie\/#primaryimage"},"thumbnailUrl":"https:\/\/gambling6.com\/wp-content\/uploads\/2013\/12\/International-Community-150x150.jpg","datePublished":"2025-11-10T12:54:48+00:00","dateModified":"2025-11-12T18:25:45+00:00","description":"N\u00e1kup tiket\u016f do mezin\u00e1rodn\u00edch loteri\u00ed online je snadn\u00fd. A\u0165 u\u017e \u017eijete kdekoli, z\u00fa\u010dastn\u011bte se kter\u00e9koli z nejlep\u0161\u00edch loteri\u00ed na sv\u011bt\u011b.","breadcrumb":{"@id":"https:\/\/gambling6.com\/cs\/loterie\/#breadcrumb"},"inLanguage":"cs","potentialAction":[{"@type":"ReadAction","target":["https:\/\/gambling6.com\/cs\/loterie\/"]}]},{"@type":"ImageObject","inLanguage":"cs","@id":"https:\/\/gambling6.com\/cs\/loterie\/#primaryimage","url":"https:\/\/gambling6.com\/wp-content\/uploads\/2013\/12\/International-Community-150x150.jpg","contentUrl":"https:\/\/gambling6.com\/wp-content\/uploads\/2013\/12\/International-Community-150x150.jpg","width":150,"height":150,"caption":"International Lotteries Online"},{"@type":"BreadcrumbList","@id":"https:\/\/gambling6.com\/cs\/loterie\/#breadcrumb","itemListElement":[{"@type":"ListItem","position":1,"name":"Home","item":"https:\/\/gambling6.com\/cs\/home\/"},{"@type":"ListItem","position":2,"name":"Loterie"}]},{"@type":"WebSite","@id":"https:\/\/gambling6.com\/cs\/#website","url":"https:\/\/gambling6.com\/cs\/","name":"Gambling6","description":"","potentialAction":[{"@type":"SearchAction","target":{"@type":"EntryPoint","urlTemplate":"https:\/\/gambling6.com\/cs\/?s={search_term_string}"},"query-input":{"@type":"PropertyValueSpecification","valueRequired":true,"valueName":"search_term_string"}}],"inLanguage":"cs"}]}},"_links":{"self":[{"href":"https:\/\/gambling6.com\/cs\/wp-json\/wp\/v2\/pages\/9271","targetHints":{"allow":["GET"]}}],"collection":[{"href":"https:\/\/gambling6.com\/cs\/wp-json\/wp\/v2\/pages"}],"about":[{"href":"https:\/\/gambling6.com\/cs\/wp-json\/wp\/v2\/types\/page"}],"author":[{"embeddable":true,"href":"https:\/\/gambling6.com\/cs\/wp-json\/wp\/v2\/users\/1"}],"replies":[{"embeddable":true,"href":"https:\/\/gambling6.com\/cs\/wp-json\/wp\/v2\/comments?post=9271"}],"version-history":[{"count":1,"href":"https:\/\/gambling6.com\/cs\/wp-json\/wp\/v2\/pages\/9271\/revisions"}],"predecessor-version":[{"id":10649,"href":"https:\/\/gambling6.com\/cs\/wp-json\/wp\/v2\/pages\/9271\/revisions\/10649"}],"wp:featuredmedia":[{"embeddable":true,"href":"https:\/\/gambling6.com\/cs\/wp-json\/wp\/v2\/media\/9273"}],"wp:attachment":[{"href":"https:\/\/gambling6.com\/cs\/wp-json\/wp\/v2\/media?parent=9271"}],"curies":[{"name":"wp","href":"https:\/\/api.w.org\/{rel}","templated":true}]}}