{"id":9335,"date":"2025-11-10T20:29:32","date_gmt":"2025-11-10T20:29:32","guid":{"rendered":"https:\/\/gambling6.com\/loterie\/ziskejte-online-tikety-do-loterie-mega-millions\/"},"modified":"2025-11-10T20:29:32","modified_gmt":"2025-11-10T20:29:32","slug":"ziskejte-online-tikety-do-loterie-mega-millions","status":"publish","type":"page","link":"https:\/\/gambling6.com\/cs\/loterie\/ziskejte-online-tikety-do-loterie-mega-millions\/","title":{"rendered":"Z\u00edskejte online tikety do loterie Mega Millions"},"content":{"rendered":"<h2>Loterie Mega Millions k dispozici odkudkoli na sv\u011bt\u011b<\/h2>\n<p>Neuv\u011b\u0159iteln\u00e9 mno\u017estv\u00ed lid\u00ed si ka\u017ed\u00fd den kupuje loterie, a to jak v Severn\u00ed Americe, tak po cel\u00e9m sv\u011bt\u011b. V\u011bt\u0161ina \u00fa\u010dastn\u00edk\u016f loterie si dob\u0159e uv\u011bdomuje, \u017ee jejich \u0161ance na skute\u010dnou v\u00fdhru jackpotu jsou velmi mal\u00e9. <strong>P\u0159esto si lid\u00e9 denn\u011b <strong>nab\u00edzej\u00ed mo\u017enost<\/strong> <span style=\"box-sizing: border-box; margin: 0px; padding: 0px;\"><strong>koupit tikety online do loterie Mega Millions, tak\u017ee se p\u0159ihla\u0161uj\u00ed ke sv\u00fdm po\u010d\u00edta\u010d\u016fm<\/strong>, p\u0159ihla\u0161uj\u00ed se na na\u0161eho partnera RedFoxLotto.com a kupuj\u00ed si tikety<\/span>do gigantick\u00e9 americk\u00e9 loterie Mega Millions.<img loading=\"lazy\" decoding=\"async\" class=\" alignright wp-image-544\" style=\"margin: 10px; border: 5px solid #ffffff; float: right;\" src=\"http:\/\/gambling6.com\/wp-content\/uploads\/2013\/12\/get-mega-millions-tickets-online.png\" alt=\"va\u0161e losy Megamillions online\" width=\"297\" height=\"163\" srcset=\"https:\/\/gambling6.com\/wp-content\/uploads\/2013\/12\/get-mega-millions-tickets-online.png 388w, https:\/\/gambling6.com\/wp-content\/uploads\/2013\/12\/get-mega-millions-tickets-online-300x165.png 300w\" sizes=\"auto, (max-width: 297px) 100vw, 297px\" \/><\/p>\n<h2>Abyste vyhr\u00e1li, mus\u00edte si losy po\u0159\u00eddit online.<\/h2>\n<p>Mnoho lid\u00ed by rad\u011bji m\u011blo malou \u0161anci na v\u00fdhru ne\u017e \u017e\u00e1dnou. Jak se \u0159\u00edk\u00e1: \u201eBez losu se ned\u00e1 vyhr\u00e1t\u201c. Tato fr\u00e1ze se mnoha lidem vybav\u00ed a vzhledem k tomu, \u017ee je ka\u017ed\u00fd den zaplavuj\u00ed obr\u00e1zky loterie, je velmi pravd\u011bpodobn\u00e9, \u017ee si losy koup\u00ed online. Internet umo\u017enil lidem na cel\u00e9m sv\u011bt\u011b zakoupit si losy pro ka\u017ed\u00e9 losov\u00e1n\u00ed. Vzhledem k tomu, \u017ee Mega Millions je jedn\u00edm z nejv\u011bt\u0161\u00edch losov\u00e1n\u00ed na sv\u011bt\u011b, je prost\u011b logick\u00e9, \u017ee se lid\u00e9 hrnou k n\u00e1kupu los\u016f online.<\/p>\n<p>Chcete-li z\u00edskat sv\u016fj tiket, <a class=\"thirstylink\" title=\"Redfoxlotto\" href=\"https:\/\/gambling6.com\/go\/redfoxlotto\/\" target=\"_blank\" rel=\"nofollow noopener\">klikn\u011bte sem a nav\u0161tivte RedFoxLotto.com<\/a>, vynikaj\u00edc\u00ed slu\u017ebu pro zas\u00edl\u00e1n\u00ed loterijn\u00edch tiket\u016f, kde si m\u016f\u017eete koupit losy s nejv\u00fdznamn\u011bj\u0161\u00edmi jackpoty z cel\u00e9ho sv\u011bta.<\/p>\n<h2>Na online kupuj\u00edc\u00ed \u010dekaj\u00ed mo\u017enosti, kter\u00e9 jim zm\u011bn\u00ed \u017eivot.<\/h2>\n<p>Je d\u016fle\u017eit\u00e9 si uv\u011bdomit, \u017ee lid\u00e9 si kupuj\u00ed online losy do loterie Mega Millions, aby se pokusili zm\u011bnit sv\u016fj \u017eivot. Kdy\u017e sly\u0161\u00ed v\u00fdsledky, \u017ee hlavn\u00ed cenu vyhr\u00e1l p\u00e1r z Tunkhannocku v Pensylv\u00e1nii, jsou zklaman\u00ed a ani si sv\u00e9 losy nekontroluj\u00ed.<\/p>\n<h2>Online losy Mega Millions a Powerball jsou nejobl\u00edben\u011bj\u0161\u00ed.<\/h2>\n<p>Dv\u011b loterie v USA, konkr\u00e9tn\u011b Megamillions a Powerball, jsou skute\u010dn\u011b nejv\u011bt\u0161\u00edmi loteriemi produkuj\u00edc\u00edmi jackpoty na sv\u011bt\u011b. Nen\u00ed tedy divu, \u017ee online prodej tiket\u016f na tyto dva giganty ka\u017ed\u00fd t\u00fdden prudce stoup\u00e1 do nov\u00fdch v\u00fd\u0161in. Z\u00edsk\u00e1v\u00e1n\u00ed tiket\u016f na Mega Millions online pravideln\u011b p\u0159in\u00e1\u0161\u00ed jackpoty na mimo\u0159\u00e1dn\u00e9 \u00farovn\u011b.<\/p>\n<h2>\u00da\u017easn\u00e9 jackpoty Mega Millions v roce 2013 se bl\u00ed\u017e\u00ed rekordu<\/h2>\n<table style=\"width: 500px;\" border=\"1\" cellspacing=\"5\" cellpadding=\"5\" align=\"center\">\n<tbody>\n<tr>\n<td colspan=\"3\" align=\"center\">P\u011bt nejlep\u0161\u00edch jackpot\u016f roku 2013<\/td>\n<\/tr>\n<tr>\n<td>Losov\u00e1n\u00ed<\/td>\n<td align=\"center\">Datum<\/td>\n<td align=\"center\">Jackpot (USD)<\/td>\n<\/tr>\n<tr>\n<td>Mega Millions &#8211; USA<\/td>\n<td align=\"center\">17. prosince 2013<\/td>\n<td align=\"right\">636 000 000 USD<\/td>\n<\/tr>\n<tr>\n<td>Mega Millions &#8211; USA<\/td>\n<td align=\"center\">17. kv\u011btna 2013<\/td>\n<td align=\"right\">190 000 000 $<\/td>\n<\/tr>\n<tr>\n<td>Mega Millions &#8211; USA<\/td>\n<td align=\"center\">1. \u0159\u00edjna 2013<\/td>\n<td align=\"right\">189 000 000 $<\/td>\n<\/tr>\n<tr>\n<td>Mega Millions &#8211; USA<\/td>\n<td align=\"center\">25. ledna 2013<\/td>\n<td align=\"right\">89 000 000 $<\/td>\n<\/tr>\n<tr>\n<td>Mega Millions &#8211; USA<\/td>\n<td align=\"center\">5. \u010dervence 2013<\/td>\n<td align=\"right\">79 000 000 $<\/td>\n<\/tr>\n<\/tbody>\n<\/table>\n<h2>\u00a0Mnoho cen pro online tiket Mega Millions dr\u017eitel\u00e9<\/h2>\n<table style=\"width: 500px;\" border=\"1\" cellspacing=\"5\" cellpadding=\"5\" align=\"center\">\n<tbody>\n<tr>\n<td colspan=\"3\" align=\"center\">\u00darovn\u011b v\u00fdher v loterii Mega Millions<\/td>\n<\/tr>\n<tr>\n<td>Cena<\/td>\n<td align=\"center\">Z\u00e1pasy<\/td>\n<td align=\"center\">Kurzy<\/td>\n<\/tr>\n<tr>\n<td>1. m\u00edsto (Jackpot)<\/td>\n<td align=\"center\">5 + 1<\/td>\n<td align=\"right\">175 711 538 : 1<\/td>\n<\/tr>\n<tr>\n<td>2. m\u00edsto<\/td>\n<td align=\"center\">5<\/td>\n<td align=\"right\">3 904 701 : 1<\/td>\n<\/tr>\n<tr>\n<td>3.<\/td>\n<td align=\"center\">4 + 1<\/td>\n<td align=\"right\">689 065 : 1<\/td>\n<\/tr>\n<tr>\n<td>4.<\/td>\n<td align=\"center\">4<\/td>\n<td align=\"right\">15 313 \u200b\u200b: 1<\/td>\n<\/tr>\n<tr>\n<td>5.<\/td>\n<td align=\"center\">3 + 1<\/td>\n<td align=\"right\">13 781 : 1<\/td>\n<\/tr>\n<tr>\n<td>6.<\/td>\n<td align=\"center\">2 + 1<\/td>\n<td align=\"right\">844 : 1<\/td>\n<\/tr>\n<tr>\n<td>7.<\/td>\n<td align=\"center\">3<\/td>\n<td align=\"right\">360 : 1<\/td>\n<\/tr>\n<tr>\n<td>8.<\/td>\n<td align=\"center\">1 + 1<\/td>\n<td align=\"right\">141 : 1<\/td>\n<\/tr>\n<tr>\n<td>9.<\/td>\n<td align=\"center\">0 + 1<\/td>\n<td align=\"right\">75 : 1<\/td>\n<\/tr>\n<\/tbody>\n<\/table>\n<p style=\"text-align: center;\"><strong>Hrajte Mega Millions je\u0161t\u011b dnes s online tikety a mo\u017en\u00e1 se v\u00e1m spln\u00ed va\u0161e sny!<\/strong><\/p>\n","protected":false},"excerpt":{"rendered":"<p>Loterie Mega Millions k dispozici odkudkoli na sv\u011bt\u011b Neuv\u011b\u0159iteln\u00e9 mno\u017estv\u00ed lid\u00ed si ka\u017ed\u00fd den kupuje loterie, a to jak v Severn\u00ed Americe, tak po cel\u00e9m sv\u011bt\u011b. V\u011bt\u0161ina \u00fa\u010dastn\u00edk\u016f loterie si dob\u0159e uv\u011bdomuje, \u017ee jejich \u0161ance na skute\u010dnou v\u00fdhru jackpotu jsou velmi mal\u00e9. P\u0159esto si lid\u00e9 denn\u011b nab\u00edzej\u00ed mo\u017enost koupit tikety online do loterie Mega Millions, [&hellip;]<\/p>\n","protected":false},"author":1,"featured_media":9336,"parent":9271,"menu_order":13,"comment_status":"closed","ping_status":"closed","template":"","meta":{"footnotes":""},"class_list":["post-9335","page","type-page","status-publish","has-post-thumbnail","hentry"],"yoast_head":"<!-- This site is optimized with the Yoast SEO plugin v27.4 - https:\/\/yoast.com\/product\/yoast-seo-wordpress\/ -->\n<title>Kupte si losy do loterie Mega Millions online<\/title>\n<meta name=\"description\" content=\"vyhr\u00e1t, velk\u00e9, z\u00edsk\u00e1n\u00ed, va\u0161ich, online, l\u00edstk\u016f, Megamillions, loterie\" \/>\n<meta name=\"robots\" content=\"index, follow, max-snippet:-1, max-image-preview:large, max-video-preview:-1\" \/>\n<link rel=\"canonical\" href=\"https:\/\/gambling6.com\/cs\/loterie\/ziskejte-online-tikety-do-loterie-mega-millions\/\" \/>\n<meta property=\"og:locale\" content=\"cs_CZ\" \/>\n<meta property=\"og:type\" content=\"article\" \/>\n<meta property=\"og:title\" content=\"Kupte si losy do loterie Mega Millions online\" \/>\n<meta property=\"og:description\" content=\"vyhr\u00e1t, velk\u00e9, z\u00edsk\u00e1n\u00ed, va\u0161ich, online, l\u00edstk\u016f, Megamillions, loterie\" \/>\n<meta property=\"og:url\" content=\"https:\/\/gambling6.com\/cs\/loterie\/ziskejte-online-tikety-do-loterie-mega-millions\/\" \/>\n<meta property=\"og:site_name\" content=\"Gambling6\" \/>\n<meta property=\"og:image\" content=\"https:\/\/gambling6.com\/wp-content\/uploads\/2013\/12\/get-mega-millions-tickets-online.png\" \/>\n\t<meta property=\"og:image:width\" content=\"388\" \/>\n\t<meta property=\"og:image:height\" content=\"213\" \/>\n\t<meta property=\"og:image:type\" content=\"image\/png\" \/>\n<meta name=\"twitter:card\" content=\"summary_large_image\" \/>\n<meta name=\"twitter:label1\" content=\"Odhadovan\u00e1 doba \u010dten\u00ed\" \/>\n\t<meta name=\"twitter:data1\" content=\"2 minuty\" \/>\n<script type=\"application\/ld+json\" class=\"yoast-schema-graph\">{\"@context\":\"https:\\\/\\\/schema.org\",\"@graph\":[{\"@type\":\"WebPage\",\"@id\":\"https:\\\/\\\/gambling6.com\\\/cs\\\/loterie\\\/ziskejte-online-tikety-do-loterie-mega-millions\\\/\",\"url\":\"https:\\\/\\\/gambling6.com\\\/cs\\\/loterie\\\/ziskejte-online-tikety-do-loterie-mega-millions\\\/\",\"name\":\"Kupte si losy do loterie Mega Millions online\",\"isPartOf\":{\"@id\":\"https:\\\/\\\/gambling6.com\\\/cs\\\/#website\"},\"primaryImageOfPage\":{\"@id\":\"https:\\\/\\\/gambling6.com\\\/cs\\\/loterie\\\/ziskejte-online-tikety-do-loterie-mega-millions\\\/#primaryimage\"},\"image\":{\"@id\":\"https:\\\/\\\/gambling6.com\\\/cs\\\/loterie\\\/ziskejte-online-tikety-do-loterie-mega-millions\\\/#primaryimage\"},\"thumbnailUrl\":\"https:\\\/\\\/gambling6.com\\\/wp-content\\\/uploads\\\/2013\\\/12\\\/get-mega-millions-tickets-online.png\",\"datePublished\":\"2025-11-10T20:29:32+00:00\",\"description\":\"vyhr\u00e1t, velk\u00e9, z\u00edsk\u00e1n\u00ed, va\u0161ich, online, l\u00edstk\u016f, Megamillions, loterie\",\"breadcrumb\":{\"@id\":\"https:\\\/\\\/gambling6.com\\\/cs\\\/loterie\\\/ziskejte-online-tikety-do-loterie-mega-millions\\\/#breadcrumb\"},\"inLanguage\":\"cs\",\"potentialAction\":[{\"@type\":\"ReadAction\",\"target\":[\"https:\\\/\\\/gambling6.com\\\/cs\\\/loterie\\\/ziskejte-online-tikety-do-loterie-mega-millions\\\/\"]}]},{\"@type\":\"ImageObject\",\"inLanguage\":\"cs\",\"@id\":\"https:\\\/\\\/gambling6.com\\\/cs\\\/loterie\\\/ziskejte-online-tikety-do-loterie-mega-millions\\\/#primaryimage\",\"url\":\"https:\\\/\\\/gambling6.com\\\/wp-content\\\/uploads\\\/2013\\\/12\\\/get-mega-millions-tickets-online.png\",\"contentUrl\":\"https:\\\/\\\/gambling6.com\\\/wp-content\\\/uploads\\\/2013\\\/12\\\/get-mega-millions-tickets-online.png\",\"width\":388,\"height\":213,\"caption\":\"your Megamillions tickets online\"},{\"@type\":\"BreadcrumbList\",\"@id\":\"https:\\\/\\\/gambling6.com\\\/cs\\\/loterie\\\/ziskejte-online-tikety-do-loterie-mega-millions\\\/#breadcrumb\",\"itemListElement\":[{\"@type\":\"ListItem\",\"position\":1,\"name\":\"Home\",\"item\":\"https:\\\/\\\/gambling6.com\\\/cs\\\/home\\\/\"},{\"@type\":\"ListItem\",\"position\":2,\"name\":\"Loterie\",\"item\":\"https:\\\/\\\/gambling6.com\\\/cs\\\/buying-international-lotto-tickets-online\\\/\"},{\"@type\":\"ListItem\",\"position\":3,\"name\":\"Z\u00edskejte online tikety do loterie Mega Millions\"}]},{\"@type\":\"WebSite\",\"@id\":\"https:\\\/\\\/gambling6.com\\\/cs\\\/#website\",\"url\":\"https:\\\/\\\/gambling6.com\\\/cs\\\/\",\"name\":\"Gambling6\",\"description\":\"\",\"potentialAction\":[{\"@type\":\"SearchAction\",\"target\":{\"@type\":\"EntryPoint\",\"urlTemplate\":\"https:\\\/\\\/gambling6.com\\\/cs\\\/?s={search_term_string}\"},\"query-input\":{\"@type\":\"PropertyValueSpecification\",\"valueRequired\":true,\"valueName\":\"search_term_string\"}}],\"inLanguage\":\"cs\"}]}<\/script>\n<!-- \/ Yoast SEO plugin. -->","yoast_head_json":{"title":"Kupte si losy do loterie Mega Millions online","description":"vyhr\u00e1t, velk\u00e9, z\u00edsk\u00e1n\u00ed, va\u0161ich, online, l\u00edstk\u016f, Megamillions, loterie","robots":{"index":"index","follow":"follow","max-snippet":"max-snippet:-1","max-image-preview":"max-image-preview:large","max-video-preview":"max-video-preview:-1"},"canonical":"https:\/\/gambling6.com\/cs\/loterie\/ziskejte-online-tikety-do-loterie-mega-millions\/","og_locale":"cs_CZ","og_type":"article","og_title":"Kupte si losy do loterie Mega Millions online","og_description":"vyhr\u00e1t, velk\u00e9, z\u00edsk\u00e1n\u00ed, va\u0161ich, online, l\u00edstk\u016f, Megamillions, loterie","og_url":"https:\/\/gambling6.com\/cs\/loterie\/ziskejte-online-tikety-do-loterie-mega-millions\/","og_site_name":"Gambling6","og_image":[{"width":388,"height":213,"url":"https:\/\/gambling6.com\/wp-content\/uploads\/2013\/12\/get-mega-millions-tickets-online.png","type":"image\/png"}],"twitter_card":"summary_large_image","twitter_misc":{"Odhadovan\u00e1 doba \u010dten\u00ed":"2 minuty"},"schema":{"@context":"https:\/\/schema.org","@graph":[{"@type":"WebPage","@id":"https:\/\/gambling6.com\/cs\/loterie\/ziskejte-online-tikety-do-loterie-mega-millions\/","url":"https:\/\/gambling6.com\/cs\/loterie\/ziskejte-online-tikety-do-loterie-mega-millions\/","name":"Kupte si losy do loterie Mega Millions online","isPartOf":{"@id":"https:\/\/gambling6.com\/cs\/#website"},"primaryImageOfPage":{"@id":"https:\/\/gambling6.com\/cs\/loterie\/ziskejte-online-tikety-do-loterie-mega-millions\/#primaryimage"},"image":{"@id":"https:\/\/gambling6.com\/cs\/loterie\/ziskejte-online-tikety-do-loterie-mega-millions\/#primaryimage"},"thumbnailUrl":"https:\/\/gambling6.com\/wp-content\/uploads\/2013\/12\/get-mega-millions-tickets-online.png","datePublished":"2025-11-10T20:29:32+00:00","description":"vyhr\u00e1t, velk\u00e9, z\u00edsk\u00e1n\u00ed, va\u0161ich, online, l\u00edstk\u016f, Megamillions, loterie","breadcrumb":{"@id":"https:\/\/gambling6.com\/cs\/loterie\/ziskejte-online-tikety-do-loterie-mega-millions\/#breadcrumb"},"inLanguage":"cs","potentialAction":[{"@type":"ReadAction","target":["https:\/\/gambling6.com\/cs\/loterie\/ziskejte-online-tikety-do-loterie-mega-millions\/"]}]},{"@type":"ImageObject","inLanguage":"cs","@id":"https:\/\/gambling6.com\/cs\/loterie\/ziskejte-online-tikety-do-loterie-mega-millions\/#primaryimage","url":"https:\/\/gambling6.com\/wp-content\/uploads\/2013\/12\/get-mega-millions-tickets-online.png","contentUrl":"https:\/\/gambling6.com\/wp-content\/uploads\/2013\/12\/get-mega-millions-tickets-online.png","width":388,"height":213,"caption":"your Megamillions tickets online"},{"@type":"BreadcrumbList","@id":"https:\/\/gambling6.com\/cs\/loterie\/ziskejte-online-tikety-do-loterie-mega-millions\/#breadcrumb","itemListElement":[{"@type":"ListItem","position":1,"name":"Home","item":"https:\/\/gambling6.com\/cs\/home\/"},{"@type":"ListItem","position":2,"name":"Loterie","item":"https:\/\/gambling6.com\/cs\/buying-international-lotto-tickets-online\/"},{"@type":"ListItem","position":3,"name":"Z\u00edskejte online tikety do loterie Mega Millions"}]},{"@type":"WebSite","@id":"https:\/\/gambling6.com\/cs\/#website","url":"https:\/\/gambling6.com\/cs\/","name":"Gambling6","description":"","potentialAction":[{"@type":"SearchAction","target":{"@type":"EntryPoint","urlTemplate":"https:\/\/gambling6.com\/cs\/?s={search_term_string}"},"query-input":{"@type":"PropertyValueSpecification","valueRequired":true,"valueName":"search_term_string"}}],"inLanguage":"cs"}]}},"_links":{"self":[{"href":"https:\/\/gambling6.com\/cs\/wp-json\/wp\/v2\/pages\/9335","targetHints":{"allow":["GET"]}}],"collection":[{"href":"https:\/\/gambling6.com\/cs\/wp-json\/wp\/v2\/pages"}],"about":[{"href":"https:\/\/gambling6.com\/cs\/wp-json\/wp\/v2\/types\/page"}],"author":[{"embeddable":true,"href":"https:\/\/gambling6.com\/cs\/wp-json\/wp\/v2\/users\/1"}],"replies":[{"embeddable":true,"href":"https:\/\/gambling6.com\/cs\/wp-json\/wp\/v2\/comments?post=9335"}],"version-history":[{"count":0,"href":"https:\/\/gambling6.com\/cs\/wp-json\/wp\/v2\/pages\/9335\/revisions"}],"up":[{"embeddable":true,"href":"https:\/\/gambling6.com\/cs\/wp-json\/wp\/v2\/pages\/9271"}],"wp:featuredmedia":[{"embeddable":true,"href":"https:\/\/gambling6.com\/cs\/wp-json\/wp\/v2\/media\/9336"}],"wp:attachment":[{"href":"https:\/\/gambling6.com\/cs\/wp-json\/wp\/v2\/media?parent=9335"}],"curies":[{"name":"wp","href":"https:\/\/api.w.org\/{rel}","templated":true}]}}