{"id":9378,"date":"2025-11-10T21:19:59","date_gmt":"2025-11-10T21:19:59","guid":{"rendered":"https:\/\/gambling6.com\/loterie\/jak-si-mohu-koupit-online-losy-do-loterie-euromillions-mimo-evropu\/"},"modified":"2025-11-12T18:42:10","modified_gmt":"2025-11-12T18:42:10","slug":"jak-si-mohu-koupit-online-losy-do-loterie-euromillions-mimo-evropu","status":"publish","type":"page","link":"https:\/\/gambling6.com\/cs\/loterie\/jak-si-mohu-koupit-online-losy-do-loterie-euromillions-mimo-evropu\/","title":{"rendered":"Jak si mohu koupit online losy do loterie Euromillions mimo Evropu?"},"content":{"rendered":"<h2>Euro Millions<\/h2>\n<p>S 185 miliony eur v s\u00e1zce a b\u011b\u017enou <span style=\"box-sizing: border-box; margin: 0px; padding: 0px;\">\u0161anc\u00ed vyhr\u00e1t p\u0159es 100 milion\u016f eur se lid\u00e9 hrnou ke sv\u00fdm po\u010d\u00edta\u010d\u016fm, aby si online koupili tikety do loterie EuroMillions.<\/strong> Euromillions se hraje v 9 zem\u00edch po cel\u00e9 Evrop\u011b a loni vyplatila ceny v hodnot\u011b p\u0159es 2,5 miliardy dolar\u016f. Pro\u010d byste necht\u011bli m\u00edt \u0161anci vyhr\u00e1t tento jackpot? Sta\u010d\u00ed nav\u0161t\u00edvit na\u0161eho partnera RedFoxLotto a z\u00edskat sv\u00e9 online tikety. Hran\u00ed RedFoxLotto nebylo nikdy jednodu\u0161\u0161\u00ed.<\/p>\n<p><strong>Tikety do loterie Euromillions si m\u016f\u017eete zakoupit online dvakr\u00e1t t\u00fddn\u011b<\/strong> a m\u00e1te tak \u0161anci vyhr\u00e1t a\u017e 13 r\u016fzn\u00fdch \u00farovn\u00ed v\u00fdher. Chcete-li si zakoupit losy online, vyberte 5 hlavn\u00edch \u010d\u00edsel od 1 do 50. Za druh\u00e9, existuj\u00ed dv\u011b \u010d\u00edsla \u0161\u0165astn\u00e9 hv\u011bzdy, ob\u011b mezi 1 a 11, kter\u00e1 se losuj\u00ed ze samostatn\u00e9ho automatu. Chcete-li z\u00edskat hlavn\u00ed jackpot, mus\u00edte uhodnout v\u0161ech sedm \u010d\u00edsel.<\/p>\n<h2>Pro\u010d hr\u00e1t loterii Euromillions online?<\/h2>\n<p><img loading=\"lazy\" decoding=\"async\" class=\" wp-image-1437 alignright\" src=\"https:\/\/gambling6.com\/wp-content\/uploads\/2022\/04\/2_ticket_euromillions-112x300.jpg\" alt=\"tiket EuroMillions\" width=\"99\" height=\"265\" srcset=\"https:\/\/gambling6.com\/wp-content\/uploads\/2022\/04\/2_ticket_euromillions-112x300.jpg 112w, https:\/\/gambling6.com\/wp-content\/uploads\/2022\/04\/2_ticket_euromillions.jpg 200w\" sizes=\"auto, (max-width: 99px) 100vw, 99px\" \/>Loterijn\u00ed hore\u010dka v Evrop\u011b m\u016f\u017ee \u2013 a dos\u00e1hla \u2013 epidemick\u00fdch rozm\u011br\u016f. Lid\u00e9 proto ka\u017ed\u00fd t\u00fdden stoj\u00ed ve front\u011b, aby si zahr\u00e1li nejv\u011bt\u0161\u00ed loterii v Evrop\u011b s jedn\u00edm ze t\u0159\u00ed nejv\u011bt\u0161\u00edch jackpot\u016f na sv\u011bt\u011b. Loterie Euromillions vznikla v roce 2004 a hraje se v Belgii, Francii, Irsku, Rakousku, Lucembursku, \u0160pan\u011blsku, Portugalsku, \u0160v\u00fdcarsku a Spojen\u00e9m kr\u00e1lovstv\u00ed. Skotsk\u00fd p\u00e1r vyhr\u00e1l v \u010dervenci 2011 nejv\u011bt\u0161\u00ed jackpot v historii a z\u00edskal 185 milion\u016f eur.<\/p>\n<p>Krom\u011b v\u0161ech evropsk\u00fdch hr\u00e1\u010d\u016f ve v\u00fd\u0161e zm\u00edn\u011bn\u00fdch zem\u00edch si miliony lid\u00ed ka\u017ed\u00fd t\u00fdden kupuj\u00ed losy online. Z\u00edsk\u00e1n\u00ed online los\u016f do loterie Euromillions je velmi jednoduch\u00e9: nav\u0161tivte na\u0161eho partnera RedFoxLotto. \u0160ance na v\u00fdhru hlavn\u00edho jackpotu v loterii EuroMillions je 1 ku 116 531 800. Chcete-li se v\u0161ak z\u00fa\u010dastnit jedn\u00e9 z dal\u0161\u00edch 13 \u00farovn\u00ed v\u00fdher, m\u00e1te celkovou \u0161anci 1 ku 13.<\/p>\n<p>Op\u011bt najdete loterii Euromillions jednou z nejzaj\u00edmav\u011bj\u0161\u00edch na sv\u011bt\u011b. <span style=\"box-sizing: border-box; margin: 0px; padding: 0px;\">V\u011bnujte \u010das\u00a0<a href=\"https:\/\/gambling6.com\/go\/redfoxlotto-en\/\" target=\"_blank\" rel=\"noopener\">a dnes nav\u0161tivte RedFoxLotto kliknut\u00edm na tento odkaz<\/a>, otev\u0159ete si \u00fa\u010det a za\u010dn\u011bte hr\u00e1t tuto gigantickou evropskou loterii.<\/span> Jsme si jisti, \u017ee budete r\u00e1di, \u017ee jste to ud\u011blali. Z\u00edskat online losy do EuroMillions a dal\u0161\u00edch popul\u00e1rn\u00edch loteri\u00ed po cel\u00e9m sv\u011bt\u011b je snadn\u00e9.<\/p>\n<table style=\"width: 500px;\" border=\"1\" cellspacing=\"5\" cellpadding=\"5\" align=\"center\">\n<tbody>\n<tr>\n<td colspan=\"3\" align=\"center\">P\u011bt nejlep\u0161\u00edch jackpot\u016f roku 2013<\/td>\n<\/tr>\n<tr>\n<td>Losov\u00e1n\u00ed<\/td>\n<td align=\"center\">Datum<\/td>\n<td align=\"center\">Jackpot (USD)<\/td>\n<\/tr>\n<tr>\n<td>Euro Millions &#8211; Evropa<\/td>\n<td align=\"center\">25. \u010dervna 2013<\/td>\n<td align=\"right\">260 129 094 $<\/td>\n<\/tr>\n<tr>\n<td>Euro Millions &#8211; Evropa<\/td>\n<td align=\"center\">15. listopadu 2013<\/td>\n<td align=\"right\">137 000 000 $<\/td>\n<\/tr>\n<tr>\n<td>Euro Millions &#8211; Evropa<\/td>\n<td align=\"center\">28. kv\u011btna 2013<\/td>\n<td align=\"right\">132 676 542 $<\/td>\n<\/tr>\n<tr>\n<td>Euro Millions &#8211; Evropa<\/td>\n<td align=\"center\">25. \u010dervna 2013<\/td>\n<td align=\"right\">131 636 203 $<\/td>\n<\/tr>\n<tr>\n<td>Euro Millions &#8211; Evropa<\/td>\n<td align=\"center\">23. srpna 2013<\/td>\n<td align=\"right\">131 628 767 $<\/td>\n<\/tr>\n<\/tbody>\n<\/table>\n<p>&nbsp;<\/p>\n<table style=\"width: 500px;\" border=\"1\" cellspacing=\"5\" cellpadding=\"5\" align=\"center\">\n<tbody>\n<tr>\n<td colspan=\"3\" align=\"center\">\u00darovn\u011b v\u00fdher Euro Millions<\/td>\n<\/tr>\n<tr>\n<td>Cena<\/td>\n<td align=\"center\">Z\u00e1pasy<\/td>\n<td align=\"center\">Kurzy<\/td>\n<\/tr>\n<tr>\n<td>1. m\u00edsto (Jackpot)<\/td>\n<td align=\"center\">5 + 2<\/td>\n<td align=\"right\">116 531 800 : 1<\/td>\n<\/tr>\n<tr>\n<td>2. m\u00edsto<\/td>\n<td align=\"center\">5 + 1<\/td>\n<td align=\"right\">6 473 989 : 1<\/td>\n<\/tr>\n<tr>\n<td>3.<\/td>\n<td align=\"center\">5<\/td>\n<td align=\"right\">3 236 994 : 1<\/td>\n<\/tr>\n<tr>\n<td>4.<\/td>\n<td align=\"center\">4 + 2<\/td>\n<td align=\"right\">517 919 : 1<\/td>\n<\/tr>\n<tr>\n<td>5.<\/td>\n<td align=\"center\">4 + 1<\/td>\n<td align=\"right\">28 773 : 1<\/td>\n<\/tr>\n<tr>\n<td>6.<\/td>\n<td align=\"center\">4<\/td>\n<td align=\"right\">14 387 : 1<\/td>\n<\/tr>\n<tr>\n<td>7.<\/td>\n<td align=\"center\">3 + 2<\/td>\n<td align=\"right\">11 771 : 1<\/td>\n<\/tr>\n<tr>\n<td>8.<\/td>\n<td align=\"center\">2 + 2<\/td>\n<td align=\"right\">821 : 1<\/td>\n<\/tr>\n<tr>\n<td>9.<\/td>\n<td align=\"center\">3 + 1<\/td>\n<td align=\"right\">654 : 1<\/td>\n<\/tr>\n<tr>\n<td>10.<\/td>\n<td align=\"center\">3<\/td>\n<td align=\"right\">327 : 1<\/td>\n<\/tr>\n<tr>\n<td>11.<\/td>\n<td align=\"center\">1 + 2<\/td>\n<td align=\"right\">156 : 1<\/td>\n<\/tr>\n<tr>\n<td>12.<\/td>\n<td align=\"center\">2 + 1<\/td>\n<td align=\"right\">46 : 1<\/td>\n<\/tr>\n<tr>\n<td>13.<\/td>\n<td align=\"center\">2<\/td>\n<td align=\"right\">23 : 1<\/td>\n<\/tr>\n<\/tbody>\n<\/table>\n","protected":false},"excerpt":{"rendered":"<p>Euro Millions S 185 miliony eur v s\u00e1zce a b\u011b\u017enou \u0161anc\u00ed vyhr\u00e1t p\u0159es 100 milion\u016f eur se lid\u00e9 hrnou ke sv\u00fdm po\u010d\u00edta\u010d\u016fm, aby si online koupili tikety do loterie EuroMillions. Euromillions se hraje v 9 zem\u00edch po cel\u00e9 Evrop\u011b a loni vyplatila ceny v hodnot\u011b p\u0159es 2,5 miliardy dolar\u016f. Pro\u010d byste necht\u011bli m\u00edt \u0161anci vyhr\u00e1t [&hellip;]<\/p>\n","protected":false},"author":1,"featured_media":0,"parent":9271,"menu_order":2,"comment_status":"closed","ping_status":"closed","template":"","meta":{"footnotes":""},"class_list":["post-9378","page","type-page","status-publish","hentry"],"yoast_head":"<!-- This site is optimized with the Yoast SEO plugin v27.3 - https:\/\/yoast.com\/product\/yoast-seo-wordpress\/ -->\n<title>Kupte si online losy do loterie Euromillions<\/title>\n<meta name=\"description\" content=\"Ujist\u011bte se, \u017ee si online tikety do nejv\u011bt\u0161\u00ed loterie v Evrop\u011b, Euromillions a Euromillions UK, po\u0159\u00edd\u00edte od d\u016fv\u011bryhodn\u00e9ho poskytovatele, jako je RedFoxLotto.com.\" \/>\n<meta name=\"robots\" content=\"index, follow, max-snippet:-1, max-image-preview:large, max-video-preview:-1\" \/>\n<link rel=\"canonical\" href=\"https:\/\/gambling6.com\/cs\/loterie\/jak-si-mohu-koupit-online-losy-do-loterie-euromillions-mimo-evropu\/\" \/>\n<meta property=\"og:locale\" content=\"cs_CZ\" \/>\n<meta property=\"og:type\" content=\"article\" \/>\n<meta property=\"og:title\" content=\"Kupte si online losy do loterie Euromillions\" \/>\n<meta property=\"og:description\" content=\"Ujist\u011bte se, \u017ee si online tikety do nejv\u011bt\u0161\u00ed loterie v Evrop\u011b, Euromillions a Euromillions UK, po\u0159\u00edd\u00edte od d\u016fv\u011bryhodn\u00e9ho poskytovatele, jako je RedFoxLotto.com.\" \/>\n<meta property=\"og:url\" content=\"https:\/\/gambling6.com\/cs\/loterie\/jak-si-mohu-koupit-online-losy-do-loterie-euromillions-mimo-evropu\/\" \/>\n<meta property=\"og:site_name\" content=\"Gambling6\" \/>\n<meta property=\"article:modified_time\" content=\"2025-11-12T18:42:10+00:00\" \/>\n<meta property=\"og:image\" content=\"https:\/\/gambling6.com\/wp-content\/uploads\/2022\/04\/2_ticket_euromillions.jpg\" \/>\n\t<meta property=\"og:image:width\" content=\"200\" \/>\n\t<meta property=\"og:image:height\" content=\"534\" \/>\n\t<meta property=\"og:image:type\" content=\"image\/jpeg\" \/>\n<meta name=\"twitter:card\" content=\"summary_large_image\" \/>\n<meta name=\"twitter:label1\" content=\"Odhadovan\u00e1 doba \u010dten\u00ed\" \/>\n\t<meta name=\"twitter:data1\" content=\"2 minuty\" \/>\n<script type=\"application\/ld+json\" class=\"yoast-schema-graph\">{\"@context\":\"https:\\\/\\\/schema.org\",\"@graph\":[{\"@type\":\"WebPage\",\"@id\":\"https:\\\/\\\/gambling6.com\\\/cs\\\/loterie\\\/jak-si-mohu-koupit-online-losy-do-loterie-euromillions-mimo-evropu\\\/\",\"url\":\"https:\\\/\\\/gambling6.com\\\/cs\\\/loterie\\\/jak-si-mohu-koupit-online-losy-do-loterie-euromillions-mimo-evropu\\\/\",\"name\":\"Kupte si online losy do loterie Euromillions\",\"isPartOf\":{\"@id\":\"https:\\\/\\\/gambling6.com\\\/cs\\\/#website\"},\"primaryImageOfPage\":{\"@id\":\"https:\\\/\\\/gambling6.com\\\/cs\\\/loterie\\\/jak-si-mohu-koupit-online-losy-do-loterie-euromillions-mimo-evropu\\\/#primaryimage\"},\"image\":{\"@id\":\"https:\\\/\\\/gambling6.com\\\/cs\\\/loterie\\\/jak-si-mohu-koupit-online-losy-do-loterie-euromillions-mimo-evropu\\\/#primaryimage\"},\"thumbnailUrl\":\"https:\\\/\\\/gambling6.com\\\/wp-content\\\/uploads\\\/2022\\\/04\\\/2_ticket_euromillions-112x300.jpg\",\"datePublished\":\"2025-11-10T21:19:59+00:00\",\"dateModified\":\"2025-11-12T18:42:10+00:00\",\"description\":\"Ujist\u011bte se, \u017ee si online tikety do nejv\u011bt\u0161\u00ed loterie v Evrop\u011b, Euromillions a Euromillions UK, po\u0159\u00edd\u00edte od d\u016fv\u011bryhodn\u00e9ho poskytovatele, jako je RedFoxLotto.com.\",\"breadcrumb\":{\"@id\":\"https:\\\/\\\/gambling6.com\\\/cs\\\/loterie\\\/jak-si-mohu-koupit-online-losy-do-loterie-euromillions-mimo-evropu\\\/#breadcrumb\"},\"inLanguage\":\"cs\",\"potentialAction\":[{\"@type\":\"ReadAction\",\"target\":[\"https:\\\/\\\/gambling6.com\\\/cs\\\/loterie\\\/jak-si-mohu-koupit-online-losy-do-loterie-euromillions-mimo-evropu\\\/\"]}]},{\"@type\":\"ImageObject\",\"inLanguage\":\"cs\",\"@id\":\"https:\\\/\\\/gambling6.com\\\/cs\\\/loterie\\\/jak-si-mohu-koupit-online-losy-do-loterie-euromillions-mimo-evropu\\\/#primaryimage\",\"url\":\"https:\\\/\\\/gambling6.com\\\/wp-content\\\/uploads\\\/2022\\\/04\\\/2_ticket_euromillions-112x300.jpg\",\"contentUrl\":\"https:\\\/\\\/gambling6.com\\\/wp-content\\\/uploads\\\/2022\\\/04\\\/2_ticket_euromillions-112x300.jpg\"},{\"@type\":\"BreadcrumbList\",\"@id\":\"https:\\\/\\\/gambling6.com\\\/cs\\\/loterie\\\/jak-si-mohu-koupit-online-losy-do-loterie-euromillions-mimo-evropu\\\/#breadcrumb\",\"itemListElement\":[{\"@type\":\"ListItem\",\"position\":1,\"name\":\"Home\",\"item\":\"https:\\\/\\\/gambling6.com\\\/cs\\\/home\\\/\"},{\"@type\":\"ListItem\",\"position\":2,\"name\":\"Loterie\",\"item\":\"https:\\\/\\\/gambling6.com\\\/cs\\\/buying-international-lotto-tickets-online\\\/\"},{\"@type\":\"ListItem\",\"position\":3,\"name\":\"Jak si mohu koupit online losy do loterie Euromillions mimo Evropu?\"}]},{\"@type\":\"WebSite\",\"@id\":\"https:\\\/\\\/gambling6.com\\\/cs\\\/#website\",\"url\":\"https:\\\/\\\/gambling6.com\\\/cs\\\/\",\"name\":\"Gambling6\",\"description\":\"\",\"potentialAction\":[{\"@type\":\"SearchAction\",\"target\":{\"@type\":\"EntryPoint\",\"urlTemplate\":\"https:\\\/\\\/gambling6.com\\\/cs\\\/?s={search_term_string}\"},\"query-input\":{\"@type\":\"PropertyValueSpecification\",\"valueRequired\":true,\"valueName\":\"search_term_string\"}}],\"inLanguage\":\"cs\"}]}<\/script>\n<!-- \/ Yoast SEO plugin. -->","yoast_head_json":{"title":"Kupte si online losy do loterie Euromillions","description":"Ujist\u011bte se, \u017ee si online tikety do nejv\u011bt\u0161\u00ed loterie v Evrop\u011b, Euromillions a Euromillions UK, po\u0159\u00edd\u00edte od d\u016fv\u011bryhodn\u00e9ho poskytovatele, jako je RedFoxLotto.com.","robots":{"index":"index","follow":"follow","max-snippet":"max-snippet:-1","max-image-preview":"max-image-preview:large","max-video-preview":"max-video-preview:-1"},"canonical":"https:\/\/gambling6.com\/cs\/loterie\/jak-si-mohu-koupit-online-losy-do-loterie-euromillions-mimo-evropu\/","og_locale":"cs_CZ","og_type":"article","og_title":"Kupte si online losy do loterie Euromillions","og_description":"Ujist\u011bte se, \u017ee si online tikety do nejv\u011bt\u0161\u00ed loterie v Evrop\u011b, Euromillions a Euromillions UK, po\u0159\u00edd\u00edte od d\u016fv\u011bryhodn\u00e9ho poskytovatele, jako je RedFoxLotto.com.","og_url":"https:\/\/gambling6.com\/cs\/loterie\/jak-si-mohu-koupit-online-losy-do-loterie-euromillions-mimo-evropu\/","og_site_name":"Gambling6","article_modified_time":"2025-11-12T18:42:10+00:00","og_image":[{"width":200,"height":534,"url":"https:\/\/gambling6.com\/wp-content\/uploads\/2022\/04\/2_ticket_euromillions.jpg","type":"image\/jpeg"}],"twitter_card":"summary_large_image","twitter_misc":{"Odhadovan\u00e1 doba \u010dten\u00ed":"2 minuty"},"schema":{"@context":"https:\/\/schema.org","@graph":[{"@type":"WebPage","@id":"https:\/\/gambling6.com\/cs\/loterie\/jak-si-mohu-koupit-online-losy-do-loterie-euromillions-mimo-evropu\/","url":"https:\/\/gambling6.com\/cs\/loterie\/jak-si-mohu-koupit-online-losy-do-loterie-euromillions-mimo-evropu\/","name":"Kupte si online losy do loterie Euromillions","isPartOf":{"@id":"https:\/\/gambling6.com\/cs\/#website"},"primaryImageOfPage":{"@id":"https:\/\/gambling6.com\/cs\/loterie\/jak-si-mohu-koupit-online-losy-do-loterie-euromillions-mimo-evropu\/#primaryimage"},"image":{"@id":"https:\/\/gambling6.com\/cs\/loterie\/jak-si-mohu-koupit-online-losy-do-loterie-euromillions-mimo-evropu\/#primaryimage"},"thumbnailUrl":"https:\/\/gambling6.com\/wp-content\/uploads\/2022\/04\/2_ticket_euromillions-112x300.jpg","datePublished":"2025-11-10T21:19:59+00:00","dateModified":"2025-11-12T18:42:10+00:00","description":"Ujist\u011bte se, \u017ee si online tikety do nejv\u011bt\u0161\u00ed loterie v Evrop\u011b, Euromillions a Euromillions UK, po\u0159\u00edd\u00edte od d\u016fv\u011bryhodn\u00e9ho poskytovatele, jako je RedFoxLotto.com.","breadcrumb":{"@id":"https:\/\/gambling6.com\/cs\/loterie\/jak-si-mohu-koupit-online-losy-do-loterie-euromillions-mimo-evropu\/#breadcrumb"},"inLanguage":"cs","potentialAction":[{"@type":"ReadAction","target":["https:\/\/gambling6.com\/cs\/loterie\/jak-si-mohu-koupit-online-losy-do-loterie-euromillions-mimo-evropu\/"]}]},{"@type":"ImageObject","inLanguage":"cs","@id":"https:\/\/gambling6.com\/cs\/loterie\/jak-si-mohu-koupit-online-losy-do-loterie-euromillions-mimo-evropu\/#primaryimage","url":"https:\/\/gambling6.com\/wp-content\/uploads\/2022\/04\/2_ticket_euromillions-112x300.jpg","contentUrl":"https:\/\/gambling6.com\/wp-content\/uploads\/2022\/04\/2_ticket_euromillions-112x300.jpg"},{"@type":"BreadcrumbList","@id":"https:\/\/gambling6.com\/cs\/loterie\/jak-si-mohu-koupit-online-losy-do-loterie-euromillions-mimo-evropu\/#breadcrumb","itemListElement":[{"@type":"ListItem","position":1,"name":"Home","item":"https:\/\/gambling6.com\/cs\/home\/"},{"@type":"ListItem","position":2,"name":"Loterie","item":"https:\/\/gambling6.com\/cs\/buying-international-lotto-tickets-online\/"},{"@type":"ListItem","position":3,"name":"Jak si mohu koupit online losy do loterie Euromillions mimo Evropu?"}]},{"@type":"WebSite","@id":"https:\/\/gambling6.com\/cs\/#website","url":"https:\/\/gambling6.com\/cs\/","name":"Gambling6","description":"","potentialAction":[{"@type":"SearchAction","target":{"@type":"EntryPoint","urlTemplate":"https:\/\/gambling6.com\/cs\/?s={search_term_string}"},"query-input":{"@type":"PropertyValueSpecification","valueRequired":true,"valueName":"search_term_string"}}],"inLanguage":"cs"}]}},"_links":{"self":[{"href":"https:\/\/gambling6.com\/cs\/wp-json\/wp\/v2\/pages\/9378","targetHints":{"allow":["GET"]}}],"collection":[{"href":"https:\/\/gambling6.com\/cs\/wp-json\/wp\/v2\/pages"}],"about":[{"href":"https:\/\/gambling6.com\/cs\/wp-json\/wp\/v2\/types\/page"}],"author":[{"embeddable":true,"href":"https:\/\/gambling6.com\/cs\/wp-json\/wp\/v2\/users\/1"}],"replies":[{"embeddable":true,"href":"https:\/\/gambling6.com\/cs\/wp-json\/wp\/v2\/comments?post=9378"}],"version-history":[{"count":1,"href":"https:\/\/gambling6.com\/cs\/wp-json\/wp\/v2\/pages\/9378\/revisions"}],"predecessor-version":[{"id":10757,"href":"https:\/\/gambling6.com\/cs\/wp-json\/wp\/v2\/pages\/9378\/revisions\/10757"}],"up":[{"embeddable":true,"href":"https:\/\/gambling6.com\/cs\/wp-json\/wp\/v2\/pages\/9271"}],"wp:attachment":[{"href":"https:\/\/gambling6.com\/cs\/wp-json\/wp\/v2\/media?parent=9378"}],"curies":[{"name":"wp","href":"https:\/\/api.w.org\/{rel}","templated":true}]}}