{"id":9419,"date":"2025-11-11T02:21:04","date_gmt":"2025-11-11T02:21:04","guid":{"rendered":"https:\/\/gambling6.com\/loterie\/ziskejte-online-losy-do-newyorske-loterie\/"},"modified":"2025-11-11T02:21:04","modified_gmt":"2025-11-11T02:21:04","slug":"ziskejte-online-losy-do-newyorske-loterie","status":"publish","type":"page","link":"https:\/\/gambling6.com\/cs\/loterie\/ziskejte-online-losy-do-newyorske-loterie\/","title":{"rendered":"Z\u00edskejte online losy do newyorsk\u00e9 loterie"},"content":{"rendered":"<h2>Newyorsk\u00e1 loterie online<\/h2>\n<p>S jackpoty, kter\u00e9 za\u010d\u00ednaj\u00ed na 3 milionech dolar\u016f, se Newyorsk\u00e1 loterie v den losov\u00e1n\u00ed st\u00e1v\u00e1 stejn\u011b velkou jako samotn\u00e9 m\u011bsto. Pro va\u0161i informaci, minim\u00e1ln\u00ed jackpot je mnohem vy\u0161\u0161\u00ed ne\u017e u v\u011bt\u0161iny ostatn\u00edch, <strong>proto p\u0159i rozhodov\u00e1n\u00ed zva\u017ete online losov\u00e1n\u00ed do Newyorsk\u00e9 loterie<\/strong>.<\/p>\n<p>Pokud jackpot nevyhrajete, m\u016f\u017eete o\u010dek\u00e1vat jackpoty s p\u0159evodem, kter\u00e9 se \u010dasto zvy\u0161uj\u00ed na 10m\u00edstnou hodnotu. Rekordn\u00ed jackpot Newyorsk\u00e9 loterie je ve skute\u010dnosti 58 milion\u016f dolar\u016f. <strong>S mo\u017enost\u00ed z\u00edskat losov\u00e1n\u00ed online se m\u016f\u017eete z\u00fa\u010dastnit dal\u0161\u00edho rekordn\u00edho jackpotu.<\/strong><\/p>\n<h2>Newyorsk\u00e1 loterie se losuje dvakr\u00e1t t\u00fddn\u011b.<\/h2>\n<p>Jackpot je v\u017edy v \u0159\u00e1du milion\u016f dolar\u016f a dvakr\u00e1t t\u00fddn\u011b se kon\u00e1 v New Yorku. D\u00e1v\u00e1 smysl, \u017ee jedno z nejv\u011bt\u0161\u00edch m\u011bst na sv\u011bt\u011b m\u00e1 jackpotovou loterii, kter\u00e1 za\u010d\u00edn\u00e1 jako jedna z nejv\u011bt\u0161\u00edch na sv\u011bt\u011b. Ka\u017ed\u00fd t\u00fdden se miliony obyvatel New Yorku stav\u00ed do fronty, aby si koupili losy do t\u00e9to loterie, kter\u00e1 m\u011bn\u00ed \u017eivoty. <b>Nemus\u00edte st\u00e1t ve front\u011b, pokud si m\u016f\u017eete koupit tikety online.<\/b><\/p>\n<p>Newyorsk\u00e1 loterie, jedna z nejstar\u0161\u00edch loteri\u00ed v USA, zalo\u017een\u00e1 v roce 1967, vybrala po cel\u00e9m sv\u011bt\u011b na charitativn\u00ed \u00fa\u010dely t\u00e9m\u011b\u0159 40 miliard dolar\u016f. V roce 2004 si jeden dr\u017eitel tiketu p\u0159ipsal \u00fachvatn\u00fdch 58 milion\u016f dolar\u016f, co\u017e v t\u00e9 dob\u011b byla jedna z nejv\u011bt\u0161\u00edch v\u00fdher v loterii v historii USA.<\/p>\n<p>Newyorsk\u00e1 loterie se hraje snadno. Tato loterie ve stylu 6\/59 vy\u017eaduje, abyste si vybrali \u0161est \u010d\u00edsel od 1 do 59 spolu s bonusov\u00fdm \u010d\u00edslem.<strong> Abyste vyhr\u00e1li jackpot, mus\u00edte uhodnout \u0161est hlavn\u00edch \u010d\u00edsel a va\u0161e \u0161ance je p\u0159ibli\u017en\u011b 1 ku 45 milion\u016fm.<\/strong>\u00a0Uhodnut\u00edm p\u011bti, \u010dty\u0159 nebo t\u0159\u00ed \u010d\u00edsel se m\u016f\u017eete z\u00fa\u010dastnit jedn\u00e9 z p\u011bti vedlej\u0161\u00edch cen, kter\u00e9 jsou k dispozici pro ka\u017ed\u00e9 losov\u00e1n\u00ed ve st\u0159edu a sobotu ka\u017ed\u00e9ho t\u00fddne.<\/p>\n<p>Newyorsk\u00e1 loterie je hra, kterou si chce zahr\u00e1t ka\u017ed\u00fd, a nyn\u00ed si m\u016f\u017eete <span style=\"box-sizing: border-box; margin: 0px; padding: 0px;\">z\u00edskat losy online prost\u0159ednictv\u00edm na\u0161eho partnera RedFoxLotto pomoc\u00ed<\/a><\/span><a class=\"thirstylink\" title=\"RedFoxLotto en\" href=\"https:\/\/gambling6.com\/go\/redfoxlotto-en\/\" target=\"_blank\" rel=\"nofollow noopener\">tohoto odkazu.<\/a><\/p>\n<table style=\"width: 500px;\" border=\"1\" cellspacing=\"5\" cellpadding=\"5\" align=\"center\">\n<tbody>\n<tr>\n<td colspan=\"3\" align=\"center\">P\u011bt nejlep\u0161\u00edch jackpot\u016f roku 2013<\/td>\n<\/tr>\n<tr>\n<td>Losov\u00e1n\u00ed<\/td>\n<td align=\"center\">Datum<\/td>\n<td align=\"center\">Jackpot (USD)<\/td>\n<\/tr>\n<tr>\n<td>New York Lotto &#8211; USA<\/td>\n<td align=\"center\">10. dubna 2013<\/td>\n<td align=\"right\">26 500 000 USD<\/td>\n<\/tr>\n<tr>\n<td>New York Lotto &#8211; USA<\/td>\n<td align=\"center\">29. \u010dervna 2013<\/td>\n<td align=\"right\">10 700 000 $<\/td>\n<\/tr>\n<tr>\n<td>New York Lotto &#8211; USA<\/td>\n<td align=\"center\">4. z\u00e1\u0159\u00ed 2013<\/td>\n<td align=\"right\">7 100 000 $<\/td>\n<\/tr>\n<tr>\n<td>New York Lotto &#8211; USA<\/td>\n<td align=\"center\">6. listopadu 2013<\/td>\n<td align=\"right\">6 200 000 $<\/td>\n<\/tr>\n<tr>\n<td>New York Lotto &#8211; USA<\/td>\n<td align=\"center\">23. listopadu 2013<\/td>\n<td align=\"right\">3 200 000 $<\/td>\n<\/tr>\n<\/tbody>\n<\/table>\n<p>&nbsp;<\/p>\n<table style=\"width: 500px;\" border=\"1\" cellspacing=\"5\" cellpadding=\"5\" align=\"center\">\n<tbody>\n<tr>\n<td colspan=\"3\" align=\"center\">New York Lotto &#8211; V\u00fdhern\u00ed \u00farovn\u011b USA<\/td>\n<\/tr>\n<tr>\n<td>Cena<\/td>\n<td align=\"center\">Z\u00e1pasy<\/td>\n<td align=\"center\">Kurzy<\/td>\n<\/tr>\n<tr>\n<td>1. m\u00edsto (Jackpot)<\/td>\n<td align=\"center\">6<\/td>\n<td align=\"right\">45 057 474 : 1<\/td>\n<\/tr>\n<tr>\n<td>2. m\u00edsto<\/td>\n<td align=\"center\">5 + 1<\/td>\n<td align=\"right\">7 509 579 : 1<\/td>\n<\/tr>\n<tr>\n<td>3.<\/td>\n<td align=\"center\">5<\/td>\n<td align=\"right\">141 690 : 1<\/td>\n<\/tr>\n<tr>\n<td>4.<\/td>\n<td align=\"center\">4<\/td>\n<td align=\"right\">2 180 : 1<\/td>\n<\/tr>\n<tr>\n<td>5.<\/td>\n<td align=\"center\">3<\/td>\n<td align=\"right\">96 : 1<\/td>\n<\/tr>\n<\/tbody>\n<\/table>\n","protected":false},"excerpt":{"rendered":"<p>Newyorsk\u00e1 loterie online S jackpoty, kter\u00e9 za\u010d\u00ednaj\u00ed na 3 milionech dolar\u016f, se Newyorsk\u00e1 loterie v den losov\u00e1n\u00ed st\u00e1v\u00e1 stejn\u011b velkou jako samotn\u00e9 m\u011bsto. Pro va\u0161i informaci, minim\u00e1ln\u00ed jackpot je mnohem vy\u0161\u0161\u00ed ne\u017e u v\u011bt\u0161iny ostatn\u00edch, proto p\u0159i rozhodov\u00e1n\u00ed zva\u017ete online losov\u00e1n\u00ed do Newyorsk\u00e9 loterie. Pokud jackpot nevyhrajete, m\u016f\u017eete o\u010dek\u00e1vat jackpoty s p\u0159evodem, kter\u00e9 se \u010dasto [&hellip;]<\/p>\n","protected":false},"author":1,"featured_media":0,"parent":9271,"menu_order":12,"comment_status":"closed","ping_status":"closed","template":"","meta":{"footnotes":""},"class_list":["post-9419","page","type-page","status-publish","hentry"],"yoast_head":"<!-- This site is optimized with the Yoast SEO plugin v27.4 - https:\/\/yoast.com\/product\/yoast-seo-wordpress\/ -->\n<title>Kupte si losy do newyorsk\u00e9 loterie online<\/title>\n<meta name=\"description\" content=\"Sta\u0148te se okam\u017eit\u011b milion\u00e1\u0159em a po\u0159i\u010fte si online losy do New York Lotto.\" \/>\n<meta name=\"robots\" content=\"index, follow, max-snippet:-1, max-image-preview:large, max-video-preview:-1\" \/>\n<link rel=\"canonical\" href=\"https:\/\/gambling6.com\/cs\/loterie\/ziskejte-online-losy-do-newyorske-loterie\/\" \/>\n<meta property=\"og:locale\" content=\"cs_CZ\" \/>\n<meta property=\"og:type\" content=\"article\" \/>\n<meta property=\"og:title\" content=\"Kupte si losy do newyorsk\u00e9 loterie online\" \/>\n<meta property=\"og:description\" content=\"Sta\u0148te se okam\u017eit\u011b milion\u00e1\u0159em a po\u0159i\u010fte si online losy do New York Lotto.\" \/>\n<meta property=\"og:url\" content=\"https:\/\/gambling6.com\/cs\/loterie\/ziskejte-online-losy-do-newyorske-loterie\/\" \/>\n<meta property=\"og:site_name\" content=\"Gambling6\" \/>\n<meta name=\"twitter:card\" content=\"summary_large_image\" \/>\n<meta name=\"twitter:label1\" content=\"Odhadovan\u00e1 doba \u010dten\u00ed\" \/>\n\t<meta name=\"twitter:data1\" content=\"2 minuty\" \/>\n<script type=\"application\/ld+json\" class=\"yoast-schema-graph\">{\"@context\":\"https:\\\/\\\/schema.org\",\"@graph\":[{\"@type\":\"WebPage\",\"@id\":\"https:\\\/\\\/gambling6.com\\\/cs\\\/loterie\\\/ziskejte-online-losy-do-newyorske-loterie\\\/\",\"url\":\"https:\\\/\\\/gambling6.com\\\/cs\\\/loterie\\\/ziskejte-online-losy-do-newyorske-loterie\\\/\",\"name\":\"Kupte si losy do newyorsk\u00e9 loterie online\",\"isPartOf\":{\"@id\":\"https:\\\/\\\/gambling6.com\\\/cs\\\/#website\"},\"datePublished\":\"2025-11-11T02:21:04+00:00\",\"description\":\"Sta\u0148te se okam\u017eit\u011b milion\u00e1\u0159em a po\u0159i\u010fte si online losy do New York Lotto.\",\"breadcrumb\":{\"@id\":\"https:\\\/\\\/gambling6.com\\\/cs\\\/loterie\\\/ziskejte-online-losy-do-newyorske-loterie\\\/#breadcrumb\"},\"inLanguage\":\"cs\",\"potentialAction\":[{\"@type\":\"ReadAction\",\"target\":[\"https:\\\/\\\/gambling6.com\\\/cs\\\/loterie\\\/ziskejte-online-losy-do-newyorske-loterie\\\/\"]}]},{\"@type\":\"BreadcrumbList\",\"@id\":\"https:\\\/\\\/gambling6.com\\\/cs\\\/loterie\\\/ziskejte-online-losy-do-newyorske-loterie\\\/#breadcrumb\",\"itemListElement\":[{\"@type\":\"ListItem\",\"position\":1,\"name\":\"Home\",\"item\":\"https:\\\/\\\/gambling6.com\\\/cs\\\/home\\\/\"},{\"@type\":\"ListItem\",\"position\":2,\"name\":\"Loterie\",\"item\":\"https:\\\/\\\/gambling6.com\\\/cs\\\/buying-international-lotto-tickets-online\\\/\"},{\"@type\":\"ListItem\",\"position\":3,\"name\":\"Z\u00edskejte online losy do newyorsk\u00e9 loterie\"}]},{\"@type\":\"WebSite\",\"@id\":\"https:\\\/\\\/gambling6.com\\\/cs\\\/#website\",\"url\":\"https:\\\/\\\/gambling6.com\\\/cs\\\/\",\"name\":\"Gambling6\",\"description\":\"\",\"potentialAction\":[{\"@type\":\"SearchAction\",\"target\":{\"@type\":\"EntryPoint\",\"urlTemplate\":\"https:\\\/\\\/gambling6.com\\\/cs\\\/?s={search_term_string}\"},\"query-input\":{\"@type\":\"PropertyValueSpecification\",\"valueRequired\":true,\"valueName\":\"search_term_string\"}}],\"inLanguage\":\"cs\"}]}<\/script>\n<!-- \/ Yoast SEO plugin. -->","yoast_head_json":{"title":"Kupte si losy do newyorsk\u00e9 loterie online","description":"Sta\u0148te se okam\u017eit\u011b milion\u00e1\u0159em a po\u0159i\u010fte si online losy do New York Lotto.","robots":{"index":"index","follow":"follow","max-snippet":"max-snippet:-1","max-image-preview":"max-image-preview:large","max-video-preview":"max-video-preview:-1"},"canonical":"https:\/\/gambling6.com\/cs\/loterie\/ziskejte-online-losy-do-newyorske-loterie\/","og_locale":"cs_CZ","og_type":"article","og_title":"Kupte si losy do newyorsk\u00e9 loterie online","og_description":"Sta\u0148te se okam\u017eit\u011b milion\u00e1\u0159em a po\u0159i\u010fte si online losy do New York Lotto.","og_url":"https:\/\/gambling6.com\/cs\/loterie\/ziskejte-online-losy-do-newyorske-loterie\/","og_site_name":"Gambling6","twitter_card":"summary_large_image","twitter_misc":{"Odhadovan\u00e1 doba \u010dten\u00ed":"2 minuty"},"schema":{"@context":"https:\/\/schema.org","@graph":[{"@type":"WebPage","@id":"https:\/\/gambling6.com\/cs\/loterie\/ziskejte-online-losy-do-newyorske-loterie\/","url":"https:\/\/gambling6.com\/cs\/loterie\/ziskejte-online-losy-do-newyorske-loterie\/","name":"Kupte si losy do newyorsk\u00e9 loterie online","isPartOf":{"@id":"https:\/\/gambling6.com\/cs\/#website"},"datePublished":"2025-11-11T02:21:04+00:00","description":"Sta\u0148te se okam\u017eit\u011b milion\u00e1\u0159em a po\u0159i\u010fte si online losy do New York Lotto.","breadcrumb":{"@id":"https:\/\/gambling6.com\/cs\/loterie\/ziskejte-online-losy-do-newyorske-loterie\/#breadcrumb"},"inLanguage":"cs","potentialAction":[{"@type":"ReadAction","target":["https:\/\/gambling6.com\/cs\/loterie\/ziskejte-online-losy-do-newyorske-loterie\/"]}]},{"@type":"BreadcrumbList","@id":"https:\/\/gambling6.com\/cs\/loterie\/ziskejte-online-losy-do-newyorske-loterie\/#breadcrumb","itemListElement":[{"@type":"ListItem","position":1,"name":"Home","item":"https:\/\/gambling6.com\/cs\/home\/"},{"@type":"ListItem","position":2,"name":"Loterie","item":"https:\/\/gambling6.com\/cs\/buying-international-lotto-tickets-online\/"},{"@type":"ListItem","position":3,"name":"Z\u00edskejte online losy do newyorsk\u00e9 loterie"}]},{"@type":"WebSite","@id":"https:\/\/gambling6.com\/cs\/#website","url":"https:\/\/gambling6.com\/cs\/","name":"Gambling6","description":"","potentialAction":[{"@type":"SearchAction","target":{"@type":"EntryPoint","urlTemplate":"https:\/\/gambling6.com\/cs\/?s={search_term_string}"},"query-input":{"@type":"PropertyValueSpecification","valueRequired":true,"valueName":"search_term_string"}}],"inLanguage":"cs"}]}},"_links":{"self":[{"href":"https:\/\/gambling6.com\/cs\/wp-json\/wp\/v2\/pages\/9419","targetHints":{"allow":["GET"]}}],"collection":[{"href":"https:\/\/gambling6.com\/cs\/wp-json\/wp\/v2\/pages"}],"about":[{"href":"https:\/\/gambling6.com\/cs\/wp-json\/wp\/v2\/types\/page"}],"author":[{"embeddable":true,"href":"https:\/\/gambling6.com\/cs\/wp-json\/wp\/v2\/users\/1"}],"replies":[{"embeddable":true,"href":"https:\/\/gambling6.com\/cs\/wp-json\/wp\/v2\/comments?post=9419"}],"version-history":[{"count":0,"href":"https:\/\/gambling6.com\/cs\/wp-json\/wp\/v2\/pages\/9419\/revisions"}],"up":[{"embeddable":true,"href":"https:\/\/gambling6.com\/cs\/wp-json\/wp\/v2\/pages\/9271"}],"wp:attachment":[{"href":"https:\/\/gambling6.com\/cs\/wp-json\/wp\/v2\/media?parent=9419"}],"curies":[{"name":"wp","href":"https:\/\/api.w.org\/{rel}","templated":true}]}}