{"id":9445,"date":"2025-11-11T03:09:45","date_gmt":"2025-11-11T03:09:45","guid":{"rendered":"https:\/\/gambling6.com\/loterie\/ziskejte-losy-do-loterie-el-gordo-odkudkoli\/"},"modified":"2025-11-12T18:54:43","modified_gmt":"2025-11-12T18:54:43","slug":"ziskejte-losy-do-loterie-el-gordo-odkudkoli","status":"publish","type":"page","link":"https:\/\/gambling6.com\/cs\/loterie\/ziskejte-losy-do-loterie-el-gordo-odkudkoli\/","title":{"rendered":"Z\u00edskejte losy do loterie El Gordo odkudkoli"},"content":{"rendered":"<h2>Snadn\u00fd n\u00e1kup los\u016f do loterie El Gordo online.<\/h2>\n<p><img loading=\"lazy\" decoding=\"async\" class=\" wp-image-1569 alignright\" src=\"https:\/\/gambling6.com\/wp-content\/uploads\/2022\/04\/2_ticket_spanish_lottery.jpg\" alt=\"los el gordo\" width=\"200\" height=\"274\" \/>V Evrop\u011b je loterie El Gordo obrovsk\u00e1 a hraj\u00ed ji lid\u00e9 jak ve \u0160pan\u011blsku, tak i v zahrani\u010d\u00ed. Ka\u017ed\u00fd t\u00fdden m\u016f\u017eete o\u010dek\u00e1vat minim\u00e1ln\u00ed jackpot p\u0159ibli\u017en\u011b 6,5 milionu eur. V ned\u011bli se kon\u00e1 pouze jedno losov\u00e1n\u00ed a lid\u00e9 se ka\u017ed\u00fd t\u00fdden stav\u00ed do fronty. Jackpot se m\u016f\u017ee nashrom\u00e1\u017edit a\u017e 26 milion\u016f eur. Pokud v\u0161ak doch\u00e1z\u00ed k \u010dast\u00fdm zm\u011bn\u00e1m cen (nejedn\u00e1 se o jackpot), m\u016f\u017ee n\u011bkdy dos\u00e1hnout a\u017e 35 milion\u016f eur, jakmile se zapo\u010d\u00edt\u00e1vaj\u00ed pen\u00edze z p\u0159edchoz\u00edch t\u00fddn\u016f.<\/p>\n<h2>Evropan\u00e9 kupuj\u00ed losy online ka\u017ed\u00fd t\u00fdden.<\/h2>\n<p>Evropa z\u016fst\u00e1v\u00e1 rostouc\u00edm zdrojem p\u0159\u00edjm\u016f z loteri\u00ed; Ka\u017ed\u00fd t\u00fdden se miliony hr\u00e1\u010d\u016f na tomto kontinentu stav\u00ed do fronty, aby si zahr\u00e1li loterii. Chcete-li z\u00edskat online tikety do loterie El Gordo, mus\u00edte nav\u0161t\u00edvit na\u0161eho partnera RedFoxLotto, p\u0159ihl\u00e1sit se ke sv\u00e9mu \u00fa\u010dtu a pot\u00e9 se rozhodnout, zda chcete pou\u017e\u00edt rychl\u00e9 tipy, nebo si vybrat vlastn\u00ed \u010d\u00edsla. Pokud si vyb\u00edr\u00e1te vlastn\u00ed \u010d\u00edsla, budete si muset vybrat p\u011bt hlavn\u00edch \u010d\u00edsel a jedno bonusov\u00e9 \u010d\u00edslo.<\/p>\n<h2>Evropan\u00e9 si kupuj\u00ed tikety online na ned\u011bln\u00ed losov\u00e1n\u00ed.<\/h2>\n<p>El Gordo, zn\u00e1m\u00e9 jako \u0161pan\u011blsk\u00e1 loterie 6\/49, si nelze zam\u011b\u0148ovat s v\u00e1no\u010dn\u00ed loteri\u00ed El Gordo. Tato obl\u00edben\u00e1 t\u00fddenn\u00ed loterie se losuje v ned\u011bli. P\u0159i n\u00e1kupu online tiket\u016f do loterie El Gordo m\u011bjte na pam\u011bti, \u017ee existuje \u0161ance 1 ku 10 na v\u00fdhru. Je to proto, \u017ee krom\u011b v\u00fdhry jackpotu existuje sedm r\u016fzn\u00fdch \u00farovn\u00ed v\u00fdher.<\/p>\n<h2>M\u011bs\u00ed\u010dn\u011b se za n\u00e1kupy tiket\u016f utr\u00e1cej\u00ed miliony dolar\u016f.<\/h2>\n<p>Evropan\u00e9 se v posledn\u00edch n\u011bkolika letech zbl\u00e1znili do loterijn\u00edch tiket\u016f. Evropan\u00e9, kte\u0159\u00ed jsou na druh\u00e9m m\u00edst\u011b hned po Severn\u00ed Americe, ka\u017edoro\u010dn\u011b utrat\u00ed za tikety stovky milion\u016f dolar\u016f. Nyn\u00ed, kdy\u017e je mo\u017en\u00e9 zakoupit losy do celosv\u011btov\u00fdch loteri\u00ed online, se prodej dramaticky zv\u00fd\u0161il. Pokud si chcete po\u0159\u00eddit losy do nadch\u00e1zej\u00edc\u00ed loterie El Gordo, jednodu\u0161e nav\u0161tivte na\u0161eho partnera<a href=\"http:\/\/redfoxlotto.com\"> RedFoxLotto<\/a>, zaregistrujte se a m\u016f\u017eete b\u00fdt na dobr\u00e9 cest\u011b k tomu, abyste se p\u0159es noc stali multimilion\u00e1\u0159em.<\/p>\n<table style=\"width: 500px;\" border=\"1\" cellspacing=\"5\" cellpadding=\"5\" align=\"center\">\n<tbody>\n<tr>\n<td colspan=\"3\" align=\"center\">Nejlep\u0161\u00ed jackpoty roku 2013<\/td>\n<\/tr>\n<tr>\n<td>Losov\u00e1n\u00ed<\/td>\n<td align=\"center\">Datum<\/td>\n<td align=\"center\">Jackpot (USD)<\/td>\n<\/tr>\n<tr>\n<td>El Gordo &#8211; \u0160pan\u011blsko<\/td>\n<td align=\"center\">13. \u0159\u00edjna 2013<\/td>\n<td align=\"right\">13 327 360 $<\/td>\n<\/tr>\n<tr>\n<td>El Gordo &#8211; \u0160pan\u011blsko<\/td>\n<td align=\"center\">4. srpna 2013<\/td>\n<td align=\"right\">10 275 000 USD<\/td>\n<\/tr>\n<tr>\n<td>El Gordo &#8211; \u0160pan\u011blsko<\/td>\n<td align=\"center\">16. \u010dervna 2013<\/td>\n<td align=\"right\">9 590 000 USD<\/td>\n<\/tr>\n<tr>\n<td>El Gordo &#8211; \u0160pan\u011blsko<\/td>\n<td align=\"center\">23. \u010dervna 2013<\/td>\n<td align=\"right\">6 850 000 USD<\/td>\n<\/tr>\n<\/tbody>\n<\/table>\n<p>&nbsp;<\/p>\n<table style=\"width: 500px;\" border=\"1\" cellspacing=\"5\" cellpadding=\"5\" align=\"center\">\n<tbody>\n<tr>\n<td colspan=\"3\" align=\"center\">El Gordo Lotto &#8211; V\u00fdhern\u00ed \u00farovn\u011b \u0161pan\u011blsk\u00e9 loterie 6\/49<\/td>\n<\/tr>\n<tr>\n<td>Cena<\/td>\n<td align=\"center\">Z\u00e1pasy<\/td>\n<td align=\"center\">Kurzy<\/td>\n<\/tr>\n<tr>\n<td>1. m\u00edsto (Jackpot)<\/td>\n<td align=\"center\">5 + 1<\/td>\n<td align=\"right\">31 625 100 : 1<\/td>\n<\/tr>\n<tr>\n<td>2. m\u00edsto<\/td>\n<td align=\"center\">5<\/td>\n<td align=\"right\">3 513 900 : 1<\/td>\n<\/tr>\n<tr>\n<td>3.<\/td>\n<td align=\"center\">4 + 1<\/td>\n<td align=\"right\">129 082 : 1<\/td>\n<\/tr>\n<tr>\n<td>4.<\/td>\n<td align=\"center\">4<\/td>\n<td align=\"right\">14 342 : 1<\/td>\n<\/tr>\n<tr>\n<td>5.<\/td>\n<td align=\"center\">3 + 1<\/td>\n<td align=\"right\">2 689 : 1<\/td>\n<\/tr>\n<tr>\n<td>6.<\/td>\n<td align=\"center\">3<\/td>\n<td align=\"right\">299 : 1<\/td>\n<\/tr>\n<tr>\n<td>7.<\/td>\n<td align=\"center\">2 + 1<\/td>\n<td align=\"right\">172 : 1<\/td>\n<\/tr>\n<tr>\n<td>8.<\/td>\n<td align=\"center\">2<\/td>\n<td align=\"right\">19 : 1<\/td>\n<\/tr>\n<tr>\n<td>9.<\/td>\n<td align=\"center\">0 + 1<\/td>\n<td align=\"right\">10 : 1<\/td>\n<\/tr>\n<\/tbody>\n<\/table>\n","protected":false},"excerpt":{"rendered":"<p>Snadn\u00fd n\u00e1kup los\u016f do loterie El Gordo online. V Evrop\u011b je loterie El Gordo obrovsk\u00e1 a hraj\u00ed ji lid\u00e9 jak ve \u0160pan\u011blsku, tak i v zahrani\u010d\u00ed. Ka\u017ed\u00fd t\u00fdden m\u016f\u017eete o\u010dek\u00e1vat minim\u00e1ln\u00ed jackpot p\u0159ibli\u017en\u011b 6,5 milionu eur. V ned\u011bli se kon\u00e1 pouze jedno losov\u00e1n\u00ed a lid\u00e9 se ka\u017ed\u00fd t\u00fdden stav\u00ed do fronty. Jackpot se m\u016f\u017ee nashrom\u00e1\u017edit [&hellip;]<\/p>\n","protected":false},"author":1,"featured_media":0,"parent":9271,"menu_order":3,"comment_status":"closed","ping_status":"closed","template":"","meta":{"footnotes":""},"class_list":["post-9445","page","type-page","status-publish","hentry"],"yoast_head":"<!-- This site is optimized with the Yoast SEO plugin v27.5 - https:\/\/yoast.com\/product\/yoast-seo-wordpress\/ -->\n<title>Kupte si losy do loterie El Gordo online<\/title>\n<meta name=\"description\" content=\"Sta\u0148te se milion\u00e1\u0159em, kdy\u017e si online po\u0159\u00edd\u00edte losy do loterie El Gordo.\" \/>\n<meta name=\"robots\" content=\"index, follow, max-snippet:-1, max-image-preview:large, max-video-preview:-1\" \/>\n<link rel=\"canonical\" href=\"https:\/\/gambling6.com\/cs\/loterie\/ziskejte-losy-do-loterie-el-gordo-odkudkoli\/\" \/>\n<meta property=\"og:locale\" content=\"cs_CZ\" \/>\n<meta property=\"og:type\" content=\"article\" \/>\n<meta property=\"og:title\" content=\"Kupte si losy do loterie El Gordo online\" \/>\n<meta property=\"og:description\" content=\"Sta\u0148te se milion\u00e1\u0159em, kdy\u017e si online po\u0159\u00edd\u00edte losy do loterie El Gordo.\" \/>\n<meta property=\"og:url\" content=\"https:\/\/gambling6.com\/cs\/loterie\/ziskejte-losy-do-loterie-el-gordo-odkudkoli\/\" \/>\n<meta property=\"og:site_name\" content=\"Gambling6\" \/>\n<meta property=\"article:modified_time\" content=\"2025-11-12T18:54:43+00:00\" \/>\n<meta property=\"og:image\" content=\"https:\/\/gambling6.com\/wp-content\/uploads\/2022\/04\/2_ticket_spanish_lottery.jpg\" \/>\n\t<meta property=\"og:image:width\" content=\"219\" \/>\n\t<meta property=\"og:image:height\" content=\"300\" \/>\n\t<meta property=\"og:image:type\" content=\"image\/jpeg\" \/>\n<meta name=\"twitter:card\" content=\"summary_large_image\" \/>\n<meta name=\"twitter:label1\" content=\"Odhadovan\u00e1 doba \u010dten\u00ed\" \/>\n\t<meta name=\"twitter:data1\" content=\"2 minuty\" \/>\n<script type=\"application\/ld+json\" class=\"yoast-schema-graph\">{\"@context\":\"https:\\\/\\\/schema.org\",\"@graph\":[{\"@type\":\"WebPage\",\"@id\":\"https:\\\/\\\/gambling6.com\\\/cs\\\/loterie\\\/ziskejte-losy-do-loterie-el-gordo-odkudkoli\\\/\",\"url\":\"https:\\\/\\\/gambling6.com\\\/cs\\\/loterie\\\/ziskejte-losy-do-loterie-el-gordo-odkudkoli\\\/\",\"name\":\"Kupte si losy do loterie El Gordo online\",\"isPartOf\":{\"@id\":\"https:\\\/\\\/gambling6.com\\\/cs\\\/#website\"},\"primaryImageOfPage\":{\"@id\":\"https:\\\/\\\/gambling6.com\\\/cs\\\/loterie\\\/ziskejte-losy-do-loterie-el-gordo-odkudkoli\\\/#primaryimage\"},\"image\":{\"@id\":\"https:\\\/\\\/gambling6.com\\\/cs\\\/loterie\\\/ziskejte-losy-do-loterie-el-gordo-odkudkoli\\\/#primaryimage\"},\"thumbnailUrl\":\"https:\\\/\\\/gambling6.com\\\/wp-content\\\/uploads\\\/2022\\\/04\\\/2_ticket_spanish_lottery.jpg\",\"datePublished\":\"2025-11-11T03:09:45+00:00\",\"dateModified\":\"2025-11-12T18:54:43+00:00\",\"description\":\"Sta\u0148te se milion\u00e1\u0159em, kdy\u017e si online po\u0159\u00edd\u00edte losy do loterie El Gordo.\",\"breadcrumb\":{\"@id\":\"https:\\\/\\\/gambling6.com\\\/cs\\\/loterie\\\/ziskejte-losy-do-loterie-el-gordo-odkudkoli\\\/#breadcrumb\"},\"inLanguage\":\"cs\",\"potentialAction\":[{\"@type\":\"ReadAction\",\"target\":[\"https:\\\/\\\/gambling6.com\\\/cs\\\/loterie\\\/ziskejte-losy-do-loterie-el-gordo-odkudkoli\\\/\"]}]},{\"@type\":\"ImageObject\",\"inLanguage\":\"cs\",\"@id\":\"https:\\\/\\\/gambling6.com\\\/cs\\\/loterie\\\/ziskejte-losy-do-loterie-el-gordo-odkudkoli\\\/#primaryimage\",\"url\":\"https:\\\/\\\/gambling6.com\\\/wp-content\\\/uploads\\\/2022\\\/04\\\/2_ticket_spanish_lottery.jpg\",\"contentUrl\":\"https:\\\/\\\/gambling6.com\\\/wp-content\\\/uploads\\\/2022\\\/04\\\/2_ticket_spanish_lottery.jpg\"},{\"@type\":\"BreadcrumbList\",\"@id\":\"https:\\\/\\\/gambling6.com\\\/cs\\\/loterie\\\/ziskejte-losy-do-loterie-el-gordo-odkudkoli\\\/#breadcrumb\",\"itemListElement\":[{\"@type\":\"ListItem\",\"position\":1,\"name\":\"Home\",\"item\":\"https:\\\/\\\/gambling6.com\\\/cs\\\/home\\\/\"},{\"@type\":\"ListItem\",\"position\":2,\"name\":\"Loterie\",\"item\":\"https:\\\/\\\/gambling6.com\\\/cs\\\/buying-international-lotto-tickets-online\\\/\"},{\"@type\":\"ListItem\",\"position\":3,\"name\":\"Z\u00edskejte losy do loterie El Gordo odkudkoli\"}]},{\"@type\":\"WebSite\",\"@id\":\"https:\\\/\\\/gambling6.com\\\/cs\\\/#website\",\"url\":\"https:\\\/\\\/gambling6.com\\\/cs\\\/\",\"name\":\"Gambling6\",\"description\":\"\",\"potentialAction\":[{\"@type\":\"SearchAction\",\"target\":{\"@type\":\"EntryPoint\",\"urlTemplate\":\"https:\\\/\\\/gambling6.com\\\/cs\\\/?s={search_term_string}\"},\"query-input\":{\"@type\":\"PropertyValueSpecification\",\"valueRequired\":true,\"valueName\":\"search_term_string\"}}],\"inLanguage\":\"cs\"}]}<\/script>\n<!-- \/ Yoast SEO plugin. -->","yoast_head_json":{"title":"Kupte si losy do loterie El Gordo online","description":"Sta\u0148te se milion\u00e1\u0159em, kdy\u017e si online po\u0159\u00edd\u00edte losy do loterie El Gordo.","robots":{"index":"index","follow":"follow","max-snippet":"max-snippet:-1","max-image-preview":"max-image-preview:large","max-video-preview":"max-video-preview:-1"},"canonical":"https:\/\/gambling6.com\/cs\/loterie\/ziskejte-losy-do-loterie-el-gordo-odkudkoli\/","og_locale":"cs_CZ","og_type":"article","og_title":"Kupte si losy do loterie El Gordo online","og_description":"Sta\u0148te se milion\u00e1\u0159em, kdy\u017e si online po\u0159\u00edd\u00edte losy do loterie El Gordo.","og_url":"https:\/\/gambling6.com\/cs\/loterie\/ziskejte-losy-do-loterie-el-gordo-odkudkoli\/","og_site_name":"Gambling6","article_modified_time":"2025-11-12T18:54:43+00:00","og_image":[{"width":219,"height":300,"url":"https:\/\/gambling6.com\/wp-content\/uploads\/2022\/04\/2_ticket_spanish_lottery.jpg","type":"image\/jpeg"}],"twitter_card":"summary_large_image","twitter_misc":{"Odhadovan\u00e1 doba \u010dten\u00ed":"2 minuty"},"schema":{"@context":"https:\/\/schema.org","@graph":[{"@type":"WebPage","@id":"https:\/\/gambling6.com\/cs\/loterie\/ziskejte-losy-do-loterie-el-gordo-odkudkoli\/","url":"https:\/\/gambling6.com\/cs\/loterie\/ziskejte-losy-do-loterie-el-gordo-odkudkoli\/","name":"Kupte si losy do loterie El Gordo online","isPartOf":{"@id":"https:\/\/gambling6.com\/cs\/#website"},"primaryImageOfPage":{"@id":"https:\/\/gambling6.com\/cs\/loterie\/ziskejte-losy-do-loterie-el-gordo-odkudkoli\/#primaryimage"},"image":{"@id":"https:\/\/gambling6.com\/cs\/loterie\/ziskejte-losy-do-loterie-el-gordo-odkudkoli\/#primaryimage"},"thumbnailUrl":"https:\/\/gambling6.com\/wp-content\/uploads\/2022\/04\/2_ticket_spanish_lottery.jpg","datePublished":"2025-11-11T03:09:45+00:00","dateModified":"2025-11-12T18:54:43+00:00","description":"Sta\u0148te se milion\u00e1\u0159em, kdy\u017e si online po\u0159\u00edd\u00edte losy do loterie El Gordo.","breadcrumb":{"@id":"https:\/\/gambling6.com\/cs\/loterie\/ziskejte-losy-do-loterie-el-gordo-odkudkoli\/#breadcrumb"},"inLanguage":"cs","potentialAction":[{"@type":"ReadAction","target":["https:\/\/gambling6.com\/cs\/loterie\/ziskejte-losy-do-loterie-el-gordo-odkudkoli\/"]}]},{"@type":"ImageObject","inLanguage":"cs","@id":"https:\/\/gambling6.com\/cs\/loterie\/ziskejte-losy-do-loterie-el-gordo-odkudkoli\/#primaryimage","url":"https:\/\/gambling6.com\/wp-content\/uploads\/2022\/04\/2_ticket_spanish_lottery.jpg","contentUrl":"https:\/\/gambling6.com\/wp-content\/uploads\/2022\/04\/2_ticket_spanish_lottery.jpg"},{"@type":"BreadcrumbList","@id":"https:\/\/gambling6.com\/cs\/loterie\/ziskejte-losy-do-loterie-el-gordo-odkudkoli\/#breadcrumb","itemListElement":[{"@type":"ListItem","position":1,"name":"Home","item":"https:\/\/gambling6.com\/cs\/home\/"},{"@type":"ListItem","position":2,"name":"Loterie","item":"https:\/\/gambling6.com\/cs\/buying-international-lotto-tickets-online\/"},{"@type":"ListItem","position":3,"name":"Z\u00edskejte losy do loterie El Gordo odkudkoli"}]},{"@type":"WebSite","@id":"https:\/\/gambling6.com\/cs\/#website","url":"https:\/\/gambling6.com\/cs\/","name":"Gambling6","description":"","potentialAction":[{"@type":"SearchAction","target":{"@type":"EntryPoint","urlTemplate":"https:\/\/gambling6.com\/cs\/?s={search_term_string}"},"query-input":{"@type":"PropertyValueSpecification","valueRequired":true,"valueName":"search_term_string"}}],"inLanguage":"cs"}]}},"_links":{"self":[{"href":"https:\/\/gambling6.com\/cs\/wp-json\/wp\/v2\/pages\/9445","targetHints":{"allow":["GET"]}}],"collection":[{"href":"https:\/\/gambling6.com\/cs\/wp-json\/wp\/v2\/pages"}],"about":[{"href":"https:\/\/gambling6.com\/cs\/wp-json\/wp\/v2\/types\/page"}],"author":[{"embeddable":true,"href":"https:\/\/gambling6.com\/cs\/wp-json\/wp\/v2\/users\/1"}],"replies":[{"embeddable":true,"href":"https:\/\/gambling6.com\/cs\/wp-json\/wp\/v2\/comments?post=9445"}],"version-history":[{"count":1,"href":"https:\/\/gambling6.com\/cs\/wp-json\/wp\/v2\/pages\/9445\/revisions"}],"predecessor-version":[{"id":10782,"href":"https:\/\/gambling6.com\/cs\/wp-json\/wp\/v2\/pages\/9445\/revisions\/10782"}],"up":[{"embeddable":true,"href":"https:\/\/gambling6.com\/cs\/wp-json\/wp\/v2\/pages\/9271"}],"wp:attachment":[{"href":"https:\/\/gambling6.com\/cs\/wp-json\/wp\/v2\/media?parent=9445"}],"curies":[{"name":"wp","href":"https:\/\/api.w.org\/{rel}","templated":true}]}}