{"id":9468,"date":"2025-11-11T03:17:28","date_gmt":"2025-11-11T03:17:28","guid":{"rendered":"https:\/\/gambling6.com\/loterie\/zucastnete-se-kanadske-loterie-6-49\/"},"modified":"2025-11-11T03:17:28","modified_gmt":"2025-11-11T03:17:28","slug":"zucastnete-se-kanadske-loterie-6-49","status":"publish","type":"page","link":"https:\/\/gambling6.com\/cs\/loterie\/zucastnete-se-kanadske-loterie-6-49\/","title":{"rendered":"Z\u00fa\u010dastn\u011bte se kanadsk\u00e9 loterie 6\/49"},"content":{"rendered":"<h2>Kanadsk\u00e1 loterie 6\/49<\/h2>\n<p>Od roku 1982 byly v Kanad\u011b v zim\u011b zaru\u010deny dv\u011b v\u011bci. Prvn\u00ed v\u011bc, na kterou jste se mohli spolehnout, byla skute\u010dnost, \u017ee jste mohli sledovat Hockey Night in Canada na CBC. Druh\u00e1 v\u011bc, na kterou jste mohli p\u0159edpov\u011bd\u011bt, byla, \u017ee se n\u011bkdo stane milion\u00e1\u0159em hran\u00edm Lotta 6\/49. Dnes se st\u00e1le m\u016f\u017eete spolehnout na sobotn\u00ed ve\u010dern\u00ed losov\u00e1n\u00ed. <strong>Velk\u00fd rozd\u00edl je dnes v tom, \u017ee si m\u016f\u017eete koupit online losy na kanadskou loterii Lotto 6\/49.<\/strong> Ud\u011blejte si \u010das a <a class=\"thirstylink\" title=\"Redfoxlotto\" href=\"https:\/\/gambling6.com\/go\/redfoxlotto\/\" target=\"_blank\" rel=\"nofollow noopener\">zakupte si losy online je\u0161t\u011b dnes u na\u0161eho partnera RedFoxLotto.com.<\/a><img loading=\"lazy\" decoding=\"async\" class=\" alignright size-full wp-image-562\" style=\"margin: 10px; border: 5px solid #ffffff; float: right;\" src=\"http:\/\/gambling6.com\/wp-content\/uploads\/2013\/12\/get-online-649-lotto-tickets.png\" alt=\"Lotto 6\/49 Kanada\" width=\"300\" height=\"190\" \/><\/p>\n<p>Pravd\u011bpodobnost, \u017ee si n\u011bkdo zajist\u00ed prvn\u00ed cenu v kanadsk\u00e9 loterii Lotto 6\/49, je 13 983 816:1. Celkov\u00e1 \u0161ance na z\u00edsk\u00e1n\u00ed odm\u011bny je zhruba jedna ku 32. Chcete-li z\u00edskat online tikety, nejprve vyberte \u0161est hlavn\u00edch koul\u00ed od 1 do 49. <strong>Chcete-li z\u00edskat pod\u00edl na jackpotu, mus\u00edte uhodnout v\u0161ech \u0161est vylosovan\u00fdch \u010d\u00edsel<\/strong>. Chcete-li z\u00edskat druhou cenu, vyberte spr\u00e1vn\u011b p\u011bt hlavn\u00edch \u010d\u00edsel a bonusov\u00e9 \u010d\u00edslo. Losov\u00e1n\u00ed prob\u00edh\u00e1 v sobotu a ve st\u0159edu ve\u010der p\u0159ibli\u017en\u011b v 19:10 EST v Kanad\u011b. Existuje \u0161est \u00farovn\u00ed v\u00fdher a pokud si nikdo jackpot nevyzvedne, p\u0159enese se do dal\u0161\u00ed hry, dokud n\u011bkdo nakonec nevyhraje.<\/p>\n<h2>Hrajte o obrovsk\u00e9 jackpoty s online tikety pro Lotto 6\/49<\/h2>\n<table style=\"width: 500px;\" border=\"1\" cellspacing=\"5\" cellpadding=\"5\" align=\"center\">\n<tbody>\n<tr>\n<td colspan=\"3\" align=\"center\">P\u011bt nejlep\u0161\u00edch jackpot\u016f roku 2013<\/td>\n<\/tr>\n<tr>\n<td>Losov\u00e1n\u00ed<\/td>\n<td align=\"center\">Datum<\/td>\n<td align=\"center\">Jackpot (USD)<\/td>\n<\/tr>\n<tr>\n<td>Lotto 6\/49 &#8211; Kanada<\/td>\n<td align=\"center\">13. dubna 2013<\/td>\n<td align=\"right\">58 974 913 $<\/td>\n<\/tr>\n<tr>\n<td>Lotto 6\/49 &#8211; Kanada<\/td>\n<td align=\"center\">12. \u0159\u00edjna 2013<\/td>\n<td align=\"right\">37 200 000 $<\/td>\n<\/tr>\n<tr>\n<td>Lotto 6\/49 &#8211; Kanada<\/td>\n<td align=\"center\">30. \u0159\u00edjna 2013<\/td>\n<td align=\"right\">18 807 390 $<\/td>\n<\/tr>\n<tr>\n<td>Lotto 6\/49 &#8211; Kanada<\/td>\n<td align=\"center\">6. \u010dervence 2013<\/td>\n<td align=\"right\">18 351 756 $<\/td>\n<\/tr>\n<tr>\n<td>Lotto 6\/49 &#8211; Kanada<\/td>\n<td align=\"center\">4. prosince 2013<\/td>\n<td align=\"right\">17 670 000 $<\/td>\n<\/tr>\n<\/tbody>\n<\/table>\n<h2>Mnoho \u00farovn\u00ed v\u00fdher vyhr\u00e1t s online loterijn\u00edmi losy<\/h2>\n<p>Mo\u017enost vyhr\u00e1t se sedmi r\u016fzn\u00fdmi v\u00fdhern\u00edmi \u00farovn\u011bmi otev\u00edr\u00e1 sv\u011bt mo\u017enost\u00ed, jak vyd\u011blat pen\u00edze, kdy\u017e si online zakoup\u00edte losy do Lotto 6\/49. Mnoho lid\u00ed ve skute\u010dnosti zapom\u00edn\u00e1 na v\u0161echny dal\u0161\u00ed \u00farovn\u011b, na kter\u00fdch lze vyhr\u00e1t cenu. Je d\u016fle\u017eit\u00e9, abyste si po zakoupen\u00ed los\u016f n\u011bco zkontrolovali, zda jste n\u011bco vyhr\u00e1li.<\/p>\n<p>Je faktem, \u017ee mnoho lid\u00ed si ka\u017ed\u00fd t\u00fdden kupuje losy a pot\u00e9, co se dozv\u00ed, \u017ee si n\u011bkdo jin\u00fd koupil los na jin\u00e9m m\u00edst\u011b ne\u017e on a vyhr\u00e1l jackpot, si je neov\u011b\u0159\u00ed. <b>Stejn\u011b jako je snadn\u00e9 online zakoupit losy do Lotto 6\/49, je stejn\u011b snadn\u00e9 je online zkontrolovat.<\/b> Existuje mnoho n\u00e1stroj\u016f, kter\u00e9 v\u00e1m pomohou prohled\u00e1vat \u0159adu datab\u00e1z\u00ed hlavn\u00edch loteri\u00ed po cel\u00e9m sv\u011bt\u011b.<\/p>\n<table style=\"width: 500px;\" border=\"1\" cellspacing=\"5\" cellpadding=\"5\" align=\"center\">\n<tbody>\n<tr>\n<td colspan=\"3\" align=\"center\">Lotto 6\/49 &#8211; Kanadsk\u00e9 \u00farovn\u011b v\u00fdher<\/td>\n<\/tr>\n<tr>\n<td>Cena<\/td>\n<td align=\"center\">Z\u00e1pasy<\/td>\n<td align=\"center\">Kurzy<\/td>\n<\/tr>\n<tr>\n<td>1. m\u00edsto (Jackpot)<\/td>\n<td align=\"center\">6<\/td>\n<td align=\"right\">13 983 816 : 1<\/td>\n<\/tr>\n<tr>\n<td>2. m\u00edsto<\/td>\n<td align=\"center\">5 + 1<\/td>\n<td align=\"right\">2 330 636 : 1<\/td>\n<\/tr>\n<tr>\n<td>3.<\/td>\n<td align=\"center\">5<\/td>\n<td align=\"right\">55 492 : 1<\/td>\n<\/tr>\n<tr>\n<td>4.<\/td>\n<td align=\"center\">4<\/td>\n<td align=\"right\">1 033 : 1<\/td>\n<\/tr>\n<tr>\n<td>5.<\/td>\n<td align=\"center\">3<\/td>\n<td align=\"right\">57 : 1<\/td>\n<\/tr>\n<tr>\n<td>6.<\/td>\n<td align=\"center\">2 + 1<\/td>\n<td align=\"right\">81 : 1<\/td>\n<\/tr>\n<tr>\n<td>7.<\/td>\n<td align=\"center\">2<\/td>\n<td align=\"right\">8 : 1<\/td>\n<\/tr>\n<\/tbody>\n<\/table>\n<p style=\"text-align: center;\"><strong>Hrajte kanadskou loterii 6\/49 online a u\u017eijte si svobodu, kterou v\u00e1m nab\u00edz\u00ed st\u00e1t se milion\u00e1\u0159em!<\/strong><\/p>\n","protected":false},"excerpt":{"rendered":"<p>Kanadsk\u00e1 loterie 6\/49 Od roku 1982 byly v Kanad\u011b v zim\u011b zaru\u010deny dv\u011b v\u011bci. Prvn\u00ed v\u011bc, na kterou jste se mohli spolehnout, byla skute\u010dnost, \u017ee jste mohli sledovat Hockey Night in Canada na CBC. Druh\u00e1 v\u011bc, na kterou jste mohli p\u0159edpov\u011bd\u011bt, byla, \u017ee se n\u011bkdo stane milion\u00e1\u0159em hran\u00edm Lotta 6\/49. Dnes se st\u00e1le m\u016f\u017eete spolehnout [&hellip;]<\/p>\n","protected":false},"author":1,"featured_media":9469,"parent":9271,"menu_order":5,"comment_status":"closed","ping_status":"closed","template":"","meta":{"footnotes":""},"class_list":["post-9468","page","type-page","status-publish","has-post-thumbnail","hentry"],"yoast_head":"<!-- This site is optimized with the Yoast SEO plugin v27.5 - https:\/\/yoast.com\/product\/yoast-seo-wordpress\/ -->\n<title>Z\u00edskejte online tikety do kanadsk\u00e9 loterie 6\/49<\/title>\n<meta name=\"description\" content=\"Z\u00edskat losy pro Lotto 6\/49 v Kanad\u011b je nyn\u00ed snadn\u00e9 online.\" \/>\n<meta name=\"robots\" content=\"index, follow, max-snippet:-1, max-image-preview:large, max-video-preview:-1\" \/>\n<link rel=\"canonical\" href=\"https:\/\/gambling6.com\/cs\/loterie\/zucastnete-se-kanadske-loterie-6-49\/\" \/>\n<meta property=\"og:locale\" content=\"cs_CZ\" \/>\n<meta property=\"og:type\" content=\"article\" \/>\n<meta property=\"og:title\" content=\"Z\u00edskejte online tikety do kanadsk\u00e9 loterie 6\/49\" \/>\n<meta property=\"og:description\" content=\"Z\u00edskat losy pro Lotto 6\/49 v Kanad\u011b je nyn\u00ed snadn\u00e9 online.\" \/>\n<meta property=\"og:url\" content=\"https:\/\/gambling6.com\/cs\/loterie\/zucastnete-se-kanadske-loterie-6-49\/\" \/>\n<meta property=\"og:site_name\" content=\"Gambling6\" \/>\n<meta property=\"og:image\" content=\"https:\/\/gambling6.com\/wp-content\/uploads\/2013\/12\/get-online-649-lotto-tickets.png\" \/>\n\t<meta property=\"og:image:width\" content=\"300\" \/>\n\t<meta property=\"og:image:height\" content=\"190\" \/>\n\t<meta property=\"og:image:type\" content=\"image\/png\" \/>\n<meta name=\"twitter:card\" content=\"summary_large_image\" \/>\n<meta name=\"twitter:label1\" content=\"Odhadovan\u00e1 doba \u010dten\u00ed\" \/>\n\t<meta name=\"twitter:data1\" content=\"2 minuty\" \/>\n<script type=\"application\/ld+json\" class=\"yoast-schema-graph\">{\"@context\":\"https:\\\/\\\/schema.org\",\"@graph\":[{\"@type\":\"WebPage\",\"@id\":\"https:\\\/\\\/gambling6.com\\\/cs\\\/loterie\\\/zucastnete-se-kanadske-loterie-6-49\\\/\",\"url\":\"https:\\\/\\\/gambling6.com\\\/cs\\\/loterie\\\/zucastnete-se-kanadske-loterie-6-49\\\/\",\"name\":\"Z\u00edskejte online tikety do kanadsk\u00e9 loterie 6\\\/49\",\"isPartOf\":{\"@id\":\"https:\\\/\\\/gambling6.com\\\/cs\\\/#website\"},\"primaryImageOfPage\":{\"@id\":\"https:\\\/\\\/gambling6.com\\\/cs\\\/loterie\\\/zucastnete-se-kanadske-loterie-6-49\\\/#primaryimage\"},\"image\":{\"@id\":\"https:\\\/\\\/gambling6.com\\\/cs\\\/loterie\\\/zucastnete-se-kanadske-loterie-6-49\\\/#primaryimage\"},\"thumbnailUrl\":\"https:\\\/\\\/gambling6.com\\\/wp-content\\\/uploads\\\/2013\\\/12\\\/get-online-649-lotto-tickets.png\",\"datePublished\":\"2025-11-11T03:17:28+00:00\",\"description\":\"Z\u00edskat losy pro Lotto 6\\\/49 v Kanad\u011b je nyn\u00ed snadn\u00e9 online.\",\"breadcrumb\":{\"@id\":\"https:\\\/\\\/gambling6.com\\\/cs\\\/loterie\\\/zucastnete-se-kanadske-loterie-6-49\\\/#breadcrumb\"},\"inLanguage\":\"cs\",\"potentialAction\":[{\"@type\":\"ReadAction\",\"target\":[\"https:\\\/\\\/gambling6.com\\\/cs\\\/loterie\\\/zucastnete-se-kanadske-loterie-6-49\\\/\"]}]},{\"@type\":\"ImageObject\",\"inLanguage\":\"cs\",\"@id\":\"https:\\\/\\\/gambling6.com\\\/cs\\\/loterie\\\/zucastnete-se-kanadske-loterie-6-49\\\/#primaryimage\",\"url\":\"https:\\\/\\\/gambling6.com\\\/wp-content\\\/uploads\\\/2013\\\/12\\\/get-online-649-lotto-tickets.png\",\"contentUrl\":\"https:\\\/\\\/gambling6.com\\\/wp-content\\\/uploads\\\/2013\\\/12\\\/get-online-649-lotto-tickets.png\",\"width\":300,\"height\":190,\"caption\":\"Lotto 6\\\/49 Canada\"},{\"@type\":\"BreadcrumbList\",\"@id\":\"https:\\\/\\\/gambling6.com\\\/cs\\\/loterie\\\/zucastnete-se-kanadske-loterie-6-49\\\/#breadcrumb\",\"itemListElement\":[{\"@type\":\"ListItem\",\"position\":1,\"name\":\"Home\",\"item\":\"https:\\\/\\\/gambling6.com\\\/cs\\\/home\\\/\"},{\"@type\":\"ListItem\",\"position\":2,\"name\":\"Loterie\",\"item\":\"https:\\\/\\\/gambling6.com\\\/cs\\\/buying-international-lotto-tickets-online\\\/\"},{\"@type\":\"ListItem\",\"position\":3,\"name\":\"Z\u00fa\u010dastn\u011bte se kanadsk\u00e9 loterie 6\\\/49\"}]},{\"@type\":\"WebSite\",\"@id\":\"https:\\\/\\\/gambling6.com\\\/cs\\\/#website\",\"url\":\"https:\\\/\\\/gambling6.com\\\/cs\\\/\",\"name\":\"Gambling6\",\"description\":\"\",\"potentialAction\":[{\"@type\":\"SearchAction\",\"target\":{\"@type\":\"EntryPoint\",\"urlTemplate\":\"https:\\\/\\\/gambling6.com\\\/cs\\\/?s={search_term_string}\"},\"query-input\":{\"@type\":\"PropertyValueSpecification\",\"valueRequired\":true,\"valueName\":\"search_term_string\"}}],\"inLanguage\":\"cs\"}]}<\/script>\n<!-- \/ Yoast SEO plugin. -->","yoast_head_json":{"title":"Z\u00edskejte online tikety do kanadsk\u00e9 loterie 6\/49","description":"Z\u00edskat losy pro Lotto 6\/49 v Kanad\u011b je nyn\u00ed snadn\u00e9 online.","robots":{"index":"index","follow":"follow","max-snippet":"max-snippet:-1","max-image-preview":"max-image-preview:large","max-video-preview":"max-video-preview:-1"},"canonical":"https:\/\/gambling6.com\/cs\/loterie\/zucastnete-se-kanadske-loterie-6-49\/","og_locale":"cs_CZ","og_type":"article","og_title":"Z\u00edskejte online tikety do kanadsk\u00e9 loterie 6\/49","og_description":"Z\u00edskat losy pro Lotto 6\/49 v Kanad\u011b je nyn\u00ed snadn\u00e9 online.","og_url":"https:\/\/gambling6.com\/cs\/loterie\/zucastnete-se-kanadske-loterie-6-49\/","og_site_name":"Gambling6","og_image":[{"width":300,"height":190,"url":"https:\/\/gambling6.com\/wp-content\/uploads\/2013\/12\/get-online-649-lotto-tickets.png","type":"image\/png"}],"twitter_card":"summary_large_image","twitter_misc":{"Odhadovan\u00e1 doba \u010dten\u00ed":"2 minuty"},"schema":{"@context":"https:\/\/schema.org","@graph":[{"@type":"WebPage","@id":"https:\/\/gambling6.com\/cs\/loterie\/zucastnete-se-kanadske-loterie-6-49\/","url":"https:\/\/gambling6.com\/cs\/loterie\/zucastnete-se-kanadske-loterie-6-49\/","name":"Z\u00edskejte online tikety do kanadsk\u00e9 loterie 6\/49","isPartOf":{"@id":"https:\/\/gambling6.com\/cs\/#website"},"primaryImageOfPage":{"@id":"https:\/\/gambling6.com\/cs\/loterie\/zucastnete-se-kanadske-loterie-6-49\/#primaryimage"},"image":{"@id":"https:\/\/gambling6.com\/cs\/loterie\/zucastnete-se-kanadske-loterie-6-49\/#primaryimage"},"thumbnailUrl":"https:\/\/gambling6.com\/wp-content\/uploads\/2013\/12\/get-online-649-lotto-tickets.png","datePublished":"2025-11-11T03:17:28+00:00","description":"Z\u00edskat losy pro Lotto 6\/49 v Kanad\u011b je nyn\u00ed snadn\u00e9 online.","breadcrumb":{"@id":"https:\/\/gambling6.com\/cs\/loterie\/zucastnete-se-kanadske-loterie-6-49\/#breadcrumb"},"inLanguage":"cs","potentialAction":[{"@type":"ReadAction","target":["https:\/\/gambling6.com\/cs\/loterie\/zucastnete-se-kanadske-loterie-6-49\/"]}]},{"@type":"ImageObject","inLanguage":"cs","@id":"https:\/\/gambling6.com\/cs\/loterie\/zucastnete-se-kanadske-loterie-6-49\/#primaryimage","url":"https:\/\/gambling6.com\/wp-content\/uploads\/2013\/12\/get-online-649-lotto-tickets.png","contentUrl":"https:\/\/gambling6.com\/wp-content\/uploads\/2013\/12\/get-online-649-lotto-tickets.png","width":300,"height":190,"caption":"Lotto 6\/49 Canada"},{"@type":"BreadcrumbList","@id":"https:\/\/gambling6.com\/cs\/loterie\/zucastnete-se-kanadske-loterie-6-49\/#breadcrumb","itemListElement":[{"@type":"ListItem","position":1,"name":"Home","item":"https:\/\/gambling6.com\/cs\/home\/"},{"@type":"ListItem","position":2,"name":"Loterie","item":"https:\/\/gambling6.com\/cs\/buying-international-lotto-tickets-online\/"},{"@type":"ListItem","position":3,"name":"Z\u00fa\u010dastn\u011bte se kanadsk\u00e9 loterie 6\/49"}]},{"@type":"WebSite","@id":"https:\/\/gambling6.com\/cs\/#website","url":"https:\/\/gambling6.com\/cs\/","name":"Gambling6","description":"","potentialAction":[{"@type":"SearchAction","target":{"@type":"EntryPoint","urlTemplate":"https:\/\/gambling6.com\/cs\/?s={search_term_string}"},"query-input":{"@type":"PropertyValueSpecification","valueRequired":true,"valueName":"search_term_string"}}],"inLanguage":"cs"}]}},"_links":{"self":[{"href":"https:\/\/gambling6.com\/cs\/wp-json\/wp\/v2\/pages\/9468","targetHints":{"allow":["GET"]}}],"collection":[{"href":"https:\/\/gambling6.com\/cs\/wp-json\/wp\/v2\/pages"}],"about":[{"href":"https:\/\/gambling6.com\/cs\/wp-json\/wp\/v2\/types\/page"}],"author":[{"embeddable":true,"href":"https:\/\/gambling6.com\/cs\/wp-json\/wp\/v2\/users\/1"}],"replies":[{"embeddable":true,"href":"https:\/\/gambling6.com\/cs\/wp-json\/wp\/v2\/comments?post=9468"}],"version-history":[{"count":0,"href":"https:\/\/gambling6.com\/cs\/wp-json\/wp\/v2\/pages\/9468\/revisions"}],"up":[{"embeddable":true,"href":"https:\/\/gambling6.com\/cs\/wp-json\/wp\/v2\/pages\/9271"}],"wp:featuredmedia":[{"embeddable":true,"href":"https:\/\/gambling6.com\/cs\/wp-json\/wp\/v2\/media\/9469"}],"wp:attachment":[{"href":"https:\/\/gambling6.com\/cs\/wp-json\/wp\/v2\/media?parent=9468"}],"curies":[{"name":"wp","href":"https:\/\/api.w.org\/{rel}","templated":true}]}}