{"id":9595,"date":"2025-11-11T04:57:14","date_gmt":"2025-11-11T04:57:14","guid":{"rendered":"https:\/\/gambling6.com\/loterie\/kupte-si-losy-do-floridske-loterie-online\/"},"modified":"2025-11-11T04:57:14","modified_gmt":"2025-11-11T04:57:14","slug":"kupte-si-losy-do-floridske-loterie-online","status":"publish","type":"page","link":"https:\/\/gambling6.com\/cs\/loterie\/kupte-si-losy-do-floridske-loterie-online\/","title":{"rendered":"Kupte si losy do floridsk\u00e9 loterie online"},"content":{"rendered":"<h2>Florida Lotto<\/h2>\n<p>\u017dhav\u00fd st\u00e1t, \u017ehav\u00e1 loterie! Lid\u00e9 na Florid\u011b by jist\u011b souhlasili s t\u00edm, \u017ee jejich loterii mus\u00edte nav\u0161t\u00edvit ka\u017edou st\u0159edu a sobotu. S jackpoty za\u010d\u00ednaj\u00edc\u00edmi na 2 milionech dolar\u016f a pom\u011brn\u011b \u010dasto p\u0159esahuj\u00edc\u00edmi 10 milion\u016f a v\u00edce se floridsk\u00e1 loterie stala neuv\u011b\u0159iteln\u011b popul\u00e1rn\u00ed mezi milovn\u00edky sn\u011bhu a online loterijn\u00edch fanou\u0161k\u016f. <strong>Z\u00edskat tikety do floridsk\u00e9 loterie online je snaz\u0161\u00ed ne\u017e cestovat na Floridu, abyste si je koupili.<\/strong><\/p>\n<p>A\u010dkoli je \u0161ance na v\u00fdhru jackpotu jedna ku 22 957 480,<strong>m\u00e1te \u0161anci vyhr\u00e1t jednu z dostupn\u00fdch cen ve \u010dty\u0159ech \u00farovn\u00edch lep\u0161\u00ed ne\u017e 1 ku 67.<\/strong> Proto\u017ee existuj\u00ed pouze \u010dty\u0159i \u00farovn\u011b v\u00fdher, jsou \u010d\u00e1stky vy\u0161\u0161\u00ed ne\u017e ve v\u011bt\u0161in\u011b ostatn\u00edch loteri\u00ed. P\u0159esto v\u00fdhra jackpotu nen\u00ed vylou\u010dena. Rekordn\u00ed jackpot \u010dinil n\u011bco m\u00e1lo p\u0159es 106 milion\u016f dolar\u016f; v dob\u011b, kdy byl vyhran\u00fd, se jednalo o jeden z nejv\u011bt\u0161\u00edch jackpot\u016f v americk\u00e9 historii.<\/p>\n<h2>Florida Lotto podporuje vzd\u011bl\u00e1v\u00e1n\u00ed<\/h2>\n<p>V roce 1988 byla zalo\u017eena Florida Lotto, aby se pomohlo financovat vzd\u011bl\u00e1v\u00e1n\u00ed ve st\u00e1t\u011b Florida. Na tuto v\u011bc se vybralo mnoho pen\u011bz a s p\u0159id\u00e1n\u00edm online prodeje zaznamenala Florida Lotto rychl\u00fd r\u016fst jackpot\u016f. To je patrn\u00e9 z rekordn\u00edho jackpotu v roce 1990 ve v\u00fd\u0161i 106 milion\u016f dolar\u016f. <strong>Tento rekordn\u00ed jackpot si vybojovalo \u0161est r\u016fzn\u00fdch v\u00fdherc\u016f, p\u0159i\u010dem\u017e v\u0161ichni m\u011bli \u010d\u00edsla na sv\u00e9m tiketu.<\/strong><\/p>\n<p>Chcete-li si tuto loterii zahr\u00e1t, mus\u00edte si vybrat \u0161est \u010d\u00edsel od jedn\u00e9 do 53. Chcete-li si n\u00e1rokovat jackpot, sta\u010d\u00ed uhodnout v\u0161ech \u0161est \u010d\u00edsel. Pokud jackpot nen\u00ed vyzvednut, p\u0159evede se do dal\u0161\u00edho slosov\u00e1n\u00ed. Jako dr\u017eitel online tiketu m\u00e1te mo\u017enost z\u00edskat \u010dty\u0159i r\u016fzn\u00e9 \u00farovn\u011b v\u00fdher, kter\u00e9 v\u00e1m mohou tak\u00e9 p\u0159in\u00e9st velk\u00e9 pen\u00edze.<\/p>\n<p>Mo\u017en\u00e1 nezvl\u00e1d\u00e1te hork\u00e9 klima, kter\u00e9 Florida nab\u00edz\u00ed. P\u0159esto m\u016f\u017eete <a class=\"thirstylink\" title=\"TheLotter en\" href=\"https:\/\/gambling6.com\/go\/thelotter-en\/\" target=\"_blank\" rel=\"nofollow noopener\"><strong>vyu\u017e\u00edt mo\u017enosti z\u00edskat online tikety pro Florida Lotto u na\u0161eho partnera TheLotter<\/strong>.<\/a><\/p>\n<p>&nbsp;<\/p>\n<table style=\"width: 500px;\" border=\"1\" cellspacing=\"5\" cellpadding=\"5\" align=\"center\">\n<tbody>\n<tr>\n<td colspan=\"3\" align=\"center\">Nejlep\u0161\u00ed jackpoty roku 2013<\/td>\n<\/tr>\n<tr>\n<td>Losov\u00e1n\u00ed<\/td>\n<td align=\"center\">Datum<\/td>\n<td align=\"center\">Jackpot (USD)<\/td>\n<\/tr>\n<tr>\n<td>Florida Lotto &#8211; USA<\/td>\n<td align=\"center\">24. srpna 2013<\/td>\n<td align=\"right\">58 000 000 $<\/td>\n<\/tr>\n<tr>\n<td>Florida Lotto &#8211; USA<\/td>\n<td align=\"center\">18. prosince 2013<\/td>\n<td align=\"right\">46 000 000 USD<\/td>\n<\/tr>\n<\/tbody>\n<\/table>\n<table style=\"width: 500px;\" border=\"1\" cellspacing=\"5\" cellpadding=\"5\" align=\"center\">\n<tbody>\n<tr>\n<td colspan=\"3\" align=\"center\">Florida Lotto &#8211; V\u00fdhern\u00ed \u00farovn\u011b USA<\/td>\n<\/tr>\n<tr>\n<td>Cena<\/td>\n<td align=\"center\">Z\u00e1pasy<\/td>\n<td align=\"center\">Kurzy<\/td>\n<\/tr>\n<tr>\n<td>1. m\u00edsto (Jackpot)<\/td>\n<td align=\"center\">6. m\u00edsto<\/td>\n<td align=\"right\">22 957 480 : 1<\/td>\n<\/tr>\n<tr>\n<td>2. m\u00edsto<\/td>\n<td align=\"center\">5. m\u00edsto<\/td>\n<td align=\"right\">81 410 : 1<\/td>\n<\/tr>\n<tr>\n<td>3. m\u00edsto<\/td>\n<td align=\"center\">4<\/td>\n<td align=\"right\">1 416 : 1<\/td>\n<\/tr>\n<tr>\n<td>4.<\/td>\n<td align=\"center\">3<\/td>\n<td align=\"right\">71 : 1<\/td>\n<\/tr>\n<\/tbody>\n<\/table>\n","protected":false},"excerpt":{"rendered":"<p>Florida Lotto \u017dhav\u00fd st\u00e1t, \u017ehav\u00e1 loterie! Lid\u00e9 na Florid\u011b by jist\u011b souhlasili s t\u00edm, \u017ee jejich loterii mus\u00edte nav\u0161t\u00edvit ka\u017edou st\u0159edu a sobotu. S jackpoty za\u010d\u00ednaj\u00edc\u00edmi na 2 milionech dolar\u016f a pom\u011brn\u011b \u010dasto p\u0159esahuj\u00edc\u00edmi 10 milion\u016f a v\u00edce se floridsk\u00e1 loterie stala neuv\u011b\u0159iteln\u011b popul\u00e1rn\u00ed mezi milovn\u00edky sn\u011bhu a online loterijn\u00edch fanou\u0161k\u016f. Z\u00edskat tikety do floridsk\u00e9 [&hellip;]<\/p>\n","protected":false},"author":1,"featured_media":0,"parent":9271,"menu_order":11,"comment_status":"closed","ping_status":"closed","template":"","meta":{"footnotes":""},"class_list":["post-9595","page","type-page","status-publish","hentry"],"yoast_head":"<!-- This site is optimized with the Yoast SEO plugin v27.4 - https:\/\/yoast.com\/product\/yoast-seo-wordpress\/ -->\n<title>Z\u00edskejte online tikety do floridsk\u00e9 loterie<\/title>\n<meta name=\"description\" content=\"Z\u00fa\u010dastn\u011bte se floridsk\u00e9 loterie a vyhn\u011bte se horku t\u00edm, \u017ee si po\u0159\u00edd\u00edte tikety online.\" \/>\n<meta name=\"robots\" content=\"index, follow, max-snippet:-1, max-image-preview:large, max-video-preview:-1\" \/>\n<link rel=\"canonical\" href=\"https:\/\/gambling6.com\/cs\/loterie\/kupte-si-losy-do-floridske-loterie-online\/\" \/>\n<meta property=\"og:locale\" content=\"cs_CZ\" \/>\n<meta property=\"og:type\" content=\"article\" \/>\n<meta property=\"og:title\" content=\"Z\u00edskejte online tikety do floridsk\u00e9 loterie\" \/>\n<meta property=\"og:description\" content=\"Z\u00fa\u010dastn\u011bte se floridsk\u00e9 loterie a vyhn\u011bte se horku t\u00edm, \u017ee si po\u0159\u00edd\u00edte tikety online.\" \/>\n<meta property=\"og:url\" content=\"https:\/\/gambling6.com\/cs\/loterie\/kupte-si-losy-do-floridske-loterie-online\/\" \/>\n<meta property=\"og:site_name\" content=\"Gambling6\" \/>\n<meta name=\"twitter:card\" content=\"summary_large_image\" \/>\n<meta name=\"twitter:label1\" content=\"Odhadovan\u00e1 doba \u010dten\u00ed\" \/>\n\t<meta name=\"twitter:data1\" content=\"2 minuty\" \/>\n<script type=\"application\/ld+json\" class=\"yoast-schema-graph\">{\"@context\":\"https:\\\/\\\/schema.org\",\"@graph\":[{\"@type\":\"WebPage\",\"@id\":\"https:\\\/\\\/gambling6.com\\\/cs\\\/loterie\\\/kupte-si-losy-do-floridske-loterie-online\\\/\",\"url\":\"https:\\\/\\\/gambling6.com\\\/cs\\\/loterie\\\/kupte-si-losy-do-floridske-loterie-online\\\/\",\"name\":\"Z\u00edskejte online tikety do floridsk\u00e9 loterie\",\"isPartOf\":{\"@id\":\"https:\\\/\\\/gambling6.com\\\/cs\\\/#website\"},\"datePublished\":\"2025-11-11T04:57:14+00:00\",\"description\":\"Z\u00fa\u010dastn\u011bte se floridsk\u00e9 loterie a vyhn\u011bte se horku t\u00edm, \u017ee si po\u0159\u00edd\u00edte tikety online.\",\"breadcrumb\":{\"@id\":\"https:\\\/\\\/gambling6.com\\\/cs\\\/loterie\\\/kupte-si-losy-do-floridske-loterie-online\\\/#breadcrumb\"},\"inLanguage\":\"cs\",\"potentialAction\":[{\"@type\":\"ReadAction\",\"target\":[\"https:\\\/\\\/gambling6.com\\\/cs\\\/loterie\\\/kupte-si-losy-do-floridske-loterie-online\\\/\"]}]},{\"@type\":\"BreadcrumbList\",\"@id\":\"https:\\\/\\\/gambling6.com\\\/cs\\\/loterie\\\/kupte-si-losy-do-floridske-loterie-online\\\/#breadcrumb\",\"itemListElement\":[{\"@type\":\"ListItem\",\"position\":1,\"name\":\"Home\",\"item\":\"https:\\\/\\\/gambling6.com\\\/cs\\\/home\\\/\"},{\"@type\":\"ListItem\",\"position\":2,\"name\":\"Loterie\",\"item\":\"https:\\\/\\\/gambling6.com\\\/cs\\\/buying-international-lotto-tickets-online\\\/\"},{\"@type\":\"ListItem\",\"position\":3,\"name\":\"Kupte si losy do floridsk\u00e9 loterie online\"}]},{\"@type\":\"WebSite\",\"@id\":\"https:\\\/\\\/gambling6.com\\\/cs\\\/#website\",\"url\":\"https:\\\/\\\/gambling6.com\\\/cs\\\/\",\"name\":\"Gambling6\",\"description\":\"\",\"potentialAction\":[{\"@type\":\"SearchAction\",\"target\":{\"@type\":\"EntryPoint\",\"urlTemplate\":\"https:\\\/\\\/gambling6.com\\\/cs\\\/?s={search_term_string}\"},\"query-input\":{\"@type\":\"PropertyValueSpecification\",\"valueRequired\":true,\"valueName\":\"search_term_string\"}}],\"inLanguage\":\"cs\"}]}<\/script>\n<!-- \/ Yoast SEO plugin. -->","yoast_head_json":{"title":"Z\u00edskejte online tikety do floridsk\u00e9 loterie","description":"Z\u00fa\u010dastn\u011bte se floridsk\u00e9 loterie a vyhn\u011bte se horku t\u00edm, \u017ee si po\u0159\u00edd\u00edte tikety online.","robots":{"index":"index","follow":"follow","max-snippet":"max-snippet:-1","max-image-preview":"max-image-preview:large","max-video-preview":"max-video-preview:-1"},"canonical":"https:\/\/gambling6.com\/cs\/loterie\/kupte-si-losy-do-floridske-loterie-online\/","og_locale":"cs_CZ","og_type":"article","og_title":"Z\u00edskejte online tikety do floridsk\u00e9 loterie","og_description":"Z\u00fa\u010dastn\u011bte se floridsk\u00e9 loterie a vyhn\u011bte se horku t\u00edm, \u017ee si po\u0159\u00edd\u00edte tikety online.","og_url":"https:\/\/gambling6.com\/cs\/loterie\/kupte-si-losy-do-floridske-loterie-online\/","og_site_name":"Gambling6","twitter_card":"summary_large_image","twitter_misc":{"Odhadovan\u00e1 doba \u010dten\u00ed":"2 minuty"},"schema":{"@context":"https:\/\/schema.org","@graph":[{"@type":"WebPage","@id":"https:\/\/gambling6.com\/cs\/loterie\/kupte-si-losy-do-floridske-loterie-online\/","url":"https:\/\/gambling6.com\/cs\/loterie\/kupte-si-losy-do-floridske-loterie-online\/","name":"Z\u00edskejte online tikety do floridsk\u00e9 loterie","isPartOf":{"@id":"https:\/\/gambling6.com\/cs\/#website"},"datePublished":"2025-11-11T04:57:14+00:00","description":"Z\u00fa\u010dastn\u011bte se floridsk\u00e9 loterie a vyhn\u011bte se horku t\u00edm, \u017ee si po\u0159\u00edd\u00edte tikety online.","breadcrumb":{"@id":"https:\/\/gambling6.com\/cs\/loterie\/kupte-si-losy-do-floridske-loterie-online\/#breadcrumb"},"inLanguage":"cs","potentialAction":[{"@type":"ReadAction","target":["https:\/\/gambling6.com\/cs\/loterie\/kupte-si-losy-do-floridske-loterie-online\/"]}]},{"@type":"BreadcrumbList","@id":"https:\/\/gambling6.com\/cs\/loterie\/kupte-si-losy-do-floridske-loterie-online\/#breadcrumb","itemListElement":[{"@type":"ListItem","position":1,"name":"Home","item":"https:\/\/gambling6.com\/cs\/home\/"},{"@type":"ListItem","position":2,"name":"Loterie","item":"https:\/\/gambling6.com\/cs\/buying-international-lotto-tickets-online\/"},{"@type":"ListItem","position":3,"name":"Kupte si losy do floridsk\u00e9 loterie online"}]},{"@type":"WebSite","@id":"https:\/\/gambling6.com\/cs\/#website","url":"https:\/\/gambling6.com\/cs\/","name":"Gambling6","description":"","potentialAction":[{"@type":"SearchAction","target":{"@type":"EntryPoint","urlTemplate":"https:\/\/gambling6.com\/cs\/?s={search_term_string}"},"query-input":{"@type":"PropertyValueSpecification","valueRequired":true,"valueName":"search_term_string"}}],"inLanguage":"cs"}]}},"_links":{"self":[{"href":"https:\/\/gambling6.com\/cs\/wp-json\/wp\/v2\/pages\/9595","targetHints":{"allow":["GET"]}}],"collection":[{"href":"https:\/\/gambling6.com\/cs\/wp-json\/wp\/v2\/pages"}],"about":[{"href":"https:\/\/gambling6.com\/cs\/wp-json\/wp\/v2\/types\/page"}],"author":[{"embeddable":true,"href":"https:\/\/gambling6.com\/cs\/wp-json\/wp\/v2\/users\/1"}],"replies":[{"embeddable":true,"href":"https:\/\/gambling6.com\/cs\/wp-json\/wp\/v2\/comments?post=9595"}],"version-history":[{"count":0,"href":"https:\/\/gambling6.com\/cs\/wp-json\/wp\/v2\/pages\/9595\/revisions"}],"up":[{"embeddable":true,"href":"https:\/\/gambling6.com\/cs\/wp-json\/wp\/v2\/pages\/9271"}],"wp:attachment":[{"href":"https:\/\/gambling6.com\/cs\/wp-json\/wp\/v2\/media?parent=9595"}],"curies":[{"name":"wp","href":"https:\/\/api.w.org\/{rel}","templated":true}]}}