{"id":9596,"date":"2025-11-11T04:59:15","date_gmt":"2025-11-11T04:59:15","guid":{"rendered":"https:\/\/gambling6.com\/loterie\/ziskejte-online-losy-do-loterie-eurojackpot\/"},"modified":"2025-11-11T04:59:15","modified_gmt":"2025-11-11T04:59:15","slug":"ziskejte-online-losy-do-loterie-eurojackpot","status":"publish","type":"page","link":"https:\/\/gambling6.com\/cs\/loterie\/ziskejte-online-losy-do-loterie-eurojackpot\/","title":{"rendered":"Z\u00edskejte online losy do loterie Eurojackpot"},"content":{"rendered":"<h2>Loterie Eurojackpot<\/h2>\n<p>L\u00edstky Eurojackpot si m\u016f\u017eete koupit online a st\u00e1t se p\u0159es noc milion\u00e1\u0159em. Internet nyn\u00ed umo\u017e\u0148uje hr\u00e1t Eurojackpot online spolu s mnoha dal\u0161\u00edmi evropsk\u00fdmi loteriemi. M\u016f\u017eete tak u\u010dinit n\u00e1kupem l\u00edstk\u016f online z pohodln\u00e9ho k\u0159esla, ve kter\u00e9m tr\u00e1v\u00edte \u010das doma. U\u017e \u017e\u00e1dn\u00e9 b\u011bh\u00e1n\u00ed do obchodu na rohu nebo do loterijn\u00edch st\u00e1nk\u016f, po\u0159i\u010fte si l\u00edstky Eurojackpot online.<img loading=\"lazy\" decoding=\"async\" class=\"alignright wp-image-552 \" style=\"margin: 10px; border: 5px solid #ffffff; float: right;\" src=\"https:\/\/gambling6.com\/wp-content\/uploads\/2013\/12\/play-euro-jackpot-online.jpg\" alt=\"koupit l\u00edstky Eurojackpot online\" width=\"240\" height=\"218\" \/><\/p>\n<p>Pokud se chcete st\u00e1t jedn\u00edm z milion\u016f lid\u00ed, kte\u0159\u00ed cht\u011bj\u00ed vyhr\u00e1t obrovsk\u00e9 jackpoty, sta\u010d\u00ed si vybrat sv\u00fdch sedm \u010d\u00edsel online a vybrat si je pomoc\u00ed jedn\u00e9 z mnoha pohodln\u00fdch platebn\u00edch metod. N\u00e1kup loterijn\u00edch tiket\u016f online nebyl nikdy jednodu\u0161\u0161\u00ed. V koutech Evropy si m\u016f\u017eete online zakoupit tikety pro n\u011bkolik hlavn\u00edch jackpotov\u00fdch loteri\u00ed.<\/p>\n<h2>Kupte si online tikety Eurojackpotu z jak\u00e9koli zem\u011b<\/h2>\n<p>P\u0159i n\u00e1kupu tiket\u016f online neexistuj\u00ed \u017e\u00e1dn\u00e9 hranice. A\u0165 u\u017e jste na Kub\u011b nebo v \u010c\u00edn\u011b, m\u016f\u017eete si je koupit p\u0159es internet v rychl\u00e9m, p\u0159\u00e1telsk\u00e9m a bezpe\u010dn\u00e9m prost\u0159ed\u00ed s vyu\u017eit\u00edm na\u0161eho partnera RedFoxLotto. <a class=\"thirstylink\" title=\"RedFoxLotto en\" href=\"https:\/\/gambling6.com\/go\/redfoxlotto-en\/\" target=\"_blank\" rel=\"nofollow noopener\">Zaregistrujete se zde, p\u0159ihl\u00e1s\u00edte se ke sv\u00e9mu \u00fa\u010dtu<\/a>, vyberete si \u010d\u00edsla, zaplat\u00edte a po\u010dk\u00e1te na porovn\u00e1n\u00ed tiketu s v\u00fdsledky losov\u00e1n\u00ed.<\/p>\n<p>RedFoxLotto nem\u016f\u017ee akceptovat fanou\u0161ky loterie se s\u00eddlem v USA; hr\u00e1\u010di z USA by m\u00edsto toho m\u011bli vyzkou\u0161et TheLotter, dal\u0161\u00ed mo\u017enost pro mezin\u00e1rodn\u00ed loterijn\u00ed tikety.<br \/>\n<a href=\"https:\/\/smarturl.it\/theBig_Play?tl_affid=8190&amp;tl_bannerid=6cc3afab\" target=\"_self\" rel=\"noopener\"><img loading=\"lazy\" decoding=\"async\" class=\"aligncenter\" title=\"\" src=\"\/\/www.thelotter-affiliates.com\/accounts\/default1\/banners\/6cc3afab.gif\" alt=\"\" width=\"468\" height=\"60\" \/><\/a><\/p>\n<h2>Obrovsk\u00e9 v\u00fdhry s va\u0161imi online losy Eurojackpotu<\/h2>\n<table style=\"width: 500px;\" border=\"1\" cellspacing=\"5\" cellpadding=\"5\" align=\"center\">\n<tbody>\n<tr>\n<td colspan=\"3\" align=\"center\">P\u011bt nejlep\u0161\u00edch jackpot\u016f roku 2013<\/td>\n<\/tr>\n<tr>\n<td>Losov\u00e1n\u00ed<\/td>\n<td align=\"center\">Datum<\/td>\n<td align=\"center\">Jackpot (USD)<\/td>\n<\/tr>\n<tr>\n<td>Jackpot v eurech &#8211; Evropa<\/td>\n<td align=\"center\">12. dubna 2013<\/td>\n<td align=\"right\">63 128 694 $<\/td>\n<\/tr>\n<tr>\n<td>Jackpot v eurech &#8211; Evropa<\/td>\n<td align=\"center\">19. \u010dervence 2013<\/td>\n<td align=\"right\">56 886 414 $<\/td>\n<\/tr>\n<tr>\n<td>Euro Jackpot &#8211; Evropa<\/td>\n<td align=\"center\">25. ledna 2013<\/td>\n<td align=\"right\">40 470 680 $<\/td>\n<\/tr>\n<tr>\n<td>Euro Jackpot &#8211; Evropa<\/td>\n<td align=\"center\">27. z\u00e1\u0159\u00ed 2013<\/td>\n<td align=\"right\">29 122 090 $<\/td>\n<\/tr>\n<tr>\n<td>Euro Jackpot &#8211; Evropa<\/td>\n<td align=\"center\">7. prosince 2013<\/td>\n<td align=\"right\">28 770 000 $<\/td>\n<\/tr>\n<\/tbody>\n<\/table>\n<h2> Dvan\u00e1ct \u0161anc\u00ed vyhr\u00e1t s va\u0161\u00edm online Eurojackpotem tikety<\/h2>\n<table style=\"width: 500px;\" border=\"1\" cellspacing=\"5\" cellpadding=\"5\" align=\"center\">\n<tbody>\n<tr>\n<td colspan=\"3\" align=\"center\">\u00darovn\u011b v\u00fdher Eurojackpotu<\/td>\n<\/tr>\n<tr>\n<td>Cena<\/td>\n<td align=\"center\">Z\u00e1pasy<\/td>\n<td align=\"center\">Kurzy<\/td>\n<\/tr>\n<tr>\n<td>1. m\u00edsto (Jackpot)<\/td>\n<td align=\"center\">5 + 2<\/td>\n<td align=\"right\">59 325 280 : 1<\/td>\n<\/tr>\n<tr>\n<td>2. m\u00edsto<\/td>\n<td align=\"center\">5 + 1<\/td>\n<td align=\"right\">4 943 773 : 1<\/td>\n<\/tr>\n<tr>\n<td>3.<\/td>\n<td align=\"center\">5<\/td>\n<td align=\"right\">3 955 019 : 1<\/td>\n<\/tr>\n<tr>\n<td>4.<\/td>\n<td align=\"center\">4 + 2<\/td>\n<td align=\"right\">263 668 : 1<\/td>\n<\/tr>\n<tr>\n<td>5.<\/td>\n<td align=\"center\">4 + 1<\/td>\n<td align=\"right\">21 972 : 1<\/td>\n<\/tr>\n<tr>\n<td>6.<\/td>\n<td align=\"center\">4<\/td>\n<td align=\"right\">17 578 : 1<\/td>\n<\/tr>\n<tr>\n<td>7.<\/td>\n<td align=\"center\">3 + 2<\/td>\n<td align=\"right\">5 992 : 1<\/td>\n<\/tr>\n<tr>\n<td>8.<\/td>\n<td align=\"center\">3 + 1<\/td>\n<td align=\"right\">499 : 1<\/td>\n<\/tr>\n<tr>\n<td>9.<\/td>\n<td align=\"center\">2 + 2<\/td>\n<td align=\"right\">418 : 1<\/td>\n<\/tr>\n<tr>\n<td>10.<\/td>\n<td align=\"center\">3<\/td>\n<td align=\"right\">399 : 1<\/td>\n<\/tr>\n<tr>\n<td>11.<\/td>\n<td align=\"center\">1 + 2<\/td>\n<td align=\"right\">80 : 1<\/td>\n<\/tr>\n<tr>\n<td>12.<\/td>\n<td align=\"center\">2 + 1<\/td>\n<td align=\"right\">35 : 1<\/td>\n<\/tr>\n<\/tbody>\n<\/table>\n<p style=\"text-align: center;\"><strong>Neodkl\u00e1dejte svou \u0161anci st\u00e1t se milion\u00e1\u0159em. Zaregistrujte se a zakupte si losy Eurojackpot online je\u0161t\u011b dnes.<\/strong><\/p>\n","protected":false},"excerpt":{"rendered":"<p>Loterie Eurojackpot L\u00edstky Eurojackpot si m\u016f\u017eete koupit online a st\u00e1t se p\u0159es noc milion\u00e1\u0159em. Internet nyn\u00ed umo\u017e\u0148uje hr\u00e1t Eurojackpot online spolu s mnoha dal\u0161\u00edmi evropsk\u00fdmi loteriemi. M\u016f\u017eete tak u\u010dinit n\u00e1kupem l\u00edstk\u016f online z pohodln\u00e9ho k\u0159esla, ve kter\u00e9m tr\u00e1v\u00edte \u010das doma. U\u017e \u017e\u00e1dn\u00e9 b\u011bh\u00e1n\u00ed do obchodu na rohu nebo do loterijn\u00edch st\u00e1nk\u016f, po\u0159i\u010fte si l\u00edstky Eurojackpot [&hellip;]<\/p>\n","protected":false},"author":1,"featured_media":9515,"parent":9271,"menu_order":10,"comment_status":"closed","ping_status":"closed","template":"","meta":{"footnotes":""},"class_list":["post-9596","page","type-page","status-publish","has-post-thumbnail","hentry"],"yoast_head":"<!-- This site is optimized with the Yoast SEO plugin v27.4 - https:\/\/yoast.com\/product\/yoast-seo-wordpress\/ -->\n<title>Kupte si losy do loterie Eurojackpot online<\/title>\n<meta name=\"description\" content=\"P\u0159i online n\u00e1kupu loterijn\u00edch tiket\u016f v Eurojackpotu se d\u00e1 vyhr\u00e1t spousta pen\u011bz.\" \/>\n<meta name=\"robots\" content=\"index, follow, max-snippet:-1, max-image-preview:large, max-video-preview:-1\" \/>\n<link rel=\"canonical\" href=\"https:\/\/gambling6.com\/cs\/loterie\/ziskejte-online-losy-do-loterie-eurojackpot\/\" \/>\n<meta property=\"og:locale\" content=\"cs_CZ\" \/>\n<meta property=\"og:type\" content=\"article\" \/>\n<meta property=\"og:title\" content=\"Kupte si losy do loterie Eurojackpot online\" \/>\n<meta property=\"og:description\" content=\"P\u0159i online n\u00e1kupu loterijn\u00edch tiket\u016f v Eurojackpotu se d\u00e1 vyhr\u00e1t spousta pen\u011bz.\" \/>\n<meta property=\"og:url\" content=\"https:\/\/gambling6.com\/cs\/loterie\/ziskejte-online-losy-do-loterie-eurojackpot\/\" \/>\n<meta property=\"og:site_name\" content=\"Gambling6\" \/>\n<meta property=\"og:image\" content=\"https:\/\/gambling6.com\/wp-content\/uploads\/2013\/12\/play-euro-jackpot-online.jpg\" \/>\n\t<meta property=\"og:image:width\" content=\"285\" \/>\n\t<meta property=\"og:image:height\" content=\"259\" \/>\n\t<meta property=\"og:image:type\" content=\"image\/jpeg\" \/>\n<meta name=\"twitter:card\" content=\"summary_large_image\" \/>\n<meta name=\"twitter:label1\" content=\"Odhadovan\u00e1 doba \u010dten\u00ed\" \/>\n\t<meta name=\"twitter:data1\" content=\"2 minuty\" \/>\n<script type=\"application\/ld+json\" class=\"yoast-schema-graph\">{\"@context\":\"https:\\\/\\\/schema.org\",\"@graph\":[{\"@type\":\"WebPage\",\"@id\":\"https:\\\/\\\/gambling6.com\\\/cs\\\/loterie\\\/ziskejte-online-losy-do-loterie-eurojackpot\\\/\",\"url\":\"https:\\\/\\\/gambling6.com\\\/cs\\\/loterie\\\/ziskejte-online-losy-do-loterie-eurojackpot\\\/\",\"name\":\"Kupte si losy do loterie Eurojackpot online\",\"isPartOf\":{\"@id\":\"https:\\\/\\\/gambling6.com\\\/cs\\\/#website\"},\"primaryImageOfPage\":{\"@id\":\"https:\\\/\\\/gambling6.com\\\/cs\\\/loterie\\\/ziskejte-online-losy-do-loterie-eurojackpot\\\/#primaryimage\"},\"image\":{\"@id\":\"https:\\\/\\\/gambling6.com\\\/cs\\\/loterie\\\/ziskejte-online-losy-do-loterie-eurojackpot\\\/#primaryimage\"},\"thumbnailUrl\":\"https:\\\/\\\/gambling6.com\\\/wp-content\\\/uploads\\\/2013\\\/12\\\/play-euro-jackpot-online.jpg\",\"datePublished\":\"2025-11-11T04:59:15+00:00\",\"description\":\"P\u0159i online n\u00e1kupu loterijn\u00edch tiket\u016f v Eurojackpotu se d\u00e1 vyhr\u00e1t spousta pen\u011bz.\",\"breadcrumb\":{\"@id\":\"https:\\\/\\\/gambling6.com\\\/cs\\\/loterie\\\/ziskejte-online-losy-do-loterie-eurojackpot\\\/#breadcrumb\"},\"inLanguage\":\"cs\",\"potentialAction\":[{\"@type\":\"ReadAction\",\"target\":[\"https:\\\/\\\/gambling6.com\\\/cs\\\/loterie\\\/ziskejte-online-losy-do-loterie-eurojackpot\\\/\"]}]},{\"@type\":\"ImageObject\",\"inLanguage\":\"cs\",\"@id\":\"https:\\\/\\\/gambling6.com\\\/cs\\\/loterie\\\/ziskejte-online-losy-do-loterie-eurojackpot\\\/#primaryimage\",\"url\":\"https:\\\/\\\/gambling6.com\\\/wp-content\\\/uploads\\\/2013\\\/12\\\/play-euro-jackpot-online.jpg\",\"contentUrl\":\"https:\\\/\\\/gambling6.com\\\/wp-content\\\/uploads\\\/2013\\\/12\\\/play-euro-jackpot-online.jpg\",\"width\":285,\"height\":259},{\"@type\":\"BreadcrumbList\",\"@id\":\"https:\\\/\\\/gambling6.com\\\/cs\\\/loterie\\\/ziskejte-online-losy-do-loterie-eurojackpot\\\/#breadcrumb\",\"itemListElement\":[{\"@type\":\"ListItem\",\"position\":1,\"name\":\"Home\",\"item\":\"https:\\\/\\\/gambling6.com\\\/cs\\\/home\\\/\"},{\"@type\":\"ListItem\",\"position\":2,\"name\":\"Loterie\",\"item\":\"https:\\\/\\\/gambling6.com\\\/cs\\\/buying-international-lotto-tickets-online\\\/\"},{\"@type\":\"ListItem\",\"position\":3,\"name\":\"Z\u00edskejte online losy do loterie Eurojackpot\"}]},{\"@type\":\"WebSite\",\"@id\":\"https:\\\/\\\/gambling6.com\\\/cs\\\/#website\",\"url\":\"https:\\\/\\\/gambling6.com\\\/cs\\\/\",\"name\":\"Gambling6\",\"description\":\"\",\"potentialAction\":[{\"@type\":\"SearchAction\",\"target\":{\"@type\":\"EntryPoint\",\"urlTemplate\":\"https:\\\/\\\/gambling6.com\\\/cs\\\/?s={search_term_string}\"},\"query-input\":{\"@type\":\"PropertyValueSpecification\",\"valueRequired\":true,\"valueName\":\"search_term_string\"}}],\"inLanguage\":\"cs\"}]}<\/script>\n<!-- \/ Yoast SEO plugin. -->","yoast_head_json":{"title":"Kupte si losy do loterie Eurojackpot online","description":"P\u0159i online n\u00e1kupu loterijn\u00edch tiket\u016f v Eurojackpotu se d\u00e1 vyhr\u00e1t spousta pen\u011bz.","robots":{"index":"index","follow":"follow","max-snippet":"max-snippet:-1","max-image-preview":"max-image-preview:large","max-video-preview":"max-video-preview:-1"},"canonical":"https:\/\/gambling6.com\/cs\/loterie\/ziskejte-online-losy-do-loterie-eurojackpot\/","og_locale":"cs_CZ","og_type":"article","og_title":"Kupte si losy do loterie Eurojackpot online","og_description":"P\u0159i online n\u00e1kupu loterijn\u00edch tiket\u016f v Eurojackpotu se d\u00e1 vyhr\u00e1t spousta pen\u011bz.","og_url":"https:\/\/gambling6.com\/cs\/loterie\/ziskejte-online-losy-do-loterie-eurojackpot\/","og_site_name":"Gambling6","og_image":[{"width":285,"height":259,"url":"https:\/\/gambling6.com\/wp-content\/uploads\/2013\/12\/play-euro-jackpot-online.jpg","type":"image\/jpeg"}],"twitter_card":"summary_large_image","twitter_misc":{"Odhadovan\u00e1 doba \u010dten\u00ed":"2 minuty"},"schema":{"@context":"https:\/\/schema.org","@graph":[{"@type":"WebPage","@id":"https:\/\/gambling6.com\/cs\/loterie\/ziskejte-online-losy-do-loterie-eurojackpot\/","url":"https:\/\/gambling6.com\/cs\/loterie\/ziskejte-online-losy-do-loterie-eurojackpot\/","name":"Kupte si losy do loterie Eurojackpot online","isPartOf":{"@id":"https:\/\/gambling6.com\/cs\/#website"},"primaryImageOfPage":{"@id":"https:\/\/gambling6.com\/cs\/loterie\/ziskejte-online-losy-do-loterie-eurojackpot\/#primaryimage"},"image":{"@id":"https:\/\/gambling6.com\/cs\/loterie\/ziskejte-online-losy-do-loterie-eurojackpot\/#primaryimage"},"thumbnailUrl":"https:\/\/gambling6.com\/wp-content\/uploads\/2013\/12\/play-euro-jackpot-online.jpg","datePublished":"2025-11-11T04:59:15+00:00","description":"P\u0159i online n\u00e1kupu loterijn\u00edch tiket\u016f v Eurojackpotu se d\u00e1 vyhr\u00e1t spousta pen\u011bz.","breadcrumb":{"@id":"https:\/\/gambling6.com\/cs\/loterie\/ziskejte-online-losy-do-loterie-eurojackpot\/#breadcrumb"},"inLanguage":"cs","potentialAction":[{"@type":"ReadAction","target":["https:\/\/gambling6.com\/cs\/loterie\/ziskejte-online-losy-do-loterie-eurojackpot\/"]}]},{"@type":"ImageObject","inLanguage":"cs","@id":"https:\/\/gambling6.com\/cs\/loterie\/ziskejte-online-losy-do-loterie-eurojackpot\/#primaryimage","url":"https:\/\/gambling6.com\/wp-content\/uploads\/2013\/12\/play-euro-jackpot-online.jpg","contentUrl":"https:\/\/gambling6.com\/wp-content\/uploads\/2013\/12\/play-euro-jackpot-online.jpg","width":285,"height":259},{"@type":"BreadcrumbList","@id":"https:\/\/gambling6.com\/cs\/loterie\/ziskejte-online-losy-do-loterie-eurojackpot\/#breadcrumb","itemListElement":[{"@type":"ListItem","position":1,"name":"Home","item":"https:\/\/gambling6.com\/cs\/home\/"},{"@type":"ListItem","position":2,"name":"Loterie","item":"https:\/\/gambling6.com\/cs\/buying-international-lotto-tickets-online\/"},{"@type":"ListItem","position":3,"name":"Z\u00edskejte online losy do loterie Eurojackpot"}]},{"@type":"WebSite","@id":"https:\/\/gambling6.com\/cs\/#website","url":"https:\/\/gambling6.com\/cs\/","name":"Gambling6","description":"","potentialAction":[{"@type":"SearchAction","target":{"@type":"EntryPoint","urlTemplate":"https:\/\/gambling6.com\/cs\/?s={search_term_string}"},"query-input":{"@type":"PropertyValueSpecification","valueRequired":true,"valueName":"search_term_string"}}],"inLanguage":"cs"}]}},"_links":{"self":[{"href":"https:\/\/gambling6.com\/cs\/wp-json\/wp\/v2\/pages\/9596","targetHints":{"allow":["GET"]}}],"collection":[{"href":"https:\/\/gambling6.com\/cs\/wp-json\/wp\/v2\/pages"}],"about":[{"href":"https:\/\/gambling6.com\/cs\/wp-json\/wp\/v2\/types\/page"}],"author":[{"embeddable":true,"href":"https:\/\/gambling6.com\/cs\/wp-json\/wp\/v2\/users\/1"}],"replies":[{"embeddable":true,"href":"https:\/\/gambling6.com\/cs\/wp-json\/wp\/v2\/comments?post=9596"}],"version-history":[{"count":0,"href":"https:\/\/gambling6.com\/cs\/wp-json\/wp\/v2\/pages\/9596\/revisions"}],"up":[{"embeddable":true,"href":"https:\/\/gambling6.com\/cs\/wp-json\/wp\/v2\/pages\/9271"}],"wp:featuredmedia":[{"embeddable":true,"href":"https:\/\/gambling6.com\/cs\/wp-json\/wp\/v2\/media\/9515"}],"wp:attachment":[{"href":"https:\/\/gambling6.com\/cs\/wp-json\/wp\/v2\/media?parent=9596"}],"curies":[{"name":"wp","href":"https:\/\/api.w.org\/{rel}","templated":true}]}}