{"id":9599,"date":"2025-11-11T07:35:31","date_gmt":"2025-11-11T07:35:31","guid":{"rendered":"https:\/\/gambling6.com\/loterie\/ziskejte-online-losy-do-australske-loterie\/"},"modified":"2025-11-11T07:35:31","modified_gmt":"2025-11-11T07:35:31","slug":"ziskejte-online-losy-do-australske-loterie","status":"publish","type":"page","link":"https:\/\/gambling6.com\/cs\/loterie\/ziskejte-online-losy-do-australske-loterie\/","title":{"rendered":"Z\u00edskejte online losy do australsk\u00e9 loterie"},"content":{"rendered":"<h2>Australsk\u00e1 loterie<\/h2>\n<p>Ka\u017ed\u00fd t\u00fdden, v \u00fater\u00fd a ve \u010dtvrtek, se v Austr\u00e1lii konaj\u00ed dv\u011b velmi vzru\u0161uj\u00edc\u00ed loterie. Tikety Powerball a Oz Lotto si m\u016f\u017eete zakoupit online. N\u00e1kup tiket\u016f do australsk\u00e9 loterie online je stejn\u011b snadn\u00fd jako \u201ehodit dal\u0161\u00ed krevetu na barbie\u201c. Lid\u00e9 hraj\u00ed tyto loterie o pravideln\u011b vysok\u00e9 jackpoty ve v\u00fd\u0161i 50 milion\u016f dolar\u016f a v\u00edce.<\/p>\n<p>\u0160ance na v\u00fdhru u obou jackpot\u016f jsou vzhledem k jejich velikosti docela p\u0159\u00edzniv\u00e9 a d\u00edky mo\u017enosti zakoupit tikety online rostou pom\u011brn\u011b rychle. Celosv\u011btov\u011b si tyto jackpoty v posledn\u00edch n\u011bkolika letech z\u00edskaly na popularit\u011b. O t\u011bchto losov\u00e1n\u00edch sl\u00fdch\u00e1te ve zpr\u00e1v\u00e1ch ka\u017ed\u00fd den v\u00edce.<\/p>\n<h2>Online tikety Oz Lotto jsou bezpe\u010dn\u00e9.<\/h2>\n<p>M\u016f\u017eete si bezpe\u010dn\u011b vybrat sv\u00fdch 7 \u010d\u00edsel a \u010dekat na losov\u00e1n\u00ed. N\u00e1\u0161 partner <a class=\"thirstylink\" title=\"Redfoxlotto\" href=\"https:\/\/gambling6.com\/go\/redfoxlotto\/\" target=\"_blank\" rel=\"nofollow noopener\">RedFoxLotto.com<\/a> v\u00e1m zbav\u00ed v\u0161ech starost\u00ed s n\u00e1kupem loterijn\u00edch tiket\u016f online, tak\u017ee si jen mus\u00edte sednout a \u010dekat na v\u00fdhru.<\/p>\n<p>Hr\u00e1\u010di z USA, kte\u0159\u00ed se cht\u011bj\u00ed z\u00fa\u010dastnit a koupit si tiket online na Powerball nebo jakoukoli jinou loterii z Austr\u00e1lie, by si m\u011bli vybrat na\u0161e druh\u00e9 doporu\u010den\u00ed: <a href=\"https:\/\/gambling6.com\/go\/thelotter-en\/\" target=\"_blank\" rel=\"noopener\">TheLotter. Klikn\u011bte zde pro n\u00e1v\u0161t\u011bvu<\/a><\/span><a class=\"thirstylink\" title=\"TheLotter en\" href=\"https:\/\/gambling6.com\/go\/thelotter-en\/\" target=\"_blank\" rel=\"nofollow noopener\">\u00a0jejich webov\u00fdch str\u00e1nek.<\/a><\/p>\n<h2>Obrovsk\u00e9 jackpoty s online tikety pro Powerball Australia<\/h2>\n<table style=\"width: 500px;\" border=\"1\" cellspacing=\"5\" cellpadding=\"5\" align=\"center\">\n<tbody>\n<tr>\n<td colspan=\"3\" align=\"center\">P\u011bt nejlep\u0161\u00edch jackpot\u016f roku 2013<\/td>\n<\/tr>\n<tr>\n<td>Losov\u00e1n\u00ed<\/td>\n<td align=\"center\">Datum<\/td>\n<td align=\"center\">Jackpot (USD)<\/td>\n<\/tr>\n<tr>\n<td>Powerball &#8211; Austr\u00e1lie<\/td>\n<td align=\"center\">2. kv\u011btna 2013<\/td>\n<td align=\"right\">55 229 291 $<\/td>\n<\/tr>\n<tr>\n<td>Powerball &#8211; Austr\u00e1lie<\/td>\n<td align=\"center\">18. \u010dervence 2013<\/td>\n<td align=\"right\">26 700 000 $<\/td>\n<\/tr>\n<tr>\n<td>Powerball &#8211; Austr\u00e1lie<\/td>\n<td align=\"center\">19. z\u00e1\u0159\u00ed 2013<\/td>\n<td align=\"right\">26 700 000 $<\/td>\n<\/tr>\n<tr>\n<td>Powerball &#8211; Austr\u00e1lie<\/td>\n<td align=\"center\">24. \u0159\u00edjna 2013<\/td>\n<td align=\"right\">26 700 000 $<\/td>\n<\/tr>\n<tr>\n<td>Powerball &#8211; Austr\u00e1lie<\/td>\n<td align=\"center\">3. ledna 2013<\/td>\n<td align=\"right\">22 250 000 $<\/td>\n<\/tr>\n<\/tbody>\n<\/table>\n<h2>\u00a0Osm v\u00fdhern\u00edch \u00farovn\u00ed pro online tiket australsk\u00e9ho Powerballu kupuj\u00edc\u00ed<\/h2>\n<table style=\"width: 500px;\" border=\"1\" cellspacing=\"5\" cellpadding=\"5\" align=\"center\">\n<tbody>\n<tr>\n<td colspan=\"3\" align=\"center\">Powerball Lotto &#8211; Austr\u00e1lie &#8211; \u00darovn\u011b v\u00fdher<\/td>\n<\/tr>\n<tr>\n<td>Cena<\/td>\n<td align=\"center\">Z\u00e1pasy<\/td>\n<td align=\"center\">Kurzy<\/td>\n<\/tr>\n<tr>\n<td>1. m\u00edsto (Jackpot)<\/td>\n<td align=\"center\">6 + 1<\/td>\n<td align=\"right\">76 767 600 : 1<\/td>\n<\/tr>\n<tr>\n<td>2. m\u00edsto<\/td>\n<td align=\"center\">6<\/td>\n<td align=\"right\">4 040 400 : 1<\/td>\n<\/tr>\n<tr>\n<td>3.<\/td>\n<td align=\"center\">5 + 1<\/td>\n<td align=\"right\">376 312 : 1<\/td>\n<\/tr>\n<tr>\n<td>4.<\/td>\n<td align=\"center\">5<\/td>\n<td align=\"right\">19 806 : 1<\/td>\n<\/tr>\n<tr>\n<td>5.<\/td>\n<td align=\"center\">4 + 1<\/td>\n<td align=\"right\">9 123 : 1<\/td>\n<\/tr>\n<tr>\n<td>6.<\/td>\n<td align=\"center\">3 + 1<\/td>\n<td align=\"right\">641 : 1<\/td>\n<\/tr>\n<tr>\n<td>7.<\/td>\n<td align=\"center\">4<\/td>\n<td align=\"right\">480 : 1<\/td>\n<\/tr>\n<tr>\n<td>8.<\/td>\n<td align=\"center\">2 + 1<\/td>\n<td align=\"right\">110 : 1<\/td>\n<\/tr>\n<\/tbody>\n<\/table>\n<h2>\u00a0Dr\u017eitel\u00e9 los\u016f online loterie Oz Lotto si mohou vyd\u011blat velk\u00e9 pen\u00edze<\/h2>\n<table style=\"width: 500px;\" border=\"1\" cellspacing=\"5\" cellpadding=\"5\" align=\"center\">\n<tbody>\n<tr>\n<td colspan=\"3\" align=\"center\">P\u011bt nejlep\u0161\u00edch jackpot\u016f roku 2013<\/td>\n<\/tr>\n<tr>\n<td>Losov\u00e1n\u00ed<\/td>\n<td align=\"center\">Datum<\/td>\n<td align=\"center\">Jackpot (USD)<\/td>\n<\/tr>\n<tr>\n<td>Oz Lotto &#8211; Austr\u00e1lie<\/td>\n<td align=\"center\">17. prosince 2013<\/td>\n<td align=\"right\">62 300 000 $<\/td>\n<\/tr>\n<tr>\n<td>Oz Lotto &#8211; Austr\u00e1lie<\/td>\n<td align=\"center\">2. \u010dervence 2013<\/td>\n<td align=\"right\">44 500 000 $<\/td>\n<\/tr>\n<tr>\n<td>Oz Lotto &#8211; Austr\u00e1lie<\/td>\n<td align=\"center\">30. dubna 2013<\/td>\n<td align=\"right\">26 700 000 $<\/td>\n<\/tr>\n<tr>\n<td>Oz Lotto &#8211; Austr\u00e1lie<\/td>\n<td align=\"center\">29. ledna 2013<\/td>\n<td align=\"right\">20 296 484 $<\/td>\n<\/tr>\n<tr>\n<td>Oz Lotto &#8211; Austr\u00e1lie<\/td>\n<td align=\"center\">3. z\u00e1\u0159\u00ed 2013<\/td>\n<td align=\"right\">19 790 620 $<\/td>\n<\/tr>\n<\/tbody>\n<\/table>\n<h2>\u00a0Zkontrolujte online losy, zda se n\u011bjak\u00e9 shoduj\u00ed v\u00fdplata<\/h2>\n<table style=\"width: 500px;\" border=\"1\" cellspacing=\"5\" cellpadding=\"5\" align=\"center\">\n<tbody>\n<tr>\n<td colspan=\"3\" align=\"center\">Oz Lotto &#8211; \u00darovn\u011b v\u00fdher Austr\u00e1lie<\/td>\n<\/tr>\n<tr>\n<td>Cena<\/td>\n<td align=\"center\">Z\u00e1pasy<\/td>\n<td align=\"center\">Kurzy<\/td>\n<\/tr>\n<tr>\n<td>1. m\u00edsto (Jackpot)<\/td>\n<td align=\"center\">7<\/td>\n<td align=\"right\">45 379 620 : 1<\/td>\n<\/tr>\n<tr>\n<td>2. m\u00edsto<\/td>\n<td align=\"center\">6 + 1<\/td>\n<td align=\"right\">3 241 401 : 1<\/td>\n<\/tr>\n<tr>\n<td>3.<\/td>\n<td align=\"center\">6<\/td>\n<td align=\"right\">180 078 : 1<\/td>\n<\/tr>\n<tr>\n<td>4.<\/td>\n<td align=\"center\">5 + 1<\/td>\n<td align=\"right\">29 602 : 1<\/td>\n<\/tr>\n<tr>\n<td>5.<\/td>\n<td align=\"center\">5<\/td>\n<td align=\"right\">3 430 : 1<\/td>\n<\/tr>\n<tr>\n<td>6.<\/td>\n<td align=\"center\">4<\/td>\n<td align=\"right\">154 : 1<\/td>\n<\/tr>\n<tr>\n<td>7.<\/td>\n<td align=\"center\">3 + 1<\/td>\n<td align=\"right\">55 : 1<\/td>\n<\/tr>\n<\/tbody>\n<\/table>\n","protected":false},"excerpt":{"rendered":"<p>Australsk\u00e1 loterie Ka\u017ed\u00fd t\u00fdden, v \u00fater\u00fd a ve \u010dtvrtek, se v Austr\u00e1lii konaj\u00ed dv\u011b velmi vzru\u0161uj\u00edc\u00ed loterie. Tikety Powerball a Oz Lotto si m\u016f\u017eete zakoupit online. N\u00e1kup tiket\u016f do australsk\u00e9 loterie online je stejn\u011b snadn\u00fd jako \u201ehodit dal\u0161\u00ed krevetu na barbie\u201c. Lid\u00e9 hraj\u00ed tyto loterie o pravideln\u011b vysok\u00e9 jackpoty ve v\u00fd\u0161i 50 milion\u016f dolar\u016f a [&hellip;]<\/p>\n","protected":false},"author":1,"featured_media":0,"parent":9271,"menu_order":9,"comment_status":"closed","ping_status":"closed","template":"","meta":{"footnotes":""},"class_list":["post-9599","page","type-page","status-publish","hentry"],"yoast_head":"<!-- This site is optimized with the Yoast SEO plugin v27.6 - https:\/\/yoast.com\/product\/yoast-seo-wordpress\/ -->\n<title>Kupte si losy do australsk\u00e9 loterie online<\/title>\n<meta name=\"description\" content=\"N\u00e1kup los\u016f do australsk\u00fdch loteri\u00ed online posouv\u00e1 vzru\u0161en\u00ed na novou \u00farove\u0148.\" \/>\n<meta name=\"robots\" content=\"index, follow, max-snippet:-1, max-image-preview:large, max-video-preview:-1\" \/>\n<link rel=\"canonical\" href=\"https:\/\/gambling6.com\/cs\/loterie\/ziskejte-online-losy-do-australske-loterie\/\" \/>\n<meta property=\"og:locale\" content=\"cs_CZ\" \/>\n<meta property=\"og:type\" content=\"article\" \/>\n<meta property=\"og:title\" content=\"Kupte si losy do australsk\u00e9 loterie online\" \/>\n<meta property=\"og:description\" content=\"N\u00e1kup los\u016f do australsk\u00fdch loteri\u00ed online posouv\u00e1 vzru\u0161en\u00ed na novou \u00farove\u0148.\" \/>\n<meta property=\"og:url\" content=\"https:\/\/gambling6.com\/cs\/loterie\/ziskejte-online-losy-do-australske-loterie\/\" \/>\n<meta property=\"og:site_name\" content=\"Gambling6\" \/>\n<meta name=\"twitter:card\" content=\"summary_large_image\" \/>\n<meta name=\"twitter:label1\" content=\"Odhadovan\u00e1 doba \u010dten\u00ed\" \/>\n\t<meta name=\"twitter:data1\" content=\"2 minuty\" \/>\n<script type=\"application\/ld+json\" class=\"yoast-schema-graph\">{\"@context\":\"https:\\\/\\\/schema.org\",\"@graph\":[{\"@type\":\"WebPage\",\"@id\":\"https:\\\/\\\/gambling6.com\\\/cs\\\/loterie\\\/ziskejte-online-losy-do-australske-loterie\\\/\",\"url\":\"https:\\\/\\\/gambling6.com\\\/cs\\\/loterie\\\/ziskejte-online-losy-do-australske-loterie\\\/\",\"name\":\"Kupte si losy do australsk\u00e9 loterie online\",\"isPartOf\":{\"@id\":\"https:\\\/\\\/gambling6.com\\\/cs\\\/#website\"},\"datePublished\":\"2025-11-11T07:35:31+00:00\",\"description\":\"N\u00e1kup los\u016f do australsk\u00fdch loteri\u00ed online posouv\u00e1 vzru\u0161en\u00ed na novou \u00farove\u0148.\",\"breadcrumb\":{\"@id\":\"https:\\\/\\\/gambling6.com\\\/cs\\\/loterie\\\/ziskejte-online-losy-do-australske-loterie\\\/#breadcrumb\"},\"inLanguage\":\"cs\",\"potentialAction\":[{\"@type\":\"ReadAction\",\"target\":[\"https:\\\/\\\/gambling6.com\\\/cs\\\/loterie\\\/ziskejte-online-losy-do-australske-loterie\\\/\"]}]},{\"@type\":\"BreadcrumbList\",\"@id\":\"https:\\\/\\\/gambling6.com\\\/cs\\\/loterie\\\/ziskejte-online-losy-do-australske-loterie\\\/#breadcrumb\",\"itemListElement\":[{\"@type\":\"ListItem\",\"position\":1,\"name\":\"Home\",\"item\":\"https:\\\/\\\/gambling6.com\\\/cs\\\/home\\\/\"},{\"@type\":\"ListItem\",\"position\":2,\"name\":\"Loterie\",\"item\":\"https:\\\/\\\/gambling6.com\\\/cs\\\/buying-international-lotto-tickets-online\\\/\"},{\"@type\":\"ListItem\",\"position\":3,\"name\":\"Z\u00edskejte online losy do australsk\u00e9 loterie\"}]},{\"@type\":\"WebSite\",\"@id\":\"https:\\\/\\\/gambling6.com\\\/cs\\\/#website\",\"url\":\"https:\\\/\\\/gambling6.com\\\/cs\\\/\",\"name\":\"Gambling6\",\"description\":\"\",\"potentialAction\":[{\"@type\":\"SearchAction\",\"target\":{\"@type\":\"EntryPoint\",\"urlTemplate\":\"https:\\\/\\\/gambling6.com\\\/cs\\\/?s={search_term_string}\"},\"query-input\":{\"@type\":\"PropertyValueSpecification\",\"valueRequired\":true,\"valueName\":\"search_term_string\"}}],\"inLanguage\":\"cs\"}]}<\/script>\n<!-- \/ Yoast SEO plugin. -->","yoast_head_json":{"title":"Kupte si losy do australsk\u00e9 loterie online","description":"N\u00e1kup los\u016f do australsk\u00fdch loteri\u00ed online posouv\u00e1 vzru\u0161en\u00ed na novou \u00farove\u0148.","robots":{"index":"index","follow":"follow","max-snippet":"max-snippet:-1","max-image-preview":"max-image-preview:large","max-video-preview":"max-video-preview:-1"},"canonical":"https:\/\/gambling6.com\/cs\/loterie\/ziskejte-online-losy-do-australske-loterie\/","og_locale":"cs_CZ","og_type":"article","og_title":"Kupte si losy do australsk\u00e9 loterie online","og_description":"N\u00e1kup los\u016f do australsk\u00fdch loteri\u00ed online posouv\u00e1 vzru\u0161en\u00ed na novou \u00farove\u0148.","og_url":"https:\/\/gambling6.com\/cs\/loterie\/ziskejte-online-losy-do-australske-loterie\/","og_site_name":"Gambling6","twitter_card":"summary_large_image","twitter_misc":{"Odhadovan\u00e1 doba \u010dten\u00ed":"2 minuty"},"schema":{"@context":"https:\/\/schema.org","@graph":[{"@type":"WebPage","@id":"https:\/\/gambling6.com\/cs\/loterie\/ziskejte-online-losy-do-australske-loterie\/","url":"https:\/\/gambling6.com\/cs\/loterie\/ziskejte-online-losy-do-australske-loterie\/","name":"Kupte si losy do australsk\u00e9 loterie online","isPartOf":{"@id":"https:\/\/gambling6.com\/cs\/#website"},"datePublished":"2025-11-11T07:35:31+00:00","description":"N\u00e1kup los\u016f do australsk\u00fdch loteri\u00ed online posouv\u00e1 vzru\u0161en\u00ed na novou \u00farove\u0148.","breadcrumb":{"@id":"https:\/\/gambling6.com\/cs\/loterie\/ziskejte-online-losy-do-australske-loterie\/#breadcrumb"},"inLanguage":"cs","potentialAction":[{"@type":"ReadAction","target":["https:\/\/gambling6.com\/cs\/loterie\/ziskejte-online-losy-do-australske-loterie\/"]}]},{"@type":"BreadcrumbList","@id":"https:\/\/gambling6.com\/cs\/loterie\/ziskejte-online-losy-do-australske-loterie\/#breadcrumb","itemListElement":[{"@type":"ListItem","position":1,"name":"Home","item":"https:\/\/gambling6.com\/cs\/home\/"},{"@type":"ListItem","position":2,"name":"Loterie","item":"https:\/\/gambling6.com\/cs\/buying-international-lotto-tickets-online\/"},{"@type":"ListItem","position":3,"name":"Z\u00edskejte online losy do australsk\u00e9 loterie"}]},{"@type":"WebSite","@id":"https:\/\/gambling6.com\/cs\/#website","url":"https:\/\/gambling6.com\/cs\/","name":"Gambling6","description":"","potentialAction":[{"@type":"SearchAction","target":{"@type":"EntryPoint","urlTemplate":"https:\/\/gambling6.com\/cs\/?s={search_term_string}"},"query-input":{"@type":"PropertyValueSpecification","valueRequired":true,"valueName":"search_term_string"}}],"inLanguage":"cs"}]}},"_links":{"self":[{"href":"https:\/\/gambling6.com\/cs\/wp-json\/wp\/v2\/pages\/9599","targetHints":{"allow":["GET"]}}],"collection":[{"href":"https:\/\/gambling6.com\/cs\/wp-json\/wp\/v2\/pages"}],"about":[{"href":"https:\/\/gambling6.com\/cs\/wp-json\/wp\/v2\/types\/page"}],"author":[{"embeddable":true,"href":"https:\/\/gambling6.com\/cs\/wp-json\/wp\/v2\/users\/1"}],"replies":[{"embeddable":true,"href":"https:\/\/gambling6.com\/cs\/wp-json\/wp\/v2\/comments?post=9599"}],"version-history":[{"count":0,"href":"https:\/\/gambling6.com\/cs\/wp-json\/wp\/v2\/pages\/9599\/revisions"}],"up":[{"embeddable":true,"href":"https:\/\/gambling6.com\/cs\/wp-json\/wp\/v2\/pages\/9271"}],"wp:attachment":[{"href":"https:\/\/gambling6.com\/cs\/wp-json\/wp\/v2\/media?parent=9599"}],"curies":[{"name":"wp","href":"https:\/\/api.w.org\/{rel}","templated":true}]}}