{"id":9602,"date":"2025-11-11T07:39:48","date_gmt":"2025-11-11T07:39:48","guid":{"rendered":"https:\/\/gambling6.com\/loterie\/ziskejte-online-losy-do-loterie-mega-sena\/"},"modified":"2025-11-11T07:39:48","modified_gmt":"2025-11-11T07:39:48","slug":"ziskejte-online-losy-do-loterie-mega-sena","status":"publish","type":"page","link":"https:\/\/gambling6.com\/cs\/loterie\/ziskejte-online-losy-do-loterie-mega-sena\/","title":{"rendered":"Z\u00edskejte online losy do loterie Mega Sena"},"content":{"rendered":"<h2>Loterie Mega Sena<\/h2>\n<p>S garantovan\u00fdm minim\u00e1ln\u00edm jackpotem 1,1 milionu dolar\u016f p\u0159itahuje loterie Mega Sena v Braz\u00edlii dvakr\u00e1t t\u00fddn\u011b obrovsk\u00e9 mno\u017estv\u00ed fanou\u0161k\u016f. D\u00edky mo\u017enosti z\u00edskat tikety do loterie Mega Sena online jackpoty \u010dasto stoupaj\u00ed mnohem v\u00fd\u0161e.<strong>V zemi, kter\u00e1 je celosv\u011btov\u011b zn\u00e1m\u00e1 kr\u00e1sn\u00fdmi \u017eenami na pl\u00e1\u017e\u00edch a z\u00e1bavou, brazilsk\u00e1 n\u00e1rodn\u00ed loterie Mega-Sena zvy\u0161uje vzru\u0161en\u00ed jackpoty, kter\u00e9 mohou dos\u00e1hnout a\u017e 35 milion\u016f dolar\u016f.<\/p>\n<p><strong>Jako by 35 milion\u016f dolar\u016f nesta\u010dilo, na Silvestra se kon\u00e1 speci\u00e1ln\u00ed losov\u00e1n\u00ed s garantovan\u00fdm jackpotem 200 milion\u016f dolar\u016f.<\/strong><\/p>\n<p>Loterie Mega-Sena, kter\u00e1 se kon\u00e1 dvakr\u00e1t t\u00fddn\u011b v Braz\u00edlii, je nejv\u011bt\u0161\u00ed v Ji\u017en\u00ed Americe a lze ji zakoupit online. Obyvatel\u00e9 Braz\u00edlie spolu s mnoha online hr\u00e1\u010di se dvakr\u00e1t t\u00fddn\u011b hrnou, aby si tikety do t\u00e9to snadno hrateln\u00e9 loterie zakoupili.<\/p>\n<h2>Hran\u00ed loterie Mega-Sena online.<\/h2>\n<p>Chcete-li se z\u00fa\u010dastnit t\u00e9to loterie, sta\u010d\u00ed vybrat \u0161est \u010d\u00edsel mezi 1 a 60 a po\u010dkat na slosov\u00e1n\u00ed. Chcete-li z\u00edskat jackpot, sta\u010d\u00ed uhodnout \u0161est \u010d\u00edsel. <strong>Jako online hr\u00e1\u010d byste dal\u0161\u00edm krokem m\u011bli let\u011bt do Braz\u00edlie<\/strong>, z\u00edskat jackpot a zaplavit pl\u00e1\u017e se v\u0161emi sv\u00fdmi nov\u011b nalezen\u00fdmi p\u0159\u00e1teli.<\/p>\n<p>\u0160ance na v\u00fdhru v Mega Sena s online tikety jsou p\u0159ibli\u017en\u011b 50 000 000 ku 1. Zakoupen\u00edm tiketu Mega Sena online m\u016f\u017eete tak\u00e9 vyhr\u00e1t jednu z cen druh\u00e9 nebo t\u0159et\u00ed \u00farovn\u011b, kter\u00e9 jsou \u010dasto zna\u010dn\u00e9. <a class=\"thirstylink\" title=\"Redfoxlotto\" href=\"https:\/\/gambling6.com\/go\/redfoxlotto\/\" target=\"_blank\" rel=\"nofollow noopener\">Klikn\u011bte sem a nav\u0161tivte na\u0161eho partnera RedFoxlotto, kde si m\u016f\u017eete online zakoupit losy do loterie Mega Sena.<\/a><\/p>\n<table style=\"width: 500px;\" border=\"1\" cellspacing=\"5\" cellpadding=\"5\" align=\"center\">\n<tbody>\n<tr>\n<td colspan=\"3\" align=\"center\">P\u011bt nejlep\u0161\u00edch jackpot\u016f roku 2013<\/td>\n<\/tr>\n<tr>\n<td>Losov\u00e1n\u00ed<\/td>\n<td align=\"center\">Datum<\/td>\n<td align=\"center\">Jackpot (USD)<\/td>\n<\/tr>\n<tr>\n<td>Mega-Sena &#8211; Latinsk\u00e1 Amerika<\/td>\n<td align=\"center\">6. listopadu 2013<\/td>\n<td align=\"right\">34 615 000 USD<\/td>\n<\/tr>\n<tr>\n<td>Mega-Sena &#8211; Latinsk\u00e1 Amerika<\/td>\n<td align=\"center\">1. \u010dervna 2013<\/td>\n<td align=\"right\">18 505 745 $<\/td>\n<\/tr>\n<tr>\n<td>Mega-Sena &#8211; Latinsk\u00e1 Amerika<\/td>\n<td align=\"center\">3. \u010dervence 2013<\/td>\n<td align=\"right\">18 205 319 $<\/td>\n<\/tr>\n<tr>\n<td>Mega-Sena &#8211; Latinsk\u00e1 Amerika<\/td>\n<td align=\"center\">31. srpna 2013<\/td>\n<td align=\"right\">13 760 000 $<\/td>\n<\/tr>\n<tr>\n<td>Mega-Sena &#8211; Latinsk\u00e1 Amerika<\/td>\n<td align=\"center\">14. srpna 2013<\/td>\n<td align=\"right\">10 884 923 $<\/td>\n<\/tr>\n<\/tbody>\n<\/table>\n<p>&nbsp;<\/p>\n<table style=\"width: 500px;\" border=\"1\" cellspacing=\"5\" cellpadding=\"5\" align=\"center\">\n<tbody>\n<tr>\n<td colspan=\"3\" align=\"center\">Loterie Mega-Sena &#8211; Braz\u00edlie &#8211; \u00darovn\u011b v\u00fdher<\/td>\n<\/tr>\n<tr>\n<td>Cena<\/td>\n<td align=\"center\">Z\u00e1pasy<\/td>\n<td align=\"center\">Kurzy<\/td>\n<\/tr>\n<tr>\n<td>1. m\u00edsto (Jackpot)<\/td>\n<td align=\"center\">6<\/td>\n<td align=\"right\">50 063 856 : 1<\/td>\n<\/tr>\n<tr>\n<td>2. m\u00edsto<\/td>\n<td align=\"center\">5<\/td>\n<td align=\"right\">154 518 : 1<\/td>\n<\/tr>\n<tr>\n<td>3.<\/td>\n<td align=\"center\">4<\/td>\n<td align=\"right\">2 332 : 1<\/td>\n<\/tr>\n<\/tbody>\n<\/table>\n","protected":false},"excerpt":{"rendered":"<p>Loterie Mega Sena S garantovan\u00fdm minim\u00e1ln\u00edm jackpotem 1,1 milionu dolar\u016f p\u0159itahuje loterie Mega Sena v Braz\u00edlii dvakr\u00e1t t\u00fddn\u011b obrovsk\u00e9 mno\u017estv\u00ed fanou\u0161k\u016f. D\u00edky mo\u017enosti z\u00edskat tikety do loterie Mega Sena online jackpoty \u010dasto stoupaj\u00ed mnohem v\u00fd\u0161e.V zemi, kter\u00e1 je celosv\u011btov\u011b zn\u00e1m\u00e1 kr\u00e1sn\u00fdmi \u017eenami na pl\u00e1\u017e\u00edch a z\u00e1bavou, brazilsk\u00e1 n\u00e1rodn\u00ed loterie Mega-Sena zvy\u0161uje vzru\u0161en\u00ed jackpoty, kter\u00e9 mohou [&hellip;]<\/p>\n","protected":false},"author":1,"featured_media":0,"parent":9271,"menu_order":8,"comment_status":"closed","ping_status":"closed","template":"","meta":{"footnotes":""},"class_list":["post-9602","page","type-page","status-publish","hentry"],"yoast_head":"<!-- This site is optimized with the Yoast SEO plugin v27.3 - https:\/\/yoast.com\/product\/yoast-seo-wordpress\/ -->\n<title>Kupte si online losy do loterie Mega Sena<\/title>\n<meta name=\"description\" content=\"Zjist\u011bte, jak m\u016f\u017eete z\u00edskat online losy do brazilsk\u00e9 loterie Mega-Sena.\" \/>\n<meta name=\"robots\" content=\"index, follow, max-snippet:-1, max-image-preview:large, max-video-preview:-1\" \/>\n<link rel=\"canonical\" href=\"https:\/\/gambling6.com\/cs\/loterie\/ziskejte-online-losy-do-loterie-mega-sena\/\" \/>\n<meta property=\"og:locale\" content=\"cs_CZ\" \/>\n<meta property=\"og:type\" content=\"article\" \/>\n<meta property=\"og:title\" content=\"Kupte si online losy do loterie Mega Sena\" \/>\n<meta property=\"og:description\" content=\"Zjist\u011bte, jak m\u016f\u017eete z\u00edskat online losy do brazilsk\u00e9 loterie Mega-Sena.\" \/>\n<meta property=\"og:url\" content=\"https:\/\/gambling6.com\/cs\/loterie\/ziskejte-online-losy-do-loterie-mega-sena\/\" \/>\n<meta property=\"og:site_name\" content=\"Gambling6\" \/>\n<meta name=\"twitter:card\" content=\"summary_large_image\" \/>\n<meta name=\"twitter:label1\" content=\"Odhadovan\u00e1 doba \u010dten\u00ed\" \/>\n\t<meta name=\"twitter:data1\" content=\"2 minuty\" \/>\n<script type=\"application\/ld+json\" class=\"yoast-schema-graph\">{\"@context\":\"https:\\\/\\\/schema.org\",\"@graph\":[{\"@type\":\"WebPage\",\"@id\":\"https:\\\/\\\/gambling6.com\\\/cs\\\/loterie\\\/ziskejte-online-losy-do-loterie-mega-sena\\\/\",\"url\":\"https:\\\/\\\/gambling6.com\\\/cs\\\/loterie\\\/ziskejte-online-losy-do-loterie-mega-sena\\\/\",\"name\":\"Kupte si online losy do loterie Mega Sena\",\"isPartOf\":{\"@id\":\"https:\\\/\\\/gambling6.com\\\/cs\\\/#website\"},\"datePublished\":\"2025-11-11T07:39:48+00:00\",\"description\":\"Zjist\u011bte, jak m\u016f\u017eete z\u00edskat online losy do brazilsk\u00e9 loterie Mega-Sena.\",\"breadcrumb\":{\"@id\":\"https:\\\/\\\/gambling6.com\\\/cs\\\/loterie\\\/ziskejte-online-losy-do-loterie-mega-sena\\\/#breadcrumb\"},\"inLanguage\":\"cs\",\"potentialAction\":[{\"@type\":\"ReadAction\",\"target\":[\"https:\\\/\\\/gambling6.com\\\/cs\\\/loterie\\\/ziskejte-online-losy-do-loterie-mega-sena\\\/\"]}]},{\"@type\":\"BreadcrumbList\",\"@id\":\"https:\\\/\\\/gambling6.com\\\/cs\\\/loterie\\\/ziskejte-online-losy-do-loterie-mega-sena\\\/#breadcrumb\",\"itemListElement\":[{\"@type\":\"ListItem\",\"position\":1,\"name\":\"Home\",\"item\":\"https:\\\/\\\/gambling6.com\\\/cs\\\/home\\\/\"},{\"@type\":\"ListItem\",\"position\":2,\"name\":\"Loterie\",\"item\":\"https:\\\/\\\/gambling6.com\\\/cs\\\/buying-international-lotto-tickets-online\\\/\"},{\"@type\":\"ListItem\",\"position\":3,\"name\":\"Z\u00edskejte online losy do loterie Mega Sena\"}]},{\"@type\":\"WebSite\",\"@id\":\"https:\\\/\\\/gambling6.com\\\/cs\\\/#website\",\"url\":\"https:\\\/\\\/gambling6.com\\\/cs\\\/\",\"name\":\"Gambling6\",\"description\":\"\",\"potentialAction\":[{\"@type\":\"SearchAction\",\"target\":{\"@type\":\"EntryPoint\",\"urlTemplate\":\"https:\\\/\\\/gambling6.com\\\/cs\\\/?s={search_term_string}\"},\"query-input\":{\"@type\":\"PropertyValueSpecification\",\"valueRequired\":true,\"valueName\":\"search_term_string\"}}],\"inLanguage\":\"cs\"}]}<\/script>\n<!-- \/ Yoast SEO plugin. -->","yoast_head_json":{"title":"Kupte si online losy do loterie Mega Sena","description":"Zjist\u011bte, jak m\u016f\u017eete z\u00edskat online losy do brazilsk\u00e9 loterie Mega-Sena.","robots":{"index":"index","follow":"follow","max-snippet":"max-snippet:-1","max-image-preview":"max-image-preview:large","max-video-preview":"max-video-preview:-1"},"canonical":"https:\/\/gambling6.com\/cs\/loterie\/ziskejte-online-losy-do-loterie-mega-sena\/","og_locale":"cs_CZ","og_type":"article","og_title":"Kupte si online losy do loterie Mega Sena","og_description":"Zjist\u011bte, jak m\u016f\u017eete z\u00edskat online losy do brazilsk\u00e9 loterie Mega-Sena.","og_url":"https:\/\/gambling6.com\/cs\/loterie\/ziskejte-online-losy-do-loterie-mega-sena\/","og_site_name":"Gambling6","twitter_card":"summary_large_image","twitter_misc":{"Odhadovan\u00e1 doba \u010dten\u00ed":"2 minuty"},"schema":{"@context":"https:\/\/schema.org","@graph":[{"@type":"WebPage","@id":"https:\/\/gambling6.com\/cs\/loterie\/ziskejte-online-losy-do-loterie-mega-sena\/","url":"https:\/\/gambling6.com\/cs\/loterie\/ziskejte-online-losy-do-loterie-mega-sena\/","name":"Kupte si online losy do loterie Mega Sena","isPartOf":{"@id":"https:\/\/gambling6.com\/cs\/#website"},"datePublished":"2025-11-11T07:39:48+00:00","description":"Zjist\u011bte, jak m\u016f\u017eete z\u00edskat online losy do brazilsk\u00e9 loterie Mega-Sena.","breadcrumb":{"@id":"https:\/\/gambling6.com\/cs\/loterie\/ziskejte-online-losy-do-loterie-mega-sena\/#breadcrumb"},"inLanguage":"cs","potentialAction":[{"@type":"ReadAction","target":["https:\/\/gambling6.com\/cs\/loterie\/ziskejte-online-losy-do-loterie-mega-sena\/"]}]},{"@type":"BreadcrumbList","@id":"https:\/\/gambling6.com\/cs\/loterie\/ziskejte-online-losy-do-loterie-mega-sena\/#breadcrumb","itemListElement":[{"@type":"ListItem","position":1,"name":"Home","item":"https:\/\/gambling6.com\/cs\/home\/"},{"@type":"ListItem","position":2,"name":"Loterie","item":"https:\/\/gambling6.com\/cs\/buying-international-lotto-tickets-online\/"},{"@type":"ListItem","position":3,"name":"Z\u00edskejte online losy do loterie Mega Sena"}]},{"@type":"WebSite","@id":"https:\/\/gambling6.com\/cs\/#website","url":"https:\/\/gambling6.com\/cs\/","name":"Gambling6","description":"","potentialAction":[{"@type":"SearchAction","target":{"@type":"EntryPoint","urlTemplate":"https:\/\/gambling6.com\/cs\/?s={search_term_string}"},"query-input":{"@type":"PropertyValueSpecification","valueRequired":true,"valueName":"search_term_string"}}],"inLanguage":"cs"}]}},"_links":{"self":[{"href":"https:\/\/gambling6.com\/cs\/wp-json\/wp\/v2\/pages\/9602","targetHints":{"allow":["GET"]}}],"collection":[{"href":"https:\/\/gambling6.com\/cs\/wp-json\/wp\/v2\/pages"}],"about":[{"href":"https:\/\/gambling6.com\/cs\/wp-json\/wp\/v2\/types\/page"}],"author":[{"embeddable":true,"href":"https:\/\/gambling6.com\/cs\/wp-json\/wp\/v2\/users\/1"}],"replies":[{"embeddable":true,"href":"https:\/\/gambling6.com\/cs\/wp-json\/wp\/v2\/comments?post=9602"}],"version-history":[{"count":0,"href":"https:\/\/gambling6.com\/cs\/wp-json\/wp\/v2\/pages\/9602\/revisions"}],"up":[{"embeddable":true,"href":"https:\/\/gambling6.com\/cs\/wp-json\/wp\/v2\/pages\/9271"}],"wp:attachment":[{"href":"https:\/\/gambling6.com\/cs\/wp-json\/wp\/v2\/media?parent=9602"}],"curies":[{"name":"wp","href":"https:\/\/api.w.org\/{rel}","templated":true}]}}