{"id":9605,"date":"2025-11-11T07:43:37","date_gmt":"2025-11-11T07:43:37","guid":{"rendered":"https:\/\/gambling6.com\/loterie\/ziskejte-online-vstupenky-na-superenalotto\/"},"modified":"2025-11-12T19:09:07","modified_gmt":"2025-11-12T19:09:07","slug":"ziskejte-online-vstupenky-na-superenalotto","status":"publish","type":"page","link":"https:\/\/gambling6.com\/cs\/loterie\/ziskejte-online-vstupenky-na-superenalotto\/","title":{"rendered":"Z\u00edskejte online vstupenky na SuperEnalotto"},"content":{"rendered":"<h2>SuperEnalotto<\/h2>\n<p>Italov\u00e9 jsou loterijn\u00ed fanatici, obzvl\u00e1\u0161t\u011b miluj\u00ed SuperEnalotto. Ka\u017ed\u00fd t\u00fdden je prodej los\u016f do t\u00e9to loterie neuv\u011b\u0159iteln\u00fd, s pravd\u011bpodobnost\u00ed v\u00fdhry v\u00edce ne\u017e 1 ku 600 milion\u016fm. <strong>N\u00e1kup online los\u016f do italsk\u00e9 loterie SuperEnalotto v\u00e1m d\u00e1v\u00e1 nejhor\u0161\u00ed mo\u017enou \u0161anci ze v\u0161ech loteri\u00ed na sv\u011bt\u011b.<\/strong> P\u0159esto se zd\u00e1, \u017ee je to hlavn\u00ed l\u00e1kadlo pro m\u00edstn\u00ed Evropany a online hr\u00e1\u010de loterie z cel\u00e9ho sv\u011bta.<\/p>\n<h2><img loading=\"lazy\" decoding=\"async\" class=\"size-full wp-image-1575 alignright\" src=\"https:\/\/gambling6.com\/wp-content\/uploads\/2022\/04\/2_ticket_superenalotto.jpg\" alt=\"losov\u00e1n\u00ed do superenalotto\" width=\"228\" height=\"300\" \/>P\u0159evod jackpot\u016f pro SuperEnalotto<\/h2>\n<p>Vzhledem k pravd\u011bpodobnosti v\u00fdhry v italsk\u00e9 loterii SuperEnalotto se jackpot pom\u011brn\u011b \u010dasto p\u0159ev\u00e1d\u00ed. V\u00fdb\u011brem \u0161esti \u010d\u00edsel z 1 do 90 z\u00edsk\u00e1te \u0161anci vyhr\u00e1t jackpot, pokud se shoduj\u00ed v\u0161ech \u0161est \u010d\u00edsel. Pokud se shoduj\u00ed pouze p\u011bt \u010d\u00edsel, bonus v\u00e1m d\u00e1 druhou v\u00fdhru. Bonusov\u00e9 \u010d\u00edslo se losuje samostatn\u011b a je zn\u00e1m\u00e9 jako jolly ball. <strong>Online hr\u00e1\u010di sp\u011bchaj\u00ed s n\u00e1kupem tiket\u016f, aby se pokusili z\u00edskat rekordn\u00ed jackpoty a\u017e do v\u00fd\u0161e 500 milion\u016f eur.<\/strong><\/p>\n<p>Italsk\u00e1 SuperEnalotto m\u00e1 t\u0159i losov\u00e1n\u00ed t\u00fddn\u011b. <b>Jackpot za\u010d\u00edn\u00e1 na 2 milionech eur a nen\u00ed divu, \u017ee lid\u00e9 maj\u00ed o hran\u00ed takov\u00fd z\u00e1jem.<\/b> Jak m\u00edstn\u00ed, tak online hr\u00e1\u010di cht\u011bj\u00ed m\u00edt kousek od t\u00e9to mezin\u00e1rodn\u00ed loterie, kter\u00e1 nab\u00edz\u00ed \u00fadajn\u011b nejvy\u0161\u0161\u00ed kurzy.<\/p>\n<p>SuperEnalotto, zaveden\u00e9 v roce 1997, v It\u00e1lii rychle upoutalo pozornost evropsk\u00fdch hr\u00e1\u010d\u016f loterie a jackpoty rostly a p\u0159ech\u00e1zely do dal\u0161\u00edch \u010d\u00edsel. Nejv\u011bt\u0161\u00ed jackpot vyhr\u00e1l jeden dr\u017eitel tiketu v roce 2010 a \u010dinil 223 milion\u016f eur. <strong>S\u00a0<\/strong><span style=\"box-sizing: border-box; margin: 0px; padding: 0px;\"><strong>v\u00edce lidmi, kte\u0159\u00ed si online kupuj\u00ed tikety na SuperEnalotto<\/strong>, m\u00e1 jackpot potenci\u00e1l je\u0161t\u011b nar\u016fst, proto\u017ee jeho velikost nen\u00ed nijak omezena<\/span>.<\/p>\n<p>Krom\u011b mo\u017enosti vyhr\u00e1t velk\u00fd jackpot se online hr\u00e1\u010di mohou z\u00fa\u010dastnit jedn\u00e9 z dal\u0161\u00edch p\u011bti dostupn\u00fdch cen. <a class=\"thirstylink\" title=\"RedFoxLotto en\" href=\"https:\/\/gambling6.com\/go\/redfoxlotto-en\/\" target=\"_blank\" rel=\"nofollow noopener\">Chcete-li z\u00edskat tikety na italsk\u00e9 SuperEnalotto prost\u0159ednictv\u00edm RedFoxLotto, klikn\u011bte sem.<\/a><\/p>\n<table style=\"width: 500px;\" border=\"1\" cellspacing=\"5\" cellpadding=\"5\" align=\"center\">\n<tbody>\n<tr>\n<td colspan=\"3\" align=\"center\">Nejlep\u0161\u00ed jackpoty roku 2013<\/td>\n<\/tr>\n<tr>\n<td>Losov\u00e1n\u00ed<\/td>\n<td align=\"center\">Datum<\/td>\n<td align=\"center\">Jackpot (USD)<\/td>\n<\/tr>\n<tr>\n<td>SuperEnalotto &#8211; It\u00e1lie<\/td>\n<td align=\"center\">29. \u010dervna 2013<\/td>\n<td align=\"right\">55 759 000 $<\/td>\n<\/tr>\n<tr>\n<td>SuperEnalotto &#8211; It\u00e1lie<\/td>\n<td align=\"center\">15. \u0159\u00edjna 2013<\/td>\n<td align=\"right\">25 124 430 $<\/td>\n<\/tr>\n<tr>\n<td>SuperEnalotto &#8211; It\u00e1lie<\/td>\n<td align=\"center\">3. \u0159\u00edjna 2013<\/td>\n<td align=\"right\">21 372 000 $<\/td>\n<\/tr>\n<tr>\n<td>SuperEnalotto &#8211; It\u00e1lie<\/td>\n<td align=\"center\">27. \u010dervence 2013<\/td>\n<td align=\"right\">19 043 000 $<\/td>\n<\/tr>\n<\/tbody>\n<\/table>\n<p>&nbsp;<\/p>\n<table style=\"width: 500px;\" border=\"1\" cellspacing=\"5\" cellpadding=\"5\" align=\"center\">\n<tbody>\n<tr>\n<td colspan=\"3\" align=\"center\">SuperEnalotto &#8211; V\u00fdhern\u00ed \u00farovn\u011b It\u00e1lie<\/td>\n<\/tr>\n<tr>\n<td>Cena<\/td>\n<td align=\"center\">Z\u00e1pasy<\/td>\n<td align=\"center\">Kurzy<\/td>\n<\/tr>\n<tr>\n<td>1. m\u00edsto (Jackpot)<\/td>\n<td align=\"center\">6<\/td>\n<td align=\"right\">622 614 630 : 1<\/td>\n<\/tr>\n<tr>\n<td>2. m\u00edsto<\/td>\n<td align=\"center\">5 + 1<\/td>\n<td align=\"right\">103 769 105 : 1<\/td>\n<\/tr>\n<tr>\n<td>3.<\/td>\n<td align=\"center\">5<\/td>\n<td align=\"right\">1 235 346 : 1<\/td>\n<\/tr>\n<tr>\n<td>4.<\/td>\n<td align=\"center\">4<\/td>\n<td align=\"right\">11 907 : 1<\/td>\n<\/tr>\n<tr>\n<td>5.<\/td>\n<td align=\"center\">3<\/td>\n<td align=\"right\">327 : 1<\/td>\n<\/tr>\n<\/tbody>\n<\/table>\n","protected":false},"excerpt":{"rendered":"<p>SuperEnalotto Italov\u00e9 jsou loterijn\u00ed fanatici, obzvl\u00e1\u0161t\u011b miluj\u00ed SuperEnalotto. Ka\u017ed\u00fd t\u00fdden je prodej los\u016f do t\u00e9to loterie neuv\u011b\u0159iteln\u00fd, s pravd\u011bpodobnost\u00ed v\u00fdhry v\u00edce ne\u017e 1 ku 600 milion\u016fm. N\u00e1kup online los\u016f do italsk\u00e9 loterie SuperEnalotto v\u00e1m d\u00e1v\u00e1 nejhor\u0161\u00ed mo\u017enou \u0161anci ze v\u0161ech loteri\u00ed na sv\u011bt\u011b. P\u0159esto se zd\u00e1, \u017ee je to hlavn\u00ed l\u00e1kadlo pro m\u00edstn\u00ed Evropany a [&hellip;]<\/p>\n","protected":false},"author":1,"featured_media":0,"parent":9271,"menu_order":7,"comment_status":"closed","ping_status":"closed","template":"","meta":{"footnotes":""},"class_list":["post-9605","page","type-page","status-publish","hentry"],"yoast_head":"<!-- This site is optimized with the Yoast SEO plugin v27.4 - https:\/\/yoast.com\/product\/yoast-seo-wordpress\/ -->\n<title>Kupte si vstupenky na SuperEnalotto online<\/title>\n<meta name=\"description\" content=\"Z\u00edskejte sv\u00e9 tikety na SuperEnalotto online u na\u0161eho partnera RedFoxLotto.\" \/>\n<meta name=\"robots\" content=\"index, follow, max-snippet:-1, max-image-preview:large, max-video-preview:-1\" \/>\n<link rel=\"canonical\" href=\"https:\/\/gambling6.com\/cs\/loterie\/ziskejte-online-vstupenky-na-superenalotto\/\" \/>\n<meta property=\"og:locale\" content=\"cs_CZ\" \/>\n<meta property=\"og:type\" content=\"article\" \/>\n<meta property=\"og:title\" content=\"Kupte si vstupenky na SuperEnalotto online\" \/>\n<meta property=\"og:description\" content=\"Z\u00edskejte sv\u00e9 tikety na SuperEnalotto online u na\u0161eho partnera RedFoxLotto.\" \/>\n<meta property=\"og:url\" content=\"https:\/\/gambling6.com\/cs\/loterie\/ziskejte-online-vstupenky-na-superenalotto\/\" \/>\n<meta property=\"og:site_name\" content=\"Gambling6\" \/>\n<meta property=\"article:modified_time\" content=\"2025-11-12T19:09:07+00:00\" \/>\n<meta property=\"og:image\" content=\"https:\/\/gambling6.com\/wp-content\/uploads\/2022\/04\/2_ticket_superenalotto.jpg\" \/>\n\t<meta property=\"og:image:width\" content=\"228\" \/>\n\t<meta property=\"og:image:height\" content=\"300\" \/>\n\t<meta property=\"og:image:type\" content=\"image\/jpeg\" \/>\n<meta name=\"twitter:card\" content=\"summary_large_image\" \/>\n<meta name=\"twitter:label1\" content=\"Odhadovan\u00e1 doba \u010dten\u00ed\" \/>\n\t<meta name=\"twitter:data1\" content=\"2 minuty\" \/>\n<script type=\"application\/ld+json\" class=\"yoast-schema-graph\">{\"@context\":\"https:\\\/\\\/schema.org\",\"@graph\":[{\"@type\":\"WebPage\",\"@id\":\"https:\\\/\\\/gambling6.com\\\/cs\\\/loterie\\\/ziskejte-online-vstupenky-na-superenalotto\\\/\",\"url\":\"https:\\\/\\\/gambling6.com\\\/cs\\\/loterie\\\/ziskejte-online-vstupenky-na-superenalotto\\\/\",\"name\":\"Kupte si vstupenky na SuperEnalotto online\",\"isPartOf\":{\"@id\":\"https:\\\/\\\/gambling6.com\\\/cs\\\/#website\"},\"primaryImageOfPage\":{\"@id\":\"https:\\\/\\\/gambling6.com\\\/cs\\\/loterie\\\/ziskejte-online-vstupenky-na-superenalotto\\\/#primaryimage\"},\"image\":{\"@id\":\"https:\\\/\\\/gambling6.com\\\/cs\\\/loterie\\\/ziskejte-online-vstupenky-na-superenalotto\\\/#primaryimage\"},\"thumbnailUrl\":\"https:\\\/\\\/gambling6.com\\\/wp-content\\\/uploads\\\/2022\\\/04\\\/2_ticket_superenalotto.jpg\",\"datePublished\":\"2025-11-11T07:43:37+00:00\",\"dateModified\":\"2025-11-12T19:09:07+00:00\",\"description\":\"Z\u00edskejte sv\u00e9 tikety na SuperEnalotto online u na\u0161eho partnera RedFoxLotto.\",\"breadcrumb\":{\"@id\":\"https:\\\/\\\/gambling6.com\\\/cs\\\/loterie\\\/ziskejte-online-vstupenky-na-superenalotto\\\/#breadcrumb\"},\"inLanguage\":\"cs\",\"potentialAction\":[{\"@type\":\"ReadAction\",\"target\":[\"https:\\\/\\\/gambling6.com\\\/cs\\\/loterie\\\/ziskejte-online-vstupenky-na-superenalotto\\\/\"]}]},{\"@type\":\"ImageObject\",\"inLanguage\":\"cs\",\"@id\":\"https:\\\/\\\/gambling6.com\\\/cs\\\/loterie\\\/ziskejte-online-vstupenky-na-superenalotto\\\/#primaryimage\",\"url\":\"https:\\\/\\\/gambling6.com\\\/wp-content\\\/uploads\\\/2022\\\/04\\\/2_ticket_superenalotto.jpg\",\"contentUrl\":\"https:\\\/\\\/gambling6.com\\\/wp-content\\\/uploads\\\/2022\\\/04\\\/2_ticket_superenalotto.jpg\"},{\"@type\":\"BreadcrumbList\",\"@id\":\"https:\\\/\\\/gambling6.com\\\/cs\\\/loterie\\\/ziskejte-online-vstupenky-na-superenalotto\\\/#breadcrumb\",\"itemListElement\":[{\"@type\":\"ListItem\",\"position\":1,\"name\":\"Home\",\"item\":\"https:\\\/\\\/gambling6.com\\\/cs\\\/home\\\/\"},{\"@type\":\"ListItem\",\"position\":2,\"name\":\"Loterie\",\"item\":\"https:\\\/\\\/gambling6.com\\\/cs\\\/buying-international-lotto-tickets-online\\\/\"},{\"@type\":\"ListItem\",\"position\":3,\"name\":\"Z\u00edskejte online vstupenky na SuperEnalotto\"}]},{\"@type\":\"WebSite\",\"@id\":\"https:\\\/\\\/gambling6.com\\\/cs\\\/#website\",\"url\":\"https:\\\/\\\/gambling6.com\\\/cs\\\/\",\"name\":\"Gambling6\",\"description\":\"\",\"potentialAction\":[{\"@type\":\"SearchAction\",\"target\":{\"@type\":\"EntryPoint\",\"urlTemplate\":\"https:\\\/\\\/gambling6.com\\\/cs\\\/?s={search_term_string}\"},\"query-input\":{\"@type\":\"PropertyValueSpecification\",\"valueRequired\":true,\"valueName\":\"search_term_string\"}}],\"inLanguage\":\"cs\"}]}<\/script>\n<!-- \/ Yoast SEO plugin. -->","yoast_head_json":{"title":"Kupte si vstupenky na SuperEnalotto online","description":"Z\u00edskejte sv\u00e9 tikety na SuperEnalotto online u na\u0161eho partnera RedFoxLotto.","robots":{"index":"index","follow":"follow","max-snippet":"max-snippet:-1","max-image-preview":"max-image-preview:large","max-video-preview":"max-video-preview:-1"},"canonical":"https:\/\/gambling6.com\/cs\/loterie\/ziskejte-online-vstupenky-na-superenalotto\/","og_locale":"cs_CZ","og_type":"article","og_title":"Kupte si vstupenky na SuperEnalotto online","og_description":"Z\u00edskejte sv\u00e9 tikety na SuperEnalotto online u na\u0161eho partnera RedFoxLotto.","og_url":"https:\/\/gambling6.com\/cs\/loterie\/ziskejte-online-vstupenky-na-superenalotto\/","og_site_name":"Gambling6","article_modified_time":"2025-11-12T19:09:07+00:00","og_image":[{"width":228,"height":300,"url":"https:\/\/gambling6.com\/wp-content\/uploads\/2022\/04\/2_ticket_superenalotto.jpg","type":"image\/jpeg"}],"twitter_card":"summary_large_image","twitter_misc":{"Odhadovan\u00e1 doba \u010dten\u00ed":"2 minuty"},"schema":{"@context":"https:\/\/schema.org","@graph":[{"@type":"WebPage","@id":"https:\/\/gambling6.com\/cs\/loterie\/ziskejte-online-vstupenky-na-superenalotto\/","url":"https:\/\/gambling6.com\/cs\/loterie\/ziskejte-online-vstupenky-na-superenalotto\/","name":"Kupte si vstupenky na SuperEnalotto online","isPartOf":{"@id":"https:\/\/gambling6.com\/cs\/#website"},"primaryImageOfPage":{"@id":"https:\/\/gambling6.com\/cs\/loterie\/ziskejte-online-vstupenky-na-superenalotto\/#primaryimage"},"image":{"@id":"https:\/\/gambling6.com\/cs\/loterie\/ziskejte-online-vstupenky-na-superenalotto\/#primaryimage"},"thumbnailUrl":"https:\/\/gambling6.com\/wp-content\/uploads\/2022\/04\/2_ticket_superenalotto.jpg","datePublished":"2025-11-11T07:43:37+00:00","dateModified":"2025-11-12T19:09:07+00:00","description":"Z\u00edskejte sv\u00e9 tikety na SuperEnalotto online u na\u0161eho partnera RedFoxLotto.","breadcrumb":{"@id":"https:\/\/gambling6.com\/cs\/loterie\/ziskejte-online-vstupenky-na-superenalotto\/#breadcrumb"},"inLanguage":"cs","potentialAction":[{"@type":"ReadAction","target":["https:\/\/gambling6.com\/cs\/loterie\/ziskejte-online-vstupenky-na-superenalotto\/"]}]},{"@type":"ImageObject","inLanguage":"cs","@id":"https:\/\/gambling6.com\/cs\/loterie\/ziskejte-online-vstupenky-na-superenalotto\/#primaryimage","url":"https:\/\/gambling6.com\/wp-content\/uploads\/2022\/04\/2_ticket_superenalotto.jpg","contentUrl":"https:\/\/gambling6.com\/wp-content\/uploads\/2022\/04\/2_ticket_superenalotto.jpg"},{"@type":"BreadcrumbList","@id":"https:\/\/gambling6.com\/cs\/loterie\/ziskejte-online-vstupenky-na-superenalotto\/#breadcrumb","itemListElement":[{"@type":"ListItem","position":1,"name":"Home","item":"https:\/\/gambling6.com\/cs\/home\/"},{"@type":"ListItem","position":2,"name":"Loterie","item":"https:\/\/gambling6.com\/cs\/buying-international-lotto-tickets-online\/"},{"@type":"ListItem","position":3,"name":"Z\u00edskejte online vstupenky na SuperEnalotto"}]},{"@type":"WebSite","@id":"https:\/\/gambling6.com\/cs\/#website","url":"https:\/\/gambling6.com\/cs\/","name":"Gambling6","description":"","potentialAction":[{"@type":"SearchAction","target":{"@type":"EntryPoint","urlTemplate":"https:\/\/gambling6.com\/cs\/?s={search_term_string}"},"query-input":{"@type":"PropertyValueSpecification","valueRequired":true,"valueName":"search_term_string"}}],"inLanguage":"cs"}]}},"_links":{"self":[{"href":"https:\/\/gambling6.com\/cs\/wp-json\/wp\/v2\/pages\/9605","targetHints":{"allow":["GET"]}}],"collection":[{"href":"https:\/\/gambling6.com\/cs\/wp-json\/wp\/v2\/pages"}],"about":[{"href":"https:\/\/gambling6.com\/cs\/wp-json\/wp\/v2\/types\/page"}],"author":[{"embeddable":true,"href":"https:\/\/gambling6.com\/cs\/wp-json\/wp\/v2\/users\/1"}],"replies":[{"embeddable":true,"href":"https:\/\/gambling6.com\/cs\/wp-json\/wp\/v2\/comments?post=9605"}],"version-history":[{"count":1,"href":"https:\/\/gambling6.com\/cs\/wp-json\/wp\/v2\/pages\/9605\/revisions"}],"predecessor-version":[{"id":10797,"href":"https:\/\/gambling6.com\/cs\/wp-json\/wp\/v2\/pages\/9605\/revisions\/10797"}],"up":[{"embeddable":true,"href":"https:\/\/gambling6.com\/cs\/wp-json\/wp\/v2\/pages\/9271"}],"wp:attachment":[{"href":"https:\/\/gambling6.com\/cs\/wp-json\/wp\/v2\/media?parent=9605"}],"curies":[{"name":"wp","href":"https:\/\/api.w.org\/{rel}","templated":true}]}}