{"id":9608,"date":"2025-11-11T07:47:40","date_gmt":"2025-11-11T07:47:40","guid":{"rendered":"https:\/\/gambling6.com\/loterie\/ziskejte-online-tikety-do-britske-narodni-loterie\/"},"modified":"2025-11-12T19:01:41","modified_gmt":"2025-11-12T19:01:41","slug":"ziskejte-online-tikety-do-britske-narodni-loterie","status":"publish","type":"page","link":"https:\/\/gambling6.com\/cs\/loterie\/ziskejte-online-tikety-do-britske-narodni-loterie\/","title":{"rendered":"Z\u00edskejte online tikety do britsk\u00e9 n\u00e1rodn\u00ed loterie"},"content":{"rendered":"<h2>L\u00edstky do Britsk\u00e9 n\u00e1rodn\u00ed loterie na internetu<\/h2>\n<p><strong style=\"background-color: initial;\">Online l\u00edstek do Britsk\u00e9 n\u00e1rodn\u00ed loterie se stane sou\u010d\u00e1st\u00ed obl\u00edben\u00e9 britsk\u00e9 loterie.<\/strong><span style=\"background-color: initial;\"> Prodej l\u00edstk\u016f, online i lok\u00e1ln\u011b, dosahuje p\u0159ibli\u017en\u011b 50 000 000 kus\u016f na jedno losov\u00e1n\u00ed. S l\u00edstekem m\u00e1te \u0161anci 1 ku 56 vyhr\u00e1t 25 liber, co\u017e je vstupn\u00ed cena v Britsk\u00e9 n\u00e1rodn\u00ed loterii.<\/span><\/p>\n<p>Chcete-li hr\u00e1t tuto loterii, vyberete si \u0161est hlavn\u00edch \u010d\u00edsel od jedn\u00e9 do 49. Chcete-li vyhr\u00e1t jackpot, sta\u010d\u00ed uhodnout \u0161est \u010d\u00edsel. <strong>\u0160ance na v\u00fdhru v Britsk\u00e9 n\u00e1rodn\u00ed loterii je p\u0159ibli\u017en\u011b 1 ku 14 milion\u016fm.<\/strong> Tato \u0161ance je mnohem lep\u0161\u00ed ne\u017e snaha vyhr\u00e1t Euromillions; Ve skute\u010dnosti je asi desetkr\u00e1t v\u011bt\u0161\u00ed pravd\u011bpodobnost, \u017ee vyhrajete.<\/p>\n<p>Ka\u017edou st\u0159edu a sobotu prudce stoup\u00e1 prodej los\u016f, proto\u017ee m\u00edstn\u00ed Britov\u00e9 a mezin\u00e1rodn\u00ed hr\u00e1\u010di online loterie si kupuj\u00ed losy, aby vyhr\u00e1li jackpot, kter\u00fd t\u00e9m\u011b\u0159 v\u017edy p\u0159esahuje 5 milion\u016f liber. Zat\u00edmco 45 % prodeje los\u016f je zaru\u010deno do prize poolu, od zaveden\u00ed t\u00e9to loterie v roce 1994 bylo na charitativn\u00ed \u00fa\u010dely ve Spojen\u00e9m kr\u00e1lovstv\u00ed i v zahrani\u010d\u00ed v\u011bnov\u00e1no v\u00edce ne\u017e 42 miliard liber.<\/p>\n<p><img loading=\"lazy\" decoding=\"async\" class=\"size-medium wp-image-1371 alignright\" src=\"https:\/\/gambling6.com\/wp-content\/uploads\/2022\/04\/2_ticket_uk_lottery-192x300.jpg\" alt=\"tiket N\u00e1rodn\u00ed loterie UK\" width=\"192\" height=\"300\" srcset=\"https:\/\/gambling6.com\/wp-content\/uploads\/2022\/04\/2_ticket_uk_lottery-192x300.jpg 192w, https:\/\/gambling6.com\/wp-content\/uploads\/2022\/04\/2_ticket_uk_lottery.jpg 564w\" sizes=\"auto, (max-width: 192px) 100vw, 192px\" \/>Kdy\u017e se tato loterie losuje v sobotu a ve st\u0159edu v Lond\u00fdn\u011b, publikum sv\u00edraj\u00edc\u00ed tikety v dlan\u00edch je pom\u011brn\u011b velk\u00e9. Lid\u00e9 se hrnou k televizi v m\u00edstn\u00edch hospod\u00e1ch v nad\u011bji, \u017ee vyhraj\u00ed 5 milion\u016f liber. Nav\u00edc, pokud jackpot nen\u00ed vyhran\u00fd, p\u0159enese se do dal\u0161\u00edho losov\u00e1n\u00ed. <a class=\"thirstylink\" title=\"RedFoxLotto en\" href=\"https:\/\/gambling6.com\/go\/redfoxlotto-en\/\" target=\"_blank\" rel=\"nofollow noopener\">Z\u00edskejte sv\u016fj online tiket a \u0161anci vyhr\u00e1t v\u00fdhru do britsk\u00e9 n\u00e1rodn\u00ed loterie na str\u00e1nk\u00e1ch na\u0161eho partnera RedFoxLotto.<\/a><\/p>\n<table style=\"width: 500px;\" border=\"1\" cellspacing=\"5\" cellpadding=\"5\" align=\"center\">\n<tbody>\n<tr>\n<td colspan=\"3\" align=\"center\">P\u011bt nejlep\u0161\u00edch jackpot\u016f roku 2013<\/td>\n<\/tr>\n<tr>\n<td>Losov\u00e1n\u00ed<\/td>\n<td align=\"center\">Datum<\/td>\n<td align=\"center\">Jackpot (USD)<\/td>\n<\/tr>\n<tr>\n<td>N\u00e1rodn\u00ed loterie &#8211; Spojen\u00e9 kr\u00e1lovstv\u00ed<\/td>\n<td align=\"center\">5. \u0159\u00edjna 2013<\/td>\n<td style=\"text-align: center;\" align=\"right\">16 500 000 $<\/td>\n<\/tr>\n<tr>\n<td>N\u00e1rodn\u00ed loterie &#8211; Spojen\u00e9 kr\u00e1lovstv\u00ed<\/td>\n<td align=\"center\">12. \u0159\u00edjna 2013<\/td>\n<td align=\"right\">16 500 000 $<\/td>\n<\/tr>\n<tr>\n<td>N\u00e1rodn\u00ed loterie &#8211; Spojen\u00e9 kr\u00e1lovstv\u00ed<\/td>\n<td align=\"center\">18. z\u00e1\u0159\u00ed 2013<\/td>\n<td align=\"right\">14 025 000 $<\/td>\n<\/tr>\n<tr>\n<td>N\u00e1rodn\u00ed loterie &#8211; Spojen\u00e9 kr\u00e1lovstv\u00ed<\/td>\n<td align=\"center\">18. prosince 2013<\/td>\n<td align=\"right\">13 173 600 $<\/td>\n<\/tr>\n<tr>\n<td>N\u00e1rodn\u00ed loterie &#8211; Spojen\u00e9 kr\u00e1lovstv\u00ed<\/td>\n<td align=\"center\">2. listopadu 2013<\/td>\n<td align=\"right\">13 134 000 USD<\/td>\n<\/tr>\n<\/tbody>\n<\/table>\n<p>&nbsp;<\/p>\n<table style=\"width: 500px;\" border=\"1\" cellspacing=\"5\" cellpadding=\"5\" align=\"center\">\n<tbody>\n<tr>\n<td colspan=\"3\" align=\"center\">\u00darovn\u011b v\u00fdher britsk\u00e9 n\u00e1rodn\u00ed loterie<\/td>\n<\/tr>\n<tr>\n<td>Cena<\/td>\n<td align=\"center\">Z\u00e1pasy<\/td>\n<td align=\"center\">Kurzy<\/td>\n<\/tr>\n<tr>\n<td>1. m\u00edsto (Jackpot)<\/td>\n<td style=\"text-align: center;\" align=\"center\">6<\/td>\n<td align=\"right\">13 983 816 : 1<\/td>\n<\/tr>\n<tr>\n<td>2.<\/td>\n<td align=\"center\">5 + 1<\/td>\n<td align=\"right\">2 330 636 : 1<\/td>\n<\/tr>\n<tr>\n<td>3.<\/td>\n<td align=\"center\">5<\/td>\n<td align=\"right\">55 492 : 1<\/td>\n<\/tr>\n<tr>\n<td>4.<\/td>\n<td align=\"center\">4<\/td>\n<td align=\"right\">1 033 : 1<\/td>\n<\/tr>\n<tr>\n<td>5.<\/td>\n<td align=\"center\">3<\/td>\n<td align=\"right\">57 : 1<\/td>\n<\/tr>\n<\/tbody>\n<\/table>\n","protected":false},"excerpt":{"rendered":"<p>L\u00edstky do Britsk\u00e9 n\u00e1rodn\u00ed loterie na internetu Online l\u00edstek do Britsk\u00e9 n\u00e1rodn\u00ed loterie se stane sou\u010d\u00e1st\u00ed obl\u00edben\u00e9 britsk\u00e9 loterie. Prodej l\u00edstk\u016f, online i lok\u00e1ln\u011b, dosahuje p\u0159ibli\u017en\u011b 50 000 000 kus\u016f na jedno losov\u00e1n\u00ed. S l\u00edstekem m\u00e1te \u0161anci 1 ku 56 vyhr\u00e1t 25 liber, co\u017e je vstupn\u00ed cena v Britsk\u00e9 n\u00e1rodn\u00ed loterii. Chcete-li hr\u00e1t tuto loterii, [&hellip;]<\/p>\n","protected":false},"author":1,"featured_media":0,"parent":9271,"menu_order":6,"comment_status":"closed","ping_status":"closed","template":"","meta":{"footnotes":""},"class_list":["post-9608","page","type-page","status-publish","hentry"],"yoast_head":"<!-- This site is optimized with the Yoast SEO plugin v27.5 - https:\/\/yoast.com\/product\/yoast-seo-wordpress\/ -->\n<title>Kupte si online losy do britsk\u00e9 n\u00e1rodn\u00ed loterie<\/title>\n<meta name=\"description\" content=\"Z\u00fa\u010dastn\u011bte se britsk\u00e9 n\u00e1rodn\u00ed loterie a po\u0159i\u010fte si losy online.\" \/>\n<meta name=\"robots\" content=\"index, follow, max-snippet:-1, max-image-preview:large, max-video-preview:-1\" \/>\n<link rel=\"canonical\" href=\"https:\/\/gambling6.com\/cs\/loterie\/ziskejte-online-tikety-do-britske-narodni-loterie\/\" \/>\n<meta property=\"og:locale\" content=\"cs_CZ\" \/>\n<meta property=\"og:type\" content=\"article\" \/>\n<meta property=\"og:title\" content=\"Kupte si online losy do britsk\u00e9 n\u00e1rodn\u00ed loterie\" \/>\n<meta property=\"og:description\" content=\"Z\u00fa\u010dastn\u011bte se britsk\u00e9 n\u00e1rodn\u00ed loterie a po\u0159i\u010fte si losy online.\" \/>\n<meta property=\"og:url\" content=\"https:\/\/gambling6.com\/cs\/loterie\/ziskejte-online-tikety-do-britske-narodni-loterie\/\" \/>\n<meta property=\"og:site_name\" content=\"Gambling6\" \/>\n<meta property=\"article:modified_time\" content=\"2025-11-12T19:01:41+00:00\" \/>\n<meta property=\"og:image\" content=\"https:\/\/gambling6.com\/wp-content\/uploads\/2022\/04\/2_ticket_uk_lottery.jpg\" \/>\n\t<meta property=\"og:image:width\" content=\"564\" \/>\n\t<meta property=\"og:image:height\" content=\"883\" \/>\n\t<meta property=\"og:image:type\" content=\"image\/jpeg\" \/>\n<meta name=\"twitter:card\" content=\"summary_large_image\" \/>\n<meta name=\"twitter:label1\" content=\"Odhadovan\u00e1 doba \u010dten\u00ed\" \/>\n\t<meta name=\"twitter:data1\" content=\"2 minuty\" \/>\n<script type=\"application\/ld+json\" class=\"yoast-schema-graph\">{\"@context\":\"https:\\\/\\\/schema.org\",\"@graph\":[{\"@type\":\"WebPage\",\"@id\":\"https:\\\/\\\/gambling6.com\\\/cs\\\/loterie\\\/ziskejte-online-tikety-do-britske-narodni-loterie\\\/\",\"url\":\"https:\\\/\\\/gambling6.com\\\/cs\\\/loterie\\\/ziskejte-online-tikety-do-britske-narodni-loterie\\\/\",\"name\":\"Kupte si online losy do britsk\u00e9 n\u00e1rodn\u00ed loterie\",\"isPartOf\":{\"@id\":\"https:\\\/\\\/gambling6.com\\\/cs\\\/#website\"},\"primaryImageOfPage\":{\"@id\":\"https:\\\/\\\/gambling6.com\\\/cs\\\/loterie\\\/ziskejte-online-tikety-do-britske-narodni-loterie\\\/#primaryimage\"},\"image\":{\"@id\":\"https:\\\/\\\/gambling6.com\\\/cs\\\/loterie\\\/ziskejte-online-tikety-do-britske-narodni-loterie\\\/#primaryimage\"},\"thumbnailUrl\":\"https:\\\/\\\/gambling6.com\\\/wp-content\\\/uploads\\\/2022\\\/04\\\/2_ticket_uk_lottery-192x300.jpg\",\"datePublished\":\"2025-11-11T07:47:40+00:00\",\"dateModified\":\"2025-11-12T19:01:41+00:00\",\"description\":\"Z\u00fa\u010dastn\u011bte se britsk\u00e9 n\u00e1rodn\u00ed loterie a po\u0159i\u010fte si losy online.\",\"breadcrumb\":{\"@id\":\"https:\\\/\\\/gambling6.com\\\/cs\\\/loterie\\\/ziskejte-online-tikety-do-britske-narodni-loterie\\\/#breadcrumb\"},\"inLanguage\":\"cs\",\"potentialAction\":[{\"@type\":\"ReadAction\",\"target\":[\"https:\\\/\\\/gambling6.com\\\/cs\\\/loterie\\\/ziskejte-online-tikety-do-britske-narodni-loterie\\\/\"]}]},{\"@type\":\"ImageObject\",\"inLanguage\":\"cs\",\"@id\":\"https:\\\/\\\/gambling6.com\\\/cs\\\/loterie\\\/ziskejte-online-tikety-do-britske-narodni-loterie\\\/#primaryimage\",\"url\":\"https:\\\/\\\/gambling6.com\\\/wp-content\\\/uploads\\\/2022\\\/04\\\/2_ticket_uk_lottery-192x300.jpg\",\"contentUrl\":\"https:\\\/\\\/gambling6.com\\\/wp-content\\\/uploads\\\/2022\\\/04\\\/2_ticket_uk_lottery-192x300.jpg\"},{\"@type\":\"BreadcrumbList\",\"@id\":\"https:\\\/\\\/gambling6.com\\\/cs\\\/loterie\\\/ziskejte-online-tikety-do-britske-narodni-loterie\\\/#breadcrumb\",\"itemListElement\":[{\"@type\":\"ListItem\",\"position\":1,\"name\":\"Home\",\"item\":\"https:\\\/\\\/gambling6.com\\\/cs\\\/home\\\/\"},{\"@type\":\"ListItem\",\"position\":2,\"name\":\"Loterie\",\"item\":\"https:\\\/\\\/gambling6.com\\\/cs\\\/buying-international-lotto-tickets-online\\\/\"},{\"@type\":\"ListItem\",\"position\":3,\"name\":\"Z\u00edskejte online tikety do britsk\u00e9 n\u00e1rodn\u00ed loterie\"}]},{\"@type\":\"WebSite\",\"@id\":\"https:\\\/\\\/gambling6.com\\\/cs\\\/#website\",\"url\":\"https:\\\/\\\/gambling6.com\\\/cs\\\/\",\"name\":\"Gambling6\",\"description\":\"\",\"potentialAction\":[{\"@type\":\"SearchAction\",\"target\":{\"@type\":\"EntryPoint\",\"urlTemplate\":\"https:\\\/\\\/gambling6.com\\\/cs\\\/?s={search_term_string}\"},\"query-input\":{\"@type\":\"PropertyValueSpecification\",\"valueRequired\":true,\"valueName\":\"search_term_string\"}}],\"inLanguage\":\"cs\"}]}<\/script>\n<!-- \/ Yoast SEO plugin. -->","yoast_head_json":{"title":"Kupte si online losy do britsk\u00e9 n\u00e1rodn\u00ed loterie","description":"Z\u00fa\u010dastn\u011bte se britsk\u00e9 n\u00e1rodn\u00ed loterie a po\u0159i\u010fte si losy online.","robots":{"index":"index","follow":"follow","max-snippet":"max-snippet:-1","max-image-preview":"max-image-preview:large","max-video-preview":"max-video-preview:-1"},"canonical":"https:\/\/gambling6.com\/cs\/loterie\/ziskejte-online-tikety-do-britske-narodni-loterie\/","og_locale":"cs_CZ","og_type":"article","og_title":"Kupte si online losy do britsk\u00e9 n\u00e1rodn\u00ed loterie","og_description":"Z\u00fa\u010dastn\u011bte se britsk\u00e9 n\u00e1rodn\u00ed loterie a po\u0159i\u010fte si losy online.","og_url":"https:\/\/gambling6.com\/cs\/loterie\/ziskejte-online-tikety-do-britske-narodni-loterie\/","og_site_name":"Gambling6","article_modified_time":"2025-11-12T19:01:41+00:00","og_image":[{"width":564,"height":883,"url":"https:\/\/gambling6.com\/wp-content\/uploads\/2022\/04\/2_ticket_uk_lottery.jpg","type":"image\/jpeg"}],"twitter_card":"summary_large_image","twitter_misc":{"Odhadovan\u00e1 doba \u010dten\u00ed":"2 minuty"},"schema":{"@context":"https:\/\/schema.org","@graph":[{"@type":"WebPage","@id":"https:\/\/gambling6.com\/cs\/loterie\/ziskejte-online-tikety-do-britske-narodni-loterie\/","url":"https:\/\/gambling6.com\/cs\/loterie\/ziskejte-online-tikety-do-britske-narodni-loterie\/","name":"Kupte si online losy do britsk\u00e9 n\u00e1rodn\u00ed loterie","isPartOf":{"@id":"https:\/\/gambling6.com\/cs\/#website"},"primaryImageOfPage":{"@id":"https:\/\/gambling6.com\/cs\/loterie\/ziskejte-online-tikety-do-britske-narodni-loterie\/#primaryimage"},"image":{"@id":"https:\/\/gambling6.com\/cs\/loterie\/ziskejte-online-tikety-do-britske-narodni-loterie\/#primaryimage"},"thumbnailUrl":"https:\/\/gambling6.com\/wp-content\/uploads\/2022\/04\/2_ticket_uk_lottery-192x300.jpg","datePublished":"2025-11-11T07:47:40+00:00","dateModified":"2025-11-12T19:01:41+00:00","description":"Z\u00fa\u010dastn\u011bte se britsk\u00e9 n\u00e1rodn\u00ed loterie a po\u0159i\u010fte si losy online.","breadcrumb":{"@id":"https:\/\/gambling6.com\/cs\/loterie\/ziskejte-online-tikety-do-britske-narodni-loterie\/#breadcrumb"},"inLanguage":"cs","potentialAction":[{"@type":"ReadAction","target":["https:\/\/gambling6.com\/cs\/loterie\/ziskejte-online-tikety-do-britske-narodni-loterie\/"]}]},{"@type":"ImageObject","inLanguage":"cs","@id":"https:\/\/gambling6.com\/cs\/loterie\/ziskejte-online-tikety-do-britske-narodni-loterie\/#primaryimage","url":"https:\/\/gambling6.com\/wp-content\/uploads\/2022\/04\/2_ticket_uk_lottery-192x300.jpg","contentUrl":"https:\/\/gambling6.com\/wp-content\/uploads\/2022\/04\/2_ticket_uk_lottery-192x300.jpg"},{"@type":"BreadcrumbList","@id":"https:\/\/gambling6.com\/cs\/loterie\/ziskejte-online-tikety-do-britske-narodni-loterie\/#breadcrumb","itemListElement":[{"@type":"ListItem","position":1,"name":"Home","item":"https:\/\/gambling6.com\/cs\/home\/"},{"@type":"ListItem","position":2,"name":"Loterie","item":"https:\/\/gambling6.com\/cs\/buying-international-lotto-tickets-online\/"},{"@type":"ListItem","position":3,"name":"Z\u00edskejte online tikety do britsk\u00e9 n\u00e1rodn\u00ed loterie"}]},{"@type":"WebSite","@id":"https:\/\/gambling6.com\/cs\/#website","url":"https:\/\/gambling6.com\/cs\/","name":"Gambling6","description":"","potentialAction":[{"@type":"SearchAction","target":{"@type":"EntryPoint","urlTemplate":"https:\/\/gambling6.com\/cs\/?s={search_term_string}"},"query-input":{"@type":"PropertyValueSpecification","valueRequired":true,"valueName":"search_term_string"}}],"inLanguage":"cs"}]}},"_links":{"self":[{"href":"https:\/\/gambling6.com\/cs\/wp-json\/wp\/v2\/pages\/9608","targetHints":{"allow":["GET"]}}],"collection":[{"href":"https:\/\/gambling6.com\/cs\/wp-json\/wp\/v2\/pages"}],"about":[{"href":"https:\/\/gambling6.com\/cs\/wp-json\/wp\/v2\/types\/page"}],"author":[{"embeddable":true,"href":"https:\/\/gambling6.com\/cs\/wp-json\/wp\/v2\/users\/1"}],"replies":[{"embeddable":true,"href":"https:\/\/gambling6.com\/cs\/wp-json\/wp\/v2\/comments?post=9608"}],"version-history":[{"count":1,"href":"https:\/\/gambling6.com\/cs\/wp-json\/wp\/v2\/pages\/9608\/revisions"}],"predecessor-version":[{"id":10789,"href":"https:\/\/gambling6.com\/cs\/wp-json\/wp\/v2\/pages\/9608\/revisions\/10789"}],"up":[{"embeddable":true,"href":"https:\/\/gambling6.com\/cs\/wp-json\/wp\/v2\/pages\/9271"}],"wp:attachment":[{"href":"https:\/\/gambling6.com\/cs\/wp-json\/wp\/v2\/media?parent=9608"}],"curies":[{"name":"wp","href":"https:\/\/api.w.org\/{rel}","templated":true}]}}