{"id":10992,"date":"2025-11-17T10:42:01","date_gmt":"2025-11-17T10:42:01","guid":{"rendered":"https:\/\/gambling6.com\/?page_id=10992"},"modified":"2025-11-17T10:42:01","modified_gmt":"2025-11-17T10:42:01","slug":"888-casino-anmeldelse","status":"publish","type":"page","link":"https:\/\/gambling6.com\/da\/888-casino-anmeldelse\/","title":{"rendered":"888 Casino anmeldelse"},"content":{"rendered":"<h2>Ikke bare en rouletteside &#8211; 888 Casino<\/h2>\n<p>888 online casino er et etableret brand i spilbranchen. Dette online casino tilbyder b\u00e5de et fantastisk Flash-baseret casino, der indl\u00e6ses hurtigt i din browser, og muligheden for at downloade spilsoftware for at f\u00e5 adgang til spillene. Spillere foretr\u00e6kker downloadversionen, da den giver et ensartet udseende og f\u00f8lelse i alle spillene.<br \/>\n<a href=\"https:\/\/ic.aff-handler.com\/C\/45871?sr=1064399&amp;anid=\" rel=\"nofollow\"><img decoding=\"async\" class=\"aligncenter\" src=\"https:\/\/ic.aff-handler.com\/I\/45871?sr=1064399&amp;anid=\" \/><\/a><\/p>\n<h2>888 Roulette-spil<\/h2>\n<p>Lige fra europ\u00e6isk roulette til 3D-roulette kan du nyde alle typer roulette, du har i tankerne, p\u00e5 dette casino. Der er ogs\u00e5 gratis roulettespil, hvor du kan l\u00e6re spillets regler, hvis du er ny i spillet. Casinoets hovedattraktion er live roulette. Du kan v\u00e6lge mellem tre borde med et enkelt nul: Europ\u00e6isk, Fransk og Venezia Roulette (italiensktalende dealer).<\/p>\n<p>Indsatsomr\u00e5det starter fra 1 til maksimalt 200. De accepterede valutaer er USD, Euro og GBP. Spillet tilbyder spillerne en fantastisk \u00e6stetik. Det bedste er, at spillerne kan spille det i browseren uden at downloade software. Der er to visninger af spillet: den klassiske og 3D-visningen. Spillet har alt, hvad enhver roulettefan kunne \u00f8nske sig.<\/p>\n<p>Men udover roulettespillene finder du alle slags online spil for penge her. Poker, Sportsbook, Bingo, Skrabelodder, Spilleautomater, Blackjack &#8211; you name it, de har det!<\/p>\n<h2>888 sikkerhed<\/h2>\n<p>Dette casino med hoveds\u00e6de i Gibraltar tager beskyttelsen af \u200b\u200bsine medlemmers personlige oplysninger meget alvorligt. De f\u00f8lger strenge sikkerhedsprotokoller for at beskytte data og information mod cyberkriminelle angreb. Casinoet er stolt af at have forskellige sikkerhedscertificeringer. De tilbyder 20 indbetalingsmetoder, inklusive de mest betroede navne i branchen, s\u00e5som Visa og Neteller. Casinoet skal opretholde et h\u00f8jt sikkerhedsniveau, da spillere skal freml\u00e6gge verifikationsdokumenter for at forhindre svindel, og informationen er f\u00f8lsom. Med s\u00e5danne ekstraordin\u00e6re sikkerhedsforanstaltninger kan spillere nyde spillet uden bekymringer.<\/p>\n<h2>888 Casino Bonusser og Kampagner<\/h2>\n<p>Udover spillene er det n\u00e6ste, som de fleste casinospillere er interesserede i, bonusser og kampagner. 888 tilbyder fantastiske kampagner med j\u00e6vne mellemrum. De giver en gener\u00f8s tilmeldingsbonus til alle nye spillere. Du kan frit bruge den i enhver casinospilsektion. N\u00e5r du spiller roulette f\u00f8rste gang, vil du blive budt velkommen med en tilmeldingsbonus p\u00e5 \u20ac1500. Casinoet har ogs\u00e5 en henvisningskampagne, hvor du kan optjene bel\u00f8nninger ved at invitere venner til at deltage. Samlet set er 888 Casino et sjovt sted at v\u00e6re for enhver roulette-entusiast. Enhver spillefan kan nyde og have det sjovt p\u00e5 dette casino!<\/p>\n","protected":false},"excerpt":{"rendered":"<p>Ikke bare en rouletteside &#8211; 888 Casino 888 online casino er et etableret brand i spilbranchen. Dette online casino tilbyder b\u00e5de et fantastisk Flash-baseret casino, der indl\u00e6ses hurtigt i din browser, og muligheden for at downloade spilsoftware for at f\u00e5 adgang til spillene. Spillere foretr\u00e6kker downloadversionen, da den giver et ensartet udseende og f\u00f8lelse i [&hellip;]<\/p>\n","protected":false},"author":1,"featured_media":0,"parent":0,"menu_order":3,"comment_status":"closed","ping_status":"closed","template":"","meta":{"footnotes":""},"class_list":["post-10992","page","type-page","status-publish","hentry"],"yoast_head":"<!-- This site is optimized with the Yoast SEO plugin v27.4 - https:\/\/yoast.com\/product\/yoast-seo-wordpress\/ -->\n<title>888 Casino anmeldelse - Gambling6<\/title>\n<meta name=\"robots\" content=\"index, follow, max-snippet:-1, max-image-preview:large, max-video-preview:-1\" \/>\n<link rel=\"canonical\" href=\"https:\/\/gambling6.com\/da\/888-casino-anmeldelse\/\" \/>\n<meta property=\"og:locale\" content=\"da_DK\" \/>\n<meta property=\"og:type\" content=\"article\" \/>\n<meta property=\"og:title\" content=\"888 Casino anmeldelse - Gambling6\" \/>\n<meta property=\"og:description\" content=\"Ikke bare en rouletteside &#8211; 888 Casino 888 online casino er et etableret brand i spilbranchen. Dette online casino tilbyder b\u00e5de et fantastisk Flash-baseret casino, der indl\u00e6ses hurtigt i din browser, og muligheden for at downloade spilsoftware for at f\u00e5 adgang til spillene. Spillere foretr\u00e6kker downloadversionen, da den giver et ensartet udseende og f\u00f8lelse i [&hellip;]\" \/>\n<meta property=\"og:url\" content=\"https:\/\/gambling6.com\/da\/888-casino-anmeldelse\/\" \/>\n<meta property=\"og:site_name\" content=\"Gambling6\" \/>\n<meta property=\"og:image\" content=\"https:\/\/ic.aff-handler.com\/I\/45871?sr=1064399&amp;anid=\" \/>\n<meta name=\"twitter:card\" content=\"summary_large_image\" \/>\n<meta name=\"twitter:label1\" content=\"Estimeret l\u00e6setid\" \/>\n\t<meta name=\"twitter:data1\" content=\"2 minutter\" \/>\n<script type=\"application\/ld+json\" class=\"yoast-schema-graph\">{\"@context\":\"https:\\\/\\\/schema.org\",\"@graph\":[{\"@type\":\"WebPage\",\"@id\":\"https:\\\/\\\/gambling6.com\\\/da\\\/888-casino-anmeldelse\\\/\",\"url\":\"https:\\\/\\\/gambling6.com\\\/da\\\/888-casino-anmeldelse\\\/\",\"name\":\"888 Casino anmeldelse - Gambling6\",\"isPartOf\":{\"@id\":\"https:\\\/\\\/gambling6.com\\\/da\\\/#website\"},\"primaryImageOfPage\":{\"@id\":\"https:\\\/\\\/gambling6.com\\\/da\\\/888-casino-anmeldelse\\\/#primaryimage\"},\"image\":{\"@id\":\"https:\\\/\\\/gambling6.com\\\/da\\\/888-casino-anmeldelse\\\/#primaryimage\"},\"thumbnailUrl\":\"https:\\\/\\\/ic.aff-handler.com\\\/I\\\/45871?sr=1064399&amp;anid=\",\"datePublished\":\"2025-11-17T10:42:01+00:00\",\"breadcrumb\":{\"@id\":\"https:\\\/\\\/gambling6.com\\\/da\\\/888-casino-anmeldelse\\\/#breadcrumb\"},\"inLanguage\":\"da-DK\",\"potentialAction\":[{\"@type\":\"ReadAction\",\"target\":[\"https:\\\/\\\/gambling6.com\\\/da\\\/888-casino-anmeldelse\\\/\"]}]},{\"@type\":\"ImageObject\",\"inLanguage\":\"da-DK\",\"@id\":\"https:\\\/\\\/gambling6.com\\\/da\\\/888-casino-anmeldelse\\\/#primaryimage\",\"url\":\"https:\\\/\\\/ic.aff-handler.com\\\/I\\\/45871?sr=1064399&amp;anid=\",\"contentUrl\":\"https:\\\/\\\/ic.aff-handler.com\\\/I\\\/45871?sr=1064399&amp;anid=\"},{\"@type\":\"BreadcrumbList\",\"@id\":\"https:\\\/\\\/gambling6.com\\\/da\\\/888-casino-anmeldelse\\\/#breadcrumb\",\"itemListElement\":[{\"@type\":\"ListItem\",\"position\":1,\"name\":\"Home\",\"item\":\"https:\\\/\\\/gambling6.com\\\/da\\\/home\\\/\"},{\"@type\":\"ListItem\",\"position\":2,\"name\":\"888 Casino anmeldelse\"}]},{\"@type\":\"WebSite\",\"@id\":\"https:\\\/\\\/gambling6.com\\\/da\\\/#website\",\"url\":\"https:\\\/\\\/gambling6.com\\\/da\\\/\",\"name\":\"Gambling6\",\"description\":\"\",\"potentialAction\":[{\"@type\":\"SearchAction\",\"target\":{\"@type\":\"EntryPoint\",\"urlTemplate\":\"https:\\\/\\\/gambling6.com\\\/da\\\/?s={search_term_string}\"},\"query-input\":{\"@type\":\"PropertyValueSpecification\",\"valueRequired\":true,\"valueName\":\"search_term_string\"}}],\"inLanguage\":\"da-DK\"}]}<\/script>\n<!-- \/ Yoast SEO plugin. -->","yoast_head_json":{"title":"888 Casino anmeldelse - Gambling6","robots":{"index":"index","follow":"follow","max-snippet":"max-snippet:-1","max-image-preview":"max-image-preview:large","max-video-preview":"max-video-preview:-1"},"canonical":"https:\/\/gambling6.com\/da\/888-casino-anmeldelse\/","og_locale":"da_DK","og_type":"article","og_title":"888 Casino anmeldelse - Gambling6","og_description":"Ikke bare en rouletteside &#8211; 888 Casino 888 online casino er et etableret brand i spilbranchen. Dette online casino tilbyder b\u00e5de et fantastisk Flash-baseret casino, der indl\u00e6ses hurtigt i din browser, og muligheden for at downloade spilsoftware for at f\u00e5 adgang til spillene. Spillere foretr\u00e6kker downloadversionen, da den giver et ensartet udseende og f\u00f8lelse i [&hellip;]","og_url":"https:\/\/gambling6.com\/da\/888-casino-anmeldelse\/","og_site_name":"Gambling6","og_image":[{"url":"https:\/\/ic.aff-handler.com\/I\/45871?sr=1064399&amp;anid=","type":"","width":"","height":""}],"twitter_card":"summary_large_image","twitter_misc":{"Estimeret l\u00e6setid":"2 minutter"},"schema":{"@context":"https:\/\/schema.org","@graph":[{"@type":"WebPage","@id":"https:\/\/gambling6.com\/da\/888-casino-anmeldelse\/","url":"https:\/\/gambling6.com\/da\/888-casino-anmeldelse\/","name":"888 Casino anmeldelse - Gambling6","isPartOf":{"@id":"https:\/\/gambling6.com\/da\/#website"},"primaryImageOfPage":{"@id":"https:\/\/gambling6.com\/da\/888-casino-anmeldelse\/#primaryimage"},"image":{"@id":"https:\/\/gambling6.com\/da\/888-casino-anmeldelse\/#primaryimage"},"thumbnailUrl":"https:\/\/ic.aff-handler.com\/I\/45871?sr=1064399&amp;anid=","datePublished":"2025-11-17T10:42:01+00:00","breadcrumb":{"@id":"https:\/\/gambling6.com\/da\/888-casino-anmeldelse\/#breadcrumb"},"inLanguage":"da-DK","potentialAction":[{"@type":"ReadAction","target":["https:\/\/gambling6.com\/da\/888-casino-anmeldelse\/"]}]},{"@type":"ImageObject","inLanguage":"da-DK","@id":"https:\/\/gambling6.com\/da\/888-casino-anmeldelse\/#primaryimage","url":"https:\/\/ic.aff-handler.com\/I\/45871?sr=1064399&amp;anid=","contentUrl":"https:\/\/ic.aff-handler.com\/I\/45871?sr=1064399&amp;anid="},{"@type":"BreadcrumbList","@id":"https:\/\/gambling6.com\/da\/888-casino-anmeldelse\/#breadcrumb","itemListElement":[{"@type":"ListItem","position":1,"name":"Home","item":"https:\/\/gambling6.com\/da\/home\/"},{"@type":"ListItem","position":2,"name":"888 Casino anmeldelse"}]},{"@type":"WebSite","@id":"https:\/\/gambling6.com\/da\/#website","url":"https:\/\/gambling6.com\/da\/","name":"Gambling6","description":"","potentialAction":[{"@type":"SearchAction","target":{"@type":"EntryPoint","urlTemplate":"https:\/\/gambling6.com\/da\/?s={search_term_string}"},"query-input":{"@type":"PropertyValueSpecification","valueRequired":true,"valueName":"search_term_string"}}],"inLanguage":"da-DK"}]}},"_links":{"self":[{"href":"https:\/\/gambling6.com\/da\/wp-json\/wp\/v2\/pages\/10992","targetHints":{"allow":["GET"]}}],"collection":[{"href":"https:\/\/gambling6.com\/da\/wp-json\/wp\/v2\/pages"}],"about":[{"href":"https:\/\/gambling6.com\/da\/wp-json\/wp\/v2\/types\/page"}],"author":[{"embeddable":true,"href":"https:\/\/gambling6.com\/da\/wp-json\/wp\/v2\/users\/1"}],"replies":[{"embeddable":true,"href":"https:\/\/gambling6.com\/da\/wp-json\/wp\/v2\/comments?post=10992"}],"version-history":[{"count":1,"href":"https:\/\/gambling6.com\/da\/wp-json\/wp\/v2\/pages\/10992\/revisions"}],"predecessor-version":[{"id":10995,"href":"https:\/\/gambling6.com\/da\/wp-json\/wp\/v2\/pages\/10992\/revisions\/10995"}],"wp:attachment":[{"href":"https:\/\/gambling6.com\/da\/wp-json\/wp\/v2\/media?parent=10992"}],"curies":[{"name":"wp","href":"https:\/\/api.w.org\/{rel}","templated":true}]}}