{"id":11049,"date":"2025-11-17T11:56:08","date_gmt":"2025-11-17T11:56:08","guid":{"rendered":"https:\/\/gambling6.com\/hvor-god-er-redfoxlotto\/"},"modified":"2025-11-17T11:56:08","modified_gmt":"2025-11-17T11:56:08","slug":"hvor-god-er-redfoxlotto","status":"publish","type":"page","link":"https:\/\/gambling6.com\/da\/hvor-god-er-redfoxlotto\/","title":{"rendered":"Hvor god er RedFoxLotto?"},"content":{"rendered":"<h2>En anmeldelse af RedFoxLotto<\/h2>\n<p><strong>RedFoxLotto<\/strong>er en yderst brugervenlig, sikker og tryg platform til at k\u00f8be online lodder til alle st\u00f8rre lotterier verden over. P\u00e5 RedFoxLottos hjemmeside kan du spille mange lotterier verden over, og lodder kan bestilles 24 timer i d\u00f8gnet, syv dage om ugen. Det er nemt at oprette en konto, indbetale penge og begynde at spille internationale lotterier p\u00e5 f\u00e5 minutter.<\/p>\n<h2>Du beholder alle de penge, du vinder hos RedFoxLotto<\/h2>\n<p>RedFoxLotto besk\u00e6ftiger lotteribude over hele verden, som k\u00f8ber lodder til lotterier, du \u00f8nsker at spille p\u00e5 dine vegne. N\u00e5r lodder er k\u00f8bt, scannes og uploades lodder til din konto f\u00f8r tr\u00e6kningen. Denne metode sikrer, at du kan se dine lodder og modtage 100% af dine gevinster. RedFoxLotto tager ikke en procentdel af dine gevinster; alle gebyrer er inkluderet i prisen p\u00e5 dine lodder.<\/p>\n<h2>Lodser tilg\u00e6ngelige til alle st\u00f8rre lotterier<\/h2>\n<p><strong>Du finder lodder tilg\u00e6ngelige til alle de store lotterier i hele verden, herunder Mega Millions, Powerball USA, Eurojackpot, Euro Millions og flere.<\/strong> Det er ligegyldigt, hvilket land du bor i; du kan k\u00f8be lodder til alle st\u00f8rre lotterier verden over. Alt du skal g\u00f8re er at logge ind p\u00e5 din konto, v\u00e6lge det RedFoxLotto, du \u00f8nsker at spille p\u00e5, v\u00e6lge de tal, du vil spille p\u00e5, og l\u00e6ne dig tilbage og vente p\u00e5, at tr\u00e6kningen finder sted. RedFoxLotto sender dig besked om eventuelle gevinster.<br \/>\nNemt at indl\u00f8se dine gevinster hos RedFoxLotto<\/p>\n<p>For eventuelle vinderlodser, du m\u00e5tte have,\u00a0<strong>sender RedFoxLotto dig en besked via e-mail eller ringer til dig, hvis pr\u00e6mien er st\u00f8rre, for at informere dig om dine gevinster.<\/strong> Enhver gevinst p\u00e5 op til \u20ac2000 vil automatisk blive indsat p\u00e5 din konto. Hvis du vinder en pr\u00e6mie p\u00e5 over \u20ac2000, vil RedFoxLottos behandlingseksperter guide dig gennem de n\u00f8dvendige trin for at modtage dine gevinster. Hovedpr\u00e6mievindere kan v\u00e6lge at f\u00e5 RedFoxLotto til at handle p\u00e5 deres vegne, eller hvis du foretr\u00e6kker det, kan du tage turen for at afhente dine gevinster personligt. Vi er sikre p\u00e5, at hvis du bliver en millionvinder, vil du ikke have problemer med at tage de n\u00f8dvendige skridt for at afhente dine gevinster.<\/p>\n<h2>Betaling af dine online lotterikuponer<\/h2>\n<p>RedFoxLotto tilbyder mange sikre betalingsmuligheder, uanset hvilket land du bor i.<strong> De accepterer Visa, MasterCard, American Express, Skrill, Neteller, \u00f8jeblikkelig bankoverf\u00f8rsel, krypto og en r\u00e6kke andre net-wallet-produkter.<\/strong> Du kan v\u00e6lge at f\u00e5 dine gevinster indsat ved hj\u00e6lp af en af \u200b\u200bdisse metoder eller f\u00e5 pengene overf\u00f8rt direkte til din bankkonto.<\/p>\n<p>Hvert \u00e5r repr\u00e6senterer RedFoxLotto vindere af millioner af dollars og har en 100% betalingsgaranti. Du vil opdage, at hvis du har sp\u00f8rgsm\u00e5l, er det nemt at kontakte de dedikerede kundeservicerepr\u00e6sentanter, der er tilg\u00e6ngelige d\u00f8gnet rundt p\u00e5 RedFoxLotto.com. Det er ikke l\u00e6ngere n\u00f8dvendigt at bes\u00f8ge dine lokale lotteriautomater for at k\u00f8be lodsedler til dit lokale lotteri. Du kan k\u00f8be lodsedler fra dit eget hjem eller kontor i god tid til alle lotterier.<\/p>\n<p><strong>Kom i gang med at spille internationale lotterier online i dag ved at bes\u00f8ge vores partner RedFoxLotto og \u00e5bne din personlige konto.<\/strong> N\u00e5r du har en konto, finder du mange forskellige bonustilbud og s\u00e6rlige lodseddelk\u00f8bsprogrammer, der g\u00f8r lottospil sjovt og profitabelt.<\/p>\n<p><a class=\"thirstylink\" title=\"Redfoxlotto\" href=\"https:\/\/gambling6.com\/go\/redfoxlotto\/\" target=\"_blank\" rel=\"nofollow noopener\">Klik her nu for at oprette din personlige online RedFoxLotto-konto<\/a>, og du kan blive multimillion\u00e6r natten over.<\/p>\n","protected":false},"excerpt":{"rendered":"<p>En anmeldelse af RedFoxLotto RedFoxLottoer en yderst brugervenlig, sikker og tryg platform til at k\u00f8be online lodder til alle st\u00f8rre lotterier verden over. P\u00e5 RedFoxLottos hjemmeside kan du spille mange lotterier verden over, og lodder kan bestilles 24 timer i d\u00f8gnet, syv dage om ugen. Det er nemt at oprette en konto, indbetale penge og [&hellip;]<\/p>\n","protected":false},"author":1,"featured_media":0,"parent":0,"menu_order":1,"comment_status":"closed","ping_status":"closed","template":"","meta":{"footnotes":""},"class_list":["post-11049","page","type-page","status-publish","hentry"],"yoast_head":"<!-- This site is optimized with the Yoast SEO plugin v27.3 - https:\/\/yoast.com\/product\/yoast-seo-wordpress\/ -->\n<title>RedFoxLotto anmeldelse<\/title>\n<meta name=\"description\" content=\"P\u00e5 RedFoxLotto.com kan du k\u00f8be lodder til internationale lotterier online, herunder Powerball og Mega Millions. L\u00e6s vores anmeldelse af RedFoxlotto.\" \/>\n<meta name=\"robots\" content=\"index, follow, max-snippet:-1, max-image-preview:large, max-video-preview:-1\" \/>\n<link rel=\"canonical\" href=\"https:\/\/gambling6.com\/da\/hvor-god-er-redfoxlotto\/\" \/>\n<meta property=\"og:locale\" content=\"da_DK\" \/>\n<meta property=\"og:type\" content=\"article\" \/>\n<meta property=\"og:title\" content=\"RedFoxLotto anmeldelse\" \/>\n<meta property=\"og:description\" content=\"P\u00e5 RedFoxLotto.com kan du k\u00f8be lodder til internationale lotterier online, herunder Powerball og Mega Millions. L\u00e6s vores anmeldelse af RedFoxlotto.\" \/>\n<meta property=\"og:url\" content=\"https:\/\/gambling6.com\/da\/hvor-god-er-redfoxlotto\/\" \/>\n<meta property=\"og:site_name\" content=\"Gambling6\" \/>\n<meta property=\"article:published_time\" content=\"2025-11-17T11:56:08+00:00\" \/>\n<meta name=\"author\" content=\"Catfish\" \/>\n<meta name=\"twitter:card\" content=\"summary_large_image\" \/>\n<meta name=\"twitter:label1\" content=\"Skrevet af\" \/>\n\t<meta name=\"twitter:data1\" content=\"Catfish\" \/>\n\t<meta name=\"twitter:label2\" content=\"Estimeret l\u00e6setid\" \/>\n\t<meta name=\"twitter:data2\" content=\"3 minutter\" \/>\n<script type=\"application\/ld+json\" class=\"yoast-schema-graph\">{\"@context\":\"https:\\\/\\\/schema.org\",\"@graph\":[{\"@type\":\"Article\",\"@id\":\"https:\\\/\\\/gambling6.com\\\/da\\\/hvor-god-er-redfoxlotto\\\/#article\",\"isPartOf\":{\"@id\":\"https:\\\/\\\/gambling6.com\\\/da\\\/hvor-god-er-redfoxlotto\\\/\"},\"author\":{\"name\":\"Catfish\",\"@id\":\"https:\\\/\\\/gambling6.com\\\/da\\\/#\\\/schema\\\/person\\\/d093de87a44a018ef67117d02d86ddaf\"},\"headline\":\"Hvor god er RedFoxLotto?\",\"datePublished\":\"2025-11-17T11:56:08+00:00\",\"mainEntityOfPage\":{\"@id\":\"https:\\\/\\\/gambling6.com\\\/da\\\/hvor-god-er-redfoxlotto\\\/\"},\"wordCount\":583,\"articleSection\":[\"Anmeldelser af spillesider\",\"Lotteri Nyheder\",\"Lotteristrategi\",\"Spil internationale lotterier online\"],\"inLanguage\":\"da-DK\"},{\"@type\":\"WebPage\",\"@id\":\"https:\\\/\\\/gambling6.com\\\/da\\\/hvor-god-er-redfoxlotto\\\/\",\"url\":\"https:\\\/\\\/gambling6.com\\\/da\\\/hvor-god-er-redfoxlotto\\\/\",\"name\":\"RedFoxLotto anmeldelse\",\"isPartOf\":{\"@id\":\"https:\\\/\\\/gambling6.com\\\/da\\\/#website\"},\"datePublished\":\"2025-11-17T11:56:08+00:00\",\"author\":{\"@id\":\"https:\\\/\\\/gambling6.com\\\/da\\\/#\\\/schema\\\/person\\\/d093de87a44a018ef67117d02d86ddaf\"},\"description\":\"P\u00e5 RedFoxLotto.com kan du k\u00f8be lodder til internationale lotterier online, herunder Powerball og Mega Millions. L\u00e6s vores anmeldelse af RedFoxlotto.\",\"breadcrumb\":{\"@id\":\"https:\\\/\\\/gambling6.com\\\/da\\\/hvor-god-er-redfoxlotto\\\/#breadcrumb\"},\"inLanguage\":\"da-DK\",\"potentialAction\":[{\"@type\":\"ReadAction\",\"target\":[\"https:\\\/\\\/gambling6.com\\\/da\\\/hvor-god-er-redfoxlotto\\\/\"]}]},{\"@type\":\"BreadcrumbList\",\"@id\":\"https:\\\/\\\/gambling6.com\\\/da\\\/hvor-god-er-redfoxlotto\\\/#breadcrumb\",\"itemListElement\":[{\"@type\":\"ListItem\",\"position\":1,\"name\":\"Home\",\"item\":\"https:\\\/\\\/gambling6.com\\\/da\\\/home\\\/\"},{\"@type\":\"ListItem\",\"position\":2,\"name\":\"Hvor god er RedFoxLotto?\"}]},{\"@type\":\"WebSite\",\"@id\":\"https:\\\/\\\/gambling6.com\\\/da\\\/#website\",\"url\":\"https:\\\/\\\/gambling6.com\\\/da\\\/\",\"name\":\"Gambling6\",\"description\":\"\",\"potentialAction\":[{\"@type\":\"SearchAction\",\"target\":{\"@type\":\"EntryPoint\",\"urlTemplate\":\"https:\\\/\\\/gambling6.com\\\/da\\\/?s={search_term_string}\"},\"query-input\":{\"@type\":\"PropertyValueSpecification\",\"valueRequired\":true,\"valueName\":\"search_term_string\"}}],\"inLanguage\":\"da-DK\"},{\"@type\":\"Person\",\"@id\":\"https:\\\/\\\/gambling6.com\\\/da\\\/#\\\/schema\\\/person\\\/d093de87a44a018ef67117d02d86ddaf\",\"name\":\"Catfish\",\"image\":{\"@type\":\"ImageObject\",\"inLanguage\":\"da-DK\",\"@id\":\"https:\\\/\\\/secure.gravatar.com\\\/avatar\\\/32edfa28ccbf005c231538b245a2670a36c7f33f2d3a9ab09e50843b363f2821?s=96&d=mm&r=g\",\"url\":\"https:\\\/\\\/secure.gravatar.com\\\/avatar\\\/32edfa28ccbf005c231538b245a2670a36c7f33f2d3a9ab09e50843b363f2821?s=96&d=mm&r=g\",\"contentUrl\":\"https:\\\/\\\/secure.gravatar.com\\\/avatar\\\/32edfa28ccbf005c231538b245a2670a36c7f33f2d3a9ab09e50843b363f2821?s=96&d=mm&r=g\",\"caption\":\"Catfish\"},\"sameAs\":[\"http:\\\/\\\/gambling6.com\"],\"url\":\"https:\\\/\\\/gambling6.com\\\/da\\\/author\\\/catfish\\\/\"}]}<\/script>\n<!-- \/ Yoast SEO plugin. -->","yoast_head_json":{"title":"RedFoxLotto anmeldelse","description":"P\u00e5 RedFoxLotto.com kan du k\u00f8be lodder til internationale lotterier online, herunder Powerball og Mega Millions. L\u00e6s vores anmeldelse af RedFoxlotto.","robots":{"index":"index","follow":"follow","max-snippet":"max-snippet:-1","max-image-preview":"max-image-preview:large","max-video-preview":"max-video-preview:-1"},"canonical":"https:\/\/gambling6.com\/da\/hvor-god-er-redfoxlotto\/","og_locale":"da_DK","og_type":"article","og_title":"RedFoxLotto anmeldelse","og_description":"P\u00e5 RedFoxLotto.com kan du k\u00f8be lodder til internationale lotterier online, herunder Powerball og Mega Millions. L\u00e6s vores anmeldelse af RedFoxlotto.","og_url":"https:\/\/gambling6.com\/da\/hvor-god-er-redfoxlotto\/","og_site_name":"Gambling6","article_published_time":"2025-11-17T11:56:08+00:00","author":"Catfish","twitter_card":"summary_large_image","twitter_misc":{"Skrevet af":"Catfish","Estimeret l\u00e6setid":"3 minutter"},"schema":{"@context":"https:\/\/schema.org","@graph":[{"@type":"Article","@id":"https:\/\/gambling6.com\/da\/hvor-god-er-redfoxlotto\/#article","isPartOf":{"@id":"https:\/\/gambling6.com\/da\/hvor-god-er-redfoxlotto\/"},"author":{"name":"Catfish","@id":"https:\/\/gambling6.com\/da\/#\/schema\/person\/d093de87a44a018ef67117d02d86ddaf"},"headline":"Hvor god er RedFoxLotto?","datePublished":"2025-11-17T11:56:08+00:00","mainEntityOfPage":{"@id":"https:\/\/gambling6.com\/da\/hvor-god-er-redfoxlotto\/"},"wordCount":583,"articleSection":["Anmeldelser af spillesider","Lotteri Nyheder","Lotteristrategi","Spil internationale lotterier online"],"inLanguage":"da-DK"},{"@type":"WebPage","@id":"https:\/\/gambling6.com\/da\/hvor-god-er-redfoxlotto\/","url":"https:\/\/gambling6.com\/da\/hvor-god-er-redfoxlotto\/","name":"RedFoxLotto anmeldelse","isPartOf":{"@id":"https:\/\/gambling6.com\/da\/#website"},"datePublished":"2025-11-17T11:56:08+00:00","author":{"@id":"https:\/\/gambling6.com\/da\/#\/schema\/person\/d093de87a44a018ef67117d02d86ddaf"},"description":"P\u00e5 RedFoxLotto.com kan du k\u00f8be lodder til internationale lotterier online, herunder Powerball og Mega Millions. L\u00e6s vores anmeldelse af RedFoxlotto.","breadcrumb":{"@id":"https:\/\/gambling6.com\/da\/hvor-god-er-redfoxlotto\/#breadcrumb"},"inLanguage":"da-DK","potentialAction":[{"@type":"ReadAction","target":["https:\/\/gambling6.com\/da\/hvor-god-er-redfoxlotto\/"]}]},{"@type":"BreadcrumbList","@id":"https:\/\/gambling6.com\/da\/hvor-god-er-redfoxlotto\/#breadcrumb","itemListElement":[{"@type":"ListItem","position":1,"name":"Home","item":"https:\/\/gambling6.com\/da\/home\/"},{"@type":"ListItem","position":2,"name":"Hvor god er RedFoxLotto?"}]},{"@type":"WebSite","@id":"https:\/\/gambling6.com\/da\/#website","url":"https:\/\/gambling6.com\/da\/","name":"Gambling6","description":"","potentialAction":[{"@type":"SearchAction","target":{"@type":"EntryPoint","urlTemplate":"https:\/\/gambling6.com\/da\/?s={search_term_string}"},"query-input":{"@type":"PropertyValueSpecification","valueRequired":true,"valueName":"search_term_string"}}],"inLanguage":"da-DK"},{"@type":"Person","@id":"https:\/\/gambling6.com\/da\/#\/schema\/person\/d093de87a44a018ef67117d02d86ddaf","name":"Catfish","image":{"@type":"ImageObject","inLanguage":"da-DK","@id":"https:\/\/secure.gravatar.com\/avatar\/32edfa28ccbf005c231538b245a2670a36c7f33f2d3a9ab09e50843b363f2821?s=96&d=mm&r=g","url":"https:\/\/secure.gravatar.com\/avatar\/32edfa28ccbf005c231538b245a2670a36c7f33f2d3a9ab09e50843b363f2821?s=96&d=mm&r=g","contentUrl":"https:\/\/secure.gravatar.com\/avatar\/32edfa28ccbf005c231538b245a2670a36c7f33f2d3a9ab09e50843b363f2821?s=96&d=mm&r=g","caption":"Catfish"},"sameAs":["http:\/\/gambling6.com"],"url":"https:\/\/gambling6.com\/da\/author\/catfish\/"}]}},"_links":{"self":[{"href":"https:\/\/gambling6.com\/da\/wp-json\/wp\/v2\/pages\/11049","targetHints":{"allow":["GET"]}}],"collection":[{"href":"https:\/\/gambling6.com\/da\/wp-json\/wp\/v2\/pages"}],"about":[{"href":"https:\/\/gambling6.com\/da\/wp-json\/wp\/v2\/types\/page"}],"author":[{"embeddable":true,"href":"https:\/\/gambling6.com\/da\/wp-json\/wp\/v2\/users\/1"}],"replies":[{"embeddable":true,"href":"https:\/\/gambling6.com\/da\/wp-json\/wp\/v2\/comments?post=11049"}],"version-history":[{"count":0,"href":"https:\/\/gambling6.com\/da\/wp-json\/wp\/v2\/pages\/11049\/revisions"}],"wp:attachment":[{"href":"https:\/\/gambling6.com\/da\/wp-json\/wp\/v2\/media?parent=11049"}],"curies":[{"name":"wp","href":"https:\/\/api.w.org\/{rel}","templated":true}]}}