{"id":11083,"date":"2025-11-17T14:51:25","date_gmt":"2025-11-17T14:51:25","guid":{"rendered":"https:\/\/gambling6.com\/succes-med-online-bingo\/"},"modified":"2025-11-17T14:51:25","modified_gmt":"2025-11-17T14:51:25","slug":"succes-med-online-bingo","status":"publish","type":"page","link":"https:\/\/gambling6.com\/da\/bingo\/succes-med-online-bingo\/","title":{"rendered":"Succes med online bingo"},"content":{"rendered":"<h2>Spil online bingo med den rigtige strategi<\/h2>\n<p>Takket v\u00e6re internettets udvikling i dag kan du nyde et underholdende bingospil lige fra dit eget hjem. Det bedste er, at du kan spille spillet, n\u00e5r du vil. Dette er grunden til, at online bingo er blevet s\u00e5 popul\u00e6rt blandt folk, is\u00e6r kvinder. Hvis du er nybegynder, s\u00e5 fortvivl ikke, du kan l\u00e6re spillet ved f\u00f8rst at pr\u00f8ve det p\u00e5 en gratis bingoside. <a class=\"thirstylink\" title=\"Bingo Billy en\" href=\"https:\/\/gambling6.com\/go\/bingobilly-en\/\" target=\"_blank\" rel=\"nofollow noopener\">Et godt sted at starte ville v\u00e6re Bingo Billy &#8211; klik her for at bes\u00f8ge<\/a>.<\/p>\n<p>Men hvis du spiller det online, er her et par tips, der kan hj\u00e6lpe dig med at \u00f8ge dine chancer for at vinde. L\u00e6s videre for at vide mere. Lav en hurtig research og find ud af bingosider, der tilbyder de bedste indbetalingsbonusser. Mange websteder tilbyder ogs\u00e5 lukrative tilmeldingsbonusser. Det er altid tilr\u00e5deligt at spille bingo p\u00e5 p\u00e5lidelige casinosider. S\u00f8rg for at l\u00e6se anmeldelser fra faktiske brugere af disse casinosider, f\u00f8r du registrerer dig eller tilmelder dig.<\/p>\n<p><a href=\"https:\/\/record.revenueplanet.com\/_BoBybWC_aAPUOsjNOfgKefwM06wa-Rwt\/1\/\" target=\"_new\" rel=\"noopener\"><img loading=\"lazy\" decoding=\"async\" class=\"aligncenter\" style=\"border: none;\" src=\"https:\/\/media.revenueplanet.com\/uploads\/nbb-468x60-nov-generic.gif\" alt=\"BingoBilly Gratis Bingo\" width=\"468\" height=\"60\" \/><\/a><br \/>\nKun velrenommerede og trov\u00e6rdige casinoer udbetaler det fulde bel\u00f8b, du har vundet i et spil. Internettet er oversv\u00f8mmet med bingosider, og desv\u00e6rre stj\u00e6ler mange svindelsider dine penge og udbetaler ikke, n\u00e5r du vinder et spil. Derfor b\u00f8r du v\u00e6re ekstra forsigtig, n\u00e5r du v\u00e6lger et online casino. Bingospil spilles kun for sjov.<\/p>\n<p>Spillets regler og bestemmelser er enkle at f\u00f8lge. Bingospillet er udelukkende et sp\u00f8rgsm\u00e5l om held. Intet element kan forudsige resultatet eller p\u00e5virke spillet. Du kan slappe af og nyde spillet, da der ikke skal tr\u00e6ffes nogen beslutninger. Online bingo har gjort spillet mere tilg\u00e6ngeligt, da du kan spille det, n\u00e5r det passer dig, og fra ethvert sted, der har en internetforbindelse og en computer.<\/p>\n<p>Pr\u00f8v altid at spille p\u00e5 et mindre overfyldt websted. Dette vil \u00f8ge dine chancer for at vinde spillet, da du vil konkurrere mod f\u00e6rre spillere. Et websted med et afbalanceret antal spillere giver dig en bedre chance for at vinde spillet. V\u00e6lg websteder, der tilbyder chatrum for nem kommunikation mellem spillere. Du kan ogs\u00e5 chatte med medspillere om de kort, de spiller. Du kan ogs\u00e5 \u00f8ge kortnummeret for at vende sejren til din side.<\/p>\n<p>Meget afh\u00e6nger ogs\u00e5 af det tidspunkt, du v\u00e6lger at spille. Det er blevet observeret, at hvis du spiller p\u00e5 sk\u00e6ve tidspunkter, har du en chance for at vinde, da ikke mange spillere er online p\u00e5 disse tidspunkter. I bingospil med store jackpotter skal du altid undg\u00e5 for mange kort. V\u00e6lg altid casinosider, der tilbyder 100% indbetalingsbonusser. I disse dage kan du ogs\u00e5 st\u00f8de p\u00e5 henvisningsprogrammer fra casinosider. Som en del af programmet modtager du gratis penge, hvis din henvisning registrerer sig hos casinoet. Derudover tilbyder online casinoet fra tid til anden mange salgsfremmende bonusser.<\/p>\n","protected":false},"excerpt":{"rendered":"<p>Spil online bingo med den rigtige strategi Takket v\u00e6re internettets udvikling i dag kan du nyde et underholdende bingospil lige fra dit eget hjem. Det bedste er, at du kan spille spillet, n\u00e5r du vil. Dette er grunden til, at online bingo er blevet s\u00e5 popul\u00e6rt blandt folk, is\u00e6r kvinder. Hvis du er nybegynder, s\u00e5 [&hellip;]<\/p>\n","protected":false},"author":1,"featured_media":0,"parent":8489,"menu_order":3,"comment_status":"closed","ping_status":"closed","template":"","meta":{"footnotes":""},"class_list":["post-11083","page","type-page","status-publish","hentry"],"yoast_head":"<!-- This site is optimized with the Yoast SEO plugin v27.4 - https:\/\/yoast.com\/product\/yoast-seo-wordpress\/ -->\n<title>Spilstrategi til online bingo<\/title>\n<meta name=\"description\" content=\"\u00d8g dine chancer for at vinde online bingo ved at f\u00f8lge den rigtige spillestrategi.\" \/>\n<meta name=\"robots\" content=\"index, follow, max-snippet:-1, max-image-preview:large, max-video-preview:-1\" \/>\n<link rel=\"canonical\" href=\"https:\/\/gambling6.com\/da\/bingo\/succes-med-online-bingo\/\" \/>\n<meta property=\"og:locale\" content=\"da_DK\" \/>\n<meta property=\"og:type\" content=\"article\" \/>\n<meta property=\"og:title\" content=\"Spilstrategi til online bingo\" \/>\n<meta property=\"og:description\" content=\"\u00d8g dine chancer for at vinde online bingo ved at f\u00f8lge den rigtige spillestrategi.\" \/>\n<meta property=\"og:url\" content=\"https:\/\/gambling6.com\/da\/bingo\/succes-med-online-bingo\/\" \/>\n<meta property=\"og:site_name\" content=\"Gambling6\" \/>\n<meta property=\"article:published_time\" content=\"2025-11-17T14:51:25+00:00\" \/>\n<meta property=\"og:image\" content=\"https:\/\/media.revenueplanet.com\/uploads\/nbb-468x60-nov-generic.gif\" \/>\n<meta name=\"author\" content=\"Catfish\" \/>\n<meta name=\"twitter:card\" content=\"summary_large_image\" \/>\n<meta name=\"twitter:label1\" content=\"Skrevet af\" \/>\n\t<meta name=\"twitter:data1\" content=\"Catfish\" \/>\n\t<meta name=\"twitter:label2\" content=\"Estimeret l\u00e6setid\" \/>\n\t<meta name=\"twitter:data2\" content=\"2 minutter\" \/>\n<script type=\"application\/ld+json\" class=\"yoast-schema-graph\">{\"@context\":\"https:\\\/\\\/schema.org\",\"@graph\":[{\"@type\":\"Article\",\"@id\":\"https:\\\/\\\/gambling6.com\\\/da\\\/bingo\\\/succes-med-online-bingo\\\/#article\",\"isPartOf\":{\"@id\":\"https:\\\/\\\/gambling6.com\\\/da\\\/bingo\\\/succes-med-online-bingo\\\/\"},\"author\":{\"name\":\"Catfish\",\"@id\":\"https:\\\/\\\/gambling6.com\\\/da\\\/#\\\/schema\\\/person\\\/d093de87a44a018ef67117d02d86ddaf\"},\"headline\":\"Succes med online bingo\",\"datePublished\":\"2025-11-17T14:51:25+00:00\",\"mainEntityOfPage\":{\"@id\":\"https:\\\/\\\/gambling6.com\\\/da\\\/bingo\\\/succes-med-online-bingo\\\/\"},\"wordCount\":490,\"image\":{\"@id\":\"https:\\\/\\\/gambling6.com\\\/da\\\/bingo\\\/succes-med-online-bingo\\\/#primaryimage\"},\"thumbnailUrl\":\"https:\\\/\\\/media.revenueplanet.com\\\/uploads\\\/nbb-468x60-nov-generic.gif\",\"articleSection\":[\"Bingo Nyheder\",\"Bingostrategi\"],\"inLanguage\":\"da-DK\"},{\"@type\":\"WebPage\",\"@id\":\"https:\\\/\\\/gambling6.com\\\/da\\\/bingo\\\/succes-med-online-bingo\\\/\",\"url\":\"https:\\\/\\\/gambling6.com\\\/da\\\/bingo\\\/succes-med-online-bingo\\\/\",\"name\":\"Spilstrategi til online bingo\",\"isPartOf\":{\"@id\":\"https:\\\/\\\/gambling6.com\\\/da\\\/#website\"},\"primaryImageOfPage\":{\"@id\":\"https:\\\/\\\/gambling6.com\\\/da\\\/bingo\\\/succes-med-online-bingo\\\/#primaryimage\"},\"image\":{\"@id\":\"https:\\\/\\\/gambling6.com\\\/da\\\/bingo\\\/succes-med-online-bingo\\\/#primaryimage\"},\"thumbnailUrl\":\"https:\\\/\\\/media.revenueplanet.com\\\/uploads\\\/nbb-468x60-nov-generic.gif\",\"datePublished\":\"2025-11-17T14:51:25+00:00\",\"author\":{\"@id\":\"https:\\\/\\\/gambling6.com\\\/da\\\/#\\\/schema\\\/person\\\/d093de87a44a018ef67117d02d86ddaf\"},\"description\":\"\u00d8g dine chancer for at vinde online bingo ved at f\u00f8lge den rigtige spillestrategi.\",\"breadcrumb\":{\"@id\":\"https:\\\/\\\/gambling6.com\\\/da\\\/bingo\\\/succes-med-online-bingo\\\/#breadcrumb\"},\"inLanguage\":\"da-DK\",\"potentialAction\":[{\"@type\":\"ReadAction\",\"target\":[\"https:\\\/\\\/gambling6.com\\\/da\\\/bingo\\\/succes-med-online-bingo\\\/\"]}]},{\"@type\":\"ImageObject\",\"inLanguage\":\"da-DK\",\"@id\":\"https:\\\/\\\/gambling6.com\\\/da\\\/bingo\\\/succes-med-online-bingo\\\/#primaryimage\",\"url\":\"https:\\\/\\\/media.revenueplanet.com\\\/uploads\\\/nbb-468x60-nov-generic.gif\",\"contentUrl\":\"https:\\\/\\\/media.revenueplanet.com\\\/uploads\\\/nbb-468x60-nov-generic.gif\"},{\"@type\":\"BreadcrumbList\",\"@id\":\"https:\\\/\\\/gambling6.com\\\/da\\\/bingo\\\/succes-med-online-bingo\\\/#breadcrumb\",\"itemListElement\":[{\"@type\":\"ListItem\",\"position\":1,\"name\":\"Home\",\"item\":\"https:\\\/\\\/gambling6.com\\\/da\\\/home\\\/\"},{\"@type\":\"ListItem\",\"position\":2,\"name\":\"Succes med online bingo\"}]},{\"@type\":\"WebSite\",\"@id\":\"https:\\\/\\\/gambling6.com\\\/da\\\/#website\",\"url\":\"https:\\\/\\\/gambling6.com\\\/da\\\/\",\"name\":\"Gambling6\",\"description\":\"\",\"potentialAction\":[{\"@type\":\"SearchAction\",\"target\":{\"@type\":\"EntryPoint\",\"urlTemplate\":\"https:\\\/\\\/gambling6.com\\\/da\\\/?s={search_term_string}\"},\"query-input\":{\"@type\":\"PropertyValueSpecification\",\"valueRequired\":true,\"valueName\":\"search_term_string\"}}],\"inLanguage\":\"da-DK\"},{\"@type\":\"Person\",\"@id\":\"https:\\\/\\\/gambling6.com\\\/da\\\/#\\\/schema\\\/person\\\/d093de87a44a018ef67117d02d86ddaf\",\"name\":\"Catfish\",\"image\":{\"@type\":\"ImageObject\",\"inLanguage\":\"da-DK\",\"@id\":\"https:\\\/\\\/secure.gravatar.com\\\/avatar\\\/32edfa28ccbf005c231538b245a2670a36c7f33f2d3a9ab09e50843b363f2821?s=96&d=mm&r=g\",\"url\":\"https:\\\/\\\/secure.gravatar.com\\\/avatar\\\/32edfa28ccbf005c231538b245a2670a36c7f33f2d3a9ab09e50843b363f2821?s=96&d=mm&r=g\",\"contentUrl\":\"https:\\\/\\\/secure.gravatar.com\\\/avatar\\\/32edfa28ccbf005c231538b245a2670a36c7f33f2d3a9ab09e50843b363f2821?s=96&d=mm&r=g\",\"caption\":\"Catfish\"},\"sameAs\":[\"http:\\\/\\\/gambling6.com\"],\"url\":\"https:\\\/\\\/gambling6.com\\\/da\\\/author\\\/catfish\\\/\"}]}<\/script>\n<!-- \/ Yoast SEO plugin. -->","yoast_head_json":{"title":"Spilstrategi til online bingo","description":"\u00d8g dine chancer for at vinde online bingo ved at f\u00f8lge den rigtige spillestrategi.","robots":{"index":"index","follow":"follow","max-snippet":"max-snippet:-1","max-image-preview":"max-image-preview:large","max-video-preview":"max-video-preview:-1"},"canonical":"https:\/\/gambling6.com\/da\/bingo\/succes-med-online-bingo\/","og_locale":"da_DK","og_type":"article","og_title":"Spilstrategi til online bingo","og_description":"\u00d8g dine chancer for at vinde online bingo ved at f\u00f8lge den rigtige spillestrategi.","og_url":"https:\/\/gambling6.com\/da\/bingo\/succes-med-online-bingo\/","og_site_name":"Gambling6","article_published_time":"2025-11-17T14:51:25+00:00","og_image":[{"url":"https:\/\/media.revenueplanet.com\/uploads\/nbb-468x60-nov-generic.gif","type":"","width":"","height":""}],"author":"Catfish","twitter_card":"summary_large_image","twitter_misc":{"Skrevet af":"Catfish","Estimeret l\u00e6setid":"2 minutter"},"schema":{"@context":"https:\/\/schema.org","@graph":[{"@type":"Article","@id":"https:\/\/gambling6.com\/da\/bingo\/succes-med-online-bingo\/#article","isPartOf":{"@id":"https:\/\/gambling6.com\/da\/bingo\/succes-med-online-bingo\/"},"author":{"name":"Catfish","@id":"https:\/\/gambling6.com\/da\/#\/schema\/person\/d093de87a44a018ef67117d02d86ddaf"},"headline":"Succes med online bingo","datePublished":"2025-11-17T14:51:25+00:00","mainEntityOfPage":{"@id":"https:\/\/gambling6.com\/da\/bingo\/succes-med-online-bingo\/"},"wordCount":490,"image":{"@id":"https:\/\/gambling6.com\/da\/bingo\/succes-med-online-bingo\/#primaryimage"},"thumbnailUrl":"https:\/\/media.revenueplanet.com\/uploads\/nbb-468x60-nov-generic.gif","articleSection":["Bingo Nyheder","Bingostrategi"],"inLanguage":"da-DK"},{"@type":"WebPage","@id":"https:\/\/gambling6.com\/da\/bingo\/succes-med-online-bingo\/","url":"https:\/\/gambling6.com\/da\/bingo\/succes-med-online-bingo\/","name":"Spilstrategi til online bingo","isPartOf":{"@id":"https:\/\/gambling6.com\/da\/#website"},"primaryImageOfPage":{"@id":"https:\/\/gambling6.com\/da\/bingo\/succes-med-online-bingo\/#primaryimage"},"image":{"@id":"https:\/\/gambling6.com\/da\/bingo\/succes-med-online-bingo\/#primaryimage"},"thumbnailUrl":"https:\/\/media.revenueplanet.com\/uploads\/nbb-468x60-nov-generic.gif","datePublished":"2025-11-17T14:51:25+00:00","author":{"@id":"https:\/\/gambling6.com\/da\/#\/schema\/person\/d093de87a44a018ef67117d02d86ddaf"},"description":"\u00d8g dine chancer for at vinde online bingo ved at f\u00f8lge den rigtige spillestrategi.","breadcrumb":{"@id":"https:\/\/gambling6.com\/da\/bingo\/succes-med-online-bingo\/#breadcrumb"},"inLanguage":"da-DK","potentialAction":[{"@type":"ReadAction","target":["https:\/\/gambling6.com\/da\/bingo\/succes-med-online-bingo\/"]}]},{"@type":"ImageObject","inLanguage":"da-DK","@id":"https:\/\/gambling6.com\/da\/bingo\/succes-med-online-bingo\/#primaryimage","url":"https:\/\/media.revenueplanet.com\/uploads\/nbb-468x60-nov-generic.gif","contentUrl":"https:\/\/media.revenueplanet.com\/uploads\/nbb-468x60-nov-generic.gif"},{"@type":"BreadcrumbList","@id":"https:\/\/gambling6.com\/da\/bingo\/succes-med-online-bingo\/#breadcrumb","itemListElement":[{"@type":"ListItem","position":1,"name":"Home","item":"https:\/\/gambling6.com\/da\/home\/"},{"@type":"ListItem","position":2,"name":"Succes med online bingo"}]},{"@type":"WebSite","@id":"https:\/\/gambling6.com\/da\/#website","url":"https:\/\/gambling6.com\/da\/","name":"Gambling6","description":"","potentialAction":[{"@type":"SearchAction","target":{"@type":"EntryPoint","urlTemplate":"https:\/\/gambling6.com\/da\/?s={search_term_string}"},"query-input":{"@type":"PropertyValueSpecification","valueRequired":true,"valueName":"search_term_string"}}],"inLanguage":"da-DK"},{"@type":"Person","@id":"https:\/\/gambling6.com\/da\/#\/schema\/person\/d093de87a44a018ef67117d02d86ddaf","name":"Catfish","image":{"@type":"ImageObject","inLanguage":"da-DK","@id":"https:\/\/secure.gravatar.com\/avatar\/32edfa28ccbf005c231538b245a2670a36c7f33f2d3a9ab09e50843b363f2821?s=96&d=mm&r=g","url":"https:\/\/secure.gravatar.com\/avatar\/32edfa28ccbf005c231538b245a2670a36c7f33f2d3a9ab09e50843b363f2821?s=96&d=mm&r=g","contentUrl":"https:\/\/secure.gravatar.com\/avatar\/32edfa28ccbf005c231538b245a2670a36c7f33f2d3a9ab09e50843b363f2821?s=96&d=mm&r=g","caption":"Catfish"},"sameAs":["http:\/\/gambling6.com"],"url":"https:\/\/gambling6.com\/da\/author\/catfish\/"}]}},"_links":{"self":[{"href":"https:\/\/gambling6.com\/da\/wp-json\/wp\/v2\/pages\/11083","targetHints":{"allow":["GET"]}}],"collection":[{"href":"https:\/\/gambling6.com\/da\/wp-json\/wp\/v2\/pages"}],"about":[{"href":"https:\/\/gambling6.com\/da\/wp-json\/wp\/v2\/types\/page"}],"author":[{"embeddable":true,"href":"https:\/\/gambling6.com\/da\/wp-json\/wp\/v2\/users\/1"}],"replies":[{"embeddable":true,"href":"https:\/\/gambling6.com\/da\/wp-json\/wp\/v2\/comments?post=11083"}],"version-history":[{"count":0,"href":"https:\/\/gambling6.com\/da\/wp-json\/wp\/v2\/pages\/11083\/revisions"}],"up":[{"embeddable":true,"href":"https:\/\/gambling6.com\/da\/wp-json\/wp\/v2\/pages\/8489"}],"wp:attachment":[{"href":"https:\/\/gambling6.com\/da\/wp-json\/wp\/v2\/media?parent=11083"}],"curies":[{"name":"wp","href":"https:\/\/api.w.org\/{rel}","templated":true}]}}