{"id":8084,"date":"2025-10-29T08:22:13","date_gmt":"2025-10-29T08:22:13","guid":{"rendered":"https:\/\/gambling6.com\/?page_id=8084"},"modified":"2025-10-29T11:29:57","modified_gmt":"2025-10-29T11:29:57","slug":"home","status":"publish","type":"page","link":"https:\/\/gambling6.com\/da\/","title":{"rendered":"Home"},"content":{"rendered":"<h1>Velkommen til Gambling6 \u2013 information om alt, hvad du har brug for at vide om spil om penge<\/h1>\n<p><img loading=\"lazy\" decoding=\"async\" class=\" wp-image-2679 alignright\" src=\"https:\/\/gambling6.com\/wp-content\/uploads\/2022\/04\/1_win_lottery_online1.jpg\" alt=\"online spil om penge\" width=\"253\" height=\"168\" \/>For mange mennesker kan verdenen af online spil om rigtige penge virke skr\u00e6mmende og noget, de er tilbageholdende med at pr\u00f8ve. De kan godt lide at spille generelt, men de spekulerer p\u00e5, om online spillesider er til at stole p\u00e5. I dag er det dog en af de nemmeste m\u00e5der at nyde alle dine yndlingscasinospil p\u00e5, selvom du ikke bor i n\u00e6rheden af et casino.<\/p>\n<p>Online gambling-websteder har skabt en m\u00e5de, hvorp\u00e5 folk kan spille poker, blackjack, roulette, videopoker, spilleautomater, bingo, skrabelodder, v\u00e6dde p\u00e5 sportsbegivenheder, og nu kan du endda deltage i verdens store lotto-jackpots online \u2013 uden nogensinde at skulle forlade dit eget hjem.<\/p>\n<p>Alle elsker casino-websteder med hurtig udbetaling, og hvis du nyder at spille, skal du tjekke, hvad det g\u00e5r ud p\u00e5, og se, hvordan du kan komme i gang med de mange online spillesider, der findes. At f\u00f8lge r\u00e5dene fra et online spilleside som vores vil hj\u00e6lpe dig med at v\u00e6lge en god udbyder og sikre, at du f\u00e5r en god oplevelse. Hvis du vil komme i gang med det samme, er dette mine personlige anbefalinger:<\/p>\n<h2>Bedste allround-spilleside<\/h2>\n<p>Personligt foretr\u00e6kker jeg at spille online under \u00e9t tag, uden at skulle indbetale penge til forskellige sider. Derfor er min favorit-allround-side 888 \u2013 et fantastisk online casino med de fedeste spilleautomater, jeg nogensinde har set, og et fremragende online pokerrum. Udvalget af casinospil, herunder blackjack, roulette og meget mere, efterlader intet at \u00f8nske. Hvis du er p\u00e5 udkig efter en \u00e6gte bingo- eller skrabelodoplevelse, findes der ikke noget bedre end 888.<\/p>\n<p>Og s\u00e5 er der sportsbetting-sektionen, som tilbyder et bredt udvalg af begivenheder at satse p\u00e5 og de bedste odds, du kan finde p\u00e5 nettet. Du kan endda satse p\u00e5 finansielle begivenheder, s\u00e5som store aktieindekser og valutakurser! <a class=\"thirstylink\" title=\"888 poker en\" href=\"https:\/\/gambling6.com\/go\/888-poker-en\/\" target=\"_blank\" rel=\"nofollow noopener\">Brug dette link til at g\u00e5 til 888 i dag<\/a>, og du f\u00e5r en bonus p\u00e5 op til 1500 \u20ac p\u00e5 din f\u00f8rste indbetaling.<\/p>\n<h1>Bedste allround spilleside for amerikanske borgere<\/h1>\n<p>Hvis du er bosiddende i USA, er dine valg begr\u00e6nsede, og nogle af de operat\u00f8rer, der accepterer amerikanske kunder, er lidt lyssky, s\u00e5 du skal v\u00e6re forsigtig med, hvem du v\u00e6lger.<\/p>\n<p>Et site skiller sig dog ud fra m\u00e6ngden, <a class=\"thirstylink\" title=\"Betonline casino en\" href=\"https:\/\/gambling6.com\/go\/betonline-casino-en\/\" target=\"_blank\" rel=\"nofollow noopener\">og det er Betonline \u2013 her kan du spille online poker, casinospil, slots, roulette, blackjack og placere sportsv\u00e6ddem\u00e5l<\/a>. De accepterer spillere fra USA, og der er flere m\u00e5der, du kan indbetale penge p\u00e5 din konto og h\u00e6ve dine gevinster.<\/p>\n<h2>Gambling6 &#8211; de seks mest popul\u00e6re former for online gambling<\/h2>\n<p>P\u00e5 Gambling6.com finder du information om f\u00f8lgende:<\/p>\n<ul>\n<li>Casinospil, herunder blackjack, roulette, craps, videopoker, spilleautomater osv.<\/li>\n<li>Poker i alle variationer<\/li>\n<li>Online bingo<\/li>\n<li>Online skrabelodder<\/li>\n<li>Sportsspil og v\u00e6ddem\u00e5l p\u00e5 andre begivenheder<\/li>\n<li>S\u00e5dan f\u00e5r du en billet online til ethvert lotteri uden for dit eget bop\u00e6lsland<\/li>\n<\/ul>\n<h2>Hvad med lidt lotterisjov og jackpots i verdensklasse?<\/h2>\n<p>Antag, at du er lottofan, og at du ikke vil v\u00e6re begr\u00e6nset til dit lokale lotteri. I s\u00e5 fald har vi gode nyheder til dig: Nu kan du pr\u00f8ve lykken p\u00e5 alle lotto-jackpots verden over \u2013 RedFoxLotto giver dig mulighed for at k\u00f8be lotto-billetter online til verdens st\u00f8rste lotto-jackpots, s\u00e5som Mega Millions, Powerball, El Gordo, EuroMillions og mange flere. <a href=\"https:\/\/redfoxlotto.com\/da\">Klik her for at se, hvilket lotto der har den st\u00f8rste jackpot p\u00e5 vej, og k\u00f8b en billet p\u00e5 f\u00e5 sekunder!<\/a><\/p>\n<h2>Ofte stillede sp\u00f8rgsm\u00e5l om online casino<\/h2>\n<p>Hvis du er ny i verdenen af online casinoer, har du sikkert sp\u00f8rgsm\u00e5l om at spille spil online og hvordan det hele fungerer. Nogle af dine sp\u00f8rgsm\u00e5l er de samme, som mange andre nye online casino spillere har. Disse sp\u00f8rgsm\u00e5l er besvaret i denne FAQ-sektion og vil hj\u00e6lpe dig med at komme i gang.<\/p>\n<p><strong>Skal jeg v\u00e6re en bestemt alder for at spille p\u00e5 et online casino?<\/strong><\/p>\n<p>Hvert online casino fasts\u00e6tter sine egne regler og retningslinjer. De fleste af dem kr\u00e6ver dog, at spillerne er 18 eller 21 \u00e5r for at kunne deltage i casinospil med rigtige penge.<\/p>\n<p><strong>Skal jeg downloade noget p\u00e5 min computer for at kunne spille online casinospil?<\/strong><\/p>\n<p>Mange af online casinoerne giver dig mulighed for at spille i instant play-tilstand. N\u00e5r du v\u00e6lger at benytte instant play-tilstanden, beh\u00f8ver du ikke downloade noget software til din computer.<\/p>\n<p><strong>Hvor sv\u00e6rt er det at registrere sig p\u00e5 et online casino?<\/strong><\/p>\n<p>Processen er faktisk meget nem. Du skal indtaste nogle grundl\u00e6ggende oplysninger om dig selv og downloade og installere softwaren, hvis du planl\u00e6gger at spille de spil, der kr\u00e6ver download. Hele processen tager kun et par minutter.<\/p>\n<p><strong>Skal jeg indbetale penge med det samme?<\/strong><\/p>\n<p>De fleste casinoer lader dig pr\u00f8ve deres spil uden at indbetale penge. Nogle giver dig gratis spins eller lader dig spille gratis i en bestemt periode. Ofte kan du endda beholde dine gevinster i denne periode, hvis du senere indbetaler rigtige penge!<\/p>\n<p><strong>Hvad g\u00e5r bonusserne ud p\u00e5?<\/strong><\/p>\n<p>De fleste online casinoer bruger bonusser til at lokke spillere til at spille der og vende tilbage. Nogle af bonusserne er hundreder eller endda tusinder af dollars v\u00e6rd. Oftest skal du frig\u00f8re bonusserne, f\u00f8r du f\u00e5r adgang til dem. Instruktioner til at frig\u00f8re bonussen kan findes p\u00e5 det online casino, der tilbyder bonussen.<\/p>\n<p><strong>Hvilke spil kan jeg spille p\u00e5 et online casino?<\/strong><\/p>\n<p>Hvert online casino tilbyder sit eget udvalg af spil. Nogle af de mest almindelige spil er dog videoslots, spilleautomater, roulette, craps, blackjack, poker og endda lotterier fra hele verden.<\/p>\n<p><strong>Hvor mange penge kan jeg virkelig vinde ved at spille p\u00e5 et online casino?<\/strong><\/p>\n<p>F\u00f8rst og fremmest er du ikke garanteret at vinde noget som helst. Der er dog mange penge at vinde derude. Du finder spilleautomater med jackpots p\u00e5 millioner af dollars, pokerturneringer med 1 million dollars eller mere i garanteret pr\u00e6miepenge osv. Faktisk har de fleste online casinoer bedre udbetalingsprocenter end landbaserede casinoer. Dette skyldes, at de har lavere omkostninger og har r\u00e5d til at udbetale en h\u00f8jere sats p\u00e5 indsatser.<\/p>\n","protected":false},"excerpt":{"rendered":"<p>Velkommen til Gambling6 \u2013 information om alt, hvad du har brug for at vide om spil om penge For mange mennesker kan verdenen af online spil om rigtige penge virke skr\u00e6mmende og noget, de er tilbageholdende med at pr\u00f8ve. De kan godt lide at spille generelt, men de spekulerer p\u00e5, om online spillesider er til [&hellip;]<\/p>\n","protected":false},"author":1,"featured_media":0,"parent":0,"menu_order":1,"comment_status":"closed","ping_status":"closed","template":"","meta":{"footnotes":""},"class_list":["post-8084","page","type-page","status-publish","hentry"],"yoast_head":"<!-- This site is optimized with the Yoast SEO plugin v27.4 - https:\/\/yoast.com\/product\/yoast-seo-wordpress\/ -->\n<title>Best Online Gambling for money | Welcome to Gambling<\/title>\n<meta name=\"description\" content=\"If you enjoy gambling for money, our gambling resource site has all the info you need on the 6 most popular online games\" \/>\n<meta name=\"robots\" content=\"index, follow, max-snippet:-1, max-image-preview:large, max-video-preview:-1\" \/>\n<link rel=\"canonical\" href=\"https:\/\/gambling6.com\/da\/\" \/>\n<meta property=\"og:locale\" content=\"da_DK\" \/>\n<meta property=\"og:type\" content=\"article\" \/>\n<meta property=\"og:title\" content=\"Best Online Gambling for money | Welcome to Gambling\" \/>\n<meta property=\"og:description\" content=\"If you enjoy gambling for money, our gambling resource site has all the info you need on the 6 most popular online games\" \/>\n<meta property=\"og:url\" content=\"https:\/\/gambling6.com\/da\/\" \/>\n<meta property=\"og:site_name\" content=\"Gambling6\" \/>\n<meta property=\"article:modified_time\" content=\"2025-10-29T11:29:57+00:00\" \/>\n<meta property=\"og:image\" content=\"https:\/\/gambling6.com\/wp-content\/uploads\/2022\/04\/1_win_lottery_online1.jpg\" \/>\n\t<meta property=\"og:image:width\" content=\"300\" \/>\n\t<meta property=\"og:image:height\" content=\"199\" \/>\n\t<meta property=\"og:image:type\" content=\"image\/jpeg\" \/>\n<meta name=\"twitter:card\" content=\"summary_large_image\" \/>\n<meta name=\"twitter:label1\" content=\"Estimeret l\u00e6setid\" \/>\n\t<meta name=\"twitter:data1\" content=\"5 minutter\" \/>\n<script type=\"application\/ld+json\" class=\"yoast-schema-graph\">{\"@context\":\"https:\\\/\\\/schema.org\",\"@graph\":[{\"@type\":\"WebPage\",\"@id\":\"https:\\\/\\\/gambling6.com\\\/da\\\/\",\"url\":\"https:\\\/\\\/gambling6.com\\\/da\\\/\",\"name\":\"Best Online Gambling for money | Welcome to Gambling\",\"isPartOf\":{\"@id\":\"https:\\\/\\\/gambling6.com\\\/da\\\/#website\"},\"primaryImageOfPage\":{\"@id\":\"https:\\\/\\\/gambling6.com\\\/da\\\/#primaryimage\"},\"image\":{\"@id\":\"https:\\\/\\\/gambling6.com\\\/da\\\/#primaryimage\"},\"thumbnailUrl\":\"https:\\\/\\\/gambling6.com\\\/wp-content\\\/uploads\\\/2022\\\/04\\\/1_win_lottery_online1.jpg\",\"datePublished\":\"2025-10-29T08:22:13+00:00\",\"dateModified\":\"2025-10-29T11:29:57+00:00\",\"description\":\"If you enjoy gambling for money, our gambling resource site has all the info you need on the 6 most popular online games\",\"breadcrumb\":{\"@id\":\"https:\\\/\\\/gambling6.com\\\/da\\\/#breadcrumb\"},\"inLanguage\":\"da-DK\",\"potentialAction\":[{\"@type\":\"ReadAction\",\"target\":[\"https:\\\/\\\/gambling6.com\\\/da\\\/\"]}]},{\"@type\":\"ImageObject\",\"inLanguage\":\"da-DK\",\"@id\":\"https:\\\/\\\/gambling6.com\\\/da\\\/#primaryimage\",\"url\":\"https:\\\/\\\/gambling6.com\\\/wp-content\\\/uploads\\\/2022\\\/04\\\/1_win_lottery_online1.jpg\",\"contentUrl\":\"https:\\\/\\\/gambling6.com\\\/wp-content\\\/uploads\\\/2022\\\/04\\\/1_win_lottery_online1.jpg\"},{\"@type\":\"BreadcrumbList\",\"@id\":\"https:\\\/\\\/gambling6.com\\\/da\\\/#breadcrumb\",\"itemListElement\":[{\"@type\":\"ListItem\",\"position\":1,\"name\":\"Home\",\"item\":\"https:\\\/\\\/gambling6.com\\\/da\\\/home\\\/\"},{\"@type\":\"ListItem\",\"position\":2,\"name\":\"Home\"}]},{\"@type\":\"WebSite\",\"@id\":\"https:\\\/\\\/gambling6.com\\\/da\\\/#website\",\"url\":\"https:\\\/\\\/gambling6.com\\\/da\\\/\",\"name\":\"Gambling6\",\"description\":\"\",\"potentialAction\":[{\"@type\":\"SearchAction\",\"target\":{\"@type\":\"EntryPoint\",\"urlTemplate\":\"https:\\\/\\\/gambling6.com\\\/da\\\/?s={search_term_string}\"},\"query-input\":{\"@type\":\"PropertyValueSpecification\",\"valueRequired\":true,\"valueName\":\"search_term_string\"}}],\"inLanguage\":\"da-DK\"}]}<\/script>\n<!-- \/ Yoast SEO plugin. -->","yoast_head_json":{"title":"Best Online Gambling for money | Welcome to Gambling","description":"If you enjoy gambling for money, our gambling resource site has all the info you need on the 6 most popular online games","robots":{"index":"index","follow":"follow","max-snippet":"max-snippet:-1","max-image-preview":"max-image-preview:large","max-video-preview":"max-video-preview:-1"},"canonical":"https:\/\/gambling6.com\/da\/","og_locale":"da_DK","og_type":"article","og_title":"Best Online Gambling for money | Welcome to Gambling","og_description":"If you enjoy gambling for money, our gambling resource site has all the info you need on the 6 most popular online games","og_url":"https:\/\/gambling6.com\/da\/","og_site_name":"Gambling6","article_modified_time":"2025-10-29T11:29:57+00:00","og_image":[{"width":300,"height":199,"url":"https:\/\/gambling6.com\/wp-content\/uploads\/2022\/04\/1_win_lottery_online1.jpg","type":"image\/jpeg"}],"twitter_card":"summary_large_image","twitter_misc":{"Estimeret l\u00e6setid":"5 minutter"},"schema":{"@context":"https:\/\/schema.org","@graph":[{"@type":"WebPage","@id":"https:\/\/gambling6.com\/da\/","url":"https:\/\/gambling6.com\/da\/","name":"Best Online Gambling for money | Welcome to Gambling","isPartOf":{"@id":"https:\/\/gambling6.com\/da\/#website"},"primaryImageOfPage":{"@id":"https:\/\/gambling6.com\/da\/#primaryimage"},"image":{"@id":"https:\/\/gambling6.com\/da\/#primaryimage"},"thumbnailUrl":"https:\/\/gambling6.com\/wp-content\/uploads\/2022\/04\/1_win_lottery_online1.jpg","datePublished":"2025-10-29T08:22:13+00:00","dateModified":"2025-10-29T11:29:57+00:00","description":"If you enjoy gambling for money, our gambling resource site has all the info you need on the 6 most popular online games","breadcrumb":{"@id":"https:\/\/gambling6.com\/da\/#breadcrumb"},"inLanguage":"da-DK","potentialAction":[{"@type":"ReadAction","target":["https:\/\/gambling6.com\/da\/"]}]},{"@type":"ImageObject","inLanguage":"da-DK","@id":"https:\/\/gambling6.com\/da\/#primaryimage","url":"https:\/\/gambling6.com\/wp-content\/uploads\/2022\/04\/1_win_lottery_online1.jpg","contentUrl":"https:\/\/gambling6.com\/wp-content\/uploads\/2022\/04\/1_win_lottery_online1.jpg"},{"@type":"BreadcrumbList","@id":"https:\/\/gambling6.com\/da\/#breadcrumb","itemListElement":[{"@type":"ListItem","position":1,"name":"Home","item":"https:\/\/gambling6.com\/da\/home\/"},{"@type":"ListItem","position":2,"name":"Home"}]},{"@type":"WebSite","@id":"https:\/\/gambling6.com\/da\/#website","url":"https:\/\/gambling6.com\/da\/","name":"Gambling6","description":"","potentialAction":[{"@type":"SearchAction","target":{"@type":"EntryPoint","urlTemplate":"https:\/\/gambling6.com\/da\/?s={search_term_string}"},"query-input":{"@type":"PropertyValueSpecification","valueRequired":true,"valueName":"search_term_string"}}],"inLanguage":"da-DK"}]}},"_links":{"self":[{"href":"https:\/\/gambling6.com\/da\/wp-json\/wp\/v2\/pages\/8084","targetHints":{"allow":["GET"]}}],"collection":[{"href":"https:\/\/gambling6.com\/da\/wp-json\/wp\/v2\/pages"}],"about":[{"href":"https:\/\/gambling6.com\/da\/wp-json\/wp\/v2\/types\/page"}],"author":[{"embeddable":true,"href":"https:\/\/gambling6.com\/da\/wp-json\/wp\/v2\/users\/1"}],"replies":[{"embeddable":true,"href":"https:\/\/gambling6.com\/da\/wp-json\/wp\/v2\/comments?post=8084"}],"version-history":[{"count":2,"href":"https:\/\/gambling6.com\/da\/wp-json\/wp\/v2\/pages\/8084\/revisions"}],"predecessor-version":[{"id":8114,"href":"https:\/\/gambling6.com\/da\/wp-json\/wp\/v2\/pages\/8084\/revisions\/8114"}],"wp:attachment":[{"href":"https:\/\/gambling6.com\/da\/wp-json\/wp\/v2\/media?parent=8084"}],"curies":[{"name":"wp","href":"https:\/\/api.w.org\/{rel}","templated":true}]}}