{"id":8281,"date":"2025-11-07T09:00:29","date_gmt":"2025-11-07T09:00:29","guid":{"rendered":"https:\/\/gambling6.com\/kasino\/"},"modified":"2025-11-15T07:14:16","modified_gmt":"2025-11-15T07:14:16","slug":"kasino","status":"publish","type":"page","link":"https:\/\/gambling6.com\/da\/kasino\/","title":{"rendered":"Kasino"},"content":{"rendered":"<h2>Guide til online casino-startere<\/h2>\n<p>Lad os se det i \u00f8jnene &#8211; online casino er kommet for at blive. I betragtning af den stigende popularitet er det bekr\u00e6ftet, at spillerne elsker det. Spil online med rigtige penge har gjort alle glade, n\u00e5r de f\u00f8rst er kommet i gang, og de beder om mere. N\u00e6sten hver dag skifter en stor m\u00e6ngde penge h\u00e6nder i disse casinoer med rigtige penge. Uanset om det er indbetalinger eller udbetalinger, sker alt med superhurtig hastighed via internettet.<\/p>\n<p>Det er dog her, mange mennesker faktisk bliver lidt nerv\u00f8se. I stedet for kort- eller spilleautomatkombinationerne er det betalingsmulighederne og deres sikkerhed, der generer spillerne. De kan heller ikke bebrejdes. Internettransaktioner kan for\u00e5rsage en masse hovedpine, hvis man ikke er forsigtig nok.<\/p>\n<p>Derfor g\u00f8r mange online casinoer en stor indsats for at overbevise kunderne om, at de <strong>betalingsmuligheder, der tilbydes p\u00e5 deres websteder, er sikre og tryge.<\/strong> Det er faktisk en god id\u00e9 at v\u00e6re forsigtig, n\u00e5r det kommer til onlinetransaktioner. Det sidste, du \u00f8nsker, er, at dine kreditkortoplysninger kommer i de forkerte h\u00e6nder. Internettet har en hel del hackere og svindlere, og det sidste, du \u00f8nsker, er at blive deres n\u00e6ste offer. Det bedste, du kan g\u00f8re, er at \u00f8ge din viden om online betalingsmetoder og deres udvalg.<\/p>\n<p>Der findes en hel del betalingskanaler, som online casinoer tilbyder, og som er sikre at bruge, n\u00e5r du spiller online. Betaling med kredit- eller betalingskort er ret almindeligt i online casino-scenarier. N\u00e6sten alle casinoer accepterer Visa- og MasterCards samt American Express-kort. Du kan bruge et hvilket som helst af disse kort til at foretage transaktioner.<\/p>\n<h2>Online casinoer, der accepterer amerikanske kunder<\/h2>\n<p><img loading=\"lazy\" decoding=\"async\" class=\" wp-image-2901 alignright\" src=\"https:\/\/gambling6.com\/wp-content\/uploads\/2022\/04\/download-image2-300x190.jpg\" alt=\"download online casino\" width=\"249\" height=\"158\" srcset=\"https:\/\/gambling6.com\/wp-content\/uploads\/2022\/04\/download-image2-300x190.jpg 300w, https:\/\/gambling6.com\/wp-content\/uploads\/2022\/04\/download-image2.jpg 435w\" sizes=\"auto, (max-width: 249px) 100vw, 249px\" \/>Hvis du er bosiddende i USA, er dine muligheder for online casinoer noget begr\u00e6nsede p\u00e5 grund af amerikansk lovgivning. Det samme g\u00e6lder for betalingsmuligheder, der er tilg\u00e6ngelige for dig. Derfor b\u00f8r du som amerikansk bosiddende lede efter et casino med bekvemme metoder til ind- og udbetalinger for at komme i gang med at spille online.<\/p>\n<p>Is\u00e6r n\u00e5r det kommer til nem betalingsbehandling, skiller BetOnline casino sig ud fra m\u00e6ngden, og derfor anbefaler vi dem varmt til amerikanske bes\u00f8gende. <a class=\"thirstylink\" title=\"Betonline casino en\" href=\"https:\/\/gambling6.com\/go\/betonline-casino-en\/\" target=\"_blank\" rel=\"nofollow noopener\"><strong>Klik <\/strong><strong>her for at bes\u00f8ge dem nu.<\/strong><\/a><\/p>\n<p>Selvom det kan virke som et oplagt forslag, skal du, inden du indtaster dine kreditkortoplysninger, s\u00f8rge for at v\u00e6re klar over form\u00e5let med transaktionen og stole p\u00e5 webstedet. Du kan ogs\u00e5 g\u00e5 ud over at indtaste kreditkortoplysninger ved at v\u00e6lge online betalingsmetoder. Der er en hel del onlineportaler, der er dedikeret til dette form\u00e5l. Det er sandt, at casinoer m\u00e5ske har deres foretrukne online transaktionswebsted, men der er nogle, der er mere popul\u00e6re end andre.<\/p>\n<p>Disse online transaktionssider inkluderer Neteller, Money Transfer, eWalletXpress, PayPal, Instadebit og Moneybookers. Moneybookers er en metode, der er ret popul\u00e6r i europ\u00e6iske lande, herunder Storbritannien. Denne facilitet har gjort europ\u00e6iske borgere til store fans af online casinoer.<\/p>\n<h2>Casioer, der behandler betalinger via PayPal<\/h2>\n<p>Hvis du er bekendt med PayPal, vil du ikke have noget problem med at bruge det til dine online spillesessioner. Alt du skal g\u00f8re er at registrere dit navn og parre dit kreditkort med kontoen. Denne betalingsmetode accepteres af de fleste casinoer og online gambling-sider. Hvis du vil forblive anonym, n\u00e5r du spiller online, er eWalletXpress bedst egnet til dig. Udover sikkerhed hj\u00e6lper dette websted indskydere med at forblive skjulte. Det er en hurtig transaktionsmetode, der accepteres af de fleste online casinoer.<\/p>\n<p>Takket v\u00e6re populariteten af \u200b\u200bonline transaktioner, herunder online gambling, har PayPal f\u00e5et meget opm\u00e6rksomhed. Det ser ud til, at der er et lille antal casinoer, der stoler p\u00e5 dette websted for dets sikre betalingsmetode.<\/p>\n<p>888 Casino tilbyder PayPal-muligheden til alle sine spillere bosiddende i Storbritannien og Irland. Hvis du dog er bosiddende i Australien og \u00f8nsker at spille p\u00e5 denne side, kan du foretage dine transaktioner via MasterCard. Udover de to ovenn\u00e6vnte lande er de andre europ\u00e6iske lande, der er d\u00e6kket af dette online transaktionssystem, Spanien, Portugal, Italien, \u00d8strig, Finland, Sverige og Danmark.<\/p>\n<p>Lige nu har 888 Casino endda et godt tilbud til nye spillere: **en 100% og op til \u20ac1500,00 bonus p\u00e5 din f\u00f8rste indbetaling for nye spillere!** Dette kampagnetilbud er kun for beboere i bestemte lande. <a class=\"thirstylink\" title=\"888 casino en\" href=\"https:\/\/gambling6.com\/go\/888-casino-en\/\" target=\"_blank\" rel=\"nofollow noopener\">Se venligst 888&#8217;s hjemmesider for mere information.**<\/a><\/p>\n<p>Kort sagt har de fleste betalingsmuligheder for alle spillere, uanset hvor de bor.Amerikanske og australske statsborgere kan bruge Visa, MasterCard, Neteller og Moneybookers, mens de, der bor i Europa, kan bruge PayPal-systemet.<\/p>\n<p>888 Casino har en r\u00e6kke forskellige spil, inklusive 3D-spil. Du kan placere dine indsatser med PayPal, MasterCard eller enhver anden accepteret betalingsmetode. Alle disse betalingsmetoder er ret sikre. Men som med mange andre online casinoer har 888casinos.com ogs\u00e5 et minimumsbel\u00f8b for indbetaling, som du skal overholde. Bel\u00f8bet afh\u00e6nger ofte af den valgte betalingsmetode. Hvis du bruger MasterCard eller Visa, skal du betale $20, \u20ac20 eller \u00a320, afh\u00e6ngigt af den region, du befinder dig i. Spillere, der bruger Maestro-betalingskort, skal dog indbetale mindst $10 eller \u20ac10. Hvis du bruger onlinesider som PayPal, MoneyBookers eller Neteller, er minimumsbel\u00f8bet $20.<\/p>\n<p>Bel\u00f8bet kan i de fleste tilf\u00e6lde variere fra valuta til valuta afh\u00e6ngigt af valutakursen og andre g\u00e6ldende gebyrer. Derfor kan en spiller indbetale 10 pund via Neteller, mens en anden spiller ender med at betale 20 dollars, hvilket er det dobbelte af det foreg\u00e5ende bel\u00f8b. S\u00e5 n\u00e5r du foretager transaktionerne, er det bedre at kende den valuta, du skal bruge p\u00e5 et bestemt casino.<\/p>\n<p>Konklusionen er, at n\u00e5r du spiller online med dine penge p\u00e5 et online casino, er det bedre at bruge en p\u00e5lidelig betalingsmetode. P\u00e5 den m\u00e5de beh\u00f8ver du ikke at fortryde det senere. Du er trods alt der for at have det sjovt og ikke ende som offer for svindel. S\u00e5 spil sikkert og lad hjulet dreje!<\/p>\n","protected":false},"excerpt":{"rendered":"<p>Guide til online casino-startere Lad os se det i \u00f8jnene &#8211; online casino er kommet for at blive. I betragtning af den stigende popularitet er det bekr\u00e6ftet, at spillerne elsker det. Spil online med rigtige penge har gjort alle glade, n\u00e5r de f\u00f8rst er kommet i gang, og de beder om mere. N\u00e6sten hver dag [&hellip;]<\/p>\n","protected":false},"author":1,"featured_media":0,"parent":0,"menu_order":2,"comment_status":"closed","ping_status":"closed","template":"","meta":{"footnotes":""},"class_list":["post-8281","page","type-page","status-publish","hentry"],"yoast_head":"<!-- This site is optimized with the Yoast SEO plugin v27.3 - https:\/\/yoast.com\/product\/yoast-seo-wordpress\/ -->\n<title>Kom i gang med online gambling | Online casino guide<\/title>\n<meta name=\"description\" content=\"Lad os se det i \u00f8jnene - online casino er kommet for at blive. Kom i gang nu \u2013 vores online casino guide hj\u00e6lper dig med at v\u00e6lge de bedste sider for dig\" \/>\n<meta name=\"robots\" content=\"index, follow, max-snippet:-1, max-image-preview:large, max-video-preview:-1\" \/>\n<link rel=\"canonical\" href=\"https:\/\/gambling6.com\/da\/kasino\/\" \/>\n<meta property=\"og:locale\" content=\"da_DK\" \/>\n<meta property=\"og:type\" content=\"article\" \/>\n<meta property=\"og:title\" content=\"Kom i gang med online gambling | Online casino guide\" \/>\n<meta property=\"og:description\" content=\"Lad os se det i \u00f8jnene - online casino er kommet for at blive. Kom i gang nu \u2013 vores online casino guide hj\u00e6lper dig med at v\u00e6lge de bedste sider for dig\" \/>\n<meta property=\"og:url\" content=\"https:\/\/gambling6.com\/da\/kasino\/\" \/>\n<meta property=\"og:site_name\" content=\"Gambling6\" \/>\n<meta property=\"article:modified_time\" content=\"2025-11-15T07:14:16+00:00\" \/>\n<meta property=\"og:image\" content=\"https:\/\/gambling6.com\/wp-content\/uploads\/2022\/04\/download-image2.jpg\" \/>\n\t<meta property=\"og:image:width\" content=\"435\" \/>\n\t<meta property=\"og:image:height\" content=\"276\" \/>\n\t<meta property=\"og:image:type\" content=\"image\/jpeg\" \/>\n<meta name=\"twitter:card\" content=\"summary_large_image\" \/>\n<meta name=\"twitter:label1\" content=\"Estimeret l\u00e6setid\" \/>\n\t<meta name=\"twitter:data1\" content=\"5 minutter\" \/>\n<script type=\"application\/ld+json\" class=\"yoast-schema-graph\">{\"@context\":\"https:\\\/\\\/schema.org\",\"@graph\":[{\"@type\":\"WebPage\",\"@id\":\"https:\\\/\\\/gambling6.com\\\/da\\\/kasino\\\/\",\"url\":\"https:\\\/\\\/gambling6.com\\\/da\\\/kasino\\\/\",\"name\":\"Kom i gang med online gambling | Online casino guide\",\"isPartOf\":{\"@id\":\"https:\\\/\\\/gambling6.com\\\/da\\\/#website\"},\"primaryImageOfPage\":{\"@id\":\"https:\\\/\\\/gambling6.com\\\/da\\\/kasino\\\/#primaryimage\"},\"image\":{\"@id\":\"https:\\\/\\\/gambling6.com\\\/da\\\/kasino\\\/#primaryimage\"},\"thumbnailUrl\":\"https:\\\/\\\/gambling6.com\\\/wp-content\\\/uploads\\\/2022\\\/04\\\/download-image2-300x190.jpg\",\"datePublished\":\"2025-11-07T09:00:29+00:00\",\"dateModified\":\"2025-11-15T07:14:16+00:00\",\"description\":\"Lad os se det i \u00f8jnene - online casino er kommet for at blive. Kom i gang nu \u2013 vores online casino guide hj\u00e6lper dig med at v\u00e6lge de bedste sider for dig\",\"breadcrumb\":{\"@id\":\"https:\\\/\\\/gambling6.com\\\/da\\\/kasino\\\/#breadcrumb\"},\"inLanguage\":\"da-DK\",\"potentialAction\":[{\"@type\":\"ReadAction\",\"target\":[\"https:\\\/\\\/gambling6.com\\\/da\\\/kasino\\\/\"]}]},{\"@type\":\"ImageObject\",\"inLanguage\":\"da-DK\",\"@id\":\"https:\\\/\\\/gambling6.com\\\/da\\\/kasino\\\/#primaryimage\",\"url\":\"https:\\\/\\\/gambling6.com\\\/wp-content\\\/uploads\\\/2022\\\/04\\\/download-image2-300x190.jpg\",\"contentUrl\":\"https:\\\/\\\/gambling6.com\\\/wp-content\\\/uploads\\\/2022\\\/04\\\/download-image2-300x190.jpg\"},{\"@type\":\"BreadcrumbList\",\"@id\":\"https:\\\/\\\/gambling6.com\\\/da\\\/kasino\\\/#breadcrumb\",\"itemListElement\":[{\"@type\":\"ListItem\",\"position\":1,\"name\":\"Home\",\"item\":\"https:\\\/\\\/gambling6.com\\\/da\\\/home\\\/\"},{\"@type\":\"ListItem\",\"position\":2,\"name\":\"Kasino\"}]},{\"@type\":\"WebSite\",\"@id\":\"https:\\\/\\\/gambling6.com\\\/da\\\/#website\",\"url\":\"https:\\\/\\\/gambling6.com\\\/da\\\/\",\"name\":\"Gambling6\",\"description\":\"\",\"potentialAction\":[{\"@type\":\"SearchAction\",\"target\":{\"@type\":\"EntryPoint\",\"urlTemplate\":\"https:\\\/\\\/gambling6.com\\\/da\\\/?s={search_term_string}\"},\"query-input\":{\"@type\":\"PropertyValueSpecification\",\"valueRequired\":true,\"valueName\":\"search_term_string\"}}],\"inLanguage\":\"da-DK\"}]}<\/script>\n<!-- \/ Yoast SEO plugin. -->","yoast_head_json":{"title":"Kom i gang med online gambling | Online casino guide","description":"Lad os se det i \u00f8jnene - online casino er kommet for at blive. Kom i gang nu \u2013 vores online casino guide hj\u00e6lper dig med at v\u00e6lge de bedste sider for dig","robots":{"index":"index","follow":"follow","max-snippet":"max-snippet:-1","max-image-preview":"max-image-preview:large","max-video-preview":"max-video-preview:-1"},"canonical":"https:\/\/gambling6.com\/da\/kasino\/","og_locale":"da_DK","og_type":"article","og_title":"Kom i gang med online gambling | Online casino guide","og_description":"Lad os se det i \u00f8jnene - online casino er kommet for at blive. Kom i gang nu \u2013 vores online casino guide hj\u00e6lper dig med at v\u00e6lge de bedste sider for dig","og_url":"https:\/\/gambling6.com\/da\/kasino\/","og_site_name":"Gambling6","article_modified_time":"2025-11-15T07:14:16+00:00","og_image":[{"width":435,"height":276,"url":"https:\/\/gambling6.com\/wp-content\/uploads\/2022\/04\/download-image2.jpg","type":"image\/jpeg"}],"twitter_card":"summary_large_image","twitter_misc":{"Estimeret l\u00e6setid":"5 minutter"},"schema":{"@context":"https:\/\/schema.org","@graph":[{"@type":"WebPage","@id":"https:\/\/gambling6.com\/da\/kasino\/","url":"https:\/\/gambling6.com\/da\/kasino\/","name":"Kom i gang med online gambling | Online casino guide","isPartOf":{"@id":"https:\/\/gambling6.com\/da\/#website"},"primaryImageOfPage":{"@id":"https:\/\/gambling6.com\/da\/kasino\/#primaryimage"},"image":{"@id":"https:\/\/gambling6.com\/da\/kasino\/#primaryimage"},"thumbnailUrl":"https:\/\/gambling6.com\/wp-content\/uploads\/2022\/04\/download-image2-300x190.jpg","datePublished":"2025-11-07T09:00:29+00:00","dateModified":"2025-11-15T07:14:16+00:00","description":"Lad os se det i \u00f8jnene - online casino er kommet for at blive. Kom i gang nu \u2013 vores online casino guide hj\u00e6lper dig med at v\u00e6lge de bedste sider for dig","breadcrumb":{"@id":"https:\/\/gambling6.com\/da\/kasino\/#breadcrumb"},"inLanguage":"da-DK","potentialAction":[{"@type":"ReadAction","target":["https:\/\/gambling6.com\/da\/kasino\/"]}]},{"@type":"ImageObject","inLanguage":"da-DK","@id":"https:\/\/gambling6.com\/da\/kasino\/#primaryimage","url":"https:\/\/gambling6.com\/wp-content\/uploads\/2022\/04\/download-image2-300x190.jpg","contentUrl":"https:\/\/gambling6.com\/wp-content\/uploads\/2022\/04\/download-image2-300x190.jpg"},{"@type":"BreadcrumbList","@id":"https:\/\/gambling6.com\/da\/kasino\/#breadcrumb","itemListElement":[{"@type":"ListItem","position":1,"name":"Home","item":"https:\/\/gambling6.com\/da\/home\/"},{"@type":"ListItem","position":2,"name":"Kasino"}]},{"@type":"WebSite","@id":"https:\/\/gambling6.com\/da\/#website","url":"https:\/\/gambling6.com\/da\/","name":"Gambling6","description":"","potentialAction":[{"@type":"SearchAction","target":{"@type":"EntryPoint","urlTemplate":"https:\/\/gambling6.com\/da\/?s={search_term_string}"},"query-input":{"@type":"PropertyValueSpecification","valueRequired":true,"valueName":"search_term_string"}}],"inLanguage":"da-DK"}]}},"_links":{"self":[{"href":"https:\/\/gambling6.com\/da\/wp-json\/wp\/v2\/pages\/8281","targetHints":{"allow":["GET"]}}],"collection":[{"href":"https:\/\/gambling6.com\/da\/wp-json\/wp\/v2\/pages"}],"about":[{"href":"https:\/\/gambling6.com\/da\/wp-json\/wp\/v2\/types\/page"}],"author":[{"embeddable":true,"href":"https:\/\/gambling6.com\/da\/wp-json\/wp\/v2\/users\/1"}],"replies":[{"embeddable":true,"href":"https:\/\/gambling6.com\/da\/wp-json\/wp\/v2\/comments?post=8281"}],"version-history":[{"count":3,"href":"https:\/\/gambling6.com\/da\/wp-json\/wp\/v2\/pages\/8281\/revisions"}],"predecessor-version":[{"id":10814,"href":"https:\/\/gambling6.com\/da\/wp-json\/wp\/v2\/pages\/8281\/revisions\/10814"}],"wp:attachment":[{"href":"https:\/\/gambling6.com\/da\/wp-json\/wp\/v2\/media?parent=8281"}],"curies":[{"name":"wp","href":"https:\/\/api.w.org\/{rel}","templated":true}]}}