{"id":8345,"date":"2025-11-07T11:40:05","date_gmt":"2025-11-07T11:40:05","guid":{"rendered":"https:\/\/gambling6.com\/kasino\/casinoanmeldelser\/"},"modified":"2025-11-12T06:37:01","modified_gmt":"2025-11-12T06:37:01","slug":"casinoanmeldelser","status":"publish","type":"page","link":"https:\/\/gambling6.com\/da\/kasino\/casinoanmeldelser\/","title":{"rendered":"Casinoanmeldelser"},"content":{"rendered":"<h2>Hj\u00e6lper dig med at v\u00e6lge den bedste spilleside via vores anmeldelser<\/h2>\n<p>Casino-websteder er de steder, der tilbyder dig muligheden for at placere dine v\u00e6ddem\u00e5l p\u00e5 casinospil eller sport, eller spille i et online pokerrum. Online gambling giver dig bekvemmeligheden ved at spille hjemmefra. Du kan nyde sp\u00e6ndingen ved at spille p\u00e5 dine yndlingssportsgrene uden at forlade dit hjems komfort. Populariteten af \u200b\u200bonline gambling har givet anledning til masser af online betting-websteder og casinoer. Ligesom enhver anden branche har online gambling ogs\u00e5 skruppell\u00f8se operat\u00f8rer. Derfor er det afg\u00f8rende at v\u00e6lge den bedste casino-websted. <strong>At tjekke vores casino-anmeldelser kan hj\u00e6lpe dig med at afg\u00f8re, om det er et p\u00e5lideligt casino.<\/strong><\/p>\n<p><a href=\"https:\/\/ic.aff-handler.com\/C\/47965?sr=1064399&amp;anid=\" rel=\"nofollow\"><img loading=\"lazy\" decoding=\"async\" class=\"alignright\" src=\"https:\/\/ic.aff-handler.com\/I\/47965?sr=1064399&amp;anid=\" width=\"420\" height=\"84\" \/><\/a><\/p>\n<ul>\n<li><strong>Omd\u00f8mme<\/strong><\/li>\n<\/ul>\n<p>Casino-hjemmesiders omd\u00f8mme er det f\u00f8rste og vigtigste, man skal kigge efter, f\u00f8r man tr\u00e6ffer en beslutning. Da du ikke kan inspicere casinoet fysisk, er du n\u00f8dt til at stole p\u00e5 dets omd\u00f8mme for at beslutte, om du vil spille der eller ej. De bedste casino-hjemmesider er dem, der har mange \u00e5rs erfaring i branchen og har etableret et godt ry for at yde fremragende kundeservice.<\/p>\n<ul>\n<li><strong>Licens<\/strong><\/li>\n<\/ul>\n<p>P\u00e5lidelige casino-websteder indhenter de n\u00f8dvendige licenser til at drive deres aktiviteter. Velrenommerede spillekommissioner eller registrerede spillemyndigheder i bestemte jurisdiktioner udsteder licenser til spillesiderne efter at have sikret sig, at casino-webstedet opfylder visse standarder med hensyn til sikkerhed, fair spilpolitik, udbetalinger og kundeservice. P\u00e5lidelige spillesider viser denne licens tydeligt, men en <strong>god casinoanmeldelse b\u00f8r ogs\u00e5 fort\u00e6lle dig, hvor casinoet er licenseret<\/strong>. Det f\u00e5r ogs\u00e5 sine systemer og processer revideret af respektive organer og indhenter certificeringer. Du kan se disse certificeringer p\u00e5 deres websteder. At v\u00e6lge et spillested, der er licenseret, hj\u00e6lper dig med at nyde en sikker spiloplevelse.<\/p>\n<ul>\n<li><strong>Spilmuligheder<\/strong><\/li>\n<\/ul>\n<p>Det casino-sted, du \u00f8nsker at v\u00e6lge, skal tilbyde en r\u00e6kke spil, herunder craps, roulette, blackjack, spilleautomater, videopoker og bordspil. Den spillesoftware, der bruges af casino-siden, hj\u00e6lper dig med at bed\u00f8mme kvaliteten af \u200b\u200bspiloplevelsen. Hvis du v\u00e6lger et casino, der tilbyder et bredt udvalg af spil, vil din online spilleoplevelse blive mere forn\u00f8jelig.<\/p>\n<ul>\n<li><strong>Spilsoftware<\/strong><\/li>\n<\/ul>\n<p>De bedste online spillesider bruger den mest robuste spilsoftware, der giver dig et milj\u00f8, der f\u00e5r dig til at f\u00f8le, at du er p\u00e5 et rigtigt casino. Det tilbyder grafik og lyd af h\u00f8jeste kvalitet. Det er brugervenligt, s\u00e5 du kan nemt downloade, installere og bruge det.<\/p>\n<ul>\n<li><strong>Indbetalings- og udbetalingsmuligheder<\/strong><\/li>\n<\/ul>\n<p>Det er afg\u00f8rende at l\u00e6se anmeldelserne af de indbetalings- og udbetalingsmuligheder, som online casinoet tilbyder. Mulighederne b\u00f8r v\u00e6re passende til dine behov. I dag \u00f8nsker mange spillere mere sikkerhed, n\u00e5r de spiller p\u00e5 online casinoer, s\u00e5 de \u00f8nsker mere end \u00e9n indbetalingsmulighed. Det bedste spillesite tilbyder forskellige muligheder, s\u00e5som kreditkort, bankoverf\u00f8rsler, e-wallets som Neteller og PayPal, og kort som Ukash og Paysafecard, og endda kryptovalutabetalinger. Vores casinoanmeldelsessider giver information om, hvorvidt du kan forvente hurtige og problemfri indbetalinger og udbetalinger. Casinoet b\u00f8r g\u00f8re en indsats for at beskytte dine \u00f8konomiske og personlige oplysninger ved at foretage transaktioner via sikre servere.<\/p>\n<ul>\n<li><strong>Kundesupport<\/strong><\/li>\n<\/ul>\n<p><span style=\"background-color: transparent;\">Kundesupport er en af \u200b\u200bde vigtigste ting at overveje, f\u00f8r du v\u00e6lger et <\/span><strong style=\"background-color: transparent;\">casino-websted.<\/strong><span style=\"background-color: transparent;\"> Det bedste websted tilbyder venlig kundesupport via telefon, e-mail og livechat 24\/7.<\/span><\/p>\n<p>Hvis du er i tvivl, s\u00e5 v\u00e6lg bare et markedsledende casino som 888 Casino &#8211; de d\u00e6kker alt dit spil. <a class=\"thirstylink\" title=\"888 casino en\" href=\"https:\/\/gambling6.com\/go\/888-casino-en\/\" target=\"_blank\" rel=\"nofollow noopener\">Klik her for at bes\u00f8ge 888 i dag<\/a>.<\/p>\n","protected":false},"excerpt":{"rendered":"<p>Hj\u00e6lper dig med at v\u00e6lge den bedste spilleside via vores anmeldelser Casino-websteder er de steder, der tilbyder dig muligheden for at placere dine v\u00e6ddem\u00e5l p\u00e5 casinospil eller sport, eller spille i et online pokerrum. Online gambling giver dig bekvemmeligheden ved at spille hjemmefra. Du kan nyde sp\u00e6ndingen ved at spille p\u00e5 dine yndlingssportsgrene uden at [&hellip;]<\/p>\n","protected":false},"author":1,"featured_media":0,"parent":8281,"menu_order":0,"comment_status":"closed","ping_status":"closed","template":"","meta":{"footnotes":""},"class_list":["post-8345","page","type-page","status-publish","hentry"],"yoast_head":"<!-- This site is optimized with the Yoast SEO plugin v27.5 - https:\/\/yoast.com\/product\/yoast-seo-wordpress\/ -->\n<title>Anmeldelser og tests af anbefalede online casino hjemmesider<\/title>\n<meta name=\"description\" content=\"Vores anmeldelser af casinohjemmesider giver dig en id\u00e9 om, hvad du skal kigge efter, n\u00e5r du s\u00f8ger efter de bedste online casinosider.\" \/>\n<meta name=\"robots\" content=\"index, follow, max-snippet:-1, max-image-preview:large, max-video-preview:-1\" \/>\n<link rel=\"canonical\" href=\"https:\/\/gambling6.com\/da\/kasino\/casinoanmeldelser\/\" \/>\n<meta property=\"og:locale\" content=\"da_DK\" \/>\n<meta property=\"og:type\" content=\"article\" \/>\n<meta property=\"og:title\" content=\"Anmeldelser og tests af anbefalede online casino hjemmesider\" \/>\n<meta property=\"og:description\" content=\"Vores anmeldelser af casinohjemmesider giver dig en id\u00e9 om, hvad du skal kigge efter, n\u00e5r du s\u00f8ger efter de bedste online casinosider.\" \/>\n<meta property=\"og:url\" content=\"https:\/\/gambling6.com\/da\/kasino\/casinoanmeldelser\/\" \/>\n<meta property=\"og:site_name\" content=\"Gambling6\" \/>\n<meta property=\"article:modified_time\" content=\"2025-11-12T06:37:01+00:00\" \/>\n<meta property=\"og:image\" content=\"https:\/\/ic.aff-handler.com\/I\/47965?sr=1064399&amp;anid=\" \/>\n<meta name=\"twitter:card\" content=\"summary_large_image\" \/>\n<meta name=\"twitter:label1\" content=\"Estimeret l\u00e6setid\" \/>\n\t<meta name=\"twitter:data1\" content=\"3 minutter\" \/>\n<script type=\"application\/ld+json\" class=\"yoast-schema-graph\">{\"@context\":\"https:\\\/\\\/schema.org\",\"@graph\":[{\"@type\":\"WebPage\",\"@id\":\"https:\\\/\\\/gambling6.com\\\/da\\\/kasino\\\/casinoanmeldelser\\\/\",\"url\":\"https:\\\/\\\/gambling6.com\\\/da\\\/kasino\\\/casinoanmeldelser\\\/\",\"name\":\"Anmeldelser og tests af anbefalede online casino hjemmesider\",\"isPartOf\":{\"@id\":\"https:\\\/\\\/gambling6.com\\\/da\\\/#website\"},\"primaryImageOfPage\":{\"@id\":\"https:\\\/\\\/gambling6.com\\\/da\\\/kasino\\\/casinoanmeldelser\\\/#primaryimage\"},\"image\":{\"@id\":\"https:\\\/\\\/gambling6.com\\\/da\\\/kasino\\\/casinoanmeldelser\\\/#primaryimage\"},\"thumbnailUrl\":\"https:\\\/\\\/ic.aff-handler.com\\\/I\\\/47965?sr=1064399&amp;anid=\",\"datePublished\":\"2025-11-07T11:40:05+00:00\",\"dateModified\":\"2025-11-12T06:37:01+00:00\",\"description\":\"Vores anmeldelser af casinohjemmesider giver dig en id\u00e9 om, hvad du skal kigge efter, n\u00e5r du s\u00f8ger efter de bedste online casinosider.\",\"breadcrumb\":{\"@id\":\"https:\\\/\\\/gambling6.com\\\/da\\\/kasino\\\/casinoanmeldelser\\\/#breadcrumb\"},\"inLanguage\":\"da-DK\",\"potentialAction\":[{\"@type\":\"ReadAction\",\"target\":[\"https:\\\/\\\/gambling6.com\\\/da\\\/kasino\\\/casinoanmeldelser\\\/\"]}]},{\"@type\":\"ImageObject\",\"inLanguage\":\"da-DK\",\"@id\":\"https:\\\/\\\/gambling6.com\\\/da\\\/kasino\\\/casinoanmeldelser\\\/#primaryimage\",\"url\":\"https:\\\/\\\/ic.aff-handler.com\\\/I\\\/47965?sr=1064399&amp;anid=\",\"contentUrl\":\"https:\\\/\\\/ic.aff-handler.com\\\/I\\\/47965?sr=1064399&amp;anid=\"},{\"@type\":\"BreadcrumbList\",\"@id\":\"https:\\\/\\\/gambling6.com\\\/da\\\/kasino\\\/casinoanmeldelser\\\/#breadcrumb\",\"itemListElement\":[{\"@type\":\"ListItem\",\"position\":1,\"name\":\"Home\",\"item\":\"https:\\\/\\\/gambling6.com\\\/da\\\/home\\\/\"},{\"@type\":\"ListItem\",\"position\":2,\"name\":\"Kasino\",\"item\":\"https:\\\/\\\/gambling6.com\\\/da\\\/kasino\\\/\"},{\"@type\":\"ListItem\",\"position\":3,\"name\":\"Casinoanmeldelser\"}]},{\"@type\":\"WebSite\",\"@id\":\"https:\\\/\\\/gambling6.com\\\/da\\\/#website\",\"url\":\"https:\\\/\\\/gambling6.com\\\/da\\\/\",\"name\":\"Gambling6\",\"description\":\"\",\"potentialAction\":[{\"@type\":\"SearchAction\",\"target\":{\"@type\":\"EntryPoint\",\"urlTemplate\":\"https:\\\/\\\/gambling6.com\\\/da\\\/?s={search_term_string}\"},\"query-input\":{\"@type\":\"PropertyValueSpecification\",\"valueRequired\":true,\"valueName\":\"search_term_string\"}}],\"inLanguage\":\"da-DK\"}]}<\/script>\n<!-- \/ Yoast SEO plugin. -->","yoast_head_json":{"title":"Anmeldelser og tests af anbefalede online casino hjemmesider","description":"Vores anmeldelser af casinohjemmesider giver dig en id\u00e9 om, hvad du skal kigge efter, n\u00e5r du s\u00f8ger efter de bedste online casinosider.","robots":{"index":"index","follow":"follow","max-snippet":"max-snippet:-1","max-image-preview":"max-image-preview:large","max-video-preview":"max-video-preview:-1"},"canonical":"https:\/\/gambling6.com\/da\/kasino\/casinoanmeldelser\/","og_locale":"da_DK","og_type":"article","og_title":"Anmeldelser og tests af anbefalede online casino hjemmesider","og_description":"Vores anmeldelser af casinohjemmesider giver dig en id\u00e9 om, hvad du skal kigge efter, n\u00e5r du s\u00f8ger efter de bedste online casinosider.","og_url":"https:\/\/gambling6.com\/da\/kasino\/casinoanmeldelser\/","og_site_name":"Gambling6","article_modified_time":"2025-11-12T06:37:01+00:00","og_image":[{"url":"https:\/\/ic.aff-handler.com\/I\/47965?sr=1064399&amp;anid=","type":"","width":"","height":""}],"twitter_card":"summary_large_image","twitter_misc":{"Estimeret l\u00e6setid":"3 minutter"},"schema":{"@context":"https:\/\/schema.org","@graph":[{"@type":"WebPage","@id":"https:\/\/gambling6.com\/da\/kasino\/casinoanmeldelser\/","url":"https:\/\/gambling6.com\/da\/kasino\/casinoanmeldelser\/","name":"Anmeldelser og tests af anbefalede online casino hjemmesider","isPartOf":{"@id":"https:\/\/gambling6.com\/da\/#website"},"primaryImageOfPage":{"@id":"https:\/\/gambling6.com\/da\/kasino\/casinoanmeldelser\/#primaryimage"},"image":{"@id":"https:\/\/gambling6.com\/da\/kasino\/casinoanmeldelser\/#primaryimage"},"thumbnailUrl":"https:\/\/ic.aff-handler.com\/I\/47965?sr=1064399&amp;anid=","datePublished":"2025-11-07T11:40:05+00:00","dateModified":"2025-11-12T06:37:01+00:00","description":"Vores anmeldelser af casinohjemmesider giver dig en id\u00e9 om, hvad du skal kigge efter, n\u00e5r du s\u00f8ger efter de bedste online casinosider.","breadcrumb":{"@id":"https:\/\/gambling6.com\/da\/kasino\/casinoanmeldelser\/#breadcrumb"},"inLanguage":"da-DK","potentialAction":[{"@type":"ReadAction","target":["https:\/\/gambling6.com\/da\/kasino\/casinoanmeldelser\/"]}]},{"@type":"ImageObject","inLanguage":"da-DK","@id":"https:\/\/gambling6.com\/da\/kasino\/casinoanmeldelser\/#primaryimage","url":"https:\/\/ic.aff-handler.com\/I\/47965?sr=1064399&amp;anid=","contentUrl":"https:\/\/ic.aff-handler.com\/I\/47965?sr=1064399&amp;anid="},{"@type":"BreadcrumbList","@id":"https:\/\/gambling6.com\/da\/kasino\/casinoanmeldelser\/#breadcrumb","itemListElement":[{"@type":"ListItem","position":1,"name":"Home","item":"https:\/\/gambling6.com\/da\/home\/"},{"@type":"ListItem","position":2,"name":"Kasino","item":"https:\/\/gambling6.com\/da\/kasino\/"},{"@type":"ListItem","position":3,"name":"Casinoanmeldelser"}]},{"@type":"WebSite","@id":"https:\/\/gambling6.com\/da\/#website","url":"https:\/\/gambling6.com\/da\/","name":"Gambling6","description":"","potentialAction":[{"@type":"SearchAction","target":{"@type":"EntryPoint","urlTemplate":"https:\/\/gambling6.com\/da\/?s={search_term_string}"},"query-input":{"@type":"PropertyValueSpecification","valueRequired":true,"valueName":"search_term_string"}}],"inLanguage":"da-DK"}]}},"_links":{"self":[{"href":"https:\/\/gambling6.com\/da\/wp-json\/wp\/v2\/pages\/8345","targetHints":{"allow":["GET"]}}],"collection":[{"href":"https:\/\/gambling6.com\/da\/wp-json\/wp\/v2\/pages"}],"about":[{"href":"https:\/\/gambling6.com\/da\/wp-json\/wp\/v2\/types\/page"}],"author":[{"embeddable":true,"href":"https:\/\/gambling6.com\/da\/wp-json\/wp\/v2\/users\/1"}],"replies":[{"embeddable":true,"href":"https:\/\/gambling6.com\/da\/wp-json\/wp\/v2\/comments?post=8345"}],"version-history":[{"count":1,"href":"https:\/\/gambling6.com\/da\/wp-json\/wp\/v2\/pages\/8345\/revisions"}],"predecessor-version":[{"id":10365,"href":"https:\/\/gambling6.com\/da\/wp-json\/wp\/v2\/pages\/8345\/revisions\/10365"}],"up":[{"embeddable":true,"href":"https:\/\/gambling6.com\/da\/wp-json\/wp\/v2\/pages\/8281"}],"wp:attachment":[{"href":"https:\/\/gambling6.com\/da\/wp-json\/wp\/v2\/media?parent=8345"}],"curies":[{"name":"wp","href":"https:\/\/api.w.org\/{rel}","templated":true}]}}