{"id":8369,"date":"2025-11-07T13:08:59","date_gmt":"2025-11-07T13:08:59","guid":{"rendered":"https:\/\/gambling6.com\/kasino\/online-casinoer-vs-landbaserede-casinoer\/"},"modified":"2025-11-07T13:08:59","modified_gmt":"2025-11-07T13:08:59","slug":"online-casinoer-vs-landbaserede-casinoer","status":"publish","type":"page","link":"https:\/\/gambling6.com\/da\/kasino\/online-casinoer-vs-landbaserede-casinoer\/","title":{"rendered":"Online casinoer vs. landbaserede casinoer"},"content":{"rendered":"<h2>Live eller online casinoer<\/h2>\n<h3>Hver type har noget, som spillerne kan lide<\/h3>\n<p><img loading=\"lazy\" decoding=\"async\" class=\" wp-image-332 alignright\" src=\"https:\/\/gambling6.com\/wp-content\/uploads\/2013\/12\/phil_ivey-247x300.jpg\" alt=\"live casino\" width=\"175\" height=\"213\" srcset=\"https:\/\/gambling6.com\/wp-content\/uploads\/2013\/12\/phil_ivey-247x300.jpg 247w, https:\/\/gambling6.com\/wp-content\/uploads\/2013\/12\/phil_ivey.jpg 250w\" sizes=\"auto, (max-width: 175px) 100vw, 175px\" \/>Casinospillere b\u00f8r spille deres yndlingsspil p\u00e5 en m\u00e5de, der f\u00f8les behagelig for dem og passer til deres personlighed. Nogle spillere vil altid foretr\u00e6kke at spille p\u00e5 landbaserede casinoer, fordi de kan lide atmosf\u00e6ren. De kan lide at lege med de andre spillere, folkem\u00e6ngderne og st\u00f8jen.<\/p>\n<p>Andre casinospillere kan dog lide ideen om at spille i et roligt, afslappende milj\u00f8, hvor de har fuld kontrol. Disse spillere har en tendens til at h\u00e6lde mod online casinoer. Uanset hvordan en spiller \u00f8nsker at nyde sine spil, er der noget derude, uanset om det er landbaserede eller online casinoer.<\/p>\n<h3>Her er de v\u00e6sentlige forskelle mellem online casinoer og landbaserede casinoer:<\/h3>\n<ul>\n<li>Det er klart, at online og landbaserede casinoer befinder sig i helt forskellige omgivelser. Et landbaseret casino er et, hvor spillerne kan f\u00f8le sig og v\u00e6re fysisk en del af det. Online casinoer spilles p\u00e5 internettet, hvilket betyder, at spillerne kan spille de spil, de \u00f8nsker, uanset hvor de v\u00e6lger. Dette sted kan v\u00e6re deres hjem, deres kontor eller hvor som helst, s\u00e5 l\u00e6nge de kan oprette forbindelse til internettet.<\/li>\n<li>Landbaserede casinoer har spillerklubber, der giver spillerne mulighed for at optjene bel\u00f8nninger. Bel\u00f8nningerne varierer afh\u00e6ngigt af casinoet. Online gambling-sider har ogs\u00e5 deres version af disse klubber, som kaldes VIP-programmer. Mange casinospillere oplever dog, at online casinoer har en tendens til at v\u00e6re mere gener\u00f8se, fordi de ikke st\u00e5r over for det samme niveau af overhead som landbaserede casinoer.<\/li>\n<li>Selvom landbaserede casinoer tilbyder spillerne muligheden for at spille stort set ethvert casinospil, de \u00f8nsker, vil spillerne stadig have tidspunkter, hvor de ikke har lyst til at g\u00e5 et helt casino for at g\u00e5 fra spil til spil. De vil ogs\u00e5 finde tidspunkter, hvor de \u00f8nsker at spille et bestemt spil, men der ikke vil v\u00e6re en plads tilg\u00e6ngelig. Online casinoer giver dog spillerne mulighed for at spille de spil, de \u00f8nsker, n\u00e5r som helst, uden at skulle g\u00e5 eller vente p\u00e5 en plads.<\/li>\n<li>Landbaserede casinoer kan v\u00e6re skr\u00e6mmende for nye spillere, og de mangler ofte gratis ressourcer, der kan hj\u00e6lpe dem med at l\u00e6re spillene og forskellige strategier. Online casinoer giver spillerne mulighed for at spille i et milj\u00f8, de m\u00e5ske f\u00f8ler sig mindre intimiderede af, og de tilbyder et v\u00e6ld af gratis indhold, der guider dem gennem forskellige aspekter af at spille casinospil online.<\/li>\n<\/ul>\n<p>Enhver, der tror, \u200b\u200bat online casinoer kan v\u00e6re noget for dem, vil gerne starte med at l\u00e6re alt, hvad de kan om Microgaming-drevne casinoer. Det bedste af disse er uden tvivl 888 Casino, som du kan bes\u00f8ge ved at klikke p\u00e5 banneret nedenfor.<br \/>\n<a href=\"https:\/\/ic.aff-handler.com\/C\/45871?sr=1064399&amp;anid=\" rel=\"nofollow\"><img loading=\"lazy\" decoding=\"async\" class=\"aligncenter\" src=\"https:\/\/ic.aff-handler.com\/I\/45871?sr=1064399&amp;anid=\" width=\"725\" height=\"93\" \/><\/a><br \/>\nHvis du er bosiddende i USA, ville din bedste mulighed v\u00e6re BetOnline til generelle casinospil eller online poker.<br \/>\n<img loading=\"lazy\" decoding=\"async\" class=\" wp-image-7875 aligncenter\" src=\"https:\/\/gambling6.com\/wp-content\/uploads\/2025\/10\/BOL_AQC_banner_468x60_FS1_casino-300x38.gif\" alt=\"BetOnline casino\" width=\"694\" height=\"88\" \/><\/p>\n","protected":false},"excerpt":{"rendered":"<p>Live eller online casinoer Hver type har noget, som spillerne kan lide Casinospillere b\u00f8r spille deres yndlingsspil p\u00e5 en m\u00e5de, der f\u00f8les behagelig for dem og passer til deres personlighed. Nogle spillere vil altid foretr\u00e6kke at spille p\u00e5 landbaserede casinoer, fordi de kan lide atmosf\u00e6ren. De kan lide at lege med de andre spillere, folkem\u00e6ngderne [&hellip;]<\/p>\n","protected":false},"author":1,"featured_media":0,"parent":8281,"menu_order":28,"comment_status":"closed","ping_status":"closed","template":"","meta":{"footnotes":""},"class_list":["post-8369","page","type-page","status-publish","hentry"],"yoast_head":"<!-- This site is optimized with the Yoast SEO plugin v27.3 - https:\/\/yoast.com\/product\/yoast-seo-wordpress\/ -->\n<title>Sammenligning af landbaserede og online casinoer<\/title>\n<meta name=\"description\" content=\"B\u00e5de online casinoer og landbaserede casinoer giver spillerne en fantastisk tid og mange muligheder.\" \/>\n<meta name=\"robots\" content=\"index, follow, max-snippet:-1, max-image-preview:large, max-video-preview:-1\" \/>\n<link rel=\"canonical\" href=\"https:\/\/gambling6.com\/da\/kasino\/online-casinoer-vs-landbaserede-casinoer\/\" \/>\n<meta property=\"og:locale\" content=\"da_DK\" \/>\n<meta property=\"og:type\" content=\"article\" \/>\n<meta property=\"og:title\" content=\"Sammenligning af landbaserede og online casinoer\" \/>\n<meta property=\"og:description\" content=\"B\u00e5de online casinoer og landbaserede casinoer giver spillerne en fantastisk tid og mange muligheder.\" \/>\n<meta property=\"og:url\" content=\"https:\/\/gambling6.com\/da\/kasino\/online-casinoer-vs-landbaserede-casinoer\/\" \/>\n<meta property=\"og:site_name\" content=\"Gambling6\" \/>\n<meta property=\"og:image\" content=\"https:\/\/gambling6.com\/wp-content\/uploads\/2013\/12\/phil_ivey.jpg\" \/>\n\t<meta property=\"og:image:width\" content=\"250\" \/>\n\t<meta property=\"og:image:height\" content=\"304\" \/>\n\t<meta property=\"og:image:type\" content=\"image\/jpeg\" \/>\n<meta name=\"twitter:card\" content=\"summary_large_image\" \/>\n<meta name=\"twitter:label1\" content=\"Estimeret l\u00e6setid\" \/>\n\t<meta name=\"twitter:data1\" content=\"2 minutter\" \/>\n<script type=\"application\/ld+json\" class=\"yoast-schema-graph\">{\"@context\":\"https:\\\/\\\/schema.org\",\"@graph\":[{\"@type\":\"WebPage\",\"@id\":\"https:\\\/\\\/gambling6.com\\\/da\\\/kasino\\\/online-casinoer-vs-landbaserede-casinoer\\\/\",\"url\":\"https:\\\/\\\/gambling6.com\\\/da\\\/kasino\\\/online-casinoer-vs-landbaserede-casinoer\\\/\",\"name\":\"Sammenligning af landbaserede og online casinoer\",\"isPartOf\":{\"@id\":\"https:\\\/\\\/gambling6.com\\\/da\\\/#website\"},\"primaryImageOfPage\":{\"@id\":\"https:\\\/\\\/gambling6.com\\\/da\\\/kasino\\\/online-casinoer-vs-landbaserede-casinoer\\\/#primaryimage\"},\"image\":{\"@id\":\"https:\\\/\\\/gambling6.com\\\/da\\\/kasino\\\/online-casinoer-vs-landbaserede-casinoer\\\/#primaryimage\"},\"thumbnailUrl\":\"https:\\\/\\\/gambling6.com\\\/wp-content\\\/uploads\\\/2013\\\/12\\\/phil_ivey-247x300.jpg\",\"datePublished\":\"2025-11-07T13:08:59+00:00\",\"description\":\"B\u00e5de online casinoer og landbaserede casinoer giver spillerne en fantastisk tid og mange muligheder.\",\"breadcrumb\":{\"@id\":\"https:\\\/\\\/gambling6.com\\\/da\\\/kasino\\\/online-casinoer-vs-landbaserede-casinoer\\\/#breadcrumb\"},\"inLanguage\":\"da-DK\",\"potentialAction\":[{\"@type\":\"ReadAction\",\"target\":[\"https:\\\/\\\/gambling6.com\\\/da\\\/kasino\\\/online-casinoer-vs-landbaserede-casinoer\\\/\"]}]},{\"@type\":\"ImageObject\",\"inLanguage\":\"da-DK\",\"@id\":\"https:\\\/\\\/gambling6.com\\\/da\\\/kasino\\\/online-casinoer-vs-landbaserede-casinoer\\\/#primaryimage\",\"url\":\"https:\\\/\\\/gambling6.com\\\/wp-content\\\/uploads\\\/2013\\\/12\\\/phil_ivey-247x300.jpg\",\"contentUrl\":\"https:\\\/\\\/gambling6.com\\\/wp-content\\\/uploads\\\/2013\\\/12\\\/phil_ivey-247x300.jpg\"},{\"@type\":\"BreadcrumbList\",\"@id\":\"https:\\\/\\\/gambling6.com\\\/da\\\/kasino\\\/online-casinoer-vs-landbaserede-casinoer\\\/#breadcrumb\",\"itemListElement\":[{\"@type\":\"ListItem\",\"position\":1,\"name\":\"Home\",\"item\":\"https:\\\/\\\/gambling6.com\\\/da\\\/home\\\/\"},{\"@type\":\"ListItem\",\"position\":2,\"name\":\"Kasino\",\"item\":\"https:\\\/\\\/gambling6.com\\\/da\\\/kasino\\\/\"},{\"@type\":\"ListItem\",\"position\":3,\"name\":\"Online casinoer vs. landbaserede casinoer\"}]},{\"@type\":\"WebSite\",\"@id\":\"https:\\\/\\\/gambling6.com\\\/da\\\/#website\",\"url\":\"https:\\\/\\\/gambling6.com\\\/da\\\/\",\"name\":\"Gambling6\",\"description\":\"\",\"potentialAction\":[{\"@type\":\"SearchAction\",\"target\":{\"@type\":\"EntryPoint\",\"urlTemplate\":\"https:\\\/\\\/gambling6.com\\\/da\\\/?s={search_term_string}\"},\"query-input\":{\"@type\":\"PropertyValueSpecification\",\"valueRequired\":true,\"valueName\":\"search_term_string\"}}],\"inLanguage\":\"da-DK\"}]}<\/script>\n<!-- \/ Yoast SEO plugin. -->","yoast_head_json":{"title":"Sammenligning af landbaserede og online casinoer","description":"B\u00e5de online casinoer og landbaserede casinoer giver spillerne en fantastisk tid og mange muligheder.","robots":{"index":"index","follow":"follow","max-snippet":"max-snippet:-1","max-image-preview":"max-image-preview:large","max-video-preview":"max-video-preview:-1"},"canonical":"https:\/\/gambling6.com\/da\/kasino\/online-casinoer-vs-landbaserede-casinoer\/","og_locale":"da_DK","og_type":"article","og_title":"Sammenligning af landbaserede og online casinoer","og_description":"B\u00e5de online casinoer og landbaserede casinoer giver spillerne en fantastisk tid og mange muligheder.","og_url":"https:\/\/gambling6.com\/da\/kasino\/online-casinoer-vs-landbaserede-casinoer\/","og_site_name":"Gambling6","og_image":[{"width":250,"height":304,"url":"https:\/\/gambling6.com\/wp-content\/uploads\/2013\/12\/phil_ivey.jpg","type":"image\/jpeg"}],"twitter_card":"summary_large_image","twitter_misc":{"Estimeret l\u00e6setid":"2 minutter"},"schema":{"@context":"https:\/\/schema.org","@graph":[{"@type":"WebPage","@id":"https:\/\/gambling6.com\/da\/kasino\/online-casinoer-vs-landbaserede-casinoer\/","url":"https:\/\/gambling6.com\/da\/kasino\/online-casinoer-vs-landbaserede-casinoer\/","name":"Sammenligning af landbaserede og online casinoer","isPartOf":{"@id":"https:\/\/gambling6.com\/da\/#website"},"primaryImageOfPage":{"@id":"https:\/\/gambling6.com\/da\/kasino\/online-casinoer-vs-landbaserede-casinoer\/#primaryimage"},"image":{"@id":"https:\/\/gambling6.com\/da\/kasino\/online-casinoer-vs-landbaserede-casinoer\/#primaryimage"},"thumbnailUrl":"https:\/\/gambling6.com\/wp-content\/uploads\/2013\/12\/phil_ivey-247x300.jpg","datePublished":"2025-11-07T13:08:59+00:00","description":"B\u00e5de online casinoer og landbaserede casinoer giver spillerne en fantastisk tid og mange muligheder.","breadcrumb":{"@id":"https:\/\/gambling6.com\/da\/kasino\/online-casinoer-vs-landbaserede-casinoer\/#breadcrumb"},"inLanguage":"da-DK","potentialAction":[{"@type":"ReadAction","target":["https:\/\/gambling6.com\/da\/kasino\/online-casinoer-vs-landbaserede-casinoer\/"]}]},{"@type":"ImageObject","inLanguage":"da-DK","@id":"https:\/\/gambling6.com\/da\/kasino\/online-casinoer-vs-landbaserede-casinoer\/#primaryimage","url":"https:\/\/gambling6.com\/wp-content\/uploads\/2013\/12\/phil_ivey-247x300.jpg","contentUrl":"https:\/\/gambling6.com\/wp-content\/uploads\/2013\/12\/phil_ivey-247x300.jpg"},{"@type":"BreadcrumbList","@id":"https:\/\/gambling6.com\/da\/kasino\/online-casinoer-vs-landbaserede-casinoer\/#breadcrumb","itemListElement":[{"@type":"ListItem","position":1,"name":"Home","item":"https:\/\/gambling6.com\/da\/home\/"},{"@type":"ListItem","position":2,"name":"Kasino","item":"https:\/\/gambling6.com\/da\/kasino\/"},{"@type":"ListItem","position":3,"name":"Online casinoer vs. landbaserede casinoer"}]},{"@type":"WebSite","@id":"https:\/\/gambling6.com\/da\/#website","url":"https:\/\/gambling6.com\/da\/","name":"Gambling6","description":"","potentialAction":[{"@type":"SearchAction","target":{"@type":"EntryPoint","urlTemplate":"https:\/\/gambling6.com\/da\/?s={search_term_string}"},"query-input":{"@type":"PropertyValueSpecification","valueRequired":true,"valueName":"search_term_string"}}],"inLanguage":"da-DK"}]}},"_links":{"self":[{"href":"https:\/\/gambling6.com\/da\/wp-json\/wp\/v2\/pages\/8369","targetHints":{"allow":["GET"]}}],"collection":[{"href":"https:\/\/gambling6.com\/da\/wp-json\/wp\/v2\/pages"}],"about":[{"href":"https:\/\/gambling6.com\/da\/wp-json\/wp\/v2\/types\/page"}],"author":[{"embeddable":true,"href":"https:\/\/gambling6.com\/da\/wp-json\/wp\/v2\/users\/1"}],"replies":[{"embeddable":true,"href":"https:\/\/gambling6.com\/da\/wp-json\/wp\/v2\/comments?post=8369"}],"version-history":[{"count":0,"href":"https:\/\/gambling6.com\/da\/wp-json\/wp\/v2\/pages\/8369\/revisions"}],"up":[{"embeddable":true,"href":"https:\/\/gambling6.com\/da\/wp-json\/wp\/v2\/pages\/8281"}],"wp:attachment":[{"href":"https:\/\/gambling6.com\/da\/wp-json\/wp\/v2\/media?parent=8369"}],"curies":[{"name":"wp","href":"https:\/\/api.w.org\/{rel}","templated":true}]}}