{"id":8393,"date":"2025-11-07T14:48:02","date_gmt":"2025-11-07T14:48:02","guid":{"rendered":"https:\/\/gambling6.com\/kasino\/fem-hovedarsager-til-at-blive-medlem-af-et-online-casino\/"},"modified":"2025-11-12T08:34:05","modified_gmt":"2025-11-12T08:34:05","slug":"fem-hovedarsager-til-at-blive-medlem-af-et-online-casino","status":"publish","type":"page","link":"https:\/\/gambling6.com\/da\/kasino\/fem-hovedarsager-til-at-blive-medlem-af-et-online-casino\/","title":{"rendered":"Fem hoved\u00e5rsager til at blive medlem af et online casino"},"content":{"rendered":"<h2>Hvorfor du b\u00f8r tilmelde dig et online casino<\/h2>\n<h2>Mange ting g\u00f8r online casinoer s\u00e5 fantastiske<\/h2>\n<p><img loading=\"lazy\" decoding=\"async\" class=\"size-medium wp-image-318 alignright\" src=\"https:\/\/gambling6.com\/wp-content\/uploads\/2013\/12\/classic-casino-games-300x179.jpg\" alt=\"online casino\" width=\"300\" height=\"179\" srcset=\"https:\/\/gambling6.com\/wp-content\/uploads\/2013\/12\/classic-casino-games-300x179.jpg 300w, https:\/\/gambling6.com\/wp-content\/uploads\/2013\/12\/classic-casino-games.jpg 612w\" sizes=\"auto, (max-width: 300px) 100vw, 300px\" \/>Hver online casinospiller har sine egne personlige grunde til at spille casinospil p\u00e5 internettet. Nogle grunde er dog mere popul\u00e6re. N\u00e5r spillere beslutter sig for at spille online, vil de se, at en helt ny verden \u00e5bner sig for deres \u00f8jne. Online casinoer findes i mange forskellige stilarter, s\u00e5 spillere kan s\u00f8ge, indtil de finder det, der passer dem.<\/p>\n<p>Med vores foretrukne online casino, 888, kan du ikke g\u00e5 galt i byen. <a class=\"thirstylink\" title=\"888 casino en\" href=\"https:\/\/gambling6.com\/go\/888-casino-en\/\" target=\"_blank\" rel=\"nofollow noopener\">Dette link f\u00f8rer dig til deres hjemmeside og garanterer dig en god bonus p\u00e5 op til \u20ac1500.<\/a><\/p>\n<h2>Her er fem af de vigtigste grunde, som de fleste spillere har til at tilmelde sig et online casino:<\/h2>\n<ol>\n<li>En af de gode grunde til at tilmelde sig et online casino er bonusserne. Der findes mange typer online casino bonusser, og hvert casino giver sine spillere mulighed for at nyde dem, det finder passende. Nogle bonusser kan dog v\u00e6re meget v\u00e6rd og endda tilbyde spillerne chancen for at f\u00e5 hundredvis eller endda tusindvis af dollars gratis. Nogle af de bonusser, der ofte findes p\u00e5 online casinoer, er velkomstbonusser, reload-bonusser, spilbonusser og henvisningsbonusser. Spillere b\u00f8r l\u00e6se bonuskravene, s\u00e5 de ved, hvordan de forbliver berettigede til dem, og pr\u00e6cis hvad de skal g\u00f8re for at indfri dem.<\/li>\n<li>En anden vigtig grund til, at mange spillere tilmelder sig online casinoer, er antallet af spil, de kan spille p\u00e5 \u00e9t sted. N\u00e5r spillere g\u00e5r til et af de popul\u00e6re online casinoer, kan de g\u00e5 fra spil til spil uden nogensinde at forlade deres pladser. De beh\u00f8ver ikke bekymre sig om at vente p\u00e5, at en plads bliver ledig, eller andre problemer, der f\u00f8lger med at spille p\u00e5 landbaserede casinoer. Spillene er let tilg\u00e6ngelige og finder altid sted, s\u00e5 l\u00e6nge spilleren har valgt et af de mere popul\u00e6re casinoer.<\/li>\n<li>En anden grund til, at mange spillere henvender sig til online casinoer, er \u00f8konomisk. Spillere, der bruger tid p\u00e5 online casinoer, beh\u00f8ver ikke at betale for ting som benzin, billetter, hotelophold, spisning ude eller andre udgifter, de st\u00e5r over for, n\u00e5r de planl\u00e6gger en tur til landbaserede casinoer. Det betyder, at spillerne vil have flere penge at bruge p\u00e5 spillene, hvilket altid er en god ting.<\/li>\n<li>Nogle spillere lever hektiske og travle liv. Det betyder, at de kan finde det meget sv\u00e6rt overhovedet at komme til de landbaserede casinoer. Online casinoer er dog altid der for dem. Selv hvis de kun kan logge ind i et par minutter i l\u00f8bet af dagen, vil de i det mindste kunne spille lidt ved at tilmelde sig et online casino.<\/li>\n<li>En anden klar fordel ved at spille p\u00e5 online casinoer er, at spillerne har fuld kontrol over deres spiloplevelse. De v\u00e6lger casinoet, bonusser, kampagner og spil og kan tilpasse mange aspekter af de forskellige online casinospil.<\/li>\n<\/ol>\n<p>Enhver, der leder efter et godt online casino, der g\u00f8r alt sikkert og enkelt, vil gerne l\u00e6se anmeldelser og finde et, der k\u00f8rer p\u00e5 p\u00e5lidelig software, tilbyder fremragende support og tilbyder mange spil.<\/p>\n","protected":false},"excerpt":{"rendered":"<p>Hvorfor du b\u00f8r tilmelde dig et online casino Mange ting g\u00f8r online casinoer s\u00e5 fantastiske Hver online casinospiller har sine egne personlige grunde til at spille casinospil p\u00e5 internettet. Nogle grunde er dog mere popul\u00e6re. N\u00e5r spillere beslutter sig for at spille online, vil de se, at en helt ny verden \u00e5bner sig for deres [&hellip;]<\/p>\n","protected":false},"author":1,"featured_media":0,"parent":8281,"menu_order":30,"comment_status":"closed","ping_status":"closed","template":"","meta":{"footnotes":""},"class_list":["post-8393","page","type-page","status-publish","hentry"],"yoast_head":"<!-- This site is optimized with the Yoast SEO plugin v27.3 - https:\/\/yoast.com\/product\/yoast-seo-wordpress\/ -->\n<title>Grunde til at blive medlem af et online casino<\/title>\n<meta name=\"description\" content=\"Online casinoer har s\u00e5 meget at tilbyde spillere, der leder efter en god oplevelse, og mange chancer for at vinde.\" \/>\n<meta name=\"robots\" content=\"index, follow, max-snippet:-1, max-image-preview:large, max-video-preview:-1\" \/>\n<link rel=\"canonical\" href=\"https:\/\/gambling6.com\/da\/kasino\/fem-hovedarsager-til-at-blive-medlem-af-et-online-casino\/\" \/>\n<meta property=\"og:locale\" content=\"da_DK\" \/>\n<meta property=\"og:type\" content=\"article\" \/>\n<meta property=\"og:title\" content=\"Grunde til at blive medlem af et online casino\" \/>\n<meta property=\"og:description\" content=\"Online casinoer har s\u00e5 meget at tilbyde spillere, der leder efter en god oplevelse, og mange chancer for at vinde.\" \/>\n<meta property=\"og:url\" content=\"https:\/\/gambling6.com\/da\/kasino\/fem-hovedarsager-til-at-blive-medlem-af-et-online-casino\/\" \/>\n<meta property=\"og:site_name\" content=\"Gambling6\" \/>\n<meta property=\"article:modified_time\" content=\"2025-11-12T08:34:05+00:00\" \/>\n<meta property=\"og:image\" content=\"https:\/\/gambling6.com\/wp-content\/uploads\/2013\/12\/classic-casino-games.jpg\" \/>\n\t<meta property=\"og:image:width\" content=\"612\" \/>\n\t<meta property=\"og:image:height\" content=\"366\" \/>\n\t<meta property=\"og:image:type\" content=\"image\/jpeg\" \/>\n<meta name=\"twitter:card\" content=\"summary_large_image\" \/>\n<meta name=\"twitter:label1\" content=\"Estimeret l\u00e6setid\" \/>\n\t<meta name=\"twitter:data1\" content=\"3 minutter\" \/>\n<script type=\"application\/ld+json\" class=\"yoast-schema-graph\">{\"@context\":\"https:\\\/\\\/schema.org\",\"@graph\":[{\"@type\":\"WebPage\",\"@id\":\"https:\\\/\\\/gambling6.com\\\/da\\\/kasino\\\/fem-hovedarsager-til-at-blive-medlem-af-et-online-casino\\\/\",\"url\":\"https:\\\/\\\/gambling6.com\\\/da\\\/kasino\\\/fem-hovedarsager-til-at-blive-medlem-af-et-online-casino\\\/\",\"name\":\"Grunde til at blive medlem af et online casino\",\"isPartOf\":{\"@id\":\"https:\\\/\\\/gambling6.com\\\/da\\\/#website\"},\"primaryImageOfPage\":{\"@id\":\"https:\\\/\\\/gambling6.com\\\/da\\\/kasino\\\/fem-hovedarsager-til-at-blive-medlem-af-et-online-casino\\\/#primaryimage\"},\"image\":{\"@id\":\"https:\\\/\\\/gambling6.com\\\/da\\\/kasino\\\/fem-hovedarsager-til-at-blive-medlem-af-et-online-casino\\\/#primaryimage\"},\"thumbnailUrl\":\"https:\\\/\\\/gambling6.com\\\/wp-content\\\/uploads\\\/2013\\\/12\\\/classic-casino-games-300x179.jpg\",\"datePublished\":\"2025-11-07T14:48:02+00:00\",\"dateModified\":\"2025-11-12T08:34:05+00:00\",\"description\":\"Online casinoer har s\u00e5 meget at tilbyde spillere, der leder efter en god oplevelse, og mange chancer for at vinde.\",\"breadcrumb\":{\"@id\":\"https:\\\/\\\/gambling6.com\\\/da\\\/kasino\\\/fem-hovedarsager-til-at-blive-medlem-af-et-online-casino\\\/#breadcrumb\"},\"inLanguage\":\"da-DK\",\"potentialAction\":[{\"@type\":\"ReadAction\",\"target\":[\"https:\\\/\\\/gambling6.com\\\/da\\\/kasino\\\/fem-hovedarsager-til-at-blive-medlem-af-et-online-casino\\\/\"]}]},{\"@type\":\"ImageObject\",\"inLanguage\":\"da-DK\",\"@id\":\"https:\\\/\\\/gambling6.com\\\/da\\\/kasino\\\/fem-hovedarsager-til-at-blive-medlem-af-et-online-casino\\\/#primaryimage\",\"url\":\"https:\\\/\\\/gambling6.com\\\/wp-content\\\/uploads\\\/2013\\\/12\\\/classic-casino-games-300x179.jpg\",\"contentUrl\":\"https:\\\/\\\/gambling6.com\\\/wp-content\\\/uploads\\\/2013\\\/12\\\/classic-casino-games-300x179.jpg\"},{\"@type\":\"BreadcrumbList\",\"@id\":\"https:\\\/\\\/gambling6.com\\\/da\\\/kasino\\\/fem-hovedarsager-til-at-blive-medlem-af-et-online-casino\\\/#breadcrumb\",\"itemListElement\":[{\"@type\":\"ListItem\",\"position\":1,\"name\":\"Home\",\"item\":\"https:\\\/\\\/gambling6.com\\\/da\\\/home\\\/\"},{\"@type\":\"ListItem\",\"position\":2,\"name\":\"Kasino\",\"item\":\"https:\\\/\\\/gambling6.com\\\/da\\\/kasino\\\/\"},{\"@type\":\"ListItem\",\"position\":3,\"name\":\"Fem hoved\u00e5rsager til at blive medlem af et online casino\"}]},{\"@type\":\"WebSite\",\"@id\":\"https:\\\/\\\/gambling6.com\\\/da\\\/#website\",\"url\":\"https:\\\/\\\/gambling6.com\\\/da\\\/\",\"name\":\"Gambling6\",\"description\":\"\",\"potentialAction\":[{\"@type\":\"SearchAction\",\"target\":{\"@type\":\"EntryPoint\",\"urlTemplate\":\"https:\\\/\\\/gambling6.com\\\/da\\\/?s={search_term_string}\"},\"query-input\":{\"@type\":\"PropertyValueSpecification\",\"valueRequired\":true,\"valueName\":\"search_term_string\"}}],\"inLanguage\":\"da-DK\"}]}<\/script>\n<!-- \/ Yoast SEO plugin. -->","yoast_head_json":{"title":"Grunde til at blive medlem af et online casino","description":"Online casinoer har s\u00e5 meget at tilbyde spillere, der leder efter en god oplevelse, og mange chancer for at vinde.","robots":{"index":"index","follow":"follow","max-snippet":"max-snippet:-1","max-image-preview":"max-image-preview:large","max-video-preview":"max-video-preview:-1"},"canonical":"https:\/\/gambling6.com\/da\/kasino\/fem-hovedarsager-til-at-blive-medlem-af-et-online-casino\/","og_locale":"da_DK","og_type":"article","og_title":"Grunde til at blive medlem af et online casino","og_description":"Online casinoer har s\u00e5 meget at tilbyde spillere, der leder efter en god oplevelse, og mange chancer for at vinde.","og_url":"https:\/\/gambling6.com\/da\/kasino\/fem-hovedarsager-til-at-blive-medlem-af-et-online-casino\/","og_site_name":"Gambling6","article_modified_time":"2025-11-12T08:34:05+00:00","og_image":[{"width":612,"height":366,"url":"https:\/\/gambling6.com\/wp-content\/uploads\/2013\/12\/classic-casino-games.jpg","type":"image\/jpeg"}],"twitter_card":"summary_large_image","twitter_misc":{"Estimeret l\u00e6setid":"3 minutter"},"schema":{"@context":"https:\/\/schema.org","@graph":[{"@type":"WebPage","@id":"https:\/\/gambling6.com\/da\/kasino\/fem-hovedarsager-til-at-blive-medlem-af-et-online-casino\/","url":"https:\/\/gambling6.com\/da\/kasino\/fem-hovedarsager-til-at-blive-medlem-af-et-online-casino\/","name":"Grunde til at blive medlem af et online casino","isPartOf":{"@id":"https:\/\/gambling6.com\/da\/#website"},"primaryImageOfPage":{"@id":"https:\/\/gambling6.com\/da\/kasino\/fem-hovedarsager-til-at-blive-medlem-af-et-online-casino\/#primaryimage"},"image":{"@id":"https:\/\/gambling6.com\/da\/kasino\/fem-hovedarsager-til-at-blive-medlem-af-et-online-casino\/#primaryimage"},"thumbnailUrl":"https:\/\/gambling6.com\/wp-content\/uploads\/2013\/12\/classic-casino-games-300x179.jpg","datePublished":"2025-11-07T14:48:02+00:00","dateModified":"2025-11-12T08:34:05+00:00","description":"Online casinoer har s\u00e5 meget at tilbyde spillere, der leder efter en god oplevelse, og mange chancer for at vinde.","breadcrumb":{"@id":"https:\/\/gambling6.com\/da\/kasino\/fem-hovedarsager-til-at-blive-medlem-af-et-online-casino\/#breadcrumb"},"inLanguage":"da-DK","potentialAction":[{"@type":"ReadAction","target":["https:\/\/gambling6.com\/da\/kasino\/fem-hovedarsager-til-at-blive-medlem-af-et-online-casino\/"]}]},{"@type":"ImageObject","inLanguage":"da-DK","@id":"https:\/\/gambling6.com\/da\/kasino\/fem-hovedarsager-til-at-blive-medlem-af-et-online-casino\/#primaryimage","url":"https:\/\/gambling6.com\/wp-content\/uploads\/2013\/12\/classic-casino-games-300x179.jpg","contentUrl":"https:\/\/gambling6.com\/wp-content\/uploads\/2013\/12\/classic-casino-games-300x179.jpg"},{"@type":"BreadcrumbList","@id":"https:\/\/gambling6.com\/da\/kasino\/fem-hovedarsager-til-at-blive-medlem-af-et-online-casino\/#breadcrumb","itemListElement":[{"@type":"ListItem","position":1,"name":"Home","item":"https:\/\/gambling6.com\/da\/home\/"},{"@type":"ListItem","position":2,"name":"Kasino","item":"https:\/\/gambling6.com\/da\/kasino\/"},{"@type":"ListItem","position":3,"name":"Fem hoved\u00e5rsager til at blive medlem af et online casino"}]},{"@type":"WebSite","@id":"https:\/\/gambling6.com\/da\/#website","url":"https:\/\/gambling6.com\/da\/","name":"Gambling6","description":"","potentialAction":[{"@type":"SearchAction","target":{"@type":"EntryPoint","urlTemplate":"https:\/\/gambling6.com\/da\/?s={search_term_string}"},"query-input":{"@type":"PropertyValueSpecification","valueRequired":true,"valueName":"search_term_string"}}],"inLanguage":"da-DK"}]}},"_links":{"self":[{"href":"https:\/\/gambling6.com\/da\/wp-json\/wp\/v2\/pages\/8393","targetHints":{"allow":["GET"]}}],"collection":[{"href":"https:\/\/gambling6.com\/da\/wp-json\/wp\/v2\/pages"}],"about":[{"href":"https:\/\/gambling6.com\/da\/wp-json\/wp\/v2\/types\/page"}],"author":[{"embeddable":true,"href":"https:\/\/gambling6.com\/da\/wp-json\/wp\/v2\/users\/1"}],"replies":[{"embeddable":true,"href":"https:\/\/gambling6.com\/da\/wp-json\/wp\/v2\/comments?post=8393"}],"version-history":[{"count":1,"href":"https:\/\/gambling6.com\/da\/wp-json\/wp\/v2\/pages\/8393\/revisions"}],"predecessor-version":[{"id":10408,"href":"https:\/\/gambling6.com\/da\/wp-json\/wp\/v2\/pages\/8393\/revisions\/10408"}],"up":[{"embeddable":true,"href":"https:\/\/gambling6.com\/da\/wp-json\/wp\/v2\/pages\/8281"}],"wp:attachment":[{"href":"https:\/\/gambling6.com\/da\/wp-json\/wp\/v2\/media?parent=8393"}],"curies":[{"name":"wp","href":"https:\/\/api.w.org\/{rel}","templated":true}]}}