{"id":8423,"date":"2025-11-07T17:14:30","date_gmt":"2025-11-07T17:14:30","guid":{"rendered":"https:\/\/gambling6.com\/tips-til-de-bedste-bingo-hjemmesider\/"},"modified":"2025-11-12T12:03:32","modified_gmt":"2025-11-12T12:03:32","slug":"tips-til-de-bedste-bingo-hjemmesider","status":"publish","type":"page","link":"https:\/\/gambling6.com\/da\/bingo\/tips-til-de-bedste-bingo-hjemmesider\/","title":{"rendered":"Tips til de bedste bingo-hjemmesider"},"content":{"rendered":"<h2>Valg af en bingohjemmeside<\/h2>\n<p>Bingo er et sp\u00e6ndende spil, der kr\u00e6ver langt mindre f\u00e6rdigheder end spil som blackjack eller poker. Spillet tiltr\u00e6kker mange mennesker med sin enkelhed. Det kr\u00e6ver ikke, at du l\u00e6rer komplicerede regler eller strategier. Desuden er det billigere at spille bingokort. Mange sider tilbyder dette spil online. Du kan tilmelde dig en af \u200b\u200bdem og spille spillet for selv en minimal sum penge.<img loading=\"lazy\" decoding=\"async\" class=\"alignright size-full wp-image-213\" style=\"margin: 5px; float: right;\" src=\"http:\/\/gambling6.com\/wp-content\/uploads\/2013\/12\/img_110.png\" alt=\"v\u00e6lg den bedste bingohjemmeside\" width=\"288\" height=\"175\" \/><\/p>\n<p>Med s\u00e5 mange bingosider derude,<strong>kan det v\u00e6re en udfordring at finde ud af, hvilken der er den bedste online bingohjemmeside<\/strong>. Det er derfor tilr\u00e5deligt at overveje vigtige faktorer og beslutte, om en side er ideel for dig.<\/p>\n<ul>\n<li><strong>Omd\u00f8mme og erfaring<\/strong><\/li>\n<\/ul>\n<p>S\u00f8rg for at v\u00e6lge en bingohjemmeside, der har v\u00e6ret i branchen i lang tid og har et st\u00e6rkt ry for at levere en god spiloplevelse. Du kan tjekke dette ved at l\u00e6se anmeldelser fra professionelle og rigtige spillere. En bingohjemmeside med mange spillere kan v\u00e6re p\u00e5lidelig, da spillere ikke \u00f8nsker at blive p\u00e5 en side, der ikke tilbyder en forn\u00f8jelig spiloplevelse.<\/p>\n<p><a href=\"https:\/\/record.revenueplanet.com\/_BoBybWC_aAPUOsjNOfgKefwM06wa-Rwt\/1\/\" target=\"_new\"><img loading=\"lazy\" decoding=\"async\" class=\"aligncenter\" style=\"border: none;\" src=\"https:\/\/media.revenueplanet.com\/uploads\/nbb-468x60-nov-generic.gif\" alt=\"BingoBilly Gratis Bingo\" width=\"686\" height=\"88\" \/><\/a><\/p>\n<ul>\n<li><strong>Spil der tilbydes<\/strong><\/li>\n<\/ul>\n<p>Den side, du v\u00e6lger, skal tilbyde en bred vifte af spil. <strong>Bingo<\/strong> findes i forskellige former. 90-bolde, 80-bolde, 75-bolde, mini, quickie, coverall, bonanza og pattern er nogle af de popul\u00e6re variationer af spillet. At v\u00e6lge den side, der tilbyder alle disse variationer, hj\u00e6lper dig med at nyde at spille spillene uden at kede dig.<\/p>\n<ul>\n<li><strong>Bonus<\/strong><\/li>\n<\/ul>\n<p>Selvom det ikke er tilr\u00e5deligt at beslutte sig ud fra den bonus, der tilbydes af spillesiden, er siden med den h\u00f8jeste bonus ikke n\u00f8dvendigvis den bedste bingoside for dig. Nyttige funktioner og et bredt udvalg af spil er helt sikkert vigtigere aspekter. De fleste bingosider tilbyder en velkomstbonus. N\u00e5r du foretager din f\u00f8rste indbetaling, vil velkomstbonusbel\u00f8bet automatisk blive indsat p\u00e5 din konto. Du kan bruge denne bonus til at spille mere. S\u00f8rg for at l\u00e6se de vilk\u00e5r og betingelser, der er knyttet til bonussen. Normalt b\u00f8r bonussen bruges inden for en m\u00e5ned.<\/p>\n<ul>\n<li><strong>Ind- og udbetalingsmetoder<\/strong><\/li>\n<\/ul>\n<p>Det bedste bingosite tilbyder forskellige indbetalingsmetoder, s\u00e5 du kan v\u00e6lge den, der er mest bekvem for dig. Det giver ogs\u00e5 en r\u00e6kke muligheder for at h\u00e6ve dine gevinster. De g\u00f8r det nemt at oprette en konto. Du kan nemt udfylde deres online registrering og bankoplysninger.<\/p>\n<ul>\n<li><strong>Kundeservice<\/strong><\/li>\n<\/ul>\n<p>Du kan tjekke, om spillesiden tilbyder den bedste kundeservice. Det bedste site har et veluddannet kundeteam, der svarer p\u00e5 dine sp\u00f8rgsm\u00e5l og l\u00f8ser dine problemer hurtigt. Uanset om du sidder fast i processen med at \u00e5bne en konto eller har problemer med at h\u00e6ve dine gevinster, kan du f\u00e5 deres hj\u00e6lp n\u00e5r som helst. De tilbyder livechat, telefon og e-mail support for at h\u00e5ndtere dine bekymringer professionelt.<\/p>\n<p>At overveje alle disse ting kan hj\u00e6lpe dig med at v\u00e6lge en fantastisk online bingoside. Personligt kan vi godt lide Bingo Billy. Selv hvis du bor i USA, <span style=\"box-sizing: border-box; margin: 0px; padding: 0px;\">kan du stadig spille p\u00e5 <a class=\"thirstylink\" title=\"Bingo Billy en\" href=\"https:\/\/gambling6.com\/go\/bingobilly-en\/\" target=\"_blank\" rel=\"nofollow noopener\">Bingo Billy\u2014<\/a><\/span><a class=\"thirstylink\" title=\"Bingo Billy en\" href=\"https:\/\/gambling6.com\/go\/bingobilly-en\/\" target=\"_blank\" rel=\"nofollow noopener\">f\u00f8lg dette link til deres hjemmeside.<\/a><\/p>\n","protected":false},"excerpt":{"rendered":"<p>Valg af en bingohjemmeside Bingo er et sp\u00e6ndende spil, der kr\u00e6ver langt mindre f\u00e6rdigheder end spil som blackjack eller poker. Spillet tiltr\u00e6kker mange mennesker med sin enkelhed. Det kr\u00e6ver ikke, at du l\u00e6rer komplicerede regler eller strategier. Desuden er det billigere at spille bingokort. Mange sider tilbyder dette spil online. Du kan tilmelde dig en [&hellip;]<\/p>\n","protected":false},"author":1,"featured_media":8425,"parent":8489,"menu_order":5,"comment_status":"closed","ping_status":"closed","template":"","meta":{"footnotes":""},"class_list":["post-8423","page","type-page","status-publish","has-post-thumbnail","hentry"],"yoast_head":"<!-- This site is optimized with the Yoast SEO plugin v27.3 - https:\/\/yoast.com\/product\/yoast-seo-wordpress\/ -->\n<title>Bingotips - Hvilke er de bedste bingosider?<\/title>\n<meta name=\"description\" content=\"Det er vigtigt at v\u00e6lge den bedste bingoside - men hvilken side skal du v\u00e6lge? Find svarene her\" \/>\n<meta name=\"robots\" content=\"index, follow, max-snippet:-1, max-image-preview:large, max-video-preview:-1\" \/>\n<link rel=\"canonical\" href=\"https:\/\/gambling6.com\/da\/bingo\/tips-til-de-bedste-bingo-hjemmesider\/\" \/>\n<meta property=\"og:locale\" content=\"da_DK\" \/>\n<meta property=\"og:type\" content=\"article\" \/>\n<meta property=\"og:title\" content=\"Bingotips - Hvilke er de bedste bingosider?\" \/>\n<meta property=\"og:description\" content=\"Det er vigtigt at v\u00e6lge den bedste bingoside - men hvilken side skal du v\u00e6lge? Find svarene her\" \/>\n<meta property=\"og:url\" content=\"https:\/\/gambling6.com\/da\/bingo\/tips-til-de-bedste-bingo-hjemmesider\/\" \/>\n<meta property=\"og:site_name\" content=\"Gambling6\" \/>\n<meta property=\"article:modified_time\" content=\"2025-11-12T12:03:32+00:00\" \/>\n<meta property=\"og:image\" content=\"https:\/\/gambling6.com\/wp-content\/uploads\/2013\/12\/img_110.png\" \/>\n\t<meta property=\"og:image:width\" content=\"288\" \/>\n\t<meta property=\"og:image:height\" content=\"175\" \/>\n\t<meta property=\"og:image:type\" content=\"image\/png\" \/>\n<meta name=\"twitter:card\" content=\"summary_large_image\" \/>\n<meta name=\"twitter:label1\" content=\"Estimeret l\u00e6setid\" \/>\n\t<meta name=\"twitter:data1\" content=\"3 minutter\" \/>\n<script type=\"application\/ld+json\" class=\"yoast-schema-graph\">{\"@context\":\"https:\\\/\\\/schema.org\",\"@graph\":[{\"@type\":\"WebPage\",\"@id\":\"https:\\\/\\\/gambling6.com\\\/da\\\/bingo\\\/tips-til-de-bedste-bingo-hjemmesider\\\/\",\"url\":\"https:\\\/\\\/gambling6.com\\\/da\\\/bingo\\\/tips-til-de-bedste-bingo-hjemmesider\\\/\",\"name\":\"Bingotips - Hvilke er de bedste bingosider?\",\"isPartOf\":{\"@id\":\"https:\\\/\\\/gambling6.com\\\/da\\\/#website\"},\"primaryImageOfPage\":{\"@id\":\"https:\\\/\\\/gambling6.com\\\/da\\\/bingo\\\/tips-til-de-bedste-bingo-hjemmesider\\\/#primaryimage\"},\"image\":{\"@id\":\"https:\\\/\\\/gambling6.com\\\/da\\\/bingo\\\/tips-til-de-bedste-bingo-hjemmesider\\\/#primaryimage\"},\"thumbnailUrl\":\"https:\\\/\\\/gambling6.com\\\/wp-content\\\/uploads\\\/2013\\\/12\\\/img_110.png\",\"datePublished\":\"2025-11-07T17:14:30+00:00\",\"dateModified\":\"2025-11-12T12:03:32+00:00\",\"description\":\"Det er vigtigt at v\u00e6lge den bedste bingoside - men hvilken side skal du v\u00e6lge? Find svarene her\",\"breadcrumb\":{\"@id\":\"https:\\\/\\\/gambling6.com\\\/da\\\/bingo\\\/tips-til-de-bedste-bingo-hjemmesider\\\/#breadcrumb\"},\"inLanguage\":\"da-DK\",\"potentialAction\":[{\"@type\":\"ReadAction\",\"target\":[\"https:\\\/\\\/gambling6.com\\\/da\\\/bingo\\\/tips-til-de-bedste-bingo-hjemmesider\\\/\"]}]},{\"@type\":\"ImageObject\",\"inLanguage\":\"da-DK\",\"@id\":\"https:\\\/\\\/gambling6.com\\\/da\\\/bingo\\\/tips-til-de-bedste-bingo-hjemmesider\\\/#primaryimage\",\"url\":\"https:\\\/\\\/gambling6.com\\\/wp-content\\\/uploads\\\/2013\\\/12\\\/img_110.png\",\"contentUrl\":\"https:\\\/\\\/gambling6.com\\\/wp-content\\\/uploads\\\/2013\\\/12\\\/img_110.png\",\"width\":288,\"height\":175,\"caption\":\"choose best bingo website\"},{\"@type\":\"BreadcrumbList\",\"@id\":\"https:\\\/\\\/gambling6.com\\\/da\\\/bingo\\\/tips-til-de-bedste-bingo-hjemmesider\\\/#breadcrumb\",\"itemListElement\":[{\"@type\":\"ListItem\",\"position\":1,\"name\":\"Home\",\"item\":\"https:\\\/\\\/gambling6.com\\\/da\\\/home\\\/\"},{\"@type\":\"ListItem\",\"position\":2,\"name\":\"Bingo\",\"item\":\"https:\\\/\\\/gambling6.com\\\/da\\\/all-about-bingo\\\/\"},{\"@type\":\"ListItem\",\"position\":3,\"name\":\"Tips til de bedste bingo-hjemmesider\"}]},{\"@type\":\"WebSite\",\"@id\":\"https:\\\/\\\/gambling6.com\\\/da\\\/#website\",\"url\":\"https:\\\/\\\/gambling6.com\\\/da\\\/\",\"name\":\"Gambling6\",\"description\":\"\",\"potentialAction\":[{\"@type\":\"SearchAction\",\"target\":{\"@type\":\"EntryPoint\",\"urlTemplate\":\"https:\\\/\\\/gambling6.com\\\/da\\\/?s={search_term_string}\"},\"query-input\":{\"@type\":\"PropertyValueSpecification\",\"valueRequired\":true,\"valueName\":\"search_term_string\"}}],\"inLanguage\":\"da-DK\"}]}<\/script>\n<!-- \/ Yoast SEO plugin. -->","yoast_head_json":{"title":"Bingotips - Hvilke er de bedste bingosider?","description":"Det er vigtigt at v\u00e6lge den bedste bingoside - men hvilken side skal du v\u00e6lge? Find svarene her","robots":{"index":"index","follow":"follow","max-snippet":"max-snippet:-1","max-image-preview":"max-image-preview:large","max-video-preview":"max-video-preview:-1"},"canonical":"https:\/\/gambling6.com\/da\/bingo\/tips-til-de-bedste-bingo-hjemmesider\/","og_locale":"da_DK","og_type":"article","og_title":"Bingotips - Hvilke er de bedste bingosider?","og_description":"Det er vigtigt at v\u00e6lge den bedste bingoside - men hvilken side skal du v\u00e6lge? Find svarene her","og_url":"https:\/\/gambling6.com\/da\/bingo\/tips-til-de-bedste-bingo-hjemmesider\/","og_site_name":"Gambling6","article_modified_time":"2025-11-12T12:03:32+00:00","og_image":[{"width":288,"height":175,"url":"https:\/\/gambling6.com\/wp-content\/uploads\/2013\/12\/img_110.png","type":"image\/png"}],"twitter_card":"summary_large_image","twitter_misc":{"Estimeret l\u00e6setid":"3 minutter"},"schema":{"@context":"https:\/\/schema.org","@graph":[{"@type":"WebPage","@id":"https:\/\/gambling6.com\/da\/bingo\/tips-til-de-bedste-bingo-hjemmesider\/","url":"https:\/\/gambling6.com\/da\/bingo\/tips-til-de-bedste-bingo-hjemmesider\/","name":"Bingotips - Hvilke er de bedste bingosider?","isPartOf":{"@id":"https:\/\/gambling6.com\/da\/#website"},"primaryImageOfPage":{"@id":"https:\/\/gambling6.com\/da\/bingo\/tips-til-de-bedste-bingo-hjemmesider\/#primaryimage"},"image":{"@id":"https:\/\/gambling6.com\/da\/bingo\/tips-til-de-bedste-bingo-hjemmesider\/#primaryimage"},"thumbnailUrl":"https:\/\/gambling6.com\/wp-content\/uploads\/2013\/12\/img_110.png","datePublished":"2025-11-07T17:14:30+00:00","dateModified":"2025-11-12T12:03:32+00:00","description":"Det er vigtigt at v\u00e6lge den bedste bingoside - men hvilken side skal du v\u00e6lge? Find svarene her","breadcrumb":{"@id":"https:\/\/gambling6.com\/da\/bingo\/tips-til-de-bedste-bingo-hjemmesider\/#breadcrumb"},"inLanguage":"da-DK","potentialAction":[{"@type":"ReadAction","target":["https:\/\/gambling6.com\/da\/bingo\/tips-til-de-bedste-bingo-hjemmesider\/"]}]},{"@type":"ImageObject","inLanguage":"da-DK","@id":"https:\/\/gambling6.com\/da\/bingo\/tips-til-de-bedste-bingo-hjemmesider\/#primaryimage","url":"https:\/\/gambling6.com\/wp-content\/uploads\/2013\/12\/img_110.png","contentUrl":"https:\/\/gambling6.com\/wp-content\/uploads\/2013\/12\/img_110.png","width":288,"height":175,"caption":"choose best bingo website"},{"@type":"BreadcrumbList","@id":"https:\/\/gambling6.com\/da\/bingo\/tips-til-de-bedste-bingo-hjemmesider\/#breadcrumb","itemListElement":[{"@type":"ListItem","position":1,"name":"Home","item":"https:\/\/gambling6.com\/da\/home\/"},{"@type":"ListItem","position":2,"name":"Bingo","item":"https:\/\/gambling6.com\/da\/all-about-bingo\/"},{"@type":"ListItem","position":3,"name":"Tips til de bedste bingo-hjemmesider"}]},{"@type":"WebSite","@id":"https:\/\/gambling6.com\/da\/#website","url":"https:\/\/gambling6.com\/da\/","name":"Gambling6","description":"","potentialAction":[{"@type":"SearchAction","target":{"@type":"EntryPoint","urlTemplate":"https:\/\/gambling6.com\/da\/?s={search_term_string}"},"query-input":{"@type":"PropertyValueSpecification","valueRequired":true,"valueName":"search_term_string"}}],"inLanguage":"da-DK"}]}},"_links":{"self":[{"href":"https:\/\/gambling6.com\/da\/wp-json\/wp\/v2\/pages\/8423","targetHints":{"allow":["GET"]}}],"collection":[{"href":"https:\/\/gambling6.com\/da\/wp-json\/wp\/v2\/pages"}],"about":[{"href":"https:\/\/gambling6.com\/da\/wp-json\/wp\/v2\/types\/page"}],"author":[{"embeddable":true,"href":"https:\/\/gambling6.com\/da\/wp-json\/wp\/v2\/users\/1"}],"replies":[{"embeddable":true,"href":"https:\/\/gambling6.com\/da\/wp-json\/wp\/v2\/comments?post=8423"}],"version-history":[{"count":2,"href":"https:\/\/gambling6.com\/da\/wp-json\/wp\/v2\/pages\/8423\/revisions"}],"predecessor-version":[{"id":10615,"href":"https:\/\/gambling6.com\/da\/wp-json\/wp\/v2\/pages\/8423\/revisions\/10615"}],"up":[{"embeddable":true,"href":"https:\/\/gambling6.com\/da\/wp-json\/wp\/v2\/pages\/8489"}],"wp:featuredmedia":[{"embeddable":true,"href":"https:\/\/gambling6.com\/da\/wp-json\/wp\/v2\/media\/8425"}],"wp:attachment":[{"href":"https:\/\/gambling6.com\/da\/wp-json\/wp\/v2\/media?parent=8423"}],"curies":[{"name":"wp","href":"https:\/\/api.w.org\/{rel}","templated":true}]}}