{"id":8489,"date":"2025-11-07T18:37:19","date_gmt":"2025-11-07T18:37:19","guid":{"rendered":"https:\/\/gambling6.com\/bingo\/"},"modified":"2025-11-12T11:43:51","modified_gmt":"2025-11-12T11:43:51","slug":"bingo","status":"publish","type":"page","link":"https:\/\/gambling6.com\/da\/bingo\/","title":{"rendered":"Bingo"},"content":{"rendered":"<h2>Grundl\u00e6ggende information om bingo<\/h2>\n<p><a href=\"https:\/\/record.revenueplanet.com\/_BoBybWC_aAMWqcfzuvZcQMni_MQzyHn0\/1\/\" target=\"_new\"><img loading=\"lazy\" decoding=\"async\" class=\"alignright\" style=\"border: none;\" src=\"https:\/\/media.revenueplanet.com\/uploads\/nbb-120x600-oct-free.gif\" alt=\"BingoBilly Gratis Bingo\" width=\"120\" height=\"600\" \/><\/a>Bingospillet henvender sig til b\u00e5de unge og \u00e6ldre. Spillets oprindelse er i det 16. \u00e5rhundredes Italien, hvor det blev spillet under navnet &#8220;Il Giuoco del Lotto d&#8217;Italia&#8221; og derefter spredt over hele Europa. Bingo er et socialt spil, hvor det betyder noget: tid, reaktion, opfattelse af spillet og sidst men ikke mindst held.<\/p>\n<p>Med tiden har folk fors\u00f8gt at finde forskellige strategier til at udt\u00e6nke mere pr\u00e6cise beregninger om, hvordan de kan \u00f8ge deres vinderchancer. Nogle af dem har fejlet, og nogle af dem har haft succes. Online bingo dukkede op i midten af \u200b\u200b1990&#8217;erne og har siden da v\u00e6ret i l\u00f8bende udvikling. Fordelene ved online bingo, i mods\u00e6tning til offline bingo, er:<\/p>\n<ul>\n<li>Du kan spille direkte hjemmefra<\/li>\n<li>Alt er enkelt<\/li>\n<li>De tilbyder bonusser og pr\u00e6mier<\/li>\n<li>Du kan spille gratis<\/li>\n<li>Du kan spille n\u00e5r som helst p\u00e5 dagen eller natten<\/li>\n<li>Du har online support i realtid<\/li>\n<\/ul>\n<p>For begyndere anbefales det at spille demospil, der giver dem mulighed for at tilpasse sig reglerne og spillets hastighed. Spillets strategier sikrer ikke udbetaling, men \u00f8ger chancerne for at vinde. Det anbefales ogs\u00e5 at spille i et rum, hvor antallet af spillere er lille. For mere erfarne spillere er det en god id\u00e9 at spille med s\u00e5 mange kort som muligt; dette \u00f8ger deres vinderchancer. Bingospillet spilles med 30, 75, 80 og 90 kugler.<\/p>\n<p>Dit bedste valg ville v\u00e6re <a class=\"thirstylink\" title=\"Bingo Billy en\" href=\"https:\/\/gambling6.com\/go\/bingobilly-en\/\" target=\"_blank\" rel=\"nofollow noopener\">Bingo Billy &#8211; klik her for at spille,<\/a> og du f\u00e5r $30 i gratis bingobilletter til at starte med! Bingo Billy accepterer spillere fra hele verden, inklusive USA.<\/p>\n<h2>Bingospil med 30 kugler<\/h2>\n<p>Spilleren v\u00e6lger i alt 30 kugler og bruger en skala fra 1 til 75. Bingoomr\u00e5derne best\u00e5r af fem eller fem felter. Efter k\u00f8b af billetten skal spilleren v\u00e6lge i alt 30 tal. Tallene tr\u00e6kkes og markeres automatisk p\u00e5 billetten. Bingo er gennemf\u00f8rt, n\u00e5r spilleren har trukket fem eller seks tal, der giver ham mulighed for at lave en lodret, vandret eller diagonal linje. Spillet slutter, n\u00e5r de 30 kugler er trukket ud. Den spiller, der f\u00e5r flest bingolinjer, erkl\u00e6res som vinder.<\/p>\n<h2>Bingospil med 90 kugler<\/h2>\n<p>Brettet er lavet af grupper p\u00e5 9 til 3, der indeholder i alt 27 felter. Hver r\u00e6kke har 5 tal og 4 tomme felter. Det samlede antal tal p\u00e5 kortet er 15<\/p>\n<h2>Bingospillet med 80 kugler<\/h2>\n<p>Her er der p\u00e5 hvert kort 16 tal, 4 linjer og 4 kolonner<\/p>\n<h2>Online bingostrategier<\/h2>\n<p>Joseph E. Granville sagde, at han kan &#8220;\u00f8ge oddsene til fordel med op til 50%&#8221;. Han sagde ogs\u00e5, at de tal, der virkelig tr\u00e6kkes tilf\u00e6ldigt, har f\u00f8lgende m\u00f8nster: et lige antal tal, der ender p\u00e5 1, 2, 3, 4, 5, 6, 7, 8, 9, store og sm\u00e5 tal er i balance sammen med spillets fornyelse, udtrukne tal, der n\u00e6rmer sig tallet 38, mere pr\u00e6cist til midten<\/p>\n<p><strong>Et eksempel p\u00e5 en tilf\u00e6ldig billet efter Joseph E. Granvilles m\u00f8nster er<\/strong> 6, 11, 24, 32, 43, 57, 38, 69. Den britiske statistiker L.C.H. Tippet lancerede en teori, if\u00f8lge hvilken tallene tr\u00e6kkes med en sandsynlighed for at v\u00e6re t\u00e6t p\u00e5 38. N\u00e5r det er sagt, har du en bred vifte af sider og en lille introduktion til bingospillenes verden til r\u00e5dighed. Afh\u00e6ngigt af din pr\u00e6ference kan du beslutte, hvilken version der er bedst for dig. Held og lykke!<\/p>\n","protected":false},"excerpt":{"rendered":"<p>Grundl\u00e6ggende information om bingo Bingospillet henvender sig til b\u00e5de unge og \u00e6ldre. Spillets oprindelse er i det 16. \u00e5rhundredes Italien, hvor det blev spillet under navnet &#8220;Il Giuoco del Lotto d&#8217;Italia&#8221; og derefter spredt over hele Europa. Bingo er et socialt spil, hvor det betyder noget: tid, reaktion, opfattelse af spillet og sidst men ikke [&hellip;]<\/p>\n","protected":false},"author":1,"featured_media":0,"parent":0,"menu_order":6,"comment_status":"closed","ping_status":"closed","template":"","meta":{"footnotes":""},"class_list":["post-8489","page","type-page","status-publish","hentry"],"yoast_head":"<!-- This site is optimized with the Yoast SEO plugin v27.5 - https:\/\/yoast.com\/product\/yoast-seo-wordpress\/ -->\n<title>Grundl\u00e6ggende information om bingo<\/title>\n<meta name=\"description\" content=\"Alt om online bingo og de bedste sider at spille bingo online\" \/>\n<meta name=\"robots\" content=\"index, follow, max-snippet:-1, max-image-preview:large, max-video-preview:-1\" \/>\n<link rel=\"canonical\" href=\"https:\/\/gambling6.com\/da\/bingo\/\" \/>\n<meta property=\"og:locale\" content=\"da_DK\" \/>\n<meta property=\"og:type\" content=\"article\" \/>\n<meta property=\"og:title\" content=\"Grundl\u00e6ggende information om bingo\" \/>\n<meta property=\"og:description\" content=\"Alt om online bingo og de bedste sider at spille bingo online\" \/>\n<meta property=\"og:url\" content=\"https:\/\/gambling6.com\/da\/bingo\/\" \/>\n<meta property=\"og:site_name\" content=\"Gambling6\" \/>\n<meta property=\"article:modified_time\" content=\"2025-11-12T11:43:51+00:00\" \/>\n<meta property=\"og:image\" content=\"https:\/\/media.revenueplanet.com\/uploads\/nbb-120x600-oct-free.gif\" \/>\n<meta name=\"twitter:card\" content=\"summary_large_image\" \/>\n<meta name=\"twitter:label1\" content=\"Estimeret l\u00e6setid\" \/>\n\t<meta name=\"twitter:data1\" content=\"3 minutter\" \/>\n<script type=\"application\/ld+json\" class=\"yoast-schema-graph\">{\"@context\":\"https:\\\/\\\/schema.org\",\"@graph\":[{\"@type\":\"WebPage\",\"@id\":\"https:\\\/\\\/gambling6.com\\\/da\\\/bingo\\\/\",\"url\":\"https:\\\/\\\/gambling6.com\\\/da\\\/bingo\\\/\",\"name\":\"Grundl\u00e6ggende information om bingo\",\"isPartOf\":{\"@id\":\"https:\\\/\\\/gambling6.com\\\/da\\\/#website\"},\"primaryImageOfPage\":{\"@id\":\"https:\\\/\\\/gambling6.com\\\/da\\\/bingo\\\/#primaryimage\"},\"image\":{\"@id\":\"https:\\\/\\\/gambling6.com\\\/da\\\/bingo\\\/#primaryimage\"},\"thumbnailUrl\":\"https:\\\/\\\/media.revenueplanet.com\\\/uploads\\\/nbb-120x600-oct-free.gif\",\"datePublished\":\"2025-11-07T18:37:19+00:00\",\"dateModified\":\"2025-11-12T11:43:51+00:00\",\"description\":\"Alt om online bingo og de bedste sider at spille bingo online\",\"breadcrumb\":{\"@id\":\"https:\\\/\\\/gambling6.com\\\/da\\\/bingo\\\/#breadcrumb\"},\"inLanguage\":\"da-DK\",\"potentialAction\":[{\"@type\":\"ReadAction\",\"target\":[\"https:\\\/\\\/gambling6.com\\\/da\\\/bingo\\\/\"]}]},{\"@type\":\"ImageObject\",\"inLanguage\":\"da-DK\",\"@id\":\"https:\\\/\\\/gambling6.com\\\/da\\\/bingo\\\/#primaryimage\",\"url\":\"https:\\\/\\\/media.revenueplanet.com\\\/uploads\\\/nbb-120x600-oct-free.gif\",\"contentUrl\":\"https:\\\/\\\/media.revenueplanet.com\\\/uploads\\\/nbb-120x600-oct-free.gif\"},{\"@type\":\"BreadcrumbList\",\"@id\":\"https:\\\/\\\/gambling6.com\\\/da\\\/bingo\\\/#breadcrumb\",\"itemListElement\":[{\"@type\":\"ListItem\",\"position\":1,\"name\":\"Home\",\"item\":\"https:\\\/\\\/gambling6.com\\\/da\\\/home\\\/\"},{\"@type\":\"ListItem\",\"position\":2,\"name\":\"Bingo\"}]},{\"@type\":\"WebSite\",\"@id\":\"https:\\\/\\\/gambling6.com\\\/da\\\/#website\",\"url\":\"https:\\\/\\\/gambling6.com\\\/da\\\/\",\"name\":\"Gambling6\",\"description\":\"\",\"potentialAction\":[{\"@type\":\"SearchAction\",\"target\":{\"@type\":\"EntryPoint\",\"urlTemplate\":\"https:\\\/\\\/gambling6.com\\\/da\\\/?s={search_term_string}\"},\"query-input\":{\"@type\":\"PropertyValueSpecification\",\"valueRequired\":true,\"valueName\":\"search_term_string\"}}],\"inLanguage\":\"da-DK\"}]}<\/script>\n<!-- \/ Yoast SEO plugin. -->","yoast_head_json":{"title":"Grundl\u00e6ggende information om bingo","description":"Alt om online bingo og de bedste sider at spille bingo online","robots":{"index":"index","follow":"follow","max-snippet":"max-snippet:-1","max-image-preview":"max-image-preview:large","max-video-preview":"max-video-preview:-1"},"canonical":"https:\/\/gambling6.com\/da\/bingo\/","og_locale":"da_DK","og_type":"article","og_title":"Grundl\u00e6ggende information om bingo","og_description":"Alt om online bingo og de bedste sider at spille bingo online","og_url":"https:\/\/gambling6.com\/da\/bingo\/","og_site_name":"Gambling6","article_modified_time":"2025-11-12T11:43:51+00:00","og_image":[{"url":"https:\/\/media.revenueplanet.com\/uploads\/nbb-120x600-oct-free.gif","type":"","width":"","height":""}],"twitter_card":"summary_large_image","twitter_misc":{"Estimeret l\u00e6setid":"3 minutter"},"schema":{"@context":"https:\/\/schema.org","@graph":[{"@type":"WebPage","@id":"https:\/\/gambling6.com\/da\/bingo\/","url":"https:\/\/gambling6.com\/da\/bingo\/","name":"Grundl\u00e6ggende information om bingo","isPartOf":{"@id":"https:\/\/gambling6.com\/da\/#website"},"primaryImageOfPage":{"@id":"https:\/\/gambling6.com\/da\/bingo\/#primaryimage"},"image":{"@id":"https:\/\/gambling6.com\/da\/bingo\/#primaryimage"},"thumbnailUrl":"https:\/\/media.revenueplanet.com\/uploads\/nbb-120x600-oct-free.gif","datePublished":"2025-11-07T18:37:19+00:00","dateModified":"2025-11-12T11:43:51+00:00","description":"Alt om online bingo og de bedste sider at spille bingo online","breadcrumb":{"@id":"https:\/\/gambling6.com\/da\/bingo\/#breadcrumb"},"inLanguage":"da-DK","potentialAction":[{"@type":"ReadAction","target":["https:\/\/gambling6.com\/da\/bingo\/"]}]},{"@type":"ImageObject","inLanguage":"da-DK","@id":"https:\/\/gambling6.com\/da\/bingo\/#primaryimage","url":"https:\/\/media.revenueplanet.com\/uploads\/nbb-120x600-oct-free.gif","contentUrl":"https:\/\/media.revenueplanet.com\/uploads\/nbb-120x600-oct-free.gif"},{"@type":"BreadcrumbList","@id":"https:\/\/gambling6.com\/da\/bingo\/#breadcrumb","itemListElement":[{"@type":"ListItem","position":1,"name":"Home","item":"https:\/\/gambling6.com\/da\/home\/"},{"@type":"ListItem","position":2,"name":"Bingo"}]},{"@type":"WebSite","@id":"https:\/\/gambling6.com\/da\/#website","url":"https:\/\/gambling6.com\/da\/","name":"Gambling6","description":"","potentialAction":[{"@type":"SearchAction","target":{"@type":"EntryPoint","urlTemplate":"https:\/\/gambling6.com\/da\/?s={search_term_string}"},"query-input":{"@type":"PropertyValueSpecification","valueRequired":true,"valueName":"search_term_string"}}],"inLanguage":"da-DK"}]}},"_links":{"self":[{"href":"https:\/\/gambling6.com\/da\/wp-json\/wp\/v2\/pages\/8489","targetHints":{"allow":["GET"]}}],"collection":[{"href":"https:\/\/gambling6.com\/da\/wp-json\/wp\/v2\/pages"}],"about":[{"href":"https:\/\/gambling6.com\/da\/wp-json\/wp\/v2\/types\/page"}],"author":[{"embeddable":true,"href":"https:\/\/gambling6.com\/da\/wp-json\/wp\/v2\/users\/1"}],"replies":[{"embeddable":true,"href":"https:\/\/gambling6.com\/da\/wp-json\/wp\/v2\/comments?post=8489"}],"version-history":[{"count":1,"href":"https:\/\/gambling6.com\/da\/wp-json\/wp\/v2\/pages\/8489\/revisions"}],"predecessor-version":[{"id":10591,"href":"https:\/\/gambling6.com\/da\/wp-json\/wp\/v2\/pages\/8489\/revisions\/10591"}],"wp:attachment":[{"href":"https:\/\/gambling6.com\/da\/wp-json\/wp\/v2\/media?parent=8489"}],"curies":[{"name":"wp","href":"https:\/\/api.w.org\/{rel}","templated":true}]}}