{"id":8557,"date":"2025-11-07T20:18:19","date_gmt":"2025-11-07T20:18:19","guid":{"rendered":"https:\/\/gambling6.com\/kasino\/mobil-spil-pa-farten\/"},"modified":"2025-11-15T09:53:23","modified_gmt":"2025-11-15T09:53:23","slug":"mobil-spil-pa-farten","status":"publish","type":"page","link":"https:\/\/gambling6.com\/da\/kasino\/mobil-spil-pa-farten\/","title":{"rendered":"Mobil \u2013 Spil p\u00e5 farten"},"content":{"rendered":"<h2>Online spil p\u00e5 mobile enheder<\/h2>\n<h3>HTML5 vs. native apps \u2013 valget er dit!<\/h3>\n<p>N\u00e5r man kigger p\u00e5 en god gamblingkatalog, er det let at se, at der er mange gode muligheder for spillere, der \u00f8nsker at nyde deres yndlingsmuligheder p\u00e5 internettet. Forskellige sider tilbyder sikkert online spil p\u00e5 tv\u00e6rs af stort set alle kategorier, med poker, casino og sportsv\u00e6ddem\u00e5l typisk \u00f8verst p\u00e5 listen. Det er vigtigt at bem\u00e6rke, at der ogs\u00e5 er muligheder for amerikanske spillere, p\u00e5 trods af reglerne p\u00e5 dette marked, s\u00e5 amerikanere burde ikke have noget problem med at finde et p\u00e5lideligt websted via en iGambling-portal.<\/p>\n<p><img loading=\"lazy\" decoding=\"async\" class=\" alignright size-full wp-image-400\" style=\"margin: 5px; float: right;\" src=\"http:\/\/gambling6.com\/wp-content\/uploads\/2013\/12\/mobile-gambling-150x150.jpg\" alt=\"mobilspilapps\" width=\"150\" height=\"150\" \/>Mens udbuddet af online gambling forts\u00e6tter med at vokse, ser tendensen ud til at v\u00e6re, at mobilspil er det, tingene bev\u00e6ger sig hen imod. Stort set alle de st\u00f8rste operat\u00f8rer i branchen har, eller arbejder nu p\u00e5, en mobilapplikation, der giver deres brugere adgang til de samme tjenester, som de f\u00e5r derhjemme fra en smartphone. I et nyligt interview sagde informationschefen for Intralot, Dr. Christos Dimitriadis, at mobilspil vil blive lovligt i alle lande i Den Europ\u00e6iske Union.<\/p>\n<p>Selvom han ikke specificerede, hvorn\u00e5r dette sandsynligvis vil ske, g\u00f8r det faktum, at staterne skal bevare kontrollen over spil, mobilspil lovligt og omhyggeligt reguleret obligatorisk. Efterh\u00e5nden som flere og flere spillere spiller p\u00e5 mobile enheder, skal b\u00e5de operat\u00f8rer og regulatorer p\u00e5 specifikke markeder arbejde sammen for at n\u00e5 frem til en ideel l\u00f8sning.<\/p>\n<h2>HTML5<\/h2>\n<p>Nogle af de st\u00f8rste operat\u00f8rer p\u00e5 markedet for online gambling har allerede taget betydelige skridt for at forbedre deres mobiltilbud. 888 er kendt verden over, prim\u00e6rt for sine online sportsv\u00e6ddem\u00e5l, som stort set d\u00e6kker hele kloden og tilbyder v\u00e6ddem\u00e5l p\u00e5 alle de store sportsgrene og forskellige ligaer. Siden har ogs\u00e5 casinospil, poker, bingo og andre online spilkategorier, hvilket g\u00f8r den til et af de st\u00f8rste navne i branchen.<\/p>\n<p><a class=\"thirstylink\" title=\"888 casino en\" href=\"https:\/\/gambling6.com\/go\/888-casino-en\/\" target=\"_blank\" rel=\"nofollow noopener\"><strong>Klik her for at bes\u00f8ge 888 Casino<\/strong><\/a> &#8211; opret en spillerkonto gratis, og download derefter mobilappen.<\/p>\n<p>For nylig \u00e6ndrede 888 sin mobilplatform til en HTML5-version for at g\u00f8re det meget mere bekvemt for spillere. Grundl\u00e6ggende set vil operat\u00f8rens lyd- og videostreaming nu v\u00e6re drevet af HTML5, hvilket giver brugerne mulighed for at f\u00f8lge handlingen p\u00e5 deres foretrukne enhed uden at skulle bruge et Flash-plugin. Dette \u00e5bner ogs\u00e5 d\u00f8ren for nye muligheder, da brugerne nu kan placere v\u00e6ddem\u00e5l, mens de modtager data i realtid. HTML5-versionen giver ogs\u00e5 en bedre brugeroplevelse. Den kan registrere enhedens sk\u00e6rmst\u00f8rrelse, systemfunktioner og tilg\u00e6ngelige forbindelser.<\/p>\n<p>Det betyder, at man skal tage de n\u00f8dvendige forholdsregler for at sikre, at alt k\u00f8rer problemfrit, f.eks. ved at s\u00e6nke kvaliteten eller vente, f\u00f8r man starter en video for at spare b\u00e5ndbredde. Websteder med gamblinganmeldelser g\u00f8r det meget nemmere at finde et p\u00e5lideligt online casino ved at gruppere websteder i forskellige kategorier baseret p\u00e5 deres styrker. Nogle websteder har en tendens til at fokusere p\u00e5 deres mobiltilbud, og amerikanske online casinoer er altid et glimrende emne til diskussion.<\/p>\n<h2>Native apps<\/h2>\n<p>Native apps kr\u00e6ver download og installation, hvilket betyder, at der skal v\u00e6re forskellige versioner for at underst\u00f8tte de forskellige mobile operativsystemer, der nu er tilg\u00e6ngelige. Selvom disse er meget almindelige blandt online casinoer, taber de faktisk terr\u00e6n til HTML5. Der er mange grunde til dette, hvoraf den prim\u00e6re er, at \u00e9n HTML5-version kan passe til alle mobile enheder og selv foretage de n\u00f8dvendige \u00e6ndringer. Det er vigtigt at bem\u00e6rke, at 888, som n\u00e6vnt ovenfor, ikke vil opgive sine native apps, og de vil heller ikke stoppe med at bruge HTML4-teknologi.<\/p>\n<p>Dette er ogs\u00e5 et glimrende eksempel for andre operat\u00f8rer, da et skift til HTML5 natten over og opgive tidligere muligheder ville betyde, at nogle brugere ikke l\u00e6ngere har adgang til tilbuddene. Ikke alle spillere har den n\u00f8dvendige teknologi til at k\u00f8re den nye generation af software perfekt, s\u00e5 selvom dette er et godt skridt p\u00e5 vejen mod bedre mobilspil, b\u00f8r det ikke p\u00e5virke nuv\u00e6rende kunder negativt. Native apps er fortsat en fantastisk m\u00e5de at nyde online casinospil p\u00e5 tv\u00e6rs af forskellige mobile enheder. Hele introduktionsprocessen tager normalt ikke lang tid, s\u00e5 selvom HTML5 vil v\u00e6re det n\u00e6ste store skridt for alle operat\u00f8rer, er de tilbud, der nu er tilg\u00e6ngelige, ogs\u00e5 ret fantastiske.<\/p>\n","protected":false},"excerpt":{"rendered":"<p>Online spil p\u00e5 mobile enheder HTML5 vs. native apps \u2013 valget er dit! N\u00e5r man kigger p\u00e5 en god gamblingkatalog, er det let at se, at der er mange gode muligheder for spillere, der \u00f8nsker at nyde deres yndlingsmuligheder p\u00e5 internettet. Forskellige sider tilbyder sikkert online spil p\u00e5 tv\u00e6rs af stort set alle kategorier, med [&hellip;]<\/p>\n","protected":false},"author":1,"featured_media":8558,"parent":8281,"menu_order":40,"comment_status":"closed","ping_status":"closed","template":"","meta":{"footnotes":""},"class_list":["post-8557","page","type-page","status-publish","has-post-thumbnail","hentry"],"yoast_head":"<!-- This site is optimized with the Yoast SEO plugin v27.4 - https:\/\/yoast.com\/product\/yoast-seo-wordpress\/ -->\n<title>Onlinespil p\u00e5 mobile enheder<\/title>\n<meta name=\"description\" content=\"Mobilspil bliver mere og mere popul\u00e6rt, og applikationer f\u00e5r bedre grafik og flere funktioner.\" \/>\n<meta name=\"robots\" content=\"index, follow, max-snippet:-1, max-image-preview:large, max-video-preview:-1\" \/>\n<link rel=\"canonical\" href=\"https:\/\/gambling6.com\/da\/kasino\/mobil-spil-pa-farten\/\" \/>\n<meta property=\"og:locale\" content=\"da_DK\" \/>\n<meta property=\"og:type\" content=\"article\" \/>\n<meta property=\"og:title\" content=\"Onlinespil p\u00e5 mobile enheder\" \/>\n<meta property=\"og:description\" content=\"Mobilspil bliver mere og mere popul\u00e6rt, og applikationer f\u00e5r bedre grafik og flere funktioner.\" \/>\n<meta property=\"og:url\" content=\"https:\/\/gambling6.com\/da\/kasino\/mobil-spil-pa-farten\/\" \/>\n<meta property=\"og:site_name\" content=\"Gambling6\" \/>\n<meta property=\"article:modified_time\" content=\"2025-11-15T09:53:23+00:00\" \/>\n<meta property=\"og:image\" content=\"https:\/\/gambling6.com\/wp-content\/uploads\/2013\/12\/mobile-gambling-150x150.jpg\" \/>\n\t<meta property=\"og:image:width\" content=\"150\" \/>\n\t<meta property=\"og:image:height\" content=\"150\" \/>\n\t<meta property=\"og:image:type\" content=\"image\/jpeg\" \/>\n<meta name=\"twitter:card\" content=\"summary_large_image\" \/>\n<meta name=\"twitter:label1\" content=\"Estimeret l\u00e6setid\" \/>\n\t<meta name=\"twitter:data1\" content=\"4 minutter\" \/>\n<script type=\"application\/ld+json\" class=\"yoast-schema-graph\">{\"@context\":\"https:\\\/\\\/schema.org\",\"@graph\":[{\"@type\":\"WebPage\",\"@id\":\"https:\\\/\\\/gambling6.com\\\/da\\\/kasino\\\/mobil-spil-pa-farten\\\/\",\"url\":\"https:\\\/\\\/gambling6.com\\\/da\\\/kasino\\\/mobil-spil-pa-farten\\\/\",\"name\":\"Onlinespil p\u00e5 mobile enheder\",\"isPartOf\":{\"@id\":\"https:\\\/\\\/gambling6.com\\\/da\\\/#website\"},\"primaryImageOfPage\":{\"@id\":\"https:\\\/\\\/gambling6.com\\\/da\\\/kasino\\\/mobil-spil-pa-farten\\\/#primaryimage\"},\"image\":{\"@id\":\"https:\\\/\\\/gambling6.com\\\/da\\\/kasino\\\/mobil-spil-pa-farten\\\/#primaryimage\"},\"thumbnailUrl\":\"https:\\\/\\\/gambling6.com\\\/wp-content\\\/uploads\\\/2013\\\/12\\\/mobile-gambling-150x150.jpg\",\"datePublished\":\"2025-11-07T20:18:19+00:00\",\"dateModified\":\"2025-11-15T09:53:23+00:00\",\"description\":\"Mobilspil bliver mere og mere popul\u00e6rt, og applikationer f\u00e5r bedre grafik og flere funktioner.\",\"breadcrumb\":{\"@id\":\"https:\\\/\\\/gambling6.com\\\/da\\\/kasino\\\/mobil-spil-pa-farten\\\/#breadcrumb\"},\"inLanguage\":\"da-DK\",\"potentialAction\":[{\"@type\":\"ReadAction\",\"target\":[\"https:\\\/\\\/gambling6.com\\\/da\\\/kasino\\\/mobil-spil-pa-farten\\\/\"]}]},{\"@type\":\"ImageObject\",\"inLanguage\":\"da-DK\",\"@id\":\"https:\\\/\\\/gambling6.com\\\/da\\\/kasino\\\/mobil-spil-pa-farten\\\/#primaryimage\",\"url\":\"https:\\\/\\\/gambling6.com\\\/wp-content\\\/uploads\\\/2013\\\/12\\\/mobile-gambling-150x150.jpg\",\"contentUrl\":\"https:\\\/\\\/gambling6.com\\\/wp-content\\\/uploads\\\/2013\\\/12\\\/mobile-gambling-150x150.jpg\",\"width\":150,\"height\":150,\"caption\":\"online slotmachine\"},{\"@type\":\"BreadcrumbList\",\"@id\":\"https:\\\/\\\/gambling6.com\\\/da\\\/kasino\\\/mobil-spil-pa-farten\\\/#breadcrumb\",\"itemListElement\":[{\"@type\":\"ListItem\",\"position\":1,\"name\":\"Home\",\"item\":\"https:\\\/\\\/gambling6.com\\\/da\\\/home\\\/\"},{\"@type\":\"ListItem\",\"position\":2,\"name\":\"Kasino\",\"item\":\"https:\\\/\\\/gambling6.com\\\/da\\\/kasino\\\/\"},{\"@type\":\"ListItem\",\"position\":3,\"name\":\"Mobil \u2013 Spil p\u00e5 farten\"}]},{\"@type\":\"WebSite\",\"@id\":\"https:\\\/\\\/gambling6.com\\\/da\\\/#website\",\"url\":\"https:\\\/\\\/gambling6.com\\\/da\\\/\",\"name\":\"Gambling6\",\"description\":\"\",\"potentialAction\":[{\"@type\":\"SearchAction\",\"target\":{\"@type\":\"EntryPoint\",\"urlTemplate\":\"https:\\\/\\\/gambling6.com\\\/da\\\/?s={search_term_string}\"},\"query-input\":{\"@type\":\"PropertyValueSpecification\",\"valueRequired\":true,\"valueName\":\"search_term_string\"}}],\"inLanguage\":\"da-DK\"}]}<\/script>\n<!-- \/ Yoast SEO plugin. -->","yoast_head_json":{"title":"Onlinespil p\u00e5 mobile enheder","description":"Mobilspil bliver mere og mere popul\u00e6rt, og applikationer f\u00e5r bedre grafik og flere funktioner.","robots":{"index":"index","follow":"follow","max-snippet":"max-snippet:-1","max-image-preview":"max-image-preview:large","max-video-preview":"max-video-preview:-1"},"canonical":"https:\/\/gambling6.com\/da\/kasino\/mobil-spil-pa-farten\/","og_locale":"da_DK","og_type":"article","og_title":"Onlinespil p\u00e5 mobile enheder","og_description":"Mobilspil bliver mere og mere popul\u00e6rt, og applikationer f\u00e5r bedre grafik og flere funktioner.","og_url":"https:\/\/gambling6.com\/da\/kasino\/mobil-spil-pa-farten\/","og_site_name":"Gambling6","article_modified_time":"2025-11-15T09:53:23+00:00","og_image":[{"width":150,"height":150,"url":"https:\/\/gambling6.com\/wp-content\/uploads\/2013\/12\/mobile-gambling-150x150.jpg","type":"image\/jpeg"}],"twitter_card":"summary_large_image","twitter_misc":{"Estimeret l\u00e6setid":"4 minutter"},"schema":{"@context":"https:\/\/schema.org","@graph":[{"@type":"WebPage","@id":"https:\/\/gambling6.com\/da\/kasino\/mobil-spil-pa-farten\/","url":"https:\/\/gambling6.com\/da\/kasino\/mobil-spil-pa-farten\/","name":"Onlinespil p\u00e5 mobile enheder","isPartOf":{"@id":"https:\/\/gambling6.com\/da\/#website"},"primaryImageOfPage":{"@id":"https:\/\/gambling6.com\/da\/kasino\/mobil-spil-pa-farten\/#primaryimage"},"image":{"@id":"https:\/\/gambling6.com\/da\/kasino\/mobil-spil-pa-farten\/#primaryimage"},"thumbnailUrl":"https:\/\/gambling6.com\/wp-content\/uploads\/2013\/12\/mobile-gambling-150x150.jpg","datePublished":"2025-11-07T20:18:19+00:00","dateModified":"2025-11-15T09:53:23+00:00","description":"Mobilspil bliver mere og mere popul\u00e6rt, og applikationer f\u00e5r bedre grafik og flere funktioner.","breadcrumb":{"@id":"https:\/\/gambling6.com\/da\/kasino\/mobil-spil-pa-farten\/#breadcrumb"},"inLanguage":"da-DK","potentialAction":[{"@type":"ReadAction","target":["https:\/\/gambling6.com\/da\/kasino\/mobil-spil-pa-farten\/"]}]},{"@type":"ImageObject","inLanguage":"da-DK","@id":"https:\/\/gambling6.com\/da\/kasino\/mobil-spil-pa-farten\/#primaryimage","url":"https:\/\/gambling6.com\/wp-content\/uploads\/2013\/12\/mobile-gambling-150x150.jpg","contentUrl":"https:\/\/gambling6.com\/wp-content\/uploads\/2013\/12\/mobile-gambling-150x150.jpg","width":150,"height":150,"caption":"online slotmachine"},{"@type":"BreadcrumbList","@id":"https:\/\/gambling6.com\/da\/kasino\/mobil-spil-pa-farten\/#breadcrumb","itemListElement":[{"@type":"ListItem","position":1,"name":"Home","item":"https:\/\/gambling6.com\/da\/home\/"},{"@type":"ListItem","position":2,"name":"Kasino","item":"https:\/\/gambling6.com\/da\/kasino\/"},{"@type":"ListItem","position":3,"name":"Mobil \u2013 Spil p\u00e5 farten"}]},{"@type":"WebSite","@id":"https:\/\/gambling6.com\/da\/#website","url":"https:\/\/gambling6.com\/da\/","name":"Gambling6","description":"","potentialAction":[{"@type":"SearchAction","target":{"@type":"EntryPoint","urlTemplate":"https:\/\/gambling6.com\/da\/?s={search_term_string}"},"query-input":{"@type":"PropertyValueSpecification","valueRequired":true,"valueName":"search_term_string"}}],"inLanguage":"da-DK"}]}},"_links":{"self":[{"href":"https:\/\/gambling6.com\/da\/wp-json\/wp\/v2\/pages\/8557","targetHints":{"allow":["GET"]}}],"collection":[{"href":"https:\/\/gambling6.com\/da\/wp-json\/wp\/v2\/pages"}],"about":[{"href":"https:\/\/gambling6.com\/da\/wp-json\/wp\/v2\/types\/page"}],"author":[{"embeddable":true,"href":"https:\/\/gambling6.com\/da\/wp-json\/wp\/v2\/users\/1"}],"replies":[{"embeddable":true,"href":"https:\/\/gambling6.com\/da\/wp-json\/wp\/v2\/comments?post=8557"}],"version-history":[{"count":2,"href":"https:\/\/gambling6.com\/da\/wp-json\/wp\/v2\/pages\/8557\/revisions"}],"predecessor-version":[{"id":10906,"href":"https:\/\/gambling6.com\/da\/wp-json\/wp\/v2\/pages\/8557\/revisions\/10906"}],"up":[{"embeddable":true,"href":"https:\/\/gambling6.com\/da\/wp-json\/wp\/v2\/pages\/8281"}],"wp:featuredmedia":[{"embeddable":true,"href":"https:\/\/gambling6.com\/da\/wp-json\/wp\/v2\/media\/8558"}],"wp:attachment":[{"href":"https:\/\/gambling6.com\/da\/wp-json\/wp\/v2\/media?parent=8557"}],"curies":[{"name":"wp","href":"https:\/\/api.w.org\/{rel}","templated":true}]}}