{"id":8604,"date":"2025-11-07T21:24:48","date_gmt":"2025-11-07T21:24:48","guid":{"rendered":"https:\/\/gambling6.com\/at-spille-pa-europaeiske-pokersider\/"},"modified":"2025-11-12T11:29:57","modified_gmt":"2025-11-12T11:29:57","slug":"at-spille-pa-europaeiske-pokersider","status":"publish","type":"page","link":"https:\/\/gambling6.com\/da\/poker\/at-spille-pa-europaeiske-pokersider\/","title":{"rendered":"At spille p\u00e5 europ\u00e6iske pokersider"},"content":{"rendered":"<h2>Europ\u00e6iske sider har ogs\u00e5 poker.<\/h2>\n<p>I l\u00f8bet af de seneste par \u00e5r har pokers popularitet n\u00e5et nye h\u00f8jder. De europ\u00e6iske lande er et betydeligt marked for online pokersider, og den amerikanske regerings nedsk\u00e6ringer i online gambling har tvunget operat\u00f8rer til at fokusere kraftigt p\u00e5 det europ\u00e6iske marked. Selvom live poker er en passion blandt europ\u00e6ere, indhenter online poker hurtigt netkyndige spillere. Lande som Storbritannien, \u00d8strig og Tyskland er endda v\u00e6rt for internationale pokerture og turneringer.<\/p>\n<p><img loading=\"lazy\" decoding=\"async\" class=\"size-full wp-image-3075 alignright\" src=\"https:\/\/gambling6.com\/wp-content\/uploads\/2022\/04\/poker_bonusode_test_bericht.png\" alt=\"europ\u00e6iske pokersider\" width=\"246\" height=\"200\" \/>Det europ\u00e6iske kontinent omfatter flere lande, der er medlemmer af Den Europ\u00e6iske Union (EU). Online poker ses positivt i hele Den Europ\u00e6iske Union \u2013 faktisk er online pokersider ikke blevet forbudt at operere p\u00e5 europ\u00e6iske markeder. Hvert medlemsland h\u00e5ndh\u00e6ver dog sine egne love vedr\u00f8rende online gambling. Derfor er det ret komplekst at forklare lovligheden af \u200b\u200bonline poker i hele Europa. Alle medlemslande i Den Europ\u00e6iske Union skal acceptere tjenester fra andre medlemslande, men hvert land har frihed til at beslutte, om online gambling er lovligt.<\/p>\n<p>Derfor har nogle EU-medlemmer forbudt online gambling, nogle f\u00e5 har legaliseret det, mens andre har taget en tvetydig tilgang. Selvom det er i orden at spille online, skal europ\u00e6iske online pokerspillere tr\u00e6de med forsigtighed \u2013 det anbefales, at de tjekker den lokale politik forbundet med online gambling, f\u00f8r de beslutter sig for at spille. Selvom online pokersider er beskattet og reguleret af Den Europ\u00e6iske Union, er der forskelle i lovgivningen i de enkelte medlemslande vedr\u00f8rende online gambling.<\/p>\n<h2>Bedste online pokerside for europ\u00e6iske spillere<\/h2>\n<p>Europ\u00e6iske online pokerspillere har et meget bredere udvalg af pokersider end amerikanske spillere. Den side, der skiller sig ud fra m\u00e6ngden, er 888 Poker.<\/p>\n<p><span style=\"background-color: transparent;\"><strong>888 Poker<\/strong> er et kendt navn blandt europ\u00e6iske pokersider. Og de giver endda nye spillere en <span style=\"font-size: medium;\"><strong>gratis bankroll p\u00e5 \u20ac20 \u2013 en fuldst\u00e6ndig risikofri start p\u00e5 poker med rigtige penge! Derudover er du berettiget til yderligere \u20ac300 bonus p\u00e5 en efterf\u00f8lgende indbetaling. <\/strong><\/span><a class=\"thirstylink\" title=\"888 poker en\" href=\"https:\/\/gambling6.com\/go\/888-poker-en\/\" target=\"_blank\" rel=\"nofollow noopener\"><strong>Klik her for at tilmelde dig 888 og begynde at spille med \u20ac20 i rigtige penge gratis.<\/strong><\/a><br \/>\n<a href=\"https:\/\/ic.aff-handler.com\/C\/46138?sr=1073333&amp;anid=\" rel=\"nofollow\"><img loading=\"lazy\" decoding=\"async\" class=\"aligncenter\" src=\"https:\/\/ic.aff-handler.com\/I\/46138?sr=1073333&amp;anid=\" width=\"530\" height=\"68\" \/><\/a><\/span><\/p>\n<p>For eksempel tillader Storbritannien sine borgere at spille online og tillader ogs\u00e5 udenlandske spillesider at operere i landet. Holland tillader kun beboere at spille p\u00e5 online pokersider, der har en hollandsk licens. \u00d8steurop\u00e6iske lande var derimod ikke med i kapl\u00f8bet om online gambling, men p\u00e5 det seneste, med nem internetadgang, har de ogs\u00e5 meldt sig p\u00e5 banen. For nylig blev der fremsat et forslag til EU, der opfordrede til et ensartet reguleringssystem for online gambling p\u00e5 tv\u00e6rs af medlemslandene. Dette ville hj\u00e6lpe med at standardisere licensprocessen i hele Europa og forenkle den.<\/p>\n<p>Hvad ang\u00e5r spillere p\u00e5 europ\u00e6iske pokersider, g\u00e6lder kun skattelovgivningen for dem. Spillere beskattes af deres respektive lande og EU, n\u00e5r de indbetaler p\u00e5 et online pokersite med base i udlandet. Forskellige lande i Europa taler andre sprog. Europ\u00e6iske pokersider henvender sig generelt til deres kunder p\u00e5 det lokale sprog. Nogle af de store pokersider tilbyder dog i dag deres websteder p\u00e5 forskellige sprog, da deres pokersoftware underst\u00f8tter flere sprog.<\/p>\n<p>Kundesupport tilbydes ogs\u00e5 p\u00e5 forskellige sprog. Udover engelsk kan pokersiden tilbyde fransk, spansk, tysk, hollandsk, dansk, italiensk, norsk, portugisisk osv. Ligesom med sprog accepterer europ\u00e6iske pokersider forskellige valutaer. Selvom de prim\u00e6re valutaer er amerikanske dollars eller britiske pund, er euroen den f\u00e6lles valuta i EU. Pokerspillere fra Europa foretr\u00e6kker at bruge euro eller britiske pund, n\u00e5r de foretager indbetalinger p\u00e5 en online pokerside.<\/p>\n<p>Europ\u00e6iske pokersider tilbyder generelt flere ind- og udbetalingsmuligheder, der passer til kunder fra forskellige EU-lande. Standardbetalingsmetoder p\u00e5 online pokersider inkluderer betalingskort, kreditkort, e-wallets, bankoverf\u00f8rsler, bankoverf\u00f8rsler og e-checks. Den nemmeste og mest popul\u00e6re metode til at indbetale penge til en online pokerkonto er med kreditkort. Nogle kreditkortudstedere godkender dog muligvis ikke transaktioner til online gambling, s\u00e5 det er bedst at tjekke, f\u00f8r du v\u00e6lger denne metode.<\/p>\n<p>Mange pokerspillere finder det bekvemt at indbetale penge til deres online pokerkonti ved hj\u00e6lp af e-wallets. Spillere kan \u00e5bne en konto hos en hvilken som helst af e-wallet-tjenesterne og indbetale penge til kontoen via deres bank. E-walletEn pokerkonto kan til geng\u00e6ld bruges til at foretage indbetalinger p\u00e5 pokerkontoen. Popul\u00e6re e-wallets, der tilbydes af europ\u00e6iske virksomheder, inkluderer blandt andet Neteller, Moneybookers og e-WalletXpress. Spilleren kan v\u00e6lge mellem mange andre e-wallets afh\u00e6ngigt af deres egnethed.<\/p>\n","protected":false},"excerpt":{"rendered":"<p>Europ\u00e6iske sider har ogs\u00e5 poker. I l\u00f8bet af de seneste par \u00e5r har pokers popularitet n\u00e5et nye h\u00f8jder. De europ\u00e6iske lande er et betydeligt marked for online pokersider, og den amerikanske regerings nedsk\u00e6ringer i online gambling har tvunget operat\u00f8rer til at fokusere kraftigt p\u00e5 det europ\u00e6iske marked. Selvom live poker er en passion blandt europ\u00e6ere, [&hellip;]<\/p>\n","protected":false},"author":1,"featured_media":0,"parent":8766,"menu_order":22,"comment_status":"closed","ping_status":"closed","template":"","meta":{"footnotes":""},"class_list":["post-8604","page","type-page","status-publish","hentry"],"yoast_head":"<!-- This site is optimized with the Yoast SEO plugin v27.3 - https:\/\/yoast.com\/product\/yoast-seo-wordpress\/ -->\n<title>De bedste europ\u00e6iske pokersider<\/title>\n<meta name=\"description\" content=\"Europ\u00e6iske pokerspillere har masser af sider at v\u00e6lge imellem - her er vores foretrukne EU-pokerrum\" \/>\n<meta name=\"robots\" content=\"index, follow, max-snippet:-1, max-image-preview:large, max-video-preview:-1\" \/>\n<link rel=\"canonical\" href=\"https:\/\/gambling6.com\/da\/poker\/at-spille-pa-europaeiske-pokersider\/\" \/>\n<meta property=\"og:locale\" content=\"da_DK\" \/>\n<meta property=\"og:type\" content=\"article\" \/>\n<meta property=\"og:title\" content=\"De bedste europ\u00e6iske pokersider\" \/>\n<meta property=\"og:description\" content=\"Europ\u00e6iske pokerspillere har masser af sider at v\u00e6lge imellem - her er vores foretrukne EU-pokerrum\" \/>\n<meta property=\"og:url\" content=\"https:\/\/gambling6.com\/da\/poker\/at-spille-pa-europaeiske-pokersider\/\" \/>\n<meta property=\"og:site_name\" content=\"Gambling6\" \/>\n<meta property=\"article:modified_time\" content=\"2025-11-12T11:29:57+00:00\" \/>\n<meta property=\"og:image\" content=\"https:\/\/gambling6.com\/wp-content\/uploads\/2022\/04\/poker_bonusode_test_bericht.png\" \/>\n\t<meta property=\"og:image:width\" content=\"246\" \/>\n\t<meta property=\"og:image:height\" content=\"200\" \/>\n\t<meta property=\"og:image:type\" content=\"image\/png\" \/>\n<meta name=\"twitter:card\" content=\"summary_large_image\" \/>\n<meta name=\"twitter:label1\" content=\"Estimeret l\u00e6setid\" \/>\n\t<meta name=\"twitter:data1\" content=\"4 minutter\" \/>\n<script type=\"application\/ld+json\" class=\"yoast-schema-graph\">{\"@context\":\"https:\\\/\\\/schema.org\",\"@graph\":[{\"@type\":\"WebPage\",\"@id\":\"https:\\\/\\\/gambling6.com\\\/da\\\/poker\\\/at-spille-pa-europaeiske-pokersider\\\/\",\"url\":\"https:\\\/\\\/gambling6.com\\\/da\\\/poker\\\/at-spille-pa-europaeiske-pokersider\\\/\",\"name\":\"De bedste europ\u00e6iske pokersider\",\"isPartOf\":{\"@id\":\"https:\\\/\\\/gambling6.com\\\/da\\\/#website\"},\"primaryImageOfPage\":{\"@id\":\"https:\\\/\\\/gambling6.com\\\/da\\\/poker\\\/at-spille-pa-europaeiske-pokersider\\\/#primaryimage\"},\"image\":{\"@id\":\"https:\\\/\\\/gambling6.com\\\/da\\\/poker\\\/at-spille-pa-europaeiske-pokersider\\\/#primaryimage\"},\"thumbnailUrl\":\"https:\\\/\\\/gambling6.com\\\/wp-content\\\/uploads\\\/2022\\\/04\\\/poker_bonusode_test_bericht.png\",\"datePublished\":\"2025-11-07T21:24:48+00:00\",\"dateModified\":\"2025-11-12T11:29:57+00:00\",\"description\":\"Europ\u00e6iske pokerspillere har masser af sider at v\u00e6lge imellem - her er vores foretrukne EU-pokerrum\",\"breadcrumb\":{\"@id\":\"https:\\\/\\\/gambling6.com\\\/da\\\/poker\\\/at-spille-pa-europaeiske-pokersider\\\/#breadcrumb\"},\"inLanguage\":\"da-DK\",\"potentialAction\":[{\"@type\":\"ReadAction\",\"target\":[\"https:\\\/\\\/gambling6.com\\\/da\\\/poker\\\/at-spille-pa-europaeiske-pokersider\\\/\"]}]},{\"@type\":\"ImageObject\",\"inLanguage\":\"da-DK\",\"@id\":\"https:\\\/\\\/gambling6.com\\\/da\\\/poker\\\/at-spille-pa-europaeiske-pokersider\\\/#primaryimage\",\"url\":\"https:\\\/\\\/gambling6.com\\\/wp-content\\\/uploads\\\/2022\\\/04\\\/poker_bonusode_test_bericht.png\",\"contentUrl\":\"https:\\\/\\\/gambling6.com\\\/wp-content\\\/uploads\\\/2022\\\/04\\\/poker_bonusode_test_bericht.png\"},{\"@type\":\"BreadcrumbList\",\"@id\":\"https:\\\/\\\/gambling6.com\\\/da\\\/poker\\\/at-spille-pa-europaeiske-pokersider\\\/#breadcrumb\",\"itemListElement\":[{\"@type\":\"ListItem\",\"position\":1,\"name\":\"Home\",\"item\":\"https:\\\/\\\/gambling6.com\\\/da\\\/home\\\/\"},{\"@type\":\"ListItem\",\"position\":2,\"name\":\"Poker\",\"item\":\"https:\\\/\\\/gambling6.com\\\/da\\\/poker\\\/\"},{\"@type\":\"ListItem\",\"position\":3,\"name\":\"At spille p\u00e5 europ\u00e6iske pokersider\"}]},{\"@type\":\"WebSite\",\"@id\":\"https:\\\/\\\/gambling6.com\\\/da\\\/#website\",\"url\":\"https:\\\/\\\/gambling6.com\\\/da\\\/\",\"name\":\"Gambling6\",\"description\":\"\",\"potentialAction\":[{\"@type\":\"SearchAction\",\"target\":{\"@type\":\"EntryPoint\",\"urlTemplate\":\"https:\\\/\\\/gambling6.com\\\/da\\\/?s={search_term_string}\"},\"query-input\":{\"@type\":\"PropertyValueSpecification\",\"valueRequired\":true,\"valueName\":\"search_term_string\"}}],\"inLanguage\":\"da-DK\"}]}<\/script>\n<!-- \/ Yoast SEO plugin. -->","yoast_head_json":{"title":"De bedste europ\u00e6iske pokersider","description":"Europ\u00e6iske pokerspillere har masser af sider at v\u00e6lge imellem - her er vores foretrukne EU-pokerrum","robots":{"index":"index","follow":"follow","max-snippet":"max-snippet:-1","max-image-preview":"max-image-preview:large","max-video-preview":"max-video-preview:-1"},"canonical":"https:\/\/gambling6.com\/da\/poker\/at-spille-pa-europaeiske-pokersider\/","og_locale":"da_DK","og_type":"article","og_title":"De bedste europ\u00e6iske pokersider","og_description":"Europ\u00e6iske pokerspillere har masser af sider at v\u00e6lge imellem - her er vores foretrukne EU-pokerrum","og_url":"https:\/\/gambling6.com\/da\/poker\/at-spille-pa-europaeiske-pokersider\/","og_site_name":"Gambling6","article_modified_time":"2025-11-12T11:29:57+00:00","og_image":[{"width":246,"height":200,"url":"https:\/\/gambling6.com\/wp-content\/uploads\/2022\/04\/poker_bonusode_test_bericht.png","type":"image\/png"}],"twitter_card":"summary_large_image","twitter_misc":{"Estimeret l\u00e6setid":"4 minutter"},"schema":{"@context":"https:\/\/schema.org","@graph":[{"@type":"WebPage","@id":"https:\/\/gambling6.com\/da\/poker\/at-spille-pa-europaeiske-pokersider\/","url":"https:\/\/gambling6.com\/da\/poker\/at-spille-pa-europaeiske-pokersider\/","name":"De bedste europ\u00e6iske pokersider","isPartOf":{"@id":"https:\/\/gambling6.com\/da\/#website"},"primaryImageOfPage":{"@id":"https:\/\/gambling6.com\/da\/poker\/at-spille-pa-europaeiske-pokersider\/#primaryimage"},"image":{"@id":"https:\/\/gambling6.com\/da\/poker\/at-spille-pa-europaeiske-pokersider\/#primaryimage"},"thumbnailUrl":"https:\/\/gambling6.com\/wp-content\/uploads\/2022\/04\/poker_bonusode_test_bericht.png","datePublished":"2025-11-07T21:24:48+00:00","dateModified":"2025-11-12T11:29:57+00:00","description":"Europ\u00e6iske pokerspillere har masser af sider at v\u00e6lge imellem - her er vores foretrukne EU-pokerrum","breadcrumb":{"@id":"https:\/\/gambling6.com\/da\/poker\/at-spille-pa-europaeiske-pokersider\/#breadcrumb"},"inLanguage":"da-DK","potentialAction":[{"@type":"ReadAction","target":["https:\/\/gambling6.com\/da\/poker\/at-spille-pa-europaeiske-pokersider\/"]}]},{"@type":"ImageObject","inLanguage":"da-DK","@id":"https:\/\/gambling6.com\/da\/poker\/at-spille-pa-europaeiske-pokersider\/#primaryimage","url":"https:\/\/gambling6.com\/wp-content\/uploads\/2022\/04\/poker_bonusode_test_bericht.png","contentUrl":"https:\/\/gambling6.com\/wp-content\/uploads\/2022\/04\/poker_bonusode_test_bericht.png"},{"@type":"BreadcrumbList","@id":"https:\/\/gambling6.com\/da\/poker\/at-spille-pa-europaeiske-pokersider\/#breadcrumb","itemListElement":[{"@type":"ListItem","position":1,"name":"Home","item":"https:\/\/gambling6.com\/da\/home\/"},{"@type":"ListItem","position":2,"name":"Poker","item":"https:\/\/gambling6.com\/da\/poker\/"},{"@type":"ListItem","position":3,"name":"At spille p\u00e5 europ\u00e6iske pokersider"}]},{"@type":"WebSite","@id":"https:\/\/gambling6.com\/da\/#website","url":"https:\/\/gambling6.com\/da\/","name":"Gambling6","description":"","potentialAction":[{"@type":"SearchAction","target":{"@type":"EntryPoint","urlTemplate":"https:\/\/gambling6.com\/da\/?s={search_term_string}"},"query-input":{"@type":"PropertyValueSpecification","valueRequired":true,"valueName":"search_term_string"}}],"inLanguage":"da-DK"}]}},"_links":{"self":[{"href":"https:\/\/gambling6.com\/da\/wp-json\/wp\/v2\/pages\/8604","targetHints":{"allow":["GET"]}}],"collection":[{"href":"https:\/\/gambling6.com\/da\/wp-json\/wp\/v2\/pages"}],"about":[{"href":"https:\/\/gambling6.com\/da\/wp-json\/wp\/v2\/types\/page"}],"author":[{"embeddable":true,"href":"https:\/\/gambling6.com\/da\/wp-json\/wp\/v2\/users\/1"}],"replies":[{"embeddable":true,"href":"https:\/\/gambling6.com\/da\/wp-json\/wp\/v2\/comments?post=8604"}],"version-history":[{"count":2,"href":"https:\/\/gambling6.com\/da\/wp-json\/wp\/v2\/pages\/8604\/revisions"}],"predecessor-version":[{"id":10579,"href":"https:\/\/gambling6.com\/da\/wp-json\/wp\/v2\/pages\/8604\/revisions\/10579"}],"up":[{"embeddable":true,"href":"https:\/\/gambling6.com\/da\/wp-json\/wp\/v2\/pages\/8766"}],"wp:attachment":[{"href":"https:\/\/gambling6.com\/da\/wp-json\/wp\/v2\/media?parent=8604"}],"curies":[{"name":"wp","href":"https:\/\/api.w.org\/{rel}","templated":true}]}}