{"id":8674,"date":"2025-11-07T22:41:58","date_gmt":"2025-11-07T22:41:58","guid":{"rendered":"https:\/\/gambling6.com\/skrabelodder\/"},"modified":"2025-11-07T22:41:58","modified_gmt":"2025-11-07T22:41:58","slug":"skrabelodder","status":"publish","type":"page","link":"https:\/\/gambling6.com\/da\/skrabelodder\/","title":{"rendered":"Skrabelodder"},"content":{"rendered":"<p>Hvis du kan lide sp\u00e6ndingen ved at spille skrabelodder eller andre spil med \u00f8jeblikkelig gevinst, <strong>vil du elske vores hjemmesideanbefalinger til at spille skrabelodder online.<\/strong> Der er mange muligheder for at spille skrabelodder p\u00e5 internettet. Alle disse sider tilbyder tilmeldingsbonusser og et godt udvalg af produkter. Du kan tilmelde dig, v\u00e6lge en betalingsmetode, fylde din konto op og v\u00e6re i gang med at spille p\u00e5 f\u00e5 minutter.<img loading=\"lazy\" decoding=\"async\" class=\"alignright wp-image-511\" style=\"margin: 10px; border: 5px solid #ffffff; float: right;\" src=\"http:\/\/gambling6.com\/wp-content\/uploads\/2013\/12\/best_online_scratchcards.jpg\" alt=\"bedste online skrabelodder\" width=\"299\" height=\"163\" srcset=\"https:\/\/gambling6.com\/wp-content\/uploads\/2013\/12\/best_online_scratchcards.jpg 446w, https:\/\/gambling6.com\/wp-content\/uploads\/2013\/12\/best_online_scratchcards-300x163.jpg 300w\" sizes=\"auto, (max-width: 299px) 100vw, 299px\" \/><\/p>\n<h2>Online skrabeloddsider tilbyder fantastisk animation<\/h2>\n<p>I mods\u00e6tning til de spil, du spiller p\u00e5 lodder fra din foretrukne lotteriforhandler, tilbyder onlineversionerne af skrabelodder sp\u00e6ndende animation, der skaber et sjovt milj\u00f8. Sp\u00e6ndingen ved at vinde og adrenalinsuset, man f\u00e5r ved at se de vindende kort vises p\u00e5 sk\u00e6rmen, er det, der f\u00e5r spillerne til at vende tilbage til online skrabelodswebsteder. Disse sider har tilf\u00f8jet visuelle hj\u00e6lpemidler for at \u00f8ge sp\u00e6ndingen og sp\u00e6ndingen.<\/p>\n<h2>888 Casino Instant Win skrabelodder er designet til europ\u00e6iske og britiske spillere<\/h2>\n<p>888 Casino er internationalt kendt som et casino i verdensklasse, men det er ogs\u00e5 en kraft, man skal regne med inden for online skrabelodder. <a class=\"thirstylink\" title=\"888 casino en\" href=\"https:\/\/gambling6.com\/go\/888-casino-en\/\" target=\"_blank\" rel=\"nofollow noopener\">Du kan bes\u00f8ge skrabelodssektionen ved at klikke her.<\/a><\/p>\n<p>Hvad vil du pr\u00e6cist se i 888 Casinos online skrabelodsspil? Vigtigst af alt vil spillerne elske antallet af tilg\u00e6ngelige lodder. Du kan spille over 40 forskellige spil, og hvis du bliver tr\u00e6t af at spille skrabelodder, kan du hurtigt skifte til deres hundredvis af online spilleautomater med progressive jackpots og et spiludvalg for alle spillere. Mange af disse maskiner starter som penny slots med fantastiske udbetalinger.<\/p>\n<p>Denne side tilbyder et bredt udvalg af casinospil, men ogs\u00e5 poker og sportsv\u00e6ddem\u00e5l.<\/p>\n<p>Sp\u00e6ndingen ved 888 Casino er drevet af supportteamet, som er ansvarlige for at skabe et milj\u00f8, der f\u00e5r dig til at komme tilbage. De finder altid p\u00e5 nye m\u00e5der at give dig nye spil og nye m\u00e5der at vinde p\u00e5 og holde dig opdateret p\u00e5 hvert trin undervejs.<\/p>\n<p>Kombiner enorme jackpots med masser af spiltitler, og bland et team i verdensklasse ind, der arbejder nat og dag for at give dig nye programmer, der holder dig underholdt, og du har en dejlig blanding af skrabelodder-lykke. S\u00f8rg for at deltage i skrabeloddets action p\u00e5 888 Casino.<\/p>\n","protected":false},"excerpt":{"rendered":"<p>Hvis du kan lide sp\u00e6ndingen ved at spille skrabelodder eller andre spil med \u00f8jeblikkelig gevinst, vil du elske vores hjemmesideanbefalinger til at spille skrabelodder online. Der er mange muligheder for at spille skrabelodder p\u00e5 internettet. Alle disse sider tilbyder tilmeldingsbonusser og et godt udvalg af produkter. Du kan tilmelde dig, v\u00e6lge en betalingsmetode, fylde din [&hellip;]<\/p>\n","protected":false},"author":1,"featured_media":8676,"parent":0,"menu_order":7,"comment_status":"closed","ping_status":"closed","template":"","meta":{"footnotes":""},"class_list":["post-8674","page","type-page","status-publish","has-post-thumbnail","hentry"],"yoast_head":"<!-- This site is optimized with the Yoast SEO plugin v27.3 - https:\/\/yoast.com\/product\/yoast-seo-wordpress\/ -->\n<title>Hvilke er de bedste online skrabelodshjemmesider?<\/title>\n<meta name=\"description\" content=\"Kom i gang med at spille p\u00e5 den bedste hjemmeside for online skrabelodder. Snesevis af skrabelodder tilg\u00e6ngelige i et bredt pr\u00e6mieinterval.\" \/>\n<meta name=\"robots\" content=\"index, follow, max-snippet:-1, max-image-preview:large, max-video-preview:-1\" \/>\n<link rel=\"canonical\" href=\"https:\/\/gambling6.com\/da\/skrabelodder\/\" \/>\n<meta property=\"og:locale\" content=\"da_DK\" \/>\n<meta property=\"og:type\" content=\"article\" \/>\n<meta property=\"og:title\" content=\"Hvilke er de bedste online skrabelodshjemmesider?\" \/>\n<meta property=\"og:description\" content=\"Kom i gang med at spille p\u00e5 den bedste hjemmeside for online skrabelodder. Snesevis af skrabelodder tilg\u00e6ngelige i et bredt pr\u00e6mieinterval.\" \/>\n<meta property=\"og:url\" content=\"https:\/\/gambling6.com\/da\/skrabelodder\/\" \/>\n<meta property=\"og:site_name\" content=\"Gambling6\" \/>\n<meta property=\"og:image\" content=\"https:\/\/gambling6.com\/wp-content\/uploads\/2013\/12\/best_online_scratchcards.jpg\" \/>\n\t<meta property=\"og:image:width\" content=\"446\" \/>\n\t<meta property=\"og:image:height\" content=\"243\" \/>\n\t<meta property=\"og:image:type\" content=\"image\/jpeg\" \/>\n<meta name=\"twitter:card\" content=\"summary_large_image\" \/>\n<meta name=\"twitter:label1\" content=\"Estimeret l\u00e6setid\" \/>\n\t<meta name=\"twitter:data1\" content=\"2 minutter\" \/>\n<script type=\"application\/ld+json\" class=\"yoast-schema-graph\">{\"@context\":\"https:\\\/\\\/schema.org\",\"@graph\":[{\"@type\":\"WebPage\",\"@id\":\"https:\\\/\\\/gambling6.com\\\/da\\\/skrabelodder\\\/\",\"url\":\"https:\\\/\\\/gambling6.com\\\/da\\\/skrabelodder\\\/\",\"name\":\"Hvilke er de bedste online skrabelodshjemmesider?\",\"isPartOf\":{\"@id\":\"https:\\\/\\\/gambling6.com\\\/da\\\/#website\"},\"primaryImageOfPage\":{\"@id\":\"https:\\\/\\\/gambling6.com\\\/da\\\/skrabelodder\\\/#primaryimage\"},\"image\":{\"@id\":\"https:\\\/\\\/gambling6.com\\\/da\\\/skrabelodder\\\/#primaryimage\"},\"thumbnailUrl\":\"https:\\\/\\\/gambling6.com\\\/wp-content\\\/uploads\\\/2013\\\/12\\\/best_online_scratchcards.jpg\",\"datePublished\":\"2025-11-07T22:41:58+00:00\",\"description\":\"Kom i gang med at spille p\u00e5 den bedste hjemmeside for online skrabelodder. Snesevis af skrabelodder tilg\u00e6ngelige i et bredt pr\u00e6mieinterval.\",\"breadcrumb\":{\"@id\":\"https:\\\/\\\/gambling6.com\\\/da\\\/skrabelodder\\\/#breadcrumb\"},\"inLanguage\":\"da-DK\",\"potentialAction\":[{\"@type\":\"ReadAction\",\"target\":[\"https:\\\/\\\/gambling6.com\\\/da\\\/skrabelodder\\\/\"]}]},{\"@type\":\"ImageObject\",\"inLanguage\":\"da-DK\",\"@id\":\"https:\\\/\\\/gambling6.com\\\/da\\\/skrabelodder\\\/#primaryimage\",\"url\":\"https:\\\/\\\/gambling6.com\\\/wp-content\\\/uploads\\\/2013\\\/12\\\/best_online_scratchcards.jpg\",\"contentUrl\":\"https:\\\/\\\/gambling6.com\\\/wp-content\\\/uploads\\\/2013\\\/12\\\/best_online_scratchcards.jpg\",\"width\":446,\"height\":243,\"caption\":\"best online scratchcards\"},{\"@type\":\"BreadcrumbList\",\"@id\":\"https:\\\/\\\/gambling6.com\\\/da\\\/skrabelodder\\\/#breadcrumb\",\"itemListElement\":[{\"@type\":\"ListItem\",\"position\":1,\"name\":\"Home\",\"item\":\"https:\\\/\\\/gambling6.com\\\/da\\\/home\\\/\"},{\"@type\":\"ListItem\",\"position\":2,\"name\":\"Skrabelodder\"}]},{\"@type\":\"WebSite\",\"@id\":\"https:\\\/\\\/gambling6.com\\\/da\\\/#website\",\"url\":\"https:\\\/\\\/gambling6.com\\\/da\\\/\",\"name\":\"Gambling6\",\"description\":\"\",\"potentialAction\":[{\"@type\":\"SearchAction\",\"target\":{\"@type\":\"EntryPoint\",\"urlTemplate\":\"https:\\\/\\\/gambling6.com\\\/da\\\/?s={search_term_string}\"},\"query-input\":{\"@type\":\"PropertyValueSpecification\",\"valueRequired\":true,\"valueName\":\"search_term_string\"}}],\"inLanguage\":\"da-DK\"}]}<\/script>\n<!-- \/ Yoast SEO plugin. -->","yoast_head_json":{"title":"Hvilke er de bedste online skrabelodshjemmesider?","description":"Kom i gang med at spille p\u00e5 den bedste hjemmeside for online skrabelodder. Snesevis af skrabelodder tilg\u00e6ngelige i et bredt pr\u00e6mieinterval.","robots":{"index":"index","follow":"follow","max-snippet":"max-snippet:-1","max-image-preview":"max-image-preview:large","max-video-preview":"max-video-preview:-1"},"canonical":"https:\/\/gambling6.com\/da\/skrabelodder\/","og_locale":"da_DK","og_type":"article","og_title":"Hvilke er de bedste online skrabelodshjemmesider?","og_description":"Kom i gang med at spille p\u00e5 den bedste hjemmeside for online skrabelodder. Snesevis af skrabelodder tilg\u00e6ngelige i et bredt pr\u00e6mieinterval.","og_url":"https:\/\/gambling6.com\/da\/skrabelodder\/","og_site_name":"Gambling6","og_image":[{"width":446,"height":243,"url":"https:\/\/gambling6.com\/wp-content\/uploads\/2013\/12\/best_online_scratchcards.jpg","type":"image\/jpeg"}],"twitter_card":"summary_large_image","twitter_misc":{"Estimeret l\u00e6setid":"2 minutter"},"schema":{"@context":"https:\/\/schema.org","@graph":[{"@type":"WebPage","@id":"https:\/\/gambling6.com\/da\/skrabelodder\/","url":"https:\/\/gambling6.com\/da\/skrabelodder\/","name":"Hvilke er de bedste online skrabelodshjemmesider?","isPartOf":{"@id":"https:\/\/gambling6.com\/da\/#website"},"primaryImageOfPage":{"@id":"https:\/\/gambling6.com\/da\/skrabelodder\/#primaryimage"},"image":{"@id":"https:\/\/gambling6.com\/da\/skrabelodder\/#primaryimage"},"thumbnailUrl":"https:\/\/gambling6.com\/wp-content\/uploads\/2013\/12\/best_online_scratchcards.jpg","datePublished":"2025-11-07T22:41:58+00:00","description":"Kom i gang med at spille p\u00e5 den bedste hjemmeside for online skrabelodder. Snesevis af skrabelodder tilg\u00e6ngelige i et bredt pr\u00e6mieinterval.","breadcrumb":{"@id":"https:\/\/gambling6.com\/da\/skrabelodder\/#breadcrumb"},"inLanguage":"da-DK","potentialAction":[{"@type":"ReadAction","target":["https:\/\/gambling6.com\/da\/skrabelodder\/"]}]},{"@type":"ImageObject","inLanguage":"da-DK","@id":"https:\/\/gambling6.com\/da\/skrabelodder\/#primaryimage","url":"https:\/\/gambling6.com\/wp-content\/uploads\/2013\/12\/best_online_scratchcards.jpg","contentUrl":"https:\/\/gambling6.com\/wp-content\/uploads\/2013\/12\/best_online_scratchcards.jpg","width":446,"height":243,"caption":"best online scratchcards"},{"@type":"BreadcrumbList","@id":"https:\/\/gambling6.com\/da\/skrabelodder\/#breadcrumb","itemListElement":[{"@type":"ListItem","position":1,"name":"Home","item":"https:\/\/gambling6.com\/da\/home\/"},{"@type":"ListItem","position":2,"name":"Skrabelodder"}]},{"@type":"WebSite","@id":"https:\/\/gambling6.com\/da\/#website","url":"https:\/\/gambling6.com\/da\/","name":"Gambling6","description":"","potentialAction":[{"@type":"SearchAction","target":{"@type":"EntryPoint","urlTemplate":"https:\/\/gambling6.com\/da\/?s={search_term_string}"},"query-input":{"@type":"PropertyValueSpecification","valueRequired":true,"valueName":"search_term_string"}}],"inLanguage":"da-DK"}]}},"_links":{"self":[{"href":"https:\/\/gambling6.com\/da\/wp-json\/wp\/v2\/pages\/8674","targetHints":{"allow":["GET"]}}],"collection":[{"href":"https:\/\/gambling6.com\/da\/wp-json\/wp\/v2\/pages"}],"about":[{"href":"https:\/\/gambling6.com\/da\/wp-json\/wp\/v2\/types\/page"}],"author":[{"embeddable":true,"href":"https:\/\/gambling6.com\/da\/wp-json\/wp\/v2\/users\/1"}],"replies":[{"embeddable":true,"href":"https:\/\/gambling6.com\/da\/wp-json\/wp\/v2\/comments?post=8674"}],"version-history":[{"count":0,"href":"https:\/\/gambling6.com\/da\/wp-json\/wp\/v2\/pages\/8674\/revisions"}],"wp:featuredmedia":[{"embeddable":true,"href":"https:\/\/gambling6.com\/da\/wp-json\/wp\/v2\/media\/8676"}],"wp:attachment":[{"href":"https:\/\/gambling6.com\/da\/wp-json\/wp\/v2\/media?parent=8674"}],"curies":[{"name":"wp","href":"https:\/\/api.w.org\/{rel}","templated":true}]}}