{"id":8766,"date":"2025-11-07T23:53:03","date_gmt":"2025-11-07T23:53:03","guid":{"rendered":"https:\/\/gambling6.com\/poker\/"},"modified":"2025-11-12T17:49:04","modified_gmt":"2025-11-12T17:49:04","slug":"poker","status":"publish","type":"page","link":"https:\/\/gambling6.com\/da\/poker\/","title":{"rendered":"Poker"},"content":{"rendered":"<h2 style=\"text-align: left;\"><img loading=\"lazy\" decoding=\"async\" class=\" wp-image-3009 alignright\" src=\"https:\/\/gambling6.com\/wp-content\/uploads\/2022\/04\/pokertournament-300x209.jpg\" alt=\"kom i gang med online poker\" width=\"266\" height=\"185\" srcset=\"https:\/\/gambling6.com\/wp-content\/uploads\/2022\/04\/pokertournament-300x209.jpg 300w, https:\/\/gambling6.com\/wp-content\/uploads\/2022\/04\/pokertournament.jpg 415w\" sizes=\"auto, (max-width: 266px) 100vw, 266px\" \/>Kom godt i gang med online poker<\/h2>\n<p>Hvis du vil begynde at spille online poker, er der et par ting, du skal vide. Poker er et f\u00e6rdighedsspil. Nu siger vi ikke, at der ikke er held involveret &#8211; faktisk er der &#8211; men sandheden er, at hvis du vil tjene penge, er der helt sikkert en l\u00e6ringskurve.<\/p>\n<h2>5 Gyldne Regler, n\u00e5r du begynder at spille poker online<\/h2>\n<ol>\n<li>V\u00e6lg dit pokerrum med omhu &#8211; l\u00e6s vores anmeldelser, f\u00f8r du v\u00e6lger det sted, du vil spille p\u00e5<\/li>\n<li>Start med spillepenge for at blive fortrolig med reglerne og selve spillet, og start derefter med det laveste niveau for rigtige penge<\/li>\n<li>Brug meget tid p\u00e5 at l\u00e6se om pokerstrategi. Vid, hvilke starth\u00e6nder der er gode i hvilken situation, og vid, hvordan du spiller dem i hvilken position ved bordet. &#8220;Tight is right&#8221; er det bedste r\u00e5d til nybegyndere, og din relative position er meget vigtig for dine beslutninger.<\/li>\n<li>Brug et godt bonustilbud til din f\u00f8rste indbetaling, eller brug endda et gratis bankroll-tilbud som det fra 888 Poker. De giver dig 20,00 \u20ac (eller GBP, afh\u00e6ngigt af hvor du bor) gratis bare for at tilmelde dig! Og du f\u00e5r stadig en indbetalingsbonus p\u00e5 100% og op til 300,00 \u20ac eller GBP, n\u00e5r du indbetaler penge. <a class=\"thirstylink\" title=\"888 poker en\" href=\"https:\/\/gambling6.com\/go\/888-poker-en\/\" target=\"_blank\" rel=\"nofollow noopener\"><span style=\"text-decoration: underline;\"><strong>Klik her for at<\/strong><\/span><span style=\"text-decoration: underline;\"><strong>g\u00e5<\/strong><\/span><span style=\"text-decoration: underline;\"><strong>til<\/strong><\/span><span style=\"text-decoration: underline;\"><strong>8<\/strong><\/span><span style=\"text-decoration: underline;\"><strong>88 Poker nu.<\/strong><\/span><\/a><\/li>\n<li>Administrer din bankroll omhyggeligt. Hav mindst 100 gange, helst 200 gange minimumsindsatsen for det niveau, du spiller p\u00e5.<\/li>\n<\/ol>\n<p><a href=\"https:\/\/ic.aff-handler.com\/C\/46138?sr=1073333&amp;anid=\" rel=\"nofollow\"><img loading=\"lazy\" decoding=\"async\" class=\"aligncenter\" src=\"https:\/\/ic.aff-handler.com\/I\/46138?sr=1073333&amp;anid=\" width=\"563\" height=\"72\" \/><\/a><\/p>\n<h2>De bedste websteder at spille online poker for begyndere<\/h2>\n<p>N\u00e5, en hjemmeside, vi allerede har n\u00e6vnt. Det er 888 Poker, hvor kampagnen med 20 \u20ac gratis bankroll giver dig mulighed for at spille med rigtige penge med det samme uden at skulle indbetale. Og du vil senere f\u00e5 endnu en bonus, n\u00e5r du selv indbetaler penge, hvilket vil fordoble dine penge. Denne udbyder accepterer dog ikke spillere fra USA.<\/p>\n<h2>Bedste hjemmesider for amerikanske pokerspillere<\/h2>\n<p>P\u00e5 grund af de juridiske restriktioner i USA har du ikke s\u00e5 mange valgmuligheder. De fleste operat\u00f8rer har trukket sig ud af det amerikanske marked, og et reguleret online gamblingmarked i USA er stadig en fremtidsudsigt &#8211; i hvert fald for de fleste stater.<\/p>\n<p>N\u00e5r det er sagt, ville din bedste mulighed i \u00f8jeblikket v\u00e6re BetOnline Poker. <a class=\"thirstylink\" title=\"Betonline poker en\" href=\"https:\/\/gambling6.com\/go\/betonline-poker-en\/\" target=\"_blank\" rel=\"nofollow noopener\">Klik p\u00e5 dette link for at bes\u00f8ge deres hjemmeside<\/a>, hvor du kan spille poker samt alle slags casinospil.<\/p>\n","protected":false},"excerpt":{"rendered":"<p>Kom godt i gang med online poker Hvis du vil begynde at spille online poker, er der et par ting, du skal vide. Poker er et f\u00e6rdighedsspil. Nu siger vi ikke, at der ikke er held involveret &#8211; faktisk er der &#8211; men sandheden er, at hvis du vil tjene penge, er der helt sikkert [&hellip;]<\/p>\n","protected":false},"author":1,"featured_media":0,"parent":0,"menu_order":5,"comment_status":"closed","ping_status":"closed","template":"","meta":{"footnotes":""},"class_list":["post-8766","page","type-page","status-publish","hentry"],"yoast_head":"<!-- This site is optimized with the Yoast SEO plugin v27.3 - https:\/\/yoast.com\/product\/yoast-seo-wordpress\/ -->\n<title>De bedste steder at komme i gang med at spille online poker?<\/title>\n<meta name=\"description\" content=\"Nejlep\u0161\u00ed m\u00edsta pro online poker, 5 zlat\u00fdch pravidel pro za\u010d\u00e1tek\" \/>\n<meta name=\"robots\" content=\"index, follow, max-snippet:-1, max-image-preview:large, max-video-preview:-1\" \/>\n<link rel=\"canonical\" href=\"https:\/\/gambling6.com\/da\/poker\/\" \/>\n<meta property=\"og:locale\" content=\"da_DK\" \/>\n<meta property=\"og:type\" content=\"article\" \/>\n<meta property=\"og:title\" content=\"De bedste steder at komme i gang med at spille online poker?\" \/>\n<meta property=\"og:description\" content=\"Nejlep\u0161\u00ed m\u00edsta pro online poker, 5 zlat\u00fdch pravidel pro za\u010d\u00e1tek\" \/>\n<meta property=\"og:url\" content=\"https:\/\/gambling6.com\/da\/poker\/\" \/>\n<meta property=\"og:site_name\" content=\"Gambling6\" \/>\n<meta property=\"article:modified_time\" content=\"2025-11-12T17:49:04+00:00\" \/>\n<meta property=\"og:image\" content=\"https:\/\/gambling6.com\/wp-content\/uploads\/2022\/04\/pokertournament.jpg\" \/>\n\t<meta property=\"og:image:width\" content=\"415\" \/>\n\t<meta property=\"og:image:height\" content=\"289\" \/>\n\t<meta property=\"og:image:type\" content=\"image\/jpeg\" \/>\n<meta name=\"twitter:card\" content=\"summary_large_image\" \/>\n<meta name=\"twitter:label1\" content=\"Estimeret l\u00e6setid\" \/>\n\t<meta name=\"twitter:data1\" content=\"2 minutter\" \/>\n<script type=\"application\/ld+json\" class=\"yoast-schema-graph\">{\"@context\":\"https:\\\/\\\/schema.org\",\"@graph\":[{\"@type\":\"WebPage\",\"@id\":\"https:\\\/\\\/gambling6.com\\\/da\\\/poker\\\/\",\"url\":\"https:\\\/\\\/gambling6.com\\\/da\\\/poker\\\/\",\"name\":\"De bedste steder at komme i gang med at spille online poker?\",\"isPartOf\":{\"@id\":\"https:\\\/\\\/gambling6.com\\\/da\\\/#website\"},\"primaryImageOfPage\":{\"@id\":\"https:\\\/\\\/gambling6.com\\\/da\\\/poker\\\/#primaryimage\"},\"image\":{\"@id\":\"https:\\\/\\\/gambling6.com\\\/da\\\/poker\\\/#primaryimage\"},\"thumbnailUrl\":\"https:\\\/\\\/gambling6.com\\\/wp-content\\\/uploads\\\/2022\\\/04\\\/pokertournament-300x209.jpg\",\"datePublished\":\"2025-11-07T23:53:03+00:00\",\"dateModified\":\"2025-11-12T17:49:04+00:00\",\"description\":\"Nejlep\u0161\u00ed m\u00edsta pro online poker, 5 zlat\u00fdch pravidel pro za\u010d\u00e1tek\",\"breadcrumb\":{\"@id\":\"https:\\\/\\\/gambling6.com\\\/da\\\/poker\\\/#breadcrumb\"},\"inLanguage\":\"da-DK\",\"potentialAction\":[{\"@type\":\"ReadAction\",\"target\":[\"https:\\\/\\\/gambling6.com\\\/da\\\/poker\\\/\"]}]},{\"@type\":\"ImageObject\",\"inLanguage\":\"da-DK\",\"@id\":\"https:\\\/\\\/gambling6.com\\\/da\\\/poker\\\/#primaryimage\",\"url\":\"https:\\\/\\\/gambling6.com\\\/wp-content\\\/uploads\\\/2022\\\/04\\\/pokertournament-300x209.jpg\",\"contentUrl\":\"https:\\\/\\\/gambling6.com\\\/wp-content\\\/uploads\\\/2022\\\/04\\\/pokertournament-300x209.jpg\"},{\"@type\":\"BreadcrumbList\",\"@id\":\"https:\\\/\\\/gambling6.com\\\/da\\\/poker\\\/#breadcrumb\",\"itemListElement\":[{\"@type\":\"ListItem\",\"position\":1,\"name\":\"Home\",\"item\":\"https:\\\/\\\/gambling6.com\\\/da\\\/home\\\/\"},{\"@type\":\"ListItem\",\"position\":2,\"name\":\"Poker\"}]},{\"@type\":\"WebSite\",\"@id\":\"https:\\\/\\\/gambling6.com\\\/da\\\/#website\",\"url\":\"https:\\\/\\\/gambling6.com\\\/da\\\/\",\"name\":\"Gambling6\",\"description\":\"\",\"potentialAction\":[{\"@type\":\"SearchAction\",\"target\":{\"@type\":\"EntryPoint\",\"urlTemplate\":\"https:\\\/\\\/gambling6.com\\\/da\\\/?s={search_term_string}\"},\"query-input\":{\"@type\":\"PropertyValueSpecification\",\"valueRequired\":true,\"valueName\":\"search_term_string\"}}],\"inLanguage\":\"da-DK\"}]}<\/script>\n<!-- \/ Yoast SEO plugin. -->","yoast_head_json":{"title":"De bedste steder at komme i gang med at spille online poker?","description":"Nejlep\u0161\u00ed m\u00edsta pro online poker, 5 zlat\u00fdch pravidel pro za\u010d\u00e1tek","robots":{"index":"index","follow":"follow","max-snippet":"max-snippet:-1","max-image-preview":"max-image-preview:large","max-video-preview":"max-video-preview:-1"},"canonical":"https:\/\/gambling6.com\/da\/poker\/","og_locale":"da_DK","og_type":"article","og_title":"De bedste steder at komme i gang med at spille online poker?","og_description":"Nejlep\u0161\u00ed m\u00edsta pro online poker, 5 zlat\u00fdch pravidel pro za\u010d\u00e1tek","og_url":"https:\/\/gambling6.com\/da\/poker\/","og_site_name":"Gambling6","article_modified_time":"2025-11-12T17:49:04+00:00","og_image":[{"width":415,"height":289,"url":"https:\/\/gambling6.com\/wp-content\/uploads\/2022\/04\/pokertournament.jpg","type":"image\/jpeg"}],"twitter_card":"summary_large_image","twitter_misc":{"Estimeret l\u00e6setid":"2 minutter"},"schema":{"@context":"https:\/\/schema.org","@graph":[{"@type":"WebPage","@id":"https:\/\/gambling6.com\/da\/poker\/","url":"https:\/\/gambling6.com\/da\/poker\/","name":"De bedste steder at komme i gang med at spille online poker?","isPartOf":{"@id":"https:\/\/gambling6.com\/da\/#website"},"primaryImageOfPage":{"@id":"https:\/\/gambling6.com\/da\/poker\/#primaryimage"},"image":{"@id":"https:\/\/gambling6.com\/da\/poker\/#primaryimage"},"thumbnailUrl":"https:\/\/gambling6.com\/wp-content\/uploads\/2022\/04\/pokertournament-300x209.jpg","datePublished":"2025-11-07T23:53:03+00:00","dateModified":"2025-11-12T17:49:04+00:00","description":"Nejlep\u0161\u00ed m\u00edsta pro online poker, 5 zlat\u00fdch pravidel pro za\u010d\u00e1tek","breadcrumb":{"@id":"https:\/\/gambling6.com\/da\/poker\/#breadcrumb"},"inLanguage":"da-DK","potentialAction":[{"@type":"ReadAction","target":["https:\/\/gambling6.com\/da\/poker\/"]}]},{"@type":"ImageObject","inLanguage":"da-DK","@id":"https:\/\/gambling6.com\/da\/poker\/#primaryimage","url":"https:\/\/gambling6.com\/wp-content\/uploads\/2022\/04\/pokertournament-300x209.jpg","contentUrl":"https:\/\/gambling6.com\/wp-content\/uploads\/2022\/04\/pokertournament-300x209.jpg"},{"@type":"BreadcrumbList","@id":"https:\/\/gambling6.com\/da\/poker\/#breadcrumb","itemListElement":[{"@type":"ListItem","position":1,"name":"Home","item":"https:\/\/gambling6.com\/da\/home\/"},{"@type":"ListItem","position":2,"name":"Poker"}]},{"@type":"WebSite","@id":"https:\/\/gambling6.com\/da\/#website","url":"https:\/\/gambling6.com\/da\/","name":"Gambling6","description":"","potentialAction":[{"@type":"SearchAction","target":{"@type":"EntryPoint","urlTemplate":"https:\/\/gambling6.com\/da\/?s={search_term_string}"},"query-input":{"@type":"PropertyValueSpecification","valueRequired":true,"valueName":"search_term_string"}}],"inLanguage":"da-DK"}]}},"_links":{"self":[{"href":"https:\/\/gambling6.com\/da\/wp-json\/wp\/v2\/pages\/8766","targetHints":{"allow":["GET"]}}],"collection":[{"href":"https:\/\/gambling6.com\/da\/wp-json\/wp\/v2\/pages"}],"about":[{"href":"https:\/\/gambling6.com\/da\/wp-json\/wp\/v2\/types\/page"}],"author":[{"embeddable":true,"href":"https:\/\/gambling6.com\/da\/wp-json\/wp\/v2\/users\/1"}],"replies":[{"embeddable":true,"href":"https:\/\/gambling6.com\/da\/wp-json\/wp\/v2\/comments?post=8766"}],"version-history":[{"count":2,"href":"https:\/\/gambling6.com\/da\/wp-json\/wp\/v2\/pages\/8766\/revisions"}],"predecessor-version":[{"id":10719,"href":"https:\/\/gambling6.com\/da\/wp-json\/wp\/v2\/pages\/8766\/revisions\/10719"}],"wp:attachment":[{"href":"https:\/\/gambling6.com\/da\/wp-json\/wp\/v2\/media?parent=8766"}],"curies":[{"name":"wp","href":"https:\/\/api.w.org\/{rel}","templated":true}]}}