{"id":8826,"date":"2025-11-08T07:51:01","date_gmt":"2025-11-08T07:51:01","guid":{"rendered":"https:\/\/gambling6.com\/kasino\/sikkerhed-pa-din-online-spillekonto\/"},"modified":"2025-11-15T09:58:02","modified_gmt":"2025-11-15T09:58:02","slug":"sikkerhed-pa-din-online-spillekonto","status":"publish","type":"page","link":"https:\/\/gambling6.com\/da\/kasino\/sikkerhed-pa-din-online-spillekonto\/","title":{"rendered":"Sikkerhed p\u00e5 din online spillekonto"},"content":{"rendered":"<h2>Undg\u00e5 d\u00e5rlige sider og tag nogle sikkerhedsforanstaltninger.<\/h2>\n<p>Online spilverdenen er vokset betydeligt, og selvom dette generelt er en god ting for spillere, kommer det ogs\u00e5 med et par ulemper. Den online sikkerhed, som casinoer tilbyder, er uden tvivl det mest afg\u00f8rende element, n\u00e5r man spiller for rigtige penge, og brugerne skal garanteres fejlfrie \u00f8konomiske transaktioner.<\/p>\n<p>Desv\u00e6rre er svindel og onlinebedrageri i dagens teknologisk avancerede verden alt for almindeligt til at antage, at det ikke vil ske for dig, og derfor ikke tage nogen foranstaltninger for at forhindre det. Nye online casinoer dukker op n\u00e6sten natten over og lover enorme bonusser for at f\u00e5 bolden til at rulle og tiltr\u00e6kke et stort antal kunder.<\/p>\n<p>Det er meget vigtigt at vide, om disse kan stoles p\u00e5, og det anbefales kraftigt f\u00f8rst at f\u00e5 mere information fra andre sider. Anmeldelser lavet af brugere eller erfarne spillere bliver meget popul\u00e6re p\u00e5 internettet, da flere spillere ser risikoen ved at hoppe blindt ind og f\u00f8rst s\u00f8ger en vis tryghed.<\/p>\n<h2>Online gambling i USA<\/h2>\n<p><img loading=\"lazy\" decoding=\"async\" class=\" wp-image-2415 alignright\" src=\"https:\/\/gambling6.com\/wp-content\/uploads\/2022\/04\/1_play_euromillions_online3-300x200.jpg\" alt=\"kasinosikkerhed\" width=\"263\" height=\"175\" srcset=\"https:\/\/gambling6.com\/wp-content\/uploads\/2022\/04\/1_play_euromillions_online3-300x200.jpg 300w, https:\/\/gambling6.com\/wp-content\/uploads\/2022\/04\/1_play_euromillions_online3.jpg 320w\" sizes=\"auto, (max-width: 263px) 100vw, 263px\" \/>USA er et sp\u00e6ndende online gamblingmarked. Selvom online casinoer er forbudt i alle stater undtagen to, er den gr\u00e5 online gamblingindustri enorm, prim\u00e6rt fordi amerikanske spillere \u00f8nsker at spille casinospil online. Det betydelige antal potentielle kunder betyder ogs\u00e5, at der er mere end en h\u00e5ndfuld amerikanske online casinoer, hvilket g\u00f8r det meget nemt for amerikanske spillere at komme i gang.<\/p>\n<p>Faktisk accepterer de f\u00f8rende sider endda amerikanske kreditkort som betalingsmetode, og alt er designet til at v\u00e6re s\u00e5 bekvemt som muligt for spillere. Selvom disse online casinoer ikke er reguleret af USA, har de licenser fra offshore jurisdiktioner, der sikrer, at de leverer et sikkert og trygt milj\u00f8. Problemet er, at udover de fantastiske casinoer, der henvender sig til det amerikanske marked, er der ogs\u00e5 masser af tvivlsomme sider, der har problemer med udbetalinger eller simpelthen ikke tilbyder en fair udbetalingsprocent p\u00e5 deres spil.<\/p>\n<p>Derfor er det bydende n\u00f8dvendigt f\u00f8rst at l\u00e6se nogle anmeldelser af den side, du vil tilmelde dig, og se, om den er s\u00e5 god, som den ser ud til. Dette tager ikke mere end et par minutter og sikrer, at din online spiloplevelse er s\u00e5 god som muligt. Hvad ang\u00e5r fair spil, bruger de trov\u00e6rdige online casinoer tilf\u00e6ldige talgeneratorer til at sikre, at hvert spil udelukkende er baseret p\u00e5 tilf\u00e6ldigheder. Et online casino kan kombinere traditionelle casinoborde med fordelene ved online spil gennem en live videostream af en dealer.<\/p>\n<p>Som en amerikansk spiller kan du ikke g\u00e5 galt i byen med at holde dig til den markedsledende udbyder af online casino-action, nemlig BetOnline. <a class=\"thirstylink\" title=\"Betonline casino en\" href=\"https:\/\/gambling6.com\/go\/betonline-casino-en\/\" target=\"_blank\" rel=\"nofollow noopener\">Klik her for at bes\u00f8ge deres hjemmeside.<\/a> Din sikkerhed er i gode h\u00e6nder der, i mods\u00e6tning til de fleste andre offshore casino-operat\u00f8rer, der accepterer amerikanske statsborgere.<\/p>\n<h2>Sikkerhedsforanstaltninger at overveje<\/h2>\n<p>Vi b\u00f8r ogs\u00e5 n\u00e6vne, at en betydelig del af ansvaret ligger hos spilleren, og der er specifikke foranstaltninger, de kan tage for at forhindre svindel og holde deres penge sikre.<\/p>\n<p><strong>1. Hav en sikker adgangskode<\/strong><\/p>\n<p>Flere og flere websteder opfordrer brugerne til at bruge sikre, sv\u00e6re at g\u00e6tte adgangskoder. At inkludere tal og bogstaver i b\u00e5de store og sm\u00e5 bogstaver g\u00f8r en adgangskode meget mere sikker, og det anbefales ogs\u00e5 ikke at bruge den samme adgangskode til flere konti.<\/p>\n<p><strong>2. S\u00f8rg for at have et godt antivirusprogram<\/strong><\/p>\n<p>De fleste spillere har en tendens til at glemme vigtigheden af \u200b\u200bet godt antivirusprogram. Dette kan straks opdage eventuelle problemer, n\u00e5r du surfer p\u00e5 internettet eller downloader noget, f.eks. appen til et nyt online casino.<\/p>\n<p><strong>3. S\u00f8rg altid for, at siden er sikker<\/strong><\/p>\n<p>N\u00e5r du indtaster personlige data, f.eks. kontooplysninger, skal du s\u00f8rge for, at siden er sikker. Dette g\u00f8res ved at tjekke adresselinjen i browseren for HTTPS og ved at kigge efter den lukkede l\u00e5s.<\/p>\n","protected":false},"excerpt":{"rendered":"<p>Undg\u00e5 d\u00e5rlige sider og tag nogle sikkerhedsforanstaltninger. Online spilverdenen er vokset betydeligt, og selvom dette generelt er en god ting for spillere, kommer det ogs\u00e5 med et par ulemper. Den online sikkerhed, som casinoer tilbyder, er uden tvivl det mest afg\u00f8rende element, n\u00e5r man spiller for rigtige penge, og brugerne skal garanteres fejlfrie \u00f8konomiske transaktioner. [&hellip;]<\/p>\n","protected":false},"author":1,"featured_media":0,"parent":8281,"menu_order":36,"comment_status":"closed","ping_status":"closed","template":"","meta":{"footnotes":""},"class_list":["post-8826","page","type-page","status-publish","hentry"],"yoast_head":"<!-- This site is optimized with the Yoast SEO plugin v27.6 - https:\/\/yoast.com\/product\/yoast-seo-wordpress\/ -->\n<title>Hvordan kan jeg holde min online casinokonto sikker<\/title>\n<meta name=\"description\" content=\"Nyttige tips til sikkerhed ved online gambling, s\u00e5 du sikrer din casinokonto\" \/>\n<meta name=\"robots\" content=\"index, follow, max-snippet:-1, max-image-preview:large, max-video-preview:-1\" \/>\n<link rel=\"canonical\" href=\"https:\/\/gambling6.com\/da\/kasino\/sikkerhed-pa-din-online-spillekonto\/\" \/>\n<meta property=\"og:locale\" content=\"da_DK\" \/>\n<meta property=\"og:type\" content=\"article\" \/>\n<meta property=\"og:title\" content=\"Hvordan kan jeg holde min online casinokonto sikker\" \/>\n<meta property=\"og:description\" content=\"Nyttige tips til sikkerhed ved online gambling, s\u00e5 du sikrer din casinokonto\" \/>\n<meta property=\"og:url\" content=\"https:\/\/gambling6.com\/da\/kasino\/sikkerhed-pa-din-online-spillekonto\/\" \/>\n<meta property=\"og:site_name\" content=\"Gambling6\" \/>\n<meta property=\"article:modified_time\" content=\"2025-11-15T09:58:02+00:00\" \/>\n<meta property=\"og:image\" content=\"https:\/\/gambling6.com\/wp-content\/uploads\/2022\/04\/1_play_euromillions_online3.jpg\" \/>\n\t<meta property=\"og:image:width\" content=\"320\" \/>\n\t<meta property=\"og:image:height\" content=\"213\" \/>\n\t<meta property=\"og:image:type\" content=\"image\/jpeg\" \/>\n<meta name=\"twitter:card\" content=\"summary_large_image\" \/>\n<meta name=\"twitter:label1\" content=\"Estimeret l\u00e6setid\" \/>\n\t<meta name=\"twitter:data1\" content=\"3 minutter\" \/>\n<script type=\"application\/ld+json\" class=\"yoast-schema-graph\">{\"@context\":\"https:\\\/\\\/schema.org\",\"@graph\":[{\"@type\":\"WebPage\",\"@id\":\"https:\\\/\\\/gambling6.com\\\/da\\\/kasino\\\/sikkerhed-pa-din-online-spillekonto\\\/\",\"url\":\"https:\\\/\\\/gambling6.com\\\/da\\\/kasino\\\/sikkerhed-pa-din-online-spillekonto\\\/\",\"name\":\"Hvordan kan jeg holde min online casinokonto sikker\",\"isPartOf\":{\"@id\":\"https:\\\/\\\/gambling6.com\\\/da\\\/#website\"},\"primaryImageOfPage\":{\"@id\":\"https:\\\/\\\/gambling6.com\\\/da\\\/kasino\\\/sikkerhed-pa-din-online-spillekonto\\\/#primaryimage\"},\"image\":{\"@id\":\"https:\\\/\\\/gambling6.com\\\/da\\\/kasino\\\/sikkerhed-pa-din-online-spillekonto\\\/#primaryimage\"},\"thumbnailUrl\":\"https:\\\/\\\/gambling6.com\\\/wp-content\\\/uploads\\\/2022\\\/04\\\/1_play_euromillions_online3-300x200.jpg\",\"datePublished\":\"2025-11-08T07:51:01+00:00\",\"dateModified\":\"2025-11-15T09:58:02+00:00\",\"description\":\"Nyttige tips til sikkerhed ved online gambling, s\u00e5 du sikrer din casinokonto\",\"breadcrumb\":{\"@id\":\"https:\\\/\\\/gambling6.com\\\/da\\\/kasino\\\/sikkerhed-pa-din-online-spillekonto\\\/#breadcrumb\"},\"inLanguage\":\"da-DK\",\"potentialAction\":[{\"@type\":\"ReadAction\",\"target\":[\"https:\\\/\\\/gambling6.com\\\/da\\\/kasino\\\/sikkerhed-pa-din-online-spillekonto\\\/\"]}]},{\"@type\":\"ImageObject\",\"inLanguage\":\"da-DK\",\"@id\":\"https:\\\/\\\/gambling6.com\\\/da\\\/kasino\\\/sikkerhed-pa-din-online-spillekonto\\\/#primaryimage\",\"url\":\"https:\\\/\\\/gambling6.com\\\/wp-content\\\/uploads\\\/2022\\\/04\\\/1_play_euromillions_online3-300x200.jpg\",\"contentUrl\":\"https:\\\/\\\/gambling6.com\\\/wp-content\\\/uploads\\\/2022\\\/04\\\/1_play_euromillions_online3-300x200.jpg\"},{\"@type\":\"BreadcrumbList\",\"@id\":\"https:\\\/\\\/gambling6.com\\\/da\\\/kasino\\\/sikkerhed-pa-din-online-spillekonto\\\/#breadcrumb\",\"itemListElement\":[{\"@type\":\"ListItem\",\"position\":1,\"name\":\"Home\",\"item\":\"https:\\\/\\\/gambling6.com\\\/da\\\/home\\\/\"},{\"@type\":\"ListItem\",\"position\":2,\"name\":\"Kasino\",\"item\":\"https:\\\/\\\/gambling6.com\\\/da\\\/kasino\\\/\"},{\"@type\":\"ListItem\",\"position\":3,\"name\":\"Sikkerhed p\u00e5 din online spillekonto\"}]},{\"@type\":\"WebSite\",\"@id\":\"https:\\\/\\\/gambling6.com\\\/da\\\/#website\",\"url\":\"https:\\\/\\\/gambling6.com\\\/da\\\/\",\"name\":\"Gambling6\",\"description\":\"\",\"potentialAction\":[{\"@type\":\"SearchAction\",\"target\":{\"@type\":\"EntryPoint\",\"urlTemplate\":\"https:\\\/\\\/gambling6.com\\\/da\\\/?s={search_term_string}\"},\"query-input\":{\"@type\":\"PropertyValueSpecification\",\"valueRequired\":true,\"valueName\":\"search_term_string\"}}],\"inLanguage\":\"da-DK\"}]}<\/script>\n<!-- \/ Yoast SEO plugin. -->","yoast_head_json":{"title":"Hvordan kan jeg holde min online casinokonto sikker","description":"Nyttige tips til sikkerhed ved online gambling, s\u00e5 du sikrer din casinokonto","robots":{"index":"index","follow":"follow","max-snippet":"max-snippet:-1","max-image-preview":"max-image-preview:large","max-video-preview":"max-video-preview:-1"},"canonical":"https:\/\/gambling6.com\/da\/kasino\/sikkerhed-pa-din-online-spillekonto\/","og_locale":"da_DK","og_type":"article","og_title":"Hvordan kan jeg holde min online casinokonto sikker","og_description":"Nyttige tips til sikkerhed ved online gambling, s\u00e5 du sikrer din casinokonto","og_url":"https:\/\/gambling6.com\/da\/kasino\/sikkerhed-pa-din-online-spillekonto\/","og_site_name":"Gambling6","article_modified_time":"2025-11-15T09:58:02+00:00","og_image":[{"width":320,"height":213,"url":"https:\/\/gambling6.com\/wp-content\/uploads\/2022\/04\/1_play_euromillions_online3.jpg","type":"image\/jpeg"}],"twitter_card":"summary_large_image","twitter_misc":{"Estimeret l\u00e6setid":"3 minutter"},"schema":{"@context":"https:\/\/schema.org","@graph":[{"@type":"WebPage","@id":"https:\/\/gambling6.com\/da\/kasino\/sikkerhed-pa-din-online-spillekonto\/","url":"https:\/\/gambling6.com\/da\/kasino\/sikkerhed-pa-din-online-spillekonto\/","name":"Hvordan kan jeg holde min online casinokonto sikker","isPartOf":{"@id":"https:\/\/gambling6.com\/da\/#website"},"primaryImageOfPage":{"@id":"https:\/\/gambling6.com\/da\/kasino\/sikkerhed-pa-din-online-spillekonto\/#primaryimage"},"image":{"@id":"https:\/\/gambling6.com\/da\/kasino\/sikkerhed-pa-din-online-spillekonto\/#primaryimage"},"thumbnailUrl":"https:\/\/gambling6.com\/wp-content\/uploads\/2022\/04\/1_play_euromillions_online3-300x200.jpg","datePublished":"2025-11-08T07:51:01+00:00","dateModified":"2025-11-15T09:58:02+00:00","description":"Nyttige tips til sikkerhed ved online gambling, s\u00e5 du sikrer din casinokonto","breadcrumb":{"@id":"https:\/\/gambling6.com\/da\/kasino\/sikkerhed-pa-din-online-spillekonto\/#breadcrumb"},"inLanguage":"da-DK","potentialAction":[{"@type":"ReadAction","target":["https:\/\/gambling6.com\/da\/kasino\/sikkerhed-pa-din-online-spillekonto\/"]}]},{"@type":"ImageObject","inLanguage":"da-DK","@id":"https:\/\/gambling6.com\/da\/kasino\/sikkerhed-pa-din-online-spillekonto\/#primaryimage","url":"https:\/\/gambling6.com\/wp-content\/uploads\/2022\/04\/1_play_euromillions_online3-300x200.jpg","contentUrl":"https:\/\/gambling6.com\/wp-content\/uploads\/2022\/04\/1_play_euromillions_online3-300x200.jpg"},{"@type":"BreadcrumbList","@id":"https:\/\/gambling6.com\/da\/kasino\/sikkerhed-pa-din-online-spillekonto\/#breadcrumb","itemListElement":[{"@type":"ListItem","position":1,"name":"Home","item":"https:\/\/gambling6.com\/da\/home\/"},{"@type":"ListItem","position":2,"name":"Kasino","item":"https:\/\/gambling6.com\/da\/kasino\/"},{"@type":"ListItem","position":3,"name":"Sikkerhed p\u00e5 din online spillekonto"}]},{"@type":"WebSite","@id":"https:\/\/gambling6.com\/da\/#website","url":"https:\/\/gambling6.com\/da\/","name":"Gambling6","description":"","potentialAction":[{"@type":"SearchAction","target":{"@type":"EntryPoint","urlTemplate":"https:\/\/gambling6.com\/da\/?s={search_term_string}"},"query-input":{"@type":"PropertyValueSpecification","valueRequired":true,"valueName":"search_term_string"}}],"inLanguage":"da-DK"}]}},"_links":{"self":[{"href":"https:\/\/gambling6.com\/da\/wp-json\/wp\/v2\/pages\/8826","targetHints":{"allow":["GET"]}}],"collection":[{"href":"https:\/\/gambling6.com\/da\/wp-json\/wp\/v2\/pages"}],"about":[{"href":"https:\/\/gambling6.com\/da\/wp-json\/wp\/v2\/types\/page"}],"author":[{"embeddable":true,"href":"https:\/\/gambling6.com\/da\/wp-json\/wp\/v2\/users\/1"}],"replies":[{"embeddable":true,"href":"https:\/\/gambling6.com\/da\/wp-json\/wp\/v2\/comments?post=8826"}],"version-history":[{"count":2,"href":"https:\/\/gambling6.com\/da\/wp-json\/wp\/v2\/pages\/8826\/revisions"}],"predecessor-version":[{"id":10908,"href":"https:\/\/gambling6.com\/da\/wp-json\/wp\/v2\/pages\/8826\/revisions\/10908"}],"up":[{"embeddable":true,"href":"https:\/\/gambling6.com\/da\/wp-json\/wp\/v2\/pages\/8281"}],"wp:attachment":[{"href":"https:\/\/gambling6.com\/da\/wp-json\/wp\/v2\/media?parent=8826"}],"curies":[{"name":"wp","href":"https:\/\/api.w.org\/{rel}","templated":true}]}}